{"id":36938,"date":"2021-06-05T11:05:17","date_gmt":"2021-06-05T09:05:17","guid":{"rendered":"https:\/\/teiaeducation.ch\/?post_type=product&#038;p=36938"},"modified":"2026-03-13T14:18:41","modified_gmt":"2026-03-13T13:18:41","slug":"felting-needles-gluckskafer","status":"publish","type":"product","link":"https:\/\/teiaeducation.ch\/fr\/produit\/felting-needles-gluckskafer\/","title":{"rendered":"Felting needles &#8211; Gl\u00fccksk\u00e4fer"},"content":{"rendered":"<p>Gl\u00fccksk\u00e4fer&#8217;s set of 6 metal felting needles are specialist Waldorf handwork crafting tools for various wet and dry felting craft projects. Felting is a wonderful way to make your own beautiful toys and decorations and have fun crafting with older children! The set includes three different thicknesses of needle:\u00a0 2 coarse, 2 medium and 2 fine needles. A wooden felting needle <a href=\"https:\/\/teiaeducation.ch\/product\/felting-needle-holder-gluckskafer\/\">holder<\/a> is also available separately in our shop.<\/p>\n<p>Wet and dry felting and working with natural <a href=\"https:\/\/teiaeducation.ch\/product\/plant-dyed-felting-wool-50g-fairytale-mix-gluckskafer\/\">wool<\/a> and plant dyed fibres are all important part of <a href=\"https:\/\/teiaeducation.ch\/product-category\/education-method\/waldorf\/\">Waldorf<\/a> Steiner Education. Needle felting is a highly tactile experience and a fun, creative Waldorf handwork activity. It is taught in Waldorf Schools worldwide beginning from the age of 7 or 10, and projects can range from beginner to advanced.<\/p>\n<p>These specialist felting needles are designed to matt and lock fibres together. They are longer than sewing needles with a curved end instead of an eye and tiny notches or barbs along the shaft to catch and drag the fibres.<\/p>\n<p>German brand Gl\u00fccksk\u00e4fer are well-known in Waldorf and Montessori education for their child-size, real tools specially designed to help children grow in independence.<\/p>\n<p>Please note children must be supervised by an adult until they have mastered the felting techniques and using the felting tools safely. Manufacturer recommended age: 14+.<\/p>\n<p>Attention! Not suitable for children under 36 months due to the risk of impact in the throat area with sharp objects.<\/p>\n<p>Contents:<\/p>\n<p>6 felting needles (2 coarse, 2 medium, 2 fine)<\/p>\n<h2>About Gl\u00fccksk\u00e4fer<\/h2>\n<p>German brand Gl\u00fccksk\u00e4fer is a small, ethical, family-run company that has been producing high-quality traditional\u00a0toys\u00a0for over 60 years. Designed following\u00a0<a href=\"https:\/\/teiaeducation.ch\/product-category\/education-method\/waldorf-steiner-toys-craft-materials\/\">Waldorf<\/a>\u00a0and\u00a0<a href=\"https:\/\/teiaeducation.ch\/product-category\/education-method\/the-montessori-pedagogy-materials-toys\/\">Montessori<\/a> principles and in collaboration with pedagogues, parents, doctors and midwives, the beautiful handmade Gl\u00fccksk\u00e4fer <a href=\"https:\/\/teiaeducation.ch\/product-category\/hgh-quality-toys-play\/\">toys<\/a>\u00a0aim to promote a child\u2019s development through creative and independent play. Their range of handmade toys and colourful play sets are a beautiful addition to toy shelves, a play room or to be featured in a window still!<\/p>\n<p>Ideal for playing with at home, nursery, Waldorf or <a href=\"https:\/\/teiaeducation.ch\/waldorf-steiner-schools-supplies\/\">Rudolf Steiner school<\/a>, the range of <a href=\"https:\/\/teiaeducation.ch\/product-category\/brands\/gluckskafer\/\">Gl\u00fccksk\u00e4fer<\/a> colourful shapes toys are\u00a0crafted by hand according to the <a href=\"https:\/\/teiaeducation.ch\/product-category\/hgh-quality-toys-play\/waldorf-toys\/\">Waldorf<\/a> philosophy which is well-known to encourage children to discover creative play independently and without limitations. The <a href=\"https:\/\/teiaeducation.ch\/product-category\/hgh-quality-toys-play\/handmade-wooden-toys\/\">wooden toys<\/a> are coloured by hand with non-toxic water-based paints and are not finished with lacquer to ensure the original characteristics of the wood and the grain shows through. The surface of the FSC certified European wood pieces are left slightly rough making them fully stackable and less slippery.<\/p>\n<p>Gl\u00fccksk\u00e4fer&#8217;s Waldorf-inspired wooden toys, range of children\u2019s tools, <a href=\"https:\/\/teiaeducation.ch\/product-category\/play\/imaginative-role-play\/\">pretend play<\/a> toys, children\u2019s furniture, wooden\u00a0<a href=\"https:\/\/teiaeducation.ch\/product-category\/celebrations\/birthdays\/\">birthday<\/a>\u00a0decorations and Waldorf <a href=\"https:\/\/teiaeducation.ch\/product-category\/creative-art-craft\/crafting-tools-storage\/\">crafting tools<\/a> are designed in Germany and made in Europe. The brand is part of traditional German toy makers Nic Toys, renowned for the highest standards of quality products designed to support child development manufactured ethically and sustainably.<\/p>\n<p>Each Gl\u00fccksk\u00e4fer toy is\u00a0CE certified and complies with the European standard for toy safety (EN 71).<\/p>\n","protected":false},"excerpt":{"rendered":"<p>Item number: 540030<\/p>\n<p>Gl\u00fccksk\u00e4fer&#8217;s felting needles are crafting tools for wet and dry felting in Waldorf handwork and crafts. They are sustainably made in Europe.<\/p>\n","protected":false},"featured_media":36939,"comment_status":"open","ping_status":"closed","template":"","meta":[],"product_brand":[32328],"product_cat":[97,119,10245,19624,7061,19608,12030,5155,120,95,870,22274],"product_tag":[19716,19711,19718,19712,19723,19722,19714,11948,18167,19717,19719,19713,19720,19721,19715],"class_list":{"0":"post-36938","1":"product","2":"type-product","3":"status-publish","4":"has-post-thumbnail","6":"product_brand-gluckskafer","7":"product_cat-6-12-years-primary","8":"product_cat-age-range","9":"product_cat-creative-art-craft","10":"product_cat-crafting-tools-storage","11":"product_cat-learning-materials-toys-montessori-waldorf-froebel","12":"product_cat-felting","13":"product_cat-gluckskafer-brands","14":"product_cat-new-arrivals","15":"product_cat-brands","16":"product_cat-practical-life-exercises","17":"product_cat-waldorf-steiner-toys-craft-materials","18":"product_cat-winter-collection","19":"product_tag-dry-felting-tools","20":"product_tag-felting-needles","21":"product_tag-felting-needles-made-in-europe","22":"product_tag-felting-needles-switzerland","23":"product_tag-felting-supplies","24":"product_tag-felting-supplies-switzerland","25":"product_tag-felting-tools","26":"product_tag-gluckskafer","27":"product_tag-made-in-europe","28":"product_tag-sustainable-crafts","29":"product_tag-waldorf-felting","30":"product_tag-waldorf-handcraft-tools","31":"product_tag-waldorf-handcrafts","32":"product_tag-waldorf-supplies","33":"product_tag-wet-felting-tools","35":"first","36":"outofstock","37":"taxable","38":"shipping-taxable","39":"purchasable","40":"product-type-simple"},"yoast_head":"<!-- This site is optimized with the Yoast SEO plugin v27.1.1 - https:\/\/yoast.com\/product\/yoast-seo-wordpress\/ -->\n<title>Felting needles - Gl\u00fccksk\u00e4fer - Teia Education &amp; Play<\/title>\n<meta name=\"description\" content=\"Gl\u00fccksk\u00e4fer&#039;s felting needles are crafting tools for wet and dry felting in Waldorf handwork and crafts. They are sustainably made in Europe.\" \/>\n<meta name=\"robots\" content=\"index, follow, max-snippet:-1, max-image-preview:large, max-video-preview:-1\" \/>\n<link rel=\"canonical\" href=\"https:\/\/teiaeducation.ch\/fr\/produit\/felting-needles-gluckskafer\/\" \/>\n<meta property=\"og:locale\" content=\"fr_FR\" \/>\n<meta property=\"og:type\" content=\"article\" \/>\n<meta property=\"og:title\" content=\"Felting needles - Gl\u00fccksk\u00e4fer - Teia Education &amp; Play\" \/>\n<meta property=\"og:description\" content=\"Gl\u00fccksk\u00e4fer&#039;s felting needles are crafting tools for wet and dry felting in Waldorf handwork and crafts. They are sustainably made in Europe.\" \/>\n<meta property=\"og:url\" content=\"https:\/\/teiaeducation.ch\/fr\/produit\/felting-needles-gluckskafer\/\" \/>\n<meta property=\"og:site_name\" content=\"Sustainable Educational Products &amp; Ecological Toys\u00a0\" \/>\n<meta property=\"article:publisher\" content=\"https:\/\/www.facebook.com\/teiaeducation\/\" \/>\n<meta property=\"article:modified_time\" content=\"2026-03-13T13:18:41+00:00\" \/>\n<meta property=\"og:image\" content=\"https:\/\/teiaeducation.ch\/wp-content\/uploads\/2021\/06\/Felting-needles-Gluckskafer.jpg\" \/>\n\t<meta property=\"og:image:width\" content=\"575\" \/>\n\t<meta property=\"og:image:height\" content=\"575\" \/>\n\t<meta property=\"og:image:type\" content=\"image\/jpeg\" \/>\n<script type=\"application\/ld+json\" class=\"yoast-schema-graph\">{\"@context\":\"https:\/\/schema.org\",\"@graph\":[{\"@type\":\"WebPage\",\"@id\":\"https:\/\/teiaeducation.ch\/fr\/produit\/felting-needles-gluckskafer\/\",\"url\":\"https:\/\/teiaeducation.ch\/fr\/produit\/felting-needles-gluckskafer\/\",\"name\":\"Felting needles - Gl\u00fccksk\u00e4fer - Teia Education & Play\",\"isPartOf\":{\"@id\":\"https:\/\/teiaeducation.ch\/fr\/#website\"},\"primaryImageOfPage\":{\"@id\":\"https:\/\/teiaeducation.ch\/fr\/produit\/felting-needles-gluckskafer\/#primaryimage\"},\"image\":{\"@id\":\"https:\/\/teiaeducation.ch\/fr\/produit\/felting-needles-gluckskafer\/#primaryimage\"},\"thumbnailUrl\":\"https:\/\/teiaeducation.ch\/wp-content\/uploads\/2021\/06\/Felting-needles-Gluckskafer.jpg\",\"datePublished\":\"2021-06-05T09:05:17+00:00\",\"dateModified\":\"2026-03-13T13:18:41+00:00\",\"description\":\"Gl\u00fccksk\u00e4fer's felting needles are crafting tools for wet and dry felting in Waldorf handwork and crafts. They are sustainably made in Europe.\",\"breadcrumb\":{\"@id\":\"https:\/\/teiaeducation.ch\/fr\/produit\/felting-needles-gluckskafer\/#breadcrumb\"},\"inLanguage\":\"fr-FR\",\"potentialAction\":[{\"@type\":\"ReadAction\",\"target\":[\"https:\/\/teiaeducation.ch\/fr\/produit\/felting-needles-gluckskafer\/\"]}]},{\"@type\":\"ImageObject\",\"inLanguage\":\"fr-FR\",\"@id\":\"https:\/\/teiaeducation.ch\/fr\/produit\/felting-needles-gluckskafer\/#primaryimage\",\"url\":\"https:\/\/teiaeducation.ch\/wp-content\/uploads\/2021\/06\/Felting-needles-Gluckskafer.jpg\",\"contentUrl\":\"https:\/\/teiaeducation.ch\/wp-content\/uploads\/2021\/06\/Felting-needles-Gluckskafer.jpg\",\"width\":575,\"height\":575,\"caption\":\"Felting needles \/ Waldorf handwork tools - Gl\u00fccksk\u00e4fer\"},{\"@type\":\"BreadcrumbList\",\"@id\":\"https:\/\/teiaeducation.ch\/fr\/produit\/felting-needles-gluckskafer\/#breadcrumb\",\"itemListElement\":[{\"@type\":\"ListItem\",\"position\":1,\"name\":\"Home\",\"item\":\"https:\/\/teiaeducation.ch\/fr\/\"},{\"@type\":\"ListItem\",\"position\":2,\"name\":\"Boutique Teia Education &amp; Play\",\"item\":\"https:\/\/teiaeducation.ch\/fr\/boutique\/\"},{\"@type\":\"ListItem\",\"position\":3,\"name\":\"Nos Marques\",\"item\":\"https:\/\/teiaeducation.ch\/fr\/categorie-produit\/marques\/\"},{\"@type\":\"ListItem\",\"position\":4,\"name\":\"Gl\u00fccksk\u00e4fer\",\"item\":\"https:\/\/teiaeducation.ch\/fr\/categorie-produit\/marques\/gluckskafer-fr\/\"},{\"@type\":\"ListItem\",\"position\":5,\"name\":\"Felting needles &#8211; Gl\u00fccksk\u00e4fer\"}]},{\"@type\":\"WebSite\",\"@id\":\"https:\/\/teiaeducation.ch\/fr\/#website\",\"url\":\"https:\/\/teiaeducation.ch\/fr\/\",\"name\":\"Sustainable Educational Products &amp; Ecological Toys\u00a0\",\"description\":\"Specialised Swiss shop selling sustainable educational toys and games, AMI certified Montessori materials, handmade ecological wooden Waldorf toys and arts &amp; crafts supplies, school supplies, children&#039;s furniture and Montessori reference and parenting books.\",\"publisher\":{\"@id\":\"https:\/\/teiaeducation.ch\/fr\/#organization\"},\"alternateName\":\"Teia Education & Play\",\"potentialAction\":[{\"@type\":\"SearchAction\",\"target\":{\"@type\":\"EntryPoint\",\"urlTemplate\":\"https:\/\/teiaeducation.ch\/fr\/?s={search_term_string}\"},\"query-input\":{\"@type\":\"PropertyValueSpecification\",\"valueRequired\":true,\"valueName\":\"search_term_string\"}}],\"inLanguage\":\"fr-FR\"},{\"@type\":\"Organization\",\"@id\":\"https:\/\/teiaeducation.ch\/fr\/#organization\",\"name\":\"Teia Education & Play\",\"url\":\"https:\/\/teiaeducation.ch\/fr\/\",\"logo\":{\"@type\":\"ImageObject\",\"inLanguage\":\"fr-FR\",\"@id\":\"https:\/\/teiaeducation.ch\/fr\/#\/schema\/logo\/image\/\",\"url\":\"https:\/\/teiaeducation.ch\/wp-content\/uploads\/2020\/11\/Teia-Education-Switzerland-e1620156442216.jpg\",\"contentUrl\":\"https:\/\/teiaeducation.ch\/wp-content\/uploads\/2020\/11\/Teia-Education-Switzerland-e1620156442216.jpg\",\"width\":166,\"height\":145,\"caption\":\"Teia Education & Play\"},\"image\":{\"@id\":\"https:\/\/teiaeducation.ch\/fr\/#\/schema\/logo\/image\/\"},\"sameAs\":[\"https:\/\/www.facebook.com\/teiaeducation\/\",\"https:\/\/x.com\/EducationTeia\",\"https:\/\/www.instagram.com\/teia.education\/\",\"https:\/\/www.linkedin.com\/company\/35501660\",\"https:\/\/www.pinterest.ch\/TeiaEducation\/\"]}]}<\/script>\n<!-- \/ Yoast SEO plugin. -->","yoast_head_json":{"title":"Felting needles - Gl\u00fccksk\u00e4fer - Teia Education & Play","description":"Gl\u00fccksk\u00e4fer's felting needles are crafting tools for wet and dry felting in Waldorf handwork and crafts. They are sustainably made in Europe.","robots":{"index":"index","follow":"follow","max-snippet":"max-snippet:-1","max-image-preview":"max-image-preview:large","max-video-preview":"max-video-preview:-1"},"canonical":"https:\/\/teiaeducation.ch\/fr\/produit\/felting-needles-gluckskafer\/","og_locale":"fr_FR","og_type":"article","og_title":"Felting needles - Gl\u00fccksk\u00e4fer - Teia Education & Play","og_description":"Gl\u00fccksk\u00e4fer's felting needles are crafting tools for wet and dry felting in Waldorf handwork and crafts. They are sustainably made in Europe.","og_url":"https:\/\/teiaeducation.ch\/fr\/produit\/felting-needles-gluckskafer\/","og_site_name":"Sustainable Educational Products &amp; Ecological Toys\u00a0","article_publisher":"https:\/\/www.facebook.com\/teiaeducation\/","article_modified_time":"2026-03-13T13:18:41+00:00","og_image":[{"width":575,"height":575,"url":"https:\/\/teiaeducation.ch\/wp-content\/uploads\/2021\/06\/Felting-needles-Gluckskafer.jpg","type":"image\/jpeg"}],"schema":{"@context":"https:\/\/schema.org","@graph":[{"@type":"WebPage","@id":"https:\/\/teiaeducation.ch\/fr\/produit\/felting-needles-gluckskafer\/","url":"https:\/\/teiaeducation.ch\/fr\/produit\/felting-needles-gluckskafer\/","name":"Felting needles - Gl\u00fccksk\u00e4fer - Teia Education & Play","isPartOf":{"@id":"https:\/\/teiaeducation.ch\/fr\/#website"},"primaryImageOfPage":{"@id":"https:\/\/teiaeducation.ch\/fr\/produit\/felting-needles-gluckskafer\/#primaryimage"},"image":{"@id":"https:\/\/teiaeducation.ch\/fr\/produit\/felting-needles-gluckskafer\/#primaryimage"},"thumbnailUrl":"https:\/\/teiaeducation.ch\/wp-content\/uploads\/2021\/06\/Felting-needles-Gluckskafer.jpg","datePublished":"2021-06-05T09:05:17+00:00","dateModified":"2026-03-13T13:18:41+00:00","description":"Gl\u00fccksk\u00e4fer's felting needles are crafting tools for wet and dry felting in Waldorf handwork and crafts. They are sustainably made in Europe.","breadcrumb":{"@id":"https:\/\/teiaeducation.ch\/fr\/produit\/felting-needles-gluckskafer\/#breadcrumb"},"inLanguage":"fr-FR","potentialAction":[{"@type":"ReadAction","target":["https:\/\/teiaeducation.ch\/fr\/produit\/felting-needles-gluckskafer\/"]}]},{"@type":"ImageObject","inLanguage":"fr-FR","@id":"https:\/\/teiaeducation.ch\/fr\/produit\/felting-needles-gluckskafer\/#primaryimage","url":"https:\/\/teiaeducation.ch\/wp-content\/uploads\/2021\/06\/Felting-needles-Gluckskafer.jpg","contentUrl":"https:\/\/teiaeducation.ch\/wp-content\/uploads\/2021\/06\/Felting-needles-Gluckskafer.jpg","width":575,"height":575,"caption":"Felting needles \/ Waldorf handwork tools - Gl\u00fccksk\u00e4fer"},{"@type":"BreadcrumbList","@id":"https:\/\/teiaeducation.ch\/fr\/produit\/felting-needles-gluckskafer\/#breadcrumb","itemListElement":[{"@type":"ListItem","position":1,"name":"Home","item":"https:\/\/teiaeducation.ch\/fr\/"},{"@type":"ListItem","position":2,"name":"Boutique Teia Education &amp; Play","item":"https:\/\/teiaeducation.ch\/fr\/boutique\/"},{"@type":"ListItem","position":3,"name":"Nos Marques","item":"https:\/\/teiaeducation.ch\/fr\/categorie-produit\/marques\/"},{"@type":"ListItem","position":4,"name":"Gl\u00fccksk\u00e4fer","item":"https:\/\/teiaeducation.ch\/fr\/categorie-produit\/marques\/gluckskafer-fr\/"},{"@type":"ListItem","position":5,"name":"Felting needles &#8211; Gl\u00fccksk\u00e4fer"}]},{"@type":"WebSite","@id":"https:\/\/teiaeducation.ch\/fr\/#website","url":"https:\/\/teiaeducation.ch\/fr\/","name":"Sustainable Educational Products &amp; Ecological Toys\u00a0","description":"Specialised Swiss shop selling sustainable educational toys and games, AMI certified Montessori materials, handmade ecological wooden Waldorf toys and arts &amp; crafts supplies, school supplies, children&#039;s furniture and Montessori reference and parenting books.","publisher":{"@id":"https:\/\/teiaeducation.ch\/fr\/#organization"},"alternateName":"Teia Education & Play","potentialAction":[{"@type":"SearchAction","target":{"@type":"EntryPoint","urlTemplate":"https:\/\/teiaeducation.ch\/fr\/?s={search_term_string}"},"query-input":{"@type":"PropertyValueSpecification","valueRequired":true,"valueName":"search_term_string"}}],"inLanguage":"fr-FR"},{"@type":"Organization","@id":"https:\/\/teiaeducation.ch\/fr\/#organization","name":"Teia Education & Play","url":"https:\/\/teiaeducation.ch\/fr\/","logo":{"@type":"ImageObject","inLanguage":"fr-FR","@id":"https:\/\/teiaeducation.ch\/fr\/#\/schema\/logo\/image\/","url":"https:\/\/teiaeducation.ch\/wp-content\/uploads\/2020\/11\/Teia-Education-Switzerland-e1620156442216.jpg","contentUrl":"https:\/\/teiaeducation.ch\/wp-content\/uploads\/2020\/11\/Teia-Education-Switzerland-e1620156442216.jpg","width":166,"height":145,"caption":"Teia Education & Play"},"image":{"@id":"https:\/\/teiaeducation.ch\/fr\/#\/schema\/logo\/image\/"},"sameAs":["https:\/\/www.facebook.com\/teiaeducation\/","https:\/\/x.com\/EducationTeia","https:\/\/www.instagram.com\/teia.education\/","https:\/\/www.linkedin.com\/company\/35501660","https:\/\/www.pinterest.ch\/TeiaEducation\/"]}]}},"_links":{"self":[{"href":"https:\/\/teiaeducation.ch\/fr\/wp-json\/wp\/v2\/product\/36938","targetHints":{"allow":["GET"]}}],"collection":[{"href":"https:\/\/teiaeducation.ch\/fr\/wp-json\/wp\/v2\/product"}],"about":[{"href":"https:\/\/teiaeducation.ch\/fr\/wp-json\/wp\/v2\/types\/product"}],"replies":[{"embeddable":true,"href":"https:\/\/teiaeducation.ch\/fr\/wp-json\/wp\/v2\/comments?post=36938"}],"wp:featuredmedia":[{"embeddable":true,"href":"https:\/\/teiaeducation.ch\/fr\/wp-json\/wp\/v2\/media\/36939"}],"wp:attachment":[{"href":"https:\/\/teiaeducation.ch\/fr\/wp-json\/wp\/v2\/media?parent=36938"}],"wp:term":[{"taxonomy":"product_brand","embeddable":true,"href":"https:\/\/teiaeducation.ch\/fr\/wp-json\/wp\/v2\/product_brand?post=36938"},{"taxonomy":"product_cat","embeddable":true,"href":"https:\/\/teiaeducation.ch\/fr\/wp-json\/wp\/v2\/product_cat?post=36938"},{"taxonomy":"product_tag","embeddable":true,"href":"https:\/\/teiaeducation.ch\/fr\/wp-json\/wp\/v2\/product_tag?post=36938"}],"curies":[{"name":"wp","href":"https:\/\/api.w.org\/{rel}","templated":true}]}}