{"id":36957,"date":"2020-12-04T17:15:29","date_gmt":"2020-12-04T16:15:29","guid":{"rendered":"https:\/\/teiaeducation.ch\/product\/jeu-de-construction-meteo-grimms\/"},"modified":"2025-07-09T11:12:26","modified_gmt":"2025-07-09T09:12:26","slug":"construction-meteo-set-grimms","status":"publish","type":"product","link":"https:\/\/teiaeducation.ch\/fr\/produit\/construction-meteo-set-grimms\/","title":{"rendered":"Jeu de construction m\u00e9t\u00e9o &#8211; Grimm&#8217;s"},"content":{"rendered":"<p>Jeu de construction m\u00e9t\u00e9orologique \/ Blocs de construction en bois organiques faits main et durables &#8211; Grimm&#8217;s<\/p>\n<p>Le jeu de construction m\u00e9t\u00e9orologique de Grimm&#8217;s est un jeu tout simplement \u00e9tonnant, compos\u00e9 de <a href=\"https:\/\/teiaeducation.ch\/product-category\/play\/wooden-building-blocks\/\">blocs de construction<\/a> en bois de forme organique fabriqu\u00e9s \u00e0 la main et durables, con\u00e7us pour donner vie au sujet abstrait de la m\u00e9t\u00e9o pour les enfants dans le cadre d&#8217;un apprentissage pratique et amusant.<\/p>\n<p>Avec ses 13 pi\u00e8ces joliment fa\u00e7onn\u00e9es et peintes \u00e0 la main, les enfants peuvent ajouter des nuages, des soleils, des orages, du vent et de la neige \u00e0 leurs jeux et \u00e0 leurs histoires. Les pi\u00e8ces s&#8217;empilent les unes sur les autres et sont \u00e9galement con\u00e7ues pour s&#8217;adapter parfaitement aux grands arcs-en-ciel de Grimm&#8217;s.<\/p>\n<p>Le jeu de blocs de construction m\u00e9t\u00e9o Grimm&#8217;s est fabriqu\u00e9 en bois de tilleul et est peint \u00e0 la main avec une teinture non toxique \u00e0 base d&#8217;eau, ce qui le rend s\u00fbr pour les jeunes enfants. Les pi\u00e8ces mesurent entre 5,4 et 21 cm de largeur et entre 6 et 13,8 cm de hauteur.<\/p>\n<p>Cet ensemble offre des possibilit\u00e9s infinies de jeu cr\u00e9atif, de raconter des histoires sur la m\u00e9t\u00e9o, de faire des sculptures et d&#8217;affiner la motricit\u00e9 fine. Il constitue \u00e9galement un magnifique ajout d\u00e9coratif \u00e0 toute salle de jeux, salle de classe ou chambre d&#8217;enfant.<\/p>\n<p>Id\u00e9al pour jouer \u00e0 la maison, \u00e0 la cr\u00e8che, \u00e0 Waldorf ou \u00e0 l\u2019\u00e9cole Steiner, les beaux jouets en bois naturel de Grimm&#8217;s sont fabriqu\u00e9s selon la philosophie Waldorf qui est bien connue pour encourager les enfants \u00e0 d\u00e9couvrir le jeu cr\u00e9atif de mani\u00e8re ind\u00e9pendante, sans limitations et \u00e0 un rythme effr\u00e9n\u00e9. Les jouets en bois de Grimm&#8217;s sont color\u00e9s \u00e0 la main avec des peintures \u00e0 base d\u2019eau non toxiques et ne sont pas finis avec de la laque pour assurer les caract\u00e9ristiques originales du bois et pour qu&#8217;on puisse voir le grain \u00e0 travers. La surface des jouets fabriqu\u00e9s \u00e0 partir de bois europ\u00e9ens certifi\u00e9 FSC est laiss\u00e9e l\u00e9g\u00e8rement rugueuse, ce qui les rend plus facilement empilables et moins glissants.<\/p>\n<p>Les jouets en bois de Grimm&#8217;s sont fabriqu\u00e9s dans les manufacture de Grimm&#8217;s en Allemagne ainsi que dans plusieurs ateliers \u00e0 travers l\u2019Europe \u00e0 partir de diff\u00e9rents types de bois tels que l\u2019aulne, la chaux, le h\u00eatre et l\u2019\u00e9rable. Tout le bois utilis\u00e9 pour fabriquer les jouets de Grimm&#8217;s provient de for\u00eats europ\u00e9ennes g\u00e9r\u00e9es de mani\u00e8re durable.<\/p>\n<p>Veuillez noter que les jouets de Grimm&#8217;s sont toujours uniques, et portent des marques uniques faites par la nature. Le grain du bois a des structures et des couleurs changeantes qui servent de preuve de ses origines naturelles. Les variations uniques, les marques, les noeuds, les motifs, les rayures noires ou les taches sombres qui peuvent \u00eatre visibles dans le bois des jouets de Grimm&#8217;s sont une preuve de qualit\u00e9, et non des d\u00e9fauts.<\/p>\n<p>Le jeu de construction m\u00e9t\u00e9orologique Grimm&#8217;s est recommand\u00e9 pour les enfants \u00e2g\u00e9s de 3 ans et plus.<\/p>\n<p>Avertissement! RISQUE D\u2019\u00c9TOUFFEMENT &#8211; Petites pi\u00e8ces. Pas adapt\u00e9 pour les enfants de moins de 3 ans.<\/p>\n<p>Contenu :<\/p>\n<p>13 pi\u00e8ces en bois<\/p>\n","protected":false},"excerpt":{"rendered":"<p>Num\u00e9ro d&#8217;article : gri10678<\/p>\n<p>Le jeu de construction m\u00e9t\u00e9orologique de Grimm&#8217;s, compos\u00e9 de blocs de construction en bois de forme organique fabriqu\u00e9s \u00e0 la main, donne vie au th\u00e8me abstrait de la m\u00e9t\u00e9o pour les enfants !<\/p>\n","protected":false},"featured_media":32295,"comment_status":"open","ping_status":"closed","template":"","meta":[],"product_brand":[],"product_cat":[215,285,24876,13150,16898,17225,23635,22343,18893,22344,24872,284,283,17212,17241,21257,22421,13130,23020,23021,13140,7595,217,5851,13148,611,598,22348,212,1219],"product_tag":[17463,19741,8625,17465,17332,17334,17889,17335,19739,17462,17331,19740,17336,19744,19743,19742],"class_list":{"0":"post-36957","1":"product","2":"type-product","3":"status-publish","4":"has-post-thumbnail","6":"product_cat-3-6-ans","7":"product_cat-alphabetisation-langage","8":"product_cat-apprendre-decouvrir","9":"product_cat-blocs-de-construction-en-bois","10":"product_cat-collection-automne","11":"product_cat-celebrations-fr","12":"product_cat-collection-dete","13":"product_cat-collection-hiver","14":"product_cat-collection-printemps","15":"product_cat-collections-saisonnieres","16":"product_cat-construction-mondes-arc-en-ciel","17":"product_cat-culture-sciences","18":"product_cat-domaines-du-curriculum","19":"product_cat-grimms-fr","20":"product_cat-guide-cadeaux-3-6-ans","21":"product_cat-guides-cadeaux","22":"product_cat-idees-cadeaux-pour-paques","23":"product_cat-jouer","24":"product_cat-jouets-en-bois","25":"product_cat-jouets-waldorf","26":"product_cat-jeu-libre","27":"product_cat-methode-deducation","28":"product_cat-marques","29":"product_cat-nouveautes","30":"product_cat-puzzles-en-bois","31":"product_cat-raconter-des-histoires","32":"product_cat-saisons-meteo","33":"product_cat-natur-saisonale-tische","34":"product_cat-tranche-dage","35":"product_cat-waldorf-fr","36":"product_tag-assortiment-de-blocs-de-construction-en-bois-de-grimm","37":"product_tag-blocs-de-construction-meteorologiques","38":"product_tag-fabrique-en-allemagne","39":"product_tag-formes-organiques-grimm","40":"product_tag-grimm-suisse","41":"product_tag-grimm-suisse-fr","42":"product_tag-grimms-fr","43":"product_tag-grimme-suisse","44":"product_tag-jeu-de-construction-meteo-grimms","45":"product_tag-jeux-libres-en-bois","46":"product_tag-jouets-en-bois-waldorf","47":"product_tag-le-temps-de-grimms","48":"product_tag-magasin-de-jouets-en-bois-grimm","49":"product_tag-materiaux-meteorologiques-waldorf","50":"product_tag-nuages-en-bois","51":"product_tag-soleil-en-bois","53":"first","54":"outofstock","55":"taxable","56":"shipping-taxable","57":"purchasable","58":"product-type-simple"},"yoast_head":"<!-- This site is optimized with the Yoast SEO Premium plugin v25.8 (Yoast SEO v27.4) - https:\/\/yoast.com\/product\/yoast-seo-premium-wordpress\/ -->\n<title>Jeu de construction m\u00e9t\u00e9o - Grimm&#039;s - Teia Education &amp; Play<\/title>\n<meta name=\"description\" content=\"Le jeu de construction m\u00e9t\u00e9orologique de Grimm&#039;s, compos\u00e9 de blocs de construction en bois de forme organique fabriqu\u00e9s \u00e0 la main, donne vie au th\u00e8me abstrait de la m\u00e9t\u00e9o pour les enfants !\" \/>\n<meta name=\"robots\" content=\"index, follow, max-snippet:-1, max-image-preview:large, max-video-preview:-1\" \/>\n<link rel=\"canonical\" href=\"https:\/\/teiaeducation.ch\/fr\/produit\/construction-meteo-set-grimms\/\" \/>\n<meta property=\"og:locale\" content=\"fr_FR\" \/>\n<meta property=\"og:type\" content=\"article\" \/>\n<meta property=\"og:title\" content=\"Jeu de construction m\u00e9t\u00e9o - Grimm&#039;s\" \/>\n<meta property=\"og:description\" content=\"Le jeu de construction m\u00e9t\u00e9orologique de Grimm&#039;s, compos\u00e9 de blocs de construction en bois de forme organique fabriqu\u00e9s \u00e0 la main, donne vie au th\u00e8me abstrait de la m\u00e9t\u00e9o pour les enfants !\" \/>\n<meta property=\"og:url\" content=\"https:\/\/teiaeducation.ch\/fr\/produit\/construction-meteo-set-grimms\/\" \/>\n<meta property=\"og:site_name\" content=\"Sustainable Educational Products &amp; Ecological Toys\u00a0\" \/>\n<meta property=\"article:publisher\" content=\"https:\/\/www.facebook.com\/teiaeducation\/\" \/>\n<meta property=\"article:modified_time\" content=\"2025-07-09T09:12:26+00:00\" \/>\n<meta property=\"og:image\" content=\"https:\/\/teiaeducation.ch\/wp-content\/uploads\/2020\/11\/Weather-building-set-Grimms.jpg\" \/>\n\t<meta property=\"og:image:width\" content=\"900\" \/>\n\t<meta property=\"og:image:height\" content=\"900\" \/>\n\t<meta property=\"og:image:type\" content=\"image\/jpeg\" \/>\n<script type=\"application\/ld+json\" class=\"yoast-schema-graph\">{\"@context\":\"https:\\\/\\\/schema.org\",\"@graph\":[{\"@type\":\"WebPage\",\"@id\":\"https:\\\/\\\/teiaeducation.ch\\\/fr\\\/produit\\\/construction-meteo-set-grimms\\\/\",\"url\":\"https:\\\/\\\/teiaeducation.ch\\\/fr\\\/produit\\\/construction-meteo-set-grimms\\\/\",\"name\":\"Jeu de construction m\u00e9t\u00e9o - Grimm's - Teia Education & Play\",\"isPartOf\":{\"@id\":\"https:\\\/\\\/teiaeducation.ch\\\/fr\\\/#website\"},\"primaryImageOfPage\":{\"@id\":\"https:\\\/\\\/teiaeducation.ch\\\/fr\\\/produit\\\/construction-meteo-set-grimms\\\/#primaryimage\"},\"image\":{\"@id\":\"https:\\\/\\\/teiaeducation.ch\\\/fr\\\/produit\\\/construction-meteo-set-grimms\\\/#primaryimage\"},\"thumbnailUrl\":\"https:\\\/\\\/teiaeducation.ch\\\/wp-content\\\/uploads\\\/2020\\\/11\\\/Weather-building-set-Grimms.jpg\",\"datePublished\":\"2020-12-04T16:15:29+00:00\",\"dateModified\":\"2025-07-09T09:12:26+00:00\",\"description\":\"Le jeu de construction m\u00e9t\u00e9orologique de Grimm's, compos\u00e9 de blocs de construction en bois de forme organique fabriqu\u00e9s \u00e0 la main, donne vie au th\u00e8me abstrait de la m\u00e9t\u00e9o pour les enfants !\",\"breadcrumb\":{\"@id\":\"https:\\\/\\\/teiaeducation.ch\\\/fr\\\/produit\\\/construction-meteo-set-grimms\\\/#breadcrumb\"},\"inLanguage\":\"fr-FR\",\"potentialAction\":[{\"@type\":\"ReadAction\",\"target\":[\"https:\\\/\\\/teiaeducation.ch\\\/fr\\\/produit\\\/construction-meteo-set-grimms\\\/\"]}]},{\"@type\":\"ImageObject\",\"inLanguage\":\"fr-FR\",\"@id\":\"https:\\\/\\\/teiaeducation.ch\\\/fr\\\/produit\\\/construction-meteo-set-grimms\\\/#primaryimage\",\"url\":\"https:\\\/\\\/teiaeducation.ch\\\/wp-content\\\/uploads\\\/2020\\\/11\\\/Weather-building-set-Grimms.jpg\",\"contentUrl\":\"https:\\\/\\\/teiaeducation.ch\\\/wp-content\\\/uploads\\\/2020\\\/11\\\/Weather-building-set-Grimms.jpg\",\"width\":900,\"height\":900,\"caption\":\"Blocs de construction en bois de forme organique faits \u00e0 la main Jeu de construction m\u00e9t\u00e9o - Grimm's\"},{\"@type\":\"BreadcrumbList\",\"@id\":\"https:\\\/\\\/teiaeducation.ch\\\/fr\\\/produit\\\/construction-meteo-set-grimms\\\/#breadcrumb\",\"itemListElement\":[{\"@type\":\"ListItem\",\"position\":1,\"name\":\"Home\",\"item\":\"https:\\\/\\\/teiaeducation.ch\\\/fr\\\/\"},{\"@type\":\"ListItem\",\"position\":2,\"name\":\"Boutique Teia Education &amp; Play\",\"item\":\"https:\\\/\\\/teiaeducation.ch\\\/fr\\\/boutique\\\/\"},{\"@type\":\"ListItem\",\"position\":3,\"name\":\"Nos Marques\",\"item\":\"https:\\\/\\\/teiaeducation.ch\\\/fr\\\/categorie-produit\\\/marques\\\/\"},{\"@type\":\"ListItem\",\"position\":4,\"name\":\"Grimm's\",\"item\":\"https:\\\/\\\/teiaeducation.ch\\\/fr\\\/categorie-produit\\\/marques\\\/grimms-fr\\\/\"},{\"@type\":\"ListItem\",\"position\":5,\"name\":\"Jeu de construction m\u00e9t\u00e9o &#8211; Grimm&#8217;s\"}]},{\"@type\":\"WebSite\",\"@id\":\"https:\\\/\\\/teiaeducation.ch\\\/fr\\\/#website\",\"url\":\"https:\\\/\\\/teiaeducation.ch\\\/fr\\\/\",\"name\":\"Sustainable Educational Products &amp; Ecological Toys\u00a0\",\"description\":\"Specialised Swiss shop selling sustainable educational toys and games, AMI certified Montessori materials, handmade ecological wooden Waldorf toys and arts &amp; crafts supplies, school supplies, children&#039;s furniture and Montessori reference and parenting books.\",\"publisher\":{\"@id\":\"https:\\\/\\\/teiaeducation.ch\\\/fr\\\/#organization\"},\"alternateName\":\"Teia Education & Play\",\"potentialAction\":[{\"@type\":\"SearchAction\",\"target\":{\"@type\":\"EntryPoint\",\"urlTemplate\":\"https:\\\/\\\/teiaeducation.ch\\\/fr\\\/?s={search_term_string}\"},\"query-input\":{\"@type\":\"PropertyValueSpecification\",\"valueRequired\":true,\"valueName\":\"search_term_string\"}}],\"inLanguage\":\"fr-FR\"},{\"@type\":\"Organization\",\"@id\":\"https:\\\/\\\/teiaeducation.ch\\\/fr\\\/#organization\",\"name\":\"Teia Education & Play\",\"url\":\"https:\\\/\\\/teiaeducation.ch\\\/fr\\\/\",\"logo\":{\"@type\":\"ImageObject\",\"inLanguage\":\"fr-FR\",\"@id\":\"https:\\\/\\\/teiaeducation.ch\\\/fr\\\/#\\\/schema\\\/logo\\\/image\\\/\",\"url\":\"https:\\\/\\\/teiaeducation.ch\\\/wp-content\\\/uploads\\\/2020\\\/11\\\/Teia-Education-Switzerland-e1620156442216.jpg\",\"contentUrl\":\"https:\\\/\\\/teiaeducation.ch\\\/wp-content\\\/uploads\\\/2020\\\/11\\\/Teia-Education-Switzerland-e1620156442216.jpg\",\"width\":166,\"height\":145,\"caption\":\"Teia Education & Play\"},\"image\":{\"@id\":\"https:\\\/\\\/teiaeducation.ch\\\/fr\\\/#\\\/schema\\\/logo\\\/image\\\/\"},\"sameAs\":[\"https:\\\/\\\/www.facebook.com\\\/teiaeducation\\\/\",\"https:\\\/\\\/x.com\\\/EducationTeia\",\"https:\\\/\\\/www.instagram.com\\\/teia.education\\\/\",\"https:\\\/\\\/www.linkedin.com\\\/company\\\/35501660\",\"https:\\\/\\\/www.pinterest.ch\\\/TeiaEducation\\\/\"]}]}<\/script>\n<meta property=\"product:price:amount\" content=\"54.90\" \/>\n<meta property=\"product:price:currency\" content=\"CHF\" \/>\n<meta property=\"og:availability\" content=\"out of stock\" \/>\n<meta property=\"product:availability\" content=\"out of stock\" \/>\n<meta property=\"product:retailer_item_id\" content=\"00000000000000000000000000000000000000000000032287\" \/>\n<meta property=\"product:condition\" content=\"new\" \/>\n<!-- \/ Yoast SEO Premium plugin. -->","yoast_head_json":{"title":"Jeu de construction m\u00e9t\u00e9o - Grimm's - Teia Education & Play","description":"Le jeu de construction m\u00e9t\u00e9orologique de Grimm's, compos\u00e9 de blocs de construction en bois de forme organique fabriqu\u00e9s \u00e0 la main, donne vie au th\u00e8me abstrait de la m\u00e9t\u00e9o pour les enfants !","robots":{"index":"index","follow":"follow","max-snippet":"max-snippet:-1","max-image-preview":"max-image-preview:large","max-video-preview":"max-video-preview:-1"},"canonical":"https:\/\/teiaeducation.ch\/fr\/produit\/construction-meteo-set-grimms\/","og_locale":"fr_FR","og_type":"article","og_title":"Jeu de construction m\u00e9t\u00e9o - Grimm's","og_description":"Le jeu de construction m\u00e9t\u00e9orologique de Grimm's, compos\u00e9 de blocs de construction en bois de forme organique fabriqu\u00e9s \u00e0 la main, donne vie au th\u00e8me abstrait de la m\u00e9t\u00e9o pour les enfants !","og_url":"https:\/\/teiaeducation.ch\/fr\/produit\/construction-meteo-set-grimms\/","og_site_name":"Sustainable Educational Products &amp; Ecological Toys\u00a0","article_publisher":"https:\/\/www.facebook.com\/teiaeducation\/","article_modified_time":"2025-07-09T09:12:26+00:00","og_image":[{"width":900,"height":900,"url":"https:\/\/teiaeducation.ch\/wp-content\/uploads\/2020\/11\/Weather-building-set-Grimms.jpg","type":"image\/jpeg"}],"schema":{"@context":"https:\/\/schema.org","@graph":[{"@type":"WebPage","@id":"https:\/\/teiaeducation.ch\/fr\/produit\/construction-meteo-set-grimms\/","url":"https:\/\/teiaeducation.ch\/fr\/produit\/construction-meteo-set-grimms\/","name":"Jeu de construction m\u00e9t\u00e9o - Grimm's - Teia Education & Play","isPartOf":{"@id":"https:\/\/teiaeducation.ch\/fr\/#website"},"primaryImageOfPage":{"@id":"https:\/\/teiaeducation.ch\/fr\/produit\/construction-meteo-set-grimms\/#primaryimage"},"image":{"@id":"https:\/\/teiaeducation.ch\/fr\/produit\/construction-meteo-set-grimms\/#primaryimage"},"thumbnailUrl":"https:\/\/teiaeducation.ch\/wp-content\/uploads\/2020\/11\/Weather-building-set-Grimms.jpg","datePublished":"2020-12-04T16:15:29+00:00","dateModified":"2025-07-09T09:12:26+00:00","description":"Le jeu de construction m\u00e9t\u00e9orologique de Grimm's, compos\u00e9 de blocs de construction en bois de forme organique fabriqu\u00e9s \u00e0 la main, donne vie au th\u00e8me abstrait de la m\u00e9t\u00e9o pour les enfants !","breadcrumb":{"@id":"https:\/\/teiaeducation.ch\/fr\/produit\/construction-meteo-set-grimms\/#breadcrumb"},"inLanguage":"fr-FR","potentialAction":[{"@type":"ReadAction","target":["https:\/\/teiaeducation.ch\/fr\/produit\/construction-meteo-set-grimms\/"]}]},{"@type":"ImageObject","inLanguage":"fr-FR","@id":"https:\/\/teiaeducation.ch\/fr\/produit\/construction-meteo-set-grimms\/#primaryimage","url":"https:\/\/teiaeducation.ch\/wp-content\/uploads\/2020\/11\/Weather-building-set-Grimms.jpg","contentUrl":"https:\/\/teiaeducation.ch\/wp-content\/uploads\/2020\/11\/Weather-building-set-Grimms.jpg","width":900,"height":900,"caption":"Blocs de construction en bois de forme organique faits \u00e0 la main Jeu de construction m\u00e9t\u00e9o - Grimm's"},{"@type":"BreadcrumbList","@id":"https:\/\/teiaeducation.ch\/fr\/produit\/construction-meteo-set-grimms\/#breadcrumb","itemListElement":[{"@type":"ListItem","position":1,"name":"Home","item":"https:\/\/teiaeducation.ch\/fr\/"},{"@type":"ListItem","position":2,"name":"Boutique Teia Education &amp; Play","item":"https:\/\/teiaeducation.ch\/fr\/boutique\/"},{"@type":"ListItem","position":3,"name":"Nos Marques","item":"https:\/\/teiaeducation.ch\/fr\/categorie-produit\/marques\/"},{"@type":"ListItem","position":4,"name":"Grimm's","item":"https:\/\/teiaeducation.ch\/fr\/categorie-produit\/marques\/grimms-fr\/"},{"@type":"ListItem","position":5,"name":"Jeu de construction m\u00e9t\u00e9o &#8211; Grimm&#8217;s"}]},{"@type":"WebSite","@id":"https:\/\/teiaeducation.ch\/fr\/#website","url":"https:\/\/teiaeducation.ch\/fr\/","name":"Sustainable Educational Products &amp; Ecological Toys\u00a0","description":"Specialised Swiss shop selling sustainable educational toys and games, AMI certified Montessori materials, handmade ecological wooden Waldorf toys and arts &amp; crafts supplies, school supplies, children&#039;s furniture and Montessori reference and parenting books.","publisher":{"@id":"https:\/\/teiaeducation.ch\/fr\/#organization"},"alternateName":"Teia Education & Play","potentialAction":[{"@type":"SearchAction","target":{"@type":"EntryPoint","urlTemplate":"https:\/\/teiaeducation.ch\/fr\/?s={search_term_string}"},"query-input":{"@type":"PropertyValueSpecification","valueRequired":true,"valueName":"search_term_string"}}],"inLanguage":"fr-FR"},{"@type":"Organization","@id":"https:\/\/teiaeducation.ch\/fr\/#organization","name":"Teia Education & Play","url":"https:\/\/teiaeducation.ch\/fr\/","logo":{"@type":"ImageObject","inLanguage":"fr-FR","@id":"https:\/\/teiaeducation.ch\/fr\/#\/schema\/logo\/image\/","url":"https:\/\/teiaeducation.ch\/wp-content\/uploads\/2020\/11\/Teia-Education-Switzerland-e1620156442216.jpg","contentUrl":"https:\/\/teiaeducation.ch\/wp-content\/uploads\/2020\/11\/Teia-Education-Switzerland-e1620156442216.jpg","width":166,"height":145,"caption":"Teia Education & Play"},"image":{"@id":"https:\/\/teiaeducation.ch\/fr\/#\/schema\/logo\/image\/"},"sameAs":["https:\/\/www.facebook.com\/teiaeducation\/","https:\/\/x.com\/EducationTeia","https:\/\/www.instagram.com\/teia.education\/","https:\/\/www.linkedin.com\/company\/35501660","https:\/\/www.pinterest.ch\/TeiaEducation\/"]}]},"product_price_amount":"54.90","product_price_currency":"CHF","og_availability":"out of stock","product_availability":"out of stock","product_retailer_item_id":"00000000000000000000000000000000000000000000032287","product_condition":"new"},"_links":{"self":[{"href":"https:\/\/teiaeducation.ch\/fr\/wp-json\/wp\/v2\/product\/36957","targetHints":{"allow":["GET"]}}],"collection":[{"href":"https:\/\/teiaeducation.ch\/fr\/wp-json\/wp\/v2\/product"}],"about":[{"href":"https:\/\/teiaeducation.ch\/fr\/wp-json\/wp\/v2\/types\/product"}],"replies":[{"embeddable":true,"href":"https:\/\/teiaeducation.ch\/fr\/wp-json\/wp\/v2\/comments?post=36957"}],"wp:featuredmedia":[{"embeddable":true,"href":"https:\/\/teiaeducation.ch\/fr\/wp-json\/wp\/v2\/media\/32295"}],"wp:attachment":[{"href":"https:\/\/teiaeducation.ch\/fr\/wp-json\/wp\/v2\/media?parent=36957"}],"wp:term":[{"taxonomy":"product_brand","embeddable":true,"href":"https:\/\/teiaeducation.ch\/fr\/wp-json\/wp\/v2\/product_brand?post=36957"},{"taxonomy":"product_cat","embeddable":true,"href":"https:\/\/teiaeducation.ch\/fr\/wp-json\/wp\/v2\/product_cat?post=36957"},{"taxonomy":"product_tag","embeddable":true,"href":"https:\/\/teiaeducation.ch\/fr\/wp-json\/wp\/v2\/product_tag?post=36957"}],"curies":[{"name":"wp","href":"https:\/\/api.w.org\/{rel}","templated":true}]}}