{"id":36958,"date":"2020-12-04T17:03:34","date_gmt":"2020-12-04T16:03:34","guid":{"rendered":"https:\/\/teiaeducation.ch\/product\/le-camion-a-tirer-grimms\/"},"modified":"2024-11-13T13:53:36","modified_gmt":"2024-11-13T12:53:36","slug":"camion-a-tirer-grimms","status":"publish","type":"product","link":"https:\/\/teiaeducation.ch\/fr\/produit\/camion-a-tirer-grimms\/","title":{"rendered":"Le camion \u00e0 tirer &#8211; Grimm&#8217;s"},"content":{"rendered":"<p>Camion \u00e0 tirer \/ V\u00e9hicule-jouet en bois durable fabriqu\u00e9 \u00e0 la main &#8211; Grimm&#8217;s<\/p>\n<p>Le camion \u00e0 tirer de Grimm est un magnifique <a href=\"https:\/\/teiaeducation.ch\/product-category\/play\/toy-cars-vehicles\/\">v\u00e9hicule<\/a>-jouet en bois durable fait \u00e0 la main, de style Waldorf, avec un chargement arc-en-ciel !<\/p>\n<p>Les 10 blocs en bois du nuancier, chacun dans une nuance diff\u00e9rente de l&#8217;arc-en-ciel, peuvent \u00eatre charg\u00e9s et d\u00e9charg\u00e9s \u00e0 l&#8217;arri\u00e8re du joli camion en bois pour jouer avec le v\u00e9hicule, l&#8217;empiler et le construire.<\/p>\n<p>La jolie forme simple du camion est si attrayante et, combin\u00e9e aux magnifiques blocs arc-en-ciel, c&#8217;est le jouet \u00e0 tirer id\u00e9al pour les tout-petits et les jeunes enfants.<\/p>\n<p>Le camion \u00e0 tirer et les cartes de couleurs de Grimm&#8217;s sont fabriqu\u00e9s en bois de tilleul et le camion mesure 22 cm de long. Ils sont peints \u00e0 la main dans de magnifiques tons vifs avec une teinture non toxique \u00e0 base d&#8217;eau, ce qui les rend sans danger pour les jeunes enfants. Les roues ont \u00e9t\u00e9 finies dans une huile v\u00e9g\u00e9tale non toxique pour laisser transpara\u00eetre la beaut\u00e9 naturelle du bois et cr\u00e9er un merveilleux contraste avec les couleurs de l&#8217;arc-en-ciel.<\/p>\n<p>Les jouets \u00e0 tirer et les jeux de v\u00e9hicules aident \u00e0 d\u00e9velopper la motricit\u00e9, le mouvement et la coordination chez les enfants, et les tableaux de couleurs sont parfaits pour apprendre et comparer les couleurs, ainsi que pour les empiler et les aligner en un effet domino. Le camion \u00e0 tirer de Grimm&#8217;s est \u00e9galement un bel ajout d\u00e9coratif \u00e0 toute salle de jeux ou chambre d&#8217;enfant.<\/p>\n<p>Id\u00e9al pour jouer \u00e0 la maison, \u00e0 la cr\u00e8che, \u00e0 Waldorf ou \u00e0 l\u2019\u00e9cole Steiner, les beaux jouets en bois naturel de Grimms sont fabriqu\u00e9s selon la philosophie Waldorf qui est bien connue pour encourager les enfants \u00e0 d\u00e9couvrir le jeu cr\u00e9atif de mani\u00e8re ind\u00e9pendante, sans limitations et \u00e0 un rythme effr\u00e9n\u00e9. Les jouets en bois de Grimm&#8217;s sont color\u00e9s \u00e0 la main avec des peintures \u00e0 base d\u2019eau non toxiques et ne sont pas finis avec de la laque pour assurer les caract\u00e9ristiques originales du bois et pour qu&#8217;on puisse voir le grain \u00e0 travers. La surface des jouets fabriqu\u00e9s \u00e0 partir de bois europ\u00e9ens certifi\u00e9 FSC est laiss\u00e9e l\u00e9g\u00e8rement rugueuse, ce qui les rend plus facilement empilables et moins glissants.<\/p>\n<p>Les jouets en bois de Grimm&#8217;s sont fabriqu\u00e9s dans les manufacture de Grimm&#8217;s en Allemagne ainsi que dans plusieurs ateliers \u00e0 travers l\u2019Europe \u00e0 partir de diff\u00e9rents types de bois tels que l\u2019aulne, la chaux, le h\u00eatre et l\u2019\u00e9rable. Tout le bois utilis\u00e9 pour fabriquer les jouets de Grimm&#8217;s provient de for\u00eats europ\u00e9ennes g\u00e9r\u00e9es de mani\u00e8re durable.<\/p>\n<p>Veuillez noter que les jouets de Grimm&#8217;s sont toujours uniques, et portent des marques uniques faites par la nature. Le grain du bois a des structures et des couleurs changeantes qui servent de preuve de ses origines naturelles. Les variations uniques, les marques, les noeuds, les motifs, les rayures noires ou les taches sombres qui peuvent \u00eatre visibles dans le bois des jouets de Grimm&#8217;s sont une preuve de qualit\u00e9, et non des d\u00e9fauts.<\/p>\n<p>Le camion \u00e0 tirer Grimm&#8217;s convient aux enfants \u00e2g\u00e9s de 1 an et plus.<\/p>\n<p>Contenu :<\/p>\n<p>1 camion en bois \u00e0 tirer<br \/>\n10 blocs de bois color\u00e9s<\/p>\n","protected":false},"excerpt":{"rendered":"<p>Num\u00e9ro d&#8217;article : gri09040<\/p>\n<p>Le camion \u00e0 tirer de Grimm&#8217;s est un magnifique v\u00e9hicule-jouet en bois durable fabriqu\u00e9 \u00e0 la main, de style Waldorf, avec une cargaison arc-en-ciel, pour jouer avec les v\u00e9hicules, les empiler et les construire !<\/p>\n","protected":false},"featured_media":32393,"comment_status":"open","ping_status":"closed","template":"","meta":[],"product_brand":[],"product_cat":[208,633,13150,635,283,8526,17212,17242,8572,13130,13141,23020,23021,7595,217,5851,24878,209,212,17236,1219],"product_tag":[17337,17944,19745,19750,19749,19752,19753,8625,17334,17332,17889,17335,19756,19755,19754,17331,19746,19747,19748,17336,19751],"class_list":{"0":"post-36958","1":"product","2":"type-product","3":"status-publish","4":"has-post-thumbnail","6":"product_cat-1-3-ans","7":"product_cat-apprendre-les-couleurs","8":"product_cat-blocs-de-construction-en-bois","9":"product_cat-competences-motrices","10":"product_cat-domaines-du-curriculum","11":"product_cat-fournitures-scolaires-a-domicile","12":"product_cat-grimms-fr","13":"product_cat-guide-cadeaux-1-3-ans","14":"product_cat-jeu-et-apprentissage-pour-bebes-et-jeunes-enfants","15":"product_cat-jouer","16":"product_cat-jouets-a-pousser","17":"product_cat-jouets-en-bois","18":"product_cat-jouets-waldorf","19":"product_cat-methode-deducation","20":"product_cat-marques","21":"product_cat-nouveautes","22":"product_cat-pousser-tirer","23":"product_cat-sensorielles-motrices","24":"product_cat-tranche-dage","25":"product_cat-voitures-vehicules","26":"product_cat-waldorf-fr","27":"product_tag-arc-en-ciel-colore-en-bois-fait-main","28":"product_tag-blocs-de-bois-arc-en-ciel-de-grimm","29":"product_tag-camion-en-bois-a-tirer","30":"product_tag-camion-grimms","31":"product_tag-camion-waldorf","32":"product_tag-camions-en-bois-pour-les-tout-petits","33":"product_tag-des-jouets-durables-pour-les-tout-petits","34":"product_tag-fabrique-en-allemagne","35":"product_tag-grimm-suisse-fr","36":"product_tag-grimm-suisse","37":"product_tag-grimms-fr","38":"product_tag-grimme-suisse","39":"product_tag-jouets-a-tirer","40":"product_tag-jouets-a-tirer-ecologiques","41":"product_tag-jouets-ecologiques-pour-les-tout-petits","42":"product_tag-jouets-en-bois-waldorf","43":"product_tag-le-camion-a-tirer-de-grimms","44":"product_tag-le-camion-de-grimms-avec-les-cartes-de-couleurs","45":"product_tag-les-nuanciers-de-grimms","46":"product_tag-magasin-de-jouets-en-bois-grimm","47":"product_tag-vehicule-grimms","49":"first","50":"outofstock","51":"taxable","52":"shipping-taxable","53":"purchasable","54":"product-type-simple"},"yoast_head":"<!-- This site is optimized with the Yoast SEO plugin v27.1.1 - https:\/\/yoast.com\/product\/yoast-seo-wordpress\/ -->\n<title>Le camion \u00e0 tirer - Grimm&#039;s - Teia Education &amp; Play<\/title>\n<meta name=\"description\" content=\"Le camion \u00e0 tirer de Grimm&#039;s est un v\u00e9hicule-jouet en bois durable fabriqu\u00e9 \u00e0 la main, de style Waldorf, avec une cargaison arc-en-ciel, pour jouer avec les v\u00e9hicules, les empiler et les construire !\" \/>\n<meta name=\"robots\" content=\"index, follow, max-snippet:-1, max-image-preview:large, max-video-preview:-1\" \/>\n<link rel=\"canonical\" href=\"https:\/\/teiaeducation.ch\/fr\/produit\/camion-a-tirer-grimms\/\" \/>\n<meta property=\"og:locale\" content=\"fr_FR\" \/>\n<meta property=\"og:type\" content=\"article\" \/>\n<meta property=\"og:title\" content=\"Le camion \u00e0 tirer - Grimm&#039;s - Teia Education &amp; Play\" \/>\n<meta property=\"og:description\" content=\"Le camion \u00e0 tirer de Grimm&#039;s est un v\u00e9hicule-jouet en bois durable fabriqu\u00e9 \u00e0 la main, de style Waldorf, avec une cargaison arc-en-ciel, pour jouer avec les v\u00e9hicules, les empiler et les construire !\" \/>\n<meta property=\"og:url\" content=\"https:\/\/teiaeducation.ch\/fr\/produit\/camion-a-tirer-grimms\/\" \/>\n<meta property=\"og:site_name\" content=\"Sustainable Educational Products &amp; Ecological Toys\u00a0\" \/>\n<meta property=\"article:publisher\" content=\"https:\/\/www.facebook.com\/teiaeducation\/\" \/>\n<meta property=\"article:modified_time\" content=\"2024-11-13T12:53:36+00:00\" \/>\n<meta property=\"og:image\" content=\"https:\/\/teiaeducation.ch\/wp-content\/uploads\/2020\/11\/Pull-along-truck-Grimms.jpg\" \/>\n\t<meta property=\"og:image:width\" content=\"900\" \/>\n\t<meta property=\"og:image:height\" content=\"900\" \/>\n\t<meta property=\"og:image:type\" content=\"image\/jpeg\" \/>\n<script type=\"application\/ld+json\" class=\"yoast-schema-graph\">{\"@context\":\"https:\/\/schema.org\",\"@graph\":[{\"@type\":\"WebPage\",\"@id\":\"https:\/\/teiaeducation.ch\/fr\/produit\/camion-a-tirer-grimms\/\",\"url\":\"https:\/\/teiaeducation.ch\/fr\/produit\/camion-a-tirer-grimms\/\",\"name\":\"Le camion \u00e0 tirer - Grimm's - Teia Education & Play\",\"isPartOf\":{\"@id\":\"https:\/\/teiaeducation.ch\/fr\/#website\"},\"primaryImageOfPage\":{\"@id\":\"https:\/\/teiaeducation.ch\/fr\/produit\/camion-a-tirer-grimms\/#primaryimage\"},\"image\":{\"@id\":\"https:\/\/teiaeducation.ch\/fr\/produit\/camion-a-tirer-grimms\/#primaryimage\"},\"thumbnailUrl\":\"https:\/\/teiaeducation.ch\/wp-content\/uploads\/2020\/11\/Pull-along-truck-Grimms.jpg\",\"datePublished\":\"2020-12-04T16:03:34+00:00\",\"dateModified\":\"2024-11-13T12:53:36+00:00\",\"description\":\"Le camion \u00e0 tirer de Grimm's est un v\u00e9hicule-jouet en bois durable fabriqu\u00e9 \u00e0 la main, de style Waldorf, avec une cargaison arc-en-ciel, pour jouer avec les v\u00e9hicules, les empiler et les construire !\",\"breadcrumb\":{\"@id\":\"https:\/\/teiaeducation.ch\/fr\/produit\/camion-a-tirer-grimms\/#breadcrumb\"},\"inLanguage\":\"fr-FR\",\"potentialAction\":[{\"@type\":\"ReadAction\",\"target\":[\"https:\/\/teiaeducation.ch\/fr\/produit\/camion-a-tirer-grimms\/\"]}]},{\"@type\":\"ImageObject\",\"inLanguage\":\"fr-FR\",\"@id\":\"https:\/\/teiaeducation.ch\/fr\/produit\/camion-a-tirer-grimms\/#primaryimage\",\"url\":\"https:\/\/teiaeducation.ch\/wp-content\/uploads\/2020\/11\/Pull-along-truck-Grimms.jpg\",\"contentUrl\":\"https:\/\/teiaeducation.ch\/wp-content\/uploads\/2020\/11\/Pull-along-truck-Grimms.jpg\",\"width\":900,\"height\":900,\"caption\":\"V\u00e9hicule-jouet en bois durable fabriqu\u00e9 \u00e0 la main Camion \u00e0 tirer - Grimm's\"},{\"@type\":\"BreadcrumbList\",\"@id\":\"https:\/\/teiaeducation.ch\/fr\/produit\/camion-a-tirer-grimms\/#breadcrumb\",\"itemListElement\":[{\"@type\":\"ListItem\",\"position\":1,\"name\":\"Home\",\"item\":\"https:\/\/teiaeducation.ch\/fr\/\"},{\"@type\":\"ListItem\",\"position\":2,\"name\":\"Boutique Teia Education &amp; Play\",\"item\":\"https:\/\/teiaeducation.ch\/fr\/boutique\/\"},{\"@type\":\"ListItem\",\"position\":3,\"name\":\"Nos Marques\",\"item\":\"https:\/\/teiaeducation.ch\/fr\/categorie-produit\/marques\/\"},{\"@type\":\"ListItem\",\"position\":4,\"name\":\"Grimm's\",\"item\":\"https:\/\/teiaeducation.ch\/fr\/categorie-produit\/marques\/grimms-fr\/\"},{\"@type\":\"ListItem\",\"position\":5,\"name\":\"Le camion \u00e0 tirer &#8211; Grimm&#8217;s\"}]},{\"@type\":\"WebSite\",\"@id\":\"https:\/\/teiaeducation.ch\/fr\/#website\",\"url\":\"https:\/\/teiaeducation.ch\/fr\/\",\"name\":\"Sustainable Educational Products &amp; Ecological Toys\u00a0\",\"description\":\"Specialised Swiss shop selling sustainable educational toys and games, AMI certified Montessori materials, handmade ecological wooden Waldorf toys and arts &amp; crafts supplies, school supplies, children&#039;s furniture and Montessori reference and parenting books.\",\"publisher\":{\"@id\":\"https:\/\/teiaeducation.ch\/fr\/#organization\"},\"alternateName\":\"Teia Education & Play\",\"potentialAction\":[{\"@type\":\"SearchAction\",\"target\":{\"@type\":\"EntryPoint\",\"urlTemplate\":\"https:\/\/teiaeducation.ch\/fr\/?s={search_term_string}\"},\"query-input\":{\"@type\":\"PropertyValueSpecification\",\"valueRequired\":true,\"valueName\":\"search_term_string\"}}],\"inLanguage\":\"fr-FR\"},{\"@type\":\"Organization\",\"@id\":\"https:\/\/teiaeducation.ch\/fr\/#organization\",\"name\":\"Teia Education & Play\",\"url\":\"https:\/\/teiaeducation.ch\/fr\/\",\"logo\":{\"@type\":\"ImageObject\",\"inLanguage\":\"fr-FR\",\"@id\":\"https:\/\/teiaeducation.ch\/fr\/#\/schema\/logo\/image\/\",\"url\":\"https:\/\/teiaeducation.ch\/wp-content\/uploads\/2020\/11\/Teia-Education-Switzerland-e1620156442216.jpg\",\"contentUrl\":\"https:\/\/teiaeducation.ch\/wp-content\/uploads\/2020\/11\/Teia-Education-Switzerland-e1620156442216.jpg\",\"width\":166,\"height\":145,\"caption\":\"Teia Education & Play\"},\"image\":{\"@id\":\"https:\/\/teiaeducation.ch\/fr\/#\/schema\/logo\/image\/\"},\"sameAs\":[\"https:\/\/www.facebook.com\/teiaeducation\/\",\"https:\/\/x.com\/EducationTeia\",\"https:\/\/www.instagram.com\/teia.education\/\",\"https:\/\/www.linkedin.com\/company\/35501660\",\"https:\/\/www.pinterest.ch\/TeiaEducation\/\"]}]}<\/script>\n<!-- \/ Yoast SEO plugin. -->","yoast_head_json":{"title":"Le camion \u00e0 tirer - Grimm's - Teia Education & Play","description":"Le camion \u00e0 tirer de Grimm's est un v\u00e9hicule-jouet en bois durable fabriqu\u00e9 \u00e0 la main, de style Waldorf, avec une cargaison arc-en-ciel, pour jouer avec les v\u00e9hicules, les empiler et les construire !","robots":{"index":"index","follow":"follow","max-snippet":"max-snippet:-1","max-image-preview":"max-image-preview:large","max-video-preview":"max-video-preview:-1"},"canonical":"https:\/\/teiaeducation.ch\/fr\/produit\/camion-a-tirer-grimms\/","og_locale":"fr_FR","og_type":"article","og_title":"Le camion \u00e0 tirer - Grimm's - Teia Education & Play","og_description":"Le camion \u00e0 tirer de Grimm's est un v\u00e9hicule-jouet en bois durable fabriqu\u00e9 \u00e0 la main, de style Waldorf, avec une cargaison arc-en-ciel, pour jouer avec les v\u00e9hicules, les empiler et les construire !","og_url":"https:\/\/teiaeducation.ch\/fr\/produit\/camion-a-tirer-grimms\/","og_site_name":"Sustainable Educational Products &amp; Ecological Toys\u00a0","article_publisher":"https:\/\/www.facebook.com\/teiaeducation\/","article_modified_time":"2024-11-13T12:53:36+00:00","og_image":[{"width":900,"height":900,"url":"https:\/\/teiaeducation.ch\/wp-content\/uploads\/2020\/11\/Pull-along-truck-Grimms.jpg","type":"image\/jpeg"}],"schema":{"@context":"https:\/\/schema.org","@graph":[{"@type":"WebPage","@id":"https:\/\/teiaeducation.ch\/fr\/produit\/camion-a-tirer-grimms\/","url":"https:\/\/teiaeducation.ch\/fr\/produit\/camion-a-tirer-grimms\/","name":"Le camion \u00e0 tirer - Grimm's - Teia Education & Play","isPartOf":{"@id":"https:\/\/teiaeducation.ch\/fr\/#website"},"primaryImageOfPage":{"@id":"https:\/\/teiaeducation.ch\/fr\/produit\/camion-a-tirer-grimms\/#primaryimage"},"image":{"@id":"https:\/\/teiaeducation.ch\/fr\/produit\/camion-a-tirer-grimms\/#primaryimage"},"thumbnailUrl":"https:\/\/teiaeducation.ch\/wp-content\/uploads\/2020\/11\/Pull-along-truck-Grimms.jpg","datePublished":"2020-12-04T16:03:34+00:00","dateModified":"2024-11-13T12:53:36+00:00","description":"Le camion \u00e0 tirer de Grimm's est un v\u00e9hicule-jouet en bois durable fabriqu\u00e9 \u00e0 la main, de style Waldorf, avec une cargaison arc-en-ciel, pour jouer avec les v\u00e9hicules, les empiler et les construire !","breadcrumb":{"@id":"https:\/\/teiaeducation.ch\/fr\/produit\/camion-a-tirer-grimms\/#breadcrumb"},"inLanguage":"fr-FR","potentialAction":[{"@type":"ReadAction","target":["https:\/\/teiaeducation.ch\/fr\/produit\/camion-a-tirer-grimms\/"]}]},{"@type":"ImageObject","inLanguage":"fr-FR","@id":"https:\/\/teiaeducation.ch\/fr\/produit\/camion-a-tirer-grimms\/#primaryimage","url":"https:\/\/teiaeducation.ch\/wp-content\/uploads\/2020\/11\/Pull-along-truck-Grimms.jpg","contentUrl":"https:\/\/teiaeducation.ch\/wp-content\/uploads\/2020\/11\/Pull-along-truck-Grimms.jpg","width":900,"height":900,"caption":"V\u00e9hicule-jouet en bois durable fabriqu\u00e9 \u00e0 la main Camion \u00e0 tirer - Grimm's"},{"@type":"BreadcrumbList","@id":"https:\/\/teiaeducation.ch\/fr\/produit\/camion-a-tirer-grimms\/#breadcrumb","itemListElement":[{"@type":"ListItem","position":1,"name":"Home","item":"https:\/\/teiaeducation.ch\/fr\/"},{"@type":"ListItem","position":2,"name":"Boutique Teia Education &amp; Play","item":"https:\/\/teiaeducation.ch\/fr\/boutique\/"},{"@type":"ListItem","position":3,"name":"Nos Marques","item":"https:\/\/teiaeducation.ch\/fr\/categorie-produit\/marques\/"},{"@type":"ListItem","position":4,"name":"Grimm's","item":"https:\/\/teiaeducation.ch\/fr\/categorie-produit\/marques\/grimms-fr\/"},{"@type":"ListItem","position":5,"name":"Le camion \u00e0 tirer &#8211; Grimm&#8217;s"}]},{"@type":"WebSite","@id":"https:\/\/teiaeducation.ch\/fr\/#website","url":"https:\/\/teiaeducation.ch\/fr\/","name":"Sustainable Educational Products &amp; Ecological Toys\u00a0","description":"Specialised Swiss shop selling sustainable educational toys and games, AMI certified Montessori materials, handmade ecological wooden Waldorf toys and arts &amp; crafts supplies, school supplies, children&#039;s furniture and Montessori reference and parenting books.","publisher":{"@id":"https:\/\/teiaeducation.ch\/fr\/#organization"},"alternateName":"Teia Education & Play","potentialAction":[{"@type":"SearchAction","target":{"@type":"EntryPoint","urlTemplate":"https:\/\/teiaeducation.ch\/fr\/?s={search_term_string}"},"query-input":{"@type":"PropertyValueSpecification","valueRequired":true,"valueName":"search_term_string"}}],"inLanguage":"fr-FR"},{"@type":"Organization","@id":"https:\/\/teiaeducation.ch\/fr\/#organization","name":"Teia Education & Play","url":"https:\/\/teiaeducation.ch\/fr\/","logo":{"@type":"ImageObject","inLanguage":"fr-FR","@id":"https:\/\/teiaeducation.ch\/fr\/#\/schema\/logo\/image\/","url":"https:\/\/teiaeducation.ch\/wp-content\/uploads\/2020\/11\/Teia-Education-Switzerland-e1620156442216.jpg","contentUrl":"https:\/\/teiaeducation.ch\/wp-content\/uploads\/2020\/11\/Teia-Education-Switzerland-e1620156442216.jpg","width":166,"height":145,"caption":"Teia Education & Play"},"image":{"@id":"https:\/\/teiaeducation.ch\/fr\/#\/schema\/logo\/image\/"},"sameAs":["https:\/\/www.facebook.com\/teiaeducation\/","https:\/\/x.com\/EducationTeia","https:\/\/www.instagram.com\/teia.education\/","https:\/\/www.linkedin.com\/company\/35501660","https:\/\/www.pinterest.ch\/TeiaEducation\/"]}]}},"_links":{"self":[{"href":"https:\/\/teiaeducation.ch\/fr\/wp-json\/wp\/v2\/product\/36958","targetHints":{"allow":["GET"]}}],"collection":[{"href":"https:\/\/teiaeducation.ch\/fr\/wp-json\/wp\/v2\/product"}],"about":[{"href":"https:\/\/teiaeducation.ch\/fr\/wp-json\/wp\/v2\/types\/product"}],"replies":[{"embeddable":true,"href":"https:\/\/teiaeducation.ch\/fr\/wp-json\/wp\/v2\/comments?post=36958"}],"wp:featuredmedia":[{"embeddable":true,"href":"https:\/\/teiaeducation.ch\/fr\/wp-json\/wp\/v2\/media\/32393"}],"wp:attachment":[{"href":"https:\/\/teiaeducation.ch\/fr\/wp-json\/wp\/v2\/media?parent=36958"}],"wp:term":[{"taxonomy":"product_brand","embeddable":true,"href":"https:\/\/teiaeducation.ch\/fr\/wp-json\/wp\/v2\/product_brand?post=36958"},{"taxonomy":"product_cat","embeddable":true,"href":"https:\/\/teiaeducation.ch\/fr\/wp-json\/wp\/v2\/product_cat?post=36958"},{"taxonomy":"product_tag","embeddable":true,"href":"https:\/\/teiaeducation.ch\/fr\/wp-json\/wp\/v2\/product_tag?post=36958"}],"curies":[{"name":"wp","href":"https:\/\/api.w.org\/{rel}","templated":true}]}}