{"id":36959,"date":"2020-11-28T13:16:12","date_gmt":"2020-11-28T12:16:12","guid":{"rendered":"https:\/\/teiaeducation.ch\/product\/anneaux-de-construction-arc-en-ciel-grimms\/"},"modified":"2023-10-04T09:52:19","modified_gmt":"2023-10-04T07:52:19","slug":"anneaux-de-construction-arc-en-ciel-grimms","status":"publish","type":"product","link":"https:\/\/teiaeducation.ch\/fr\/produit\/anneaux-de-construction-arc-en-ciel-grimms\/","title":{"rendered":"Anneaux de construction arc-en-ciel &#8211; Grimm&#8217;s"},"content":{"rendered":"<p>Anneaux de construction arc-en-ciel \/ Jouet en bois durable fabriqu\u00e9 \u00e0 la main &#8211; Grimm&#8217;s<\/p>\n<p>Un joli jeu de construction polyvalent aux superbes couleurs de l&#8217;arc-en-ciel pour un jeu <a href=\"https:\/\/teiaeducation.ch\/product-category\/play\/open-ended-play\/\">ouvert<\/a> et cr\u00e9atif, populaire dans les p\u00e9dagogies Waldorf et Montessori. Ce jeu de 24 anneaux de construction arc-en-ciel en bois durable fait \u00e0 la main par Grimm&#8217;s offre des possibilit\u00e9s incroyables pour construire, empiler et bien plus encore !<\/p>\n<p>Utilisez les anneaux arc-en-ciel dans des jeux de comptage, de tri et d&#8217;association. Construisez des gratte-ciel sph\u00e9riques, des sapins multicolores et de magnifiques motifs. Parfait pour \u00eatre combin\u00e9 avec les boules en bois massif, les amis arc-en-ciel, les for\u00eats et autres blocs de construction de Grimm&#8217;s. <a href=\"https:\/\/teiaeducation.ch\/product\/rainbow-sorting-helper-for-rings-grimms\/\">L&#8217;aide au tri arc-en-ciel<\/a> de Grimm pour les anneaux est aussi un excellent accompagnement comme jeu de tri et un joli rangement ou pr\u00e9sentoir.<\/p>\n<p>Les anneaux de construction arc-en-ciel de Grimm&#8217;s sont fabriqu\u00e9s en bois d&#8217;\u00e9rable et sont finis dans de magnifiques tons arc-en-ciel avec une teinture non toxique \u00e0 base d&#8217;eau, ce qui les rend s\u00fbrs pour les enfants. Les anneaux sont en 2 tailles, 12 avec un diam\u00e8tre int\u00e9rieur de 3cm et 12 avec un diam\u00e8tre int\u00e9rieur de 2cm.<\/p>\n<p>Id\u00e9al pour jouer \u00e0 la maison, \u00e0 la cr\u00e8che, \u00e0 Waldorf ou \u00e0 l\u2019\u00e9cole Steiner, les beaux jouets en bois naturel de Grimm&#8217;s sont fabriqu\u00e9s selon la philosophie Waldorf qui est bien connue pour encourager les enfants \u00e0 d\u00e9couvrir le jeu cr\u00e9atif de mani\u00e8re ind\u00e9pendante, sans limitations et \u00e0 un rythme effr\u00e9n\u00e9. Les jouets en bois de Grimm&#8217;s sont color\u00e9s \u00e0 la main avec des peintures \u00e0 base d\u2019eau non toxiques et ne sont pas finis avec de la laque pour assurer les caract\u00e9ristiques originales du bois et pour qu&#8217;on puisse voir le grain \u00e0 travers. La surface des jouets fabriqu\u00e9s \u00e0 partir de bois europ\u00e9ens certifi\u00e9 FSC est laiss\u00e9e l\u00e9g\u00e8rement rugueuse, ce qui les rend plus facilement empilables et moins glissants.<\/p>\n<p>Les jouets en bois de Grimm&#8217;s sont fabriqu\u00e9s dans les manufacture de Grimm&#8217;s en Allemagne ainsi que dans plusieurs ateliers \u00e0 travers l\u2019Europe \u00e0 partir de diff\u00e9rents types de bois tels que l\u2019aulne, la chaux, le h\u00eatre et l\u2019\u00e9rable. Tout le bois utilis\u00e9 pour fabriquer les jouets de Grimm&#8217;s provient de for\u00eats europ\u00e9ennes g\u00e9r\u00e9es de mani\u00e8re durable.<\/p>\n<p>Veuillez noter que les jouets de Grimm&#8217;s sont toujours uniques, et portent des marques uniques faites par la nature. Le grain du bois a des structures et des couleurs changeantes qui servent de preuve de ses origines naturelles. Les variations uniques, les marques, les noeuds, les motifs, les rayures noires ou les taches sombres qui peuvent \u00eatre visibles dans le bois des jouets de Grimm&#8217;s sont une preuve de qualit\u00e9, et non des d\u00e9fauts.<\/p>\n<p>Les anneaux de construction arc-en-ciel de Grimm&#8217;s conviennent aux enfants de 3 ans et plus.<\/p>\n<p>Avertissement! RISQUE D\u2019\u00c9TOUFFEMENT &#8211; Petites pi\u00e8ces. Pas pour les enfants de moins de 3 ans.<\/p>\n<p>Contenu :<\/p>\n<p>24 anneaux en bois<\/p>\n","protected":false},"excerpt":{"rendered":"<p>Num\u00e9ro d&#8217;article : gri10164<\/p>\n<p>Ce jeu de 24 anneaux de construction en bois durable et fait \u00e0 la main de la marque de jouets allemande Grimm&#8217;s offre des possibilit\u00e9s incroyables pour construire, empiler et bien plus encore !<\/p>\n","protected":false},"featured_media":30948,"comment_status":"open","ping_status":"closed","template":"","meta":[],"product_brand":[],"product_cat":[215,633,13150,635,283,24865,17212,13130,13144,626,23020,23021,1220,13140,7595,217,5851,209,212,1219],"product_tag":[19759,19761,19757,19758,17337,17463,17944,8625,17332,17334,19762,17335,17462,17331,19738,19760,17336,8132],"class_list":{"0":"post-36959","1":"product","2":"type-product","3":"status-publish","4":"has-post-thumbnail","6":"product_cat-3-6-ans","7":"product_cat-apprendre-les-couleurs","8":"product_cat-blocs-de-construction-en-bois","9":"product_cat-competences-motrices","10":"product_cat-domaines-du-curriculum","11":"product_cat-empilage-tri","12":"product_cat-grimms-fr","13":"product_cat-jouer","14":"product_cat-jouets-a-empiler","15":"product_cat-jouets-a-trier","16":"product_cat-jouets-en-bois","17":"product_cat-jouets-waldorf","18":"product_cat-traditionnelle","19":"product_cat-jeu-libre","20":"product_cat-methode-deducation","21":"product_cat-marques","22":"product_cat-nouveautes","23":"product_cat-sensorielles-motrices","24":"product_cat-tranche-dage","25":"product_cat-waldorf-fr","26":"product_tag-anneaux-dempilage","27":"product_tag-anneaux-de-construction-arc-en-ciel-de-grimm","28":"product_tag-anneaux-de-construction-en-bois","29":"product_tag-anneaux-de-tri","30":"product_tag-arc-en-ciel-colore-en-bois-fait-main","31":"product_tag-assortiment-de-blocs-de-construction-en-bois-de-grimm","32":"product_tag-blocs-de-bois-arc-en-ciel-de-grimm","33":"product_tag-fabrique-en-allemagne","34":"product_tag-grimm-suisse","35":"product_tag-grimm-suisse-fr","36":"product_tag-grimms-anneaux-arc-en-ciel","37":"product_tag-grimme-suisse","38":"product_tag-jeux-libres-en-bois","39":"product_tag-jouets-en-bois-waldorf","40":"product_tag-le-jouet-arc-en-ciel-de-grimms","41":"product_tag-les-anneaux-de-construction-de-grimms","42":"product_tag-magasin-de-jouets-en-bois-grimm","43":"product_tag-montessori-jouets","45":"first","46":"outofstock","47":"taxable","48":"shipping-taxable","49":"purchasable","50":"product-type-simple"},"yoast_head":"<!-- This site is optimized with the Yoast SEO plugin v27.1.1 - https:\/\/yoast.com\/product\/yoast-seo-wordpress\/ -->\n<title>Anneaux de construction arc-en-ciel - Grimm&#039;s - Teia Education &amp; Play<\/title>\n<meta name=\"description\" content=\"Ce jeu de 24 anneaux de construction arc-en-ciel en bois durable fait \u00e0 la main par Grimm&#039;s est le jouet parfait pour construire, empiler et bien plus encore !\" \/>\n<meta name=\"robots\" content=\"index, follow, max-snippet:-1, max-image-preview:large, max-video-preview:-1\" \/>\n<link rel=\"canonical\" href=\"https:\/\/teiaeducation.ch\/fr\/produit\/anneaux-de-construction-arc-en-ciel-grimms\/\" \/>\n<meta property=\"og:locale\" content=\"fr_FR\" \/>\n<meta property=\"og:type\" content=\"article\" \/>\n<meta property=\"og:title\" content=\"Anneaux de construction arc-en-ciel - Grimm&#039;s - Teia Education &amp; Play\" \/>\n<meta property=\"og:description\" content=\"Ce jeu de 24 anneaux de construction arc-en-ciel en bois durable fait \u00e0 la main par Grimm&#039;s est le jouet parfait pour construire, empiler et bien plus encore !\" \/>\n<meta property=\"og:url\" content=\"https:\/\/teiaeducation.ch\/fr\/produit\/anneaux-de-construction-arc-en-ciel-grimms\/\" \/>\n<meta property=\"og:site_name\" content=\"Sustainable Educational Products &amp; Ecological Toys\u00a0\" \/>\n<meta property=\"article:publisher\" content=\"https:\/\/www.facebook.com\/teiaeducation\/\" \/>\n<meta property=\"article:modified_time\" content=\"2023-10-04T07:52:19+00:00\" \/>\n<meta property=\"og:image\" content=\"https:\/\/teiaeducation.ch\/wp-content\/uploads\/2020\/10\/Rainbow-building-rings-Grimms.jpg\" \/>\n\t<meta property=\"og:image:width\" content=\"900\" \/>\n\t<meta property=\"og:image:height\" content=\"900\" \/>\n\t<meta property=\"og:image:type\" content=\"image\/jpeg\" \/>\n<script type=\"application\/ld+json\" class=\"yoast-schema-graph\">{\"@context\":\"https:\/\/schema.org\",\"@graph\":[{\"@type\":\"WebPage\",\"@id\":\"https:\/\/teiaeducation.ch\/fr\/produit\/anneaux-de-construction-arc-en-ciel-grimms\/\",\"url\":\"https:\/\/teiaeducation.ch\/fr\/produit\/anneaux-de-construction-arc-en-ciel-grimms\/\",\"name\":\"Anneaux de construction arc-en-ciel - Grimm's - Teia Education & Play\",\"isPartOf\":{\"@id\":\"https:\/\/teiaeducation.ch\/fr\/#website\"},\"primaryImageOfPage\":{\"@id\":\"https:\/\/teiaeducation.ch\/fr\/produit\/anneaux-de-construction-arc-en-ciel-grimms\/#primaryimage\"},\"image\":{\"@id\":\"https:\/\/teiaeducation.ch\/fr\/produit\/anneaux-de-construction-arc-en-ciel-grimms\/#primaryimage\"},\"thumbnailUrl\":\"https:\/\/teiaeducation.ch\/wp-content\/uploads\/2020\/10\/Rainbow-building-rings-Grimms.jpg\",\"datePublished\":\"2020-11-28T12:16:12+00:00\",\"dateModified\":\"2023-10-04T07:52:19+00:00\",\"description\":\"Ce jeu de 24 anneaux de construction arc-en-ciel en bois durable fait \u00e0 la main par Grimm's est le jouet parfait pour construire, empiler et bien plus encore !\",\"breadcrumb\":{\"@id\":\"https:\/\/teiaeducation.ch\/fr\/produit\/anneaux-de-construction-arc-en-ciel-grimms\/#breadcrumb\"},\"inLanguage\":\"fr-FR\",\"potentialAction\":[{\"@type\":\"ReadAction\",\"target\":[\"https:\/\/teiaeducation.ch\/fr\/produit\/anneaux-de-construction-arc-en-ciel-grimms\/\"]}]},{\"@type\":\"ImageObject\",\"inLanguage\":\"fr-FR\",\"@id\":\"https:\/\/teiaeducation.ch\/fr\/produit\/anneaux-de-construction-arc-en-ciel-grimms\/#primaryimage\",\"url\":\"https:\/\/teiaeducation.ch\/wp-content\/uploads\/2020\/10\/Rainbow-building-rings-Grimms.jpg\",\"contentUrl\":\"https:\/\/teiaeducation.ch\/wp-content\/uploads\/2020\/10\/Rainbow-building-rings-Grimms.jpg\",\"width\":900,\"height\":900,\"caption\":\"Jouet en bois durable fait main Anneaux de construction arc-en-ciel - Grimm's\"},{\"@type\":\"BreadcrumbList\",\"@id\":\"https:\/\/teiaeducation.ch\/fr\/produit\/anneaux-de-construction-arc-en-ciel-grimms\/#breadcrumb\",\"itemListElement\":[{\"@type\":\"ListItem\",\"position\":1,\"name\":\"Home\",\"item\":\"https:\/\/teiaeducation.ch\/fr\/\"},{\"@type\":\"ListItem\",\"position\":2,\"name\":\"Boutique Teia Education &amp; Play\",\"item\":\"https:\/\/teiaeducation.ch\/fr\/boutique\/\"},{\"@type\":\"ListItem\",\"position\":3,\"name\":\"Nos Marques\",\"item\":\"https:\/\/teiaeducation.ch\/fr\/categorie-produit\/marques\/\"},{\"@type\":\"ListItem\",\"position\":4,\"name\":\"Grimm's\",\"item\":\"https:\/\/teiaeducation.ch\/fr\/categorie-produit\/marques\/grimms-fr\/\"},{\"@type\":\"ListItem\",\"position\":5,\"name\":\"Anneaux de construction arc-en-ciel &#8211; Grimm&#8217;s\"}]},{\"@type\":\"WebSite\",\"@id\":\"https:\/\/teiaeducation.ch\/fr\/#website\",\"url\":\"https:\/\/teiaeducation.ch\/fr\/\",\"name\":\"Sustainable Educational Products &amp; Ecological Toys\u00a0\",\"description\":\"Specialised Swiss shop selling sustainable educational toys and games, AMI certified Montessori materials, handmade ecological wooden Waldorf toys and arts &amp; crafts supplies, school supplies, children&#039;s furniture and Montessori reference and parenting books.\",\"publisher\":{\"@id\":\"https:\/\/teiaeducation.ch\/fr\/#organization\"},\"alternateName\":\"Teia Education & Play\",\"potentialAction\":[{\"@type\":\"SearchAction\",\"target\":{\"@type\":\"EntryPoint\",\"urlTemplate\":\"https:\/\/teiaeducation.ch\/fr\/?s={search_term_string}\"},\"query-input\":{\"@type\":\"PropertyValueSpecification\",\"valueRequired\":true,\"valueName\":\"search_term_string\"}}],\"inLanguage\":\"fr-FR\"},{\"@type\":\"Organization\",\"@id\":\"https:\/\/teiaeducation.ch\/fr\/#organization\",\"name\":\"Teia Education & Play\",\"url\":\"https:\/\/teiaeducation.ch\/fr\/\",\"logo\":{\"@type\":\"ImageObject\",\"inLanguage\":\"fr-FR\",\"@id\":\"https:\/\/teiaeducation.ch\/fr\/#\/schema\/logo\/image\/\",\"url\":\"https:\/\/teiaeducation.ch\/wp-content\/uploads\/2020\/11\/Teia-Education-Switzerland-e1620156442216.jpg\",\"contentUrl\":\"https:\/\/teiaeducation.ch\/wp-content\/uploads\/2020\/11\/Teia-Education-Switzerland-e1620156442216.jpg\",\"width\":166,\"height\":145,\"caption\":\"Teia Education & Play\"},\"image\":{\"@id\":\"https:\/\/teiaeducation.ch\/fr\/#\/schema\/logo\/image\/\"},\"sameAs\":[\"https:\/\/www.facebook.com\/teiaeducation\/\",\"https:\/\/x.com\/EducationTeia\",\"https:\/\/www.instagram.com\/teia.education\/\",\"https:\/\/www.linkedin.com\/company\/35501660\",\"https:\/\/www.pinterest.ch\/TeiaEducation\/\"]}]}<\/script>\n<!-- \/ Yoast SEO plugin. -->","yoast_head_json":{"title":"Anneaux de construction arc-en-ciel - Grimm's - Teia Education & Play","description":"Ce jeu de 24 anneaux de construction arc-en-ciel en bois durable fait \u00e0 la main par Grimm's est le jouet parfait pour construire, empiler et bien plus encore !","robots":{"index":"index","follow":"follow","max-snippet":"max-snippet:-1","max-image-preview":"max-image-preview:large","max-video-preview":"max-video-preview:-1"},"canonical":"https:\/\/teiaeducation.ch\/fr\/produit\/anneaux-de-construction-arc-en-ciel-grimms\/","og_locale":"fr_FR","og_type":"article","og_title":"Anneaux de construction arc-en-ciel - Grimm's - Teia Education & Play","og_description":"Ce jeu de 24 anneaux de construction arc-en-ciel en bois durable fait \u00e0 la main par Grimm's est le jouet parfait pour construire, empiler et bien plus encore !","og_url":"https:\/\/teiaeducation.ch\/fr\/produit\/anneaux-de-construction-arc-en-ciel-grimms\/","og_site_name":"Sustainable Educational Products &amp; Ecological Toys\u00a0","article_publisher":"https:\/\/www.facebook.com\/teiaeducation\/","article_modified_time":"2023-10-04T07:52:19+00:00","og_image":[{"width":900,"height":900,"url":"https:\/\/teiaeducation.ch\/wp-content\/uploads\/2020\/10\/Rainbow-building-rings-Grimms.jpg","type":"image\/jpeg"}],"schema":{"@context":"https:\/\/schema.org","@graph":[{"@type":"WebPage","@id":"https:\/\/teiaeducation.ch\/fr\/produit\/anneaux-de-construction-arc-en-ciel-grimms\/","url":"https:\/\/teiaeducation.ch\/fr\/produit\/anneaux-de-construction-arc-en-ciel-grimms\/","name":"Anneaux de construction arc-en-ciel - Grimm's - Teia Education & Play","isPartOf":{"@id":"https:\/\/teiaeducation.ch\/fr\/#website"},"primaryImageOfPage":{"@id":"https:\/\/teiaeducation.ch\/fr\/produit\/anneaux-de-construction-arc-en-ciel-grimms\/#primaryimage"},"image":{"@id":"https:\/\/teiaeducation.ch\/fr\/produit\/anneaux-de-construction-arc-en-ciel-grimms\/#primaryimage"},"thumbnailUrl":"https:\/\/teiaeducation.ch\/wp-content\/uploads\/2020\/10\/Rainbow-building-rings-Grimms.jpg","datePublished":"2020-11-28T12:16:12+00:00","dateModified":"2023-10-04T07:52:19+00:00","description":"Ce jeu de 24 anneaux de construction arc-en-ciel en bois durable fait \u00e0 la main par Grimm's est le jouet parfait pour construire, empiler et bien plus encore !","breadcrumb":{"@id":"https:\/\/teiaeducation.ch\/fr\/produit\/anneaux-de-construction-arc-en-ciel-grimms\/#breadcrumb"},"inLanguage":"fr-FR","potentialAction":[{"@type":"ReadAction","target":["https:\/\/teiaeducation.ch\/fr\/produit\/anneaux-de-construction-arc-en-ciel-grimms\/"]}]},{"@type":"ImageObject","inLanguage":"fr-FR","@id":"https:\/\/teiaeducation.ch\/fr\/produit\/anneaux-de-construction-arc-en-ciel-grimms\/#primaryimage","url":"https:\/\/teiaeducation.ch\/wp-content\/uploads\/2020\/10\/Rainbow-building-rings-Grimms.jpg","contentUrl":"https:\/\/teiaeducation.ch\/wp-content\/uploads\/2020\/10\/Rainbow-building-rings-Grimms.jpg","width":900,"height":900,"caption":"Jouet en bois durable fait main Anneaux de construction arc-en-ciel - Grimm's"},{"@type":"BreadcrumbList","@id":"https:\/\/teiaeducation.ch\/fr\/produit\/anneaux-de-construction-arc-en-ciel-grimms\/#breadcrumb","itemListElement":[{"@type":"ListItem","position":1,"name":"Home","item":"https:\/\/teiaeducation.ch\/fr\/"},{"@type":"ListItem","position":2,"name":"Boutique Teia Education &amp; Play","item":"https:\/\/teiaeducation.ch\/fr\/boutique\/"},{"@type":"ListItem","position":3,"name":"Nos Marques","item":"https:\/\/teiaeducation.ch\/fr\/categorie-produit\/marques\/"},{"@type":"ListItem","position":4,"name":"Grimm's","item":"https:\/\/teiaeducation.ch\/fr\/categorie-produit\/marques\/grimms-fr\/"},{"@type":"ListItem","position":5,"name":"Anneaux de construction arc-en-ciel &#8211; Grimm&#8217;s"}]},{"@type":"WebSite","@id":"https:\/\/teiaeducation.ch\/fr\/#website","url":"https:\/\/teiaeducation.ch\/fr\/","name":"Sustainable Educational Products &amp; Ecological Toys\u00a0","description":"Specialised Swiss shop selling sustainable educational toys and games, AMI certified Montessori materials, handmade ecological wooden Waldorf toys and arts &amp; crafts supplies, school supplies, children&#039;s furniture and Montessori reference and parenting books.","publisher":{"@id":"https:\/\/teiaeducation.ch\/fr\/#organization"},"alternateName":"Teia Education & Play","potentialAction":[{"@type":"SearchAction","target":{"@type":"EntryPoint","urlTemplate":"https:\/\/teiaeducation.ch\/fr\/?s={search_term_string}"},"query-input":{"@type":"PropertyValueSpecification","valueRequired":true,"valueName":"search_term_string"}}],"inLanguage":"fr-FR"},{"@type":"Organization","@id":"https:\/\/teiaeducation.ch\/fr\/#organization","name":"Teia Education & Play","url":"https:\/\/teiaeducation.ch\/fr\/","logo":{"@type":"ImageObject","inLanguage":"fr-FR","@id":"https:\/\/teiaeducation.ch\/fr\/#\/schema\/logo\/image\/","url":"https:\/\/teiaeducation.ch\/wp-content\/uploads\/2020\/11\/Teia-Education-Switzerland-e1620156442216.jpg","contentUrl":"https:\/\/teiaeducation.ch\/wp-content\/uploads\/2020\/11\/Teia-Education-Switzerland-e1620156442216.jpg","width":166,"height":145,"caption":"Teia Education & Play"},"image":{"@id":"https:\/\/teiaeducation.ch\/fr\/#\/schema\/logo\/image\/"},"sameAs":["https:\/\/www.facebook.com\/teiaeducation\/","https:\/\/x.com\/EducationTeia","https:\/\/www.instagram.com\/teia.education\/","https:\/\/www.linkedin.com\/company\/35501660","https:\/\/www.pinterest.ch\/TeiaEducation\/"]}]}},"_links":{"self":[{"href":"https:\/\/teiaeducation.ch\/fr\/wp-json\/wp\/v2\/product\/36959","targetHints":{"allow":["GET"]}}],"collection":[{"href":"https:\/\/teiaeducation.ch\/fr\/wp-json\/wp\/v2\/product"}],"about":[{"href":"https:\/\/teiaeducation.ch\/fr\/wp-json\/wp\/v2\/types\/product"}],"replies":[{"embeddable":true,"href":"https:\/\/teiaeducation.ch\/fr\/wp-json\/wp\/v2\/comments?post=36959"}],"wp:featuredmedia":[{"embeddable":true,"href":"https:\/\/teiaeducation.ch\/fr\/wp-json\/wp\/v2\/media\/30948"}],"wp:attachment":[{"href":"https:\/\/teiaeducation.ch\/fr\/wp-json\/wp\/v2\/media?parent=36959"}],"wp:term":[{"taxonomy":"product_brand","embeddable":true,"href":"https:\/\/teiaeducation.ch\/fr\/wp-json\/wp\/v2\/product_brand?post=36959"},{"taxonomy":"product_cat","embeddable":true,"href":"https:\/\/teiaeducation.ch\/fr\/wp-json\/wp\/v2\/product_cat?post=36959"},{"taxonomy":"product_tag","embeddable":true,"href":"https:\/\/teiaeducation.ch\/fr\/wp-json\/wp\/v2\/product_tag?post=36959"}],"curies":[{"name":"wp","href":"https:\/\/api.w.org\/{rel}","templated":true}]}}