{"id":36960,"date":"2020-11-28T13:08:41","date_gmt":"2020-11-28T12:08:41","guid":{"rendered":"https:\/\/teiaeducation.ch\/product\/aide-au-tri-arc-en-ciel-pour-les-anneaux-grimms\/"},"modified":"2025-10-01T11:20:44","modified_gmt":"2025-10-01T09:20:44","slug":"aide-au-tri-arc-en-ciel-pour-anneaux-grimms","status":"publish","type":"product","link":"https:\/\/teiaeducation.ch\/fr\/produit\/aide-au-tri-arc-en-ciel-pour-anneaux-grimms\/","title":{"rendered":"Aide au tri arc-en-ciel pour les anneaux &#8211; Grimm&#8217;s"},"content":{"rendered":"<p>Aide au tri arc-en-ciel pour les anneaux \/ Jouet en bois durable fait main &#8211; Grimm&#8217;s<\/p>\n<p>Un joli arbre \u00e0 trier en bois arc-en-ciel fait main et durable de Grimm&#8217;s. Triez les anneaux par <a href=\"https:\/\/teiaeducation.ch\/product-category\/curriculum-areas\/sensory-motor-skills\/learning-about-colour\/\">couleur<\/a> et accrochez-les \u00e0 la bonne cheville ! L&#8217;utilisation du trieur est une activit\u00e9 amusante et captivante, populaire dans les p\u00e9dagogies Waldorf et Montessori pour l&#8217;apprentissage des couleurs et l&#8217;am\u00e9lioration de la dext\u00e9rit\u00e9, de la motricit\u00e9 fine et de la concentration. C&#8217;est aussi le rangement parfait pour les <a href=\"https:\/\/teiaeducation.ch\/product\/rainbow-building-rings-grimms\/\">anneaux de construction<\/a>aux couleurs de l&#8217;arc-en-ciel de Grimm&#8217;s.<\/p>\n<p>L&#8217;aide au tri de l&#8217;arc-en-ciel de Grimm&#8217;s pour les anneaux est fabriqu\u00e9e en bois d&#8217;aulne avec une jolie finition \u00e0 l&#8217;huile v\u00e9g\u00e9tale naturelle non toxique. Les 12 chevilles sont fabriqu\u00e9es en bois de h\u00eatre et finies dans de magnifiques tons arc-en-ciel avec une teinture non toxique \u00e0 base d&#8217;eau. Le trieur mesure 25 cm de hauteur.<\/p>\n<p>Id\u00e9al pour jouer \u00e0 la maison, \u00e0 la cr\u00e8che, \u00e0 Waldorf ou \u00e0 l\u2019\u00e9cole Steiner, les beaux jouets en bois naturel de Grimm&#8217;s sont fabriqu\u00e9s selon la philosophie Waldorf qui est bien connue pour encourager les enfants \u00e0 d\u00e9couvrir le jeu cr\u00e9atif de mani\u00e8re ind\u00e9pendante, sans limitations et \u00e0 un rythme effr\u00e9n\u00e9. Les jouets en bois de Grimm&#8217;s sont color\u00e9s \u00e0 la main avec des peintures \u00e0 base d\u2019eau non toxiques et ne sont pas finis avec de la laque pour assurer les caract\u00e9ristiques originales du bois et pour qu&#8217;on puisse voir le grain \u00e0 travers. La surface des jouets fabriqu\u00e9s \u00e0 partir de bois europ\u00e9ens certifi\u00e9 FSC est laiss\u00e9e l\u00e9g\u00e8rement rugueuse, ce qui les rend plus facilement empilables et moins glissants.<\/p>\n<p>Les jouets en bois de Grimm&#8217;s sont fabriqu\u00e9s dans les manufacture de Grimm&#8217;s en Allemagne ainsi que dans plusieurs ateliers \u00e0 travers l\u2019Europe \u00e0 partir de diff\u00e9rents types de bois tels que l\u2019aulne, la chaux, le h\u00eatre et l\u2019\u00e9rable. Tout le bois utilis\u00e9 pour fabriquer les jouets de Grimm&#8217;s provient de for\u00eats europ\u00e9ennes g\u00e9r\u00e9es de mani\u00e8re durable.<\/p>\n<p>Veuillez noter que les jouets de Grimm&#8217;s sont toujours uniques, et portent des marques uniques faites par la nature. Le grain du bois a des structures et des couleurs changeantes qui servent de preuve de ses origines naturelles. Les variations uniques, les marques, les noeuds, les motifs, les rayures noires ou les taches sombres qui peuvent \u00eatre visibles dans le bois des jouets de Grimm&#8217;s sont une preuve de qualit\u00e9, et non des d\u00e9fauts.<\/p>\n<p>L&#8217;aide au tri pour anneaux de Grimm&#8217;s arc-en-ciel convient aux enfants \u00e2g\u00e9s de 3 ans et plus.<\/p>\n<p>Avertissement! RISQUE D\u2019\u00c9TOUFFEMENT &#8211; Petites pi\u00e8ces. Pas pour les enfants de moins de 3 ans.<\/p>\n<p>Contenu :<\/p>\n<p>1 trieur en bois<\/p>\n","protected":false},"excerpt":{"rendered":"<p>Num\u00e9ro d&#8217;article : gri10162<\/p>\n<p>L&#8217;arbre d&#8217;aide au tri en bois arc-en-ciel fait main et durable de Grimm&#8217;s est un jouet en bois pour le jeu de tri, les jeux et le rangement des anneaux de construction color\u00e9s.<\/p>\n","protected":false},"featured_media":30934,"comment_status":"open","ping_status":"closed","template":"","meta":[],"product_brand":[],"product_cat":[215,633,635,283,24865,17212,13130,626,23020,23021,1220,7595,217,5851,209,212,1219],"product_tag":[19768,17337,17463,8625,17332,17334,19537,17335,19763,19772,19771,17331,19764,19766,17336,19767,19769,19765,19770],"class_list":{"0":"post-36960","1":"product","2":"type-product","3":"status-publish","4":"has-post-thumbnail","6":"product_cat-3-6-ans","7":"product_cat-apprendre-les-couleurs","8":"product_cat-competences-motrices","9":"product_cat-domaines-du-curriculum","10":"product_cat-empilage-tri","11":"product_cat-grimms-fr","12":"product_cat-jouer","13":"product_cat-jouets-a-trier","14":"product_cat-jouets-en-bois","15":"product_cat-jouets-waldorf","16":"product_cat-traditionnelle","17":"product_cat-methode-deducation","18":"product_cat-marques","19":"product_cat-nouveautes","20":"product_cat-sensorielles-motrices","21":"product_cat-tranche-dage","22":"product_cat-waldorf-fr","23":"product_tag-arbre-de-tri-en-bois","24":"product_tag-arc-en-ciel-colore-en-bois-fait-main","25":"product_tag-assortiment-de-blocs-de-construction-en-bois-de-grimm","26":"product_tag-fabrique-en-allemagne","27":"product_tag-grimm-suisse","28":"product_tag-grimm-suisse-fr","29":"product_tag-grimms-aide-au-tri","30":"product_tag-grimme-suisse","31":"product_tag-jouet-de-tri-de-grimms","32":"product_tag-jouet-de-tri-montessori","33":"product_tag-jouet-de-tri-waldorf","34":"product_tag-jouets-en-bois-waldorf","35":"product_tag-larbre-de-tri-de-grimms","36":"product_tag-le-support-de-grimms-pour-les-anneaux","37":"product_tag-magasin-de-jouets-en-bois-grimm","38":"product_tag-porte-pinces-de-grimms-pour-anneaux","39":"product_tag-trieur-danneaux-en-bois","40":"product_tag-trieur-de-grimms-pour-les-anneaux","41":"product_tag-trieur-en-bois-pour-anneaux","43":"first","44":"outofstock","45":"taxable","46":"shipping-taxable","47":"purchasable","48":"product-type-simple"},"yoast_head":"<!-- This site is optimized with the Yoast SEO Premium plugin v25.8 (Yoast SEO v27.4) - https:\/\/yoast.com\/product\/yoast-seo-premium-wordpress\/ -->\n<title>Aide au tri arc-en-ciel pour les anneaux - Grimm&#039;s - Teia Education &amp; Play<\/title>\n<meta name=\"description\" content=\"L&#039;arbre d&#039;aide au tri en bois arc-en-ciel fait main et durable de Grimm&#039;s est un jouet en bois pour le jeu de tri, les jeux et le rangement des anneaux de construction color\u00e9s.\" \/>\n<meta name=\"robots\" content=\"index, follow, max-snippet:-1, max-image-preview:large, max-video-preview:-1\" \/>\n<link rel=\"canonical\" href=\"https:\/\/teiaeducation.ch\/fr\/produit\/aide-au-tri-arc-en-ciel-pour-anneaux-grimms\/\" \/>\n<meta property=\"og:locale\" content=\"fr_FR\" \/>\n<meta property=\"og:type\" content=\"article\" \/>\n<meta property=\"og:title\" content=\"Aide au tri arc-en-ciel pour les anneaux - Grimm&#039;s\" \/>\n<meta property=\"og:description\" content=\"L&#039;arbre d&#039;aide au tri en bois arc-en-ciel fait main et durable de Grimm&#039;s est un jouet en bois pour le jeu de tri, les jeux et le rangement des anneaux de construction color\u00e9s.\" \/>\n<meta property=\"og:url\" content=\"https:\/\/teiaeducation.ch\/fr\/produit\/aide-au-tri-arc-en-ciel-pour-anneaux-grimms\/\" \/>\n<meta property=\"og:site_name\" content=\"Sustainable Educational Products &amp; Ecological Toys\u00a0\" \/>\n<meta property=\"article:publisher\" content=\"https:\/\/www.facebook.com\/teiaeducation\/\" \/>\n<meta property=\"article:modified_time\" content=\"2025-10-01T09:20:44+00:00\" \/>\n<meta property=\"og:image\" content=\"https:\/\/teiaeducation.ch\/wp-content\/uploads\/2020\/10\/Rainbow-sorting-helper-for-rings-Grimms.jpg\" \/>\n\t<meta property=\"og:image:width\" content=\"900\" \/>\n\t<meta property=\"og:image:height\" content=\"900\" \/>\n\t<meta property=\"og:image:type\" content=\"image\/jpeg\" \/>\n<script type=\"application\/ld+json\" class=\"yoast-schema-graph\">{\"@context\":\"https:\\\/\\\/schema.org\",\"@graph\":[{\"@type\":\"WebPage\",\"@id\":\"https:\\\/\\\/teiaeducation.ch\\\/fr\\\/produit\\\/aide-au-tri-arc-en-ciel-pour-anneaux-grimms\\\/\",\"url\":\"https:\\\/\\\/teiaeducation.ch\\\/fr\\\/produit\\\/aide-au-tri-arc-en-ciel-pour-anneaux-grimms\\\/\",\"name\":\"Aide au tri arc-en-ciel pour les anneaux - Grimm's - Teia Education & Play\",\"isPartOf\":{\"@id\":\"https:\\\/\\\/teiaeducation.ch\\\/fr\\\/#website\"},\"primaryImageOfPage\":{\"@id\":\"https:\\\/\\\/teiaeducation.ch\\\/fr\\\/produit\\\/aide-au-tri-arc-en-ciel-pour-anneaux-grimms\\\/#primaryimage\"},\"image\":{\"@id\":\"https:\\\/\\\/teiaeducation.ch\\\/fr\\\/produit\\\/aide-au-tri-arc-en-ciel-pour-anneaux-grimms\\\/#primaryimage\"},\"thumbnailUrl\":\"https:\\\/\\\/teiaeducation.ch\\\/wp-content\\\/uploads\\\/2020\\\/10\\\/Rainbow-sorting-helper-for-rings-Grimms.jpg\",\"datePublished\":\"2020-11-28T12:08:41+00:00\",\"dateModified\":\"2025-10-01T09:20:44+00:00\",\"description\":\"L'arbre d'aide au tri en bois arc-en-ciel fait main et durable de Grimm's est un jouet en bois pour le jeu de tri, les jeux et le rangement des anneaux de construction color\u00e9s.\",\"breadcrumb\":{\"@id\":\"https:\\\/\\\/teiaeducation.ch\\\/fr\\\/produit\\\/aide-au-tri-arc-en-ciel-pour-anneaux-grimms\\\/#breadcrumb\"},\"inLanguage\":\"fr-FR\",\"potentialAction\":[{\"@type\":\"ReadAction\",\"target\":[\"https:\\\/\\\/teiaeducation.ch\\\/fr\\\/produit\\\/aide-au-tri-arc-en-ciel-pour-anneaux-grimms\\\/\"]}]},{\"@type\":\"ImageObject\",\"inLanguage\":\"fr-FR\",\"@id\":\"https:\\\/\\\/teiaeducation.ch\\\/fr\\\/produit\\\/aide-au-tri-arc-en-ciel-pour-anneaux-grimms\\\/#primaryimage\",\"url\":\"https:\\\/\\\/teiaeducation.ch\\\/wp-content\\\/uploads\\\/2020\\\/10\\\/Rainbow-sorting-helper-for-rings-Grimms.jpg\",\"contentUrl\":\"https:\\\/\\\/teiaeducation.ch\\\/wp-content\\\/uploads\\\/2020\\\/10\\\/Rainbow-sorting-helper-for-rings-Grimms.jpg\",\"width\":900,\"height\":900,\"caption\":\"Jouet en bois durable fait main Aide au tri arc-en-ciel pour les anneaux - Grimm's\"},{\"@type\":\"BreadcrumbList\",\"@id\":\"https:\\\/\\\/teiaeducation.ch\\\/fr\\\/produit\\\/aide-au-tri-arc-en-ciel-pour-anneaux-grimms\\\/#breadcrumb\",\"itemListElement\":[{\"@type\":\"ListItem\",\"position\":1,\"name\":\"Home\",\"item\":\"https:\\\/\\\/teiaeducation.ch\\\/fr\\\/\"},{\"@type\":\"ListItem\",\"position\":2,\"name\":\"Boutique Teia Education &amp; Play\",\"item\":\"https:\\\/\\\/teiaeducation.ch\\\/fr\\\/boutique\\\/\"},{\"@type\":\"ListItem\",\"position\":3,\"name\":\"Nos Marques\",\"item\":\"https:\\\/\\\/teiaeducation.ch\\\/fr\\\/categorie-produit\\\/marques\\\/\"},{\"@type\":\"ListItem\",\"position\":4,\"name\":\"Grimm's\",\"item\":\"https:\\\/\\\/teiaeducation.ch\\\/fr\\\/categorie-produit\\\/marques\\\/grimms-fr\\\/\"},{\"@type\":\"ListItem\",\"position\":5,\"name\":\"Aide au tri arc-en-ciel pour les anneaux &#8211; Grimm&#8217;s\"}]},{\"@type\":\"WebSite\",\"@id\":\"https:\\\/\\\/teiaeducation.ch\\\/fr\\\/#website\",\"url\":\"https:\\\/\\\/teiaeducation.ch\\\/fr\\\/\",\"name\":\"Sustainable Educational Products &amp; Ecological Toys\u00a0\",\"description\":\"Specialised Swiss shop selling sustainable educational toys and games, AMI certified Montessori materials, handmade ecological wooden Waldorf toys and arts &amp; crafts supplies, school supplies, children&#039;s furniture and Montessori reference and parenting books.\",\"publisher\":{\"@id\":\"https:\\\/\\\/teiaeducation.ch\\\/fr\\\/#organization\"},\"alternateName\":\"Teia Education & Play\",\"potentialAction\":[{\"@type\":\"SearchAction\",\"target\":{\"@type\":\"EntryPoint\",\"urlTemplate\":\"https:\\\/\\\/teiaeducation.ch\\\/fr\\\/?s={search_term_string}\"},\"query-input\":{\"@type\":\"PropertyValueSpecification\",\"valueRequired\":true,\"valueName\":\"search_term_string\"}}],\"inLanguage\":\"fr-FR\"},{\"@type\":\"Organization\",\"@id\":\"https:\\\/\\\/teiaeducation.ch\\\/fr\\\/#organization\",\"name\":\"Teia Education & Play\",\"url\":\"https:\\\/\\\/teiaeducation.ch\\\/fr\\\/\",\"logo\":{\"@type\":\"ImageObject\",\"inLanguage\":\"fr-FR\",\"@id\":\"https:\\\/\\\/teiaeducation.ch\\\/fr\\\/#\\\/schema\\\/logo\\\/image\\\/\",\"url\":\"https:\\\/\\\/teiaeducation.ch\\\/wp-content\\\/uploads\\\/2020\\\/11\\\/Teia-Education-Switzerland-e1620156442216.jpg\",\"contentUrl\":\"https:\\\/\\\/teiaeducation.ch\\\/wp-content\\\/uploads\\\/2020\\\/11\\\/Teia-Education-Switzerland-e1620156442216.jpg\",\"width\":166,\"height\":145,\"caption\":\"Teia Education & Play\"},\"image\":{\"@id\":\"https:\\\/\\\/teiaeducation.ch\\\/fr\\\/#\\\/schema\\\/logo\\\/image\\\/\"},\"sameAs\":[\"https:\\\/\\\/www.facebook.com\\\/teiaeducation\\\/\",\"https:\\\/\\\/x.com\\\/EducationTeia\",\"https:\\\/\\\/www.instagram.com\\\/teia.education\\\/\",\"https:\\\/\\\/www.linkedin.com\\\/company\\\/35501660\",\"https:\\\/\\\/www.pinterest.ch\\\/TeiaEducation\\\/\"]}]}<\/script>\n<meta property=\"product:price:amount\" content=\"33.90\" \/>\n<meta property=\"product:price:currency\" content=\"CHF\" \/>\n<meta property=\"og:availability\" content=\"out of stock\" \/>\n<meta property=\"product:availability\" content=\"out of stock\" \/>\n<meta property=\"product:retailer_item_id\" content=\"00000000000000000000000000000000000000000000030932\" \/>\n<meta property=\"product:condition\" content=\"new\" \/>\n<!-- \/ Yoast SEO Premium plugin. -->","yoast_head_json":{"title":"Aide au tri arc-en-ciel pour les anneaux - Grimm's - Teia Education & Play","description":"L'arbre d'aide au tri en bois arc-en-ciel fait main et durable de Grimm's est un jouet en bois pour le jeu de tri, les jeux et le rangement des anneaux de construction color\u00e9s.","robots":{"index":"index","follow":"follow","max-snippet":"max-snippet:-1","max-image-preview":"max-image-preview:large","max-video-preview":"max-video-preview:-1"},"canonical":"https:\/\/teiaeducation.ch\/fr\/produit\/aide-au-tri-arc-en-ciel-pour-anneaux-grimms\/","og_locale":"fr_FR","og_type":"article","og_title":"Aide au tri arc-en-ciel pour les anneaux - Grimm's","og_description":"L'arbre d'aide au tri en bois arc-en-ciel fait main et durable de Grimm's est un jouet en bois pour le jeu de tri, les jeux et le rangement des anneaux de construction color\u00e9s.","og_url":"https:\/\/teiaeducation.ch\/fr\/produit\/aide-au-tri-arc-en-ciel-pour-anneaux-grimms\/","og_site_name":"Sustainable Educational Products &amp; Ecological Toys\u00a0","article_publisher":"https:\/\/www.facebook.com\/teiaeducation\/","article_modified_time":"2025-10-01T09:20:44+00:00","og_image":[{"width":900,"height":900,"url":"https:\/\/teiaeducation.ch\/wp-content\/uploads\/2020\/10\/Rainbow-sorting-helper-for-rings-Grimms.jpg","type":"image\/jpeg"}],"schema":{"@context":"https:\/\/schema.org","@graph":[{"@type":"WebPage","@id":"https:\/\/teiaeducation.ch\/fr\/produit\/aide-au-tri-arc-en-ciel-pour-anneaux-grimms\/","url":"https:\/\/teiaeducation.ch\/fr\/produit\/aide-au-tri-arc-en-ciel-pour-anneaux-grimms\/","name":"Aide au tri arc-en-ciel pour les anneaux - Grimm's - Teia Education & Play","isPartOf":{"@id":"https:\/\/teiaeducation.ch\/fr\/#website"},"primaryImageOfPage":{"@id":"https:\/\/teiaeducation.ch\/fr\/produit\/aide-au-tri-arc-en-ciel-pour-anneaux-grimms\/#primaryimage"},"image":{"@id":"https:\/\/teiaeducation.ch\/fr\/produit\/aide-au-tri-arc-en-ciel-pour-anneaux-grimms\/#primaryimage"},"thumbnailUrl":"https:\/\/teiaeducation.ch\/wp-content\/uploads\/2020\/10\/Rainbow-sorting-helper-for-rings-Grimms.jpg","datePublished":"2020-11-28T12:08:41+00:00","dateModified":"2025-10-01T09:20:44+00:00","description":"L'arbre d'aide au tri en bois arc-en-ciel fait main et durable de Grimm's est un jouet en bois pour le jeu de tri, les jeux et le rangement des anneaux de construction color\u00e9s.","breadcrumb":{"@id":"https:\/\/teiaeducation.ch\/fr\/produit\/aide-au-tri-arc-en-ciel-pour-anneaux-grimms\/#breadcrumb"},"inLanguage":"fr-FR","potentialAction":[{"@type":"ReadAction","target":["https:\/\/teiaeducation.ch\/fr\/produit\/aide-au-tri-arc-en-ciel-pour-anneaux-grimms\/"]}]},{"@type":"ImageObject","inLanguage":"fr-FR","@id":"https:\/\/teiaeducation.ch\/fr\/produit\/aide-au-tri-arc-en-ciel-pour-anneaux-grimms\/#primaryimage","url":"https:\/\/teiaeducation.ch\/wp-content\/uploads\/2020\/10\/Rainbow-sorting-helper-for-rings-Grimms.jpg","contentUrl":"https:\/\/teiaeducation.ch\/wp-content\/uploads\/2020\/10\/Rainbow-sorting-helper-for-rings-Grimms.jpg","width":900,"height":900,"caption":"Jouet en bois durable fait main Aide au tri arc-en-ciel pour les anneaux - Grimm's"},{"@type":"BreadcrumbList","@id":"https:\/\/teiaeducation.ch\/fr\/produit\/aide-au-tri-arc-en-ciel-pour-anneaux-grimms\/#breadcrumb","itemListElement":[{"@type":"ListItem","position":1,"name":"Home","item":"https:\/\/teiaeducation.ch\/fr\/"},{"@type":"ListItem","position":2,"name":"Boutique Teia Education &amp; Play","item":"https:\/\/teiaeducation.ch\/fr\/boutique\/"},{"@type":"ListItem","position":3,"name":"Nos Marques","item":"https:\/\/teiaeducation.ch\/fr\/categorie-produit\/marques\/"},{"@type":"ListItem","position":4,"name":"Grimm's","item":"https:\/\/teiaeducation.ch\/fr\/categorie-produit\/marques\/grimms-fr\/"},{"@type":"ListItem","position":5,"name":"Aide au tri arc-en-ciel pour les anneaux &#8211; Grimm&#8217;s"}]},{"@type":"WebSite","@id":"https:\/\/teiaeducation.ch\/fr\/#website","url":"https:\/\/teiaeducation.ch\/fr\/","name":"Sustainable Educational Products &amp; Ecological Toys\u00a0","description":"Specialised Swiss shop selling sustainable educational toys and games, AMI certified Montessori materials, handmade ecological wooden Waldorf toys and arts &amp; crafts supplies, school supplies, children&#039;s furniture and Montessori reference and parenting books.","publisher":{"@id":"https:\/\/teiaeducation.ch\/fr\/#organization"},"alternateName":"Teia Education & Play","potentialAction":[{"@type":"SearchAction","target":{"@type":"EntryPoint","urlTemplate":"https:\/\/teiaeducation.ch\/fr\/?s={search_term_string}"},"query-input":{"@type":"PropertyValueSpecification","valueRequired":true,"valueName":"search_term_string"}}],"inLanguage":"fr-FR"},{"@type":"Organization","@id":"https:\/\/teiaeducation.ch\/fr\/#organization","name":"Teia Education & Play","url":"https:\/\/teiaeducation.ch\/fr\/","logo":{"@type":"ImageObject","inLanguage":"fr-FR","@id":"https:\/\/teiaeducation.ch\/fr\/#\/schema\/logo\/image\/","url":"https:\/\/teiaeducation.ch\/wp-content\/uploads\/2020\/11\/Teia-Education-Switzerland-e1620156442216.jpg","contentUrl":"https:\/\/teiaeducation.ch\/wp-content\/uploads\/2020\/11\/Teia-Education-Switzerland-e1620156442216.jpg","width":166,"height":145,"caption":"Teia Education & Play"},"image":{"@id":"https:\/\/teiaeducation.ch\/fr\/#\/schema\/logo\/image\/"},"sameAs":["https:\/\/www.facebook.com\/teiaeducation\/","https:\/\/x.com\/EducationTeia","https:\/\/www.instagram.com\/teia.education\/","https:\/\/www.linkedin.com\/company\/35501660","https:\/\/www.pinterest.ch\/TeiaEducation\/"]}]},"product_price_amount":"33.90","product_price_currency":"CHF","og_availability":"out of stock","product_availability":"out of stock","product_retailer_item_id":"00000000000000000000000000000000000000000000030932","product_condition":"new"},"_links":{"self":[{"href":"https:\/\/teiaeducation.ch\/fr\/wp-json\/wp\/v2\/product\/36960","targetHints":{"allow":["GET"]}}],"collection":[{"href":"https:\/\/teiaeducation.ch\/fr\/wp-json\/wp\/v2\/product"}],"about":[{"href":"https:\/\/teiaeducation.ch\/fr\/wp-json\/wp\/v2\/types\/product"}],"replies":[{"embeddable":true,"href":"https:\/\/teiaeducation.ch\/fr\/wp-json\/wp\/v2\/comments?post=36960"}],"wp:featuredmedia":[{"embeddable":true,"href":"https:\/\/teiaeducation.ch\/fr\/wp-json\/wp\/v2\/media\/30934"}],"wp:attachment":[{"href":"https:\/\/teiaeducation.ch\/fr\/wp-json\/wp\/v2\/media?parent=36960"}],"wp:term":[{"taxonomy":"product_brand","embeddable":true,"href":"https:\/\/teiaeducation.ch\/fr\/wp-json\/wp\/v2\/product_brand?post=36960"},{"taxonomy":"product_cat","embeddable":true,"href":"https:\/\/teiaeducation.ch\/fr\/wp-json\/wp\/v2\/product_cat?post=36960"},{"taxonomy":"product_tag","embeddable":true,"href":"https:\/\/teiaeducation.ch\/fr\/wp-json\/wp\/v2\/product_tag?post=36960"}],"curies":[{"name":"wp","href":"https:\/\/api.w.org\/{rel}","templated":true}]}}