{"id":36975,"date":"2021-06-07T13:58:31","date_gmt":"2021-06-07T11:58:31","guid":{"rendered":"https:\/\/teiaeducation.ch\/?post_type=product&#038;p=36975"},"modified":"2026-03-13T14:15:08","modified_gmt":"2026-03-13T13:15:08","slug":"wooden-weaving-frame-small-gluckskafer","status":"publish","type":"product","link":"https:\/\/teiaeducation.ch\/fr\/produit\/wooden-weaving-frame-small-gluckskafer\/","title":{"rendered":"Wooden weaving frame, small &#8211; Gl\u00fccksk\u00e4fer"},"content":{"rendered":"<p>Gl\u00fccksk\u00e4fer&#8217;s small weaving frame is a wooden loom is the perfect tool for introducing children to the traditional and fun Waldorf handicraft of <a href=\"https:\/\/teiaeducation.ch\/product-category\/creative-art-craft\/weaving\/\">weaving<\/a>. It is ideal for beginners learning to weave!<\/p>\n<p>This wooden loom for children is made up of a wooden frame with notches to thread your wool for the warp and 2 wooden shuttles to hold your wool as you weave the weft. The set also includes a stop comb to push down your weaving on the loom<\/p>\n<p>Weaving is a highly tactile experience and a fun, creative Waldorf handwork activity. It is taught in Waldorf Schools worldwide from around the age of 6 and projects can range from beginner to advanced.<\/p>\n<p>The Gl\u00fccksk\u00e4fer small wooden weaving frame measures 15 x 18 x 3cm and is suitable from 5 years and up. It is of a high quality and sustainably made in Europe from wood with natural, safe and non-toxic water-based finish.<\/p>\n<p>The craft of weaving has many benefits for children, including the development of fine motor dexterity, hand-eye coordination and the concentration and patience required for focused attention on a task. It enhances the ability to understand and follow processes and encourages problem solving skills in overcoming any mistakes.<\/p>\n<p>Weaving is a calming and satisfying handicraft, providing children with a sense of pride and achievement in their creations too. The sensorial experience of working with natural fibres creates an active connection to the natural world for both children. Weaving is used in both Montessori and Waldorf education and is one of the Waldorf handcrafts.<\/p>\n<p>German brand Gl\u00fccksk\u00e4fer are well-known in Waldorf and Montessori education for their child-size, real tools specially designed to help children grow in independence.<\/p>\n<p>Attention! Not suitable for children under 36 months due to the risk of impact in the throat area with sharp objects.<\/p>\n<p>Contents:<\/p>\n<p>1 wooden weaving frame 15 x 18 x 3cm<br \/>\n2 wooden shuttles<br \/>\n1 stop comb<br \/>\n(wool not included)<\/p>\n<h2>About Gl\u00fccksk\u00e4fer<\/h2>\n<p>German brand Gl\u00fccksk\u00e4fer is a small, ethical, family-run company that has been producing high-quality traditional\u00a0toys\u00a0for over 60 years. Designed following\u00a0<a href=\"https:\/\/teiaeducation.ch\/product-category\/education-method\/waldorf-steiner-toys-craft-materials\/\">Waldorf<\/a>\u00a0and\u00a0<a href=\"https:\/\/teiaeducation.ch\/product-category\/education-method\/the-montessori-pedagogy-materials-toys\/\">Montessori<\/a> principles and in collaboration with pedagogues, parents, doctors and midwives, the beautiful handmade Gl\u00fccksk\u00e4fer <a href=\"https:\/\/teiaeducation.ch\/product-category\/hgh-quality-toys-play\/\">toys<\/a>\u00a0aim to promote a child\u2019s development through creative and independent play. Their range of handmade toys and colourful play sets are a beautiful addition to toy shelves, a play room or to be featured in a window still!<\/p>\n<p>Ideal for playing with at home, nursery, Waldorf or <a href=\"https:\/\/teiaeducation.ch\/waldorf-steiner-schools-supplies\/\">Rudolf Steiner school<\/a>, the range of <a href=\"https:\/\/teiaeducation.ch\/product-category\/brands\/gluckskafer\/\">Gl\u00fccksk\u00e4fer<\/a> colourful shapes toys are\u00a0crafted by hand according to the <a href=\"https:\/\/teiaeducation.ch\/product-category\/hgh-quality-toys-play\/waldorf-toys\/\">Waldorf<\/a> philosophy which is well-known to encourage children to discover creative play independently and without limitations. The <a href=\"https:\/\/teiaeducation.ch\/product-category\/hgh-quality-toys-play\/handmade-wooden-toys\/\">wooden toys<\/a> are coloured by hand with non-toxic water-based paints and are not finished with lacquer to ensure the original characteristics of the wood and the grain shows through. The surface of the FSC certified European wood pieces are left slightly rough making them fully stackable and less slippery.<\/p>\n<p>Gl\u00fccksk\u00e4fer&#8217;s Waldorf-inspired wooden toys, range of children\u2019s tools, <a href=\"https:\/\/teiaeducation.ch\/product-category\/play\/imaginative-role-play\/\">pretend play<\/a> toys, children\u2019s furniture, wooden\u00a0<a href=\"https:\/\/teiaeducation.ch\/product-category\/celebrations\/birthdays\/\">birthday<\/a>\u00a0decorations and Waldorf <a href=\"https:\/\/teiaeducation.ch\/product-category\/creative-art-craft\/crafting-tools-storage\/\">crafting tools<\/a> are designed in Germany and made in Europe. The brand is part of traditional German toy makers Nic Toys, renowned for the highest standards of quality products designed to support child development manufactured ethically and sustainably.<\/p>\n<p>Each Gl\u00fccksk\u00e4fer toy is\u00a0CE certified and complies with the European standard for toy safety (EN 71).<\/p>\n","protected":false},"excerpt":{"rendered":"<p>Item number: 540011<\/p>\n<p>The Gl\u00fccksk\u00e4fer small wooden weaving frame is a perfect handwork tool for helping children learn to weave &#8211; a calming and satisfying Waldorf handicraft.<\/p>\n","protected":false},"featured_media":36977,"comment_status":"open","ping_status":"closed","template":"","meta":[],"product_brand":[32328],"product_cat":[97,119,10245,19624,7061,12030,5155,120,870,19607],"product_tag":[19800,19799,19803,19801,19790,18167,19782,19795,19796,19802,19793],"class_list":{"0":"post-36975","1":"product","2":"type-product","3":"status-publish","4":"has-post-thumbnail","6":"product_brand-gluckskafer","7":"product_cat-6-12-years-primary","8":"product_cat-age-range","9":"product_cat-creative-art-craft","10":"product_cat-crafting-tools-storage","11":"product_cat-learning-materials-toys-montessori-waldorf-froebel","12":"product_cat-gluckskafer-brands","13":"product_cat-new-arrivals","14":"product_cat-brands","15":"product_cat-waldorf-steiner-toys-craft-materials","16":"product_cat-weaving","17":"product_tag-childrens-loom","18":"product_tag-childrens-weaving-frame","19":"product_tag-childrens-weaving-frames-switzerland","20":"product_tag-gluckskafer-small-wooden-weaving-frame","21":"product_tag-gluckskafer-weaving-frame","22":"product_tag-made-in-europe","23":"product_tag-sustainable-weaving-frame","24":"product_tag-sustainable-weaving-supplies","25":"product_tag-sustainable-wooden-loom","26":"product_tag-weaving-frame-switzerland","27":"product_tag-wooden-loom-for-children","29":"first","30":"outofstock","31":"taxable","32":"shipping-taxable","33":"purchasable","34":"product-type-simple"},"yoast_head":"<!-- This site is optimized with the Yoast SEO plugin v27.3 - https:\/\/yoast.com\/product\/yoast-seo-wordpress\/ -->\n<title>Wooden weaving frame, small - Gl\u00fccksk\u00e4fer - Teia Education &amp; Play<\/title>\n<meta name=\"description\" content=\"The Gl\u00fccksk\u00e4fer small wooden weaving frame is perfect for helping children learn to weave - a calming and satisfying Waldorf handicraft.\" \/>\n<meta name=\"robots\" content=\"index, follow, max-snippet:-1, max-image-preview:large, max-video-preview:-1\" \/>\n<link rel=\"canonical\" href=\"https:\/\/teiaeducation.ch\/fr\/produit\/wooden-weaving-frame-small-gluckskafer\/\" \/>\n<meta property=\"og:locale\" content=\"fr_FR\" \/>\n<meta property=\"og:type\" content=\"article\" \/>\n<meta property=\"og:title\" content=\"Wooden weaving frame, small - Gl\u00fccksk\u00e4fer - Teia Education &amp; Play\" \/>\n<meta property=\"og:description\" content=\"The Gl\u00fccksk\u00e4fer small wooden weaving frame is perfect for helping children learn to weave - a calming and satisfying Waldorf handicraft.\" \/>\n<meta property=\"og:url\" content=\"https:\/\/teiaeducation.ch\/fr\/produit\/wooden-weaving-frame-small-gluckskafer\/\" \/>\n<meta property=\"og:site_name\" content=\"Sustainable Educational Products &amp; Ecological Toys\u00a0\" \/>\n<meta property=\"article:publisher\" content=\"https:\/\/www.facebook.com\/teiaeducation\/\" \/>\n<meta property=\"article:modified_time\" content=\"2026-03-13T13:15:08+00:00\" \/>\n<meta property=\"og:image\" content=\"https:\/\/teiaeducation.ch\/wp-content\/uploads\/2021\/06\/Wooden-weaving-frame-small-Gluckskafer.jpg\" \/>\n\t<meta property=\"og:image:width\" content=\"575\" \/>\n\t<meta property=\"og:image:height\" content=\"575\" \/>\n\t<meta property=\"og:image:type\" content=\"image\/jpeg\" \/>\n<script type=\"application\/ld+json\" class=\"yoast-schema-graph\">{\"@context\":\"https:\\\/\\\/schema.org\",\"@graph\":[{\"@type\":\"WebPage\",\"@id\":\"https:\\\/\\\/teiaeducation.ch\\\/fr\\\/produit\\\/wooden-weaving-frame-small-gluckskafer\\\/\",\"url\":\"https:\\\/\\\/teiaeducation.ch\\\/fr\\\/produit\\\/wooden-weaving-frame-small-gluckskafer\\\/\",\"name\":\"Wooden weaving frame, small - Gl\u00fccksk\u00e4fer - Teia Education & Play\",\"isPartOf\":{\"@id\":\"https:\\\/\\\/teiaeducation.ch\\\/fr\\\/#website\"},\"primaryImageOfPage\":{\"@id\":\"https:\\\/\\\/teiaeducation.ch\\\/fr\\\/produit\\\/wooden-weaving-frame-small-gluckskafer\\\/#primaryimage\"},\"image\":{\"@id\":\"https:\\\/\\\/teiaeducation.ch\\\/fr\\\/produit\\\/wooden-weaving-frame-small-gluckskafer\\\/#primaryimage\"},\"thumbnailUrl\":\"https:\\\/\\\/teiaeducation.ch\\\/wp-content\\\/uploads\\\/2021\\\/06\\\/Wooden-weaving-frame-small-Gluckskafer.jpg\",\"datePublished\":\"2021-06-07T11:58:31+00:00\",\"dateModified\":\"2026-03-13T13:15:08+00:00\",\"description\":\"The Gl\u00fccksk\u00e4fer small wooden weaving frame is perfect for helping children learn to weave - a calming and satisfying Waldorf handicraft.\",\"breadcrumb\":{\"@id\":\"https:\\\/\\\/teiaeducation.ch\\\/fr\\\/produit\\\/wooden-weaving-frame-small-gluckskafer\\\/#breadcrumb\"},\"inLanguage\":\"fr-FR\",\"potentialAction\":[{\"@type\":\"ReadAction\",\"target\":[\"https:\\\/\\\/teiaeducation.ch\\\/fr\\\/produit\\\/wooden-weaving-frame-small-gluckskafer\\\/\"]}]},{\"@type\":\"ImageObject\",\"inLanguage\":\"fr-FR\",\"@id\":\"https:\\\/\\\/teiaeducation.ch\\\/fr\\\/produit\\\/wooden-weaving-frame-small-gluckskafer\\\/#primaryimage\",\"url\":\"https:\\\/\\\/teiaeducation.ch\\\/wp-content\\\/uploads\\\/2021\\\/06\\\/Wooden-weaving-frame-small-Gluckskafer.jpg\",\"contentUrl\":\"https:\\\/\\\/teiaeducation.ch\\\/wp-content\\\/uploads\\\/2021\\\/06\\\/Wooden-weaving-frame-small-Gluckskafer.jpg\",\"width\":575,\"height\":575,\"caption\":\"Wooden small weaving frame (loom) \\\/ Waldorf handwork tools - Gl\u00fccksk\u00e4fer\"},{\"@type\":\"BreadcrumbList\",\"@id\":\"https:\\\/\\\/teiaeducation.ch\\\/fr\\\/produit\\\/wooden-weaving-frame-small-gluckskafer\\\/#breadcrumb\",\"itemListElement\":[{\"@type\":\"ListItem\",\"position\":1,\"name\":\"Home\",\"item\":\"https:\\\/\\\/teiaeducation.ch\\\/fr\\\/\"},{\"@type\":\"ListItem\",\"position\":2,\"name\":\"Boutique Teia Education &amp; Play\",\"item\":\"https:\\\/\\\/teiaeducation.ch\\\/fr\\\/boutique\\\/\"},{\"@type\":\"ListItem\",\"position\":3,\"name\":\"Nos Marques\",\"item\":\"https:\\\/\\\/teiaeducation.ch\\\/fr\\\/categorie-produit\\\/marques\\\/\"},{\"@type\":\"ListItem\",\"position\":4,\"name\":\"Gl\u00fccksk\u00e4fer\",\"item\":\"https:\\\/\\\/teiaeducation.ch\\\/fr\\\/categorie-produit\\\/marques\\\/gluckskafer-fr\\\/\"},{\"@type\":\"ListItem\",\"position\":5,\"name\":\"Wooden weaving frame, small &#8211; Gl\u00fccksk\u00e4fer\"}]},{\"@type\":\"WebSite\",\"@id\":\"https:\\\/\\\/teiaeducation.ch\\\/fr\\\/#website\",\"url\":\"https:\\\/\\\/teiaeducation.ch\\\/fr\\\/\",\"name\":\"Sustainable Educational Products &amp; Ecological Toys\u00a0\",\"description\":\"Specialised Swiss shop selling sustainable educational toys and games, AMI certified Montessori materials, handmade ecological wooden Waldorf toys and arts &amp; crafts supplies, school supplies, children&#039;s furniture and Montessori reference and parenting books.\",\"publisher\":{\"@id\":\"https:\\\/\\\/teiaeducation.ch\\\/fr\\\/#organization\"},\"alternateName\":\"Teia Education & Play\",\"potentialAction\":[{\"@type\":\"SearchAction\",\"target\":{\"@type\":\"EntryPoint\",\"urlTemplate\":\"https:\\\/\\\/teiaeducation.ch\\\/fr\\\/?s={search_term_string}\"},\"query-input\":{\"@type\":\"PropertyValueSpecification\",\"valueRequired\":true,\"valueName\":\"search_term_string\"}}],\"inLanguage\":\"fr-FR\"},{\"@type\":\"Organization\",\"@id\":\"https:\\\/\\\/teiaeducation.ch\\\/fr\\\/#organization\",\"name\":\"Teia Education & Play\",\"url\":\"https:\\\/\\\/teiaeducation.ch\\\/fr\\\/\",\"logo\":{\"@type\":\"ImageObject\",\"inLanguage\":\"fr-FR\",\"@id\":\"https:\\\/\\\/teiaeducation.ch\\\/fr\\\/#\\\/schema\\\/logo\\\/image\\\/\",\"url\":\"https:\\\/\\\/teiaeducation.ch\\\/wp-content\\\/uploads\\\/2020\\\/11\\\/Teia-Education-Switzerland-e1620156442216.jpg\",\"contentUrl\":\"https:\\\/\\\/teiaeducation.ch\\\/wp-content\\\/uploads\\\/2020\\\/11\\\/Teia-Education-Switzerland-e1620156442216.jpg\",\"width\":166,\"height\":145,\"caption\":\"Teia Education & Play\"},\"image\":{\"@id\":\"https:\\\/\\\/teiaeducation.ch\\\/fr\\\/#\\\/schema\\\/logo\\\/image\\\/\"},\"sameAs\":[\"https:\\\/\\\/www.facebook.com\\\/teiaeducation\\\/\",\"https:\\\/\\\/x.com\\\/EducationTeia\",\"https:\\\/\\\/www.instagram.com\\\/teia.education\\\/\",\"https:\\\/\\\/www.linkedin.com\\\/company\\\/35501660\",\"https:\\\/\\\/www.pinterest.ch\\\/TeiaEducation\\\/\"]}]}<\/script>\n<!-- \/ Yoast SEO plugin. -->","yoast_head_json":{"title":"Wooden weaving frame, small - Gl\u00fccksk\u00e4fer - Teia Education & Play","description":"The Gl\u00fccksk\u00e4fer small wooden weaving frame is perfect for helping children learn to weave - a calming and satisfying Waldorf handicraft.","robots":{"index":"index","follow":"follow","max-snippet":"max-snippet:-1","max-image-preview":"max-image-preview:large","max-video-preview":"max-video-preview:-1"},"canonical":"https:\/\/teiaeducation.ch\/fr\/produit\/wooden-weaving-frame-small-gluckskafer\/","og_locale":"fr_FR","og_type":"article","og_title":"Wooden weaving frame, small - Gl\u00fccksk\u00e4fer - Teia Education & Play","og_description":"The Gl\u00fccksk\u00e4fer small wooden weaving frame is perfect for helping children learn to weave - a calming and satisfying Waldorf handicraft.","og_url":"https:\/\/teiaeducation.ch\/fr\/produit\/wooden-weaving-frame-small-gluckskafer\/","og_site_name":"Sustainable Educational Products &amp; Ecological Toys\u00a0","article_publisher":"https:\/\/www.facebook.com\/teiaeducation\/","article_modified_time":"2026-03-13T13:15:08+00:00","og_image":[{"width":575,"height":575,"url":"https:\/\/teiaeducation.ch\/wp-content\/uploads\/2021\/06\/Wooden-weaving-frame-small-Gluckskafer.jpg","type":"image\/jpeg"}],"schema":{"@context":"https:\/\/schema.org","@graph":[{"@type":"WebPage","@id":"https:\/\/teiaeducation.ch\/fr\/produit\/wooden-weaving-frame-small-gluckskafer\/","url":"https:\/\/teiaeducation.ch\/fr\/produit\/wooden-weaving-frame-small-gluckskafer\/","name":"Wooden weaving frame, small - Gl\u00fccksk\u00e4fer - Teia Education & Play","isPartOf":{"@id":"https:\/\/teiaeducation.ch\/fr\/#website"},"primaryImageOfPage":{"@id":"https:\/\/teiaeducation.ch\/fr\/produit\/wooden-weaving-frame-small-gluckskafer\/#primaryimage"},"image":{"@id":"https:\/\/teiaeducation.ch\/fr\/produit\/wooden-weaving-frame-small-gluckskafer\/#primaryimage"},"thumbnailUrl":"https:\/\/teiaeducation.ch\/wp-content\/uploads\/2021\/06\/Wooden-weaving-frame-small-Gluckskafer.jpg","datePublished":"2021-06-07T11:58:31+00:00","dateModified":"2026-03-13T13:15:08+00:00","description":"The Gl\u00fccksk\u00e4fer small wooden weaving frame is perfect for helping children learn to weave - a calming and satisfying Waldorf handicraft.","breadcrumb":{"@id":"https:\/\/teiaeducation.ch\/fr\/produit\/wooden-weaving-frame-small-gluckskafer\/#breadcrumb"},"inLanguage":"fr-FR","potentialAction":[{"@type":"ReadAction","target":["https:\/\/teiaeducation.ch\/fr\/produit\/wooden-weaving-frame-small-gluckskafer\/"]}]},{"@type":"ImageObject","inLanguage":"fr-FR","@id":"https:\/\/teiaeducation.ch\/fr\/produit\/wooden-weaving-frame-small-gluckskafer\/#primaryimage","url":"https:\/\/teiaeducation.ch\/wp-content\/uploads\/2021\/06\/Wooden-weaving-frame-small-Gluckskafer.jpg","contentUrl":"https:\/\/teiaeducation.ch\/wp-content\/uploads\/2021\/06\/Wooden-weaving-frame-small-Gluckskafer.jpg","width":575,"height":575,"caption":"Wooden small weaving frame (loom) \/ Waldorf handwork tools - Gl\u00fccksk\u00e4fer"},{"@type":"BreadcrumbList","@id":"https:\/\/teiaeducation.ch\/fr\/produit\/wooden-weaving-frame-small-gluckskafer\/#breadcrumb","itemListElement":[{"@type":"ListItem","position":1,"name":"Home","item":"https:\/\/teiaeducation.ch\/fr\/"},{"@type":"ListItem","position":2,"name":"Boutique Teia Education &amp; Play","item":"https:\/\/teiaeducation.ch\/fr\/boutique\/"},{"@type":"ListItem","position":3,"name":"Nos Marques","item":"https:\/\/teiaeducation.ch\/fr\/categorie-produit\/marques\/"},{"@type":"ListItem","position":4,"name":"Gl\u00fccksk\u00e4fer","item":"https:\/\/teiaeducation.ch\/fr\/categorie-produit\/marques\/gluckskafer-fr\/"},{"@type":"ListItem","position":5,"name":"Wooden weaving frame, small &#8211; Gl\u00fccksk\u00e4fer"}]},{"@type":"WebSite","@id":"https:\/\/teiaeducation.ch\/fr\/#website","url":"https:\/\/teiaeducation.ch\/fr\/","name":"Sustainable Educational Products &amp; Ecological Toys\u00a0","description":"Specialised Swiss shop selling sustainable educational toys and games, AMI certified Montessori materials, handmade ecological wooden Waldorf toys and arts &amp; crafts supplies, school supplies, children&#039;s furniture and Montessori reference and parenting books.","publisher":{"@id":"https:\/\/teiaeducation.ch\/fr\/#organization"},"alternateName":"Teia Education & Play","potentialAction":[{"@type":"SearchAction","target":{"@type":"EntryPoint","urlTemplate":"https:\/\/teiaeducation.ch\/fr\/?s={search_term_string}"},"query-input":{"@type":"PropertyValueSpecification","valueRequired":true,"valueName":"search_term_string"}}],"inLanguage":"fr-FR"},{"@type":"Organization","@id":"https:\/\/teiaeducation.ch\/fr\/#organization","name":"Teia Education & Play","url":"https:\/\/teiaeducation.ch\/fr\/","logo":{"@type":"ImageObject","inLanguage":"fr-FR","@id":"https:\/\/teiaeducation.ch\/fr\/#\/schema\/logo\/image\/","url":"https:\/\/teiaeducation.ch\/wp-content\/uploads\/2020\/11\/Teia-Education-Switzerland-e1620156442216.jpg","contentUrl":"https:\/\/teiaeducation.ch\/wp-content\/uploads\/2020\/11\/Teia-Education-Switzerland-e1620156442216.jpg","width":166,"height":145,"caption":"Teia Education & Play"},"image":{"@id":"https:\/\/teiaeducation.ch\/fr\/#\/schema\/logo\/image\/"},"sameAs":["https:\/\/www.facebook.com\/teiaeducation\/","https:\/\/x.com\/EducationTeia","https:\/\/www.instagram.com\/teia.education\/","https:\/\/www.linkedin.com\/company\/35501660","https:\/\/www.pinterest.ch\/TeiaEducation\/"]}]}},"_links":{"self":[{"href":"https:\/\/teiaeducation.ch\/fr\/wp-json\/wp\/v2\/product\/36975","targetHints":{"allow":["GET"]}}],"collection":[{"href":"https:\/\/teiaeducation.ch\/fr\/wp-json\/wp\/v2\/product"}],"about":[{"href":"https:\/\/teiaeducation.ch\/fr\/wp-json\/wp\/v2\/types\/product"}],"replies":[{"embeddable":true,"href":"https:\/\/teiaeducation.ch\/fr\/wp-json\/wp\/v2\/comments?post=36975"}],"wp:featuredmedia":[{"embeddable":true,"href":"https:\/\/teiaeducation.ch\/fr\/wp-json\/wp\/v2\/media\/36977"}],"wp:attachment":[{"href":"https:\/\/teiaeducation.ch\/fr\/wp-json\/wp\/v2\/media?parent=36975"}],"wp:term":[{"taxonomy":"product_brand","embeddable":true,"href":"https:\/\/teiaeducation.ch\/fr\/wp-json\/wp\/v2\/product_brand?post=36975"},{"taxonomy":"product_cat","embeddable":true,"href":"https:\/\/teiaeducation.ch\/fr\/wp-json\/wp\/v2\/product_cat?post=36975"},{"taxonomy":"product_tag","embeddable":true,"href":"https:\/\/teiaeducation.ch\/fr\/wp-json\/wp\/v2\/product_tag?post=36975"}],"curies":[{"name":"wp","href":"https:\/\/api.w.org\/{rel}","templated":true}]}}