{"id":36997,"date":"2020-11-27T21:27:49","date_gmt":"2020-11-27T20:27:49","guid":{"rendered":"https:\/\/teiaeducation.ch\/product\/jeu-de-construction-roue-des-couleurs-pastel-grimms\/"},"modified":"2022-10-28T10:23:33","modified_gmt":"2022-10-28T08:23:33","slug":"ensemble-roue-des-couleurs-pastel-grimms","status":"publish","type":"product","link":"https:\/\/teiaeducation.ch\/fr\/produit\/ensemble-roue-des-couleurs-pastel-grimms\/","title":{"rendered":"Jeu de construction roue des couleurs pastel &#8211; Grimm&#8217;s"},"content":{"rendered":"<p>Roue des couleurs pastel, jeu de puzzle mandala de construction \/ Blocs en bois durables faits \u00e0 la main &#8211; Grimm&#8217;s<\/p>\n<p>Cette magnifique roue des couleurs compos\u00e9e de blocs de construction en bois durables fabriqu\u00e9s \u00e0 la main par Grimm&#8217;s est \u00e0 la fois un <a href=\"https:\/\/teiaeducation.ch\/product-category\/play\/wooden-puzzles\/\">puzzle<\/a> fascinant et un merveilleux compl\u00e9ment au jeu du petit monde et au jeu ouvert, ou pour cr\u00e9er des mandalas artistiques sans fin. Il s&#8217;agit de 36 blocs en bois aux jolies couleurs pastel dans un cadre circulaire en bois de 20 cm de diam\u00e8tre.<\/p>\n<p>Le jeu de construction Grimm&#8217;s roue des couleurs pastel est fabriqu\u00e9 en bois de tilleul et peint dans de jolis tons pastel avec une teinture non toxique \u00e0 base d&#8217;eau, ce qui le rend s\u00fbr pour les jeunes enfants. Le cadre en bois est recouvert d&#8217;une huile v\u00e9g\u00e9tale non toxique.<\/p>\n<p>\u00c9tudiez les teintes pastel apaisantes pour compl\u00e9ter le puzzle difficile ou utilisez les blocs aux formes int\u00e9ressantes et inspirantes pour construire, empiler ou embellir et d\u00e9corer votre petit monde de jeu. Les pi\u00e8ces s&#8217;harmonisent parfaitement avec les autres jouets de la collection pastel de Grimm&#8217;s.<\/p>\n<p>Parfait pour d\u00e9velopper la coordination \u0153il-main, la dext\u00e9rit\u00e9 et la motricit\u00e9 fine des enfants, ainsi que la concentration et la patience.<\/p>\n<p>Id\u00e9al pour jouer \u00e0 la maison, \u00e0 la cr\u00e8che, \u00e0 Waldorf ou \u00e0 l\u2019\u00e9cole Steiner, les beaux jouets en bois naturel de Grimms sont fabriqu\u00e9s selon la philosophie Waldorf qui est bien connue pour encourager les enfants \u00e0 d\u00e9couvrir le jeu cr\u00e9atif de mani\u00e8re ind\u00e9pendante, sans limitations et \u00e0 un rythme effr\u00e9n\u00e9. Les jouets en bois de Grimm&#8217;s sont color\u00e9s \u00e0 la main avec des peintures \u00e0 base d\u2019eau non toxiques et ne sont pas finis avec de la laque pour assurer les caract\u00e9ristiques originales du bois et pour qu&#8217;on puisse voir le grain \u00e0 travers. La surface des jouets fabriqu\u00e9s \u00e0 partir de bois europ\u00e9ens certifi\u00e9 FSC est laiss\u00e9e l\u00e9g\u00e8rement rugueuse, ce qui les rend plus facilement empilables et moins glissants.<\/p>\n<p>Les jouets en bois de Grimm&#8217;s sont fabriqu\u00e9s dans les manufacture de Grimm&#8217;s en Allemagne ainsi que dans plusieurs ateliers \u00e0 travers l\u2019Europe \u00e0 partir de diff\u00e9rents types de bois tels que l\u2019aulne, la chaux, le h\u00eatre et l\u2019\u00e9rable. Tout le bois utilis\u00e9 pour fabriquer les jouets de Grimm&#8217;s provient de for\u00eats europ\u00e9ennes g\u00e9r\u00e9es de mani\u00e8re durable.<\/p>\n<p>Veuillez noter que les jouets de Grimm&#8217;s sont toujours uniques, et portent des marques uniques faites par la nature. Le grain du bois a des structures et des couleurs changeantes qui servent de preuve de ses origines naturelles. Les variations uniques, les marques, les noeuds, les motifs, les rayures noires ou les taches sombres qui peuvent \u00eatre visibles dans le bois des jouets de Grimm&#8217;s sont une preuve de qualit\u00e9, et non des d\u00e9fauts.<\/p>\n<p>Le jeu de puzzle de construction de la roue aux couleurs pastel de Grimm&#8217;s convient aux enfants \u00e2g\u00e9s de 3 ans et plus.<\/p>\n<p>AVERTISSEMENT : RISQUE D&#8217;ETOUFFEMENT &#8211; Petites pi\u00e8ces. Pas pour les enfants de moins de 3 ans.<\/p>\n<p>Contenu :<\/p>\n<p>36 blocs en bois<br \/>\nUn plateau en bois<\/p>\n","protected":false},"excerpt":{"rendered":"<p>gri43365<\/p>\n<p>Le jeu de construction Grimm&#8217;s roue des couleurs pastel est un puzzle et un jeu de blocs de construction en bois durable fait \u00e0 la main, parfait pour jouer dans le petit monde !<\/p>\n","protected":false},"featured_media":30696,"comment_status":"open","ping_status":"closed","template":"","meta":[],"product_brand":[],"product_cat":[215,216,13150,24872,17212,17237,13130,23020,23021,13147,7595,217,5851,13148,212,1219],"product_tag":[17337,17463,17944,18018,8625,17334,17332,17335,19827,17462,17331,19823,17336,19825,19824,19826],"class_list":{"0":"post-36997","1":"product","2":"type-product","3":"status-publish","4":"has-post-thumbnail","6":"product_cat-3-6-ans","7":"product_cat-6-12-ans","8":"product_cat-blocs-de-construction-en-bois","9":"product_cat-construction-mondes-arc-en-ciel","10":"product_cat-grimms-fr","11":"product_cat-guide-cadeaux-puzzles-en-bois","12":"product_cat-jouer","13":"product_cat-jouets-en-bois","14":"product_cat-jouets-waldorf","15":"product_cat-mandalas-en-bois","16":"product_cat-methode-deducation","17":"product_cat-marques","18":"product_cat-nouveautes","19":"product_cat-puzzles-en-bois","20":"product_cat-tranche-dage","21":"product_cat-waldorf-fr","22":"product_tag-arc-en-ciel-colore-en-bois-fait-main","23":"product_tag-assortiment-de-blocs-de-construction-en-bois-de-grimm","24":"product_tag-blocs-de-bois-arc-en-ciel-de-grimm","25":"product_tag-blocs-de-construction-pastels-de-grimms","26":"product_tag-fabrique-en-allemagne","27":"product_tag-grimm-suisse-fr","28":"product_tag-grimm-suisse","29":"product_tag-grimme-suisse","30":"product_tag-jeu-de-construction-roue-des-couleurs-pastel-grimms","31":"product_tag-jeux-libres-en-bois","32":"product_tag-jouets-en-bois-waldorf","33":"product_tag-les-jouets-pastel-de-grimms","34":"product_tag-magasin-de-jouets-en-bois-grimm","35":"product_tag-mandalas-en-bois","36":"product_tag-puzzles-en-bois","37":"product_tag-roue-des-couleurs-pastel-grimms","39":"first","40":"outofstock","41":"taxable","42":"shipping-taxable","43":"purchasable","44":"product-type-simple"},"yoast_head":"<!-- This site is optimized with the Yoast SEO Premium plugin v25.8 (Yoast SEO v27.4) - https:\/\/yoast.com\/product\/yoast-seo-premium-wordpress\/ -->\n<title>Jeu de construction roue des couleurs pastel - Grimm&#039;s - Teia Education &amp; Play<\/title>\n<meta name=\"description\" content=\"Le jeu de construction Grimm&#039;s la roue des couleurs pastel est un puzzle en bois durable fait \u00e0 la main et un jeu de blocs de construction parfait pour le jeu du petit monde.\" \/>\n<meta name=\"robots\" content=\"index, follow, max-snippet:-1, max-image-preview:large, max-video-preview:-1\" \/>\n<link rel=\"canonical\" href=\"https:\/\/teiaeducation.ch\/fr\/produit\/ensemble-roue-des-couleurs-pastel-grimms\/\" \/>\n<meta property=\"og:locale\" content=\"fr_FR\" \/>\n<meta property=\"og:type\" content=\"article\" \/>\n<meta property=\"og:title\" content=\"Jeu de construction roue des couleurs pastel - Grimm&#039;s\" \/>\n<meta property=\"og:description\" content=\"Le jeu de construction Grimm&#039;s la roue des couleurs pastel est un puzzle en bois durable fait \u00e0 la main et un jeu de blocs de construction parfait pour le jeu du petit monde.\" \/>\n<meta property=\"og:url\" content=\"https:\/\/teiaeducation.ch\/fr\/produit\/ensemble-roue-des-couleurs-pastel-grimms\/\" \/>\n<meta property=\"og:site_name\" content=\"Sustainable Educational Products &amp; Ecological Toys\u00a0\" \/>\n<meta property=\"article:publisher\" content=\"https:\/\/www.facebook.com\/teiaeducation\/\" \/>\n<meta property=\"article:modified_time\" content=\"2022-10-28T08:23:33+00:00\" \/>\n<meta property=\"og:image\" content=\"https:\/\/teiaeducation.ch\/wp-content\/uploads\/2020\/10\/Pastel-colour-wheel-building-set-Grimms.jpg\" \/>\n\t<meta property=\"og:image:width\" content=\"900\" \/>\n\t<meta property=\"og:image:height\" content=\"900\" \/>\n\t<meta property=\"og:image:type\" content=\"image\/jpeg\" \/>\n<script type=\"application\/ld+json\" class=\"yoast-schema-graph\">{\"@context\":\"https:\\\/\\\/schema.org\",\"@graph\":[{\"@type\":\"WebPage\",\"@id\":\"https:\\\/\\\/teiaeducation.ch\\\/fr\\\/produit\\\/ensemble-roue-des-couleurs-pastel-grimms\\\/\",\"url\":\"https:\\\/\\\/teiaeducation.ch\\\/fr\\\/produit\\\/ensemble-roue-des-couleurs-pastel-grimms\\\/\",\"name\":\"Jeu de construction roue des couleurs pastel - Grimm's - Teia Education & Play\",\"isPartOf\":{\"@id\":\"https:\\\/\\\/teiaeducation.ch\\\/fr\\\/#website\"},\"primaryImageOfPage\":{\"@id\":\"https:\\\/\\\/teiaeducation.ch\\\/fr\\\/produit\\\/ensemble-roue-des-couleurs-pastel-grimms\\\/#primaryimage\"},\"image\":{\"@id\":\"https:\\\/\\\/teiaeducation.ch\\\/fr\\\/produit\\\/ensemble-roue-des-couleurs-pastel-grimms\\\/#primaryimage\"},\"thumbnailUrl\":\"https:\\\/\\\/teiaeducation.ch\\\/wp-content\\\/uploads\\\/2020\\\/10\\\/Pastel-colour-wheel-building-set-Grimms.jpg\",\"datePublished\":\"2020-11-27T20:27:49+00:00\",\"dateModified\":\"2022-10-28T08:23:33+00:00\",\"description\":\"Le jeu de construction Grimm's la roue des couleurs pastel est un puzzle en bois durable fait \u00e0 la main et un jeu de blocs de construction parfait pour le jeu du petit monde.\",\"breadcrumb\":{\"@id\":\"https:\\\/\\\/teiaeducation.ch\\\/fr\\\/produit\\\/ensemble-roue-des-couleurs-pastel-grimms\\\/#breadcrumb\"},\"inLanguage\":\"fr-FR\",\"potentialAction\":[{\"@type\":\"ReadAction\",\"target\":[\"https:\\\/\\\/teiaeducation.ch\\\/fr\\\/produit\\\/ensemble-roue-des-couleurs-pastel-grimms\\\/\"]}]},{\"@type\":\"ImageObject\",\"inLanguage\":\"fr-FR\",\"@id\":\"https:\\\/\\\/teiaeducation.ch\\\/fr\\\/produit\\\/ensemble-roue-des-couleurs-pastel-grimms\\\/#primaryimage\",\"url\":\"https:\\\/\\\/teiaeducation.ch\\\/wp-content\\\/uploads\\\/2020\\\/10\\\/Pastel-colour-wheel-building-set-Grimms.jpg\",\"contentUrl\":\"https:\\\/\\\/teiaeducation.ch\\\/wp-content\\\/uploads\\\/2020\\\/10\\\/Pastel-colour-wheel-building-set-Grimms.jpg\",\"width\":900,\"height\":900,\"caption\":\"blocs de puzzle mandala en bois durable faits main roue de couleur pastel jeu de construction - Grimm's\"},{\"@type\":\"BreadcrumbList\",\"@id\":\"https:\\\/\\\/teiaeducation.ch\\\/fr\\\/produit\\\/ensemble-roue-des-couleurs-pastel-grimms\\\/#breadcrumb\",\"itemListElement\":[{\"@type\":\"ListItem\",\"position\":1,\"name\":\"Home\",\"item\":\"https:\\\/\\\/teiaeducation.ch\\\/fr\\\/\"},{\"@type\":\"ListItem\",\"position\":2,\"name\":\"Boutique Teia Education &amp; Play\",\"item\":\"https:\\\/\\\/teiaeducation.ch\\\/fr\\\/boutique\\\/\"},{\"@type\":\"ListItem\",\"position\":3,\"name\":\"Nos Marques\",\"item\":\"https:\\\/\\\/teiaeducation.ch\\\/fr\\\/categorie-produit\\\/marques\\\/\"},{\"@type\":\"ListItem\",\"position\":4,\"name\":\"Grimm's\",\"item\":\"https:\\\/\\\/teiaeducation.ch\\\/fr\\\/categorie-produit\\\/marques\\\/grimms-fr\\\/\"},{\"@type\":\"ListItem\",\"position\":5,\"name\":\"Jeu de construction roue des couleurs pastel &#8211; Grimm&#8217;s\"}]},{\"@type\":\"WebSite\",\"@id\":\"https:\\\/\\\/teiaeducation.ch\\\/fr\\\/#website\",\"url\":\"https:\\\/\\\/teiaeducation.ch\\\/fr\\\/\",\"name\":\"Sustainable Educational Products &amp; Ecological Toys\u00a0\",\"description\":\"Specialised Swiss shop selling sustainable educational toys and games, AMI certified Montessori materials, handmade ecological wooden Waldorf toys and arts &amp; crafts supplies, school supplies, children&#039;s furniture and Montessori reference and parenting books.\",\"publisher\":{\"@id\":\"https:\\\/\\\/teiaeducation.ch\\\/fr\\\/#organization\"},\"alternateName\":\"Teia Education & Play\",\"potentialAction\":[{\"@type\":\"SearchAction\",\"target\":{\"@type\":\"EntryPoint\",\"urlTemplate\":\"https:\\\/\\\/teiaeducation.ch\\\/fr\\\/?s={search_term_string}\"},\"query-input\":{\"@type\":\"PropertyValueSpecification\",\"valueRequired\":true,\"valueName\":\"search_term_string\"}}],\"inLanguage\":\"fr-FR\"},{\"@type\":\"Organization\",\"@id\":\"https:\\\/\\\/teiaeducation.ch\\\/fr\\\/#organization\",\"name\":\"Teia Education & Play\",\"url\":\"https:\\\/\\\/teiaeducation.ch\\\/fr\\\/\",\"logo\":{\"@type\":\"ImageObject\",\"inLanguage\":\"fr-FR\",\"@id\":\"https:\\\/\\\/teiaeducation.ch\\\/fr\\\/#\\\/schema\\\/logo\\\/image\\\/\",\"url\":\"https:\\\/\\\/teiaeducation.ch\\\/wp-content\\\/uploads\\\/2020\\\/11\\\/Teia-Education-Switzerland-e1620156442216.jpg\",\"contentUrl\":\"https:\\\/\\\/teiaeducation.ch\\\/wp-content\\\/uploads\\\/2020\\\/11\\\/Teia-Education-Switzerland-e1620156442216.jpg\",\"width\":166,\"height\":145,\"caption\":\"Teia Education & Play\"},\"image\":{\"@id\":\"https:\\\/\\\/teiaeducation.ch\\\/fr\\\/#\\\/schema\\\/logo\\\/image\\\/\"},\"sameAs\":[\"https:\\\/\\\/www.facebook.com\\\/teiaeducation\\\/\",\"https:\\\/\\\/x.com\\\/EducationTeia\",\"https:\\\/\\\/www.instagram.com\\\/teia.education\\\/\",\"https:\\\/\\\/www.linkedin.com\\\/company\\\/35501660\",\"https:\\\/\\\/www.pinterest.ch\\\/TeiaEducation\\\/\"]}]}<\/script>\n<meta property=\"product:price:amount\" content=\"53.50\" \/>\n<meta property=\"product:price:currency\" content=\"CHF\" \/>\n<meta property=\"og:availability\" content=\"out of stock\" \/>\n<meta property=\"product:availability\" content=\"out of stock\" \/>\n<meta property=\"product:retailer_item_id\" content=\"00000000000000000000000000000000000000000000030688\" \/>\n<meta property=\"product:condition\" content=\"new\" \/>\n<!-- \/ Yoast SEO Premium plugin. -->","yoast_head_json":{"title":"Jeu de construction roue des couleurs pastel - Grimm's - Teia Education & Play","description":"Le jeu de construction Grimm's la roue des couleurs pastel est un puzzle en bois durable fait \u00e0 la main et un jeu de blocs de construction parfait pour le jeu du petit monde.","robots":{"index":"index","follow":"follow","max-snippet":"max-snippet:-1","max-image-preview":"max-image-preview:large","max-video-preview":"max-video-preview:-1"},"canonical":"https:\/\/teiaeducation.ch\/fr\/produit\/ensemble-roue-des-couleurs-pastel-grimms\/","og_locale":"fr_FR","og_type":"article","og_title":"Jeu de construction roue des couleurs pastel - Grimm's","og_description":"Le jeu de construction Grimm's la roue des couleurs pastel est un puzzle en bois durable fait \u00e0 la main et un jeu de blocs de construction parfait pour le jeu du petit monde.","og_url":"https:\/\/teiaeducation.ch\/fr\/produit\/ensemble-roue-des-couleurs-pastel-grimms\/","og_site_name":"Sustainable Educational Products &amp; Ecological Toys\u00a0","article_publisher":"https:\/\/www.facebook.com\/teiaeducation\/","article_modified_time":"2022-10-28T08:23:33+00:00","og_image":[{"width":900,"height":900,"url":"https:\/\/teiaeducation.ch\/wp-content\/uploads\/2020\/10\/Pastel-colour-wheel-building-set-Grimms.jpg","type":"image\/jpeg"}],"schema":{"@context":"https:\/\/schema.org","@graph":[{"@type":"WebPage","@id":"https:\/\/teiaeducation.ch\/fr\/produit\/ensemble-roue-des-couleurs-pastel-grimms\/","url":"https:\/\/teiaeducation.ch\/fr\/produit\/ensemble-roue-des-couleurs-pastel-grimms\/","name":"Jeu de construction roue des couleurs pastel - Grimm's - Teia Education & Play","isPartOf":{"@id":"https:\/\/teiaeducation.ch\/fr\/#website"},"primaryImageOfPage":{"@id":"https:\/\/teiaeducation.ch\/fr\/produit\/ensemble-roue-des-couleurs-pastel-grimms\/#primaryimage"},"image":{"@id":"https:\/\/teiaeducation.ch\/fr\/produit\/ensemble-roue-des-couleurs-pastel-grimms\/#primaryimage"},"thumbnailUrl":"https:\/\/teiaeducation.ch\/wp-content\/uploads\/2020\/10\/Pastel-colour-wheel-building-set-Grimms.jpg","datePublished":"2020-11-27T20:27:49+00:00","dateModified":"2022-10-28T08:23:33+00:00","description":"Le jeu de construction Grimm's la roue des couleurs pastel est un puzzle en bois durable fait \u00e0 la main et un jeu de blocs de construction parfait pour le jeu du petit monde.","breadcrumb":{"@id":"https:\/\/teiaeducation.ch\/fr\/produit\/ensemble-roue-des-couleurs-pastel-grimms\/#breadcrumb"},"inLanguage":"fr-FR","potentialAction":[{"@type":"ReadAction","target":["https:\/\/teiaeducation.ch\/fr\/produit\/ensemble-roue-des-couleurs-pastel-grimms\/"]}]},{"@type":"ImageObject","inLanguage":"fr-FR","@id":"https:\/\/teiaeducation.ch\/fr\/produit\/ensemble-roue-des-couleurs-pastel-grimms\/#primaryimage","url":"https:\/\/teiaeducation.ch\/wp-content\/uploads\/2020\/10\/Pastel-colour-wheel-building-set-Grimms.jpg","contentUrl":"https:\/\/teiaeducation.ch\/wp-content\/uploads\/2020\/10\/Pastel-colour-wheel-building-set-Grimms.jpg","width":900,"height":900,"caption":"blocs de puzzle mandala en bois durable faits main roue de couleur pastel jeu de construction - Grimm's"},{"@type":"BreadcrumbList","@id":"https:\/\/teiaeducation.ch\/fr\/produit\/ensemble-roue-des-couleurs-pastel-grimms\/#breadcrumb","itemListElement":[{"@type":"ListItem","position":1,"name":"Home","item":"https:\/\/teiaeducation.ch\/fr\/"},{"@type":"ListItem","position":2,"name":"Boutique Teia Education &amp; Play","item":"https:\/\/teiaeducation.ch\/fr\/boutique\/"},{"@type":"ListItem","position":3,"name":"Nos Marques","item":"https:\/\/teiaeducation.ch\/fr\/categorie-produit\/marques\/"},{"@type":"ListItem","position":4,"name":"Grimm's","item":"https:\/\/teiaeducation.ch\/fr\/categorie-produit\/marques\/grimms-fr\/"},{"@type":"ListItem","position":5,"name":"Jeu de construction roue des couleurs pastel &#8211; Grimm&#8217;s"}]},{"@type":"WebSite","@id":"https:\/\/teiaeducation.ch\/fr\/#website","url":"https:\/\/teiaeducation.ch\/fr\/","name":"Sustainable Educational Products &amp; Ecological Toys\u00a0","description":"Specialised Swiss shop selling sustainable educational toys and games, AMI certified Montessori materials, handmade ecological wooden Waldorf toys and arts &amp; crafts supplies, school supplies, children&#039;s furniture and Montessori reference and parenting books.","publisher":{"@id":"https:\/\/teiaeducation.ch\/fr\/#organization"},"alternateName":"Teia Education & Play","potentialAction":[{"@type":"SearchAction","target":{"@type":"EntryPoint","urlTemplate":"https:\/\/teiaeducation.ch\/fr\/?s={search_term_string}"},"query-input":{"@type":"PropertyValueSpecification","valueRequired":true,"valueName":"search_term_string"}}],"inLanguage":"fr-FR"},{"@type":"Organization","@id":"https:\/\/teiaeducation.ch\/fr\/#organization","name":"Teia Education & Play","url":"https:\/\/teiaeducation.ch\/fr\/","logo":{"@type":"ImageObject","inLanguage":"fr-FR","@id":"https:\/\/teiaeducation.ch\/fr\/#\/schema\/logo\/image\/","url":"https:\/\/teiaeducation.ch\/wp-content\/uploads\/2020\/11\/Teia-Education-Switzerland-e1620156442216.jpg","contentUrl":"https:\/\/teiaeducation.ch\/wp-content\/uploads\/2020\/11\/Teia-Education-Switzerland-e1620156442216.jpg","width":166,"height":145,"caption":"Teia Education & Play"},"image":{"@id":"https:\/\/teiaeducation.ch\/fr\/#\/schema\/logo\/image\/"},"sameAs":["https:\/\/www.facebook.com\/teiaeducation\/","https:\/\/x.com\/EducationTeia","https:\/\/www.instagram.com\/teia.education\/","https:\/\/www.linkedin.com\/company\/35501660","https:\/\/www.pinterest.ch\/TeiaEducation\/"]}]},"product_price_amount":"53.50","product_price_currency":"CHF","og_availability":"out of stock","product_availability":"out of stock","product_retailer_item_id":"00000000000000000000000000000000000000000000030688","product_condition":"new"},"_links":{"self":[{"href":"https:\/\/teiaeducation.ch\/fr\/wp-json\/wp\/v2\/product\/36997","targetHints":{"allow":["GET"]}}],"collection":[{"href":"https:\/\/teiaeducation.ch\/fr\/wp-json\/wp\/v2\/product"}],"about":[{"href":"https:\/\/teiaeducation.ch\/fr\/wp-json\/wp\/v2\/types\/product"}],"replies":[{"embeddable":true,"href":"https:\/\/teiaeducation.ch\/fr\/wp-json\/wp\/v2\/comments?post=36997"}],"wp:featuredmedia":[{"embeddable":true,"href":"https:\/\/teiaeducation.ch\/fr\/wp-json\/wp\/v2\/media\/30696"}],"wp:attachment":[{"href":"https:\/\/teiaeducation.ch\/fr\/wp-json\/wp\/v2\/media?parent=36997"}],"wp:term":[{"taxonomy":"product_brand","embeddable":true,"href":"https:\/\/teiaeducation.ch\/fr\/wp-json\/wp\/v2\/product_brand?post=36997"},{"taxonomy":"product_cat","embeddable":true,"href":"https:\/\/teiaeducation.ch\/fr\/wp-json\/wp\/v2\/product_cat?post=36997"},{"taxonomy":"product_tag","embeddable":true,"href":"https:\/\/teiaeducation.ch\/fr\/wp-json\/wp\/v2\/product_tag?post=36997"}],"curies":[{"name":"wp","href":"https:\/\/api.w.org\/{rel}","templated":true}]}}