{"id":36998,"date":"2020-11-27T21:15:21","date_gmt":"2020-11-27T20:15:21","guid":{"rendered":"https:\/\/teiaeducation.ch\/product\/les-grands-blocs-de-comptage-echelonnes-de-grimms\/"},"modified":"2021-10-07T09:42:32","modified_gmt":"2021-10-07T07:42:32","slug":"grands-blocs-comptage-echelonnes-grimms","status":"publish","type":"product","link":"https:\/\/teiaeducation.ch\/fr\/produit\/grands-blocs-comptage-echelonnes-grimms\/","title":{"rendered":"Les grands blocs de comptage \u00e9chelonn\u00e9s de Grimm&#8217;s"},"content":{"rendered":"<p>Grands blocs de comptage \u00e9chelonn\u00e9s \/ Blocs de construction en bois durables faits \u00e0 la main &#8211; Grimm&#8217;s<\/p>\n<p>Le jeu de blocs de comptage Grimm&#8217;s est un magnifique jeu de blocs de construction en bois durable, fabriqu\u00e9 \u00e0 la main, dans un arc-en-ciel de couleurs. Ce grand jeu de magnifiques blocs offre une introduction passionnante au monde des nombres, des fractions et des fondements des math\u00e9matiques, tout en invitant \u00e0 un plaisir infini de construction.<\/p>\n<p>Les grands blocs de <a href=\"https:\/\/teiaeducation.ch\/product-category\/curriculum-areas\/mathematics-numeracy\/counting\/\">comptage<\/a> \u00e0 \u00e9chelons de Grimm&#8217;s se composent de 100 blocs de 10 couleurs diff\u00e9rentes et vives dans un cadre en bois. Deux petits blocs turquoise sont aussi hauts qu&#8217;un bloc vert fonc\u00e9, et deux blocs vert fonc\u00e9 sont aussi hauts qu&#8217;un bloc jaune. Comparez-les, associez-les et mettez-les en ordre pour un apprentissage visuel et le d\u00e9veloppement de la motricit\u00e9 fine et de la pens\u00e9e spatiale par le jeu. Il est possible de jouer \u00e0 de nombreux jeux d&#8217;empilage, d&#8217;association et de construction et de cr\u00e9er de magnifiques tours et sculptures.<\/p>\n<p>Le grand jeu de blocs \u00e0 compter \u00e0 gradins de Grimm&#8217;s est fabriqu\u00e9 en bois de tilleul peint dans de magnifiques tons vifs avec une teinture non toxique \u00e0 base d&#8217;eau, ce qui le rend s\u00fbr pour les enfants. La hauteur des blocs varie de 1 \u00e0 10 cm. Le cadre en bois mesure 44,5 cm de long et est recouvert d&#8217;une finition non toxique \u00e0 base d&#8217;huile v\u00e9g\u00e9tale.<\/p>\n<p>Un ensemble extr\u00eamement attrayant et polyvalent pour l&#8217;apprentissage par le jeu pour les enfants plus jeunes et plus \u00e2g\u00e9s. Inspir\u00e9s de l&#8217;\u00e9ducation Montessori et Waldorf, ces blocs de comptage sont un bel ajout \u00e0 la salle de jeux ou \u00e0 la salle de classe !<\/p>\n<p>Id\u00e9al pour jouer \u00e0 la maison, \u00e0 la cr\u00e8che, \u00e0 Waldorf ou \u00e0 l\u2019\u00e9cole Steiner, les beaux jouets en bois naturel de Grimm&#8217;s sont fabriqu\u00e9s selon la philosophie Waldorf qui est bien connue pour encourager les enfants \u00e0 d\u00e9couvrir le jeu cr\u00e9atif de mani\u00e8re ind\u00e9pendante, sans limitations et \u00e0 un rythme effr\u00e9n\u00e9. Les jouets en bois de Grimm&#8217;s sont color\u00e9s \u00e0 la main avec des peintures \u00e0 base d\u2019eau non toxiques et ne sont pas finis avec de la laque pour assurer les caract\u00e9ristiques originales du bois et pour qu&#8217;on puisse voir le grain \u00e0 travers. La surface des jouets fabriqu\u00e9s \u00e0 partir de bois europ\u00e9ens certifi\u00e9 FSC est laiss\u00e9e l\u00e9g\u00e8rement rugueuse, ce qui les rend plus facilement empilables et moins glissants.<\/p>\n<p>Les jouets en bois de Grimm&#8217;s sont fabriqu\u00e9s dans les manufacture de Grimm&#8217;s en Allemagne ainsi que dans plusieurs ateliers \u00e0 travers l\u2019Europe \u00e0 partir de diff\u00e9rents types de bois tels que l\u2019aulne, la chaux, le h\u00eatre et l\u2019\u00e9rable. Tout le bois utilis\u00e9 pour fabriquer les jouets de Grimm&#8217;s provient de for\u00eats europ\u00e9ennes g\u00e9r\u00e9es de mani\u00e8re durable.<\/p>\n<p>Veuillez noter que les jouets de Grimm&#8217;s sont toujours uniques, et portent des marques uniques faites par la nature. Le grain du bois a des structures et des couleurs changeantes qui servent de preuve de ses origines naturelles. Les variations uniques, les marques, les noeuds, les motifs, les rayures noires ou les taches sombres qui peuvent \u00eatre visibles dans le bois des jouets de Grimm&#8217;s sont une preuve de qualit\u00e9, et non des d\u00e9fauts.<\/p>\n<p>Le jeu de blocs \u00e0 compter \u00e0 grands \u00e9chelons de Grimm&#8217;s convient aux enfants \u00e2g\u00e9s de 3 ans et plus.<\/p>\n<p>Contenu :<\/p>\n<p>100 blocs de construction (44.5 x 44.5cm)<br \/>\nUn cadre en bois<\/p>\n","protected":false},"excerpt":{"rendered":"<p>Num\u00e9ro d&#8217;article : gri42300<\/p>\n<p>Les grands blocs de comptage en bois durable fabriqu\u00e9s \u00e0 la main de Grimm&#8217;s aident \u00e0 d\u00e9velopper les comp\u00e9tences en math\u00e9matiques et en r\u00e9flexion spatiale par le jeu, la comparaison et la construction.<\/p>\n","protected":false},"featured_media":31264,"comment_status":"open","ping_status":"closed","template":"","meta":[],"product_brand":[],"product_cat":[8527,215,8580,216,24876,13128,633,13150,283,8526,17212,17241,13130,23020,23021,1220,13140,619,630,288,620,7595,217,5851,300,209,625,212,1219],"product_tag":[17337,17463,19828,17944,19830,19829,19834,8625,17332,17334,17335,17462,17331,19833,19832,19831,17336],"class_list":{"0":"post-36998","1":"product","2":"type-product","3":"status-publish","4":"has-post-thumbnail","6":"product_cat-3-6-ans-ecole-a-domicile","7":"product_cat-3-6-ans","8":"product_cat-6-12-ans-ecole-a-domicile","9":"product_cat-6-12-ans","10":"product_cat-apprendre-decouvrir","11":"product_cat-apprendre-a-compter","12":"product_cat-apprendre-les-couleurs","13":"product_cat-blocs-de-construction-en-bois","14":"product_cat-domaines-du-curriculum","15":"product_cat-fournitures-scolaires-a-domicile","16":"product_cat-grimms-fr","17":"product_cat-guide-cadeaux-3-6-ans","18":"product_cat-jouer","19":"product_cat-jouets-en-bois","20":"product_cat-jouets-waldorf","21":"product_cat-traditionnelle","22":"product_cat-jeu-libre","23":"product_cat-les-fractions","24":"product_cat-nombres","25":"product_cat-mathematiques-calcul","26":"product_cat-mesurer","27":"product_cat-methode-deducation","28":"product_cat-marques","29":"product_cat-nouveautes","30":"product_cat-poids-mesure","31":"product_cat-sensorielles-motrices","32":"product_cat-taille","33":"product_cat-tranche-dage","34":"product_cat-waldorf-fr","35":"product_tag-arc-en-ciel-colore-en-bois-fait-main","36":"product_tag-assortiment-de-blocs-de-construction-en-bois-de-grimm","37":"product_tag-blocs-arc-en-ciel-grimms","38":"product_tag-blocs-de-bois-arc-en-ciel-de-grimm","39":"product_tag-blocs-de-comptage-arc-en-ciel","40":"product_tag-blocs-en-bois-montessori","41":"product_tag-blocs-en-bois-pour-les-mathematiques","42":"product_tag-fabrique-en-allemagne","43":"product_tag-grimm-suisse","44":"product_tag-grimm-suisse-fr","45":"product_tag-grimme-suisse","46":"product_tag-jeux-libres-en-bois","47":"product_tag-jouets-en-bois-waldorf","48":"product_tag-les-blocs-de-comptage-de-grimms","49":"product_tag-les-blocs-echelonnes-de-grimms","50":"product_tag-les-grands-blocs-de-comptage-echelonnes-de-grimms","51":"product_tag-magasin-de-jouets-en-bois-grimm","53":"first","54":"outofstock","55":"taxable","56":"shipping-taxable","57":"purchasable","58":"product-type-simple"},"yoast_head":"<!-- This site is optimized with the Yoast SEO plugin v27.1.1 - https:\/\/yoast.com\/product\/yoast-seo-wordpress\/ -->\n<title>Les grands blocs de comptage \u00e9chelonn\u00e9s de Grimm&#039;s - Teia Education &amp; Play<\/title>\n<meta name=\"description\" content=\"Les grands blocs de comptage en bois durable fabriqu\u00e9s \u00e0 la main de Grimm&#039;s aident \u00e0 d\u00e9velopper les comp\u00e9tences en math\u00e9matiques et en r\u00e9flexion spatiale par le jeu, la comparaison et la construction.\" \/>\n<meta name=\"robots\" content=\"index, follow, max-snippet:-1, max-image-preview:large, max-video-preview:-1\" \/>\n<link rel=\"canonical\" href=\"https:\/\/teiaeducation.ch\/fr\/produit\/grands-blocs-comptage-echelonnes-grimms\/\" \/>\n<meta property=\"og:locale\" content=\"fr_FR\" \/>\n<meta property=\"og:type\" content=\"article\" \/>\n<meta property=\"og:title\" content=\"Les grands blocs de comptage \u00e9chelonn\u00e9s de Grimm&#039;s - Teia Education &amp; Play\" \/>\n<meta property=\"og:description\" content=\"Les grands blocs de comptage en bois durable fabriqu\u00e9s \u00e0 la main de Grimm&#039;s aident \u00e0 d\u00e9velopper les comp\u00e9tences en math\u00e9matiques et en r\u00e9flexion spatiale par le jeu, la comparaison et la construction.\" \/>\n<meta property=\"og:url\" content=\"https:\/\/teiaeducation.ch\/fr\/produit\/grands-blocs-comptage-echelonnes-grimms\/\" \/>\n<meta property=\"og:site_name\" content=\"Sustainable Educational Products &amp; Ecological Toys\u00a0\" \/>\n<meta property=\"article:publisher\" content=\"https:\/\/www.facebook.com\/teiaeducation\/\" \/>\n<meta property=\"article:modified_time\" content=\"2021-10-07T07:42:32+00:00\" \/>\n<meta property=\"og:image\" content=\"https:\/\/teiaeducation.ch\/wp-content\/uploads\/2020\/10\/Large-stepped-counting-blocks-Grimms01.jpg\" \/>\n\t<meta property=\"og:image:width\" content=\"900\" \/>\n\t<meta property=\"og:image:height\" content=\"900\" \/>\n\t<meta property=\"og:image:type\" content=\"image\/jpeg\" \/>\n<script type=\"application\/ld+json\" class=\"yoast-schema-graph\">{\"@context\":\"https:\/\/schema.org\",\"@graph\":[{\"@type\":\"WebPage\",\"@id\":\"https:\/\/teiaeducation.ch\/fr\/produit\/grands-blocs-comptage-echelonnes-grimms\/\",\"url\":\"https:\/\/teiaeducation.ch\/fr\/produit\/grands-blocs-comptage-echelonnes-grimms\/\",\"name\":\"Les grands blocs de comptage \u00e9chelonn\u00e9s de Grimm's - Teia Education & Play\",\"isPartOf\":{\"@id\":\"https:\/\/teiaeducation.ch\/fr\/#website\"},\"primaryImageOfPage\":{\"@id\":\"https:\/\/teiaeducation.ch\/fr\/produit\/grands-blocs-comptage-echelonnes-grimms\/#primaryimage\"},\"image\":{\"@id\":\"https:\/\/teiaeducation.ch\/fr\/produit\/grands-blocs-comptage-echelonnes-grimms\/#primaryimage\"},\"thumbnailUrl\":\"https:\/\/teiaeducation.ch\/wp-content\/uploads\/2020\/10\/Large-stepped-counting-blocks-Grimms01.jpg\",\"datePublished\":\"2020-11-27T20:15:21+00:00\",\"dateModified\":\"2021-10-07T07:42:32+00:00\",\"description\":\"Les grands blocs de comptage en bois durable fabriqu\u00e9s \u00e0 la main de Grimm's aident \u00e0 d\u00e9velopper les comp\u00e9tences en math\u00e9matiques et en r\u00e9flexion spatiale par le jeu, la comparaison et la construction.\",\"breadcrumb\":{\"@id\":\"https:\/\/teiaeducation.ch\/fr\/produit\/grands-blocs-comptage-echelonnes-grimms\/#breadcrumb\"},\"inLanguage\":\"fr-FR\",\"potentialAction\":[{\"@type\":\"ReadAction\",\"target\":[\"https:\/\/teiaeducation.ch\/fr\/produit\/grands-blocs-comptage-echelonnes-grimms\/\"]}]},{\"@type\":\"ImageObject\",\"inLanguage\":\"fr-FR\",\"@id\":\"https:\/\/teiaeducation.ch\/fr\/produit\/grands-blocs-comptage-echelonnes-grimms\/#primaryimage\",\"url\":\"https:\/\/teiaeducation.ch\/wp-content\/uploads\/2020\/10\/Large-stepped-counting-blocks-Grimms01.jpg\",\"contentUrl\":\"https:\/\/teiaeducation.ch\/wp-content\/uploads\/2020\/10\/Large-stepped-counting-blocks-Grimms01.jpg\",\"width\":900,\"height\":900,\"caption\":\"Blocs de comptage en bois durables faits main Grands blocs de comptage \u00e9chelonn\u00e9s - Grimm's\"},{\"@type\":\"BreadcrumbList\",\"@id\":\"https:\/\/teiaeducation.ch\/fr\/produit\/grands-blocs-comptage-echelonnes-grimms\/#breadcrumb\",\"itemListElement\":[{\"@type\":\"ListItem\",\"position\":1,\"name\":\"Home\",\"item\":\"https:\/\/teiaeducation.ch\/fr\/\"},{\"@type\":\"ListItem\",\"position\":2,\"name\":\"Boutique Teia Education &amp; Play\",\"item\":\"https:\/\/teiaeducation.ch\/fr\/boutique\/\"},{\"@type\":\"ListItem\",\"position\":3,\"name\":\"Nos Marques\",\"item\":\"https:\/\/teiaeducation.ch\/fr\/categorie-produit\/marques\/\"},{\"@type\":\"ListItem\",\"position\":4,\"name\":\"Grimm's\",\"item\":\"https:\/\/teiaeducation.ch\/fr\/categorie-produit\/marques\/grimms-fr\/\"},{\"@type\":\"ListItem\",\"position\":5,\"name\":\"Les grands blocs de comptage \u00e9chelonn\u00e9s de Grimm&#8217;s\"}]},{\"@type\":\"WebSite\",\"@id\":\"https:\/\/teiaeducation.ch\/fr\/#website\",\"url\":\"https:\/\/teiaeducation.ch\/fr\/\",\"name\":\"Sustainable Educational Products &amp; Ecological Toys\u00a0\",\"description\":\"Specialised Swiss shop selling sustainable educational toys and games, AMI certified Montessori materials, handmade ecological wooden Waldorf toys and arts &amp; crafts supplies, school supplies, children&#039;s furniture and Montessori reference and parenting books.\",\"publisher\":{\"@id\":\"https:\/\/teiaeducation.ch\/fr\/#organization\"},\"alternateName\":\"Teia Education & Play\",\"potentialAction\":[{\"@type\":\"SearchAction\",\"target\":{\"@type\":\"EntryPoint\",\"urlTemplate\":\"https:\/\/teiaeducation.ch\/fr\/?s={search_term_string}\"},\"query-input\":{\"@type\":\"PropertyValueSpecification\",\"valueRequired\":true,\"valueName\":\"search_term_string\"}}],\"inLanguage\":\"fr-FR\"},{\"@type\":\"Organization\",\"@id\":\"https:\/\/teiaeducation.ch\/fr\/#organization\",\"name\":\"Teia Education & Play\",\"url\":\"https:\/\/teiaeducation.ch\/fr\/\",\"logo\":{\"@type\":\"ImageObject\",\"inLanguage\":\"fr-FR\",\"@id\":\"https:\/\/teiaeducation.ch\/fr\/#\/schema\/logo\/image\/\",\"url\":\"https:\/\/teiaeducation.ch\/wp-content\/uploads\/2020\/11\/Teia-Education-Switzerland-e1620156442216.jpg\",\"contentUrl\":\"https:\/\/teiaeducation.ch\/wp-content\/uploads\/2020\/11\/Teia-Education-Switzerland-e1620156442216.jpg\",\"width\":166,\"height\":145,\"caption\":\"Teia Education & Play\"},\"image\":{\"@id\":\"https:\/\/teiaeducation.ch\/fr\/#\/schema\/logo\/image\/\"},\"sameAs\":[\"https:\/\/www.facebook.com\/teiaeducation\/\",\"https:\/\/x.com\/EducationTeia\",\"https:\/\/www.instagram.com\/teia.education\/\",\"https:\/\/www.linkedin.com\/company\/35501660\",\"https:\/\/www.pinterest.ch\/TeiaEducation\/\"]}]}<\/script>\n<!-- \/ Yoast SEO plugin. -->","yoast_head_json":{"title":"Les grands blocs de comptage \u00e9chelonn\u00e9s de Grimm's - Teia Education & Play","description":"Les grands blocs de comptage en bois durable fabriqu\u00e9s \u00e0 la main de Grimm's aident \u00e0 d\u00e9velopper les comp\u00e9tences en math\u00e9matiques et en r\u00e9flexion spatiale par le jeu, la comparaison et la construction.","robots":{"index":"index","follow":"follow","max-snippet":"max-snippet:-1","max-image-preview":"max-image-preview:large","max-video-preview":"max-video-preview:-1"},"canonical":"https:\/\/teiaeducation.ch\/fr\/produit\/grands-blocs-comptage-echelonnes-grimms\/","og_locale":"fr_FR","og_type":"article","og_title":"Les grands blocs de comptage \u00e9chelonn\u00e9s de Grimm's - Teia Education & Play","og_description":"Les grands blocs de comptage en bois durable fabriqu\u00e9s \u00e0 la main de Grimm's aident \u00e0 d\u00e9velopper les comp\u00e9tences en math\u00e9matiques et en r\u00e9flexion spatiale par le jeu, la comparaison et la construction.","og_url":"https:\/\/teiaeducation.ch\/fr\/produit\/grands-blocs-comptage-echelonnes-grimms\/","og_site_name":"Sustainable Educational Products &amp; Ecological Toys\u00a0","article_publisher":"https:\/\/www.facebook.com\/teiaeducation\/","article_modified_time":"2021-10-07T07:42:32+00:00","og_image":[{"width":900,"height":900,"url":"https:\/\/teiaeducation.ch\/wp-content\/uploads\/2020\/10\/Large-stepped-counting-blocks-Grimms01.jpg","type":"image\/jpeg"}],"schema":{"@context":"https:\/\/schema.org","@graph":[{"@type":"WebPage","@id":"https:\/\/teiaeducation.ch\/fr\/produit\/grands-blocs-comptage-echelonnes-grimms\/","url":"https:\/\/teiaeducation.ch\/fr\/produit\/grands-blocs-comptage-echelonnes-grimms\/","name":"Les grands blocs de comptage \u00e9chelonn\u00e9s de Grimm's - Teia Education & Play","isPartOf":{"@id":"https:\/\/teiaeducation.ch\/fr\/#website"},"primaryImageOfPage":{"@id":"https:\/\/teiaeducation.ch\/fr\/produit\/grands-blocs-comptage-echelonnes-grimms\/#primaryimage"},"image":{"@id":"https:\/\/teiaeducation.ch\/fr\/produit\/grands-blocs-comptage-echelonnes-grimms\/#primaryimage"},"thumbnailUrl":"https:\/\/teiaeducation.ch\/wp-content\/uploads\/2020\/10\/Large-stepped-counting-blocks-Grimms01.jpg","datePublished":"2020-11-27T20:15:21+00:00","dateModified":"2021-10-07T07:42:32+00:00","description":"Les grands blocs de comptage en bois durable fabriqu\u00e9s \u00e0 la main de Grimm's aident \u00e0 d\u00e9velopper les comp\u00e9tences en math\u00e9matiques et en r\u00e9flexion spatiale par le jeu, la comparaison et la construction.","breadcrumb":{"@id":"https:\/\/teiaeducation.ch\/fr\/produit\/grands-blocs-comptage-echelonnes-grimms\/#breadcrumb"},"inLanguage":"fr-FR","potentialAction":[{"@type":"ReadAction","target":["https:\/\/teiaeducation.ch\/fr\/produit\/grands-blocs-comptage-echelonnes-grimms\/"]}]},{"@type":"ImageObject","inLanguage":"fr-FR","@id":"https:\/\/teiaeducation.ch\/fr\/produit\/grands-blocs-comptage-echelonnes-grimms\/#primaryimage","url":"https:\/\/teiaeducation.ch\/wp-content\/uploads\/2020\/10\/Large-stepped-counting-blocks-Grimms01.jpg","contentUrl":"https:\/\/teiaeducation.ch\/wp-content\/uploads\/2020\/10\/Large-stepped-counting-blocks-Grimms01.jpg","width":900,"height":900,"caption":"Blocs de comptage en bois durables faits main Grands blocs de comptage \u00e9chelonn\u00e9s - Grimm's"},{"@type":"BreadcrumbList","@id":"https:\/\/teiaeducation.ch\/fr\/produit\/grands-blocs-comptage-echelonnes-grimms\/#breadcrumb","itemListElement":[{"@type":"ListItem","position":1,"name":"Home","item":"https:\/\/teiaeducation.ch\/fr\/"},{"@type":"ListItem","position":2,"name":"Boutique Teia Education &amp; Play","item":"https:\/\/teiaeducation.ch\/fr\/boutique\/"},{"@type":"ListItem","position":3,"name":"Nos Marques","item":"https:\/\/teiaeducation.ch\/fr\/categorie-produit\/marques\/"},{"@type":"ListItem","position":4,"name":"Grimm's","item":"https:\/\/teiaeducation.ch\/fr\/categorie-produit\/marques\/grimms-fr\/"},{"@type":"ListItem","position":5,"name":"Les grands blocs de comptage \u00e9chelonn\u00e9s de Grimm&#8217;s"}]},{"@type":"WebSite","@id":"https:\/\/teiaeducation.ch\/fr\/#website","url":"https:\/\/teiaeducation.ch\/fr\/","name":"Sustainable Educational Products &amp; Ecological Toys\u00a0","description":"Specialised Swiss shop selling sustainable educational toys and games, AMI certified Montessori materials, handmade ecological wooden Waldorf toys and arts &amp; crafts supplies, school supplies, children&#039;s furniture and Montessori reference and parenting books.","publisher":{"@id":"https:\/\/teiaeducation.ch\/fr\/#organization"},"alternateName":"Teia Education & Play","potentialAction":[{"@type":"SearchAction","target":{"@type":"EntryPoint","urlTemplate":"https:\/\/teiaeducation.ch\/fr\/?s={search_term_string}"},"query-input":{"@type":"PropertyValueSpecification","valueRequired":true,"valueName":"search_term_string"}}],"inLanguage":"fr-FR"},{"@type":"Organization","@id":"https:\/\/teiaeducation.ch\/fr\/#organization","name":"Teia Education & Play","url":"https:\/\/teiaeducation.ch\/fr\/","logo":{"@type":"ImageObject","inLanguage":"fr-FR","@id":"https:\/\/teiaeducation.ch\/fr\/#\/schema\/logo\/image\/","url":"https:\/\/teiaeducation.ch\/wp-content\/uploads\/2020\/11\/Teia-Education-Switzerland-e1620156442216.jpg","contentUrl":"https:\/\/teiaeducation.ch\/wp-content\/uploads\/2020\/11\/Teia-Education-Switzerland-e1620156442216.jpg","width":166,"height":145,"caption":"Teia Education & Play"},"image":{"@id":"https:\/\/teiaeducation.ch\/fr\/#\/schema\/logo\/image\/"},"sameAs":["https:\/\/www.facebook.com\/teiaeducation\/","https:\/\/x.com\/EducationTeia","https:\/\/www.instagram.com\/teia.education\/","https:\/\/www.linkedin.com\/company\/35501660","https:\/\/www.pinterest.ch\/TeiaEducation\/"]}]}},"_links":{"self":[{"href":"https:\/\/teiaeducation.ch\/fr\/wp-json\/wp\/v2\/product\/36998","targetHints":{"allow":["GET"]}}],"collection":[{"href":"https:\/\/teiaeducation.ch\/fr\/wp-json\/wp\/v2\/product"}],"about":[{"href":"https:\/\/teiaeducation.ch\/fr\/wp-json\/wp\/v2\/types\/product"}],"replies":[{"embeddable":true,"href":"https:\/\/teiaeducation.ch\/fr\/wp-json\/wp\/v2\/comments?post=36998"}],"wp:featuredmedia":[{"embeddable":true,"href":"https:\/\/teiaeducation.ch\/fr\/wp-json\/wp\/v2\/media\/31264"}],"wp:attachment":[{"href":"https:\/\/teiaeducation.ch\/fr\/wp-json\/wp\/v2\/media?parent=36998"}],"wp:term":[{"taxonomy":"product_brand","embeddable":true,"href":"https:\/\/teiaeducation.ch\/fr\/wp-json\/wp\/v2\/product_brand?post=36998"},{"taxonomy":"product_cat","embeddable":true,"href":"https:\/\/teiaeducation.ch\/fr\/wp-json\/wp\/v2\/product_cat?post=36998"},{"taxonomy":"product_tag","embeddable":true,"href":"https:\/\/teiaeducation.ch\/fr\/wp-json\/wp\/v2\/product_tag?post=36998"}],"curies":[{"name":"wp","href":"https:\/\/api.w.org\/{rel}","templated":true}]}}