{"id":36999,"date":"2020-11-27T21:05:26","date_gmt":"2020-11-27T20:05:26","guid":{"rendered":"https:\/\/teiaeducation.ch\/product\/rallye-des-dominos-de-couleurs-grimms\/"},"modified":"2025-07-09T11:12:26","modified_gmt":"2025-07-09T09:12:26","slug":"dominos-de-couleurs-rallye-grimms","status":"publish","type":"product","link":"https:\/\/teiaeducation.ch\/fr\/produit\/dominos-de-couleurs-rallye-grimms\/","title":{"rendered":"Rallye des dominos de couleurs &#8211; Grimm&#8217;s"},"content":{"rendered":"<p>Rallye des couleurs \/ Blocs de construction en bois durables faits main &#8211; Grimm&#8217;s<\/p>\n<p>Le rallye des dominos de couleurs de Grimm&#8217;s est un magnifique jeu de <a href=\"https:\/\/teiaeducation.ch\/product-category\/play\/wooden-building-blocks\/\">blocs<\/a> de construction offrant un potentiel illimit\u00e9 !<\/p>\n<p>Avec ses 29 paires de couleurs, ce jeu aide les enfants \u00e0 appr\u00e9cier le monde des couleurs, \u00e0 les assortir, \u00e0 les comparer et \u00e0 cr\u00e9er d&#8217;\u00e9tonnants rassemblements de dominos arc-en-ciel. L&#8217;ensemble comprend \u00e9galement 16 blocs de construction ainsi que les 58 cartes de couleurs pour un total de 74 blocs avec lesquels vous pourrez construire de fantastiques tours et structures color\u00e9es.<\/p>\n<p>Ouvrant un monde de cr\u00e9ativit\u00e9 et de design, aidant les enfants \u00e0 d\u00e9velopper leur motricit\u00e9 fine et leur pens\u00e9e spatiale, le rallye dominos de Grimm&#8217;s constitue \u00e9galement un merveilleux compl\u00e9ment aux autres jeux de blocs de construction et au jeu du petit monde.<\/p>\n<p>L&#8217;ensemble de rallye des dominos de Grimm&#8217;s est fabriqu\u00e9 en bois de tilleul. Les plaques du nuancier mesurent 4x8x1cm et les blocs de construction mesurent entre 1-6 cm avec une \u00e9paisseur de 4cm. Ils sont peints \u00e0 la main dans de magnifiques tons arc-en-ciel avec des colorants non toxiques \u00e0 base d&#8217;eau, ce qui les rend sans danger pour les jeunes enfants.<\/p>\n<p>Id\u00e9al pour jouer \u00e0 la maison, \u00e0 la cr\u00e8che, \u00e0 Waldorf ou \u00e0 l\u2019\u00e9cole Steiner, les beaux jouets en bois naturel de Grimms sont fabriqu\u00e9s selon la philosophie Waldorf qui est bien connue pour encourager les enfants \u00e0 d\u00e9couvrir le jeu cr\u00e9atif de mani\u00e8re ind\u00e9pendante, sans limitations et \u00e0 un rythme effr\u00e9n\u00e9. Les jouets en bois de Grimm&#8217;s sont color\u00e9s \u00e0 la main avec des peintures \u00e0 base d\u2019eau non toxiques et ne sont pas finis avec de la laque pour assurer les caract\u00e9ristiques originales du bois et pour qu&#8217;on puisse voir le grain \u00e0 travers. La surface des jouets fabriqu\u00e9s \u00e0 partir de bois europ\u00e9ens certifi\u00e9 FSC est laiss\u00e9e l\u00e9g\u00e8rement rugueuse, ce qui les rend plus facilement empilables et moins glissants.<\/p>\n<p>Les jouets en bois de Grimm&#8217;s sont fabriqu\u00e9s dans les manufacture de Grimm&#8217;s en Allemagne ainsi que dans plusieurs ateliers \u00e0 travers l\u2019Europe \u00e0 partir de diff\u00e9rents types de bois tels que l\u2019aulne, la chaux, le h\u00eatre et l\u2019\u00e9rable. Tout le bois utilis\u00e9 pour fabriquer les jouets de Grimm&#8217;s provient de for\u00eats europ\u00e9ennes g\u00e9r\u00e9es de mani\u00e8re durable.<\/p>\n<p>Veuillez noter que les jouets de Grimm&#8217;s sont toujours uniques, et portent des marques uniques faites par la nature. Le grain du bois a des structures et des couleurs changeantes qui servent de preuve de ses origines naturelles. Les variations uniques, les marques, les noeuds, les motifs, les rayures noires ou les taches sombres qui peuvent \u00eatre visibles dans le bois des jouets de Grimm&#8217;s sont une preuve de qualit\u00e9, et non des d\u00e9fauts.<\/p>\n<p>Le rallye des dominos de couleurs Grimm&#8217;s est recommand\u00e9 pour les enfants de 3 ans et plus et est sans danger \u00e0 partir de 1 an.<\/p>\n<p>Contenu :<\/p>\n<p>74 blocs dont 58 plaques et 16 blocs en 29 couleurs<\/p>\n","protected":false},"excerpt":{"rendered":"<p>Num\u00e9ro d&#8217;article : gri40376<\/p>\n<p>Le rallye des dominos de couleurs de Grimm&#8217;s est un jeu de blocs de construction en bois durable fabriqu\u00e9 \u00e0 la main pour la cr\u00e9ativit\u00e9 et l&#8217;appr\u00e9ciation des couleurs, la construction, l&#8217;empilage et les rallyes de dominos.<\/p>\n","protected":false},"featured_media":32425,"comment_status":"open","ping_status":"closed","template":"","meta":[],"product_brand":[],"product_cat":[215,216,633,13150,24872,17212,17241,13130,23020,23021,7595,217,5851,209,212,1219],"product_tag":[17337,17463,17944,19836,19838,19837,8625,17334,17332,17335,19748,17336,19835],"class_list":{"0":"post-36999","1":"product","2":"type-product","3":"status-publish","4":"has-post-thumbnail","6":"product_cat-3-6-ans","7":"product_cat-6-12-ans","8":"product_cat-apprendre-les-couleurs","9":"product_cat-blocs-de-construction-en-bois","10":"product_cat-construction-mondes-arc-en-ciel","11":"product_cat-grimms-fr","12":"product_cat-guide-cadeaux-3-6-ans","13":"product_cat-jouer","14":"product_cat-jouets-en-bois","15":"product_cat-jouets-waldorf","16":"product_cat-methode-deducation","17":"product_cat-marques","18":"product_cat-nouveautes","19":"product_cat-sensorielles-motrices","20":"product_cat-tranche-dage","21":"product_cat-waldorf-fr","22":"product_tag-arc-en-ciel-colore-en-bois-fait-main","23":"product_tag-assortiment-de-blocs-de-construction-en-bois-de-grimm","24":"product_tag-blocs-de-bois-arc-en-ciel-de-grimm","25":"product_tag-blocs-de-construction-en-bois-arc-en-ciel","26":"product_tag-blocs-de-construction-en-bois-colores","27":"product_tag-comparaison-des-couleurs-des-blocs-en-bois","28":"product_tag-fabrique-en-allemagne","29":"product_tag-grimm-suisse-fr","30":"product_tag-grimm-suisse","31":"product_tag-grimme-suisse","32":"product_tag-les-nuanciers-de-grimms","33":"product_tag-magasin-de-jouets-en-bois-grimm","34":"product_tag-rallye-des-dominos-de-couleurs-de-grimms","36":"first","37":"outofstock","38":"taxable","39":"shipping-taxable","40":"purchasable","41":"product-type-simple"},"yoast_head":"<!-- This site is optimized with the Yoast SEO plugin v27.1.1 - https:\/\/yoast.com\/product\/yoast-seo-wordpress\/ -->\n<title>Rallye des dominos de couleurs - Grimm&#039;s - Teia Education &amp; Play<\/title>\n<meta name=\"description\" content=\"Grimm&#039;s rallye des dominos de couleurs est un jeu de blocs de construction en bois durable fabriqu\u00e9 \u00e0 la main pour la cr\u00e9ativit\u00e9, l&#039;appr\u00e9ciation des couleurs, la construction, l&#039;empilage et les rallyes de dominos.\" \/>\n<meta name=\"robots\" content=\"index, follow, max-snippet:-1, max-image-preview:large, max-video-preview:-1\" \/>\n<link rel=\"canonical\" href=\"https:\/\/teiaeducation.ch\/fr\/produit\/dominos-de-couleurs-rallye-grimms\/\" \/>\n<meta property=\"og:locale\" content=\"fr_FR\" \/>\n<meta property=\"og:type\" content=\"article\" \/>\n<meta property=\"og:title\" content=\"Rallye des dominos de couleurs - Grimm&#039;s - Teia Education &amp; Play\" \/>\n<meta property=\"og:description\" content=\"Grimm&#039;s rallye des dominos de couleurs est un jeu de blocs de construction en bois durable fabriqu\u00e9 \u00e0 la main pour la cr\u00e9ativit\u00e9, l&#039;appr\u00e9ciation des couleurs, la construction, l&#039;empilage et les rallyes de dominos.\" \/>\n<meta property=\"og:url\" content=\"https:\/\/teiaeducation.ch\/fr\/produit\/dominos-de-couleurs-rallye-grimms\/\" \/>\n<meta property=\"og:site_name\" content=\"Sustainable Educational Products &amp; Ecological Toys\u00a0\" \/>\n<meta property=\"article:publisher\" content=\"https:\/\/www.facebook.com\/teiaeducation\/\" \/>\n<meta property=\"article:modified_time\" content=\"2025-07-09T09:12:26+00:00\" \/>\n<meta property=\"og:image\" content=\"https:\/\/teiaeducation.ch\/wp-content\/uploads\/2020\/11\/Colour-charts-rally-Grimms.4.jpg\" \/>\n\t<meta property=\"og:image:width\" content=\"900\" \/>\n\t<meta property=\"og:image:height\" content=\"900\" \/>\n\t<meta property=\"og:image:type\" content=\"image\/jpeg\" \/>\n<script type=\"application\/ld+json\" class=\"yoast-schema-graph\">{\"@context\":\"https:\/\/schema.org\",\"@graph\":[{\"@type\":\"WebPage\",\"@id\":\"https:\/\/teiaeducation.ch\/fr\/produit\/dominos-de-couleurs-rallye-grimms\/\",\"url\":\"https:\/\/teiaeducation.ch\/fr\/produit\/dominos-de-couleurs-rallye-grimms\/\",\"name\":\"Rallye des dominos de couleurs - Grimm's - Teia Education & Play\",\"isPartOf\":{\"@id\":\"https:\/\/teiaeducation.ch\/fr\/#website\"},\"primaryImageOfPage\":{\"@id\":\"https:\/\/teiaeducation.ch\/fr\/produit\/dominos-de-couleurs-rallye-grimms\/#primaryimage\"},\"image\":{\"@id\":\"https:\/\/teiaeducation.ch\/fr\/produit\/dominos-de-couleurs-rallye-grimms\/#primaryimage\"},\"thumbnailUrl\":\"https:\/\/teiaeducation.ch\/wp-content\/uploads\/2020\/11\/Colour-charts-rally-Grimms.4.jpg\",\"datePublished\":\"2020-11-27T20:05:26+00:00\",\"dateModified\":\"2025-07-09T09:12:26+00:00\",\"description\":\"Grimm's rallye des dominos de couleurs est un jeu de blocs de construction en bois durable fabriqu\u00e9 \u00e0 la main pour la cr\u00e9ativit\u00e9, l'appr\u00e9ciation des couleurs, la construction, l'empilage et les rallyes de dominos.\",\"breadcrumb\":{\"@id\":\"https:\/\/teiaeducation.ch\/fr\/produit\/dominos-de-couleurs-rallye-grimms\/#breadcrumb\"},\"inLanguage\":\"fr-FR\",\"potentialAction\":[{\"@type\":\"ReadAction\",\"target\":[\"https:\/\/teiaeducation.ch\/fr\/produit\/dominos-de-couleurs-rallye-grimms\/\"]}]},{\"@type\":\"ImageObject\",\"inLanguage\":\"fr-FR\",\"@id\":\"https:\/\/teiaeducation.ch\/fr\/produit\/dominos-de-couleurs-rallye-grimms\/#primaryimage\",\"url\":\"https:\/\/teiaeducation.ch\/wp-content\/uploads\/2020\/11\/Colour-charts-rally-Grimms.4.jpg\",\"contentUrl\":\"https:\/\/teiaeducation.ch\/wp-content\/uploads\/2020\/11\/Colour-charts-rally-Grimms.4.jpg\",\"width\":900,\"height\":900,\"caption\":\"Blocs de construction en bois durables faits main Rallye des couleurs - Grimm's\"},{\"@type\":\"BreadcrumbList\",\"@id\":\"https:\/\/teiaeducation.ch\/fr\/produit\/dominos-de-couleurs-rallye-grimms\/#breadcrumb\",\"itemListElement\":[{\"@type\":\"ListItem\",\"position\":1,\"name\":\"Home\",\"item\":\"https:\/\/teiaeducation.ch\/fr\/\"},{\"@type\":\"ListItem\",\"position\":2,\"name\":\"Boutique Teia Education &amp; Play\",\"item\":\"https:\/\/teiaeducation.ch\/fr\/boutique\/\"},{\"@type\":\"ListItem\",\"position\":3,\"name\":\"Nos Marques\",\"item\":\"https:\/\/teiaeducation.ch\/fr\/categorie-produit\/marques\/\"},{\"@type\":\"ListItem\",\"position\":4,\"name\":\"Grimm's\",\"item\":\"https:\/\/teiaeducation.ch\/fr\/categorie-produit\/marques\/grimms-fr\/\"},{\"@type\":\"ListItem\",\"position\":5,\"name\":\"Rallye des dominos de couleurs &#8211; Grimm&#8217;s\"}]},{\"@type\":\"WebSite\",\"@id\":\"https:\/\/teiaeducation.ch\/fr\/#website\",\"url\":\"https:\/\/teiaeducation.ch\/fr\/\",\"name\":\"Sustainable Educational Products &amp; Ecological Toys\u00a0\",\"description\":\"Specialised Swiss shop selling sustainable educational toys and games, AMI certified Montessori materials, handmade ecological wooden Waldorf toys and arts &amp; crafts supplies, school supplies, children&#039;s furniture and Montessori reference and parenting books.\",\"publisher\":{\"@id\":\"https:\/\/teiaeducation.ch\/fr\/#organization\"},\"alternateName\":\"Teia Education & Play\",\"potentialAction\":[{\"@type\":\"SearchAction\",\"target\":{\"@type\":\"EntryPoint\",\"urlTemplate\":\"https:\/\/teiaeducation.ch\/fr\/?s={search_term_string}\"},\"query-input\":{\"@type\":\"PropertyValueSpecification\",\"valueRequired\":true,\"valueName\":\"search_term_string\"}}],\"inLanguage\":\"fr-FR\"},{\"@type\":\"Organization\",\"@id\":\"https:\/\/teiaeducation.ch\/fr\/#organization\",\"name\":\"Teia Education & Play\",\"url\":\"https:\/\/teiaeducation.ch\/fr\/\",\"logo\":{\"@type\":\"ImageObject\",\"inLanguage\":\"fr-FR\",\"@id\":\"https:\/\/teiaeducation.ch\/fr\/#\/schema\/logo\/image\/\",\"url\":\"https:\/\/teiaeducation.ch\/wp-content\/uploads\/2020\/11\/Teia-Education-Switzerland-e1620156442216.jpg\",\"contentUrl\":\"https:\/\/teiaeducation.ch\/wp-content\/uploads\/2020\/11\/Teia-Education-Switzerland-e1620156442216.jpg\",\"width\":166,\"height\":145,\"caption\":\"Teia Education & Play\"},\"image\":{\"@id\":\"https:\/\/teiaeducation.ch\/fr\/#\/schema\/logo\/image\/\"},\"sameAs\":[\"https:\/\/www.facebook.com\/teiaeducation\/\",\"https:\/\/x.com\/EducationTeia\",\"https:\/\/www.instagram.com\/teia.education\/\",\"https:\/\/www.linkedin.com\/company\/35501660\",\"https:\/\/www.pinterest.ch\/TeiaEducation\/\"]}]}<\/script>\n<!-- \/ Yoast SEO plugin. -->","yoast_head_json":{"title":"Rallye des dominos de couleurs - Grimm's - Teia Education & Play","description":"Grimm's rallye des dominos de couleurs est un jeu de blocs de construction en bois durable fabriqu\u00e9 \u00e0 la main pour la cr\u00e9ativit\u00e9, l'appr\u00e9ciation des couleurs, la construction, l'empilage et les rallyes de dominos.","robots":{"index":"index","follow":"follow","max-snippet":"max-snippet:-1","max-image-preview":"max-image-preview:large","max-video-preview":"max-video-preview:-1"},"canonical":"https:\/\/teiaeducation.ch\/fr\/produit\/dominos-de-couleurs-rallye-grimms\/","og_locale":"fr_FR","og_type":"article","og_title":"Rallye des dominos de couleurs - Grimm's - Teia Education & Play","og_description":"Grimm's rallye des dominos de couleurs est un jeu de blocs de construction en bois durable fabriqu\u00e9 \u00e0 la main pour la cr\u00e9ativit\u00e9, l'appr\u00e9ciation des couleurs, la construction, l'empilage et les rallyes de dominos.","og_url":"https:\/\/teiaeducation.ch\/fr\/produit\/dominos-de-couleurs-rallye-grimms\/","og_site_name":"Sustainable Educational Products &amp; Ecological Toys\u00a0","article_publisher":"https:\/\/www.facebook.com\/teiaeducation\/","article_modified_time":"2025-07-09T09:12:26+00:00","og_image":[{"width":900,"height":900,"url":"https:\/\/teiaeducation.ch\/wp-content\/uploads\/2020\/11\/Colour-charts-rally-Grimms.4.jpg","type":"image\/jpeg"}],"schema":{"@context":"https:\/\/schema.org","@graph":[{"@type":"WebPage","@id":"https:\/\/teiaeducation.ch\/fr\/produit\/dominos-de-couleurs-rallye-grimms\/","url":"https:\/\/teiaeducation.ch\/fr\/produit\/dominos-de-couleurs-rallye-grimms\/","name":"Rallye des dominos de couleurs - Grimm's - Teia Education & Play","isPartOf":{"@id":"https:\/\/teiaeducation.ch\/fr\/#website"},"primaryImageOfPage":{"@id":"https:\/\/teiaeducation.ch\/fr\/produit\/dominos-de-couleurs-rallye-grimms\/#primaryimage"},"image":{"@id":"https:\/\/teiaeducation.ch\/fr\/produit\/dominos-de-couleurs-rallye-grimms\/#primaryimage"},"thumbnailUrl":"https:\/\/teiaeducation.ch\/wp-content\/uploads\/2020\/11\/Colour-charts-rally-Grimms.4.jpg","datePublished":"2020-11-27T20:05:26+00:00","dateModified":"2025-07-09T09:12:26+00:00","description":"Grimm's rallye des dominos de couleurs est un jeu de blocs de construction en bois durable fabriqu\u00e9 \u00e0 la main pour la cr\u00e9ativit\u00e9, l'appr\u00e9ciation des couleurs, la construction, l'empilage et les rallyes de dominos.","breadcrumb":{"@id":"https:\/\/teiaeducation.ch\/fr\/produit\/dominos-de-couleurs-rallye-grimms\/#breadcrumb"},"inLanguage":"fr-FR","potentialAction":[{"@type":"ReadAction","target":["https:\/\/teiaeducation.ch\/fr\/produit\/dominos-de-couleurs-rallye-grimms\/"]}]},{"@type":"ImageObject","inLanguage":"fr-FR","@id":"https:\/\/teiaeducation.ch\/fr\/produit\/dominos-de-couleurs-rallye-grimms\/#primaryimage","url":"https:\/\/teiaeducation.ch\/wp-content\/uploads\/2020\/11\/Colour-charts-rally-Grimms.4.jpg","contentUrl":"https:\/\/teiaeducation.ch\/wp-content\/uploads\/2020\/11\/Colour-charts-rally-Grimms.4.jpg","width":900,"height":900,"caption":"Blocs de construction en bois durables faits main Rallye des couleurs - Grimm's"},{"@type":"BreadcrumbList","@id":"https:\/\/teiaeducation.ch\/fr\/produit\/dominos-de-couleurs-rallye-grimms\/#breadcrumb","itemListElement":[{"@type":"ListItem","position":1,"name":"Home","item":"https:\/\/teiaeducation.ch\/fr\/"},{"@type":"ListItem","position":2,"name":"Boutique Teia Education &amp; Play","item":"https:\/\/teiaeducation.ch\/fr\/boutique\/"},{"@type":"ListItem","position":3,"name":"Nos Marques","item":"https:\/\/teiaeducation.ch\/fr\/categorie-produit\/marques\/"},{"@type":"ListItem","position":4,"name":"Grimm's","item":"https:\/\/teiaeducation.ch\/fr\/categorie-produit\/marques\/grimms-fr\/"},{"@type":"ListItem","position":5,"name":"Rallye des dominos de couleurs &#8211; Grimm&#8217;s"}]},{"@type":"WebSite","@id":"https:\/\/teiaeducation.ch\/fr\/#website","url":"https:\/\/teiaeducation.ch\/fr\/","name":"Sustainable Educational Products &amp; Ecological Toys\u00a0","description":"Specialised Swiss shop selling sustainable educational toys and games, AMI certified Montessori materials, handmade ecological wooden Waldorf toys and arts &amp; crafts supplies, school supplies, children&#039;s furniture and Montessori reference and parenting books.","publisher":{"@id":"https:\/\/teiaeducation.ch\/fr\/#organization"},"alternateName":"Teia Education & Play","potentialAction":[{"@type":"SearchAction","target":{"@type":"EntryPoint","urlTemplate":"https:\/\/teiaeducation.ch\/fr\/?s={search_term_string}"},"query-input":{"@type":"PropertyValueSpecification","valueRequired":true,"valueName":"search_term_string"}}],"inLanguage":"fr-FR"},{"@type":"Organization","@id":"https:\/\/teiaeducation.ch\/fr\/#organization","name":"Teia Education & Play","url":"https:\/\/teiaeducation.ch\/fr\/","logo":{"@type":"ImageObject","inLanguage":"fr-FR","@id":"https:\/\/teiaeducation.ch\/fr\/#\/schema\/logo\/image\/","url":"https:\/\/teiaeducation.ch\/wp-content\/uploads\/2020\/11\/Teia-Education-Switzerland-e1620156442216.jpg","contentUrl":"https:\/\/teiaeducation.ch\/wp-content\/uploads\/2020\/11\/Teia-Education-Switzerland-e1620156442216.jpg","width":166,"height":145,"caption":"Teia Education & Play"},"image":{"@id":"https:\/\/teiaeducation.ch\/fr\/#\/schema\/logo\/image\/"},"sameAs":["https:\/\/www.facebook.com\/teiaeducation\/","https:\/\/x.com\/EducationTeia","https:\/\/www.instagram.com\/teia.education\/","https:\/\/www.linkedin.com\/company\/35501660","https:\/\/www.pinterest.ch\/TeiaEducation\/"]}]}},"_links":{"self":[{"href":"https:\/\/teiaeducation.ch\/fr\/wp-json\/wp\/v2\/product\/36999","targetHints":{"allow":["GET"]}}],"collection":[{"href":"https:\/\/teiaeducation.ch\/fr\/wp-json\/wp\/v2\/product"}],"about":[{"href":"https:\/\/teiaeducation.ch\/fr\/wp-json\/wp\/v2\/types\/product"}],"replies":[{"embeddable":true,"href":"https:\/\/teiaeducation.ch\/fr\/wp-json\/wp\/v2\/comments?post=36999"}],"wp:featuredmedia":[{"embeddable":true,"href":"https:\/\/teiaeducation.ch\/fr\/wp-json\/wp\/v2\/media\/32425"}],"wp:attachment":[{"href":"https:\/\/teiaeducation.ch\/fr\/wp-json\/wp\/v2\/media?parent=36999"}],"wp:term":[{"taxonomy":"product_brand","embeddable":true,"href":"https:\/\/teiaeducation.ch\/fr\/wp-json\/wp\/v2\/product_brand?post=36999"},{"taxonomy":"product_cat","embeddable":true,"href":"https:\/\/teiaeducation.ch\/fr\/wp-json\/wp\/v2\/product_cat?post=36999"},{"taxonomy":"product_tag","embeddable":true,"href":"https:\/\/teiaeducation.ch\/fr\/wp-json\/wp\/v2\/product_tag?post=36999"}],"curies":[{"name":"wp","href":"https:\/\/api.w.org\/{rel}","templated":true}]}}