{"id":37002,"date":"2020-11-27T17:15:03","date_gmt":"2020-11-27T16:15:03","guid":{"rendered":"https:\/\/teiaeducation.ch\/product\/bracelet-hochet-de-perles-pastel-grimms\/"},"modified":"2023-06-14T22:21:11","modified_gmt":"2023-06-14T20:21:11","slug":"pastel-perle-bracelet-hochet-grimms","status":"publish","type":"product","link":"https:\/\/teiaeducation.ch\/fr\/produit\/pastel-perle-bracelet-hochet-grimms\/","title":{"rendered":"Bracelet hochet de perles pastel &#8211; Grimm&#8217;s"},"content":{"rendered":"<p>Bracelet hochet perles pastel \/ Jouet en bois durable fait main pour b\u00e9b\u00e9 &#8211; Grimm&#8217;s<\/p>\n<p>Le magnifique bracelet hochet \u00e0 perles en bois pastel de Grimm&#8217;s est le parfait\u00a0jouet de b\u00e9b\u00e9 en bois durable fait main pour les petites mains curieuses. Avec ses superbes perles aux couleurs pastel, il est amusant, attrayant et surtout s\u00fbr et naturel pour le jeu et la mise en bouche des b\u00e9b\u00e9s et des enfants d\u00e8s la naissance.<\/p>\n<p>Le bracelet hochet en perles pastel de Grimm&#8217;s mesure 11 cm de diam\u00e8tre. Chaque perle a un diam\u00e8tre de 3 cm et est sculpt\u00e9e dans du bois d&#8217;\u00e9rable. Les superbes couleurs pastel sont cr\u00e9\u00e9es avec des colorants non toxiques \u00e0 base d&#8217;eau. C\u2019est le premier cadeau parfait pour b\u00e9b\u00e9!<\/p>\n<p>Id\u00e9al pour jouer \u00e0 la maison, \u00e0 la cr\u00e8che, \u00e0 Waldorf ou \u00e0 l\u2019\u00e9cole Steiner, les beaux jouets en bois naturel de Grimms sont fabriqu\u00e9s selon la philosophie Waldorf qui est bien connue pour encourager les enfants \u00e0 d\u00e9couvrir le jeu cr\u00e9atif de mani\u00e8re ind\u00e9pendante, sans limitations et \u00e0 un rythme effr\u00e9n\u00e9. Les jouets en bois de Grimm&#8217;s sont color\u00e9s \u00e0 la main avec des peintures \u00e0 base d\u2019eau non toxiques et ne sont pas finis avec de la laque pour assurer les caract\u00e9ristiques originales du bois et pour qu&#8217;on puisse voir le grain \u00e0 travers. La surface des jouets fabriqu\u00e9s \u00e0 partir de bois europ\u00e9ens certifi\u00e9 FSC est laiss\u00e9e l\u00e9g\u00e8rement rugueuse, ce qui les rend plus facilement empilables et moins glissants.<\/p>\n<p>Les jouets en bois de Grimm&#8217;s sont fabriqu\u00e9s dans les manufacture de Grimm&#8217;s en Allemagne ainsi que dans plusieurs ateliers \u00e0 travers l\u2019Europe \u00e0 partir de diff\u00e9rents types de bois tels que l\u2019aulne, la chaux, le h\u00eatre et l\u2019\u00e9rable. Tout le bois utilis\u00e9 pour fabriquer les jouets de Grimm&#8217;s provient de for\u00eats europ\u00e9ennes g\u00e9r\u00e9es de mani\u00e8re durable.<\/p>\n<p>Veuillez noter que les jouets de Grimm&#8217;s sont toujours uniques, et portent des marques uniques faites par la nature. Le grain du bois a des structures et des couleurs changeantes qui servent de preuve de ses origines naturelles. Les variations uniques, les marques, les noeuds, les motifs, les rayures noires ou les taches sombres qui peuvent \u00eatre visibles dans le bois des jouets de Grimm&#8217;s sont une preuve de qualit\u00e9, et non des d\u00e9fauts.<\/p>\n<p>Le bracelet hochet \u00e0 perles pastel de Grimm&#8217;s convient aux enfants \u00e0 partir de 0 an.<\/p>\n<p>Contenu :<\/p>\n<p>1 jouet pour b\u00e9b\u00e9 en perles de bois<\/p>\n","protected":false},"excerpt":{"rendered":"<p>Num\u00e9ro d&#8217;article : gri08136<\/p>\n<p>Le magnifique bracelet hochet \u00e0 perles en bois pastel de Grimm&#8217;s est le parfait jouet en bois durable fabriqu\u00e9 \u00e0 la main pour les petites mains curieuses qui le tiennent et jouent avec !<\/p>\n","protected":false},"featured_media":32648,"comment_status":"open","ping_status":"closed","template":"","meta":[],"product_brand":[],"product_cat":[25968,22032,17212,17243,21257,24864,13132,13130,13149,23020,23021,217,5851,24313,212],"product_tag":[17334,17332,19847,17335,17339,17340,17338,19845,19846,17341,17333,17342,19548],"class_list":{"0":"post-37002","1":"product","2":"type-product","3":"status-publish","4":"has-post-thumbnail","6":"product_cat-0-12-mois-bebe","7":"product_cat-cadeaux-du-calendrier-de-lavent-et-de-noel","8":"product_cat-grimms-fr","9":"product_cat-guide-cadeaux-0-12-mois","10":"product_cat-guides-cadeaux","11":"product_cat-hochets-prehension","12":"product_cat-hochets-bebes","13":"product_cat-jouer","14":"product_cat-jouets-de-dentition","15":"product_cat-jouets-en-bois","16":"product_cat-jouets-waldorf","17":"product_cat-marques","18":"product_cat-nouveautes","19":"product_cat-saint-valentin","20":"product_cat-tranche-dage","21":"product_tag-grimm-suisse-fr","22":"product_tag-grimm-suisse","23":"product_tag-grimms-pastel-bracelet-hochet-a-perles","24":"product_tag-grimme-suisse","25":"product_tag-hochet-de-grimm","26":"product_tag-hochet-en-bois-de-grimm","27":"product_tag-hochet-waldorf","28":"product_tag-jouet-en-bois-durable-fait-a-la-main-pour-bebe","29":"product_tag-jouet-pour-bebe-grimms-perles-pastel","30":"product_tag-jouets-pour-bebe-durables","31":"product_tag-jouets-pour-bebe-en-bois","32":"product_tag-jouets-pour-bebes-ecologiques","33":"product_tag-le-jouet-pour-bebe-de-grimms","35":"first","36":"outofstock","37":"taxable","38":"shipping-taxable","39":"purchasable","40":"product-type-simple"},"yoast_head":"<!-- This site is optimized with the Yoast SEO plugin v27.1.1 - https:\/\/yoast.com\/product\/yoast-seo-wordpress\/ -->\n<title>Le bracelet hochet en perles pastel de Grimm&#039;s -<\/title>\n<meta name=\"description\" content=\"Le magnifique bracelet hochet en perles de bois pastel de Grimm&#039;s est le parfait jouet en bois durable fait main pour les petites mains curieuses.\" \/>\n<meta name=\"robots\" content=\"index, follow, max-snippet:-1, max-image-preview:large, max-video-preview:-1\" \/>\n<link rel=\"canonical\" href=\"https:\/\/teiaeducation.ch\/fr\/produit\/pastel-perle-bracelet-hochet-grimms\/\" \/>\n<meta property=\"og:locale\" content=\"fr_FR\" \/>\n<meta property=\"og:type\" content=\"article\" \/>\n<meta property=\"og:title\" content=\"Le bracelet hochet en perles pastel de Grimm&#039;s -\" \/>\n<meta property=\"og:description\" content=\"Le magnifique bracelet hochet en perles de bois pastel de Grimm&#039;s est le parfait jouet en bois durable fait main pour les petites mains curieuses.\" \/>\n<meta property=\"og:url\" content=\"https:\/\/teiaeducation.ch\/fr\/produit\/pastel-perle-bracelet-hochet-grimms\/\" \/>\n<meta property=\"og:site_name\" content=\"Sustainable Educational Products &amp; Ecological Toys\u00a0\" \/>\n<meta property=\"article:publisher\" content=\"https:\/\/www.facebook.com\/teiaeducation\/\" \/>\n<meta property=\"article:modified_time\" content=\"2023-06-14T20:21:11+00:00\" \/>\n<meta property=\"og:image\" content=\"https:\/\/teiaeducation.ch\/wp-content\/uploads\/2020\/11\/Pastel-bead-grasper-Grimms.jpg\" \/>\n\t<meta property=\"og:image:width\" content=\"900\" \/>\n\t<meta property=\"og:image:height\" content=\"900\" \/>\n\t<meta property=\"og:image:type\" content=\"image\/jpeg\" \/>\n<script type=\"application\/ld+json\" class=\"yoast-schema-graph\">{\"@context\":\"https:\/\/schema.org\",\"@graph\":[{\"@type\":\"WebPage\",\"@id\":\"https:\/\/teiaeducation.ch\/fr\/produit\/pastel-perle-bracelet-hochet-grimms\/\",\"url\":\"https:\/\/teiaeducation.ch\/fr\/produit\/pastel-perle-bracelet-hochet-grimms\/\",\"name\":\"Le bracelet hochet en perles pastel de Grimm's -\",\"isPartOf\":{\"@id\":\"https:\/\/teiaeducation.ch\/fr\/#website\"},\"primaryImageOfPage\":{\"@id\":\"https:\/\/teiaeducation.ch\/fr\/produit\/pastel-perle-bracelet-hochet-grimms\/#primaryimage\"},\"image\":{\"@id\":\"https:\/\/teiaeducation.ch\/fr\/produit\/pastel-perle-bracelet-hochet-grimms\/#primaryimage\"},\"thumbnailUrl\":\"https:\/\/teiaeducation.ch\/wp-content\/uploads\/2020\/11\/Pastel-bead-grasper-Grimms.jpg\",\"datePublished\":\"2020-11-27T16:15:03+00:00\",\"dateModified\":\"2023-06-14T20:21:11+00:00\",\"description\":\"Le magnifique bracelet hochet en perles de bois pastel de Grimm's est le parfait jouet en bois durable fait main pour les petites mains curieuses.\",\"breadcrumb\":{\"@id\":\"https:\/\/teiaeducation.ch\/fr\/produit\/pastel-perle-bracelet-hochet-grimms\/#breadcrumb\"},\"inLanguage\":\"fr-FR\",\"potentialAction\":[{\"@type\":\"ReadAction\",\"target\":[\"https:\/\/teiaeducation.ch\/fr\/produit\/pastel-perle-bracelet-hochet-grimms\/\"]}]},{\"@type\":\"ImageObject\",\"inLanguage\":\"fr-FR\",\"@id\":\"https:\/\/teiaeducation.ch\/fr\/produit\/pastel-perle-bracelet-hochet-grimms\/#primaryimage\",\"url\":\"https:\/\/teiaeducation.ch\/wp-content\/uploads\/2020\/11\/Pastel-bead-grasper-Grimms.jpg\",\"contentUrl\":\"https:\/\/teiaeducation.ch\/wp-content\/uploads\/2020\/11\/Pastel-bead-grasper-Grimms.jpg\",\"width\":900,\"height\":900,\"caption\":\"Jouet en bois durable pour b\u00e9b\u00e9 bracelet hochet \u00e0 perles pastel - Grimm's\"},{\"@type\":\"BreadcrumbList\",\"@id\":\"https:\/\/teiaeducation.ch\/fr\/produit\/pastel-perle-bracelet-hochet-grimms\/#breadcrumb\",\"itemListElement\":[{\"@type\":\"ListItem\",\"position\":1,\"name\":\"Home\",\"item\":\"https:\/\/teiaeducation.ch\/fr\/\"},{\"@type\":\"ListItem\",\"position\":2,\"name\":\"Boutique Teia Education &amp; Play\",\"item\":\"https:\/\/teiaeducation.ch\/fr\/boutique\/\"},{\"@type\":\"ListItem\",\"position\":3,\"name\":\"Nos Marques\",\"item\":\"https:\/\/teiaeducation.ch\/fr\/categorie-produit\/marques\/\"},{\"@type\":\"ListItem\",\"position\":4,\"name\":\"Grimm's\",\"item\":\"https:\/\/teiaeducation.ch\/fr\/categorie-produit\/marques\/grimms-fr\/\"},{\"@type\":\"ListItem\",\"position\":5,\"name\":\"Bracelet hochet de perles pastel &#8211; Grimm&#8217;s\"}]},{\"@type\":\"WebSite\",\"@id\":\"https:\/\/teiaeducation.ch\/fr\/#website\",\"url\":\"https:\/\/teiaeducation.ch\/fr\/\",\"name\":\"Sustainable Educational Products &amp; Ecological Toys\u00a0\",\"description\":\"Specialised Swiss shop selling sustainable educational toys and games, AMI certified Montessori materials, handmade ecological wooden Waldorf toys and arts &amp; crafts supplies, school supplies, children&#039;s furniture and Montessori reference and parenting books.\",\"publisher\":{\"@id\":\"https:\/\/teiaeducation.ch\/fr\/#organization\"},\"alternateName\":\"Teia Education & Play\",\"potentialAction\":[{\"@type\":\"SearchAction\",\"target\":{\"@type\":\"EntryPoint\",\"urlTemplate\":\"https:\/\/teiaeducation.ch\/fr\/?s={search_term_string}\"},\"query-input\":{\"@type\":\"PropertyValueSpecification\",\"valueRequired\":true,\"valueName\":\"search_term_string\"}}],\"inLanguage\":\"fr-FR\"},{\"@type\":\"Organization\",\"@id\":\"https:\/\/teiaeducation.ch\/fr\/#organization\",\"name\":\"Teia Education & Play\",\"url\":\"https:\/\/teiaeducation.ch\/fr\/\",\"logo\":{\"@type\":\"ImageObject\",\"inLanguage\":\"fr-FR\",\"@id\":\"https:\/\/teiaeducation.ch\/fr\/#\/schema\/logo\/image\/\",\"url\":\"https:\/\/teiaeducation.ch\/wp-content\/uploads\/2020\/11\/Teia-Education-Switzerland-e1620156442216.jpg\",\"contentUrl\":\"https:\/\/teiaeducation.ch\/wp-content\/uploads\/2020\/11\/Teia-Education-Switzerland-e1620156442216.jpg\",\"width\":166,\"height\":145,\"caption\":\"Teia Education & Play\"},\"image\":{\"@id\":\"https:\/\/teiaeducation.ch\/fr\/#\/schema\/logo\/image\/\"},\"sameAs\":[\"https:\/\/www.facebook.com\/teiaeducation\/\",\"https:\/\/x.com\/EducationTeia\",\"https:\/\/www.instagram.com\/teia.education\/\",\"https:\/\/www.linkedin.com\/company\/35501660\",\"https:\/\/www.pinterest.ch\/TeiaEducation\/\"]}]}<\/script>\n<!-- \/ Yoast SEO plugin. -->","yoast_head_json":{"title":"Le bracelet hochet en perles pastel de Grimm's -","description":"Le magnifique bracelet hochet en perles de bois pastel de Grimm's est le parfait jouet en bois durable fait main pour les petites mains curieuses.","robots":{"index":"index","follow":"follow","max-snippet":"max-snippet:-1","max-image-preview":"max-image-preview:large","max-video-preview":"max-video-preview:-1"},"canonical":"https:\/\/teiaeducation.ch\/fr\/produit\/pastel-perle-bracelet-hochet-grimms\/","og_locale":"fr_FR","og_type":"article","og_title":"Le bracelet hochet en perles pastel de Grimm's -","og_description":"Le magnifique bracelet hochet en perles de bois pastel de Grimm's est le parfait jouet en bois durable fait main pour les petites mains curieuses.","og_url":"https:\/\/teiaeducation.ch\/fr\/produit\/pastel-perle-bracelet-hochet-grimms\/","og_site_name":"Sustainable Educational Products &amp; Ecological Toys\u00a0","article_publisher":"https:\/\/www.facebook.com\/teiaeducation\/","article_modified_time":"2023-06-14T20:21:11+00:00","og_image":[{"width":900,"height":900,"url":"https:\/\/teiaeducation.ch\/wp-content\/uploads\/2020\/11\/Pastel-bead-grasper-Grimms.jpg","type":"image\/jpeg"}],"schema":{"@context":"https:\/\/schema.org","@graph":[{"@type":"WebPage","@id":"https:\/\/teiaeducation.ch\/fr\/produit\/pastel-perle-bracelet-hochet-grimms\/","url":"https:\/\/teiaeducation.ch\/fr\/produit\/pastel-perle-bracelet-hochet-grimms\/","name":"Le bracelet hochet en perles pastel de Grimm's -","isPartOf":{"@id":"https:\/\/teiaeducation.ch\/fr\/#website"},"primaryImageOfPage":{"@id":"https:\/\/teiaeducation.ch\/fr\/produit\/pastel-perle-bracelet-hochet-grimms\/#primaryimage"},"image":{"@id":"https:\/\/teiaeducation.ch\/fr\/produit\/pastel-perle-bracelet-hochet-grimms\/#primaryimage"},"thumbnailUrl":"https:\/\/teiaeducation.ch\/wp-content\/uploads\/2020\/11\/Pastel-bead-grasper-Grimms.jpg","datePublished":"2020-11-27T16:15:03+00:00","dateModified":"2023-06-14T20:21:11+00:00","description":"Le magnifique bracelet hochet en perles de bois pastel de Grimm's est le parfait jouet en bois durable fait main pour les petites mains curieuses.","breadcrumb":{"@id":"https:\/\/teiaeducation.ch\/fr\/produit\/pastel-perle-bracelet-hochet-grimms\/#breadcrumb"},"inLanguage":"fr-FR","potentialAction":[{"@type":"ReadAction","target":["https:\/\/teiaeducation.ch\/fr\/produit\/pastel-perle-bracelet-hochet-grimms\/"]}]},{"@type":"ImageObject","inLanguage":"fr-FR","@id":"https:\/\/teiaeducation.ch\/fr\/produit\/pastel-perle-bracelet-hochet-grimms\/#primaryimage","url":"https:\/\/teiaeducation.ch\/wp-content\/uploads\/2020\/11\/Pastel-bead-grasper-Grimms.jpg","contentUrl":"https:\/\/teiaeducation.ch\/wp-content\/uploads\/2020\/11\/Pastel-bead-grasper-Grimms.jpg","width":900,"height":900,"caption":"Jouet en bois durable pour b\u00e9b\u00e9 bracelet hochet \u00e0 perles pastel - Grimm's"},{"@type":"BreadcrumbList","@id":"https:\/\/teiaeducation.ch\/fr\/produit\/pastel-perle-bracelet-hochet-grimms\/#breadcrumb","itemListElement":[{"@type":"ListItem","position":1,"name":"Home","item":"https:\/\/teiaeducation.ch\/fr\/"},{"@type":"ListItem","position":2,"name":"Boutique Teia Education &amp; Play","item":"https:\/\/teiaeducation.ch\/fr\/boutique\/"},{"@type":"ListItem","position":3,"name":"Nos Marques","item":"https:\/\/teiaeducation.ch\/fr\/categorie-produit\/marques\/"},{"@type":"ListItem","position":4,"name":"Grimm's","item":"https:\/\/teiaeducation.ch\/fr\/categorie-produit\/marques\/grimms-fr\/"},{"@type":"ListItem","position":5,"name":"Bracelet hochet de perles pastel &#8211; Grimm&#8217;s"}]},{"@type":"WebSite","@id":"https:\/\/teiaeducation.ch\/fr\/#website","url":"https:\/\/teiaeducation.ch\/fr\/","name":"Sustainable Educational Products &amp; Ecological Toys\u00a0","description":"Specialised Swiss shop selling sustainable educational toys and games, AMI certified Montessori materials, handmade ecological wooden Waldorf toys and arts &amp; crafts supplies, school supplies, children&#039;s furniture and Montessori reference and parenting books.","publisher":{"@id":"https:\/\/teiaeducation.ch\/fr\/#organization"},"alternateName":"Teia Education & Play","potentialAction":[{"@type":"SearchAction","target":{"@type":"EntryPoint","urlTemplate":"https:\/\/teiaeducation.ch\/fr\/?s={search_term_string}"},"query-input":{"@type":"PropertyValueSpecification","valueRequired":true,"valueName":"search_term_string"}}],"inLanguage":"fr-FR"},{"@type":"Organization","@id":"https:\/\/teiaeducation.ch\/fr\/#organization","name":"Teia Education & Play","url":"https:\/\/teiaeducation.ch\/fr\/","logo":{"@type":"ImageObject","inLanguage":"fr-FR","@id":"https:\/\/teiaeducation.ch\/fr\/#\/schema\/logo\/image\/","url":"https:\/\/teiaeducation.ch\/wp-content\/uploads\/2020\/11\/Teia-Education-Switzerland-e1620156442216.jpg","contentUrl":"https:\/\/teiaeducation.ch\/wp-content\/uploads\/2020\/11\/Teia-Education-Switzerland-e1620156442216.jpg","width":166,"height":145,"caption":"Teia Education & Play"},"image":{"@id":"https:\/\/teiaeducation.ch\/fr\/#\/schema\/logo\/image\/"},"sameAs":["https:\/\/www.facebook.com\/teiaeducation\/","https:\/\/x.com\/EducationTeia","https:\/\/www.instagram.com\/teia.education\/","https:\/\/www.linkedin.com\/company\/35501660","https:\/\/www.pinterest.ch\/TeiaEducation\/"]}]}},"_links":{"self":[{"href":"https:\/\/teiaeducation.ch\/fr\/wp-json\/wp\/v2\/product\/37002","targetHints":{"allow":["GET"]}}],"collection":[{"href":"https:\/\/teiaeducation.ch\/fr\/wp-json\/wp\/v2\/product"}],"about":[{"href":"https:\/\/teiaeducation.ch\/fr\/wp-json\/wp\/v2\/types\/product"}],"replies":[{"embeddable":true,"href":"https:\/\/teiaeducation.ch\/fr\/wp-json\/wp\/v2\/comments?post=37002"}],"wp:featuredmedia":[{"embeddable":true,"href":"https:\/\/teiaeducation.ch\/fr\/wp-json\/wp\/v2\/media\/32648"}],"wp:attachment":[{"href":"https:\/\/teiaeducation.ch\/fr\/wp-json\/wp\/v2\/media?parent=37002"}],"wp:term":[{"taxonomy":"product_brand","embeddable":true,"href":"https:\/\/teiaeducation.ch\/fr\/wp-json\/wp\/v2\/product_brand?post=37002"},{"taxonomy":"product_cat","embeddable":true,"href":"https:\/\/teiaeducation.ch\/fr\/wp-json\/wp\/v2\/product_cat?post=37002"},{"taxonomy":"product_tag","embeddable":true,"href":"https:\/\/teiaeducation.ch\/fr\/wp-json\/wp\/v2\/product_tag?post=37002"}],"curies":[{"name":"wp","href":"https:\/\/api.w.org\/{rel}","templated":true}]}}