{"id":37003,"date":"2020-11-27T17:10:29","date_gmt":"2020-11-27T16:10:29","guid":{"rendered":"https:\/\/teiaeducation.ch\/product\/bungalow-du-gnome-grimms\/"},"modified":"2021-06-08T11:03:52","modified_gmt":"2021-06-08T09:03:52","slug":"gnome-bungalow-grimms","status":"publish","type":"product","link":"https:\/\/teiaeducation.ch\/fr\/produit\/gnome-bungalow-grimms\/","title":{"rendered":"Bungalow du gnome &#8211; Grimm&#8217;s"},"content":{"rendered":"<p>Le bungalow du gnome \/ Jeu de blocs \u00e0 empiler en bois durable fait main &#8211; Grimm&#8217;s<\/p>\n<p>Un merveilleux jeu de <a href=\"https:\/\/teiaeducation.ch\/product-category\/play\/wooden-building-blocks\/\">blocs<\/a> de construction en bois fait main d&#8217;inspiration Waldorf de Grimm&#8217;s, avec un bungalow digne d&#8217;un gnome ou d&#8217;une f\u00e9e ! Le jeu de blocs de construction fantaisie comporte 3 blocs en bois aux formes fantaisistes.<\/p>\n<p>3 formes organiques en bois s&#8217;empilent joliment les unes sur les autres dans de d\u00e9licieux tons de citron vert et de bleu pastel, avec des d\u00e9tails de portes et de fen\u00eatres. Ce joli jouet inspir\u00e9 de Waldorf est id\u00e9al pour les tout-petits et les jeunes enfants comme blocs de construction, puzzle cr\u00e9atif ou jouet \u00e0 empiler, ou comme d\u00e9coration sur une table de nature. Il inspirera d&#8217;innombrables jeux d&#8217;imagination dans le petit monde et des r\u00e9cits comme habitation pour les gnomes ou les f\u00e9es.<\/p>\n<p>Le jeu de blocs \u00e0 empiler Le bungalow du gnome de Grimm&#8217;s est fabriqu\u00e9 en bois de tilleul et mesure 10 cm de haut. Il est peint \u00e0 la main dans de jolis tons vifs avec une teinture non toxique \u00e0 base d&#8217;eau, ce qui le rend s\u00fbr pour les (petits) enfants. Cet ensemble offre des possibilit\u00e9s infinies pour le jeu cr\u00e9atif, la fabrication de sculptures et l&#8217;am\u00e9lioration des habilet\u00e9s motrices fines et est \u00e9galement un bel ajout d\u00e9coratif \u00e0 n\u2019importe quelle salle de jeux, salle de classe ou chambre d\u2019enfant.<\/p>\n<p>Id\u00e9al pour jouer \u00e0 la maison, \u00e0 la cr\u00e8che, \u00e0 Waldorf ou \u00e0 l\u2019\u00e9cole Steiner, les beaux jouets en bois naturel de Grimms sont fabriqu\u00e9s selon la philosophie Waldorf qui est bien connue pour encourager les enfants \u00e0 d\u00e9couvrir le jeu cr\u00e9atif de mani\u00e8re ind\u00e9pendante, sans limitations et \u00e0 un rythme effr\u00e9n\u00e9. Les jouets en bois de Grimm&#8217;s sont color\u00e9s \u00e0 la main avec des peintures \u00e0 base d\u2019eau non toxiques et ne sont pas finis avec de la laque pour assurer les caract\u00e9ristiques originales du bois et pour qu&#8217;on puisse voir le grain \u00e0 travers. La surface des jouets fabriqu\u00e9s \u00e0 partir de bois europ\u00e9ens certifi\u00e9 FSC est laiss\u00e9e l\u00e9g\u00e8rement rugueuse, ce qui les rend plus facilement empilables et moins glissants.<\/p>\n<p>Les jouets en bois de Grimm&#8217;s sont fabriqu\u00e9s dans les manufacture de Grimm&#8217;s en Allemagne ainsi que dans plusieurs ateliers \u00e0 travers l\u2019Europe \u00e0 partir de diff\u00e9rents types de bois tels que l\u2019aulne, la chaux, le h\u00eatre et l\u2019\u00e9rable. Tout le bois utilis\u00e9 pour fabriquer les jouets de Grimm&#8217;s provient de for\u00eats europ\u00e9ennes g\u00e9r\u00e9es de mani\u00e8re durable.<\/p>\n<p>Veuillez noter que les jouets de Grimm&#8217;s sont toujours uniques, et portent des marques uniques faites par la nature. Le grain du bois a des structures et des couleurs changeantes qui servent de preuve de ses origines naturelles. Les variations uniques, les marques, les noeuds, les motifs, les rayures noires ou les taches sombres qui peuvent \u00eatre visibles dans le bois des jouets de Grimm&#8217;s sont une preuve de qualit\u00e9, et non des d\u00e9fauts.<\/p>\n<p>Le bungalow du gnome de Grimm&#8217;s convient aux enfants \u00e2g\u00e9s de 2 ans et plus.<\/p>\n<p>Contenu :<\/p>\n<p>1 ensemble de 3 blocs en bois<\/p>\n","protected":false},"excerpt":{"rendered":"<p>Num\u00e9ro d&#8217;article : gri07390<\/p>\n<p>Le jeu de blocs de construction en bois Grimm&#8217;s bungalow du gnome est un jouet Waldorf en bois durable peint \u00e0 la main pour l&#8217;empilage et les jeux fantastiques du petit monde.<\/p>\n","protected":false},"featured_media":30809,"comment_status":"open","ping_status":"closed","template":"","meta":[],"product_brand":[],"product_cat":[208,215,13150,18893,24872,17212,13130,13144,23020,23021,13139,13140,7595,217,5851,212,1219],"product_tag":[17337,17463,19852,19848,19850,8625,17465,17334,17332,17889,19849,19851,17335,17462,17467,18371,19853,17560,17331,17336],"class_list":{"0":"post-37003","1":"product","2":"type-product","3":"status-publish","4":"has-post-thumbnail","6":"product_cat-1-3-ans","7":"product_cat-3-6-ans","8":"product_cat-blocs-de-construction-en-bois","9":"product_cat-collection-printemps","10":"product_cat-construction-mondes-arc-en-ciel","11":"product_cat-grimms-fr","12":"product_cat-jouer","13":"product_cat-jouets-a-empiler","14":"product_cat-jouets-en-bois","15":"product_cat-jouets-waldorf","16":"product_cat-jeu-imaginatif-faire-semblant","17":"product_cat-jeu-libre","18":"product_cat-methode-deducation","19":"product_cat-marques","20":"product_cat-nouveautes","21":"product_cat-tranche-dage","22":"product_cat-waldorf-fr","23":"product_tag-arc-en-ciel-colore-en-bois-fait-main","24":"product_tag-assortiment-de-blocs-de-construction-en-bois-de-grimm","25":"product_tag-blocs-de-construction-fantaisie-waldorf","26":"product_tag-blocs-de-construction-fantaisistes","27":"product_tag-bungalow-du-gnome","28":"product_tag-fabrique-en-allemagne","29":"product_tag-formes-organiques-grimm","30":"product_tag-grimm-suisse-fr","31":"product_tag-grimm-suisse","32":"product_tag-grimms-fr","33":"product_tag-grimms-bungalow-du-gnome","34":"product_tag-grimms-maison-du-gnome","35":"product_tag-grimme-suisse","36":"product_tag-jeux-libres-en-bois","37":"product_tag-jouets-dempilage-grimm","38":"product_tag-jouets-en-bois-a-empiler","39":"product_tag-jouets-en-bois-fantaisie-waldorf","40":"product_tag-jouets-en-bois-pour-petits-enfants","41":"product_tag-jouets-en-bois-waldorf","42":"product_tag-magasin-de-jouets-en-bois-grimm","44":"first","45":"outofstock","46":"taxable","47":"shipping-taxable","48":"purchasable","49":"product-type-simple"},"yoast_head":"<!-- This site is optimized with the Yoast SEO Premium plugin v25.8 (Yoast SEO v27.4) - https:\/\/yoast.com\/product\/yoast-seo-premium-wordpress\/ -->\n<title>Bungalow du gnome - Grimm&#039;s - Teia Education &amp; Play<\/title>\n<meta name=\"description\" content=\"Le jeu de blocs de construction en bois Grimm&#039;s bungalow du gnome est un jouet Waldorf en bois durable peint \u00e0 la main pour l&#039;empilage et le jeu du petit monde.\" \/>\n<meta name=\"robots\" content=\"index, follow, max-snippet:-1, max-image-preview:large, max-video-preview:-1\" \/>\n<link rel=\"canonical\" href=\"https:\/\/teiaeducation.ch\/fr\/produit\/gnome-bungalow-grimms\/\" \/>\n<meta property=\"og:locale\" content=\"fr_FR\" \/>\n<meta property=\"og:type\" content=\"article\" \/>\n<meta property=\"og:title\" content=\"Bungalow du gnome - Grimm&#039;s\" \/>\n<meta property=\"og:description\" content=\"Le jeu de blocs de construction en bois Grimm&#039;s bungalow du gnome est un jouet Waldorf en bois durable peint \u00e0 la main pour l&#039;empilage et le jeu du petit monde.\" \/>\n<meta property=\"og:url\" content=\"https:\/\/teiaeducation.ch\/fr\/produit\/gnome-bungalow-grimms\/\" \/>\n<meta property=\"og:site_name\" content=\"Sustainable Educational Products &amp; Ecological Toys\u00a0\" \/>\n<meta property=\"article:publisher\" content=\"https:\/\/www.facebook.com\/teiaeducation\/\" \/>\n<meta property=\"article:modified_time\" content=\"2021-06-08T09:03:52+00:00\" \/>\n<meta property=\"og:image\" content=\"https:\/\/teiaeducation.ch\/wp-content\/uploads\/2020\/10\/Gnomes-bungalow-Grimms.jpg\" \/>\n\t<meta property=\"og:image:width\" content=\"800\" \/>\n\t<meta property=\"og:image:height\" content=\"718\" \/>\n\t<meta property=\"og:image:type\" content=\"image\/jpeg\" \/>\n<script type=\"application\/ld+json\" class=\"yoast-schema-graph\">{\"@context\":\"https:\\\/\\\/schema.org\",\"@graph\":[{\"@type\":\"WebPage\",\"@id\":\"https:\\\/\\\/teiaeducation.ch\\\/fr\\\/produit\\\/gnome-bungalow-grimms\\\/\",\"url\":\"https:\\\/\\\/teiaeducation.ch\\\/fr\\\/produit\\\/gnome-bungalow-grimms\\\/\",\"name\":\"Bungalow du gnome - Grimm's - Teia Education & Play\",\"isPartOf\":{\"@id\":\"https:\\\/\\\/teiaeducation.ch\\\/fr\\\/#website\"},\"primaryImageOfPage\":{\"@id\":\"https:\\\/\\\/teiaeducation.ch\\\/fr\\\/produit\\\/gnome-bungalow-grimms\\\/#primaryimage\"},\"image\":{\"@id\":\"https:\\\/\\\/teiaeducation.ch\\\/fr\\\/produit\\\/gnome-bungalow-grimms\\\/#primaryimage\"},\"thumbnailUrl\":\"https:\\\/\\\/teiaeducation.ch\\\/wp-content\\\/uploads\\\/2020\\\/10\\\/Gnomes-bungalow-Grimms.jpg\",\"datePublished\":\"2020-11-27T16:10:29+00:00\",\"dateModified\":\"2021-06-08T09:03:52+00:00\",\"description\":\"Le jeu de blocs de construction en bois Grimm's bungalow du gnome est un jouet Waldorf en bois durable peint \u00e0 la main pour l'empilage et le jeu du petit monde.\",\"breadcrumb\":{\"@id\":\"https:\\\/\\\/teiaeducation.ch\\\/fr\\\/produit\\\/gnome-bungalow-grimms\\\/#breadcrumb\"},\"inLanguage\":\"fr-FR\",\"potentialAction\":[{\"@type\":\"ReadAction\",\"target\":[\"https:\\\/\\\/teiaeducation.ch\\\/fr\\\/produit\\\/gnome-bungalow-grimms\\\/\"]}]},{\"@type\":\"ImageObject\",\"inLanguage\":\"fr-FR\",\"@id\":\"https:\\\/\\\/teiaeducation.ch\\\/fr\\\/produit\\\/gnome-bungalow-grimms\\\/#primaryimage\",\"url\":\"https:\\\/\\\/teiaeducation.ch\\\/wp-content\\\/uploads\\\/2020\\\/10\\\/Gnomes-bungalow-Grimms.jpg\",\"contentUrl\":\"https:\\\/\\\/teiaeducation.ch\\\/wp-content\\\/uploads\\\/2020\\\/10\\\/Gnomes-bungalow-Grimms.jpg\",\"width\":800,\"height\":718,\"caption\":\"Blocs \u00e0 empiler en bois durables faits main Le bungalow du gnome - Grimm's\"},{\"@type\":\"BreadcrumbList\",\"@id\":\"https:\\\/\\\/teiaeducation.ch\\\/fr\\\/produit\\\/gnome-bungalow-grimms\\\/#breadcrumb\",\"itemListElement\":[{\"@type\":\"ListItem\",\"position\":1,\"name\":\"Home\",\"item\":\"https:\\\/\\\/teiaeducation.ch\\\/fr\\\/\"},{\"@type\":\"ListItem\",\"position\":2,\"name\":\"Boutique Teia Education &amp; Play\",\"item\":\"https:\\\/\\\/teiaeducation.ch\\\/fr\\\/boutique\\\/\"},{\"@type\":\"ListItem\",\"position\":3,\"name\":\"Nos Marques\",\"item\":\"https:\\\/\\\/teiaeducation.ch\\\/fr\\\/categorie-produit\\\/marques\\\/\"},{\"@type\":\"ListItem\",\"position\":4,\"name\":\"Grimm's\",\"item\":\"https:\\\/\\\/teiaeducation.ch\\\/fr\\\/categorie-produit\\\/marques\\\/grimms-fr\\\/\"},{\"@type\":\"ListItem\",\"position\":5,\"name\":\"Bungalow du gnome &#8211; Grimm&#8217;s\"}]},{\"@type\":\"WebSite\",\"@id\":\"https:\\\/\\\/teiaeducation.ch\\\/fr\\\/#website\",\"url\":\"https:\\\/\\\/teiaeducation.ch\\\/fr\\\/\",\"name\":\"Sustainable Educational Products &amp; Ecological Toys\u00a0\",\"description\":\"Specialised Swiss shop selling sustainable educational toys and games, AMI certified Montessori materials, handmade ecological wooden Waldorf toys and arts &amp; crafts supplies, school supplies, children&#039;s furniture and Montessori reference and parenting books.\",\"publisher\":{\"@id\":\"https:\\\/\\\/teiaeducation.ch\\\/fr\\\/#organization\"},\"alternateName\":\"Teia Education & Play\",\"potentialAction\":[{\"@type\":\"SearchAction\",\"target\":{\"@type\":\"EntryPoint\",\"urlTemplate\":\"https:\\\/\\\/teiaeducation.ch\\\/fr\\\/?s={search_term_string}\"},\"query-input\":{\"@type\":\"PropertyValueSpecification\",\"valueRequired\":true,\"valueName\":\"search_term_string\"}}],\"inLanguage\":\"fr-FR\"},{\"@type\":\"Organization\",\"@id\":\"https:\\\/\\\/teiaeducation.ch\\\/fr\\\/#organization\",\"name\":\"Teia Education & Play\",\"url\":\"https:\\\/\\\/teiaeducation.ch\\\/fr\\\/\",\"logo\":{\"@type\":\"ImageObject\",\"inLanguage\":\"fr-FR\",\"@id\":\"https:\\\/\\\/teiaeducation.ch\\\/fr\\\/#\\\/schema\\\/logo\\\/image\\\/\",\"url\":\"https:\\\/\\\/teiaeducation.ch\\\/wp-content\\\/uploads\\\/2020\\\/11\\\/Teia-Education-Switzerland-e1620156442216.jpg\",\"contentUrl\":\"https:\\\/\\\/teiaeducation.ch\\\/wp-content\\\/uploads\\\/2020\\\/11\\\/Teia-Education-Switzerland-e1620156442216.jpg\",\"width\":166,\"height\":145,\"caption\":\"Teia Education & Play\"},\"image\":{\"@id\":\"https:\\\/\\\/teiaeducation.ch\\\/fr\\\/#\\\/schema\\\/logo\\\/image\\\/\"},\"sameAs\":[\"https:\\\/\\\/www.facebook.com\\\/teiaeducation\\\/\",\"https:\\\/\\\/x.com\\\/EducationTeia\",\"https:\\\/\\\/www.instagram.com\\\/teia.education\\\/\",\"https:\\\/\\\/www.linkedin.com\\\/company\\\/35501660\",\"https:\\\/\\\/www.pinterest.ch\\\/TeiaEducation\\\/\"]}]}<\/script>\n<meta property=\"product:price:amount\" content=\"14.90\" \/>\n<meta property=\"product:price:currency\" content=\"CHF\" \/>\n<meta property=\"og:availability\" content=\"out of stock\" \/>\n<meta property=\"product:availability\" content=\"out of stock\" \/>\n<meta property=\"product:retailer_item_id\" content=\"00000000000000000000000000000000000000000000030799\" \/>\n<meta property=\"product:condition\" content=\"new\" \/>\n<!-- \/ Yoast SEO Premium plugin. -->","yoast_head_json":{"title":"Bungalow du gnome - Grimm's - Teia Education & Play","description":"Le jeu de blocs de construction en bois Grimm's bungalow du gnome est un jouet Waldorf en bois durable peint \u00e0 la main pour l'empilage et le jeu du petit monde.","robots":{"index":"index","follow":"follow","max-snippet":"max-snippet:-1","max-image-preview":"max-image-preview:large","max-video-preview":"max-video-preview:-1"},"canonical":"https:\/\/teiaeducation.ch\/fr\/produit\/gnome-bungalow-grimms\/","og_locale":"fr_FR","og_type":"article","og_title":"Bungalow du gnome - Grimm's","og_description":"Le jeu de blocs de construction en bois Grimm's bungalow du gnome est un jouet Waldorf en bois durable peint \u00e0 la main pour l'empilage et le jeu du petit monde.","og_url":"https:\/\/teiaeducation.ch\/fr\/produit\/gnome-bungalow-grimms\/","og_site_name":"Sustainable Educational Products &amp; Ecological Toys\u00a0","article_publisher":"https:\/\/www.facebook.com\/teiaeducation\/","article_modified_time":"2021-06-08T09:03:52+00:00","og_image":[{"width":800,"height":718,"url":"https:\/\/teiaeducation.ch\/wp-content\/uploads\/2020\/10\/Gnomes-bungalow-Grimms.jpg","type":"image\/jpeg"}],"schema":{"@context":"https:\/\/schema.org","@graph":[{"@type":"WebPage","@id":"https:\/\/teiaeducation.ch\/fr\/produit\/gnome-bungalow-grimms\/","url":"https:\/\/teiaeducation.ch\/fr\/produit\/gnome-bungalow-grimms\/","name":"Bungalow du gnome - Grimm's - Teia Education & Play","isPartOf":{"@id":"https:\/\/teiaeducation.ch\/fr\/#website"},"primaryImageOfPage":{"@id":"https:\/\/teiaeducation.ch\/fr\/produit\/gnome-bungalow-grimms\/#primaryimage"},"image":{"@id":"https:\/\/teiaeducation.ch\/fr\/produit\/gnome-bungalow-grimms\/#primaryimage"},"thumbnailUrl":"https:\/\/teiaeducation.ch\/wp-content\/uploads\/2020\/10\/Gnomes-bungalow-Grimms.jpg","datePublished":"2020-11-27T16:10:29+00:00","dateModified":"2021-06-08T09:03:52+00:00","description":"Le jeu de blocs de construction en bois Grimm's bungalow du gnome est un jouet Waldorf en bois durable peint \u00e0 la main pour l'empilage et le jeu du petit monde.","breadcrumb":{"@id":"https:\/\/teiaeducation.ch\/fr\/produit\/gnome-bungalow-grimms\/#breadcrumb"},"inLanguage":"fr-FR","potentialAction":[{"@type":"ReadAction","target":["https:\/\/teiaeducation.ch\/fr\/produit\/gnome-bungalow-grimms\/"]}]},{"@type":"ImageObject","inLanguage":"fr-FR","@id":"https:\/\/teiaeducation.ch\/fr\/produit\/gnome-bungalow-grimms\/#primaryimage","url":"https:\/\/teiaeducation.ch\/wp-content\/uploads\/2020\/10\/Gnomes-bungalow-Grimms.jpg","contentUrl":"https:\/\/teiaeducation.ch\/wp-content\/uploads\/2020\/10\/Gnomes-bungalow-Grimms.jpg","width":800,"height":718,"caption":"Blocs \u00e0 empiler en bois durables faits main Le bungalow du gnome - Grimm's"},{"@type":"BreadcrumbList","@id":"https:\/\/teiaeducation.ch\/fr\/produit\/gnome-bungalow-grimms\/#breadcrumb","itemListElement":[{"@type":"ListItem","position":1,"name":"Home","item":"https:\/\/teiaeducation.ch\/fr\/"},{"@type":"ListItem","position":2,"name":"Boutique Teia Education &amp; Play","item":"https:\/\/teiaeducation.ch\/fr\/boutique\/"},{"@type":"ListItem","position":3,"name":"Nos Marques","item":"https:\/\/teiaeducation.ch\/fr\/categorie-produit\/marques\/"},{"@type":"ListItem","position":4,"name":"Grimm's","item":"https:\/\/teiaeducation.ch\/fr\/categorie-produit\/marques\/grimms-fr\/"},{"@type":"ListItem","position":5,"name":"Bungalow du gnome &#8211; Grimm&#8217;s"}]},{"@type":"WebSite","@id":"https:\/\/teiaeducation.ch\/fr\/#website","url":"https:\/\/teiaeducation.ch\/fr\/","name":"Sustainable Educational Products &amp; Ecological Toys\u00a0","description":"Specialised Swiss shop selling sustainable educational toys and games, AMI certified Montessori materials, handmade ecological wooden Waldorf toys and arts &amp; crafts supplies, school supplies, children&#039;s furniture and Montessori reference and parenting books.","publisher":{"@id":"https:\/\/teiaeducation.ch\/fr\/#organization"},"alternateName":"Teia Education & Play","potentialAction":[{"@type":"SearchAction","target":{"@type":"EntryPoint","urlTemplate":"https:\/\/teiaeducation.ch\/fr\/?s={search_term_string}"},"query-input":{"@type":"PropertyValueSpecification","valueRequired":true,"valueName":"search_term_string"}}],"inLanguage":"fr-FR"},{"@type":"Organization","@id":"https:\/\/teiaeducation.ch\/fr\/#organization","name":"Teia Education & Play","url":"https:\/\/teiaeducation.ch\/fr\/","logo":{"@type":"ImageObject","inLanguage":"fr-FR","@id":"https:\/\/teiaeducation.ch\/fr\/#\/schema\/logo\/image\/","url":"https:\/\/teiaeducation.ch\/wp-content\/uploads\/2020\/11\/Teia-Education-Switzerland-e1620156442216.jpg","contentUrl":"https:\/\/teiaeducation.ch\/wp-content\/uploads\/2020\/11\/Teia-Education-Switzerland-e1620156442216.jpg","width":166,"height":145,"caption":"Teia Education & Play"},"image":{"@id":"https:\/\/teiaeducation.ch\/fr\/#\/schema\/logo\/image\/"},"sameAs":["https:\/\/www.facebook.com\/teiaeducation\/","https:\/\/x.com\/EducationTeia","https:\/\/www.instagram.com\/teia.education\/","https:\/\/www.linkedin.com\/company\/35501660","https:\/\/www.pinterest.ch\/TeiaEducation\/"]}]},"product_price_amount":"14.90","product_price_currency":"CHF","og_availability":"out of stock","product_availability":"out of stock","product_retailer_item_id":"00000000000000000000000000000000000000000000030799","product_condition":"new"},"_links":{"self":[{"href":"https:\/\/teiaeducation.ch\/fr\/wp-json\/wp\/v2\/product\/37003","targetHints":{"allow":["GET"]}}],"collection":[{"href":"https:\/\/teiaeducation.ch\/fr\/wp-json\/wp\/v2\/product"}],"about":[{"href":"https:\/\/teiaeducation.ch\/fr\/wp-json\/wp\/v2\/types\/product"}],"replies":[{"embeddable":true,"href":"https:\/\/teiaeducation.ch\/fr\/wp-json\/wp\/v2\/comments?post=37003"}],"wp:featuredmedia":[{"embeddable":true,"href":"https:\/\/teiaeducation.ch\/fr\/wp-json\/wp\/v2\/media\/30809"}],"wp:attachment":[{"href":"https:\/\/teiaeducation.ch\/fr\/wp-json\/wp\/v2\/media?parent=37003"}],"wp:term":[{"taxonomy":"product_brand","embeddable":true,"href":"https:\/\/teiaeducation.ch\/fr\/wp-json\/wp\/v2\/product_brand?post=37003"},{"taxonomy":"product_cat","embeddable":true,"href":"https:\/\/teiaeducation.ch\/fr\/wp-json\/wp\/v2\/product_cat?post=37003"},{"taxonomy":"product_tag","embeddable":true,"href":"https:\/\/teiaeducation.ch\/fr\/wp-json\/wp\/v2\/product_tag?post=37003"}],"curies":[{"name":"wp","href":"https:\/\/api.w.org\/{rel}","templated":true}]}}