{"id":37373,"date":"2021-06-25T08:55:15","date_gmt":"2021-06-25T06:55:15","guid":{"rendered":"https:\/\/teiaeducation.ch\/?post_type=product&#038;p=37373"},"modified":"2022-03-10T11:56:29","modified_gmt":"2022-03-10T10:56:29","slug":"relier-forme-et-couleur-educo","status":"publish","type":"product","link":"https:\/\/teiaeducation.ch\/fr\/produit\/relier-forme-et-couleur-educo\/","title":{"rendered":"Relier la forme et la couleur- Educo"},"content":{"rendered":"<p>Relier la forme et la couleur \/ Jouet \u00e9ducatif en bois &#8211; Educo<\/p>\n<p>Avec ce jouet \u00e9ducatif en bois relier la forme et la <a href=\"https:\/\/teiaeducation.ch\/fr\/categorie-produit\/domaines-du-curriculum\/sensorielles-motrices\/apprendre-les-couleurs\/\">couleur<\/a> d&#8217;Educo, les enfants peuvent s&#8217;amuser \u00e0 apprendre \u00e0 reconna\u00eetre, nommer et associer les couleurs et les formes ! R\u00e9alise une cha\u00eene en triant les pi\u00e8ces par forme et par couleur, ou en triant uniquement par forme ou uniquement par couleur.<\/p>\n<p>Commence \u00e0 jouer \u00e0 ce jeu de style domino en prenant n&#8217;importe quelle pi\u00e8ce. Compl\u00e8te la cha\u00eene en pla\u00e7ant c\u00f4te \u00e0 c\u00f4te les pi\u00e8ces dont les couleurs et les formes correspondent. Essaie de former un carr\u00e9 !<\/p>\n<p>Ensuite, jouer en associant uniquement les couleurs ou uniquement les formes. Il existe plusieurs options de jeu, ce qui permet d&#8217;obtenir un mod\u00e8le diff\u00e9rent \u00e0 chaque fois. Le d\u00e9fi est de faire votre cha\u00eene en utilisant le plus de blocs possible ou m\u00eame en utilisant tous les blocs. Cela rend le jeu encore plus excitant pour les enfants et stimule leur capacit\u00e9 de visualisation spatiale.<\/p>\n<p>Relier la forme et la couleur d&#8217;Educo est enti\u00e8rement fabriqu\u00e9 en bois et comporte des tuiles aux formes color\u00e9es. Il y a 25 blocs en bois de 9 x 9 cm dans une bo\u00eete en bois de 33,5 x 22,5 cm. Gr\u00e2ce \u00e0 la taille des blocs, relier la forme et la couleur peut \u00eatre utilis\u00e9 comme jeu de sol.<\/p>\n<p>Les enfants peuvent explorer le jeu seuls ou en groupe. En plus de la valeur \u00e9ducative de l&#8217;association et de la connexion de deux dominos identiques dans un parcours coh\u00e9rent, jouer avec les dominos est \u00e9galement une fa\u00e7on int\u00e9ressante d&#8217;apprendre les formes et les couleurs.<\/p>\n<p>La marque n\u00e9erlandaise Educo repr\u00e9sente un monde color\u00e9 d\u2019apprentissage ludique, de jeux \u00e9ducatifs stimulants et de jouets. De haute qualit\u00e9 et durables, les produits Educo tournent autour des situations quotidiennes et aident les enfants \u00e0 associer les jeux \u00e0 des sujets r\u00e9guliers, transformant le processus d\u2019apprentissage en une simulation de leur environnement naturel.<\/p>\n<p>Les produits \u00e9ducatifs actifs et pratiques d\u2019Educo sont principalement faits en bois, avec des mat\u00e9riaux durables tels que les encres et les peintures \u00e0 base d\u2019eau. Les jouets sont fabriqu\u00e9s pour supporter des ann\u00e9es d\u2019utilisation robuste, encourager l\u2019apprentissage bas\u00e9 sur le jeu et inspirer la croissance et le succ\u00e8s chez les enfants \u00e2g\u00e9s de 1 \u00e0 6 ans. Ils r\u00e9pondent aux exigences de diverses r\u00e9glementations europ\u00e9ennes et internationales en mati\u00e8re de s\u00e9curit\u00e9 des jouets et se conforment \u00e0 la directive 2009\/48\/CE sur la s\u00e9curit\u00e9 des jouets, y compris EN81 et ASTM.<\/p>\n<p>Educo relier la forme et la couleur convient aux enfants de 3 ans et plus.<\/p>\n<p>Contenu:<\/p>\n<p>25 blocs en bois (9 x 9 cm)<br \/>\nUne bo\u00eete en bois (33,5 x 22,5 x 7 cm)<br \/>\nManuel d&#8217;utilisation<\/p>\n","protected":false},"excerpt":{"rendered":"<p>Num\u00e9ro d&#8217;article: 900000081<\/p>\n<p>Le jouet \u00e9ducatif en bois relier la forme et la couleur d&#8217;Educo permettant d&#8217;associer des dominos pour reconna\u00eetre, nommer et associer des couleurs et des formes.<\/p>\n<p>&nbsp;<\/p>\n","protected":false},"featured_media":37378,"comment_status":"closed","ping_status":"closed","template":"","meta":[],"product_brand":[],"product_cat":[8527,215,633,22344,283,224,8526,235,17239,234,1220,23650,7595,217,5851,209,212],"product_tag":[19198,1366,19196,1363,1364,19199,1365,19197,22600],"class_list":{"0":"post-37373","1":"product","2":"type-product","3":"status-publish","4":"has-post-thumbnail","6":"product_cat-3-6-ans-ecole-a-domicile","7":"product_cat-3-6-ans","8":"product_cat-apprendre-les-couleurs","9":"product_cat-collections-saisonnieres","10":"product_cat-domaines-du-curriculum","11":"product_cat-educo-fr","12":"product_cat-fournitures-scolaires-a-domicile","13":"product_cat-geometrie-jeu-mathematique","14":"product_cat-guide-cadeaux-educatifs","15":"product_cat-jeu-mathematique","16":"product_cat-traditionnelle","17":"product_cat-la-rentree-scolaire","18":"product_cat-methode-deducation","19":"product_cat-marques","20":"product_cat-nouveautes","21":"product_cat-sensorielles-motrices","22":"product_cat-tranche-dage","23":"product_tag-apprendre-la-couleur","24":"product_tag-couleur-et-forme","25":"product_tag-dominos-de-couleur","26":"product_tag-educo-fr","27":"product_tag-geometrie","28":"product_tag-jeu-educatif-en-bois-fr","29":"product_tag-jeu-mathematique","30":"product_tag-jouet-educatif-en-bois","31":"product_tag-relier-la-forme-et-la-couleur-educo","33":"first","34":"instock","35":"taxable","36":"shipping-taxable","37":"purchasable","38":"product-type-simple"},"yoast_head":"<!-- This site is optimized with the Yoast SEO plugin v27.3 - https:\/\/yoast.com\/product\/yoast-seo-wordpress\/ -->\n<title>Relier la forme et la couleur - Educo - Teia Education &amp; Play<\/title>\n<meta name=\"description\" content=\"Le jouet \u00e9ducatif en bois relier la forme et la couleur d&#039;Educo permettant d&#039;associer des dominos pour reconna\u00eetre, nommer et associer couleurs et formes.\" \/>\n<meta name=\"robots\" content=\"index, follow, max-snippet:-1, max-image-preview:large, max-video-preview:-1\" \/>\n<link rel=\"canonical\" href=\"https:\/\/teiaeducation.ch\/fr\/produit\/relier-forme-et-couleur-educo\/\" \/>\n<meta property=\"og:locale\" content=\"fr_FR\" \/>\n<meta property=\"og:type\" content=\"article\" \/>\n<meta property=\"og:title\" content=\"Relier la forme et la couleur - Educo - Teia Education &amp; Play\" \/>\n<meta property=\"og:description\" content=\"Le jouet \u00e9ducatif en bois relier la forme et la couleur d&#039;Educo permettant d&#039;associer des dominos pour reconna\u00eetre, nommer et associer couleurs et formes.\" \/>\n<meta property=\"og:url\" content=\"https:\/\/teiaeducation.ch\/fr\/produit\/relier-forme-et-couleur-educo\/\" \/>\n<meta property=\"og:site_name\" content=\"Sustainable Educational Products &amp; Ecological Toys\u00a0\" \/>\n<meta property=\"article:publisher\" content=\"https:\/\/www.facebook.com\/teiaeducation\/\" \/>\n<meta property=\"article:modified_time\" content=\"2022-03-10T10:56:29+00:00\" \/>\n<meta property=\"og:image\" content=\"https:\/\/teiaeducation.ch\/wp-content\/uploads\/2021\/06\/Connect-shape-and-colour-Educo.jpeg\" \/>\n\t<meta property=\"og:image:width\" content=\"1500\" \/>\n\t<meta property=\"og:image:height\" content=\"1500\" \/>\n\t<meta property=\"og:image:type\" content=\"image\/jpeg\" \/>\n<script type=\"application\/ld+json\" class=\"yoast-schema-graph\">{\"@context\":\"https:\\\/\\\/schema.org\",\"@graph\":[{\"@type\":\"WebPage\",\"@id\":\"https:\\\/\\\/teiaeducation.ch\\\/fr\\\/produit\\\/relier-forme-et-couleur-educo\\\/\",\"url\":\"https:\\\/\\\/teiaeducation.ch\\\/fr\\\/produit\\\/relier-forme-et-couleur-educo\\\/\",\"name\":\"Relier la forme et la couleur - Educo - Teia Education & Play\",\"isPartOf\":{\"@id\":\"https:\\\/\\\/teiaeducation.ch\\\/fr\\\/#website\"},\"primaryImageOfPage\":{\"@id\":\"https:\\\/\\\/teiaeducation.ch\\\/fr\\\/produit\\\/relier-forme-et-couleur-educo\\\/#primaryimage\"},\"image\":{\"@id\":\"https:\\\/\\\/teiaeducation.ch\\\/fr\\\/produit\\\/relier-forme-et-couleur-educo\\\/#primaryimage\"},\"thumbnailUrl\":\"https:\\\/\\\/teiaeducation.ch\\\/wp-content\\\/uploads\\\/2021\\\/06\\\/Connect-shape-and-colour-Educo.jpeg\",\"datePublished\":\"2021-06-25T06:55:15+00:00\",\"dateModified\":\"2022-03-10T10:56:29+00:00\",\"description\":\"Le jouet \u00e9ducatif en bois relier la forme et la couleur d'Educo permettant d'associer des dominos pour reconna\u00eetre, nommer et associer couleurs et formes.\",\"breadcrumb\":{\"@id\":\"https:\\\/\\\/teiaeducation.ch\\\/fr\\\/produit\\\/relier-forme-et-couleur-educo\\\/#breadcrumb\"},\"inLanguage\":\"fr-FR\",\"potentialAction\":[{\"@type\":\"ReadAction\",\"target\":[\"https:\\\/\\\/teiaeducation.ch\\\/fr\\\/produit\\\/relier-forme-et-couleur-educo\\\/\"]}]},{\"@type\":\"ImageObject\",\"inLanguage\":\"fr-FR\",\"@id\":\"https:\\\/\\\/teiaeducation.ch\\\/fr\\\/produit\\\/relier-forme-et-couleur-educo\\\/#primaryimage\",\"url\":\"https:\\\/\\\/teiaeducation.ch\\\/wp-content\\\/uploads\\\/2021\\\/06\\\/Connect-shape-and-colour-Educo.jpeg\",\"contentUrl\":\"https:\\\/\\\/teiaeducation.ch\\\/wp-content\\\/uploads\\\/2021\\\/06\\\/Connect-shape-and-colour-Educo.jpeg\",\"width\":1500,\"height\":1500,\"caption\":\"Relier la forme et la couleur jouet \u00e9ducatif en bois Educo\"},{\"@type\":\"BreadcrumbList\",\"@id\":\"https:\\\/\\\/teiaeducation.ch\\\/fr\\\/produit\\\/relier-forme-et-couleur-educo\\\/#breadcrumb\",\"itemListElement\":[{\"@type\":\"ListItem\",\"position\":1,\"name\":\"Home\",\"item\":\"https:\\\/\\\/teiaeducation.ch\\\/fr\\\/\"},{\"@type\":\"ListItem\",\"position\":2,\"name\":\"Boutique Teia Education &amp; Play\",\"item\":\"https:\\\/\\\/teiaeducation.ch\\\/fr\\\/boutique\\\/\"},{\"@type\":\"ListItem\",\"position\":3,\"name\":\"Nos Marques\",\"item\":\"https:\\\/\\\/teiaeducation.ch\\\/fr\\\/categorie-produit\\\/marques\\\/\"},{\"@type\":\"ListItem\",\"position\":4,\"name\":\"Educo\",\"item\":\"https:\\\/\\\/teiaeducation.ch\\\/fr\\\/categorie-produit\\\/marques\\\/educo-fr\\\/\"},{\"@type\":\"ListItem\",\"position\":5,\"name\":\"Jeu Math\u00e9matique\",\"item\":\"https:\\\/\\\/teiaeducation.ch\\\/fr\\\/categorie-produit\\\/marques\\\/educo-fr\\\/jeu-mathematique\\\/\"},{\"@type\":\"ListItem\",\"position\":6,\"name\":\"G\u00e9om\u00e9trie\",\"item\":\"https:\\\/\\\/teiaeducation.ch\\\/fr\\\/categorie-produit\\\/marques\\\/educo-fr\\\/jeu-mathematique\\\/geometrie-jeu-mathematique\\\/\"},{\"@type\":\"ListItem\",\"position\":7,\"name\":\"Relier la forme et la couleur- Educo\"}]},{\"@type\":\"WebSite\",\"@id\":\"https:\\\/\\\/teiaeducation.ch\\\/fr\\\/#website\",\"url\":\"https:\\\/\\\/teiaeducation.ch\\\/fr\\\/\",\"name\":\"Sustainable Educational Products &amp; Ecological Toys\u00a0\",\"description\":\"Specialised Swiss shop selling sustainable educational toys and games, AMI certified Montessori materials, handmade ecological wooden Waldorf toys and arts &amp; crafts supplies, school supplies, children&#039;s furniture and Montessori reference and parenting books.\",\"publisher\":{\"@id\":\"https:\\\/\\\/teiaeducation.ch\\\/fr\\\/#organization\"},\"alternateName\":\"Teia Education & Play\",\"potentialAction\":[{\"@type\":\"SearchAction\",\"target\":{\"@type\":\"EntryPoint\",\"urlTemplate\":\"https:\\\/\\\/teiaeducation.ch\\\/fr\\\/?s={search_term_string}\"},\"query-input\":{\"@type\":\"PropertyValueSpecification\",\"valueRequired\":true,\"valueName\":\"search_term_string\"}}],\"inLanguage\":\"fr-FR\"},{\"@type\":\"Organization\",\"@id\":\"https:\\\/\\\/teiaeducation.ch\\\/fr\\\/#organization\",\"name\":\"Teia Education & Play\",\"url\":\"https:\\\/\\\/teiaeducation.ch\\\/fr\\\/\",\"logo\":{\"@type\":\"ImageObject\",\"inLanguage\":\"fr-FR\",\"@id\":\"https:\\\/\\\/teiaeducation.ch\\\/fr\\\/#\\\/schema\\\/logo\\\/image\\\/\",\"url\":\"https:\\\/\\\/teiaeducation.ch\\\/wp-content\\\/uploads\\\/2020\\\/11\\\/Teia-Education-Switzerland-e1620156442216.jpg\",\"contentUrl\":\"https:\\\/\\\/teiaeducation.ch\\\/wp-content\\\/uploads\\\/2020\\\/11\\\/Teia-Education-Switzerland-e1620156442216.jpg\",\"width\":166,\"height\":145,\"caption\":\"Teia Education & Play\"},\"image\":{\"@id\":\"https:\\\/\\\/teiaeducation.ch\\\/fr\\\/#\\\/schema\\\/logo\\\/image\\\/\"},\"sameAs\":[\"https:\\\/\\\/www.facebook.com\\\/teiaeducation\\\/\",\"https:\\\/\\\/x.com\\\/EducationTeia\",\"https:\\\/\\\/www.instagram.com\\\/teia.education\\\/\",\"https:\\\/\\\/www.linkedin.com\\\/company\\\/35501660\",\"https:\\\/\\\/www.pinterest.ch\\\/TeiaEducation\\\/\"]}]}<\/script>\n<!-- \/ Yoast SEO plugin. -->","yoast_head_json":{"title":"Relier la forme et la couleur - Educo - Teia Education & Play","description":"Le jouet \u00e9ducatif en bois relier la forme et la couleur d'Educo permettant d'associer des dominos pour reconna\u00eetre, nommer et associer couleurs et formes.","robots":{"index":"index","follow":"follow","max-snippet":"max-snippet:-1","max-image-preview":"max-image-preview:large","max-video-preview":"max-video-preview:-1"},"canonical":"https:\/\/teiaeducation.ch\/fr\/produit\/relier-forme-et-couleur-educo\/","og_locale":"fr_FR","og_type":"article","og_title":"Relier la forme et la couleur - Educo - Teia Education & Play","og_description":"Le jouet \u00e9ducatif en bois relier la forme et la couleur d'Educo permettant d'associer des dominos pour reconna\u00eetre, nommer et associer couleurs et formes.","og_url":"https:\/\/teiaeducation.ch\/fr\/produit\/relier-forme-et-couleur-educo\/","og_site_name":"Sustainable Educational Products &amp; Ecological Toys\u00a0","article_publisher":"https:\/\/www.facebook.com\/teiaeducation\/","article_modified_time":"2022-03-10T10:56:29+00:00","og_image":[{"width":1500,"height":1500,"url":"https:\/\/teiaeducation.ch\/wp-content\/uploads\/2021\/06\/Connect-shape-and-colour-Educo.jpeg","type":"image\/jpeg"}],"schema":{"@context":"https:\/\/schema.org","@graph":[{"@type":"WebPage","@id":"https:\/\/teiaeducation.ch\/fr\/produit\/relier-forme-et-couleur-educo\/","url":"https:\/\/teiaeducation.ch\/fr\/produit\/relier-forme-et-couleur-educo\/","name":"Relier la forme et la couleur - Educo - Teia Education & Play","isPartOf":{"@id":"https:\/\/teiaeducation.ch\/fr\/#website"},"primaryImageOfPage":{"@id":"https:\/\/teiaeducation.ch\/fr\/produit\/relier-forme-et-couleur-educo\/#primaryimage"},"image":{"@id":"https:\/\/teiaeducation.ch\/fr\/produit\/relier-forme-et-couleur-educo\/#primaryimage"},"thumbnailUrl":"https:\/\/teiaeducation.ch\/wp-content\/uploads\/2021\/06\/Connect-shape-and-colour-Educo.jpeg","datePublished":"2021-06-25T06:55:15+00:00","dateModified":"2022-03-10T10:56:29+00:00","description":"Le jouet \u00e9ducatif en bois relier la forme et la couleur d'Educo permettant d'associer des dominos pour reconna\u00eetre, nommer et associer couleurs et formes.","breadcrumb":{"@id":"https:\/\/teiaeducation.ch\/fr\/produit\/relier-forme-et-couleur-educo\/#breadcrumb"},"inLanguage":"fr-FR","potentialAction":[{"@type":"ReadAction","target":["https:\/\/teiaeducation.ch\/fr\/produit\/relier-forme-et-couleur-educo\/"]}]},{"@type":"ImageObject","inLanguage":"fr-FR","@id":"https:\/\/teiaeducation.ch\/fr\/produit\/relier-forme-et-couleur-educo\/#primaryimage","url":"https:\/\/teiaeducation.ch\/wp-content\/uploads\/2021\/06\/Connect-shape-and-colour-Educo.jpeg","contentUrl":"https:\/\/teiaeducation.ch\/wp-content\/uploads\/2021\/06\/Connect-shape-and-colour-Educo.jpeg","width":1500,"height":1500,"caption":"Relier la forme et la couleur jouet \u00e9ducatif en bois Educo"},{"@type":"BreadcrumbList","@id":"https:\/\/teiaeducation.ch\/fr\/produit\/relier-forme-et-couleur-educo\/#breadcrumb","itemListElement":[{"@type":"ListItem","position":1,"name":"Home","item":"https:\/\/teiaeducation.ch\/fr\/"},{"@type":"ListItem","position":2,"name":"Boutique Teia Education &amp; Play","item":"https:\/\/teiaeducation.ch\/fr\/boutique\/"},{"@type":"ListItem","position":3,"name":"Nos Marques","item":"https:\/\/teiaeducation.ch\/fr\/categorie-produit\/marques\/"},{"@type":"ListItem","position":4,"name":"Educo","item":"https:\/\/teiaeducation.ch\/fr\/categorie-produit\/marques\/educo-fr\/"},{"@type":"ListItem","position":5,"name":"Jeu Math\u00e9matique","item":"https:\/\/teiaeducation.ch\/fr\/categorie-produit\/marques\/educo-fr\/jeu-mathematique\/"},{"@type":"ListItem","position":6,"name":"G\u00e9om\u00e9trie","item":"https:\/\/teiaeducation.ch\/fr\/categorie-produit\/marques\/educo-fr\/jeu-mathematique\/geometrie-jeu-mathematique\/"},{"@type":"ListItem","position":7,"name":"Relier la forme et la couleur- Educo"}]},{"@type":"WebSite","@id":"https:\/\/teiaeducation.ch\/fr\/#website","url":"https:\/\/teiaeducation.ch\/fr\/","name":"Sustainable Educational Products &amp; Ecological Toys\u00a0","description":"Specialised Swiss shop selling sustainable educational toys and games, AMI certified Montessori materials, handmade ecological wooden Waldorf toys and arts &amp; crafts supplies, school supplies, children&#039;s furniture and Montessori reference and parenting books.","publisher":{"@id":"https:\/\/teiaeducation.ch\/fr\/#organization"},"alternateName":"Teia Education & Play","potentialAction":[{"@type":"SearchAction","target":{"@type":"EntryPoint","urlTemplate":"https:\/\/teiaeducation.ch\/fr\/?s={search_term_string}"},"query-input":{"@type":"PropertyValueSpecification","valueRequired":true,"valueName":"search_term_string"}}],"inLanguage":"fr-FR"},{"@type":"Organization","@id":"https:\/\/teiaeducation.ch\/fr\/#organization","name":"Teia Education & Play","url":"https:\/\/teiaeducation.ch\/fr\/","logo":{"@type":"ImageObject","inLanguage":"fr-FR","@id":"https:\/\/teiaeducation.ch\/fr\/#\/schema\/logo\/image\/","url":"https:\/\/teiaeducation.ch\/wp-content\/uploads\/2020\/11\/Teia-Education-Switzerland-e1620156442216.jpg","contentUrl":"https:\/\/teiaeducation.ch\/wp-content\/uploads\/2020\/11\/Teia-Education-Switzerland-e1620156442216.jpg","width":166,"height":145,"caption":"Teia Education & Play"},"image":{"@id":"https:\/\/teiaeducation.ch\/fr\/#\/schema\/logo\/image\/"},"sameAs":["https:\/\/www.facebook.com\/teiaeducation\/","https:\/\/x.com\/EducationTeia","https:\/\/www.instagram.com\/teia.education\/","https:\/\/www.linkedin.com\/company\/35501660","https:\/\/www.pinterest.ch\/TeiaEducation\/"]}]}},"_links":{"self":[{"href":"https:\/\/teiaeducation.ch\/fr\/wp-json\/wp\/v2\/product\/37373","targetHints":{"allow":["GET"]}}],"collection":[{"href":"https:\/\/teiaeducation.ch\/fr\/wp-json\/wp\/v2\/product"}],"about":[{"href":"https:\/\/teiaeducation.ch\/fr\/wp-json\/wp\/v2\/types\/product"}],"replies":[{"embeddable":true,"href":"https:\/\/teiaeducation.ch\/fr\/wp-json\/wp\/v2\/comments?post=37373"}],"wp:featuredmedia":[{"embeddable":true,"href":"https:\/\/teiaeducation.ch\/fr\/wp-json\/wp\/v2\/media\/37378"}],"wp:attachment":[{"href":"https:\/\/teiaeducation.ch\/fr\/wp-json\/wp\/v2\/media?parent=37373"}],"wp:term":[{"taxonomy":"product_brand","embeddable":true,"href":"https:\/\/teiaeducation.ch\/fr\/wp-json\/wp\/v2\/product_brand?post=37373"},{"taxonomy":"product_cat","embeddable":true,"href":"https:\/\/teiaeducation.ch\/fr\/wp-json\/wp\/v2\/product_cat?post=37373"},{"taxonomy":"product_tag","embeddable":true,"href":"https:\/\/teiaeducation.ch\/fr\/wp-json\/wp\/v2\/product_tag?post=37373"}],"curies":[{"name":"wp","href":"https:\/\/api.w.org\/{rel}","templated":true}]}}