{"id":37386,"date":"2020-11-16T14:50:11","date_gmt":"2020-11-16T13:50:11","guid":{"rendered":"https:\/\/teiaeducation.ch\/product\/concave-trouve-son-convexe-grimms\/"},"modified":"2021-10-07T09:48:40","modified_gmt":"2021-10-07T07:48:40","slug":"concave-trouve-convexe-grimms","status":"publish","type":"product","link":"https:\/\/teiaeducation.ch\/fr\/produit\/concave-trouve-convexe-grimms\/","title":{"rendered":"Concave trouve son convexe &#8211; Grimm&#8217;s"},"content":{"rendered":"<p>Concave trouve son convexe puzzle jeu de correspondance \/ Blocs de construction en bois durables faits \u00e0 la main &#8211; Grimm&#8217;s<\/p>\n<p>Un magnifique jeu d&#8217;association en bois durable fait \u00e0 la main avec des <a href=\"https:\/\/teiaeducation.ch\/product-category\/play\/wooden-building-blocks\/\">blocs de construction<\/a>de Grimm&#8217;s. Cet ensemble comprend 24 blocs de bois aux formes inhabituelles dans de jolies teintes pastel et arc-en-ciel qui s&#8217;embo\u00eetent dans un puzzle de style mosa\u00efque et sont pr\u00e9sent\u00e9s dans un cadre en bois. Chaque bloc mesure 6 \u00e0 12 cm et le plateau est de 26,5 x 20,5 cm.<\/p>\n<p>Le jeu de concave trouve son convexe de Grimm&#8217;s est fabriqu\u00e9 en bois de tilleul et peint avec une teinture non toxique \u00e0 base d&#8217;eau, ce qui le rend s\u00fbr pour les jeunes enfants.<\/p>\n<p>Dans ce puzzle amusant et stimulant, les enfants doivent associer chaque paire de formes concaves et convexes. Vous pouvez aussi placer les pi\u00e8ces dans un sac pour un autre d\u00e9fi tactile, afin de trouver les paires par le sens du toucher. Les formes int\u00e9ressantes et vibrantes sont \u00e9galement un excellent compl\u00e9ment au jeu libre, qu&#8217;il s&#8217;agisse d&#8217;empiler et de construire des murs ou des chemins ondul\u00e9s ou de cr\u00e9er des figures imaginatives.<\/p>\n<p>Le jeu de concave trouve son convexe de Grimm&#8217;s est parfait pour d\u00e9velopper la coordination \u0153il-main, la motricit\u00e9 fine, la r\u00e9solution de probl\u00e8mes, la conscience de l&#8217;espace et la concentration chez les jeunes enfants de mani\u00e8re attrayante. Chaque paire est compos\u00e9e de deux tons diff\u00e9rents de la m\u00eame couleur, ce qui permet aux enfants d&#8217;\u00e9tudier les couleurs de plus pr\u00e8s, en faisant correspondre un bleu clair et un bleu fonc\u00e9 ou un orange clair et un orange p\u00e2le.<\/p>\n<p>Id\u00e9al pour jouer \u00e0 la maison, \u00e0 la cr\u00e8che, \u00e0 Waldorf ou \u00e0 l\u2019\u00e9cole Steiner, les beaux jouets en bois naturel de Grimm&#8217;s sont fabriqu\u00e9s selon la philosophie Waldorf qui est bien connue pour encourager les enfants \u00e0 d\u00e9couvrir le jeu cr\u00e9atif de mani\u00e8re ind\u00e9pendante, sans limitations et \u00e0 un rythme effr\u00e9n\u00e9. Les jouets en bois de Grimm&#8217;s sont color\u00e9s \u00e0 la main avec des peintures \u00e0 base d\u2019eau non toxiques et ne sont pas finis avec de la laque pour assurer les caract\u00e9ristiques originales du bois et pour qu&#8217;on puisse voir le grain \u00e0 travers. La surface des jouets fabriqu\u00e9s \u00e0 partir de bois europ\u00e9ens certifi\u00e9 FSC est laiss\u00e9e l\u00e9g\u00e8rement rugueuse, ce qui les rend plus facilement empilables et moins glissants.<\/p>\n<p>Les jouets en bois de Grimm&#8217;s sont fabriqu\u00e9s dans les manufacture de Grimm&#8217;s en Allemagne ainsi que dans plusieurs ateliers \u00e0 travers l\u2019Europe \u00e0 partir de diff\u00e9rents types de bois tels que l\u2019aulne, la chaux, le h\u00eatre et l\u2019\u00e9rable. Tout le bois utilis\u00e9 pour fabriquer les jouets de Grimm&#8217;s provient de for\u00eats europ\u00e9ennes g\u00e9r\u00e9es de mani\u00e8re durable.<\/p>\n<p>Veuillez noter que les jouets de Grimm&#8217;s sont toujours uniques, et portent des marques uniques faites par la nature. Le grain du bois a des structures et des couleurs changeantes qui servent de preuve de ses origines naturelles. Les variations uniques, les marques, les noeuds, les motifs, les rayures noires ou les taches sombres qui peuvent \u00eatre visibles dans le bois des jouets de Grimm&#8217;s sont une preuve de qualit\u00e9, et non des d\u00e9fauts.<\/p>\n<p>Le puzzle du jeu d&#8217;association &#8220;Les concaves trouvent les convexes&#8221; de Grimm&#8217;s convient aux enfants \u00e2g\u00e9s de 4 ans et plus.<\/p>\n<p>AVERTISSEMENT: RISQUE D\u2019\u00c9TOUFFEMENT &#8211; petites pi\u00e8ces. Ne convient pas aux enfants de moins de 3 ans.<\/p>\n<p>Contenu :<\/p>\n<p>24 blocs en bois<br \/>\n1 cadre en bois<\/p>\n","protected":false},"excerpt":{"rendered":"<p>Num\u00e9ro d&#8217;article : gri40001<\/p>\n<p>Concave trouve son convexe de Grimm&#8217;s est un magnifique jeu d&#8217;association en bois durable fait \u00e0 la main avec des blocs de bois aux formes inhabituelles dans de jolies teintes pastel et arc-en-ciel.<\/p>\n","protected":false},"featured_media":30659,"comment_status":"open","ping_status":"closed","template":"","meta":[],"product_brand":[],"product_cat":[8527,215,24876,633,13150,635,24872,8526,17212,17237,13130,626,23020,23021,1220,7595,217,5851,13148,209,212,1219],"product_tag":[17337,17463,17466,8625,17332,17334,20008,20006,20007,17335,20009,17462,8605,19434,17363,17331,17336,5849],"class_list":{"0":"post-37386","1":"product","2":"type-product","3":"status-publish","4":"has-post-thumbnail","6":"product_cat-3-6-ans-ecole-a-domicile","7":"product_cat-3-6-ans","8":"product_cat-apprendre-decouvrir","9":"product_cat-apprendre-les-couleurs","10":"product_cat-blocs-de-construction-en-bois","11":"product_cat-competences-motrices","12":"product_cat-construction-mondes-arc-en-ciel","13":"product_cat-fournitures-scolaires-a-domicile","14":"product_cat-grimms-fr","15":"product_cat-guide-cadeaux-puzzles-en-bois","16":"product_cat-jouer","17":"product_cat-jouets-a-trier","18":"product_cat-jouets-en-bois","19":"product_cat-jouets-waldorf","20":"product_cat-traditionnelle","21":"product_cat-methode-deducation","22":"product_cat-marques","23":"product_cat-nouveautes","24":"product_cat-puzzles-en-bois","25":"product_cat-sensorielles-motrices","26":"product_cat-tranche-dage","27":"product_cat-waldorf-fr","28":"product_tag-arc-en-ciel-colore-en-bois-fait-main","29":"product_tag-assortiment-de-blocs-de-construction-en-bois-de-grimm","30":"product_tag-blocs-en-bois-grimm","31":"product_tag-fabrique-en-allemagne","32":"product_tag-grimm-suisse","33":"product_tag-grimm-suisse-fr","34":"product_tag-grimms-concave-convexe","35":"product_tag-grimms-mosaique","36":"product_tag-grimms-puzzle-en-bois","37":"product_tag-grimme-suisse","38":"product_tag-jeu-dassociation-en-bois","39":"product_tag-jeux-libres-en-bois","40":"product_tag-jouets-educatifs-en-bois-fr","41":"product_tag-jouets-educatifs-en-bois-suisse-fr","42":"product_tag-jouets-en-bois-de-grimm","43":"product_tag-jouets-en-bois-waldorf","44":"product_tag-magasin-de-jouets-en-bois-grimm","45":"product_tag-puzzle-en-bois","47":"first","48":"instock","49":"taxable","50":"shipping-taxable","51":"purchasable","52":"product-type-simple"},"yoast_head":"<!-- This site is optimized with the Yoast SEO plugin v27.1.1 - https:\/\/yoast.com\/product\/yoast-seo-wordpress\/ -->\n<title>Concave trouve son convexe - Grimm&#039;s - Teia Education &amp; Play<\/title>\n<meta name=\"description\" content=\"Grimm&#039;s concave trouve son convexe est un jeu d&#039;association en bois durable fait \u00e0 la main avec une mosa\u00efque de blocs de construction pastel et arc-en-ciel dans un plateau.\" \/>\n<meta name=\"robots\" content=\"index, follow, max-snippet:-1, max-image-preview:large, max-video-preview:-1\" \/>\n<link rel=\"canonical\" href=\"https:\/\/teiaeducation.ch\/fr\/produit\/concave-trouve-convexe-grimms\/\" \/>\n<meta property=\"og:locale\" content=\"fr_FR\" \/>\n<meta property=\"og:type\" content=\"article\" \/>\n<meta property=\"og:title\" content=\"Concave trouve son convexe - Grimm&#039;s - Teia Education &amp; Play\" \/>\n<meta property=\"og:description\" content=\"Grimm&#039;s concave trouve son convexe est un jeu d&#039;association en bois durable fait \u00e0 la main avec une mosa\u00efque de blocs de construction pastel et arc-en-ciel dans un plateau.\" \/>\n<meta property=\"og:url\" content=\"https:\/\/teiaeducation.ch\/fr\/produit\/concave-trouve-convexe-grimms\/\" \/>\n<meta property=\"og:site_name\" content=\"Sustainable Educational Products &amp; Ecological Toys\u00a0\" \/>\n<meta property=\"article:publisher\" content=\"https:\/\/www.facebook.com\/teiaeducation\/\" \/>\n<meta property=\"article:modified_time\" content=\"2021-10-07T07:48:40+00:00\" \/>\n<meta property=\"og:image\" content=\"https:\/\/teiaeducation.ch\/wp-content\/uploads\/2020\/10\/Concave-finds-convex-Grimms.jpg\" \/>\n\t<meta property=\"og:image:width\" content=\"900\" \/>\n\t<meta property=\"og:image:height\" content=\"900\" \/>\n\t<meta property=\"og:image:type\" content=\"image\/jpeg\" \/>\n<script type=\"application\/ld+json\" class=\"yoast-schema-graph\">{\"@context\":\"https:\/\/schema.org\",\"@graph\":[{\"@type\":\"WebPage\",\"@id\":\"https:\/\/teiaeducation.ch\/fr\/produit\/concave-trouve-convexe-grimms\/\",\"url\":\"https:\/\/teiaeducation.ch\/fr\/produit\/concave-trouve-convexe-grimms\/\",\"name\":\"Concave trouve son convexe - Grimm's - Teia Education & Play\",\"isPartOf\":{\"@id\":\"https:\/\/teiaeducation.ch\/fr\/#website\"},\"primaryImageOfPage\":{\"@id\":\"https:\/\/teiaeducation.ch\/fr\/produit\/concave-trouve-convexe-grimms\/#primaryimage\"},\"image\":{\"@id\":\"https:\/\/teiaeducation.ch\/fr\/produit\/concave-trouve-convexe-grimms\/#primaryimage\"},\"thumbnailUrl\":\"https:\/\/teiaeducation.ch\/wp-content\/uploads\/2020\/10\/Concave-finds-convex-Grimms.jpg\",\"datePublished\":\"2020-11-16T13:50:11+00:00\",\"dateModified\":\"2021-10-07T07:48:40+00:00\",\"description\":\"Grimm's concave trouve son convexe est un jeu d'association en bois durable fait \u00e0 la main avec une mosa\u00efque de blocs de construction pastel et arc-en-ciel dans un plateau.\",\"breadcrumb\":{\"@id\":\"https:\/\/teiaeducation.ch\/fr\/produit\/concave-trouve-convexe-grimms\/#breadcrumb\"},\"inLanguage\":\"fr-FR\",\"potentialAction\":[{\"@type\":\"ReadAction\",\"target\":[\"https:\/\/teiaeducation.ch\/fr\/produit\/concave-trouve-convexe-grimms\/\"]}]},{\"@type\":\"ImageObject\",\"inLanguage\":\"fr-FR\",\"@id\":\"https:\/\/teiaeducation.ch\/fr\/produit\/concave-trouve-convexe-grimms\/#primaryimage\",\"url\":\"https:\/\/teiaeducation.ch\/wp-content\/uploads\/2020\/10\/Concave-finds-convex-Grimms.jpg\",\"contentUrl\":\"https:\/\/teiaeducation.ch\/wp-content\/uploads\/2020\/10\/Concave-finds-convex-Grimms.jpg\",\"width\":900,\"height\":900,\"caption\":\"Concave trouve son convexe puzzle de jeu de correspondance - Grimm's\"},{\"@type\":\"BreadcrumbList\",\"@id\":\"https:\/\/teiaeducation.ch\/fr\/produit\/concave-trouve-convexe-grimms\/#breadcrumb\",\"itemListElement\":[{\"@type\":\"ListItem\",\"position\":1,\"name\":\"Home\",\"item\":\"https:\/\/teiaeducation.ch\/fr\/\"},{\"@type\":\"ListItem\",\"position\":2,\"name\":\"Boutique Teia Education &amp; Play\",\"item\":\"https:\/\/teiaeducation.ch\/fr\/boutique\/\"},{\"@type\":\"ListItem\",\"position\":3,\"name\":\"Nos Marques\",\"item\":\"https:\/\/teiaeducation.ch\/fr\/categorie-produit\/marques\/\"},{\"@type\":\"ListItem\",\"position\":4,\"name\":\"Grimm's\",\"item\":\"https:\/\/teiaeducation.ch\/fr\/categorie-produit\/marques\/grimms-fr\/\"},{\"@type\":\"ListItem\",\"position\":5,\"name\":\"Concave trouve son convexe &#8211; Grimm&#8217;s\"}]},{\"@type\":\"WebSite\",\"@id\":\"https:\/\/teiaeducation.ch\/fr\/#website\",\"url\":\"https:\/\/teiaeducation.ch\/fr\/\",\"name\":\"Sustainable Educational Products &amp; Ecological Toys\u00a0\",\"description\":\"Specialised Swiss shop selling sustainable educational toys and games, AMI certified Montessori materials, handmade ecological wooden Waldorf toys and arts &amp; crafts supplies, school supplies, children&#039;s furniture and Montessori reference and parenting books.\",\"publisher\":{\"@id\":\"https:\/\/teiaeducation.ch\/fr\/#organization\"},\"alternateName\":\"Teia Education & Play\",\"potentialAction\":[{\"@type\":\"SearchAction\",\"target\":{\"@type\":\"EntryPoint\",\"urlTemplate\":\"https:\/\/teiaeducation.ch\/fr\/?s={search_term_string}\"},\"query-input\":{\"@type\":\"PropertyValueSpecification\",\"valueRequired\":true,\"valueName\":\"search_term_string\"}}],\"inLanguage\":\"fr-FR\"},{\"@type\":\"Organization\",\"@id\":\"https:\/\/teiaeducation.ch\/fr\/#organization\",\"name\":\"Teia Education & Play\",\"url\":\"https:\/\/teiaeducation.ch\/fr\/\",\"logo\":{\"@type\":\"ImageObject\",\"inLanguage\":\"fr-FR\",\"@id\":\"https:\/\/teiaeducation.ch\/fr\/#\/schema\/logo\/image\/\",\"url\":\"https:\/\/teiaeducation.ch\/wp-content\/uploads\/2020\/11\/Teia-Education-Switzerland-e1620156442216.jpg\",\"contentUrl\":\"https:\/\/teiaeducation.ch\/wp-content\/uploads\/2020\/11\/Teia-Education-Switzerland-e1620156442216.jpg\",\"width\":166,\"height\":145,\"caption\":\"Teia Education & Play\"},\"image\":{\"@id\":\"https:\/\/teiaeducation.ch\/fr\/#\/schema\/logo\/image\/\"},\"sameAs\":[\"https:\/\/www.facebook.com\/teiaeducation\/\",\"https:\/\/x.com\/EducationTeia\",\"https:\/\/www.instagram.com\/teia.education\/\",\"https:\/\/www.linkedin.com\/company\/35501660\",\"https:\/\/www.pinterest.ch\/TeiaEducation\/\"]}]}<\/script>\n<!-- \/ Yoast SEO plugin. -->","yoast_head_json":{"title":"Concave trouve son convexe - Grimm's - Teia Education & Play","description":"Grimm's concave trouve son convexe est un jeu d'association en bois durable fait \u00e0 la main avec une mosa\u00efque de blocs de construction pastel et arc-en-ciel dans un plateau.","robots":{"index":"index","follow":"follow","max-snippet":"max-snippet:-1","max-image-preview":"max-image-preview:large","max-video-preview":"max-video-preview:-1"},"canonical":"https:\/\/teiaeducation.ch\/fr\/produit\/concave-trouve-convexe-grimms\/","og_locale":"fr_FR","og_type":"article","og_title":"Concave trouve son convexe - Grimm's - Teia Education & Play","og_description":"Grimm's concave trouve son convexe est un jeu d'association en bois durable fait \u00e0 la main avec une mosa\u00efque de blocs de construction pastel et arc-en-ciel dans un plateau.","og_url":"https:\/\/teiaeducation.ch\/fr\/produit\/concave-trouve-convexe-grimms\/","og_site_name":"Sustainable Educational Products &amp; Ecological Toys\u00a0","article_publisher":"https:\/\/www.facebook.com\/teiaeducation\/","article_modified_time":"2021-10-07T07:48:40+00:00","og_image":[{"width":900,"height":900,"url":"https:\/\/teiaeducation.ch\/wp-content\/uploads\/2020\/10\/Concave-finds-convex-Grimms.jpg","type":"image\/jpeg"}],"schema":{"@context":"https:\/\/schema.org","@graph":[{"@type":"WebPage","@id":"https:\/\/teiaeducation.ch\/fr\/produit\/concave-trouve-convexe-grimms\/","url":"https:\/\/teiaeducation.ch\/fr\/produit\/concave-trouve-convexe-grimms\/","name":"Concave trouve son convexe - Grimm's - Teia Education & Play","isPartOf":{"@id":"https:\/\/teiaeducation.ch\/fr\/#website"},"primaryImageOfPage":{"@id":"https:\/\/teiaeducation.ch\/fr\/produit\/concave-trouve-convexe-grimms\/#primaryimage"},"image":{"@id":"https:\/\/teiaeducation.ch\/fr\/produit\/concave-trouve-convexe-grimms\/#primaryimage"},"thumbnailUrl":"https:\/\/teiaeducation.ch\/wp-content\/uploads\/2020\/10\/Concave-finds-convex-Grimms.jpg","datePublished":"2020-11-16T13:50:11+00:00","dateModified":"2021-10-07T07:48:40+00:00","description":"Grimm's concave trouve son convexe est un jeu d'association en bois durable fait \u00e0 la main avec une mosa\u00efque de blocs de construction pastel et arc-en-ciel dans un plateau.","breadcrumb":{"@id":"https:\/\/teiaeducation.ch\/fr\/produit\/concave-trouve-convexe-grimms\/#breadcrumb"},"inLanguage":"fr-FR","potentialAction":[{"@type":"ReadAction","target":["https:\/\/teiaeducation.ch\/fr\/produit\/concave-trouve-convexe-grimms\/"]}]},{"@type":"ImageObject","inLanguage":"fr-FR","@id":"https:\/\/teiaeducation.ch\/fr\/produit\/concave-trouve-convexe-grimms\/#primaryimage","url":"https:\/\/teiaeducation.ch\/wp-content\/uploads\/2020\/10\/Concave-finds-convex-Grimms.jpg","contentUrl":"https:\/\/teiaeducation.ch\/wp-content\/uploads\/2020\/10\/Concave-finds-convex-Grimms.jpg","width":900,"height":900,"caption":"Concave trouve son convexe puzzle de jeu de correspondance - Grimm's"},{"@type":"BreadcrumbList","@id":"https:\/\/teiaeducation.ch\/fr\/produit\/concave-trouve-convexe-grimms\/#breadcrumb","itemListElement":[{"@type":"ListItem","position":1,"name":"Home","item":"https:\/\/teiaeducation.ch\/fr\/"},{"@type":"ListItem","position":2,"name":"Boutique Teia Education &amp; Play","item":"https:\/\/teiaeducation.ch\/fr\/boutique\/"},{"@type":"ListItem","position":3,"name":"Nos Marques","item":"https:\/\/teiaeducation.ch\/fr\/categorie-produit\/marques\/"},{"@type":"ListItem","position":4,"name":"Grimm's","item":"https:\/\/teiaeducation.ch\/fr\/categorie-produit\/marques\/grimms-fr\/"},{"@type":"ListItem","position":5,"name":"Concave trouve son convexe &#8211; Grimm&#8217;s"}]},{"@type":"WebSite","@id":"https:\/\/teiaeducation.ch\/fr\/#website","url":"https:\/\/teiaeducation.ch\/fr\/","name":"Sustainable Educational Products &amp; Ecological Toys\u00a0","description":"Specialised Swiss shop selling sustainable educational toys and games, AMI certified Montessori materials, handmade ecological wooden Waldorf toys and arts &amp; crafts supplies, school supplies, children&#039;s furniture and Montessori reference and parenting books.","publisher":{"@id":"https:\/\/teiaeducation.ch\/fr\/#organization"},"alternateName":"Teia Education & Play","potentialAction":[{"@type":"SearchAction","target":{"@type":"EntryPoint","urlTemplate":"https:\/\/teiaeducation.ch\/fr\/?s={search_term_string}"},"query-input":{"@type":"PropertyValueSpecification","valueRequired":true,"valueName":"search_term_string"}}],"inLanguage":"fr-FR"},{"@type":"Organization","@id":"https:\/\/teiaeducation.ch\/fr\/#organization","name":"Teia Education & Play","url":"https:\/\/teiaeducation.ch\/fr\/","logo":{"@type":"ImageObject","inLanguage":"fr-FR","@id":"https:\/\/teiaeducation.ch\/fr\/#\/schema\/logo\/image\/","url":"https:\/\/teiaeducation.ch\/wp-content\/uploads\/2020\/11\/Teia-Education-Switzerland-e1620156442216.jpg","contentUrl":"https:\/\/teiaeducation.ch\/wp-content\/uploads\/2020\/11\/Teia-Education-Switzerland-e1620156442216.jpg","width":166,"height":145,"caption":"Teia Education & Play"},"image":{"@id":"https:\/\/teiaeducation.ch\/fr\/#\/schema\/logo\/image\/"},"sameAs":["https:\/\/www.facebook.com\/teiaeducation\/","https:\/\/x.com\/EducationTeia","https:\/\/www.instagram.com\/teia.education\/","https:\/\/www.linkedin.com\/company\/35501660","https:\/\/www.pinterest.ch\/TeiaEducation\/"]}]}},"_links":{"self":[{"href":"https:\/\/teiaeducation.ch\/fr\/wp-json\/wp\/v2\/product\/37386","targetHints":{"allow":["GET"]}}],"collection":[{"href":"https:\/\/teiaeducation.ch\/fr\/wp-json\/wp\/v2\/product"}],"about":[{"href":"https:\/\/teiaeducation.ch\/fr\/wp-json\/wp\/v2\/types\/product"}],"replies":[{"embeddable":true,"href":"https:\/\/teiaeducation.ch\/fr\/wp-json\/wp\/v2\/comments?post=37386"}],"wp:featuredmedia":[{"embeddable":true,"href":"https:\/\/teiaeducation.ch\/fr\/wp-json\/wp\/v2\/media\/30659"}],"wp:attachment":[{"href":"https:\/\/teiaeducation.ch\/fr\/wp-json\/wp\/v2\/media?parent=37386"}],"wp:term":[{"taxonomy":"product_brand","embeddable":true,"href":"https:\/\/teiaeducation.ch\/fr\/wp-json\/wp\/v2\/product_brand?post=37386"},{"taxonomy":"product_cat","embeddable":true,"href":"https:\/\/teiaeducation.ch\/fr\/wp-json\/wp\/v2\/product_cat?post=37386"},{"taxonomy":"product_tag","embeddable":true,"href":"https:\/\/teiaeducation.ch\/fr\/wp-json\/wp\/v2\/product_tag?post=37386"}],"curies":[{"name":"wp","href":"https:\/\/api.w.org\/{rel}","templated":true}]}}