{"id":37387,"date":"2021-06-02T14:11:10","date_gmt":"2021-06-02T12:11:10","guid":{"rendered":"https:\/\/teiaeducation.ch\/product\/medium-arc-en-ciel-pastel-6-pieces-grimms\/"},"modified":"2021-10-11T16:59:50","modified_gmt":"2021-10-11T14:59:50","slug":"moyen-pastel-arc-en-ciel-6-pieces-grimms","status":"publish","type":"product","link":"https:\/\/teiaeducation.ch\/fr\/produit\/moyen-pastel-arc-en-ciel-6-pieces-grimms\/","title":{"rendered":"Petit arc-en-ciel pastel (6 pi\u00e8ces) &#8211; Grimm&#8217;s"},"content":{"rendered":"<p>Petit arc-en-ciel pastel (6 pi\u00e8ces) \/ Jouet \u00e0 empiler en bois durable fait main &#8211; Grimm&#8217;s<\/p>\n<p>Inspir\u00e9 de la p\u00e9dagogie Waldorf Steiner, le petit arc-en-ciel pastel de Grimm&#8217;s est un jouet \u00e0 empiler en bois durable, fabriqu\u00e9 \u00e0 la main, qui pr\u00e9sente un attrait intemporel. Il contient 6 arches coup\u00e9es \u00e0 la main dans un seul bloc de bois. L&#8217;arc-en-ciel est fabriqu\u00e9 en bois de tilleul est peint dans de magnifiques tons pastel avec une teinture non toxique \u00e0 base d&#8217;eau, ce qui le rend s\u00fbr pour les (petits) enfants. Cet arc-en-ciel de petite taille mesure environ 17 cm de long et offre des possibilit\u00e9s infinies de jeu cr\u00e9atif. L&#8217;arc-en-ciel de Grimm&#8217;s aux couleurs pastel est \u00e9galement un bel ajout \u00e0 une salle de jeux, une salle de classe ou une chambre d&#8217;enfant.<\/p>\n<p>Le petit arc-en-ciel pastel de Grimm&#8217;s peut \u00eatre utilis\u00e9 par les petits enfants pour empiler, trier et construire. En grandissant, les enfants l&#8217;utiliseront comme berceau pour leurs poup\u00e9es ador\u00e9es, comme barri\u00e8re pour les animaux, comme tunnel ou pont pour les v\u00e9hicules, comme maison pour les nains et les poup\u00e9es de maison de poup\u00e9e ou pour construire des sculptures \u00e9tonnantes. L&#8217;arc-en-ciel moyen convient \u00e9galement \u00e0 une utilisation sur une table Waldorf sur la nature ou les <a href=\"https:\/\/teiaeducation.ch\/fr\/categorie-produit\/domaines-du-curriculum\/culture-sciences\/saisons-meteo\/\">saisons<\/a> ou comme compl\u00e9ment aux figures de la nativit\u00e9 pour une sc\u00e8ne de No\u00ebl.<\/p>\n<p>Id\u00e9al pour jouer \u00e0 la maison, \u00e0 la cr\u00e8che, \u00e0 Waldorf ou \u00e0 l\u2019\u00e9cole Steiner, les beaux jouets en bois naturel de Grimm&#8217;s sont fabriqu\u00e9s selon la philosophie Waldorf qui est bien connue pour encourager les enfants \u00e0 d\u00e9couvrir le jeu cr\u00e9atif de mani\u00e8re ind\u00e9pendante, sans limitations et \u00e0 un rythme effr\u00e9n\u00e9. Les jouets en bois de Grimm&#8217;s sont color\u00e9s \u00e0 la main avec des peintures \u00e0 base d\u2019eau non toxiques et ne sont pas finis avec de la laque pour assurer les caract\u00e9ristiques originales du bois et pour qu&#8217;on puisse voir le grain \u00e0 travers. La surface des jouets fabriqu\u00e9s \u00e0 partir de bois europ\u00e9ens certifi\u00e9 FSC est laiss\u00e9e l\u00e9g\u00e8rement rugueuse, ce qui les rend plus facilement empilables et moins glissants.<\/p>\n<p>Les jouets en bois de Grimm&#8217;s sont fabriqu\u00e9s dans les manufacture de Grimm&#8217;s en Allemagne ainsi que dans plusieurs ateliers \u00e0 travers l\u2019Europe \u00e0 partir de diff\u00e9rents types de bois tels que l\u2019aulne, la chaux, le h\u00eatre et l\u2019\u00e9rable. Tout le bois utilis\u00e9 pour fabriquer les jouets de Grimm&#8217;s provient de for\u00eats europ\u00e9ennes g\u00e9r\u00e9es de mani\u00e8re durable.<\/p>\n<p>Veuillez noter que les jouets de Grimm&#8217;s sont toujours uniques, et portent des marques uniques faites par la nature. Le grain du bois a des structures et des couleurs changeantes qui servent de preuve de ses origines naturelles. Les variations uniques, les marques, les noeuds, les motifs, les rayures noires ou les taches sombres qui peuvent \u00eatre visibles dans le bois des jouets de Grimm&#8217;s sont une preuve de qualit\u00e9, et non des d\u00e9fauts.<\/p>\n<p>Le petit arc-en-ciel pastel 6 pi\u00e8ces de Grimm&#8217;s convient aux enfants de 2 ans et plus.<\/p>\n<p>Contenu :<\/p>\n<p>1 petit arc-en-ciel en bois de 6 pi\u00e8ces aux couleurs pastel<\/p>\n","protected":false},"excerpt":{"rendered":"<p>Num\u00e9ro d&#8217;article: gri10701<\/p>\n<p>Inspir\u00e9 de la p\u00e9dagogie Waldorf, le Grimm&#8217;s petit 6 pi\u00e8ces arc-en-ciel pastel est un jouet \u00e0 empiler en bois durable et fait \u00e0 la main.<\/p>\n","protected":false},"featured_media":32088,"comment_status":"open","ping_status":"closed","template":"","meta":[],"product_brand":[],"product_cat":[215,216,17225,23635,22344,24872,17212,13130,13144,23020,23021,13140,7595,217,5851,22348,212,1219],"product_tag":[20011,19736,20010,17332,17462,17331,19738,19737],"class_list":{"0":"post-37387","1":"product","2":"type-product","3":"status-publish","4":"has-post-thumbnail","6":"product_cat-3-6-ans","7":"product_cat-6-12-ans","8":"product_cat-celebrations-fr","9":"product_cat-collection-dete","10":"product_cat-collections-saisonnieres","11":"product_cat-construction-mondes-arc-en-ciel","12":"product_cat-grimms-fr","13":"product_cat-jouer","14":"product_cat-jouets-a-empiler","15":"product_cat-jouets-en-bois","16":"product_cat-jouets-waldorf","17":"product_cat-jeu-libre","18":"product_cat-methode-deducation","19":"product_cat-marques","20":"product_cat-nouveautes","21":"product_cat-natur-saisonale-tische","22":"product_cat-tranche-dage","23":"product_cat-waldorf-fr","24":"product_tag-arc-en-ciel-moyen-de-grimms-aux-couleurs-pastel","25":"product_tag-grand-arc-en-ciel-12-pieces-grimms","26":"product_tag-grand-arc-en-ciel-aux-couleurs-pastel-de-grimms","27":"product_tag-grimm-suisse","28":"product_tag-jeux-libres-en-bois","29":"product_tag-jouets-en-bois-waldorf","30":"product_tag-le-jouet-arc-en-ciel-de-grimms","31":"product_tag-le-magasin-de-jouets-en-bois-de-grimms","33":"first","34":"instock","35":"taxable","36":"shipping-taxable","37":"purchasable","38":"product-type-simple"},"yoast_head":"<!-- This site is optimized with the Yoast SEO plugin v27.3 - https:\/\/yoast.com\/product\/yoast-seo-wordpress\/ -->\n<title>Petit arc-en-ciel pastel (6 pi\u00e8ces) - Grimm&#039;s - Teia Education &amp; Play<\/title>\n<meta name=\"description\" content=\"Inspir\u00e9 de la p\u00e9dagogie Waldorf, le Grimm&#039;s petit 6 pi\u00e8ces arc-en-ciel pastel est un jouet \u00e0 empiler en bois durable et fait \u00e0 la main.\" \/>\n<meta name=\"robots\" content=\"index, follow, max-snippet:-1, max-image-preview:large, max-video-preview:-1\" \/>\n<link rel=\"canonical\" href=\"https:\/\/teiaeducation.ch\/fr\/produit\/moyen-pastel-arc-en-ciel-6-pieces-grimms\/\" \/>\n<meta property=\"og:locale\" content=\"fr_FR\" \/>\n<meta property=\"og:type\" content=\"article\" \/>\n<meta property=\"og:title\" content=\"Petit arc-en-ciel pastel (6 pi\u00e8ces) - Grimm&#039;s - Teia Education &amp; Play\" \/>\n<meta property=\"og:description\" content=\"Inspir\u00e9 de la p\u00e9dagogie Waldorf, le Grimm&#039;s petit 6 pi\u00e8ces arc-en-ciel pastel est un jouet \u00e0 empiler en bois durable et fait \u00e0 la main.\" \/>\n<meta property=\"og:url\" content=\"https:\/\/teiaeducation.ch\/fr\/produit\/moyen-pastel-arc-en-ciel-6-pieces-grimms\/\" \/>\n<meta property=\"og:site_name\" content=\"Sustainable Educational Products &amp; Ecological Toys\u00a0\" \/>\n<meta property=\"article:publisher\" content=\"https:\/\/www.facebook.com\/teiaeducation\/\" \/>\n<meta property=\"article:modified_time\" content=\"2021-10-11T14:59:50+00:00\" \/>\n<meta property=\"og:image\" content=\"https:\/\/teiaeducation.ch\/wp-content\/uploads\/2020\/11\/Medium-pastel-rainbow-6-Pieces-Handmade-sustainable-wooden-stacking-toy-Grimms.jpg\" \/>\n\t<meta property=\"og:image:width\" content=\"800\" \/>\n\t<meta property=\"og:image:height\" content=\"800\" \/>\n\t<meta property=\"og:image:type\" content=\"image\/jpeg\" \/>\n<script type=\"application\/ld+json\" class=\"yoast-schema-graph\">{\"@context\":\"https:\\\/\\\/schema.org\",\"@graph\":[{\"@type\":\"WebPage\",\"@id\":\"https:\\\/\\\/teiaeducation.ch\\\/fr\\\/produit\\\/moyen-pastel-arc-en-ciel-6-pieces-grimms\\\/\",\"url\":\"https:\\\/\\\/teiaeducation.ch\\\/fr\\\/produit\\\/moyen-pastel-arc-en-ciel-6-pieces-grimms\\\/\",\"name\":\"Petit arc-en-ciel pastel (6 pi\u00e8ces) - Grimm's - Teia Education & Play\",\"isPartOf\":{\"@id\":\"https:\\\/\\\/teiaeducation.ch\\\/fr\\\/#website\"},\"primaryImageOfPage\":{\"@id\":\"https:\\\/\\\/teiaeducation.ch\\\/fr\\\/produit\\\/moyen-pastel-arc-en-ciel-6-pieces-grimms\\\/#primaryimage\"},\"image\":{\"@id\":\"https:\\\/\\\/teiaeducation.ch\\\/fr\\\/produit\\\/moyen-pastel-arc-en-ciel-6-pieces-grimms\\\/#primaryimage\"},\"thumbnailUrl\":\"https:\\\/\\\/teiaeducation.ch\\\/wp-content\\\/uploads\\\/2020\\\/11\\\/Medium-pastel-rainbow-6-Pieces-Handmade-sustainable-wooden-stacking-toy-Grimms.jpg\",\"datePublished\":\"2021-06-02T12:11:10+00:00\",\"dateModified\":\"2021-10-11T14:59:50+00:00\",\"description\":\"Inspir\u00e9 de la p\u00e9dagogie Waldorf, le Grimm's petit 6 pi\u00e8ces arc-en-ciel pastel est un jouet \u00e0 empiler en bois durable et fait \u00e0 la main.\",\"breadcrumb\":{\"@id\":\"https:\\\/\\\/teiaeducation.ch\\\/fr\\\/produit\\\/moyen-pastel-arc-en-ciel-6-pieces-grimms\\\/#breadcrumb\"},\"inLanguage\":\"fr-FR\",\"potentialAction\":[{\"@type\":\"ReadAction\",\"target\":[\"https:\\\/\\\/teiaeducation.ch\\\/fr\\\/produit\\\/moyen-pastel-arc-en-ciel-6-pieces-grimms\\\/\"]}]},{\"@type\":\"ImageObject\",\"inLanguage\":\"fr-FR\",\"@id\":\"https:\\\/\\\/teiaeducation.ch\\\/fr\\\/produit\\\/moyen-pastel-arc-en-ciel-6-pieces-grimms\\\/#primaryimage\",\"url\":\"https:\\\/\\\/teiaeducation.ch\\\/wp-content\\\/uploads\\\/2020\\\/11\\\/Medium-pastel-rainbow-6-Pieces-Handmade-sustainable-wooden-stacking-toy-Grimms.jpg\",\"contentUrl\":\"https:\\\/\\\/teiaeducation.ch\\\/wp-content\\\/uploads\\\/2020\\\/11\\\/Medium-pastel-rainbow-6-Pieces-Handmade-sustainable-wooden-stacking-toy-Grimms.jpg\",\"width\":800,\"height\":800,\"caption\":\"Arc-en-ciel moyen pastel (6 Pi\u00e8ces) : Jouet \u00e0 empiler en bois durable fait main - Grimm's\"},{\"@type\":\"BreadcrumbList\",\"@id\":\"https:\\\/\\\/teiaeducation.ch\\\/fr\\\/produit\\\/moyen-pastel-arc-en-ciel-6-pieces-grimms\\\/#breadcrumb\",\"itemListElement\":[{\"@type\":\"ListItem\",\"position\":1,\"name\":\"Home\",\"item\":\"https:\\\/\\\/teiaeducation.ch\\\/fr\\\/\"},{\"@type\":\"ListItem\",\"position\":2,\"name\":\"Boutique Teia Education &amp; Play\",\"item\":\"https:\\\/\\\/teiaeducation.ch\\\/fr\\\/boutique\\\/\"},{\"@type\":\"ListItem\",\"position\":3,\"name\":\"Nos Marques\",\"item\":\"https:\\\/\\\/teiaeducation.ch\\\/fr\\\/categorie-produit\\\/marques\\\/\"},{\"@type\":\"ListItem\",\"position\":4,\"name\":\"Grimm's\",\"item\":\"https:\\\/\\\/teiaeducation.ch\\\/fr\\\/categorie-produit\\\/marques\\\/grimms-fr\\\/\"},{\"@type\":\"ListItem\",\"position\":5,\"name\":\"Petit arc-en-ciel pastel (6 pi\u00e8ces) &#8211; Grimm&#8217;s\"}]},{\"@type\":\"WebSite\",\"@id\":\"https:\\\/\\\/teiaeducation.ch\\\/fr\\\/#website\",\"url\":\"https:\\\/\\\/teiaeducation.ch\\\/fr\\\/\",\"name\":\"Sustainable Educational Products &amp; Ecological Toys\u00a0\",\"description\":\"Specialised Swiss shop selling sustainable educational toys and games, AMI certified Montessori materials, handmade ecological wooden Waldorf toys and arts &amp; crafts supplies, school supplies, children&#039;s furniture and Montessori reference and parenting books.\",\"publisher\":{\"@id\":\"https:\\\/\\\/teiaeducation.ch\\\/fr\\\/#organization\"},\"alternateName\":\"Teia Education & Play\",\"potentialAction\":[{\"@type\":\"SearchAction\",\"target\":{\"@type\":\"EntryPoint\",\"urlTemplate\":\"https:\\\/\\\/teiaeducation.ch\\\/fr\\\/?s={search_term_string}\"},\"query-input\":{\"@type\":\"PropertyValueSpecification\",\"valueRequired\":true,\"valueName\":\"search_term_string\"}}],\"inLanguage\":\"fr-FR\"},{\"@type\":\"Organization\",\"@id\":\"https:\\\/\\\/teiaeducation.ch\\\/fr\\\/#organization\",\"name\":\"Teia Education & Play\",\"url\":\"https:\\\/\\\/teiaeducation.ch\\\/fr\\\/\",\"logo\":{\"@type\":\"ImageObject\",\"inLanguage\":\"fr-FR\",\"@id\":\"https:\\\/\\\/teiaeducation.ch\\\/fr\\\/#\\\/schema\\\/logo\\\/image\\\/\",\"url\":\"https:\\\/\\\/teiaeducation.ch\\\/wp-content\\\/uploads\\\/2020\\\/11\\\/Teia-Education-Switzerland-e1620156442216.jpg\",\"contentUrl\":\"https:\\\/\\\/teiaeducation.ch\\\/wp-content\\\/uploads\\\/2020\\\/11\\\/Teia-Education-Switzerland-e1620156442216.jpg\",\"width\":166,\"height\":145,\"caption\":\"Teia Education & Play\"},\"image\":{\"@id\":\"https:\\\/\\\/teiaeducation.ch\\\/fr\\\/#\\\/schema\\\/logo\\\/image\\\/\"},\"sameAs\":[\"https:\\\/\\\/www.facebook.com\\\/teiaeducation\\\/\",\"https:\\\/\\\/x.com\\\/EducationTeia\",\"https:\\\/\\\/www.instagram.com\\\/teia.education\\\/\",\"https:\\\/\\\/www.linkedin.com\\\/company\\\/35501660\",\"https:\\\/\\\/www.pinterest.ch\\\/TeiaEducation\\\/\"]}]}<\/script>\n<!-- \/ Yoast SEO plugin. -->","yoast_head_json":{"title":"Petit arc-en-ciel pastel (6 pi\u00e8ces) - Grimm's - Teia Education & Play","description":"Inspir\u00e9 de la p\u00e9dagogie Waldorf, le Grimm's petit 6 pi\u00e8ces arc-en-ciel pastel est un jouet \u00e0 empiler en bois durable et fait \u00e0 la main.","robots":{"index":"index","follow":"follow","max-snippet":"max-snippet:-1","max-image-preview":"max-image-preview:large","max-video-preview":"max-video-preview:-1"},"canonical":"https:\/\/teiaeducation.ch\/fr\/produit\/moyen-pastel-arc-en-ciel-6-pieces-grimms\/","og_locale":"fr_FR","og_type":"article","og_title":"Petit arc-en-ciel pastel (6 pi\u00e8ces) - Grimm's - Teia Education & Play","og_description":"Inspir\u00e9 de la p\u00e9dagogie Waldorf, le Grimm's petit 6 pi\u00e8ces arc-en-ciel pastel est un jouet \u00e0 empiler en bois durable et fait \u00e0 la main.","og_url":"https:\/\/teiaeducation.ch\/fr\/produit\/moyen-pastel-arc-en-ciel-6-pieces-grimms\/","og_site_name":"Sustainable Educational Products &amp; Ecological Toys\u00a0","article_publisher":"https:\/\/www.facebook.com\/teiaeducation\/","article_modified_time":"2021-10-11T14:59:50+00:00","og_image":[{"width":800,"height":800,"url":"https:\/\/teiaeducation.ch\/wp-content\/uploads\/2020\/11\/Medium-pastel-rainbow-6-Pieces-Handmade-sustainable-wooden-stacking-toy-Grimms.jpg","type":"image\/jpeg"}],"schema":{"@context":"https:\/\/schema.org","@graph":[{"@type":"WebPage","@id":"https:\/\/teiaeducation.ch\/fr\/produit\/moyen-pastel-arc-en-ciel-6-pieces-grimms\/","url":"https:\/\/teiaeducation.ch\/fr\/produit\/moyen-pastel-arc-en-ciel-6-pieces-grimms\/","name":"Petit arc-en-ciel pastel (6 pi\u00e8ces) - Grimm's - Teia Education & Play","isPartOf":{"@id":"https:\/\/teiaeducation.ch\/fr\/#website"},"primaryImageOfPage":{"@id":"https:\/\/teiaeducation.ch\/fr\/produit\/moyen-pastel-arc-en-ciel-6-pieces-grimms\/#primaryimage"},"image":{"@id":"https:\/\/teiaeducation.ch\/fr\/produit\/moyen-pastel-arc-en-ciel-6-pieces-grimms\/#primaryimage"},"thumbnailUrl":"https:\/\/teiaeducation.ch\/wp-content\/uploads\/2020\/11\/Medium-pastel-rainbow-6-Pieces-Handmade-sustainable-wooden-stacking-toy-Grimms.jpg","datePublished":"2021-06-02T12:11:10+00:00","dateModified":"2021-10-11T14:59:50+00:00","description":"Inspir\u00e9 de la p\u00e9dagogie Waldorf, le Grimm's petit 6 pi\u00e8ces arc-en-ciel pastel est un jouet \u00e0 empiler en bois durable et fait \u00e0 la main.","breadcrumb":{"@id":"https:\/\/teiaeducation.ch\/fr\/produit\/moyen-pastel-arc-en-ciel-6-pieces-grimms\/#breadcrumb"},"inLanguage":"fr-FR","potentialAction":[{"@type":"ReadAction","target":["https:\/\/teiaeducation.ch\/fr\/produit\/moyen-pastel-arc-en-ciel-6-pieces-grimms\/"]}]},{"@type":"ImageObject","inLanguage":"fr-FR","@id":"https:\/\/teiaeducation.ch\/fr\/produit\/moyen-pastel-arc-en-ciel-6-pieces-grimms\/#primaryimage","url":"https:\/\/teiaeducation.ch\/wp-content\/uploads\/2020\/11\/Medium-pastel-rainbow-6-Pieces-Handmade-sustainable-wooden-stacking-toy-Grimms.jpg","contentUrl":"https:\/\/teiaeducation.ch\/wp-content\/uploads\/2020\/11\/Medium-pastel-rainbow-6-Pieces-Handmade-sustainable-wooden-stacking-toy-Grimms.jpg","width":800,"height":800,"caption":"Arc-en-ciel moyen pastel (6 Pi\u00e8ces) : Jouet \u00e0 empiler en bois durable fait main - Grimm's"},{"@type":"BreadcrumbList","@id":"https:\/\/teiaeducation.ch\/fr\/produit\/moyen-pastel-arc-en-ciel-6-pieces-grimms\/#breadcrumb","itemListElement":[{"@type":"ListItem","position":1,"name":"Home","item":"https:\/\/teiaeducation.ch\/fr\/"},{"@type":"ListItem","position":2,"name":"Boutique Teia Education &amp; Play","item":"https:\/\/teiaeducation.ch\/fr\/boutique\/"},{"@type":"ListItem","position":3,"name":"Nos Marques","item":"https:\/\/teiaeducation.ch\/fr\/categorie-produit\/marques\/"},{"@type":"ListItem","position":4,"name":"Grimm's","item":"https:\/\/teiaeducation.ch\/fr\/categorie-produit\/marques\/grimms-fr\/"},{"@type":"ListItem","position":5,"name":"Petit arc-en-ciel pastel (6 pi\u00e8ces) &#8211; Grimm&#8217;s"}]},{"@type":"WebSite","@id":"https:\/\/teiaeducation.ch\/fr\/#website","url":"https:\/\/teiaeducation.ch\/fr\/","name":"Sustainable Educational Products &amp; Ecological Toys\u00a0","description":"Specialised Swiss shop selling sustainable educational toys and games, AMI certified Montessori materials, handmade ecological wooden Waldorf toys and arts &amp; crafts supplies, school supplies, children&#039;s furniture and Montessori reference and parenting books.","publisher":{"@id":"https:\/\/teiaeducation.ch\/fr\/#organization"},"alternateName":"Teia Education & Play","potentialAction":[{"@type":"SearchAction","target":{"@type":"EntryPoint","urlTemplate":"https:\/\/teiaeducation.ch\/fr\/?s={search_term_string}"},"query-input":{"@type":"PropertyValueSpecification","valueRequired":true,"valueName":"search_term_string"}}],"inLanguage":"fr-FR"},{"@type":"Organization","@id":"https:\/\/teiaeducation.ch\/fr\/#organization","name":"Teia Education & Play","url":"https:\/\/teiaeducation.ch\/fr\/","logo":{"@type":"ImageObject","inLanguage":"fr-FR","@id":"https:\/\/teiaeducation.ch\/fr\/#\/schema\/logo\/image\/","url":"https:\/\/teiaeducation.ch\/wp-content\/uploads\/2020\/11\/Teia-Education-Switzerland-e1620156442216.jpg","contentUrl":"https:\/\/teiaeducation.ch\/wp-content\/uploads\/2020\/11\/Teia-Education-Switzerland-e1620156442216.jpg","width":166,"height":145,"caption":"Teia Education & Play"},"image":{"@id":"https:\/\/teiaeducation.ch\/fr\/#\/schema\/logo\/image\/"},"sameAs":["https:\/\/www.facebook.com\/teiaeducation\/","https:\/\/x.com\/EducationTeia","https:\/\/www.instagram.com\/teia.education\/","https:\/\/www.linkedin.com\/company\/35501660","https:\/\/www.pinterest.ch\/TeiaEducation\/"]}]}},"_links":{"self":[{"href":"https:\/\/teiaeducation.ch\/fr\/wp-json\/wp\/v2\/product\/37387","targetHints":{"allow":["GET"]}}],"collection":[{"href":"https:\/\/teiaeducation.ch\/fr\/wp-json\/wp\/v2\/product"}],"about":[{"href":"https:\/\/teiaeducation.ch\/fr\/wp-json\/wp\/v2\/types\/product"}],"replies":[{"embeddable":true,"href":"https:\/\/teiaeducation.ch\/fr\/wp-json\/wp\/v2\/comments?post=37387"}],"wp:featuredmedia":[{"embeddable":true,"href":"https:\/\/teiaeducation.ch\/fr\/wp-json\/wp\/v2\/media\/32088"}],"wp:attachment":[{"href":"https:\/\/teiaeducation.ch\/fr\/wp-json\/wp\/v2\/media?parent=37387"}],"wp:term":[{"taxonomy":"product_brand","embeddable":true,"href":"https:\/\/teiaeducation.ch\/fr\/wp-json\/wp\/v2\/product_brand?post=37387"},{"taxonomy":"product_cat","embeddable":true,"href":"https:\/\/teiaeducation.ch\/fr\/wp-json\/wp\/v2\/product_cat?post=37387"},{"taxonomy":"product_tag","embeddable":true,"href":"https:\/\/teiaeducation.ch\/fr\/wp-json\/wp\/v2\/product_tag?post=37387"}],"curies":[{"name":"wp","href":"https:\/\/api.w.org\/{rel}","templated":true}]}}