{"id":37388,"date":"2020-11-16T13:17:13","date_gmt":"2020-11-16T12:17:13","guid":{"rendered":"https:\/\/teiaeducation.ch\/product\/puzzle-creatif-paysage-grimms\/"},"modified":"2024-06-15T14:59:40","modified_gmt":"2024-06-15T12:59:40","slug":"paysage-creatif-puzzle-grimms","status":"publish","type":"product","link":"https:\/\/teiaeducation.ch\/fr\/produit\/paysage-creatif-puzzle-grimms\/","title":{"rendered":"Puzzle cr\u00e9atif paysage &#8211; Grimm&#8217;s"},"content":{"rendered":"<p>Puzzle cr\u00e9atif paysage \/ Blocs de construction en bois de forme organique faits main et durables &#8211; Grimm&#8217;s<\/p>\n<p>Le puzzle cr\u00e9atif paysage est un formidable ensemble de <a href=\"https:\/\/teiaeducation.ch\/product-category\/play\/wooden-building-blocks\/\">blocs de construction<\/a> en bois durable de forme organique, fabriqu\u00e9s \u00e0 la main, avec lesquels les enfants peuvent cr\u00e9er des paysages \u00e9tonnants et relever le d\u00e9fi de mettre les pi\u00e8ces en place.<\/p>\n<p>Utilisez les blocs de puzzle pour cr\u00e9er des paysages et des sc\u00e8nes pour le jeu du petit monde, y compris des collines, des montagnes, des grottes, des mers, des arcs-en-ciel et des couchers de soleil. Lib\u00e9rez votre potentiel artistique en cr\u00e9ant des motifs et des sculptures.<\/p>\n<p>Cet ensemble de 14 formes en bois de Grimm&#8217;s s&#8217;ins\u00e8re comme un magnifique puzzle dans le cadre en bois et offre des possibilit\u00e9s \u00e9tonnantes de construction, d&#8217;empilage et bien plus encore. Les blocs de bois incurv\u00e9s de forme organique inspirent les enfants et les aident \u00e0 d\u00e9velopper leur motricit\u00e9 fine et leur conscience spatiale par le biais du jeu de blocs de construction.<\/p>\n<p>Recommand\u00e9 par le guide des bons jouets &#8220;Spiel Gut&#8221;, le puzzle cr\u00e9atif du paysage de Grimm&#8217;s est fabriqu\u00e9 \u00e0 la main en bois de tilleul et fini dans de magnifiques tons arc-en-ciel vifs avec une teinture non toxique \u00e0 base d&#8217;eau, ce qui le rend s\u00fbr pour les enfants. Le plateau en bois est fabriqu\u00e9 en tilleul, fini avec une huile v\u00e9g\u00e9tale non toxique et mesure 28 cm de long. Les blocs ont une \u00e9paisseur de 2 cm.<\/p>\n<p>Id\u00e9al pour jouer \u00e0 la maison, \u00e0 la cr\u00e8che, \u00e0 Waldorf ou \u00e0 l\u2019\u00e9cole Steiner, les beaux jouets en bois naturel de Grimms sont fabriqu\u00e9s selon la philosophie Waldorf qui est bien connue pour encourager les enfants \u00e0 d\u00e9couvrir le jeu cr\u00e9atif de mani\u00e8re ind\u00e9pendante, sans limitations et \u00e0 un rythme effr\u00e9n\u00e9. Les jouets en bois de Grimm&#8217;s sont color\u00e9s \u00e0 la main avec des peintures \u00e0 base d\u2019eau non toxiques et ne sont pas finis avec de la laque pour assurer les caract\u00e9ristiques originales du bois et pour qu&#8217;on puisse voir le grain \u00e0 travers. La surface des jouets fabriqu\u00e9s \u00e0 partir de bois europ\u00e9ens certifi\u00e9 FSC est laiss\u00e9e l\u00e9g\u00e8rement rugueuse, ce qui les rend plus facilement empilables et moins glissants.<\/p>\n<p>Les jouets en bois de Grimm&#8217;s sont fabriqu\u00e9s dans les manufacture de Grimm&#8217;s en Allemagne ainsi que dans plusieurs ateliers \u00e0 travers l\u2019Europe \u00e0 partir de diff\u00e9rents types de bois tels que l\u2019aulne, la chaux, le h\u00eatre et l\u2019\u00e9rable. Tout le bois utilis\u00e9 pour fabriquer les jouets de Grimm&#8217;s provient de for\u00eats europ\u00e9ennes g\u00e9r\u00e9es de mani\u00e8re durable.<\/p>\n<p>Veuillez noter que les jouets de Grimm&#8217;s sont toujours uniques, et portent des marques uniques faites par la nature. Le grain du bois a des structures et des couleurs changeantes qui servent de preuve de ses origines naturelles. Les variations uniques, les marques, les noeuds, les motifs, les rayures noires ou les taches sombres qui peuvent \u00eatre visibles dans le bois des jouets de Grimm&#8217;s sont une preuve de qualit\u00e9, et non des d\u00e9fauts.<\/p>\n<p>Le puzzle cr\u00e9atif paysage de Grimm&#8217;s convient aux enfants \u00e2g\u00e9s de 3 ans et plus.<\/p>\n<p>Avertissement! RISQUE D\u2019\u00c9TOUFFEMENT &#8211; Petites pi\u00e8ces. Pas adapt\u00e9 pour les enfants de moins de 3 ans.<\/p>\n<p>Contenu :<\/p>\n<p>11 pi\u00e8ces de puzzle en bois<br \/>\n1 cadre en bois<\/p>\n","protected":false},"excerpt":{"rendered":"<p>Num\u00e9ro d&#8217;article : gri43500<\/p>\n<p>Lib\u00e9rez votre potentiel artistique en cr\u00e9ant des paysages, des motifs et des sculptures ou relevez le d\u00e9fi de mettre les pi\u00e8ces en place avec ce magnifique puzzle cr\u00e9atif en bois Grimm&#8217;s fait \u00e0 la main !<\/p>\n","protected":false},"featured_media":31803,"comment_status":"open","ping_status":"closed","template":"","meta":[],"product_brand":[],"product_cat":[215,216,13150,18893,24872,17212,13130,13144,23020,23021,13140,7595,217,5851,13148,212,1219],"product_tag":[17337,17463,17944,8625,17465,17332,17334,20014,20007,20013,17335,17462,17336],"class_list":{"0":"post-37388","1":"product","2":"type-product","3":"status-publish","4":"has-post-thumbnail","6":"product_cat-3-6-ans","7":"product_cat-6-12-ans","8":"product_cat-blocs-de-construction-en-bois","9":"product_cat-collection-printemps","10":"product_cat-construction-mondes-arc-en-ciel","11":"product_cat-grimms-fr","12":"product_cat-jouer","13":"product_cat-jouets-a-empiler","14":"product_cat-jouets-en-bois","15":"product_cat-jouets-waldorf","16":"product_cat-jeu-libre","17":"product_cat-methode-deducation","18":"product_cat-marques","19":"product_cat-nouveautes","20":"product_cat-puzzles-en-bois","21":"product_cat-tranche-dage","22":"product_cat-waldorf-fr","23":"product_tag-arc-en-ciel-colore-en-bois-fait-main","24":"product_tag-assortiment-de-blocs-de-construction-en-bois-de-grimm","25":"product_tag-blocs-de-bois-arc-en-ciel-de-grimm","26":"product_tag-fabrique-en-allemagne","27":"product_tag-formes-organiques-grimm","28":"product_tag-grimm-suisse","29":"product_tag-grimm-suisse-fr","30":"product_tag-grimms-paysage","31":"product_tag-grimms-puzzle-en-bois","32":"product_tag-grimms-puzzle-paysage-creatif","33":"product_tag-grimme-suisse","34":"product_tag-jeux-libres-en-bois","35":"product_tag-magasin-de-jouets-en-bois-grimm","37":"first","38":"outofstock","39":"taxable","40":"shipping-taxable","41":"purchasable","42":"product-type-simple"},"yoast_head":"<!-- This site is optimized with the Yoast SEO Premium plugin v25.8 (Yoast SEO v27.4) - https:\/\/yoast.com\/product\/yoast-seo-premium-wordpress\/ -->\n<title>Puzzle cr\u00e9atif paysage - Grimm&#039;s - Teia Education &amp; Play<\/title>\n<meta name=\"description\" content=\"Le puzzle cr\u00e9atif paysage de Grimm&#039;s est un ensemble de blocs de construction en bois durable de forme organique, fabriqu\u00e9s \u00e0 la main, permettant de cr\u00e9er des sc\u00e8nes pour le jeu dans le petit monde.\" \/>\n<meta name=\"robots\" content=\"index, follow, max-snippet:-1, max-image-preview:large, max-video-preview:-1\" \/>\n<link rel=\"canonical\" href=\"https:\/\/teiaeducation.ch\/fr\/produit\/paysage-creatif-puzzle-grimms\/\" \/>\n<meta property=\"og:locale\" content=\"fr_FR\" \/>\n<meta property=\"og:type\" content=\"article\" \/>\n<meta property=\"og:title\" content=\"Puzzle cr\u00e9atif paysage - Grimm&#039;s\" \/>\n<meta property=\"og:description\" content=\"Le puzzle cr\u00e9atif paysage de Grimm&#039;s est un ensemble de blocs de construction en bois durable de forme organique, fabriqu\u00e9s \u00e0 la main, permettant de cr\u00e9er des sc\u00e8nes pour le jeu dans le petit monde.\" \/>\n<meta property=\"og:url\" content=\"https:\/\/teiaeducation.ch\/fr\/produit\/paysage-creatif-puzzle-grimms\/\" \/>\n<meta property=\"og:site_name\" content=\"Sustainable Educational Products &amp; Ecological Toys\u00a0\" \/>\n<meta property=\"article:publisher\" content=\"https:\/\/www.facebook.com\/teiaeducation\/\" \/>\n<meta property=\"article:modified_time\" content=\"2024-06-15T12:59:40+00:00\" \/>\n<meta property=\"og:image\" content=\"https:\/\/teiaeducation.ch\/wp-content\/uploads\/2020\/11\/Landscape-creative-puzzle-Grimms.jpg\" \/>\n\t<meta property=\"og:image:width\" content=\"900\" \/>\n\t<meta property=\"og:image:height\" content=\"900\" \/>\n\t<meta property=\"og:image:type\" content=\"image\/jpeg\" \/>\n<script type=\"application\/ld+json\" class=\"yoast-schema-graph\">{\"@context\":\"https:\\\/\\\/schema.org\",\"@graph\":[{\"@type\":\"WebPage\",\"@id\":\"https:\\\/\\\/teiaeducation.ch\\\/fr\\\/produit\\\/paysage-creatif-puzzle-grimms\\\/\",\"url\":\"https:\\\/\\\/teiaeducation.ch\\\/fr\\\/produit\\\/paysage-creatif-puzzle-grimms\\\/\",\"name\":\"Puzzle cr\u00e9atif paysage - Grimm's - Teia Education & Play\",\"isPartOf\":{\"@id\":\"https:\\\/\\\/teiaeducation.ch\\\/fr\\\/#website\"},\"primaryImageOfPage\":{\"@id\":\"https:\\\/\\\/teiaeducation.ch\\\/fr\\\/produit\\\/paysage-creatif-puzzle-grimms\\\/#primaryimage\"},\"image\":{\"@id\":\"https:\\\/\\\/teiaeducation.ch\\\/fr\\\/produit\\\/paysage-creatif-puzzle-grimms\\\/#primaryimage\"},\"thumbnailUrl\":\"https:\\\/\\\/teiaeducation.ch\\\/wp-content\\\/uploads\\\/2020\\\/11\\\/Landscape-creative-puzzle-Grimms.jpg\",\"datePublished\":\"2020-11-16T12:17:13+00:00\",\"dateModified\":\"2024-06-15T12:59:40+00:00\",\"description\":\"Le puzzle cr\u00e9atif paysage de Grimm's est un ensemble de blocs de construction en bois durable de forme organique, fabriqu\u00e9s \u00e0 la main, permettant de cr\u00e9er des sc\u00e8nes pour le jeu dans le petit monde.\",\"breadcrumb\":{\"@id\":\"https:\\\/\\\/teiaeducation.ch\\\/fr\\\/produit\\\/paysage-creatif-puzzle-grimms\\\/#breadcrumb\"},\"inLanguage\":\"fr-FR\",\"potentialAction\":[{\"@type\":\"ReadAction\",\"target\":[\"https:\\\/\\\/teiaeducation.ch\\\/fr\\\/produit\\\/paysage-creatif-puzzle-grimms\\\/\"]}]},{\"@type\":\"ImageObject\",\"inLanguage\":\"fr-FR\",\"@id\":\"https:\\\/\\\/teiaeducation.ch\\\/fr\\\/produit\\\/paysage-creatif-puzzle-grimms\\\/#primaryimage\",\"url\":\"https:\\\/\\\/teiaeducation.ch\\\/wp-content\\\/uploads\\\/2020\\\/11\\\/Landscape-creative-puzzle-Grimms.jpg\",\"contentUrl\":\"https:\\\/\\\/teiaeducation.ch\\\/wp-content\\\/uploads\\\/2020\\\/11\\\/Landscape-creative-puzzle-Grimms.jpg\",\"width\":900,\"height\":900,\"caption\":\"Blocs de construction en bois durables faits main Puzzle cr\u00e9atif paysage - Grimm's\"},{\"@type\":\"BreadcrumbList\",\"@id\":\"https:\\\/\\\/teiaeducation.ch\\\/fr\\\/produit\\\/paysage-creatif-puzzle-grimms\\\/#breadcrumb\",\"itemListElement\":[{\"@type\":\"ListItem\",\"position\":1,\"name\":\"Home\",\"item\":\"https:\\\/\\\/teiaeducation.ch\\\/fr\\\/\"},{\"@type\":\"ListItem\",\"position\":2,\"name\":\"Boutique Teia Education &amp; Play\",\"item\":\"https:\\\/\\\/teiaeducation.ch\\\/fr\\\/boutique\\\/\"},{\"@type\":\"ListItem\",\"position\":3,\"name\":\"Nos Marques\",\"item\":\"https:\\\/\\\/teiaeducation.ch\\\/fr\\\/categorie-produit\\\/marques\\\/\"},{\"@type\":\"ListItem\",\"position\":4,\"name\":\"Grimm's\",\"item\":\"https:\\\/\\\/teiaeducation.ch\\\/fr\\\/categorie-produit\\\/marques\\\/grimms-fr\\\/\"},{\"@type\":\"ListItem\",\"position\":5,\"name\":\"Puzzle cr\u00e9atif paysage &#8211; Grimm&#8217;s\"}]},{\"@type\":\"WebSite\",\"@id\":\"https:\\\/\\\/teiaeducation.ch\\\/fr\\\/#website\",\"url\":\"https:\\\/\\\/teiaeducation.ch\\\/fr\\\/\",\"name\":\"Sustainable Educational Products &amp; Ecological Toys\u00a0\",\"description\":\"Specialised Swiss shop selling sustainable educational toys and games, AMI certified Montessori materials, handmade ecological wooden Waldorf toys and arts &amp; crafts supplies, school supplies, children&#039;s furniture and Montessori reference and parenting books.\",\"publisher\":{\"@id\":\"https:\\\/\\\/teiaeducation.ch\\\/fr\\\/#organization\"},\"alternateName\":\"Teia Education & Play\",\"potentialAction\":[{\"@type\":\"SearchAction\",\"target\":{\"@type\":\"EntryPoint\",\"urlTemplate\":\"https:\\\/\\\/teiaeducation.ch\\\/fr\\\/?s={search_term_string}\"},\"query-input\":{\"@type\":\"PropertyValueSpecification\",\"valueRequired\":true,\"valueName\":\"search_term_string\"}}],\"inLanguage\":\"fr-FR\"},{\"@type\":\"Organization\",\"@id\":\"https:\\\/\\\/teiaeducation.ch\\\/fr\\\/#organization\",\"name\":\"Teia Education & Play\",\"url\":\"https:\\\/\\\/teiaeducation.ch\\\/fr\\\/\",\"logo\":{\"@type\":\"ImageObject\",\"inLanguage\":\"fr-FR\",\"@id\":\"https:\\\/\\\/teiaeducation.ch\\\/fr\\\/#\\\/schema\\\/logo\\\/image\\\/\",\"url\":\"https:\\\/\\\/teiaeducation.ch\\\/wp-content\\\/uploads\\\/2020\\\/11\\\/Teia-Education-Switzerland-e1620156442216.jpg\",\"contentUrl\":\"https:\\\/\\\/teiaeducation.ch\\\/wp-content\\\/uploads\\\/2020\\\/11\\\/Teia-Education-Switzerland-e1620156442216.jpg\",\"width\":166,\"height\":145,\"caption\":\"Teia Education & Play\"},\"image\":{\"@id\":\"https:\\\/\\\/teiaeducation.ch\\\/fr\\\/#\\\/schema\\\/logo\\\/image\\\/\"},\"sameAs\":[\"https:\\\/\\\/www.facebook.com\\\/teiaeducation\\\/\",\"https:\\\/\\\/x.com\\\/EducationTeia\",\"https:\\\/\\\/www.instagram.com\\\/teia.education\\\/\",\"https:\\\/\\\/www.linkedin.com\\\/company\\\/35501660\",\"https:\\\/\\\/www.pinterest.ch\\\/TeiaEducation\\\/\"]}]}<\/script>\n<meta property=\"product:price:amount\" content=\"67.90\" \/>\n<meta property=\"product:price:currency\" content=\"CHF\" \/>\n<meta property=\"og:availability\" content=\"out of stock\" \/>\n<meta property=\"product:availability\" content=\"out of stock\" \/>\n<meta property=\"product:retailer_item_id\" content=\"00000000000000000000000000000000000000000000031801\" \/>\n<meta property=\"product:condition\" content=\"new\" \/>\n<!-- \/ Yoast SEO Premium plugin. -->","yoast_head_json":{"title":"Puzzle cr\u00e9atif paysage - Grimm's - Teia Education & Play","description":"Le puzzle cr\u00e9atif paysage de Grimm's est un ensemble de blocs de construction en bois durable de forme organique, fabriqu\u00e9s \u00e0 la main, permettant de cr\u00e9er des sc\u00e8nes pour le jeu dans le petit monde.","robots":{"index":"index","follow":"follow","max-snippet":"max-snippet:-1","max-image-preview":"max-image-preview:large","max-video-preview":"max-video-preview:-1"},"canonical":"https:\/\/teiaeducation.ch\/fr\/produit\/paysage-creatif-puzzle-grimms\/","og_locale":"fr_FR","og_type":"article","og_title":"Puzzle cr\u00e9atif paysage - Grimm's","og_description":"Le puzzle cr\u00e9atif paysage de Grimm's est un ensemble de blocs de construction en bois durable de forme organique, fabriqu\u00e9s \u00e0 la main, permettant de cr\u00e9er des sc\u00e8nes pour le jeu dans le petit monde.","og_url":"https:\/\/teiaeducation.ch\/fr\/produit\/paysage-creatif-puzzle-grimms\/","og_site_name":"Sustainable Educational Products &amp; Ecological Toys\u00a0","article_publisher":"https:\/\/www.facebook.com\/teiaeducation\/","article_modified_time":"2024-06-15T12:59:40+00:00","og_image":[{"width":900,"height":900,"url":"https:\/\/teiaeducation.ch\/wp-content\/uploads\/2020\/11\/Landscape-creative-puzzle-Grimms.jpg","type":"image\/jpeg"}],"schema":{"@context":"https:\/\/schema.org","@graph":[{"@type":"WebPage","@id":"https:\/\/teiaeducation.ch\/fr\/produit\/paysage-creatif-puzzle-grimms\/","url":"https:\/\/teiaeducation.ch\/fr\/produit\/paysage-creatif-puzzle-grimms\/","name":"Puzzle cr\u00e9atif paysage - Grimm's - Teia Education & Play","isPartOf":{"@id":"https:\/\/teiaeducation.ch\/fr\/#website"},"primaryImageOfPage":{"@id":"https:\/\/teiaeducation.ch\/fr\/produit\/paysage-creatif-puzzle-grimms\/#primaryimage"},"image":{"@id":"https:\/\/teiaeducation.ch\/fr\/produit\/paysage-creatif-puzzle-grimms\/#primaryimage"},"thumbnailUrl":"https:\/\/teiaeducation.ch\/wp-content\/uploads\/2020\/11\/Landscape-creative-puzzle-Grimms.jpg","datePublished":"2020-11-16T12:17:13+00:00","dateModified":"2024-06-15T12:59:40+00:00","description":"Le puzzle cr\u00e9atif paysage de Grimm's est un ensemble de blocs de construction en bois durable de forme organique, fabriqu\u00e9s \u00e0 la main, permettant de cr\u00e9er des sc\u00e8nes pour le jeu dans le petit monde.","breadcrumb":{"@id":"https:\/\/teiaeducation.ch\/fr\/produit\/paysage-creatif-puzzle-grimms\/#breadcrumb"},"inLanguage":"fr-FR","potentialAction":[{"@type":"ReadAction","target":["https:\/\/teiaeducation.ch\/fr\/produit\/paysage-creatif-puzzle-grimms\/"]}]},{"@type":"ImageObject","inLanguage":"fr-FR","@id":"https:\/\/teiaeducation.ch\/fr\/produit\/paysage-creatif-puzzle-grimms\/#primaryimage","url":"https:\/\/teiaeducation.ch\/wp-content\/uploads\/2020\/11\/Landscape-creative-puzzle-Grimms.jpg","contentUrl":"https:\/\/teiaeducation.ch\/wp-content\/uploads\/2020\/11\/Landscape-creative-puzzle-Grimms.jpg","width":900,"height":900,"caption":"Blocs de construction en bois durables faits main Puzzle cr\u00e9atif paysage - Grimm's"},{"@type":"BreadcrumbList","@id":"https:\/\/teiaeducation.ch\/fr\/produit\/paysage-creatif-puzzle-grimms\/#breadcrumb","itemListElement":[{"@type":"ListItem","position":1,"name":"Home","item":"https:\/\/teiaeducation.ch\/fr\/"},{"@type":"ListItem","position":2,"name":"Boutique Teia Education &amp; Play","item":"https:\/\/teiaeducation.ch\/fr\/boutique\/"},{"@type":"ListItem","position":3,"name":"Nos Marques","item":"https:\/\/teiaeducation.ch\/fr\/categorie-produit\/marques\/"},{"@type":"ListItem","position":4,"name":"Grimm's","item":"https:\/\/teiaeducation.ch\/fr\/categorie-produit\/marques\/grimms-fr\/"},{"@type":"ListItem","position":5,"name":"Puzzle cr\u00e9atif paysage &#8211; Grimm&#8217;s"}]},{"@type":"WebSite","@id":"https:\/\/teiaeducation.ch\/fr\/#website","url":"https:\/\/teiaeducation.ch\/fr\/","name":"Sustainable Educational Products &amp; Ecological Toys\u00a0","description":"Specialised Swiss shop selling sustainable educational toys and games, AMI certified Montessori materials, handmade ecological wooden Waldorf toys and arts &amp; crafts supplies, school supplies, children&#039;s furniture and Montessori reference and parenting books.","publisher":{"@id":"https:\/\/teiaeducation.ch\/fr\/#organization"},"alternateName":"Teia Education & Play","potentialAction":[{"@type":"SearchAction","target":{"@type":"EntryPoint","urlTemplate":"https:\/\/teiaeducation.ch\/fr\/?s={search_term_string}"},"query-input":{"@type":"PropertyValueSpecification","valueRequired":true,"valueName":"search_term_string"}}],"inLanguage":"fr-FR"},{"@type":"Organization","@id":"https:\/\/teiaeducation.ch\/fr\/#organization","name":"Teia Education & Play","url":"https:\/\/teiaeducation.ch\/fr\/","logo":{"@type":"ImageObject","inLanguage":"fr-FR","@id":"https:\/\/teiaeducation.ch\/fr\/#\/schema\/logo\/image\/","url":"https:\/\/teiaeducation.ch\/wp-content\/uploads\/2020\/11\/Teia-Education-Switzerland-e1620156442216.jpg","contentUrl":"https:\/\/teiaeducation.ch\/wp-content\/uploads\/2020\/11\/Teia-Education-Switzerland-e1620156442216.jpg","width":166,"height":145,"caption":"Teia Education & Play"},"image":{"@id":"https:\/\/teiaeducation.ch\/fr\/#\/schema\/logo\/image\/"},"sameAs":["https:\/\/www.facebook.com\/teiaeducation\/","https:\/\/x.com\/EducationTeia","https:\/\/www.instagram.com\/teia.education\/","https:\/\/www.linkedin.com\/company\/35501660","https:\/\/www.pinterest.ch\/TeiaEducation\/"]}]},"product_price_amount":"67.90","product_price_currency":"CHF","og_availability":"out of stock","product_availability":"out of stock","product_retailer_item_id":"00000000000000000000000000000000000000000000031801","product_condition":"new"},"_links":{"self":[{"href":"https:\/\/teiaeducation.ch\/fr\/wp-json\/wp\/v2\/product\/37388","targetHints":{"allow":["GET"]}}],"collection":[{"href":"https:\/\/teiaeducation.ch\/fr\/wp-json\/wp\/v2\/product"}],"about":[{"href":"https:\/\/teiaeducation.ch\/fr\/wp-json\/wp\/v2\/types\/product"}],"replies":[{"embeddable":true,"href":"https:\/\/teiaeducation.ch\/fr\/wp-json\/wp\/v2\/comments?post=37388"}],"wp:featuredmedia":[{"embeddable":true,"href":"https:\/\/teiaeducation.ch\/fr\/wp-json\/wp\/v2\/media\/31803"}],"wp:attachment":[{"href":"https:\/\/teiaeducation.ch\/fr\/wp-json\/wp\/v2\/media?parent=37388"}],"wp:term":[{"taxonomy":"product_brand","embeddable":true,"href":"https:\/\/teiaeducation.ch\/fr\/wp-json\/wp\/v2\/product_brand?post=37388"},{"taxonomy":"product_cat","embeddable":true,"href":"https:\/\/teiaeducation.ch\/fr\/wp-json\/wp\/v2\/product_cat?post=37388"},{"taxonomy":"product_tag","embeddable":true,"href":"https:\/\/teiaeducation.ch\/fr\/wp-json\/wp\/v2\/product_tag?post=37388"}],"curies":[{"name":"wp","href":"https:\/\/api.w.org\/{rel}","templated":true}]}}