{"id":37389,"date":"2020-11-16T11:19:03","date_gmt":"2020-11-16T10:19:03","guid":{"rendered":"https:\/\/teiaeducation.ch\/product\/blocs-mosaique-arc-en-ciel-grimms\/"},"modified":"2022-11-01T11:10:05","modified_gmt":"2022-11-01T10:10:05","slug":"arc-en-ciel-mosaique-blocs-grimms","status":"publish","type":"product","link":"https:\/\/teiaeducation.ch\/fr\/produit\/arc-en-ciel-mosaique-blocs-grimms\/","title":{"rendered":"Blocs en bois mosa\u00efque arc-en-ciel &#8211; Grimm&#8217;s"},"content":{"rendered":"<p>Blocs en bois mosa\u00efque\u00a0arc-en-ciel \/ Blocs de construction en bois durables faits main &#8211; Grimm&#8217;s<\/p>\n<p>Un magnifique jeu de <a href=\"https:\/\/teiaeducation.ch\/product-category\/play\/wooden-building-blocks\/\">blocs de construction<\/a> en bois durable et fait \u00e0 la main pour la mosa\u00efque arc-en-ciel de Grimm&#8217;s. Avec 36 blocs en bois aux fabuleuses couleurs de l&#8217;arc-en-ciel dans un cadre en bois, chaque bloc mesure 4x4cm et le plateau 26x26cm.<\/p>\n<p>Le jeu de blocs mosa\u00efques Grimm&#8217;s rainbow est fabriqu\u00e9 \u00e0 la main en bois de tilleul et peint dans les jolis tons de l&#8217;arc-en-ciel avec une teinture non toxique \u00e0 base d&#8217;eau, ce qui le rend s\u00fbr pour les jeunes enfants. Le cadre en bois est recouvert d&#8217;une huile v\u00e9g\u00e9tale non toxique.<\/p>\n<p>La forme cubique \u00e9l\u00e9mentaire et les couleurs de ces blocs inspirent les enfants \u00e0 dessiner des motifs, \u00e0 empiler des tours et \u00e0 construire des murs, des maisons, des tours et des ch\u00e2teaux simples dans le cadre de jeux libres. Ils sont \u00e9galement parfaits pour le jeu du petit monde en tant que tables, tabourets, marches et bien d&#8217;autres choses encore, se mariant parfaitement avec les autres jouets de la collection arc-en-ciel de Grimm&#8217;s.<\/p>\n<p>Parfait pour d\u00e9velopper la coordination \u0153il-main, la motricit\u00e9 fine et la conscience spatiale chez les jeunes enfants par l&#8217;empilement, la construction et l&#8217;\u00e9quilibre.<\/p>\n<p>Id\u00e9aux pour jouer \u00e0 la maison, \u00e0 la cr\u00e8che, \u00e0 l&#8217;\u00e9cole Waldorf ou Steiner, les magnifiques jouets Grimm&#8217;s en bois naturel sont fabriqu\u00e9s selon la philosophie Waldorf, bien connue pour encourager les enfants \u00e0 d\u00e9couvrir le jeu cr\u00e9atif de mani\u00e8re ind\u00e9pendante, sans limites et \u00e0 un rythme tranquille. Les jouets en bois de Grimm&#8217;s sont color\u00e9s \u00e0 la main avec des peintures \u00e0 l&#8217;eau non toxiques et ne sont pas finis avec de la laque afin de garantir les caract\u00e9ristiques originales du bois et de faire ressortir le grain. La surface des jouets fabriqu\u00e9s \u00e0 partir de bois europ\u00e9ens certifi\u00e9 FSC est laiss\u00e9e l\u00e9g\u00e8rement rugueuse, ce qui les rend plus facilement empilables et moins glissants.<\/p>\n<p>Les jouets en bois de Grimm&#8217;s sont fabriqu\u00e9s dans les installations de Grimm&#8217;s en Allemagne ainsi que dans plusieurs ateliers \u00e0 travers l&#8217;Europe \u00e0 partir de diff\u00e9rentes sortes de bois comme l&#8217;aulne, le tilleul, le h\u00eatre et l&#8217;\u00e9rable. Tout le bois utilis\u00e9 pour la fabrication des jouets de Grimm&#8217;s provient de for\u00eats europ\u00e9ennes g\u00e9r\u00e9es de mani\u00e8re durable.<\/p>\n<p>Veuillez noter que les jouets de Grimm&#8217;s sont toujours uniques, et portent des marques uniques faites par la nature. Le grain du bois a des structures et des couleurs changeantes qui servent de preuve de ses origines naturelles. Les variations uniques, les marques, les n\u0153uds, les motifs, les bandes noires ou les taches sombres qui peuvent \u00eatre visibles dans le bois d&#8217;un jouet Grimm&#8217;s sont des preuves de qualit\u00e9 et non des d\u00e9fauts.<\/p>\n<p>Le jeu de blocs de construction mosa\u00efque arc-en-ciel de Grimm&#8217;s convient aux enfants \u00e2g\u00e9s de 1 an et plus.<\/p>\n<p>Contenu :<\/p>\n<p>36 blocs en bois<br \/>\n1 plateau en bois (26 x 26cm)<\/p>\n","protected":false},"excerpt":{"rendered":"<p>num\u00e9ro d&#8217;article : gri43110<\/p>\n<p>Ces magnifiques blocs de construction en bois durable fabriqu\u00e9s \u00e0 la main sont parfaits pour jouer dans le petit monde et s&#8217;harmonisent parfaitement avec les autres jouets de la collection Grimm&#8217;s arc-en-ciel!<\/p>\n","protected":false},"featured_media":31812,"comment_status":"open","ping_status":"closed","template":"","meta":[],"product_brand":[],"product_cat":[208,215,633,13150,635,24872,17212,17242,13130,13144,23020,23021,13140,217,5851,209,212],"product_tag":[17337,17463,19828,17944,20017,8625,17332,17334,20015,20016,17335,17462,17336],"class_list":{"0":"post-37389","1":"product","2":"type-product","3":"status-publish","4":"has-post-thumbnail","6":"product_cat-1-3-ans","7":"product_cat-3-6-ans","8":"product_cat-apprendre-les-couleurs","9":"product_cat-blocs-de-construction-en-bois","10":"product_cat-competences-motrices","11":"product_cat-construction-mondes-arc-en-ciel","12":"product_cat-grimms-fr","13":"product_cat-guide-cadeaux-1-3-ans","14":"product_cat-jouer","15":"product_cat-jouets-a-empiler","16":"product_cat-jouets-en-bois","17":"product_cat-jouets-waldorf","18":"product_cat-jeu-libre","19":"product_cat-marques","20":"product_cat-nouveautes","21":"product_cat-sensorielles-motrices","22":"product_cat-tranche-dage","23":"product_tag-arc-en-ciel-colore-en-bois-fait-main","24":"product_tag-assortiment-de-blocs-de-construction-en-bois-de-grimm","25":"product_tag-blocs-arc-en-ciel-grimms","26":"product_tag-blocs-de-bois-arc-en-ciel-de-grimm","27":"product_tag-blocs-en-bois-durables-fabriques-a-la-main","28":"product_tag-fabrique-en-allemagne","29":"product_tag-grimm-suisse","30":"product_tag-grimm-suisse-fr","31":"product_tag-grimms-blocs-de-construction-arc-en-ciel","32":"product_tag-grimms-mosaique-arc-en-ciel","33":"product_tag-grimme-suisse","34":"product_tag-jeux-libres-en-bois","35":"product_tag-magasin-de-jouets-en-bois-grimm","37":"first","38":"outofstock","39":"taxable","40":"shipping-taxable","41":"purchasable","42":"product-type-simple"},"yoast_head":"<!-- This site is optimized with the Yoast SEO Premium plugin v25.8 (Yoast SEO v27.4) - https:\/\/yoast.com\/product\/yoast-seo-premium-wordpress\/ -->\n<title>Blocs en bois mosa\u00efque arc-en-ciel - Grimm&#039;s - Teia Education &amp; Play<\/title>\n<meta name=\"description\" content=\"Les blocs de construction en mosa\u00efque arc-en-ciel en bois durable fabriqu\u00e9s \u00e0 la main par Grimm&#039;s sont peints avec une teinture non toxique \u00e0 base d&#039;eau, sans danger pour les jeunes enfants.\" \/>\n<meta name=\"robots\" content=\"index, follow, max-snippet:-1, max-image-preview:large, max-video-preview:-1\" \/>\n<link rel=\"canonical\" href=\"https:\/\/teiaeducation.ch\/fr\/produit\/arc-en-ciel-mosaique-blocs-grimms\/\" \/>\n<meta property=\"og:locale\" content=\"fr_FR\" \/>\n<meta property=\"og:type\" content=\"article\" \/>\n<meta property=\"og:title\" content=\"Blocs en bois mosa\u00efque arc-en-ciel - Grimm&#039;s\" \/>\n<meta property=\"og:description\" content=\"Les blocs de construction en mosa\u00efque arc-en-ciel en bois durable fabriqu\u00e9s \u00e0 la main par Grimm&#039;s sont peints avec une teinture non toxique \u00e0 base d&#039;eau, sans danger pour les jeunes enfants.\" \/>\n<meta property=\"og:url\" content=\"https:\/\/teiaeducation.ch\/fr\/produit\/arc-en-ciel-mosaique-blocs-grimms\/\" \/>\n<meta property=\"og:site_name\" content=\"Sustainable Educational Products &amp; Ecological Toys\u00a0\" \/>\n<meta property=\"article:publisher\" content=\"https:\/\/www.facebook.com\/teiaeducation\/\" \/>\n<meta property=\"article:modified_time\" content=\"2022-11-01T10:10:05+00:00\" \/>\n<meta property=\"og:image\" content=\"https:\/\/teiaeducation.ch\/wp-content\/uploads\/2020\/11\/Rainbow-mosaic-blocks-Grimms.jpg\" \/>\n\t<meta property=\"og:image:width\" content=\"900\" \/>\n\t<meta property=\"og:image:height\" content=\"900\" \/>\n\t<meta property=\"og:image:type\" content=\"image\/jpeg\" \/>\n<script type=\"application\/ld+json\" class=\"yoast-schema-graph\">{\"@context\":\"https:\\\/\\\/schema.org\",\"@graph\":[{\"@type\":\"WebPage\",\"@id\":\"https:\\\/\\\/teiaeducation.ch\\\/fr\\\/produit\\\/arc-en-ciel-mosaique-blocs-grimms\\\/\",\"url\":\"https:\\\/\\\/teiaeducation.ch\\\/fr\\\/produit\\\/arc-en-ciel-mosaique-blocs-grimms\\\/\",\"name\":\"Blocs en bois mosa\u00efque arc-en-ciel - Grimm's - Teia Education & Play\",\"isPartOf\":{\"@id\":\"https:\\\/\\\/teiaeducation.ch\\\/fr\\\/#website\"},\"primaryImageOfPage\":{\"@id\":\"https:\\\/\\\/teiaeducation.ch\\\/fr\\\/produit\\\/arc-en-ciel-mosaique-blocs-grimms\\\/#primaryimage\"},\"image\":{\"@id\":\"https:\\\/\\\/teiaeducation.ch\\\/fr\\\/produit\\\/arc-en-ciel-mosaique-blocs-grimms\\\/#primaryimage\"},\"thumbnailUrl\":\"https:\\\/\\\/teiaeducation.ch\\\/wp-content\\\/uploads\\\/2020\\\/11\\\/Rainbow-mosaic-blocks-Grimms.jpg\",\"datePublished\":\"2020-11-16T10:19:03+00:00\",\"dateModified\":\"2022-11-01T10:10:05+00:00\",\"description\":\"Les blocs de construction en mosa\u00efque arc-en-ciel en bois durable fabriqu\u00e9s \u00e0 la main par Grimm's sont peints avec une teinture non toxique \u00e0 base d'eau, sans danger pour les jeunes enfants.\",\"breadcrumb\":{\"@id\":\"https:\\\/\\\/teiaeducation.ch\\\/fr\\\/produit\\\/arc-en-ciel-mosaique-blocs-grimms\\\/#breadcrumb\"},\"inLanguage\":\"fr-FR\",\"potentialAction\":[{\"@type\":\"ReadAction\",\"target\":[\"https:\\\/\\\/teiaeducation.ch\\\/fr\\\/produit\\\/arc-en-ciel-mosaique-blocs-grimms\\\/\"]}]},{\"@type\":\"ImageObject\",\"inLanguage\":\"fr-FR\",\"@id\":\"https:\\\/\\\/teiaeducation.ch\\\/fr\\\/produit\\\/arc-en-ciel-mosaique-blocs-grimms\\\/#primaryimage\",\"url\":\"https:\\\/\\\/teiaeducation.ch\\\/wp-content\\\/uploads\\\/2020\\\/11\\\/Rainbow-mosaic-blocks-Grimms.jpg\",\"contentUrl\":\"https:\\\/\\\/teiaeducation.ch\\\/wp-content\\\/uploads\\\/2020\\\/11\\\/Rainbow-mosaic-blocks-Grimms.jpg\",\"width\":900,\"height\":900,\"caption\":\"Blocs en bois durables faits \u00e0 la main Blocs de mosa\u00efque arc-en-ciel - Grimm's\"},{\"@type\":\"BreadcrumbList\",\"@id\":\"https:\\\/\\\/teiaeducation.ch\\\/fr\\\/produit\\\/arc-en-ciel-mosaique-blocs-grimms\\\/#breadcrumb\",\"itemListElement\":[{\"@type\":\"ListItem\",\"position\":1,\"name\":\"Home\",\"item\":\"https:\\\/\\\/teiaeducation.ch\\\/fr\\\/\"},{\"@type\":\"ListItem\",\"position\":2,\"name\":\"Boutique Teia Education &amp; Play\",\"item\":\"https:\\\/\\\/teiaeducation.ch\\\/fr\\\/boutique\\\/\"},{\"@type\":\"ListItem\",\"position\":3,\"name\":\"Nos Marques\",\"item\":\"https:\\\/\\\/teiaeducation.ch\\\/fr\\\/categorie-produit\\\/marques\\\/\"},{\"@type\":\"ListItem\",\"position\":4,\"name\":\"Grimm's\",\"item\":\"https:\\\/\\\/teiaeducation.ch\\\/fr\\\/categorie-produit\\\/marques\\\/grimms-fr\\\/\"},{\"@type\":\"ListItem\",\"position\":5,\"name\":\"Blocs en bois mosa\u00efque arc-en-ciel &#8211; Grimm&#8217;s\"}]},{\"@type\":\"WebSite\",\"@id\":\"https:\\\/\\\/teiaeducation.ch\\\/fr\\\/#website\",\"url\":\"https:\\\/\\\/teiaeducation.ch\\\/fr\\\/\",\"name\":\"Sustainable Educational Products &amp; Ecological Toys\u00a0\",\"description\":\"Specialised Swiss shop selling sustainable educational toys and games, AMI certified Montessori materials, handmade ecological wooden Waldorf toys and arts &amp; crafts supplies, school supplies, children&#039;s furniture and Montessori reference and parenting books.\",\"publisher\":{\"@id\":\"https:\\\/\\\/teiaeducation.ch\\\/fr\\\/#organization\"},\"alternateName\":\"Teia Education & Play\",\"potentialAction\":[{\"@type\":\"SearchAction\",\"target\":{\"@type\":\"EntryPoint\",\"urlTemplate\":\"https:\\\/\\\/teiaeducation.ch\\\/fr\\\/?s={search_term_string}\"},\"query-input\":{\"@type\":\"PropertyValueSpecification\",\"valueRequired\":true,\"valueName\":\"search_term_string\"}}],\"inLanguage\":\"fr-FR\"},{\"@type\":\"Organization\",\"@id\":\"https:\\\/\\\/teiaeducation.ch\\\/fr\\\/#organization\",\"name\":\"Teia Education & Play\",\"url\":\"https:\\\/\\\/teiaeducation.ch\\\/fr\\\/\",\"logo\":{\"@type\":\"ImageObject\",\"inLanguage\":\"fr-FR\",\"@id\":\"https:\\\/\\\/teiaeducation.ch\\\/fr\\\/#\\\/schema\\\/logo\\\/image\\\/\",\"url\":\"https:\\\/\\\/teiaeducation.ch\\\/wp-content\\\/uploads\\\/2020\\\/11\\\/Teia-Education-Switzerland-e1620156442216.jpg\",\"contentUrl\":\"https:\\\/\\\/teiaeducation.ch\\\/wp-content\\\/uploads\\\/2020\\\/11\\\/Teia-Education-Switzerland-e1620156442216.jpg\",\"width\":166,\"height\":145,\"caption\":\"Teia Education & Play\"},\"image\":{\"@id\":\"https:\\\/\\\/teiaeducation.ch\\\/fr\\\/#\\\/schema\\\/logo\\\/image\\\/\"},\"sameAs\":[\"https:\\\/\\\/www.facebook.com\\\/teiaeducation\\\/\",\"https:\\\/\\\/x.com\\\/EducationTeia\",\"https:\\\/\\\/www.instagram.com\\\/teia.education\\\/\",\"https:\\\/\\\/www.linkedin.com\\\/company\\\/35501660\",\"https:\\\/\\\/www.pinterest.ch\\\/TeiaEducation\\\/\"]}]}<\/script>\n<meta property=\"product:price:amount\" content=\"59.90\" \/>\n<meta property=\"product:price:currency\" content=\"CHF\" \/>\n<meta property=\"og:availability\" content=\"out of stock\" \/>\n<meta property=\"product:availability\" content=\"out of stock\" \/>\n<meta property=\"product:retailer_item_id\" content=\"00000000000000000000000000000000000000000000031810\" \/>\n<meta property=\"product:condition\" content=\"new\" \/>\n<!-- \/ Yoast SEO Premium plugin. -->","yoast_head_json":{"title":"Blocs en bois mosa\u00efque arc-en-ciel - Grimm's - Teia Education & Play","description":"Les blocs de construction en mosa\u00efque arc-en-ciel en bois durable fabriqu\u00e9s \u00e0 la main par Grimm's sont peints avec une teinture non toxique \u00e0 base d'eau, sans danger pour les jeunes enfants.","robots":{"index":"index","follow":"follow","max-snippet":"max-snippet:-1","max-image-preview":"max-image-preview:large","max-video-preview":"max-video-preview:-1"},"canonical":"https:\/\/teiaeducation.ch\/fr\/produit\/arc-en-ciel-mosaique-blocs-grimms\/","og_locale":"fr_FR","og_type":"article","og_title":"Blocs en bois mosa\u00efque arc-en-ciel - Grimm's","og_description":"Les blocs de construction en mosa\u00efque arc-en-ciel en bois durable fabriqu\u00e9s \u00e0 la main par Grimm's sont peints avec une teinture non toxique \u00e0 base d'eau, sans danger pour les jeunes enfants.","og_url":"https:\/\/teiaeducation.ch\/fr\/produit\/arc-en-ciel-mosaique-blocs-grimms\/","og_site_name":"Sustainable Educational Products &amp; Ecological Toys\u00a0","article_publisher":"https:\/\/www.facebook.com\/teiaeducation\/","article_modified_time":"2022-11-01T10:10:05+00:00","og_image":[{"width":900,"height":900,"url":"https:\/\/teiaeducation.ch\/wp-content\/uploads\/2020\/11\/Rainbow-mosaic-blocks-Grimms.jpg","type":"image\/jpeg"}],"schema":{"@context":"https:\/\/schema.org","@graph":[{"@type":"WebPage","@id":"https:\/\/teiaeducation.ch\/fr\/produit\/arc-en-ciel-mosaique-blocs-grimms\/","url":"https:\/\/teiaeducation.ch\/fr\/produit\/arc-en-ciel-mosaique-blocs-grimms\/","name":"Blocs en bois mosa\u00efque arc-en-ciel - Grimm's - Teia Education & Play","isPartOf":{"@id":"https:\/\/teiaeducation.ch\/fr\/#website"},"primaryImageOfPage":{"@id":"https:\/\/teiaeducation.ch\/fr\/produit\/arc-en-ciel-mosaique-blocs-grimms\/#primaryimage"},"image":{"@id":"https:\/\/teiaeducation.ch\/fr\/produit\/arc-en-ciel-mosaique-blocs-grimms\/#primaryimage"},"thumbnailUrl":"https:\/\/teiaeducation.ch\/wp-content\/uploads\/2020\/11\/Rainbow-mosaic-blocks-Grimms.jpg","datePublished":"2020-11-16T10:19:03+00:00","dateModified":"2022-11-01T10:10:05+00:00","description":"Les blocs de construction en mosa\u00efque arc-en-ciel en bois durable fabriqu\u00e9s \u00e0 la main par Grimm's sont peints avec une teinture non toxique \u00e0 base d'eau, sans danger pour les jeunes enfants.","breadcrumb":{"@id":"https:\/\/teiaeducation.ch\/fr\/produit\/arc-en-ciel-mosaique-blocs-grimms\/#breadcrumb"},"inLanguage":"fr-FR","potentialAction":[{"@type":"ReadAction","target":["https:\/\/teiaeducation.ch\/fr\/produit\/arc-en-ciel-mosaique-blocs-grimms\/"]}]},{"@type":"ImageObject","inLanguage":"fr-FR","@id":"https:\/\/teiaeducation.ch\/fr\/produit\/arc-en-ciel-mosaique-blocs-grimms\/#primaryimage","url":"https:\/\/teiaeducation.ch\/wp-content\/uploads\/2020\/11\/Rainbow-mosaic-blocks-Grimms.jpg","contentUrl":"https:\/\/teiaeducation.ch\/wp-content\/uploads\/2020\/11\/Rainbow-mosaic-blocks-Grimms.jpg","width":900,"height":900,"caption":"Blocs en bois durables faits \u00e0 la main Blocs de mosa\u00efque arc-en-ciel - Grimm's"},{"@type":"BreadcrumbList","@id":"https:\/\/teiaeducation.ch\/fr\/produit\/arc-en-ciel-mosaique-blocs-grimms\/#breadcrumb","itemListElement":[{"@type":"ListItem","position":1,"name":"Home","item":"https:\/\/teiaeducation.ch\/fr\/"},{"@type":"ListItem","position":2,"name":"Boutique Teia Education &amp; Play","item":"https:\/\/teiaeducation.ch\/fr\/boutique\/"},{"@type":"ListItem","position":3,"name":"Nos Marques","item":"https:\/\/teiaeducation.ch\/fr\/categorie-produit\/marques\/"},{"@type":"ListItem","position":4,"name":"Grimm's","item":"https:\/\/teiaeducation.ch\/fr\/categorie-produit\/marques\/grimms-fr\/"},{"@type":"ListItem","position":5,"name":"Blocs en bois mosa\u00efque arc-en-ciel &#8211; Grimm&#8217;s"}]},{"@type":"WebSite","@id":"https:\/\/teiaeducation.ch\/fr\/#website","url":"https:\/\/teiaeducation.ch\/fr\/","name":"Sustainable Educational Products &amp; Ecological Toys\u00a0","description":"Specialised Swiss shop selling sustainable educational toys and games, AMI certified Montessori materials, handmade ecological wooden Waldorf toys and arts &amp; crafts supplies, school supplies, children&#039;s furniture and Montessori reference and parenting books.","publisher":{"@id":"https:\/\/teiaeducation.ch\/fr\/#organization"},"alternateName":"Teia Education & Play","potentialAction":[{"@type":"SearchAction","target":{"@type":"EntryPoint","urlTemplate":"https:\/\/teiaeducation.ch\/fr\/?s={search_term_string}"},"query-input":{"@type":"PropertyValueSpecification","valueRequired":true,"valueName":"search_term_string"}}],"inLanguage":"fr-FR"},{"@type":"Organization","@id":"https:\/\/teiaeducation.ch\/fr\/#organization","name":"Teia Education & Play","url":"https:\/\/teiaeducation.ch\/fr\/","logo":{"@type":"ImageObject","inLanguage":"fr-FR","@id":"https:\/\/teiaeducation.ch\/fr\/#\/schema\/logo\/image\/","url":"https:\/\/teiaeducation.ch\/wp-content\/uploads\/2020\/11\/Teia-Education-Switzerland-e1620156442216.jpg","contentUrl":"https:\/\/teiaeducation.ch\/wp-content\/uploads\/2020\/11\/Teia-Education-Switzerland-e1620156442216.jpg","width":166,"height":145,"caption":"Teia Education & Play"},"image":{"@id":"https:\/\/teiaeducation.ch\/fr\/#\/schema\/logo\/image\/"},"sameAs":["https:\/\/www.facebook.com\/teiaeducation\/","https:\/\/x.com\/EducationTeia","https:\/\/www.instagram.com\/teia.education\/","https:\/\/www.linkedin.com\/company\/35501660","https:\/\/www.pinterest.ch\/TeiaEducation\/"]}]},"product_price_amount":"59.90","product_price_currency":"CHF","og_availability":"out of stock","product_availability":"out of stock","product_retailer_item_id":"00000000000000000000000000000000000000000000031810","product_condition":"new"},"_links":{"self":[{"href":"https:\/\/teiaeducation.ch\/fr\/wp-json\/wp\/v2\/product\/37389","targetHints":{"allow":["GET"]}}],"collection":[{"href":"https:\/\/teiaeducation.ch\/fr\/wp-json\/wp\/v2\/product"}],"about":[{"href":"https:\/\/teiaeducation.ch\/fr\/wp-json\/wp\/v2\/types\/product"}],"replies":[{"embeddable":true,"href":"https:\/\/teiaeducation.ch\/fr\/wp-json\/wp\/v2\/comments?post=37389"}],"wp:featuredmedia":[{"embeddable":true,"href":"https:\/\/teiaeducation.ch\/fr\/wp-json\/wp\/v2\/media\/31812"}],"wp:attachment":[{"href":"https:\/\/teiaeducation.ch\/fr\/wp-json\/wp\/v2\/media?parent=37389"}],"wp:term":[{"taxonomy":"product_brand","embeddable":true,"href":"https:\/\/teiaeducation.ch\/fr\/wp-json\/wp\/v2\/product_brand?post=37389"},{"taxonomy":"product_cat","embeddable":true,"href":"https:\/\/teiaeducation.ch\/fr\/wp-json\/wp\/v2\/product_cat?post=37389"},{"taxonomy":"product_tag","embeddable":true,"href":"https:\/\/teiaeducation.ch\/fr\/wp-json\/wp\/v2\/product_tag?post=37389"}],"curies":[{"name":"wp","href":"https:\/\/api.w.org\/{rel}","templated":true}]}}