{"id":37390,"date":"2020-11-03T10:52:15","date_gmt":"2020-11-03T09:52:15","guid":{"rendered":"https:\/\/teiaeducation.ch\/product\/guirlandes-pastel-grimms\/"},"modified":"2021-10-07T09:45:33","modified_gmt":"2021-10-07T07:45:33","slug":"pastel-fanion-grimms","status":"publish","type":"product","link":"https:\/\/teiaeducation.ch\/fr\/produit\/pastel-fanion-grimms\/","title":{"rendered":"guirlandes pastel &#8211; Grimm&#8217;s"},"content":{"rendered":"<p>Guirlande de fanions pastel \/ D\u00e9coration durable en bois faite \u00e0 la main &#8211; C\u00e9l\u00e9brations de Grimm&#8217;s<\/p>\n<p>Un magnifique ensemble de guirlandes en bois faites \u00e0 la main dans des couleurs pastel de la collection des <a href=\"https:\/\/teiaeducation.ch\/celebrations\/\">c\u00e9l\u00e9brations<\/a> de Grimm&#8217;s. Compos\u00e9 de 24 pi\u00e8ces avec une ficelle pr\u00eate \u00e0 \u00eatre enfil\u00e9e, chaque fanion de cet article de d\u00e9coration durable en bois mesure 5,5 x 9,7 cm.<\/p>\n<p>L&#8217;ensemble de guirlandes pastel de Grimm&#8217;s est peint dans de superbes tons vifs avec une teinture non toxique \u00e0 base d&#8217;eau et constitue un bel ajout d\u00e9coratif \u00e0 toute f\u00eate, salle de jeux, salle de classe ou chambre d&#8217;enfant.<\/p>\n<p>Id\u00e9aux pour la maison, la cr\u00e8che, Waldorf ou l\u2019\u00e9cole Steiner, les magnifiques jouets en bois naturel de Grimm&#8217;s sont fabriqu\u00e9s selon la philosophie Waldorf qui est bien connue pour encourager les enfants \u00e0 d\u00e9couvrir le jeu cr\u00e9atif de fa\u00e7on ind\u00e9pendante, sans limitations \u00e0 un rythme sans h\u00e2te. Les jouets en bois de Grimm&#8217;s sont color\u00e9s \u00e0 la main avec des peintures \u00e0 base d\u2019eau non toxiques et ne sont pas finis avec de la laque pour assurer les caract\u00e9ristiques originales du bois et pour qu&#8217;on puisse voir le grain \u00e0 travers. La surface des jouets fabriqu\u00e9s \u00e0 partir de bois europ\u00e9ens certifi\u00e9 FSC est laiss\u00e9e l\u00e9g\u00e8rement rugueuse, ce qui les rend plus facilement empilables et moins glissants.<\/p>\n<p>Les jouets en bois de Grimm&#8217;s sont fabriqu\u00e9s dans les manufacture de Grimm&#8217;s en Allemagne ainsi que dans plusieurs ateliers \u00e0 travers l\u2019Europe \u00e0 partir de diff\u00e9rents types de bois tels que l\u2019aulne, la chaux, le h\u00eatre et l\u2019\u00e9rable. Tout le bois utilis\u00e9 pour fabriquer les jouets de Grimm&#8217;s provient de for\u00eats europ\u00e9ennes g\u00e9r\u00e9es de mani\u00e8re durable.<\/p>\n<p>Veuillez noter que les jouets de Grimm&#8217;s sont toujours uniques, et portent des marques uniques faites par la nature. Le grain du bois a des structures et des couleurs changeantes qui servent de preuve de ses origines naturelles. Les variations uniques, les marques, les noeuds, les motifs, les rayures noires ou les taches sombres qui peuvent \u00eatre visibles dans le bois des jouets de Grimm&#8217;s sont une preuve de qualit\u00e9, et non des d\u00e9fauts.<\/p>\n<p>Avertissement! Cet objet d\u00e9coratif n\u2019est pas adapt\u00e9 pour jouer.<\/p>\n<p>La guirlande pastel Grimm&#8217;s convient aux enfants \u00e2g\u00e9s de 14 ans et plus.<\/p>\n<p>Contenu :<\/p>\n<p>24 pi\u00e8ces en bois aux couleurs pastel et une ficelle<\/p>\n","protected":false},"excerpt":{"rendered":"<p>gri70246<\/p>\n<p>La d\u00e9coration en bois durable faite \u00e0 la main avec des fanions aux couleurs pastel de la collection des c\u00e9l\u00e9brations de Grimm&#8217;s est un bel ajout d\u00e9coratif \u00e0 toute c\u00e9l\u00e9bration, salle de jeux, salle de classe ou chambre d&#8217;enfant !<\/p>\n","protected":false},"featured_media":31705,"comment_status":"open","ping_status":"closed","template":"","meta":[],"product_brand":[],"product_cat":[22346,22032,24874,17225,17212,17240,21257,23021,217,5851,22350,212],"product_tag":[17337,20023,20025,8625,20024,17332,17334,19839,20021,20018,20026,17335,20022,20020,20019,17336],"class_list":{"0":"post-37390","1":"product","2":"type-product","3":"status-publish","4":"has-post-thumbnail","6":"product_cat-anniversaires","7":"product_cat-cadeaux-du-calendrier-de-lavent-et-de-noel","8":"product_cat-celebrations-rituels-familiaux","9":"product_cat-celebrations-fr","10":"product_cat-grimms-fr","11":"product_cat-guide-cadeaux-creatif","12":"product_cat-guides-cadeaux","13":"product_cat-jouets-waldorf","14":"product_cat-marques","15":"product_cat-nouveautes","16":"product_cat-rituels-avent","17":"product_cat-tranche-dage","18":"product_tag-arc-en-ciel-colore-en-bois-fait-main","19":"product_tag-banniere-arc-en-ciel-en-bois","20":"product_tag-decoration-en-bois-durable-faite-a-la-main","21":"product_tag-fabrique-en-allemagne","22":"product_tag-fanion-arc-en-ciel-en-bois","23":"product_tag-grimm-suisse","24":"product_tag-grimm-suisse-fr","25":"product_tag-grimms-arc-en-ciel","26":"product_tag-grimms-celebrations-fr","27":"product_tag-grimms-decorations-fr","28":"product_tag-grimms-guirlandes-pastel","29":"product_tag-grimme-suisse","30":"product_tag-guirlande-arc-en-ciel-en-bois","31":"product_tag-la-banniere-fanion-de-grimms","32":"product_tag-la-guirlande-arc-en-ciel-de-grimms","33":"product_tag-magasin-de-jouets-en-bois-grimm","35":"first","36":"instock","37":"taxable","38":"shipping-taxable","39":"purchasable","40":"product-type-simple"},"yoast_head":"<!-- This site is optimized with the Yoast SEO Premium plugin v25.8 (Yoast SEO v27.4) - https:\/\/yoast.com\/product\/yoast-seo-premium-wordpress\/ -->\n<title>guirlandes pastel - Grimm&#039;s - Teia Education &amp; Play<\/title>\n<meta name=\"description\" content=\"Le set de guirlandes pastel Grimm&#039;s est une d\u00e9coration en bois durable faite \u00e0 la main pour toute f\u00eate ou pour d\u00e9corer une salle de jeux ou une chambre d&#039;enfant.\" \/>\n<meta name=\"robots\" content=\"index, follow, max-snippet:-1, max-image-preview:large, max-video-preview:-1\" \/>\n<link rel=\"canonical\" href=\"https:\/\/teiaeducation.ch\/fr\/produit\/pastel-fanion-grimms\/\" \/>\n<meta property=\"og:locale\" content=\"fr_FR\" \/>\n<meta property=\"og:type\" content=\"article\" \/>\n<meta property=\"og:title\" content=\"guirlandes pastel - Grimm&#039;s\" \/>\n<meta property=\"og:description\" content=\"Le set de guirlandes pastel Grimm&#039;s est une d\u00e9coration en bois durable faite \u00e0 la main pour toute f\u00eate ou pour d\u00e9corer une salle de jeux ou une chambre d&#039;enfant.\" \/>\n<meta property=\"og:url\" content=\"https:\/\/teiaeducation.ch\/fr\/produit\/pastel-fanion-grimms\/\" \/>\n<meta property=\"og:site_name\" content=\"Sustainable Educational Products &amp; Ecological Toys\u00a0\" \/>\n<meta property=\"article:publisher\" content=\"https:\/\/www.facebook.com\/teiaeducation\/\" \/>\n<meta property=\"article:modified_time\" content=\"2021-10-07T07:45:33+00:00\" \/>\n<meta property=\"og:image\" content=\"https:\/\/teiaeducation.ch\/wp-content\/uploads\/2020\/11\/Pastel-pennant-bunting-Handmade-sustainable-wooden-decoration-Grimms-celebrations.jpg\" \/>\n\t<meta property=\"og:image:width\" content=\"800\" \/>\n\t<meta property=\"og:image:height\" content=\"205\" \/>\n\t<meta property=\"og:image:type\" content=\"image\/jpeg\" \/>\n<script type=\"application\/ld+json\" class=\"yoast-schema-graph\">{\"@context\":\"https:\\\/\\\/schema.org\",\"@graph\":[{\"@type\":\"WebPage\",\"@id\":\"https:\\\/\\\/teiaeducation.ch\\\/fr\\\/produit\\\/pastel-fanion-grimms\\\/\",\"url\":\"https:\\\/\\\/teiaeducation.ch\\\/fr\\\/produit\\\/pastel-fanion-grimms\\\/\",\"name\":\"guirlandes pastel - Grimm's - Teia Education & Play\",\"isPartOf\":{\"@id\":\"https:\\\/\\\/teiaeducation.ch\\\/fr\\\/#website\"},\"primaryImageOfPage\":{\"@id\":\"https:\\\/\\\/teiaeducation.ch\\\/fr\\\/produit\\\/pastel-fanion-grimms\\\/#primaryimage\"},\"image\":{\"@id\":\"https:\\\/\\\/teiaeducation.ch\\\/fr\\\/produit\\\/pastel-fanion-grimms\\\/#primaryimage\"},\"thumbnailUrl\":\"https:\\\/\\\/teiaeducation.ch\\\/wp-content\\\/uploads\\\/2020\\\/11\\\/Pastel-pennant-bunting-Handmade-sustainable-wooden-decoration-Grimms-celebrations.jpg\",\"datePublished\":\"2020-11-03T09:52:15+00:00\",\"dateModified\":\"2021-10-07T07:45:33+00:00\",\"description\":\"Le set de guirlandes pastel Grimm's est une d\u00e9coration en bois durable faite \u00e0 la main pour toute f\u00eate ou pour d\u00e9corer une salle de jeux ou une chambre d'enfant.\",\"breadcrumb\":{\"@id\":\"https:\\\/\\\/teiaeducation.ch\\\/fr\\\/produit\\\/pastel-fanion-grimms\\\/#breadcrumb\"},\"inLanguage\":\"fr-FR\",\"potentialAction\":[{\"@type\":\"ReadAction\",\"target\":[\"https:\\\/\\\/teiaeducation.ch\\\/fr\\\/produit\\\/pastel-fanion-grimms\\\/\"]}]},{\"@type\":\"ImageObject\",\"inLanguage\":\"fr-FR\",\"@id\":\"https:\\\/\\\/teiaeducation.ch\\\/fr\\\/produit\\\/pastel-fanion-grimms\\\/#primaryimage\",\"url\":\"https:\\\/\\\/teiaeducation.ch\\\/wp-content\\\/uploads\\\/2020\\\/11\\\/Pastel-pennant-bunting-Handmade-sustainable-wooden-decoration-Grimms-celebrations.jpg\",\"contentUrl\":\"https:\\\/\\\/teiaeducation.ch\\\/wp-content\\\/uploads\\\/2020\\\/11\\\/Pastel-pennant-bunting-Handmade-sustainable-wooden-decoration-Grimms-celebrations.jpg\",\"width\":800,\"height\":205,\"caption\":\"Guirlande de fanions pastel \\\/ D\u00e9coration durable en bois faite \u00e0 la main - C\u00e9l\u00e9brations de Grimm's\"},{\"@type\":\"BreadcrumbList\",\"@id\":\"https:\\\/\\\/teiaeducation.ch\\\/fr\\\/produit\\\/pastel-fanion-grimms\\\/#breadcrumb\",\"itemListElement\":[{\"@type\":\"ListItem\",\"position\":1,\"name\":\"Home\",\"item\":\"https:\\\/\\\/teiaeducation.ch\\\/fr\\\/\"},{\"@type\":\"ListItem\",\"position\":2,\"name\":\"Boutique Teia Education &amp; Play\",\"item\":\"https:\\\/\\\/teiaeducation.ch\\\/fr\\\/boutique\\\/\"},{\"@type\":\"ListItem\",\"position\":3,\"name\":\"Nos Marques\",\"item\":\"https:\\\/\\\/teiaeducation.ch\\\/fr\\\/categorie-produit\\\/marques\\\/\"},{\"@type\":\"ListItem\",\"position\":4,\"name\":\"Grimm's\",\"item\":\"https:\\\/\\\/teiaeducation.ch\\\/fr\\\/categorie-produit\\\/marques\\\/grimms-fr\\\/\"},{\"@type\":\"ListItem\",\"position\":5,\"name\":\"guirlandes pastel &#8211; Grimm&#8217;s\"}]},{\"@type\":\"WebSite\",\"@id\":\"https:\\\/\\\/teiaeducation.ch\\\/fr\\\/#website\",\"url\":\"https:\\\/\\\/teiaeducation.ch\\\/fr\\\/\",\"name\":\"Sustainable Educational Products &amp; Ecological Toys\u00a0\",\"description\":\"Specialised Swiss shop selling sustainable educational toys and games, AMI certified Montessori materials, handmade ecological wooden Waldorf toys and arts &amp; crafts supplies, school supplies, children&#039;s furniture and Montessori reference and parenting books.\",\"publisher\":{\"@id\":\"https:\\\/\\\/teiaeducation.ch\\\/fr\\\/#organization\"},\"alternateName\":\"Teia Education & Play\",\"potentialAction\":[{\"@type\":\"SearchAction\",\"target\":{\"@type\":\"EntryPoint\",\"urlTemplate\":\"https:\\\/\\\/teiaeducation.ch\\\/fr\\\/?s={search_term_string}\"},\"query-input\":{\"@type\":\"PropertyValueSpecification\",\"valueRequired\":true,\"valueName\":\"search_term_string\"}}],\"inLanguage\":\"fr-FR\"},{\"@type\":\"Organization\",\"@id\":\"https:\\\/\\\/teiaeducation.ch\\\/fr\\\/#organization\",\"name\":\"Teia Education & Play\",\"url\":\"https:\\\/\\\/teiaeducation.ch\\\/fr\\\/\",\"logo\":{\"@type\":\"ImageObject\",\"inLanguage\":\"fr-FR\",\"@id\":\"https:\\\/\\\/teiaeducation.ch\\\/fr\\\/#\\\/schema\\\/logo\\\/image\\\/\",\"url\":\"https:\\\/\\\/teiaeducation.ch\\\/wp-content\\\/uploads\\\/2020\\\/11\\\/Teia-Education-Switzerland-e1620156442216.jpg\",\"contentUrl\":\"https:\\\/\\\/teiaeducation.ch\\\/wp-content\\\/uploads\\\/2020\\\/11\\\/Teia-Education-Switzerland-e1620156442216.jpg\",\"width\":166,\"height\":145,\"caption\":\"Teia Education & Play\"},\"image\":{\"@id\":\"https:\\\/\\\/teiaeducation.ch\\\/fr\\\/#\\\/schema\\\/logo\\\/image\\\/\"},\"sameAs\":[\"https:\\\/\\\/www.facebook.com\\\/teiaeducation\\\/\",\"https:\\\/\\\/x.com\\\/EducationTeia\",\"https:\\\/\\\/www.instagram.com\\\/teia.education\\\/\",\"https:\\\/\\\/www.linkedin.com\\\/company\\\/35501660\",\"https:\\\/\\\/www.pinterest.ch\\\/TeiaEducation\\\/\"]}]}<\/script>\n<meta property=\"product:price:amount\" content=\"47.90\" \/>\n<meta property=\"product:price:currency\" content=\"CHF\" \/>\n<meta property=\"og:availability\" content=\"instock\" \/>\n<meta property=\"product:availability\" content=\"instock\" \/>\n<meta property=\"product:retailer_item_id\" content=\"00000000000000000000000000000000000000000000030559\" \/>\n<meta property=\"product:condition\" content=\"new\" \/>\n<!-- \/ Yoast SEO Premium plugin. -->","yoast_head_json":{"title":"guirlandes pastel - Grimm's - Teia Education & Play","description":"Le set de guirlandes pastel Grimm's est une d\u00e9coration en bois durable faite \u00e0 la main pour toute f\u00eate ou pour d\u00e9corer une salle de jeux ou une chambre d'enfant.","robots":{"index":"index","follow":"follow","max-snippet":"max-snippet:-1","max-image-preview":"max-image-preview:large","max-video-preview":"max-video-preview:-1"},"canonical":"https:\/\/teiaeducation.ch\/fr\/produit\/pastel-fanion-grimms\/","og_locale":"fr_FR","og_type":"article","og_title":"guirlandes pastel - Grimm's","og_description":"Le set de guirlandes pastel Grimm's est une d\u00e9coration en bois durable faite \u00e0 la main pour toute f\u00eate ou pour d\u00e9corer une salle de jeux ou une chambre d'enfant.","og_url":"https:\/\/teiaeducation.ch\/fr\/produit\/pastel-fanion-grimms\/","og_site_name":"Sustainable Educational Products &amp; Ecological Toys\u00a0","article_publisher":"https:\/\/www.facebook.com\/teiaeducation\/","article_modified_time":"2021-10-07T07:45:33+00:00","og_image":[{"width":800,"height":205,"url":"https:\/\/teiaeducation.ch\/wp-content\/uploads\/2020\/11\/Pastel-pennant-bunting-Handmade-sustainable-wooden-decoration-Grimms-celebrations.jpg","type":"image\/jpeg"}],"schema":{"@context":"https:\/\/schema.org","@graph":[{"@type":"WebPage","@id":"https:\/\/teiaeducation.ch\/fr\/produit\/pastel-fanion-grimms\/","url":"https:\/\/teiaeducation.ch\/fr\/produit\/pastel-fanion-grimms\/","name":"guirlandes pastel - Grimm's - Teia Education & Play","isPartOf":{"@id":"https:\/\/teiaeducation.ch\/fr\/#website"},"primaryImageOfPage":{"@id":"https:\/\/teiaeducation.ch\/fr\/produit\/pastel-fanion-grimms\/#primaryimage"},"image":{"@id":"https:\/\/teiaeducation.ch\/fr\/produit\/pastel-fanion-grimms\/#primaryimage"},"thumbnailUrl":"https:\/\/teiaeducation.ch\/wp-content\/uploads\/2020\/11\/Pastel-pennant-bunting-Handmade-sustainable-wooden-decoration-Grimms-celebrations.jpg","datePublished":"2020-11-03T09:52:15+00:00","dateModified":"2021-10-07T07:45:33+00:00","description":"Le set de guirlandes pastel Grimm's est une d\u00e9coration en bois durable faite \u00e0 la main pour toute f\u00eate ou pour d\u00e9corer une salle de jeux ou une chambre d'enfant.","breadcrumb":{"@id":"https:\/\/teiaeducation.ch\/fr\/produit\/pastel-fanion-grimms\/#breadcrumb"},"inLanguage":"fr-FR","potentialAction":[{"@type":"ReadAction","target":["https:\/\/teiaeducation.ch\/fr\/produit\/pastel-fanion-grimms\/"]}]},{"@type":"ImageObject","inLanguage":"fr-FR","@id":"https:\/\/teiaeducation.ch\/fr\/produit\/pastel-fanion-grimms\/#primaryimage","url":"https:\/\/teiaeducation.ch\/wp-content\/uploads\/2020\/11\/Pastel-pennant-bunting-Handmade-sustainable-wooden-decoration-Grimms-celebrations.jpg","contentUrl":"https:\/\/teiaeducation.ch\/wp-content\/uploads\/2020\/11\/Pastel-pennant-bunting-Handmade-sustainable-wooden-decoration-Grimms-celebrations.jpg","width":800,"height":205,"caption":"Guirlande de fanions pastel \/ D\u00e9coration durable en bois faite \u00e0 la main - C\u00e9l\u00e9brations de Grimm's"},{"@type":"BreadcrumbList","@id":"https:\/\/teiaeducation.ch\/fr\/produit\/pastel-fanion-grimms\/#breadcrumb","itemListElement":[{"@type":"ListItem","position":1,"name":"Home","item":"https:\/\/teiaeducation.ch\/fr\/"},{"@type":"ListItem","position":2,"name":"Boutique Teia Education &amp; Play","item":"https:\/\/teiaeducation.ch\/fr\/boutique\/"},{"@type":"ListItem","position":3,"name":"Nos Marques","item":"https:\/\/teiaeducation.ch\/fr\/categorie-produit\/marques\/"},{"@type":"ListItem","position":4,"name":"Grimm's","item":"https:\/\/teiaeducation.ch\/fr\/categorie-produit\/marques\/grimms-fr\/"},{"@type":"ListItem","position":5,"name":"guirlandes pastel &#8211; Grimm&#8217;s"}]},{"@type":"WebSite","@id":"https:\/\/teiaeducation.ch\/fr\/#website","url":"https:\/\/teiaeducation.ch\/fr\/","name":"Sustainable Educational Products &amp; Ecological Toys\u00a0","description":"Specialised Swiss shop selling sustainable educational toys and games, AMI certified Montessori materials, handmade ecological wooden Waldorf toys and arts &amp; crafts supplies, school supplies, children&#039;s furniture and Montessori reference and parenting books.","publisher":{"@id":"https:\/\/teiaeducation.ch\/fr\/#organization"},"alternateName":"Teia Education & Play","potentialAction":[{"@type":"SearchAction","target":{"@type":"EntryPoint","urlTemplate":"https:\/\/teiaeducation.ch\/fr\/?s={search_term_string}"},"query-input":{"@type":"PropertyValueSpecification","valueRequired":true,"valueName":"search_term_string"}}],"inLanguage":"fr-FR"},{"@type":"Organization","@id":"https:\/\/teiaeducation.ch\/fr\/#organization","name":"Teia Education & Play","url":"https:\/\/teiaeducation.ch\/fr\/","logo":{"@type":"ImageObject","inLanguage":"fr-FR","@id":"https:\/\/teiaeducation.ch\/fr\/#\/schema\/logo\/image\/","url":"https:\/\/teiaeducation.ch\/wp-content\/uploads\/2020\/11\/Teia-Education-Switzerland-e1620156442216.jpg","contentUrl":"https:\/\/teiaeducation.ch\/wp-content\/uploads\/2020\/11\/Teia-Education-Switzerland-e1620156442216.jpg","width":166,"height":145,"caption":"Teia Education & Play"},"image":{"@id":"https:\/\/teiaeducation.ch\/fr\/#\/schema\/logo\/image\/"},"sameAs":["https:\/\/www.facebook.com\/teiaeducation\/","https:\/\/x.com\/EducationTeia","https:\/\/www.instagram.com\/teia.education\/","https:\/\/www.linkedin.com\/company\/35501660","https:\/\/www.pinterest.ch\/TeiaEducation\/"]}]},"product_price_amount":"47.90","product_price_currency":"CHF","og_availability":"instock","product_availability":"instock","product_retailer_item_id":"00000000000000000000000000000000000000000000030559","product_condition":"new"},"_links":{"self":[{"href":"https:\/\/teiaeducation.ch\/fr\/wp-json\/wp\/v2\/product\/37390","targetHints":{"allow":["GET"]}}],"collection":[{"href":"https:\/\/teiaeducation.ch\/fr\/wp-json\/wp\/v2\/product"}],"about":[{"href":"https:\/\/teiaeducation.ch\/fr\/wp-json\/wp\/v2\/types\/product"}],"replies":[{"embeddable":true,"href":"https:\/\/teiaeducation.ch\/fr\/wp-json\/wp\/v2\/comments?post=37390"}],"wp:featuredmedia":[{"embeddable":true,"href":"https:\/\/teiaeducation.ch\/fr\/wp-json\/wp\/v2\/media\/31705"}],"wp:attachment":[{"href":"https:\/\/teiaeducation.ch\/fr\/wp-json\/wp\/v2\/media?parent=37390"}],"wp:term":[{"taxonomy":"product_brand","embeddable":true,"href":"https:\/\/teiaeducation.ch\/fr\/wp-json\/wp\/v2\/product_brand?post=37390"},{"taxonomy":"product_cat","embeddable":true,"href":"https:\/\/teiaeducation.ch\/fr\/wp-json\/wp\/v2\/product_cat?post=37390"},{"taxonomy":"product_tag","embeddable":true,"href":"https:\/\/teiaeducation.ch\/fr\/wp-json\/wp\/v2\/product_tag?post=37390"}],"curies":[{"name":"wp","href":"https:\/\/api.w.org\/{rel}","templated":true}]}}