{"id":37453,"date":"2020-11-27T17:21:24","date_gmt":"2020-11-27T16:21:24","guid":{"rendered":"https:\/\/teiaeducation.ch\/product\/tour-de-disques-pastel-grimms\/"},"modified":"2025-07-15T20:38:48","modified_gmt":"2025-07-15T18:38:48","slug":"pastel-disques-tour-grimms","status":"publish","type":"product","link":"https:\/\/teiaeducation.ch\/fr\/produit\/pastel-disques-tour-grimms\/","title":{"rendered":"Tour de disques pastel &#8211; Grimm&#8217;s"},"content":{"rendered":"<p>Tour de disques pastel \/ Jouet \u00e0 empiler en bois fait main &#8211; Grimm&#8217;s<\/p>\n<p>Un magnifique jouet conique \u00e0 <a href=\"https:\/\/teiaeducation.ch\/product-category\/play\/stacking-toys\/\">empiler<\/a> en bois fait \u00e0 la main par Grimm&#8217;s. Compos\u00e9e de 10 disques de tailles diff\u00e9rentes dans de jolies teintes pastel, la tour de disques pastel mesure 21 cm de haut.<\/p>\n<p>La tour de disques pastel Grimm&#8217;s est fabriqu\u00e9e en bois de tilleul et peinte dans de jolis tons pastel avec une teinture non toxique \u00e0 base d&#8217;eau, ce qui la rend s\u00fbre pour les jeunes enfants.<\/p>\n<p>Parfait pour d\u00e9velopper la coordination \u0153il-main et la motricit\u00e9 fine en empilant et en d\u00e9sempilant la tour, ainsi que la capacit\u00e9 \u00e0 r\u00e9soudre des probl\u00e8mes et la conscience spatiale en mettant les tailles en ordre. Les disques peuvent \u00e9galement \u00eatre utilis\u00e9s pour la construction et l\u2019\u00e9quilibrage de tour en jeu \u00e0 dur\u00e9e ind\u00e9termin\u00e9e.<\/p>\n<p>Id\u00e9al pour jouer \u00e0 la maison, \u00e0 la cr\u00e8che, \u00e0 Waldorf ou \u00e0 l\u2019\u00e9cole Steiner, les beaux jouets en bois naturel de Grimms sont fabriqu\u00e9s selon la philosophie Waldorf qui est bien connue pour encourager les enfants \u00e0 d\u00e9couvrir le jeu cr\u00e9atif de mani\u00e8re ind\u00e9pendante, sans limitations et \u00e0 un rythme effr\u00e9n\u00e9. Les jouets en bois de Grimm&#8217;s sont color\u00e9s \u00e0 la main avec des peintures \u00e0 base d\u2019eau non toxiques et ne sont pas finis avec de la laque pour assurer les caract\u00e9ristiques originales du bois et pour qu&#8217;on puisse voir le grain \u00e0 travers. La surface des jouets fabriqu\u00e9s \u00e0 partir de bois europ\u00e9ens certifi\u00e9 FSC est laiss\u00e9e l\u00e9g\u00e8rement rugueuse, ce qui les rend plus facilement empilables et moins glissants.<\/p>\n<p>Les jouets en bois de Grimm&#8217;s sont fabriqu\u00e9s dans les manufacture de Grimm&#8217;s en Allemagne ainsi que dans plusieurs ateliers \u00e0 travers l\u2019Europe \u00e0 partir de diff\u00e9rents types de bois tels que l\u2019aulne, la chaux, le h\u00eatre et l\u2019\u00e9rable. Tout le bois utilis\u00e9 pour fabriquer les jouets de Grimm&#8217;s provient de for\u00eats europ\u00e9ennes g\u00e9r\u00e9es de mani\u00e8re durable.<\/p>\n<p>Veuillez noter que les jouets de Grimm&#8217;s sont toujours uniques, et portent des marques uniques faites par la nature. Le grain du bois a des structures et des couleurs changeantes qui servent de preuve de ses origines naturelles. Les variations uniques, les marques, les noeuds, les motifs, les rayures noires ou les taches sombres qui peuvent \u00eatre visibles dans le bois des jouets de Grimm&#8217;s sont une preuve de qualit\u00e9, et non des d\u00e9fauts.<\/p>\n<p>La tour de disques pastel Grimm&#8217;s convient aux enfants \u00e2g\u00e9s de 1 an et plus.<\/p>\n<p>Avertissement! Point accessible potentiellement dangereux. Mettez toujours le capuchon de s\u00e9curit\u00e9 lorsque vous n&#8217;assemblez pas ou ne d\u00e9montez pas les disques de couleur en bois.<\/p>\n<p>Contenu :<\/p>\n<p>11 pi\u00e8ces en bois aux couleurs pastel<\/p>\n","protected":false},"excerpt":{"rendered":"<p>Num\u00e9ro d&#8217;article : gri11001<\/p>\n<p>La magnifique tour conique \u00e0 empiler en bois faite \u00e0 la main de Grimm&#8217;s dans de jolies couleurs pastel est un jouet parfait pour d\u00e9velopper la coordination \u0153il-main et la motricit\u00e9 fine !<\/p>\n","protected":false},"featured_media":30546,"comment_status":"open","ping_status":"closed","template":"","meta":[],"product_brand":[],"product_cat":[208,635,283,24865,8526,17212,17242,8572,13130,13144,23020,23021,217,5851,209,212],"product_tag":[17337,17463,8625,17334,17889,19844,17335,19503,19502,19506,19504,17336,19505],"class_list":{"0":"post-37453","1":"product","2":"type-product","3":"status-publish","4":"has-post-thumbnail","6":"product_cat-1-3-ans","7":"product_cat-competences-motrices","8":"product_cat-domaines-du-curriculum","9":"product_cat-empilage-tri","10":"product_cat-fournitures-scolaires-a-domicile","11":"product_cat-grimms-fr","12":"product_cat-guide-cadeaux-1-3-ans","13":"product_cat-jeu-et-apprentissage-pour-bebes-et-jeunes-enfants","14":"product_cat-jouer","15":"product_cat-jouets-a-empiler","16":"product_cat-jouets-en-bois","17":"product_cat-jouets-waldorf","18":"product_cat-marques","19":"product_cat-nouveautes","20":"product_cat-sensorielles-motrices","21":"product_cat-tranche-dage","22":"product_tag-arc-en-ciel-colore-en-bois-fait-main","23":"product_tag-assortiment-de-blocs-de-construction-en-bois-de-grimm","24":"product_tag-fabrique-en-allemagne","25":"product_tag-grimm-suisse-fr","26":"product_tag-grimms-fr","27":"product_tag-grimms-jouet-en-bois-pasel","28":"product_tag-grimme-suisse","29":"product_tag-jouet-a-empiler-de-grimm","30":"product_tag-jouet-a-empiler-en-bois","31":"product_tag-jouet-a-empiler-en-bois-fait-a-la-main","32":"product_tag-la-tour-a-disques-de-grimm","33":"product_tag-magasin-de-jouets-en-bois-grimm","34":"product_tag-tour-a-empiler-en-bois-fr","36":"first","37":"outofstock","38":"taxable","39":"shipping-taxable","40":"purchasable","41":"product-type-simple"},"yoast_head":"<!-- This site is optimized with the Yoast SEO plugin v27.1.1 - https:\/\/yoast.com\/product\/yoast-seo-wordpress\/ -->\n<title>Tour de disques pastel - Grimm&#039;s - Teia Education &amp; Play<\/title>\n<meta name=\"description\" content=\"La tour de disques pastel Grimm&#039;s est un jouet d&#039;empilage en bois fabriqu\u00e9 \u00e0 la main pour d\u00e9velopper la coordination \u0153il-main et la motricit\u00e9 fine chez les jeunes enfants.\" \/>\n<meta name=\"robots\" content=\"index, follow, max-snippet:-1, max-image-preview:large, max-video-preview:-1\" \/>\n<link rel=\"canonical\" href=\"https:\/\/teiaeducation.ch\/fr\/produit\/pastel-disques-tour-grimms\/\" \/>\n<meta property=\"og:locale\" content=\"fr_FR\" \/>\n<meta property=\"og:type\" content=\"article\" \/>\n<meta property=\"og:title\" content=\"Tour de disques pastel - Grimm&#039;s - Teia Education &amp; Play\" \/>\n<meta property=\"og:description\" content=\"La tour de disques pastel Grimm&#039;s est un jouet d&#039;empilage en bois fabriqu\u00e9 \u00e0 la main pour d\u00e9velopper la coordination \u0153il-main et la motricit\u00e9 fine chez les jeunes enfants.\" \/>\n<meta property=\"og:url\" content=\"https:\/\/teiaeducation.ch\/fr\/produit\/pastel-disques-tour-grimms\/\" \/>\n<meta property=\"og:site_name\" content=\"Sustainable Educational Products &amp; Ecological Toys\u00a0\" \/>\n<meta property=\"article:publisher\" content=\"https:\/\/www.facebook.com\/teiaeducation\/\" \/>\n<meta property=\"article:modified_time\" content=\"2025-07-15T18:38:48+00:00\" \/>\n<meta property=\"og:image\" content=\"https:\/\/teiaeducation.ch\/wp-content\/uploads\/2020\/10\/Pastel-disc-tower-Grimms.jpg\" \/>\n\t<meta property=\"og:image:width\" content=\"800\" \/>\n\t<meta property=\"og:image:height\" content=\"1058\" \/>\n\t<meta property=\"og:image:type\" content=\"image\/jpeg\" \/>\n<script type=\"application\/ld+json\" class=\"yoast-schema-graph\">{\"@context\":\"https:\/\/schema.org\",\"@graph\":[{\"@type\":\"WebPage\",\"@id\":\"https:\/\/teiaeducation.ch\/fr\/produit\/pastel-disques-tour-grimms\/\",\"url\":\"https:\/\/teiaeducation.ch\/fr\/produit\/pastel-disques-tour-grimms\/\",\"name\":\"Tour de disques pastel - Grimm's - Teia Education & Play\",\"isPartOf\":{\"@id\":\"https:\/\/teiaeducation.ch\/fr\/#website\"},\"primaryImageOfPage\":{\"@id\":\"https:\/\/teiaeducation.ch\/fr\/produit\/pastel-disques-tour-grimms\/#primaryimage\"},\"image\":{\"@id\":\"https:\/\/teiaeducation.ch\/fr\/produit\/pastel-disques-tour-grimms\/#primaryimage\"},\"thumbnailUrl\":\"https:\/\/teiaeducation.ch\/wp-content\/uploads\/2020\/10\/Pastel-disc-tower-Grimms.jpg\",\"datePublished\":\"2020-11-27T16:21:24+00:00\",\"dateModified\":\"2025-07-15T18:38:48+00:00\",\"description\":\"La tour de disques pastel Grimm's est un jouet d'empilage en bois fabriqu\u00e9 \u00e0 la main pour d\u00e9velopper la coordination \u0153il-main et la motricit\u00e9 fine chez les jeunes enfants.\",\"breadcrumb\":{\"@id\":\"https:\/\/teiaeducation.ch\/fr\/produit\/pastel-disques-tour-grimms\/#breadcrumb\"},\"inLanguage\":\"fr-FR\",\"potentialAction\":[{\"@type\":\"ReadAction\",\"target\":[\"https:\/\/teiaeducation.ch\/fr\/produit\/pastel-disques-tour-grimms\/\"]}]},{\"@type\":\"ImageObject\",\"inLanguage\":\"fr-FR\",\"@id\":\"https:\/\/teiaeducation.ch\/fr\/produit\/pastel-disques-tour-grimms\/#primaryimage\",\"url\":\"https:\/\/teiaeducation.ch\/wp-content\/uploads\/2020\/10\/Pastel-disc-tower-Grimms.jpg\",\"contentUrl\":\"https:\/\/teiaeducation.ch\/wp-content\/uploads\/2020\/10\/Pastel-disc-tower-Grimms.jpg\",\"width\":800,\"height\":1058,\"caption\":\"Jouet \u00e0 empiler en bois fait main Tour de disques pastel - Grimm's\"},{\"@type\":\"BreadcrumbList\",\"@id\":\"https:\/\/teiaeducation.ch\/fr\/produit\/pastel-disques-tour-grimms\/#breadcrumb\",\"itemListElement\":[{\"@type\":\"ListItem\",\"position\":1,\"name\":\"Home\",\"item\":\"https:\/\/teiaeducation.ch\/fr\/\"},{\"@type\":\"ListItem\",\"position\":2,\"name\":\"Boutique Teia Education &amp; Play\",\"item\":\"https:\/\/teiaeducation.ch\/fr\/boutique\/\"},{\"@type\":\"ListItem\",\"position\":3,\"name\":\"Nos Marques\",\"item\":\"https:\/\/teiaeducation.ch\/fr\/categorie-produit\/marques\/\"},{\"@type\":\"ListItem\",\"position\":4,\"name\":\"Grimm's\",\"item\":\"https:\/\/teiaeducation.ch\/fr\/categorie-produit\/marques\/grimms-fr\/\"},{\"@type\":\"ListItem\",\"position\":5,\"name\":\"Tour de disques pastel &#8211; Grimm&#8217;s\"}]},{\"@type\":\"WebSite\",\"@id\":\"https:\/\/teiaeducation.ch\/fr\/#website\",\"url\":\"https:\/\/teiaeducation.ch\/fr\/\",\"name\":\"Sustainable Educational Products &amp; Ecological Toys\u00a0\",\"description\":\"Specialised Swiss shop selling sustainable educational toys and games, AMI certified Montessori materials, handmade ecological wooden Waldorf toys and arts &amp; crafts supplies, school supplies, children&#039;s furniture and Montessori reference and parenting books.\",\"publisher\":{\"@id\":\"https:\/\/teiaeducation.ch\/fr\/#organization\"},\"alternateName\":\"Teia Education & Play\",\"potentialAction\":[{\"@type\":\"SearchAction\",\"target\":{\"@type\":\"EntryPoint\",\"urlTemplate\":\"https:\/\/teiaeducation.ch\/fr\/?s={search_term_string}\"},\"query-input\":{\"@type\":\"PropertyValueSpecification\",\"valueRequired\":true,\"valueName\":\"search_term_string\"}}],\"inLanguage\":\"fr-FR\"},{\"@type\":\"Organization\",\"@id\":\"https:\/\/teiaeducation.ch\/fr\/#organization\",\"name\":\"Teia Education & Play\",\"url\":\"https:\/\/teiaeducation.ch\/fr\/\",\"logo\":{\"@type\":\"ImageObject\",\"inLanguage\":\"fr-FR\",\"@id\":\"https:\/\/teiaeducation.ch\/fr\/#\/schema\/logo\/image\/\",\"url\":\"https:\/\/teiaeducation.ch\/wp-content\/uploads\/2020\/11\/Teia-Education-Switzerland-e1620156442216.jpg\",\"contentUrl\":\"https:\/\/teiaeducation.ch\/wp-content\/uploads\/2020\/11\/Teia-Education-Switzerland-e1620156442216.jpg\",\"width\":166,\"height\":145,\"caption\":\"Teia Education & Play\"},\"image\":{\"@id\":\"https:\/\/teiaeducation.ch\/fr\/#\/schema\/logo\/image\/\"},\"sameAs\":[\"https:\/\/www.facebook.com\/teiaeducation\/\",\"https:\/\/x.com\/EducationTeia\",\"https:\/\/www.instagram.com\/teia.education\/\",\"https:\/\/www.linkedin.com\/company\/35501660\",\"https:\/\/www.pinterest.ch\/TeiaEducation\/\"]}]}<\/script>\n<!-- \/ Yoast SEO plugin. -->","yoast_head_json":{"title":"Tour de disques pastel - Grimm's - Teia Education & Play","description":"La tour de disques pastel Grimm's est un jouet d'empilage en bois fabriqu\u00e9 \u00e0 la main pour d\u00e9velopper la coordination \u0153il-main et la motricit\u00e9 fine chez les jeunes enfants.","robots":{"index":"index","follow":"follow","max-snippet":"max-snippet:-1","max-image-preview":"max-image-preview:large","max-video-preview":"max-video-preview:-1"},"canonical":"https:\/\/teiaeducation.ch\/fr\/produit\/pastel-disques-tour-grimms\/","og_locale":"fr_FR","og_type":"article","og_title":"Tour de disques pastel - Grimm's - Teia Education & Play","og_description":"La tour de disques pastel Grimm's est un jouet d'empilage en bois fabriqu\u00e9 \u00e0 la main pour d\u00e9velopper la coordination \u0153il-main et la motricit\u00e9 fine chez les jeunes enfants.","og_url":"https:\/\/teiaeducation.ch\/fr\/produit\/pastel-disques-tour-grimms\/","og_site_name":"Sustainable Educational Products &amp; Ecological Toys\u00a0","article_publisher":"https:\/\/www.facebook.com\/teiaeducation\/","article_modified_time":"2025-07-15T18:38:48+00:00","og_image":[{"width":800,"height":1058,"url":"https:\/\/teiaeducation.ch\/wp-content\/uploads\/2020\/10\/Pastel-disc-tower-Grimms.jpg","type":"image\/jpeg"}],"schema":{"@context":"https:\/\/schema.org","@graph":[{"@type":"WebPage","@id":"https:\/\/teiaeducation.ch\/fr\/produit\/pastel-disques-tour-grimms\/","url":"https:\/\/teiaeducation.ch\/fr\/produit\/pastel-disques-tour-grimms\/","name":"Tour de disques pastel - Grimm's - Teia Education & Play","isPartOf":{"@id":"https:\/\/teiaeducation.ch\/fr\/#website"},"primaryImageOfPage":{"@id":"https:\/\/teiaeducation.ch\/fr\/produit\/pastel-disques-tour-grimms\/#primaryimage"},"image":{"@id":"https:\/\/teiaeducation.ch\/fr\/produit\/pastel-disques-tour-grimms\/#primaryimage"},"thumbnailUrl":"https:\/\/teiaeducation.ch\/wp-content\/uploads\/2020\/10\/Pastel-disc-tower-Grimms.jpg","datePublished":"2020-11-27T16:21:24+00:00","dateModified":"2025-07-15T18:38:48+00:00","description":"La tour de disques pastel Grimm's est un jouet d'empilage en bois fabriqu\u00e9 \u00e0 la main pour d\u00e9velopper la coordination \u0153il-main et la motricit\u00e9 fine chez les jeunes enfants.","breadcrumb":{"@id":"https:\/\/teiaeducation.ch\/fr\/produit\/pastel-disques-tour-grimms\/#breadcrumb"},"inLanguage":"fr-FR","potentialAction":[{"@type":"ReadAction","target":["https:\/\/teiaeducation.ch\/fr\/produit\/pastel-disques-tour-grimms\/"]}]},{"@type":"ImageObject","inLanguage":"fr-FR","@id":"https:\/\/teiaeducation.ch\/fr\/produit\/pastel-disques-tour-grimms\/#primaryimage","url":"https:\/\/teiaeducation.ch\/wp-content\/uploads\/2020\/10\/Pastel-disc-tower-Grimms.jpg","contentUrl":"https:\/\/teiaeducation.ch\/wp-content\/uploads\/2020\/10\/Pastel-disc-tower-Grimms.jpg","width":800,"height":1058,"caption":"Jouet \u00e0 empiler en bois fait main Tour de disques pastel - Grimm's"},{"@type":"BreadcrumbList","@id":"https:\/\/teiaeducation.ch\/fr\/produit\/pastel-disques-tour-grimms\/#breadcrumb","itemListElement":[{"@type":"ListItem","position":1,"name":"Home","item":"https:\/\/teiaeducation.ch\/fr\/"},{"@type":"ListItem","position":2,"name":"Boutique Teia Education &amp; Play","item":"https:\/\/teiaeducation.ch\/fr\/boutique\/"},{"@type":"ListItem","position":3,"name":"Nos Marques","item":"https:\/\/teiaeducation.ch\/fr\/categorie-produit\/marques\/"},{"@type":"ListItem","position":4,"name":"Grimm's","item":"https:\/\/teiaeducation.ch\/fr\/categorie-produit\/marques\/grimms-fr\/"},{"@type":"ListItem","position":5,"name":"Tour de disques pastel &#8211; Grimm&#8217;s"}]},{"@type":"WebSite","@id":"https:\/\/teiaeducation.ch\/fr\/#website","url":"https:\/\/teiaeducation.ch\/fr\/","name":"Sustainable Educational Products &amp; Ecological Toys\u00a0","description":"Specialised Swiss shop selling sustainable educational toys and games, AMI certified Montessori materials, handmade ecological wooden Waldorf toys and arts &amp; crafts supplies, school supplies, children&#039;s furniture and Montessori reference and parenting books.","publisher":{"@id":"https:\/\/teiaeducation.ch\/fr\/#organization"},"alternateName":"Teia Education & Play","potentialAction":[{"@type":"SearchAction","target":{"@type":"EntryPoint","urlTemplate":"https:\/\/teiaeducation.ch\/fr\/?s={search_term_string}"},"query-input":{"@type":"PropertyValueSpecification","valueRequired":true,"valueName":"search_term_string"}}],"inLanguage":"fr-FR"},{"@type":"Organization","@id":"https:\/\/teiaeducation.ch\/fr\/#organization","name":"Teia Education & Play","url":"https:\/\/teiaeducation.ch\/fr\/","logo":{"@type":"ImageObject","inLanguage":"fr-FR","@id":"https:\/\/teiaeducation.ch\/fr\/#\/schema\/logo\/image\/","url":"https:\/\/teiaeducation.ch\/wp-content\/uploads\/2020\/11\/Teia-Education-Switzerland-e1620156442216.jpg","contentUrl":"https:\/\/teiaeducation.ch\/wp-content\/uploads\/2020\/11\/Teia-Education-Switzerland-e1620156442216.jpg","width":166,"height":145,"caption":"Teia Education & Play"},"image":{"@id":"https:\/\/teiaeducation.ch\/fr\/#\/schema\/logo\/image\/"},"sameAs":["https:\/\/www.facebook.com\/teiaeducation\/","https:\/\/x.com\/EducationTeia","https:\/\/www.instagram.com\/teia.education\/","https:\/\/www.linkedin.com\/company\/35501660","https:\/\/www.pinterest.ch\/TeiaEducation\/"]}]}},"_links":{"self":[{"href":"https:\/\/teiaeducation.ch\/fr\/wp-json\/wp\/v2\/product\/37453","targetHints":{"allow":["GET"]}}],"collection":[{"href":"https:\/\/teiaeducation.ch\/fr\/wp-json\/wp\/v2\/product"}],"about":[{"href":"https:\/\/teiaeducation.ch\/fr\/wp-json\/wp\/v2\/types\/product"}],"replies":[{"embeddable":true,"href":"https:\/\/teiaeducation.ch\/fr\/wp-json\/wp\/v2\/comments?post=37453"}],"wp:featuredmedia":[{"embeddable":true,"href":"https:\/\/teiaeducation.ch\/fr\/wp-json\/wp\/v2\/media\/30546"}],"wp:attachment":[{"href":"https:\/\/teiaeducation.ch\/fr\/wp-json\/wp\/v2\/media?parent=37453"}],"wp:term":[{"taxonomy":"product_brand","embeddable":true,"href":"https:\/\/teiaeducation.ch\/fr\/wp-json\/wp\/v2\/product_brand?post=37453"},{"taxonomy":"product_cat","embeddable":true,"href":"https:\/\/teiaeducation.ch\/fr\/wp-json\/wp\/v2\/product_cat?post=37453"},{"taxonomy":"product_tag","embeddable":true,"href":"https:\/\/teiaeducation.ch\/fr\/wp-json\/wp\/v2\/product_tag?post=37453"}],"curies":[{"name":"wp","href":"https:\/\/api.w.org\/{rel}","templated":true}]}}