{"id":37456,"date":"2020-11-03T10:05:18","date_gmt":"2020-11-03T09:05:18","guid":{"rendered":"https:\/\/teiaeducation.ch\/product\/champignons-pastel-grimms\/"},"modified":"2021-06-24T09:26:34","modified_gmt":"2021-06-24T07:26:34","slug":"pastel-champignons-grimms","status":"publish","type":"product","link":"https:\/\/teiaeducation.ch\/fr\/produit\/pastel-champignons-grimms\/","title":{"rendered":"Champignons pastel &#8211; Grimm&#8217;s"},"content":{"rendered":"<p>Champignons pastel \/ Jouets en bois durables faits main &#8211; Grimm&#8217;s<\/p>\n<p>Un joli ensemble de jouets en forme de champignons, en bois durable, fabriqu\u00e9s \u00e0 la main et inspir\u00e9s par Waldorf, de Grimm&#8217;s. Les 6 champignons en bois aux jolies teintes pastel peuvent chacun \u00eatre s\u00e9par\u00e9s en 2 parties et mesurent 5,7 cm de haut et 3,5 cm de diam\u00e8tre.<\/p>\n<p>Les champignons en bois arc-en-ciel de Grimm&#8217;s sont fabriqu\u00e9s en bois d&#8217;\u00e9rable et peints dans de jolis tons pastel avec une teinture non toxique \u00e0 base d&#8217;eau, ce qui les rend s\u00fbrs pour les jeunes enfants.<\/p>\n<p>Parfaits pour les jeux de correspondance et de tri des couleurs et pour l<a href=\"https:\/\/teiaeducation.ch\/product-category\/curriculum-areas\/sensory-motor-skills\/learning-about-colour\/\">&#8216;apprentissage des couleurs<\/a>, les champignons pastel sont \u00e9galement parfaits pour la construction et l&#8217;\u00e9quilibre afin d&#8217;am\u00e9liorer la motricit\u00e9 fine. Ils constituent un compl\u00e9ment fantastique aux jeux d&#8217;imagination ouverts et au petit monde, qu&#8217;il s&#8217;agisse de tr\u00e9sors de la for\u00eat, d&#8217;anneaux de f\u00e9es, de petites habitations ou de tremplins.<\/p>\n<p>Id\u00e9al pour jouer \u00e0 la maison, \u00e0 la cr\u00e8che, \u00e0 Waldorf ou \u00e0 l\u2019\u00e9cole Steiner, les beaux jouets en bois naturel de Grimms sont fabriqu\u00e9s selon la philosophie Waldorf qui est bien connue pour encourager les enfants \u00e0 d\u00e9couvrir le jeu cr\u00e9atif de mani\u00e8re ind\u00e9pendante, sans limitations et \u00e0 un rythme effr\u00e9n\u00e9. Les jouets en bois de Grimm&#8217;s sont color\u00e9s \u00e0 la main avec des peintures \u00e0 base d\u2019eau non toxiques et ne sont pas finis avec de la laque pour assurer les caract\u00e9ristiques originales du bois et pour qu&#8217;on puisse voir le grain \u00e0 travers. La surface des jouets fabriqu\u00e9s \u00e0 partir de bois europ\u00e9ens certifi\u00e9 FSC est laiss\u00e9e l\u00e9g\u00e8rement rugueuse, ce qui les rend plus facilement empilables et moins glissants.<\/p>\n<p>Les jouets en bois de Grimm&#8217;s sont fabriqu\u00e9s dans les manufacture de Grimm&#8217;s en Allemagne ainsi que dans plusieurs ateliers \u00e0 travers l\u2019Europe \u00e0 partir de diff\u00e9rents types de bois tels que l\u2019aulne, la chaux, le h\u00eatre et l\u2019\u00e9rable. Tout le bois utilis\u00e9 pour fabriquer les jouets de Grimm&#8217;s provient de for\u00eats europ\u00e9ennes g\u00e9r\u00e9es de mani\u00e8re durable.<\/p>\n<p>Veuillez noter que les jouets de Grimm&#8217;s sont toujours uniques, et portent des marques uniques faites par la nature. Le grain du bois a des structures et des couleurs changeantes qui servent de preuve de ses origines naturelles. Les variations uniques, les marques, les noeuds, les motifs, les rayures noires ou les taches sombres qui peuvent \u00eatre visibles dans le bois des jouets de Grimm&#8217;s sont une preuve de qualit\u00e9, et non des d\u00e9fauts.<\/p>\n<p>Les champignons pastel de Grimm&#8217;s conviennent aux enfants de 3 ans et plus.<\/p>\n<p>Contenu :<\/p>\n<p>6 champignons : 12 pi\u00e8ces en bois en 6 couleurs pastel<\/p>\n","protected":false},"excerpt":{"rendered":"<p>gri10586<\/p>\n<p>Cet adorable ensemble de jouets en forme de champignons, en bois durable, fabriqu\u00e9s \u00e0 la main et inspir\u00e9s par Waldorf, est peint dans de jolies couleurs pastel avec une teinture non toxique \u00e0 base d&#8217;eau.<\/p>\n","protected":false},"featured_media":30537,"comment_status":"open","ping_status":"closed","template":"","meta":[],"product_brand":[],"product_cat":[215,633,13150,16898,17225,22344,635,283,24865,17212,13130,13144,23020,23021,13139,13140,7595,217,5851,209,22348,212,1219],"product_tag":[17463,17888,20027,8625,17465,17332,17334,17889,20089,20090,20092,17335,17462,20091,20093,17331,17336],"class_list":{"0":"post-37456","1":"product","2":"type-product","3":"status-publish","4":"has-post-thumbnail","6":"product_cat-3-6-ans","7":"product_cat-apprendre-les-couleurs","8":"product_cat-blocs-de-construction-en-bois","9":"product_cat-collection-automne","10":"product_cat-celebrations-fr","11":"product_cat-collections-saisonnieres","12":"product_cat-competences-motrices","13":"product_cat-domaines-du-curriculum","14":"product_cat-empilage-tri","15":"product_cat-grimms-fr","16":"product_cat-jouer","17":"product_cat-jouets-a-empiler","18":"product_cat-jouets-en-bois","19":"product_cat-jouets-waldorf","20":"product_cat-jeu-imaginatif-faire-semblant","21":"product_cat-jeu-libre","22":"product_cat-methode-deducation","23":"product_cat-marques","24":"product_cat-nouveautes","25":"product_cat-sensorielles-motrices","26":"product_cat-natur-saisonale-tische","27":"product_cat-tranche-dage","28":"product_cat-waldorf-fr","29":"product_tag-assortiment-de-blocs-de-construction-en-bois-de-grimm","30":"product_tag-blocs-en-bois","31":"product_tag-blocs-en-bois-aux-couleurs-pastel-de-grimms","32":"product_tag-fabrique-en-allemagne","33":"product_tag-formes-organiques-grimm","34":"product_tag-grimm-suisse","35":"product_tag-grimm-suisse-fr","36":"product_tag-grimms-fr","37":"product_tag-grimms-champignons","38":"product_tag-grimms-champignons-pastel","39":"product_tag-grimms-pastel-fr","40":"product_tag-grimme-suisse","41":"product_tag-jeux-libres-en-bois","42":"product_tag-jouet-en-bois-pastel","43":"product_tag-jouets-en-bois-durables-fabriques-a-la-main","44":"product_tag-jouets-en-bois-waldorf","45":"product_tag-magasin-de-jouets-en-bois-grimm","47":"first","48":"instock","49":"taxable","50":"shipping-taxable","51":"purchasable","52":"product-type-simple"},"yoast_head":"<!-- This site is optimized with the Yoast SEO plugin v27.1.1 - https:\/\/yoast.com\/product\/yoast-seo-wordpress\/ -->\n<title>Champignons pastel - Grimm&#039;s - Teia Education &amp; Play<\/title>\n<meta name=\"description\" content=\"Les champignons pastel de Grimm&#039;sd sont des jouets en bois durables fabriqu\u00e9s \u00e0 la main pour des jeux d&#039;association et de tri ou des blocs de construction dans le cadre de jeux ouverts.\" \/>\n<meta name=\"robots\" content=\"index, follow, max-snippet:-1, max-image-preview:large, max-video-preview:-1\" \/>\n<link rel=\"canonical\" href=\"https:\/\/teiaeducation.ch\/fr\/produit\/pastel-champignons-grimms\/\" \/>\n<meta property=\"og:locale\" content=\"fr_FR\" \/>\n<meta property=\"og:type\" content=\"article\" \/>\n<meta property=\"og:title\" content=\"Champignons pastel - Grimm&#039;s - Teia Education &amp; Play\" \/>\n<meta property=\"og:description\" content=\"Les champignons pastel de Grimm&#039;sd sont des jouets en bois durables fabriqu\u00e9s \u00e0 la main pour des jeux d&#039;association et de tri ou des blocs de construction dans le cadre de jeux ouverts.\" \/>\n<meta property=\"og:url\" content=\"https:\/\/teiaeducation.ch\/fr\/produit\/pastel-champignons-grimms\/\" \/>\n<meta property=\"og:site_name\" content=\"Sustainable Educational Products &amp; Ecological Toys\u00a0\" \/>\n<meta property=\"article:publisher\" content=\"https:\/\/www.facebook.com\/teiaeducation\/\" \/>\n<meta property=\"article:modified_time\" content=\"2021-06-24T07:26:34+00:00\" \/>\n<meta property=\"og:image\" content=\"https:\/\/teiaeducation.ch\/wp-content\/uploads\/2020\/10\/Pastel-mushrooms-Grimms.jpg\" \/>\n\t<meta property=\"og:image:width\" content=\"800\" \/>\n\t<meta property=\"og:image:height\" content=\"371\" \/>\n\t<meta property=\"og:image:type\" content=\"image\/jpeg\" \/>\n<script type=\"application\/ld+json\" class=\"yoast-schema-graph\">{\"@context\":\"https:\/\/schema.org\",\"@graph\":[{\"@type\":\"WebPage\",\"@id\":\"https:\/\/teiaeducation.ch\/fr\/produit\/pastel-champignons-grimms\/\",\"url\":\"https:\/\/teiaeducation.ch\/fr\/produit\/pastel-champignons-grimms\/\",\"name\":\"Champignons pastel - Grimm's - Teia Education & Play\",\"isPartOf\":{\"@id\":\"https:\/\/teiaeducation.ch\/fr\/#website\"},\"primaryImageOfPage\":{\"@id\":\"https:\/\/teiaeducation.ch\/fr\/produit\/pastel-champignons-grimms\/#primaryimage\"},\"image\":{\"@id\":\"https:\/\/teiaeducation.ch\/fr\/produit\/pastel-champignons-grimms\/#primaryimage\"},\"thumbnailUrl\":\"https:\/\/teiaeducation.ch\/wp-content\/uploads\/2020\/10\/Pastel-mushrooms-Grimms.jpg\",\"datePublished\":\"2020-11-03T09:05:18+00:00\",\"dateModified\":\"2021-06-24T07:26:34+00:00\",\"description\":\"Les champignons pastel de Grimm'sd sont des jouets en bois durables fabriqu\u00e9s \u00e0 la main pour des jeux d'association et de tri ou des blocs de construction dans le cadre de jeux ouverts.\",\"breadcrumb\":{\"@id\":\"https:\/\/teiaeducation.ch\/fr\/produit\/pastel-champignons-grimms\/#breadcrumb\"},\"inLanguage\":\"fr-FR\",\"potentialAction\":[{\"@type\":\"ReadAction\",\"target\":[\"https:\/\/teiaeducation.ch\/fr\/produit\/pastel-champignons-grimms\/\"]}]},{\"@type\":\"ImageObject\",\"inLanguage\":\"fr-FR\",\"@id\":\"https:\/\/teiaeducation.ch\/fr\/produit\/pastel-champignons-grimms\/#primaryimage\",\"url\":\"https:\/\/teiaeducation.ch\/wp-content\/uploads\/2020\/10\/Pastel-mushrooms-Grimms.jpg\",\"contentUrl\":\"https:\/\/teiaeducation.ch\/wp-content\/uploads\/2020\/10\/Pastel-mushrooms-Grimms.jpg\",\"width\":800,\"height\":371,\"caption\":\"Jouets en bois durables faits main champignons pastel - Grimm's\"},{\"@type\":\"BreadcrumbList\",\"@id\":\"https:\/\/teiaeducation.ch\/fr\/produit\/pastel-champignons-grimms\/#breadcrumb\",\"itemListElement\":[{\"@type\":\"ListItem\",\"position\":1,\"name\":\"Home\",\"item\":\"https:\/\/teiaeducation.ch\/fr\/\"},{\"@type\":\"ListItem\",\"position\":2,\"name\":\"Boutique Teia Education &amp; Play\",\"item\":\"https:\/\/teiaeducation.ch\/fr\/boutique\/\"},{\"@type\":\"ListItem\",\"position\":3,\"name\":\"Nos Marques\",\"item\":\"https:\/\/teiaeducation.ch\/fr\/categorie-produit\/marques\/\"},{\"@type\":\"ListItem\",\"position\":4,\"name\":\"Grimm's\",\"item\":\"https:\/\/teiaeducation.ch\/fr\/categorie-produit\/marques\/grimms-fr\/\"},{\"@type\":\"ListItem\",\"position\":5,\"name\":\"Champignons pastel &#8211; Grimm&#8217;s\"}]},{\"@type\":\"WebSite\",\"@id\":\"https:\/\/teiaeducation.ch\/fr\/#website\",\"url\":\"https:\/\/teiaeducation.ch\/fr\/\",\"name\":\"Sustainable Educational Products &amp; Ecological Toys\u00a0\",\"description\":\"Specialised Swiss shop selling sustainable educational toys and games, AMI certified Montessori materials, handmade ecological wooden Waldorf toys and arts &amp; crafts supplies, school supplies, children&#039;s furniture and Montessori reference and parenting books.\",\"publisher\":{\"@id\":\"https:\/\/teiaeducation.ch\/fr\/#organization\"},\"alternateName\":\"Teia Education & Play\",\"potentialAction\":[{\"@type\":\"SearchAction\",\"target\":{\"@type\":\"EntryPoint\",\"urlTemplate\":\"https:\/\/teiaeducation.ch\/fr\/?s={search_term_string}\"},\"query-input\":{\"@type\":\"PropertyValueSpecification\",\"valueRequired\":true,\"valueName\":\"search_term_string\"}}],\"inLanguage\":\"fr-FR\"},{\"@type\":\"Organization\",\"@id\":\"https:\/\/teiaeducation.ch\/fr\/#organization\",\"name\":\"Teia Education & Play\",\"url\":\"https:\/\/teiaeducation.ch\/fr\/\",\"logo\":{\"@type\":\"ImageObject\",\"inLanguage\":\"fr-FR\",\"@id\":\"https:\/\/teiaeducation.ch\/fr\/#\/schema\/logo\/image\/\",\"url\":\"https:\/\/teiaeducation.ch\/wp-content\/uploads\/2020\/11\/Teia-Education-Switzerland-e1620156442216.jpg\",\"contentUrl\":\"https:\/\/teiaeducation.ch\/wp-content\/uploads\/2020\/11\/Teia-Education-Switzerland-e1620156442216.jpg\",\"width\":166,\"height\":145,\"caption\":\"Teia Education & Play\"},\"image\":{\"@id\":\"https:\/\/teiaeducation.ch\/fr\/#\/schema\/logo\/image\/\"},\"sameAs\":[\"https:\/\/www.facebook.com\/teiaeducation\/\",\"https:\/\/x.com\/EducationTeia\",\"https:\/\/www.instagram.com\/teia.education\/\",\"https:\/\/www.linkedin.com\/company\/35501660\",\"https:\/\/www.pinterest.ch\/TeiaEducation\/\"]}]}<\/script>\n<!-- \/ Yoast SEO plugin. -->","yoast_head_json":{"title":"Champignons pastel - Grimm's - Teia Education & Play","description":"Les champignons pastel de Grimm'sd sont des jouets en bois durables fabriqu\u00e9s \u00e0 la main pour des jeux d'association et de tri ou des blocs de construction dans le cadre de jeux ouverts.","robots":{"index":"index","follow":"follow","max-snippet":"max-snippet:-1","max-image-preview":"max-image-preview:large","max-video-preview":"max-video-preview:-1"},"canonical":"https:\/\/teiaeducation.ch\/fr\/produit\/pastel-champignons-grimms\/","og_locale":"fr_FR","og_type":"article","og_title":"Champignons pastel - Grimm's - Teia Education & Play","og_description":"Les champignons pastel de Grimm'sd sont des jouets en bois durables fabriqu\u00e9s \u00e0 la main pour des jeux d'association et de tri ou des blocs de construction dans le cadre de jeux ouverts.","og_url":"https:\/\/teiaeducation.ch\/fr\/produit\/pastel-champignons-grimms\/","og_site_name":"Sustainable Educational Products &amp; Ecological Toys\u00a0","article_publisher":"https:\/\/www.facebook.com\/teiaeducation\/","article_modified_time":"2021-06-24T07:26:34+00:00","og_image":[{"width":800,"height":371,"url":"https:\/\/teiaeducation.ch\/wp-content\/uploads\/2020\/10\/Pastel-mushrooms-Grimms.jpg","type":"image\/jpeg"}],"schema":{"@context":"https:\/\/schema.org","@graph":[{"@type":"WebPage","@id":"https:\/\/teiaeducation.ch\/fr\/produit\/pastel-champignons-grimms\/","url":"https:\/\/teiaeducation.ch\/fr\/produit\/pastel-champignons-grimms\/","name":"Champignons pastel - Grimm's - Teia Education & Play","isPartOf":{"@id":"https:\/\/teiaeducation.ch\/fr\/#website"},"primaryImageOfPage":{"@id":"https:\/\/teiaeducation.ch\/fr\/produit\/pastel-champignons-grimms\/#primaryimage"},"image":{"@id":"https:\/\/teiaeducation.ch\/fr\/produit\/pastel-champignons-grimms\/#primaryimage"},"thumbnailUrl":"https:\/\/teiaeducation.ch\/wp-content\/uploads\/2020\/10\/Pastel-mushrooms-Grimms.jpg","datePublished":"2020-11-03T09:05:18+00:00","dateModified":"2021-06-24T07:26:34+00:00","description":"Les champignons pastel de Grimm'sd sont des jouets en bois durables fabriqu\u00e9s \u00e0 la main pour des jeux d'association et de tri ou des blocs de construction dans le cadre de jeux ouverts.","breadcrumb":{"@id":"https:\/\/teiaeducation.ch\/fr\/produit\/pastel-champignons-grimms\/#breadcrumb"},"inLanguage":"fr-FR","potentialAction":[{"@type":"ReadAction","target":["https:\/\/teiaeducation.ch\/fr\/produit\/pastel-champignons-grimms\/"]}]},{"@type":"ImageObject","inLanguage":"fr-FR","@id":"https:\/\/teiaeducation.ch\/fr\/produit\/pastel-champignons-grimms\/#primaryimage","url":"https:\/\/teiaeducation.ch\/wp-content\/uploads\/2020\/10\/Pastel-mushrooms-Grimms.jpg","contentUrl":"https:\/\/teiaeducation.ch\/wp-content\/uploads\/2020\/10\/Pastel-mushrooms-Grimms.jpg","width":800,"height":371,"caption":"Jouets en bois durables faits main champignons pastel - Grimm's"},{"@type":"BreadcrumbList","@id":"https:\/\/teiaeducation.ch\/fr\/produit\/pastel-champignons-grimms\/#breadcrumb","itemListElement":[{"@type":"ListItem","position":1,"name":"Home","item":"https:\/\/teiaeducation.ch\/fr\/"},{"@type":"ListItem","position":2,"name":"Boutique Teia Education &amp; Play","item":"https:\/\/teiaeducation.ch\/fr\/boutique\/"},{"@type":"ListItem","position":3,"name":"Nos Marques","item":"https:\/\/teiaeducation.ch\/fr\/categorie-produit\/marques\/"},{"@type":"ListItem","position":4,"name":"Grimm's","item":"https:\/\/teiaeducation.ch\/fr\/categorie-produit\/marques\/grimms-fr\/"},{"@type":"ListItem","position":5,"name":"Champignons pastel &#8211; Grimm&#8217;s"}]},{"@type":"WebSite","@id":"https:\/\/teiaeducation.ch\/fr\/#website","url":"https:\/\/teiaeducation.ch\/fr\/","name":"Sustainable Educational Products &amp; Ecological Toys\u00a0","description":"Specialised Swiss shop selling sustainable educational toys and games, AMI certified Montessori materials, handmade ecological wooden Waldorf toys and arts &amp; crafts supplies, school supplies, children&#039;s furniture and Montessori reference and parenting books.","publisher":{"@id":"https:\/\/teiaeducation.ch\/fr\/#organization"},"alternateName":"Teia Education & Play","potentialAction":[{"@type":"SearchAction","target":{"@type":"EntryPoint","urlTemplate":"https:\/\/teiaeducation.ch\/fr\/?s={search_term_string}"},"query-input":{"@type":"PropertyValueSpecification","valueRequired":true,"valueName":"search_term_string"}}],"inLanguage":"fr-FR"},{"@type":"Organization","@id":"https:\/\/teiaeducation.ch\/fr\/#organization","name":"Teia Education & Play","url":"https:\/\/teiaeducation.ch\/fr\/","logo":{"@type":"ImageObject","inLanguage":"fr-FR","@id":"https:\/\/teiaeducation.ch\/fr\/#\/schema\/logo\/image\/","url":"https:\/\/teiaeducation.ch\/wp-content\/uploads\/2020\/11\/Teia-Education-Switzerland-e1620156442216.jpg","contentUrl":"https:\/\/teiaeducation.ch\/wp-content\/uploads\/2020\/11\/Teia-Education-Switzerland-e1620156442216.jpg","width":166,"height":145,"caption":"Teia Education & Play"},"image":{"@id":"https:\/\/teiaeducation.ch\/fr\/#\/schema\/logo\/image\/"},"sameAs":["https:\/\/www.facebook.com\/teiaeducation\/","https:\/\/x.com\/EducationTeia","https:\/\/www.instagram.com\/teia.education\/","https:\/\/www.linkedin.com\/company\/35501660","https:\/\/www.pinterest.ch\/TeiaEducation\/"]}]}},"_links":{"self":[{"href":"https:\/\/teiaeducation.ch\/fr\/wp-json\/wp\/v2\/product\/37456","targetHints":{"allow":["GET"]}}],"collection":[{"href":"https:\/\/teiaeducation.ch\/fr\/wp-json\/wp\/v2\/product"}],"about":[{"href":"https:\/\/teiaeducation.ch\/fr\/wp-json\/wp\/v2\/types\/product"}],"replies":[{"embeddable":true,"href":"https:\/\/teiaeducation.ch\/fr\/wp-json\/wp\/v2\/comments?post=37456"}],"wp:featuredmedia":[{"embeddable":true,"href":"https:\/\/teiaeducation.ch\/fr\/wp-json\/wp\/v2\/media\/30537"}],"wp:attachment":[{"href":"https:\/\/teiaeducation.ch\/fr\/wp-json\/wp\/v2\/media?parent=37456"}],"wp:term":[{"taxonomy":"product_brand","embeddable":true,"href":"https:\/\/teiaeducation.ch\/fr\/wp-json\/wp\/v2\/product_brand?post=37456"},{"taxonomy":"product_cat","embeddable":true,"href":"https:\/\/teiaeducation.ch\/fr\/wp-json\/wp\/v2\/product_cat?post=37456"},{"taxonomy":"product_tag","embeddable":true,"href":"https:\/\/teiaeducation.ch\/fr\/wp-json\/wp\/v2\/product_tag?post=37456"}],"curies":[{"name":"wp","href":"https:\/\/api.w.org\/{rel}","templated":true}]}}