{"id":37467,"date":"2020-11-27T16:55:54","date_gmt":"2020-11-27T15:55:54","guid":{"rendered":"https:\/\/teiaeducation.ch\/product\/tour-de-feuilles-grimms\/"},"modified":"2021-06-24T13:32:15","modified_gmt":"2021-06-24T11:32:15","slug":"tour-feuilles-grimms","status":"publish","type":"product","link":"https:\/\/teiaeducation.ch\/fr\/produit\/tour-feuilles-grimms\/","title":{"rendered":"Tour de feuilles &#8211; Grimm&#8217;s"},"content":{"rendered":"<p>Tour de feuilles \/ Jeu de blocs d&#8217;empilage en bois durable\u00a0&#8211; Grimm&#8217;s<\/p>\n<p>La tour de feuilles de Grimm&#8217;s est un merveilleux jeu de blocs de construction et empilage en bois fabriqu\u00e9s \u00e0 la main d&#8217;inspiration Waldorf. L&#8217;ensemble mesure environ 15 x 10 cm et comprend 3 <a href=\"https:\/\/teiaeducation.ch\/fr\/categorie-produit\/jouer\/blocs-de-construction-en-bois\/\">blocs en bois<\/a> de diff\u00e9rents tons frais de vert et de formes fantaisistes.<\/p>\n<p>Id\u00e9al pour les tout-petits comme premier jeu de blocs de construction, le jeu de blocs Tour de feuilles de Grimm&#8217;s est fabriqu\u00e9 en bois de tilleul peint dans de magnifiques tons vifs avec une teinture non toxique \u00e0 base d&#8217;eau, ce qui le rend s\u00fbr pour les (petits) enfants. Cet ensemble offre des possibilit\u00e9s infinies pour le jeu cr\u00e9atif, la fabrication de sculptures et l&#8217;am\u00e9lioration des habilet\u00e9s motrices fines et est \u00e9galement un bel ajout d\u00e9coratif \u00e0 n\u2019importe quelle salle de jeux, salle de classe ou chambre d\u2019enfant. Tour de feuilles convient \u00e9galement \u00e0 une utilisation sur une table Waldorf nature ou saisons.<\/p>\n<p>Id\u00e9al pour jouer \u00e0 la maison, \u00e0 la cr\u00e8che, \u00e0 Waldorf ou \u00e0 l\u2019\u00e9cole Steiner, les beaux jouets en bois naturel de Grimm&#8217;s sont fabriqu\u00e9s selon la philosophie Waldorf qui est bien connue pour encourager les enfants \u00e0 d\u00e9couvrir le jeu cr\u00e9atif de mani\u00e8re ind\u00e9pendante, sans limitations et \u00e0 un rythme effr\u00e9n\u00e9. Les jouets en bois de Grimm&#8217;s sont color\u00e9s \u00e0 la main avec des peintures \u00e0 base d\u2019eau non toxiques et ne sont pas finis avec de la laque pour assurer les caract\u00e9ristiques originales du bois et pour qu&#8217;on puisse voir le grain \u00e0 travers. La surface des jouets fabriqu\u00e9s \u00e0 partir de bois europ\u00e9ens certifi\u00e9 FSC est laiss\u00e9e l\u00e9g\u00e8rement rugueuse, ce qui les rend plus facilement empilables et moins glissants.<\/p>\n<p>Les jouets en bois de Grimm&#8217;s sont fabriqu\u00e9s dans les manufacture de Grimm&#8217;s en Allemagne ainsi que dans plusieurs ateliers \u00e0 travers l\u2019Europe \u00e0 partir de diff\u00e9rents types de bois tels que l\u2019aulne, la chaux, le h\u00eatre et l\u2019\u00e9rable. Tout le bois utilis\u00e9 pour fabriquer les jouets de Grimm&#8217;s provient de for\u00eats europ\u00e9ennes g\u00e9r\u00e9es de mani\u00e8re durable.<\/p>\n<p>Veuillez noter que les jouets de Grimm&#8217;s sont toujours uniques, et portent des marques uniques faites par la nature. Le grain du bois a des structures et des couleurs changeantes qui servent de preuve de ses origines naturelles. Les variations uniques, les marques, les noeuds, les motifs, les rayures noires ou les taches sombres qui peuvent \u00eatre visibles dans le bois des jouets de Grimm&#8217;s sont une preuve de qualit\u00e9, et non des d\u00e9fauts.<\/p>\n<p>La tour des feuilles de Grimm&#8217;s convient aux enfants de 2 ans et plus.<\/p>\n<p>Contenu :<\/p>\n<p>1 ensemble de 3 blocs en bois<\/p>\n","protected":false},"excerpt":{"rendered":"<p>Num\u00e9ro d&#8217;article: gri07340<\/p>\n<p>Id\u00e9al pour les tout-petits en tant que premier jeu de blocs de construction, la tour de feuilles de Grimm&#8217;s est un merveilleux puzzle en bois durable.<\/p>\n","protected":false},"featured_media":28786,"comment_status":"open","ping_status":"closed","template":"","meta":[],"product_brand":[],"product_cat":[208,215,13150,16898,17225,23635,18893,22344,24872,17212,21257,22421,13130,23020,23021,13140,7595,217,5851,13148,22348,212,1219],"product_tag":[17463,17944,20117,8625,20111,17465,17332,17462,20107,20110,17331,19737,17464],"class_list":{"0":"post-37467","1":"product","2":"type-product","3":"status-publish","4":"has-post-thumbnail","6":"product_cat-1-3-ans","7":"product_cat-3-6-ans","8":"product_cat-blocs-de-construction-en-bois","9":"product_cat-collection-automne","10":"product_cat-celebrations-fr","11":"product_cat-collection-dete","12":"product_cat-collection-printemps","13":"product_cat-collections-saisonnieres","14":"product_cat-construction-mondes-arc-en-ciel","15":"product_cat-grimms-fr","16":"product_cat-guides-cadeaux","17":"product_cat-idees-cadeaux-pour-paques","18":"product_cat-jouer","19":"product_cat-jouets-en-bois","20":"product_cat-jouets-waldorf","21":"product_cat-jeu-libre","22":"product_cat-methode-deducation","23":"product_cat-marques","24":"product_cat-nouveautes","25":"product_cat-puzzles-en-bois","26":"product_cat-natur-saisonale-tische","27":"product_cat-tranche-dage","28":"product_cat-waldorf-fr","29":"product_tag-assortiment-de-blocs-de-construction-en-bois-de-grimm","30":"product_tag-blocs-de-bois-arc-en-ciel-de-grimm","31":"product_tag-blocs-en-bois-en-forme-de-feuille-de-grimms","32":"product_tag-fabrique-en-allemagne","33":"product_tag-feuilles-de-la-tour-de-grimm","34":"product_tag-formes-organiques-grimm","35":"product_tag-grimm-suisse","36":"product_tag-jeux-libres-en-bois","37":"product_tag-jouet-en-bois-fait-main-couleurs-arc-en-ciel","38":"product_tag-jouets-en-bois-en-forme-darbre","39":"product_tag-jouets-en-bois-waldorf","40":"product_tag-le-magasin-de-jouets-en-bois-de-grimms","41":"product_tag-les-quatre-elements-waldorf","43":"first","44":"outofstock","45":"taxable","46":"shipping-taxable","47":"purchasable","48":"product-type-simple"},"yoast_head":"<!-- This site is optimized with the Yoast SEO plugin v27.1.1 - https:\/\/yoast.com\/product\/yoast-seo-wordpress\/ -->\n<title>Tour de feuilles - Grimm&#039;s - Teia Education &amp; Play<\/title>\n<meta name=\"description\" content=\"Id\u00e9al pour les tout-petits en tant que premier jeu de blocs de construction, la tour de feuilles de Grimm&#039;s est un merveilleux puzzle en bois durable.\" \/>\n<meta name=\"robots\" content=\"index, follow, max-snippet:-1, max-image-preview:large, max-video-preview:-1\" \/>\n<link rel=\"canonical\" href=\"https:\/\/teiaeducation.ch\/fr\/produit\/tour-feuilles-grimms\/\" \/>\n<meta property=\"og:locale\" content=\"fr_FR\" \/>\n<meta property=\"og:type\" content=\"article\" \/>\n<meta property=\"og:title\" content=\"Tour de feuilles - Grimm&#039;s - Teia Education &amp; Play\" \/>\n<meta property=\"og:description\" content=\"Id\u00e9al pour les tout-petits en tant que premier jeu de blocs de construction, la tour de feuilles de Grimm&#039;s est un merveilleux puzzle en bois durable.\" \/>\n<meta property=\"og:url\" content=\"https:\/\/teiaeducation.ch\/fr\/produit\/tour-feuilles-grimms\/\" \/>\n<meta property=\"og:site_name\" content=\"Sustainable Educational Products &amp; Ecological Toys\u00a0\" \/>\n<meta property=\"article:publisher\" content=\"https:\/\/www.facebook.com\/teiaeducation\/\" \/>\n<meta property=\"article:modified_time\" content=\"2021-06-24T11:32:15+00:00\" \/>\n<meta property=\"og:image\" content=\"https:\/\/teiaeducation.ch\/wp-content\/uploads\/2020\/08\/Tower-Leafs-Grimms.jpg\" \/>\n\t<meta property=\"og:image:width\" content=\"800\" \/>\n\t<meta property=\"og:image:height\" content=\"1203\" \/>\n\t<meta property=\"og:image:type\" content=\"image\/jpeg\" \/>\n<script type=\"application\/ld+json\" class=\"yoast-schema-graph\">{\"@context\":\"https:\/\/schema.org\",\"@graph\":[{\"@type\":\"WebPage\",\"@id\":\"https:\/\/teiaeducation.ch\/fr\/produit\/tour-feuilles-grimms\/\",\"url\":\"https:\/\/teiaeducation.ch\/fr\/produit\/tour-feuilles-grimms\/\",\"name\":\"Tour de feuilles - Grimm's - Teia Education & Play\",\"isPartOf\":{\"@id\":\"https:\/\/teiaeducation.ch\/fr\/#website\"},\"primaryImageOfPage\":{\"@id\":\"https:\/\/teiaeducation.ch\/fr\/produit\/tour-feuilles-grimms\/#primaryimage\"},\"image\":{\"@id\":\"https:\/\/teiaeducation.ch\/fr\/produit\/tour-feuilles-grimms\/#primaryimage\"},\"thumbnailUrl\":\"https:\/\/teiaeducation.ch\/wp-content\/uploads\/2020\/08\/Tower-Leafs-Grimms.jpg\",\"datePublished\":\"2020-11-27T15:55:54+00:00\",\"dateModified\":\"2021-06-24T11:32:15+00:00\",\"description\":\"Id\u00e9al pour les tout-petits en tant que premier jeu de blocs de construction, la tour de feuilles de Grimm's est un merveilleux puzzle en bois durable.\",\"breadcrumb\":{\"@id\":\"https:\/\/teiaeducation.ch\/fr\/produit\/tour-feuilles-grimms\/#breadcrumb\"},\"inLanguage\":\"fr-FR\",\"potentialAction\":[{\"@type\":\"ReadAction\",\"target\":[\"https:\/\/teiaeducation.ch\/fr\/produit\/tour-feuilles-grimms\/\"]}]},{\"@type\":\"ImageObject\",\"inLanguage\":\"fr-FR\",\"@id\":\"https:\/\/teiaeducation.ch\/fr\/produit\/tour-feuilles-grimms\/#primaryimage\",\"url\":\"https:\/\/teiaeducation.ch\/wp-content\/uploads\/2020\/08\/Tower-Leafs-Grimms.jpg\",\"contentUrl\":\"https:\/\/teiaeducation.ch\/wp-content\/uploads\/2020\/08\/Tower-Leafs-Grimms.jpg\",\"width\":800,\"height\":1203,\"caption\":\"Blocs en bois durables faits main Tour de feuilles - Grimm's\"},{\"@type\":\"BreadcrumbList\",\"@id\":\"https:\/\/teiaeducation.ch\/fr\/produit\/tour-feuilles-grimms\/#breadcrumb\",\"itemListElement\":[{\"@type\":\"ListItem\",\"position\":1,\"name\":\"Home\",\"item\":\"https:\/\/teiaeducation.ch\/fr\/\"},{\"@type\":\"ListItem\",\"position\":2,\"name\":\"Boutique Teia Education &amp; Play\",\"item\":\"https:\/\/teiaeducation.ch\/fr\/boutique\/\"},{\"@type\":\"ListItem\",\"position\":3,\"name\":\"Nos Marques\",\"item\":\"https:\/\/teiaeducation.ch\/fr\/categorie-produit\/marques\/\"},{\"@type\":\"ListItem\",\"position\":4,\"name\":\"Grimm's\",\"item\":\"https:\/\/teiaeducation.ch\/fr\/categorie-produit\/marques\/grimms-fr\/\"},{\"@type\":\"ListItem\",\"position\":5,\"name\":\"Tour de feuilles &#8211; Grimm&#8217;s\"}]},{\"@type\":\"WebSite\",\"@id\":\"https:\/\/teiaeducation.ch\/fr\/#website\",\"url\":\"https:\/\/teiaeducation.ch\/fr\/\",\"name\":\"Sustainable Educational Products &amp; Ecological Toys\u00a0\",\"description\":\"Specialised Swiss shop selling sustainable educational toys and games, AMI certified Montessori materials, handmade ecological wooden Waldorf toys and arts &amp; crafts supplies, school supplies, children&#039;s furniture and Montessori reference and parenting books.\",\"publisher\":{\"@id\":\"https:\/\/teiaeducation.ch\/fr\/#organization\"},\"alternateName\":\"Teia Education & Play\",\"potentialAction\":[{\"@type\":\"SearchAction\",\"target\":{\"@type\":\"EntryPoint\",\"urlTemplate\":\"https:\/\/teiaeducation.ch\/fr\/?s={search_term_string}\"},\"query-input\":{\"@type\":\"PropertyValueSpecification\",\"valueRequired\":true,\"valueName\":\"search_term_string\"}}],\"inLanguage\":\"fr-FR\"},{\"@type\":\"Organization\",\"@id\":\"https:\/\/teiaeducation.ch\/fr\/#organization\",\"name\":\"Teia Education & Play\",\"url\":\"https:\/\/teiaeducation.ch\/fr\/\",\"logo\":{\"@type\":\"ImageObject\",\"inLanguage\":\"fr-FR\",\"@id\":\"https:\/\/teiaeducation.ch\/fr\/#\/schema\/logo\/image\/\",\"url\":\"https:\/\/teiaeducation.ch\/wp-content\/uploads\/2020\/11\/Teia-Education-Switzerland-e1620156442216.jpg\",\"contentUrl\":\"https:\/\/teiaeducation.ch\/wp-content\/uploads\/2020\/11\/Teia-Education-Switzerland-e1620156442216.jpg\",\"width\":166,\"height\":145,\"caption\":\"Teia Education & Play\"},\"image\":{\"@id\":\"https:\/\/teiaeducation.ch\/fr\/#\/schema\/logo\/image\/\"},\"sameAs\":[\"https:\/\/www.facebook.com\/teiaeducation\/\",\"https:\/\/x.com\/EducationTeia\",\"https:\/\/www.instagram.com\/teia.education\/\",\"https:\/\/www.linkedin.com\/company\/35501660\",\"https:\/\/www.pinterest.ch\/TeiaEducation\/\"]}]}<\/script>\n<!-- \/ Yoast SEO plugin. -->","yoast_head_json":{"title":"Tour de feuilles - Grimm's - Teia Education & Play","description":"Id\u00e9al pour les tout-petits en tant que premier jeu de blocs de construction, la tour de feuilles de Grimm's est un merveilleux puzzle en bois durable.","robots":{"index":"index","follow":"follow","max-snippet":"max-snippet:-1","max-image-preview":"max-image-preview:large","max-video-preview":"max-video-preview:-1"},"canonical":"https:\/\/teiaeducation.ch\/fr\/produit\/tour-feuilles-grimms\/","og_locale":"fr_FR","og_type":"article","og_title":"Tour de feuilles - Grimm's - Teia Education & Play","og_description":"Id\u00e9al pour les tout-petits en tant que premier jeu de blocs de construction, la tour de feuilles de Grimm's est un merveilleux puzzle en bois durable.","og_url":"https:\/\/teiaeducation.ch\/fr\/produit\/tour-feuilles-grimms\/","og_site_name":"Sustainable Educational Products &amp; Ecological Toys\u00a0","article_publisher":"https:\/\/www.facebook.com\/teiaeducation\/","article_modified_time":"2021-06-24T11:32:15+00:00","og_image":[{"width":800,"height":1203,"url":"https:\/\/teiaeducation.ch\/wp-content\/uploads\/2020\/08\/Tower-Leafs-Grimms.jpg","type":"image\/jpeg"}],"schema":{"@context":"https:\/\/schema.org","@graph":[{"@type":"WebPage","@id":"https:\/\/teiaeducation.ch\/fr\/produit\/tour-feuilles-grimms\/","url":"https:\/\/teiaeducation.ch\/fr\/produit\/tour-feuilles-grimms\/","name":"Tour de feuilles - Grimm's - Teia Education & Play","isPartOf":{"@id":"https:\/\/teiaeducation.ch\/fr\/#website"},"primaryImageOfPage":{"@id":"https:\/\/teiaeducation.ch\/fr\/produit\/tour-feuilles-grimms\/#primaryimage"},"image":{"@id":"https:\/\/teiaeducation.ch\/fr\/produit\/tour-feuilles-grimms\/#primaryimage"},"thumbnailUrl":"https:\/\/teiaeducation.ch\/wp-content\/uploads\/2020\/08\/Tower-Leafs-Grimms.jpg","datePublished":"2020-11-27T15:55:54+00:00","dateModified":"2021-06-24T11:32:15+00:00","description":"Id\u00e9al pour les tout-petits en tant que premier jeu de blocs de construction, la tour de feuilles de Grimm's est un merveilleux puzzle en bois durable.","breadcrumb":{"@id":"https:\/\/teiaeducation.ch\/fr\/produit\/tour-feuilles-grimms\/#breadcrumb"},"inLanguage":"fr-FR","potentialAction":[{"@type":"ReadAction","target":["https:\/\/teiaeducation.ch\/fr\/produit\/tour-feuilles-grimms\/"]}]},{"@type":"ImageObject","inLanguage":"fr-FR","@id":"https:\/\/teiaeducation.ch\/fr\/produit\/tour-feuilles-grimms\/#primaryimage","url":"https:\/\/teiaeducation.ch\/wp-content\/uploads\/2020\/08\/Tower-Leafs-Grimms.jpg","contentUrl":"https:\/\/teiaeducation.ch\/wp-content\/uploads\/2020\/08\/Tower-Leafs-Grimms.jpg","width":800,"height":1203,"caption":"Blocs en bois durables faits main Tour de feuilles - Grimm's"},{"@type":"BreadcrumbList","@id":"https:\/\/teiaeducation.ch\/fr\/produit\/tour-feuilles-grimms\/#breadcrumb","itemListElement":[{"@type":"ListItem","position":1,"name":"Home","item":"https:\/\/teiaeducation.ch\/fr\/"},{"@type":"ListItem","position":2,"name":"Boutique Teia Education &amp; Play","item":"https:\/\/teiaeducation.ch\/fr\/boutique\/"},{"@type":"ListItem","position":3,"name":"Nos Marques","item":"https:\/\/teiaeducation.ch\/fr\/categorie-produit\/marques\/"},{"@type":"ListItem","position":4,"name":"Grimm's","item":"https:\/\/teiaeducation.ch\/fr\/categorie-produit\/marques\/grimms-fr\/"},{"@type":"ListItem","position":5,"name":"Tour de feuilles &#8211; Grimm&#8217;s"}]},{"@type":"WebSite","@id":"https:\/\/teiaeducation.ch\/fr\/#website","url":"https:\/\/teiaeducation.ch\/fr\/","name":"Sustainable Educational Products &amp; Ecological Toys\u00a0","description":"Specialised Swiss shop selling sustainable educational toys and games, AMI certified Montessori materials, handmade ecological wooden Waldorf toys and arts &amp; crafts supplies, school supplies, children&#039;s furniture and Montessori reference and parenting books.","publisher":{"@id":"https:\/\/teiaeducation.ch\/fr\/#organization"},"alternateName":"Teia Education & Play","potentialAction":[{"@type":"SearchAction","target":{"@type":"EntryPoint","urlTemplate":"https:\/\/teiaeducation.ch\/fr\/?s={search_term_string}"},"query-input":{"@type":"PropertyValueSpecification","valueRequired":true,"valueName":"search_term_string"}}],"inLanguage":"fr-FR"},{"@type":"Organization","@id":"https:\/\/teiaeducation.ch\/fr\/#organization","name":"Teia Education & Play","url":"https:\/\/teiaeducation.ch\/fr\/","logo":{"@type":"ImageObject","inLanguage":"fr-FR","@id":"https:\/\/teiaeducation.ch\/fr\/#\/schema\/logo\/image\/","url":"https:\/\/teiaeducation.ch\/wp-content\/uploads\/2020\/11\/Teia-Education-Switzerland-e1620156442216.jpg","contentUrl":"https:\/\/teiaeducation.ch\/wp-content\/uploads\/2020\/11\/Teia-Education-Switzerland-e1620156442216.jpg","width":166,"height":145,"caption":"Teia Education & Play"},"image":{"@id":"https:\/\/teiaeducation.ch\/fr\/#\/schema\/logo\/image\/"},"sameAs":["https:\/\/www.facebook.com\/teiaeducation\/","https:\/\/x.com\/EducationTeia","https:\/\/www.instagram.com\/teia.education\/","https:\/\/www.linkedin.com\/company\/35501660","https:\/\/www.pinterest.ch\/TeiaEducation\/"]}]}},"_links":{"self":[{"href":"https:\/\/teiaeducation.ch\/fr\/wp-json\/wp\/v2\/product\/37467","targetHints":{"allow":["GET"]}}],"collection":[{"href":"https:\/\/teiaeducation.ch\/fr\/wp-json\/wp\/v2\/product"}],"about":[{"href":"https:\/\/teiaeducation.ch\/fr\/wp-json\/wp\/v2\/types\/product"}],"replies":[{"embeddable":true,"href":"https:\/\/teiaeducation.ch\/fr\/wp-json\/wp\/v2\/comments?post=37467"}],"wp:featuredmedia":[{"embeddable":true,"href":"https:\/\/teiaeducation.ch\/fr\/wp-json\/wp\/v2\/media\/28786"}],"wp:attachment":[{"href":"https:\/\/teiaeducation.ch\/fr\/wp-json\/wp\/v2\/media?parent=37467"}],"wp:term":[{"taxonomy":"product_brand","embeddable":true,"href":"https:\/\/teiaeducation.ch\/fr\/wp-json\/wp\/v2\/product_brand?post=37467"},{"taxonomy":"product_cat","embeddable":true,"href":"https:\/\/teiaeducation.ch\/fr\/wp-json\/wp\/v2\/product_cat?post=37467"},{"taxonomy":"product_tag","embeddable":true,"href":"https:\/\/teiaeducation.ch\/fr\/wp-json\/wp\/v2\/product_tag?post=37467"}],"curies":[{"name":"wp","href":"https:\/\/api.w.org\/{rel}","templated":true}]}}