{"id":37484,"date":"2020-08-17T09:43:25","date_gmt":"2020-08-17T07:43:25","guid":{"rendered":"https:\/\/teiaeducation.ch\/product\/foret-arc-en-ciel-grimms\/"},"modified":"2025-10-14T14:18:31","modified_gmt":"2025-10-14T12:18:31","slug":"arc-en-ciel-foret-grimms","status":"publish","type":"product","link":"https:\/\/teiaeducation.ch\/fr\/produit\/arc-en-ciel-foret-grimms\/","title":{"rendered":"For\u00eat arc-en-ciel &#8211; Grimm&#8217;s"},"content":{"rendered":"<p>For\u00eat arc-en-ciel \/ Arbres-jouets en bois durable faits \u00e0 la main &#8211; Grimm&#8217;s<\/p>\n<p>Un ensemble d&#8217;arbres-jouets forestiers en bois durable arc-en-ciel inspir\u00e9s de Waldorf, fabriqu\u00e9s \u00e0 la main, de la collection &#8220;Building &amp; Rainbows Worlds&#8221; de Grimm&#8217;s. Le jeu de la for\u00eat arc-en-ciel contient 12 arbres-jouets en bois d&#8217;\u00e9rable peints de superbes couleurs vives avec une teinture non toxique \u00e0 base d&#8217;eau, ce qui le rend s\u00fbr pour les (petits) enfants. Les arbres-jouets de la for\u00eat arc-en-ciel de Grimm&#8217;s mesurent environ 6 \u00e0 12 cm de haut pour un diam\u00e8tre de 3 \u00e0 4 cm et offrent des possibilit\u00e9s infinies de jeu ouvert et cr\u00e9atif.<\/p>\n<p>Les arbres-jouets forestiers arc-en-ciel compl\u00e8tent toute la gamme de jouets Grimm&#8217;s : ils peuvent \u00eatre des cimes d&#8217;arbres pour repr\u00e9senter chaque saison ou \u00eatre utilis\u00e9s comme toits et fl\u00e8ches en combinaison avec les blocs de construction Grimm&#8217;s. Les couleurs s&#8217;accordent parfaitement avec le\u00a0<a href=\"https:\/\/teiaeducation.ch\/fr\/produit\/grand-arc-en-ciel-12-pieces-grimms\/\">grand arc-en-ciel<\/a> de Grimm&#8217;s : utilisez la for\u00eat arc-en-ciel pour trier et associer les couleurs. La for\u00eat arc-en-ciel peut \u00e9galement \u00eatre utilis\u00e9e sur une table de nature ou de saisons Waldorf.<\/p>\n<p>Id\u00e9al pour jouer \u00e0 la maison, \u00e0 la cr\u00e8che, \u00e0 Waldorf ou \u00e0 l\u2019\u00e9cole Steiner, les beaux jouets en bois naturel de Grimm&#8217;s sont fabriqu\u00e9s selon la philosophie Waldorf qui est bien connue pour encourager les enfants \u00e0 d\u00e9couvrir le jeu cr\u00e9atif de mani\u00e8re ind\u00e9pendante, sans limitations et \u00e0 un rythme effr\u00e9n\u00e9. Les jouets en bois de Grimm&#8217;s sont color\u00e9s \u00e0 la main avec des peintures \u00e0 base d\u2019eau non toxiques et ne sont pas finis avec de la laque pour assurer les caract\u00e9ristiques originales du bois et pour qu&#8217;on puisse voir le grain \u00e0 travers. La surface des jouets fabriqu\u00e9s \u00e0 partir de bois europ\u00e9ens certifi\u00e9 FSC est laiss\u00e9e l\u00e9g\u00e8rement rugueuse, ce qui les rend plus facilement empilables et moins glissants.<\/p>\n<p>Les jouets en bois de Grimm&#8217;s sont fabriqu\u00e9s dans les manufacture de Grimm&#8217;s en Allemagne ainsi que dans plusieurs ateliers \u00e0 travers l\u2019Europe \u00e0 partir de diff\u00e9rents types de bois tels que l\u2019aulne, la chaux, le h\u00eatre et l\u2019\u00e9rable. Tout le bois utilis\u00e9 pour fabriquer les jouets de Grimm&#8217;s provient de for\u00eats europ\u00e9ennes g\u00e9r\u00e9es de mani\u00e8re durable.<\/p>\n<p>Veuillez noter que les jouets de Grimm&#8217;s sont toujours uniques, et portent des marques uniques faites par la nature. Le grain du bois a des structures et des couleurs changeantes qui servent de preuve de ses origines naturelles. Les variations uniques, les marques, les noeuds, les motifs, les rayures noires ou les taches sombres qui peuvent \u00eatre visibles dans le bois des jouets de Grimm&#8217;s sont une preuve de qualit\u00e9, et non des d\u00e9fauts.<\/p>\n<p>La for\u00eat arc-en-ciel de Grimm&#8217;s convient aux enfants \u00e2g\u00e9s de 1 an et plus.<\/p>\n<p>Contenu :<\/p>\n<p>12 arbres-jouets de la for\u00eat arc-en-ciel de diff\u00e9rentes tailles<\/p>\n","protected":false},"excerpt":{"rendered":"<p>Num\u00e9ro d&#8217;article: gri10165<\/p>\n<p>Les arbres-jouets de la for\u00eat arc-en-ciel en bois compl\u00e8tent toute la gamme de jouets Grimm&#8217;s et offrent des possibilit\u00e9s infinies de jeu.<\/p>\n","protected":false},"featured_media":28613,"comment_status":"open","ping_status":"closed","template":"","meta":[],"product_brand":[],"product_cat":[215,216,17225,23635,22344,24872,13146,17212,17241,13130,626,23020,23021,13140,7595,217,5851,22348,212,1219],"product_tag":[18012,20128,20125,17332,20126,17462,17331,20127,19737,20124],"class_list":{"0":"post-37484","1":"product","2":"type-product","3":"status-publish","4":"has-post-thumbnail","6":"product_cat-3-6-ans","7":"product_cat-6-12-ans","8":"product_cat-celebrations-fr","9":"product_cat-collection-dete","10":"product_cat-collections-saisonnieres","11":"product_cat-construction-mondes-arc-en-ciel","12":"product_cat-figurines-en-bois","13":"product_cat-grimms-fr","14":"product_cat-guide-cadeaux-3-6-ans","15":"product_cat-jouer","16":"product_cat-jouets-a-trier","17":"product_cat-jouets-en-bois","18":"product_cat-jouets-waldorf","19":"product_cat-jeu-libre","20":"product_cat-methode-deducation","21":"product_cat-marques","22":"product_cat-nouveautes","23":"product_cat-natur-saisonale-tische","24":"product_cat-tranche-dage","25":"product_cat-waldorf-fr","26":"product_tag-amis-arc-en-ciel-de-grimms","27":"product_tag-cones-en-bois-de-grimms-aux-couleurs-de-larc-en-ciel","28":"product_tag-faits-a-la-main-couleurs-arc-en-ciel","29":"product_tag-grimm-suisse","30":"product_tag-grimms-foret-arc-en-ciel","31":"product_tag-jeux-libres-en-bois","32":"product_tag-jouets-en-bois-waldorf","33":"product_tag-la-foret-coloree-de-grimms-arbres-bois","34":"product_tag-le-magasin-de-jouets-en-bois-de-grimms","35":"product_tag-pinces-a-linge-en-bois-grimms-couleurs-arc-en-ciel","37":"first","38":"outofstock","39":"taxable","40":"shipping-taxable","41":"purchasable","42":"product-type-simple"},"yoast_head":"<!-- This site is optimized with the Yoast SEO Premium plugin v25.8 (Yoast SEO v27.4) - https:\/\/yoast.com\/product\/yoast-seo-premium-wordpress\/ -->\n<title>For\u00eat arc-en-ciel arbres-jouets - Grimm&#039;s - Teia Education &amp; Play<\/title>\n<meta name=\"description\" content=\"Les arbres-jouets de la for\u00eat arc-en-ciel en bois compl\u00e8tent toute la gamme de jouets Grimm&#039;s et offrent des possibilit\u00e9s infinies de jeu.\" \/>\n<meta name=\"robots\" content=\"index, follow, max-snippet:-1, max-image-preview:large, max-video-preview:-1\" \/>\n<link rel=\"canonical\" href=\"https:\/\/teiaeducation.ch\/fr\/produit\/arc-en-ciel-foret-grimms\/\" \/>\n<meta property=\"og:locale\" content=\"fr_FR\" \/>\n<meta property=\"og:type\" content=\"article\" \/>\n<meta property=\"og:title\" content=\"For\u00eat arc-en-ciel - Grimm&#039;s\" \/>\n<meta property=\"og:description\" content=\"Les arbres-jouets de la for\u00eat arc-en-ciel en bois compl\u00e8tent toute la gamme de jouets Grimm&#039;s et offrent des possibilit\u00e9s infinies de jeu.\" \/>\n<meta property=\"og:url\" content=\"https:\/\/teiaeducation.ch\/fr\/produit\/arc-en-ciel-foret-grimms\/\" \/>\n<meta property=\"og:site_name\" content=\"Sustainable Educational Products &amp; Ecological Toys\u00a0\" \/>\n<meta property=\"article:publisher\" content=\"https:\/\/www.facebook.com\/teiaeducation\/\" \/>\n<meta property=\"article:modified_time\" content=\"2025-10-14T12:18:31+00:00\" \/>\n<meta property=\"og:image\" content=\"https:\/\/teiaeducation.ch\/wp-content\/uploads\/2020\/08\/Rainbow-Forest-Grimms_1.jpg\" \/>\n\t<meta property=\"og:image:width\" content=\"800\" \/>\n\t<meta property=\"og:image:height\" content=\"528\" \/>\n\t<meta property=\"og:image:type\" content=\"image\/jpeg\" \/>\n<script type=\"application\/ld+json\" class=\"yoast-schema-graph\">{\"@context\":\"https:\\\/\\\/schema.org\",\"@graph\":[{\"@type\":\"WebPage\",\"@id\":\"https:\\\/\\\/teiaeducation.ch\\\/fr\\\/produit\\\/arc-en-ciel-foret-grimms\\\/\",\"url\":\"https:\\\/\\\/teiaeducation.ch\\\/fr\\\/produit\\\/arc-en-ciel-foret-grimms\\\/\",\"name\":\"For\u00eat arc-en-ciel arbres-jouets - Grimm's - Teia Education & Play\",\"isPartOf\":{\"@id\":\"https:\\\/\\\/teiaeducation.ch\\\/fr\\\/#website\"},\"primaryImageOfPage\":{\"@id\":\"https:\\\/\\\/teiaeducation.ch\\\/fr\\\/produit\\\/arc-en-ciel-foret-grimms\\\/#primaryimage\"},\"image\":{\"@id\":\"https:\\\/\\\/teiaeducation.ch\\\/fr\\\/produit\\\/arc-en-ciel-foret-grimms\\\/#primaryimage\"},\"thumbnailUrl\":\"https:\\\/\\\/teiaeducation.ch\\\/wp-content\\\/uploads\\\/2020\\\/08\\\/Rainbow-Forest-Grimms_1.jpg\",\"datePublished\":\"2020-08-17T07:43:25+00:00\",\"dateModified\":\"2025-10-14T12:18:31+00:00\",\"description\":\"Les arbres-jouets de la for\u00eat arc-en-ciel en bois compl\u00e8tent toute la gamme de jouets Grimm's et offrent des possibilit\u00e9s infinies de jeu.\",\"breadcrumb\":{\"@id\":\"https:\\\/\\\/teiaeducation.ch\\\/fr\\\/produit\\\/arc-en-ciel-foret-grimms\\\/#breadcrumb\"},\"inLanguage\":\"fr-FR\",\"potentialAction\":[{\"@type\":\"ReadAction\",\"target\":[\"https:\\\/\\\/teiaeducation.ch\\\/fr\\\/produit\\\/arc-en-ciel-foret-grimms\\\/\"]}]},{\"@type\":\"ImageObject\",\"inLanguage\":\"fr-FR\",\"@id\":\"https:\\\/\\\/teiaeducation.ch\\\/fr\\\/produit\\\/arc-en-ciel-foret-grimms\\\/#primaryimage\",\"url\":\"https:\\\/\\\/teiaeducation.ch\\\/wp-content\\\/uploads\\\/2020\\\/08\\\/Rainbow-Forest-Grimms_1.jpg\",\"contentUrl\":\"https:\\\/\\\/teiaeducation.ch\\\/wp-content\\\/uploads\\\/2020\\\/08\\\/Rainbow-Forest-Grimms_1.jpg\",\"width\":800,\"height\":528,\"caption\":\"C\u00f4nes en bois durables faits main For\u00eat arc-en-ciel - Grimm's\"},{\"@type\":\"BreadcrumbList\",\"@id\":\"https:\\\/\\\/teiaeducation.ch\\\/fr\\\/produit\\\/arc-en-ciel-foret-grimms\\\/#breadcrumb\",\"itemListElement\":[{\"@type\":\"ListItem\",\"position\":1,\"name\":\"Home\",\"item\":\"https:\\\/\\\/teiaeducation.ch\\\/fr\\\/\"},{\"@type\":\"ListItem\",\"position\":2,\"name\":\"Boutique Teia Education &amp; Play\",\"item\":\"https:\\\/\\\/teiaeducation.ch\\\/fr\\\/boutique\\\/\"},{\"@type\":\"ListItem\",\"position\":3,\"name\":\"Nos Marques\",\"item\":\"https:\\\/\\\/teiaeducation.ch\\\/fr\\\/categorie-produit\\\/marques\\\/\"},{\"@type\":\"ListItem\",\"position\":4,\"name\":\"Grimm's\",\"item\":\"https:\\\/\\\/teiaeducation.ch\\\/fr\\\/categorie-produit\\\/marques\\\/grimms-fr\\\/\"},{\"@type\":\"ListItem\",\"position\":5,\"name\":\"Construction &amp; Mondes Arc-en-ciel\",\"item\":\"https:\\\/\\\/teiaeducation.ch\\\/fr\\\/categorie-produit\\\/marques\\\/grimms-fr\\\/construction-mondes-arc-en-ciel\\\/\"},{\"@type\":\"ListItem\",\"position\":6,\"name\":\"For\u00eat arc-en-ciel &#8211; Grimm&#8217;s\"}]},{\"@type\":\"WebSite\",\"@id\":\"https:\\\/\\\/teiaeducation.ch\\\/fr\\\/#website\",\"url\":\"https:\\\/\\\/teiaeducation.ch\\\/fr\\\/\",\"name\":\"Sustainable Educational Products &amp; Ecological Toys\u00a0\",\"description\":\"Specialised Swiss shop selling sustainable educational toys and games, AMI certified Montessori materials, handmade ecological wooden Waldorf toys and arts &amp; crafts supplies, school supplies, children&#039;s furniture and Montessori reference and parenting books.\",\"publisher\":{\"@id\":\"https:\\\/\\\/teiaeducation.ch\\\/fr\\\/#organization\"},\"alternateName\":\"Teia Education & Play\",\"potentialAction\":[{\"@type\":\"SearchAction\",\"target\":{\"@type\":\"EntryPoint\",\"urlTemplate\":\"https:\\\/\\\/teiaeducation.ch\\\/fr\\\/?s={search_term_string}\"},\"query-input\":{\"@type\":\"PropertyValueSpecification\",\"valueRequired\":true,\"valueName\":\"search_term_string\"}}],\"inLanguage\":\"fr-FR\"},{\"@type\":\"Organization\",\"@id\":\"https:\\\/\\\/teiaeducation.ch\\\/fr\\\/#organization\",\"name\":\"Teia Education & Play\",\"url\":\"https:\\\/\\\/teiaeducation.ch\\\/fr\\\/\",\"logo\":{\"@type\":\"ImageObject\",\"inLanguage\":\"fr-FR\",\"@id\":\"https:\\\/\\\/teiaeducation.ch\\\/fr\\\/#\\\/schema\\\/logo\\\/image\\\/\",\"url\":\"https:\\\/\\\/teiaeducation.ch\\\/wp-content\\\/uploads\\\/2020\\\/11\\\/Teia-Education-Switzerland-e1620156442216.jpg\",\"contentUrl\":\"https:\\\/\\\/teiaeducation.ch\\\/wp-content\\\/uploads\\\/2020\\\/11\\\/Teia-Education-Switzerland-e1620156442216.jpg\",\"width\":166,\"height\":145,\"caption\":\"Teia Education & Play\"},\"image\":{\"@id\":\"https:\\\/\\\/teiaeducation.ch\\\/fr\\\/#\\\/schema\\\/logo\\\/image\\\/\"},\"sameAs\":[\"https:\\\/\\\/www.facebook.com\\\/teiaeducation\\\/\",\"https:\\\/\\\/x.com\\\/EducationTeia\",\"https:\\\/\\\/www.instagram.com\\\/teia.education\\\/\",\"https:\\\/\\\/www.linkedin.com\\\/company\\\/35501660\",\"https:\\\/\\\/www.pinterest.ch\\\/TeiaEducation\\\/\"]}]}<\/script>\n<meta property=\"product:price:amount\" content=\"53.90\" \/>\n<meta property=\"product:price:currency\" content=\"CHF\" \/>\n<meta property=\"og:availability\" content=\"out of stock\" \/>\n<meta property=\"product:availability\" content=\"out of stock\" \/>\n<meta property=\"product:retailer_item_id\" content=\"00000000000000000000000000000000000000000000035555\" \/>\n<meta property=\"product:condition\" content=\"new\" \/>\n<!-- \/ Yoast SEO Premium plugin. -->","yoast_head_json":{"title":"For\u00eat arc-en-ciel arbres-jouets - Grimm's - Teia Education & Play","description":"Les arbres-jouets de la for\u00eat arc-en-ciel en bois compl\u00e8tent toute la gamme de jouets Grimm's et offrent des possibilit\u00e9s infinies de jeu.","robots":{"index":"index","follow":"follow","max-snippet":"max-snippet:-1","max-image-preview":"max-image-preview:large","max-video-preview":"max-video-preview:-1"},"canonical":"https:\/\/teiaeducation.ch\/fr\/produit\/arc-en-ciel-foret-grimms\/","og_locale":"fr_FR","og_type":"article","og_title":"For\u00eat arc-en-ciel - Grimm's","og_description":"Les arbres-jouets de la for\u00eat arc-en-ciel en bois compl\u00e8tent toute la gamme de jouets Grimm's et offrent des possibilit\u00e9s infinies de jeu.","og_url":"https:\/\/teiaeducation.ch\/fr\/produit\/arc-en-ciel-foret-grimms\/","og_site_name":"Sustainable Educational Products &amp; Ecological Toys\u00a0","article_publisher":"https:\/\/www.facebook.com\/teiaeducation\/","article_modified_time":"2025-10-14T12:18:31+00:00","og_image":[{"width":800,"height":528,"url":"https:\/\/teiaeducation.ch\/wp-content\/uploads\/2020\/08\/Rainbow-Forest-Grimms_1.jpg","type":"image\/jpeg"}],"schema":{"@context":"https:\/\/schema.org","@graph":[{"@type":"WebPage","@id":"https:\/\/teiaeducation.ch\/fr\/produit\/arc-en-ciel-foret-grimms\/","url":"https:\/\/teiaeducation.ch\/fr\/produit\/arc-en-ciel-foret-grimms\/","name":"For\u00eat arc-en-ciel arbres-jouets - Grimm's - Teia Education & Play","isPartOf":{"@id":"https:\/\/teiaeducation.ch\/fr\/#website"},"primaryImageOfPage":{"@id":"https:\/\/teiaeducation.ch\/fr\/produit\/arc-en-ciel-foret-grimms\/#primaryimage"},"image":{"@id":"https:\/\/teiaeducation.ch\/fr\/produit\/arc-en-ciel-foret-grimms\/#primaryimage"},"thumbnailUrl":"https:\/\/teiaeducation.ch\/wp-content\/uploads\/2020\/08\/Rainbow-Forest-Grimms_1.jpg","datePublished":"2020-08-17T07:43:25+00:00","dateModified":"2025-10-14T12:18:31+00:00","description":"Les arbres-jouets de la for\u00eat arc-en-ciel en bois compl\u00e8tent toute la gamme de jouets Grimm's et offrent des possibilit\u00e9s infinies de jeu.","breadcrumb":{"@id":"https:\/\/teiaeducation.ch\/fr\/produit\/arc-en-ciel-foret-grimms\/#breadcrumb"},"inLanguage":"fr-FR","potentialAction":[{"@type":"ReadAction","target":["https:\/\/teiaeducation.ch\/fr\/produit\/arc-en-ciel-foret-grimms\/"]}]},{"@type":"ImageObject","inLanguage":"fr-FR","@id":"https:\/\/teiaeducation.ch\/fr\/produit\/arc-en-ciel-foret-grimms\/#primaryimage","url":"https:\/\/teiaeducation.ch\/wp-content\/uploads\/2020\/08\/Rainbow-Forest-Grimms_1.jpg","contentUrl":"https:\/\/teiaeducation.ch\/wp-content\/uploads\/2020\/08\/Rainbow-Forest-Grimms_1.jpg","width":800,"height":528,"caption":"C\u00f4nes en bois durables faits main For\u00eat arc-en-ciel - Grimm's"},{"@type":"BreadcrumbList","@id":"https:\/\/teiaeducation.ch\/fr\/produit\/arc-en-ciel-foret-grimms\/#breadcrumb","itemListElement":[{"@type":"ListItem","position":1,"name":"Home","item":"https:\/\/teiaeducation.ch\/fr\/"},{"@type":"ListItem","position":2,"name":"Boutique Teia Education &amp; Play","item":"https:\/\/teiaeducation.ch\/fr\/boutique\/"},{"@type":"ListItem","position":3,"name":"Nos Marques","item":"https:\/\/teiaeducation.ch\/fr\/categorie-produit\/marques\/"},{"@type":"ListItem","position":4,"name":"Grimm's","item":"https:\/\/teiaeducation.ch\/fr\/categorie-produit\/marques\/grimms-fr\/"},{"@type":"ListItem","position":5,"name":"Construction &amp; Mondes Arc-en-ciel","item":"https:\/\/teiaeducation.ch\/fr\/categorie-produit\/marques\/grimms-fr\/construction-mondes-arc-en-ciel\/"},{"@type":"ListItem","position":6,"name":"For\u00eat arc-en-ciel &#8211; Grimm&#8217;s"}]},{"@type":"WebSite","@id":"https:\/\/teiaeducation.ch\/fr\/#website","url":"https:\/\/teiaeducation.ch\/fr\/","name":"Sustainable Educational Products &amp; Ecological Toys\u00a0","description":"Specialised Swiss shop selling sustainable educational toys and games, AMI certified Montessori materials, handmade ecological wooden Waldorf toys and arts &amp; crafts supplies, school supplies, children&#039;s furniture and Montessori reference and parenting books.","publisher":{"@id":"https:\/\/teiaeducation.ch\/fr\/#organization"},"alternateName":"Teia Education & Play","potentialAction":[{"@type":"SearchAction","target":{"@type":"EntryPoint","urlTemplate":"https:\/\/teiaeducation.ch\/fr\/?s={search_term_string}"},"query-input":{"@type":"PropertyValueSpecification","valueRequired":true,"valueName":"search_term_string"}}],"inLanguage":"fr-FR"},{"@type":"Organization","@id":"https:\/\/teiaeducation.ch\/fr\/#organization","name":"Teia Education & Play","url":"https:\/\/teiaeducation.ch\/fr\/","logo":{"@type":"ImageObject","inLanguage":"fr-FR","@id":"https:\/\/teiaeducation.ch\/fr\/#\/schema\/logo\/image\/","url":"https:\/\/teiaeducation.ch\/wp-content\/uploads\/2020\/11\/Teia-Education-Switzerland-e1620156442216.jpg","contentUrl":"https:\/\/teiaeducation.ch\/wp-content\/uploads\/2020\/11\/Teia-Education-Switzerland-e1620156442216.jpg","width":166,"height":145,"caption":"Teia Education & Play"},"image":{"@id":"https:\/\/teiaeducation.ch\/fr\/#\/schema\/logo\/image\/"},"sameAs":["https:\/\/www.facebook.com\/teiaeducation\/","https:\/\/x.com\/EducationTeia","https:\/\/www.instagram.com\/teia.education\/","https:\/\/www.linkedin.com\/company\/35501660","https:\/\/www.pinterest.ch\/TeiaEducation\/"]}]},"product_price_amount":"53.90","product_price_currency":"CHF","og_availability":"out of stock","product_availability":"out of stock","product_retailer_item_id":"00000000000000000000000000000000000000000000035555","product_condition":"new"},"_links":{"self":[{"href":"https:\/\/teiaeducation.ch\/fr\/wp-json\/wp\/v2\/product\/37484","targetHints":{"allow":["GET"]}}],"collection":[{"href":"https:\/\/teiaeducation.ch\/fr\/wp-json\/wp\/v2\/product"}],"about":[{"href":"https:\/\/teiaeducation.ch\/fr\/wp-json\/wp\/v2\/types\/product"}],"replies":[{"embeddable":true,"href":"https:\/\/teiaeducation.ch\/fr\/wp-json\/wp\/v2\/comments?post=37484"}],"wp:featuredmedia":[{"embeddable":true,"href":"https:\/\/teiaeducation.ch\/fr\/wp-json\/wp\/v2\/media\/28613"}],"wp:attachment":[{"href":"https:\/\/teiaeducation.ch\/fr\/wp-json\/wp\/v2\/media?parent=37484"}],"wp:term":[{"taxonomy":"product_brand","embeddable":true,"href":"https:\/\/teiaeducation.ch\/fr\/wp-json\/wp\/v2\/product_brand?post=37484"},{"taxonomy":"product_cat","embeddable":true,"href":"https:\/\/teiaeducation.ch\/fr\/wp-json\/wp\/v2\/product_cat?post=37484"},{"taxonomy":"product_tag","embeddable":true,"href":"https:\/\/teiaeducation.ch\/fr\/wp-json\/wp\/v2\/product_tag?post=37484"}],"curies":[{"name":"wp","href":"https:\/\/api.w.org\/{rel}","templated":true}]}}