{"id":37485,"date":"2021-09-27T14:30:06","date_gmt":"2021-09-27T12:30:06","guid":{"rendered":"https:\/\/teiaeducation.ch\/product\/amis-arc-en-ciel-grimms\/"},"modified":"2023-09-12T14:53:40","modified_gmt":"2023-09-12T12:53:40","slug":"amis-arc-en-ciel-nouvelle-version-2021-grimms","status":"publish","type":"product","link":"https:\/\/teiaeducation.ch\/fr\/produit\/amis-arc-en-ciel-nouvelle-version-2021-grimms\/","title":{"rendered":"Les amis arc-en-ciel (nouvelle version 2021) &#8211; Grimm&#8217;s"},"content":{"rendered":"<p>Les amis arc-en-ciel, nouvelle version 2021 \/ Poup\u00e9es jouets en bois durables faites \u00e0 la main &#8211; Grimm&#8217;s<\/p>\n<p>Un ensemble des c\u00e9l\u00e8bres amis de l&#8217;arc-en-ciel de Grimm&#8217;s contenant 12 poup\u00e9es en bois durables faites \u00e0 la main. L&#8217;ensemble des amis de l&#8217;arc-en-ciel est peint dans de magnifiques couleurs vives avec une teinture non toxique \u00e0 base d&#8217;eau, ce qui le rend s\u00fbr pour les (petits) enfants. Les amis arc-en-ciel de Grimm&#8217;s mesurent environ 6,5 cm chacun et ont un diam\u00e8tre de 3 cm. Ils offrent des possibilit\u00e9s infinies de jeu cr\u00e9atif.<\/p>\n<p>Gr\u00e2ce \u00e0 leurs diff\u00e9rentes couleurs et \u00e0 leurs diff\u00e9rents types de bois, les Rainbow Friends refl\u00e8tent notre merveilleux monde diversifi\u00e9 et c\u00e9l\u00e8brent le caract\u00e8re unique de chacun. Chacune de nos petites figurines en bois peintes \u00e0 la main a un aspect diff\u00e9rent et un grain de bois individuel. Ces joyeuses petites figurines en bois, fabriqu\u00e9es \u00e0 partir de diff\u00e9rents types de bois provenant d&#8217;arbres indig\u00e8nes d&#8217;Europe centrale, sont neutres en termes de sexe. Sans expression faciale sp\u00e9cifique, ils peuvent \u00eatre soit tristes, soit joyeux. Par leur aspect simple, ils stimulent l&#8217;imagination de l&#8217;enfant au lieu de la restreindre en offrant trop de d\u00e9tails.<\/p>\n<p>Les poup\u00e9es des amis arc-en-ciel compl\u00e8tent toute la gamme des jouets de Grimm&#8217;s et peuvent \u00e9galement repr\u00e9senter un calendrier perp\u00e9tuel des 12 mois de l&#8217;anneau annuel de Grimm ou de l&#8217;anneau arc-en-ciel. Les amis arc-en-ciel peuvent \u00e9galement \u00eatre utilis\u00e9s sur une table de la nature ou des saisons <a href=\"https:\/\/teiaeducation.ch\/fr\/categorie-produit\/methode-deducation\/waldorf-fr\/\">Waldorf<\/a>.<\/p>\n<p>Id\u00e9al pour jouer \u00e0 la maison, \u00e0 la cr\u00e8che, \u00e0 Waldorf ou \u00e0 l\u2019\u00e9cole Steiner, les beaux jouets en bois naturel de Grimm&#8217;s sont fabriqu\u00e9s selon la philosophie Waldorf qui est bien connue pour encourager les enfants \u00e0 d\u00e9couvrir le jeu cr\u00e9atif de mani\u00e8re ind\u00e9pendante, sans limitations et \u00e0 un rythme effr\u00e9n\u00e9. Les jouets en bois de Grimm&#8217;s sont color\u00e9s \u00e0 la main avec des peintures \u00e0 base d\u2019eau non toxiques et ne sont pas finis avec de la laque pour assurer les caract\u00e9ristiques originales du bois et pour qu&#8217;on puisse voir le grain \u00e0 travers. La surface des jouets fabriqu\u00e9s \u00e0 partir de bois europ\u00e9ens certifi\u00e9 FSC est laiss\u00e9e l\u00e9g\u00e8rement rugueuse, ce qui les rend plus facilement empilables et moins glissants.<\/p>\n<p>Les jouets en bois de Grimm&#8217;s sont fabriqu\u00e9s dans les manufacture de Grimm&#8217;s en Allemagne ainsi que dans plusieurs ateliers \u00e0 travers l\u2019Europe \u00e0 partir de diff\u00e9rents types de bois tels que l\u2019aulne, la chaux, le h\u00eatre et l\u2019\u00e9rable. Tout le bois utilis\u00e9 pour fabriquer les jouets de Grimm&#8217;s provient de for\u00eats europ\u00e9ennes g\u00e9r\u00e9es de mani\u00e8re durable.<\/p>\n<p>Veuillez noter que les jouets de Grimm&#8217;s sont toujours uniques, et portent des marques uniques faites par la nature. Le grain du bois a des structures et des couleurs changeantes qui servent de preuve de ses origines naturelles. Les variations uniques, les marques, les noeuds, les motifs, les rayures noires ou les taches sombres qui peuvent \u00eatre visibles dans le bois des jouets de Grimm&#8217;s sont une preuve de qualit\u00e9, et non des d\u00e9fauts.<\/p>\n<p>Les amis arc-en-ciel de Grimm&#8217;s conviennent aux enfants \u00e2g\u00e9s de 1 an et plus.<\/p>\n<p>Contenu :<\/p>\n<p>12 amis arc-en-ciel<\/p>\n","protected":false},"excerpt":{"rendered":"<p>Num\u00e9ro d&#8217;article : gri10581<\/p>\n<p>Les amis arc-en-ciel nouvelle version compl\u00e8tent toute la gamme de jouets en bois Grimm&#8217;s et offrent des possibilit\u00e9s infinies de jeu.<\/p>\n","protected":false},"featured_media":39229,"comment_status":"open","ping_status":"closed","template":"","meta":[],"product_brand":[],"product_cat":[208,215,216,22032,24872,24865,13146,17212,17242,17241,21257,13130,23020,23021,13140,7595,217,5851,212,1219],"product_tag":[18012,20125,17332,17462,17331,19737,20124,20137],"class_list":{"0":"post-37485","1":"product","2":"type-product","3":"status-publish","4":"has-post-thumbnail","6":"product_cat-1-3-ans","7":"product_cat-3-6-ans","8":"product_cat-6-12-ans","9":"product_cat-cadeaux-du-calendrier-de-lavent-et-de-noel","10":"product_cat-construction-mondes-arc-en-ciel","11":"product_cat-empilage-tri","12":"product_cat-figurines-en-bois","13":"product_cat-grimms-fr","14":"product_cat-guide-cadeaux-1-3-ans","15":"product_cat-guide-cadeaux-3-6-ans","16":"product_cat-guides-cadeaux","17":"product_cat-jouer","18":"product_cat-jouets-en-bois","19":"product_cat-jouets-waldorf","20":"product_cat-jeu-libre","21":"product_cat-methode-deducation","22":"product_cat-marques","23":"product_cat-nouveautes","24":"product_cat-tranche-dage","25":"product_cat-waldorf-fr","26":"product_tag-amis-arc-en-ciel-de-grimms","27":"product_tag-faits-a-la-main-couleurs-arc-en-ciel","28":"product_tag-grimm-suisse","29":"product_tag-jeux-libres-en-bois","30":"product_tag-jouets-en-bois-waldorf","31":"product_tag-le-magasin-de-jouets-en-bois-de-grimms","32":"product_tag-pinces-a-linge-en-bois-grimms-couleurs-arc-en-ciel","33":"product_tag-poupees-en-bois-durables-faites-a-la-main","35":"first","36":"outofstock","37":"taxable","38":"shipping-taxable","39":"purchasable","40":"product-type-simple"},"yoast_head":"<!-- This site is optimized with the Yoast SEO plugin v27.1.1 - https:\/\/yoast.com\/product\/yoast-seo-wordpress\/ -->\n<title>Les amis arc-en-ciel (nouvelle version) - Grimm&#039;s - Teia Education &amp; Play<\/title>\n<meta name=\"description\" content=\"Les amis arc-en-ciel nouvelle version compl\u00e8tent toute la gamme de jouets en bois Grimm&#039;s et offrent des possibilit\u00e9s infinies de jeu.\" \/>\n<meta name=\"robots\" content=\"index, follow, max-snippet:-1, max-image-preview:large, max-video-preview:-1\" \/>\n<link rel=\"canonical\" href=\"https:\/\/teiaeducation.ch\/fr\/produit\/amis-arc-en-ciel-nouvelle-version-2021-grimms\/\" \/>\n<meta property=\"og:locale\" content=\"fr_FR\" \/>\n<meta property=\"og:type\" content=\"article\" \/>\n<meta property=\"og:title\" content=\"Les amis arc-en-ciel (nouvelle version) - Grimm&#039;s - Teia Education &amp; Play\" \/>\n<meta property=\"og:description\" content=\"Les amis arc-en-ciel nouvelle version compl\u00e8tent toute la gamme de jouets en bois Grimm&#039;s et offrent des possibilit\u00e9s infinies de jeu.\" \/>\n<meta property=\"og:url\" content=\"https:\/\/teiaeducation.ch\/fr\/produit\/amis-arc-en-ciel-nouvelle-version-2021-grimms\/\" \/>\n<meta property=\"og:site_name\" content=\"Sustainable Educational Products &amp; Ecological Toys\u00a0\" \/>\n<meta property=\"article:publisher\" content=\"https:\/\/www.facebook.com\/teiaeducation\/\" \/>\n<meta property=\"article:modified_time\" content=\"2023-09-12T12:53:40+00:00\" \/>\n<meta property=\"og:image\" content=\"https:\/\/teiaeducation.ch\/wp-content\/uploads\/2020\/08\/Rainbow-Friends-new-2021-version-Handmade-sustainable-wooden-peg-dolls-Grimms.jpg\" \/>\n\t<meta property=\"og:image:width\" content=\"1200\" \/>\n\t<meta property=\"og:image:height\" content=\"1200\" \/>\n\t<meta property=\"og:image:type\" content=\"image\/jpeg\" \/>\n<script type=\"application\/ld+json\" class=\"yoast-schema-graph\">{\"@context\":\"https:\/\/schema.org\",\"@graph\":[{\"@type\":\"WebPage\",\"@id\":\"https:\/\/teiaeducation.ch\/fr\/produit\/amis-arc-en-ciel-nouvelle-version-2021-grimms\/\",\"url\":\"https:\/\/teiaeducation.ch\/fr\/produit\/amis-arc-en-ciel-nouvelle-version-2021-grimms\/\",\"name\":\"Les amis arc-en-ciel (nouvelle version) - Grimm's - Teia Education & Play\",\"isPartOf\":{\"@id\":\"https:\/\/teiaeducation.ch\/fr\/#website\"},\"primaryImageOfPage\":{\"@id\":\"https:\/\/teiaeducation.ch\/fr\/produit\/amis-arc-en-ciel-nouvelle-version-2021-grimms\/#primaryimage\"},\"image\":{\"@id\":\"https:\/\/teiaeducation.ch\/fr\/produit\/amis-arc-en-ciel-nouvelle-version-2021-grimms\/#primaryimage\"},\"thumbnailUrl\":\"https:\/\/teiaeducation.ch\/wp-content\/uploads\/2020\/08\/Rainbow-Friends-new-2021-version-Handmade-sustainable-wooden-peg-dolls-Grimms.jpg\",\"datePublished\":\"2021-09-27T12:30:06+00:00\",\"dateModified\":\"2023-09-12T12:53:40+00:00\",\"description\":\"Les amis arc-en-ciel nouvelle version compl\u00e8tent toute la gamme de jouets en bois Grimm's et offrent des possibilit\u00e9s infinies de jeu.\",\"breadcrumb\":{\"@id\":\"https:\/\/teiaeducation.ch\/fr\/produit\/amis-arc-en-ciel-nouvelle-version-2021-grimms\/#breadcrumb\"},\"inLanguage\":\"fr-FR\",\"potentialAction\":[{\"@type\":\"ReadAction\",\"target\":[\"https:\/\/teiaeducation.ch\/fr\/produit\/amis-arc-en-ciel-nouvelle-version-2021-grimms\/\"]}]},{\"@type\":\"ImageObject\",\"inLanguage\":\"fr-FR\",\"@id\":\"https:\/\/teiaeducation.ch\/fr\/produit\/amis-arc-en-ciel-nouvelle-version-2021-grimms\/#primaryimage\",\"url\":\"https:\/\/teiaeducation.ch\/wp-content\/uploads\/2020\/08\/Rainbow-Friends-new-2021-version-Handmade-sustainable-wooden-peg-dolls-Grimms.jpg\",\"contentUrl\":\"https:\/\/teiaeducation.ch\/wp-content\/uploads\/2020\/08\/Rainbow-Friends-new-2021-version-Handmade-sustainable-wooden-peg-dolls-Grimms.jpg\",\"width\":1200,\"height\":1200,\"caption\":\"Les amis arc-en-ciel (nouvelle version 2021) - Grimm's\"},{\"@type\":\"BreadcrumbList\",\"@id\":\"https:\/\/teiaeducation.ch\/fr\/produit\/amis-arc-en-ciel-nouvelle-version-2021-grimms\/#breadcrumb\",\"itemListElement\":[{\"@type\":\"ListItem\",\"position\":1,\"name\":\"Home\",\"item\":\"https:\/\/teiaeducation.ch\/fr\/\"},{\"@type\":\"ListItem\",\"position\":2,\"name\":\"Boutique Teia Education &amp; Play\",\"item\":\"https:\/\/teiaeducation.ch\/fr\/boutique\/\"},{\"@type\":\"ListItem\",\"position\":3,\"name\":\"Nos Marques\",\"item\":\"https:\/\/teiaeducation.ch\/fr\/categorie-produit\/marques\/\"},{\"@type\":\"ListItem\",\"position\":4,\"name\":\"Grimm's\",\"item\":\"https:\/\/teiaeducation.ch\/fr\/categorie-produit\/marques\/grimms-fr\/\"},{\"@type\":\"ListItem\",\"position\":5,\"name\":\"Construction &amp; Mondes Arc-en-ciel\",\"item\":\"https:\/\/teiaeducation.ch\/fr\/categorie-produit\/marques\/grimms-fr\/construction-mondes-arc-en-ciel\/\"},{\"@type\":\"ListItem\",\"position\":6,\"name\":\"Les amis arc-en-ciel (nouvelle version 2021) &#8211; Grimm&#8217;s\"}]},{\"@type\":\"WebSite\",\"@id\":\"https:\/\/teiaeducation.ch\/fr\/#website\",\"url\":\"https:\/\/teiaeducation.ch\/fr\/\",\"name\":\"Sustainable Educational Products &amp; Ecological Toys\u00a0\",\"description\":\"Specialised Swiss shop selling sustainable educational toys and games, AMI certified Montessori materials, handmade ecological wooden Waldorf toys and arts &amp; crafts supplies, school supplies, children&#039;s furniture and Montessori reference and parenting books.\",\"publisher\":{\"@id\":\"https:\/\/teiaeducation.ch\/fr\/#organization\"},\"alternateName\":\"Teia Education & Play\",\"potentialAction\":[{\"@type\":\"SearchAction\",\"target\":{\"@type\":\"EntryPoint\",\"urlTemplate\":\"https:\/\/teiaeducation.ch\/fr\/?s={search_term_string}\"},\"query-input\":{\"@type\":\"PropertyValueSpecification\",\"valueRequired\":true,\"valueName\":\"search_term_string\"}}],\"inLanguage\":\"fr-FR\"},{\"@type\":\"Organization\",\"@id\":\"https:\/\/teiaeducation.ch\/fr\/#organization\",\"name\":\"Teia Education & Play\",\"url\":\"https:\/\/teiaeducation.ch\/fr\/\",\"logo\":{\"@type\":\"ImageObject\",\"inLanguage\":\"fr-FR\",\"@id\":\"https:\/\/teiaeducation.ch\/fr\/#\/schema\/logo\/image\/\",\"url\":\"https:\/\/teiaeducation.ch\/wp-content\/uploads\/2020\/11\/Teia-Education-Switzerland-e1620156442216.jpg\",\"contentUrl\":\"https:\/\/teiaeducation.ch\/wp-content\/uploads\/2020\/11\/Teia-Education-Switzerland-e1620156442216.jpg\",\"width\":166,\"height\":145,\"caption\":\"Teia Education & Play\"},\"image\":{\"@id\":\"https:\/\/teiaeducation.ch\/fr\/#\/schema\/logo\/image\/\"},\"sameAs\":[\"https:\/\/www.facebook.com\/teiaeducation\/\",\"https:\/\/x.com\/EducationTeia\",\"https:\/\/www.instagram.com\/teia.education\/\",\"https:\/\/www.linkedin.com\/company\/35501660\",\"https:\/\/www.pinterest.ch\/TeiaEducation\/\"]}]}<\/script>\n<!-- \/ Yoast SEO plugin. -->","yoast_head_json":{"title":"Les amis arc-en-ciel (nouvelle version) - Grimm's - Teia Education & Play","description":"Les amis arc-en-ciel nouvelle version compl\u00e8tent toute la gamme de jouets en bois Grimm's et offrent des possibilit\u00e9s infinies de jeu.","robots":{"index":"index","follow":"follow","max-snippet":"max-snippet:-1","max-image-preview":"max-image-preview:large","max-video-preview":"max-video-preview:-1"},"canonical":"https:\/\/teiaeducation.ch\/fr\/produit\/amis-arc-en-ciel-nouvelle-version-2021-grimms\/","og_locale":"fr_FR","og_type":"article","og_title":"Les amis arc-en-ciel (nouvelle version) - Grimm's - Teia Education & Play","og_description":"Les amis arc-en-ciel nouvelle version compl\u00e8tent toute la gamme de jouets en bois Grimm's et offrent des possibilit\u00e9s infinies de jeu.","og_url":"https:\/\/teiaeducation.ch\/fr\/produit\/amis-arc-en-ciel-nouvelle-version-2021-grimms\/","og_site_name":"Sustainable Educational Products &amp; Ecological Toys\u00a0","article_publisher":"https:\/\/www.facebook.com\/teiaeducation\/","article_modified_time":"2023-09-12T12:53:40+00:00","og_image":[{"width":1200,"height":1200,"url":"https:\/\/teiaeducation.ch\/wp-content\/uploads\/2020\/08\/Rainbow-Friends-new-2021-version-Handmade-sustainable-wooden-peg-dolls-Grimms.jpg","type":"image\/jpeg"}],"schema":{"@context":"https:\/\/schema.org","@graph":[{"@type":"WebPage","@id":"https:\/\/teiaeducation.ch\/fr\/produit\/amis-arc-en-ciel-nouvelle-version-2021-grimms\/","url":"https:\/\/teiaeducation.ch\/fr\/produit\/amis-arc-en-ciel-nouvelle-version-2021-grimms\/","name":"Les amis arc-en-ciel (nouvelle version) - Grimm's - Teia Education & Play","isPartOf":{"@id":"https:\/\/teiaeducation.ch\/fr\/#website"},"primaryImageOfPage":{"@id":"https:\/\/teiaeducation.ch\/fr\/produit\/amis-arc-en-ciel-nouvelle-version-2021-grimms\/#primaryimage"},"image":{"@id":"https:\/\/teiaeducation.ch\/fr\/produit\/amis-arc-en-ciel-nouvelle-version-2021-grimms\/#primaryimage"},"thumbnailUrl":"https:\/\/teiaeducation.ch\/wp-content\/uploads\/2020\/08\/Rainbow-Friends-new-2021-version-Handmade-sustainable-wooden-peg-dolls-Grimms.jpg","datePublished":"2021-09-27T12:30:06+00:00","dateModified":"2023-09-12T12:53:40+00:00","description":"Les amis arc-en-ciel nouvelle version compl\u00e8tent toute la gamme de jouets en bois Grimm's et offrent des possibilit\u00e9s infinies de jeu.","breadcrumb":{"@id":"https:\/\/teiaeducation.ch\/fr\/produit\/amis-arc-en-ciel-nouvelle-version-2021-grimms\/#breadcrumb"},"inLanguage":"fr-FR","potentialAction":[{"@type":"ReadAction","target":["https:\/\/teiaeducation.ch\/fr\/produit\/amis-arc-en-ciel-nouvelle-version-2021-grimms\/"]}]},{"@type":"ImageObject","inLanguage":"fr-FR","@id":"https:\/\/teiaeducation.ch\/fr\/produit\/amis-arc-en-ciel-nouvelle-version-2021-grimms\/#primaryimage","url":"https:\/\/teiaeducation.ch\/wp-content\/uploads\/2020\/08\/Rainbow-Friends-new-2021-version-Handmade-sustainable-wooden-peg-dolls-Grimms.jpg","contentUrl":"https:\/\/teiaeducation.ch\/wp-content\/uploads\/2020\/08\/Rainbow-Friends-new-2021-version-Handmade-sustainable-wooden-peg-dolls-Grimms.jpg","width":1200,"height":1200,"caption":"Les amis arc-en-ciel (nouvelle version 2021) - Grimm's"},{"@type":"BreadcrumbList","@id":"https:\/\/teiaeducation.ch\/fr\/produit\/amis-arc-en-ciel-nouvelle-version-2021-grimms\/#breadcrumb","itemListElement":[{"@type":"ListItem","position":1,"name":"Home","item":"https:\/\/teiaeducation.ch\/fr\/"},{"@type":"ListItem","position":2,"name":"Boutique Teia Education &amp; Play","item":"https:\/\/teiaeducation.ch\/fr\/boutique\/"},{"@type":"ListItem","position":3,"name":"Nos Marques","item":"https:\/\/teiaeducation.ch\/fr\/categorie-produit\/marques\/"},{"@type":"ListItem","position":4,"name":"Grimm's","item":"https:\/\/teiaeducation.ch\/fr\/categorie-produit\/marques\/grimms-fr\/"},{"@type":"ListItem","position":5,"name":"Construction &amp; Mondes Arc-en-ciel","item":"https:\/\/teiaeducation.ch\/fr\/categorie-produit\/marques\/grimms-fr\/construction-mondes-arc-en-ciel\/"},{"@type":"ListItem","position":6,"name":"Les amis arc-en-ciel (nouvelle version 2021) &#8211; Grimm&#8217;s"}]},{"@type":"WebSite","@id":"https:\/\/teiaeducation.ch\/fr\/#website","url":"https:\/\/teiaeducation.ch\/fr\/","name":"Sustainable Educational Products &amp; Ecological Toys\u00a0","description":"Specialised Swiss shop selling sustainable educational toys and games, AMI certified Montessori materials, handmade ecological wooden Waldorf toys and arts &amp; crafts supplies, school supplies, children&#039;s furniture and Montessori reference and parenting books.","publisher":{"@id":"https:\/\/teiaeducation.ch\/fr\/#organization"},"alternateName":"Teia Education & Play","potentialAction":[{"@type":"SearchAction","target":{"@type":"EntryPoint","urlTemplate":"https:\/\/teiaeducation.ch\/fr\/?s={search_term_string}"},"query-input":{"@type":"PropertyValueSpecification","valueRequired":true,"valueName":"search_term_string"}}],"inLanguage":"fr-FR"},{"@type":"Organization","@id":"https:\/\/teiaeducation.ch\/fr\/#organization","name":"Teia Education & Play","url":"https:\/\/teiaeducation.ch\/fr\/","logo":{"@type":"ImageObject","inLanguage":"fr-FR","@id":"https:\/\/teiaeducation.ch\/fr\/#\/schema\/logo\/image\/","url":"https:\/\/teiaeducation.ch\/wp-content\/uploads\/2020\/11\/Teia-Education-Switzerland-e1620156442216.jpg","contentUrl":"https:\/\/teiaeducation.ch\/wp-content\/uploads\/2020\/11\/Teia-Education-Switzerland-e1620156442216.jpg","width":166,"height":145,"caption":"Teia Education & Play"},"image":{"@id":"https:\/\/teiaeducation.ch\/fr\/#\/schema\/logo\/image\/"},"sameAs":["https:\/\/www.facebook.com\/teiaeducation\/","https:\/\/x.com\/EducationTeia","https:\/\/www.instagram.com\/teia.education\/","https:\/\/www.linkedin.com\/company\/35501660","https:\/\/www.pinterest.ch\/TeiaEducation\/"]}]}},"_links":{"self":[{"href":"https:\/\/teiaeducation.ch\/fr\/wp-json\/wp\/v2\/product\/37485","targetHints":{"allow":["GET"]}}],"collection":[{"href":"https:\/\/teiaeducation.ch\/fr\/wp-json\/wp\/v2\/product"}],"about":[{"href":"https:\/\/teiaeducation.ch\/fr\/wp-json\/wp\/v2\/types\/product"}],"replies":[{"embeddable":true,"href":"https:\/\/teiaeducation.ch\/fr\/wp-json\/wp\/v2\/comments?post=37485"}],"wp:featuredmedia":[{"embeddable":true,"href":"https:\/\/teiaeducation.ch\/fr\/wp-json\/wp\/v2\/media\/39229"}],"wp:attachment":[{"href":"https:\/\/teiaeducation.ch\/fr\/wp-json\/wp\/v2\/media?parent=37485"}],"wp:term":[{"taxonomy":"product_brand","embeddable":true,"href":"https:\/\/teiaeducation.ch\/fr\/wp-json\/wp\/v2\/product_brand?post=37485"},{"taxonomy":"product_cat","embeddable":true,"href":"https:\/\/teiaeducation.ch\/fr\/wp-json\/wp\/v2\/product_cat?post=37485"},{"taxonomy":"product_tag","embeddable":true,"href":"https:\/\/teiaeducation.ch\/fr\/wp-json\/wp\/v2\/product_tag?post=37485"}],"curies":[{"name":"wp","href":"https:\/\/api.w.org\/{rel}","templated":true}]}}