{"id":37500,"date":"2021-09-27T15:00:52","date_gmt":"2021-09-27T13:00:52","guid":{"rendered":"https:\/\/teiaeducation.ch\/product\/grand-arc-en-ciel-coucher-de-soleil-12-pieces-grimms\/"},"modified":"2023-05-09T21:37:03","modified_gmt":"2023-05-09T19:37:03","slug":"arc-en-ciel-a-compter-10-pieces-grimms","status":"publish","type":"product","link":"https:\/\/teiaeducation.ch\/fr\/produit\/arc-en-ciel-a-compter-10-pieces-grimms\/","title":{"rendered":"Arc-en-ciel \u00e0 compter (10 Pieces) &#8211; Grimm&#8217;s"},"content":{"rendered":"<p>Arc-en-ciel \u00e0 compter de Grimm&#8217;s (10 pi\u00e8ces)<\/p>\n<p>Inspir\u00e9 de la p\u00e9dagogie Waldorf Steiner, l&#8217;arc-en-ciel \u00e0 <a href=\"https:\/\/teiaeducation.ch\/fr\/categorie-produit\/domaines-du-curriculum\/mathematiques-calcul\/compter\/\">compter<\/a> de Grimm&#8217;s de la collection 2021 est un jouet d&#8217;apprentissage en bois durable, fabriqu\u00e9 \u00e0 la main, au charme intemporel. Il contient 10 arches coup\u00e9es \u00e0 la main dans un seul bloc de bois. L&#8217;arc-en-ciel est fabriqu\u00e9 en bois de tilleul et est peint dans de magnifiques tons vifs avec une teinture non toxique \u00e0 base d&#8217;eau, ce qui le rend s\u00fbr pour les (petits) enfants. Cet arc-en-ciel de grande taille mesure environ 27,5 cm (longueur) x 13,5 cm (hauteur) et offre des possibilit\u00e9s infinies d&#8217;apprentissage et de jeu cr\u00e9atif. L&#8217;arc-en-ciel \u00e0 compter de Grimm&#8217;s est \u00e9galement un bel ajout \u00e0 une salle de jeux, une salle de classe ou une chambre d&#8217;enfant.<\/p>\n<p>Il fait partie du monde des chiffres de Grimm&#8217;s, o\u00f9 les jeux s&#8217;accordent parfaitement. Les enfants peuvent d\u00e9couvrir le monde plus abstrait des chiffres de nombreuses mani\u00e8res diff\u00e9rentes en jouant et en utilisant simplement leurs diff\u00e9rents sens. Ils peuvent donner un sens \u00e0 ce qui va ensemble et ainsi d\u00e9couvrir le monde des nombres pour eux-m\u00eames et d\u00e9couvrir des fa\u00e7ons infinies de d\u00e9couvrir le monde abstrait des nombres en utilisant les diff\u00e9rents sens.<\/p>\n<p>Le grand arc-en-ciel \u00e0 compter de Grimm&#8217;s peut \u00e9galement \u00eatre utilis\u00e9 comme un jouet par les petits enfants pour empiler, trier et construire et, en grandissant, les enfants l&#8217;utiliseront comme un berceau pour leurs poup\u00e9es ador\u00e9es, comme une barri\u00e8re pour les animaux, comme un tunnel ou un pont pour les v\u00e9hicules, comme une maison pour les nains et les poup\u00e9es de maison de poup\u00e9e ou pour construire des sculptures \u00e9tonnantes. Le grand arc-en-ciel peut \u00e9galement \u00eatre utilis\u00e9 sur une table Waldorf sur la nature ou les saisons, ou comme compl\u00e9ment aux figures de la nativit\u00e9 pour une sc\u00e8ne de No\u00ebl.<\/p>\n<p>Id\u00e9al pour jouer \u00e0 la maison, \u00e0 la cr\u00e8che, \u00e0 Waldorf ou \u00e0 l\u2019\u00e9cole Steiner, les beaux jouets en bois naturel de Grimm&#8217;s sont fabriqu\u00e9s selon la philosophie Waldorf qui est bien connue pour encourager les enfants \u00e0 d\u00e9couvrir le jeu cr\u00e9atif de mani\u00e8re ind\u00e9pendante, sans limitations et \u00e0 un rythme effr\u00e9n\u00e9. Les jouets en bois de Grimm&#8217;s sont color\u00e9s \u00e0 la main avec des peintures \u00e0 base d\u2019eau non toxiques et ne sont pas finis avec de la laque pour assurer les caract\u00e9ristiques originales du bois et pour qu&#8217;on puisse voir le grain \u00e0 travers. La surface des jouets fabriqu\u00e9s \u00e0 partir de bois europ\u00e9ens certifi\u00e9 FSC est laiss\u00e9e l\u00e9g\u00e8rement rugueuse, ce qui les rend plus facilement empilables et moins glissants.<\/p>\n<p>Les jouets en bois de Grimm&#8217;s sont fabriqu\u00e9s dans les manufacture de Grimm&#8217;s en Allemagne ainsi que dans plusieurs ateliers \u00e0 travers l\u2019Europe \u00e0 partir de diff\u00e9rents types de bois tels que l\u2019aulne, la chaux, le h\u00eatre et l\u2019\u00e9rable. Tout le bois utilis\u00e9 pour fabriquer les jouets de Grimm&#8217;s provient de for\u00eats europ\u00e9ennes g\u00e9r\u00e9es de mani\u00e8re durable.<\/p>\n<p>Veuillez noter que les jouets de Grimm&#8217;s sont toujours uniques, et portent des marques uniques faites par la nature. Le grain du bois a des structures et des couleurs changeantes qui servent de preuve de ses origines naturelles. Les variations uniques, les marques, les noeuds, les motifs, les rayures noires ou les taches sombres qui peuvent \u00eatre visibles dans le bois des jouets de Grimm&#8217;s sont une preuve de qualit\u00e9, et non des d\u00e9fauts.<\/p>\n<p>Le grand arc-en-ciel \u00e0 compter de 10 pi\u00e8ces de Grimm&#8217;s convient aux enfants \u00e2g\u00e9s de 2 ans et plus.<\/p>\n<p>Contenu :<\/p>\n<p>1 grand arc-en-ciel en bois de 10 pi\u00e8ces en variation coucher de soleil<\/p>\n","protected":false},"excerpt":{"rendered":"<p>Num\u00e9ro d&#8217;article : gri10707<\/p>\n<p>Inspir\u00e9 de la p\u00e9dagogie Waldorf Steiner, l&#8217;arc-en-ciel \u00e0 compter de Grimm&#8217;s est un jouet \u00e0 empiler en bois durable, fabriqu\u00e9 \u00e0 la main, au charme intemporel.<\/p>\n","protected":false},"featured_media":39244,"comment_status":"open","ping_status":"closed","template":"","meta":[],"product_brand":[],"product_cat":[215,216,24876,13128,633,22344,635,24872,283,17212,17239,13130,13144,23020,23021,23650,13140,630,288,7595,217,5851,209,212,1219],"product_tag":[21128,19736,17332,17462,20157,17331,20147,19738,19737],"class_list":{"0":"post-37500","1":"product","2":"type-product","3":"status-publish","4":"has-post-thumbnail","6":"product_cat-3-6-ans","7":"product_cat-6-12-ans","8":"product_cat-apprendre-decouvrir","9":"product_cat-apprendre-a-compter","10":"product_cat-apprendre-les-couleurs","11":"product_cat-collections-saisonnieres","12":"product_cat-competences-motrices","13":"product_cat-construction-mondes-arc-en-ciel","14":"product_cat-domaines-du-curriculum","15":"product_cat-grimms-fr","16":"product_cat-guide-cadeaux-educatifs","17":"product_cat-jouer","18":"product_cat-jouets-a-empiler","19":"product_cat-jouets-en-bois","20":"product_cat-jouets-waldorf","21":"product_cat-la-rentree-scolaire","22":"product_cat-jeu-libre","23":"product_cat-nombres","24":"product_cat-mathematiques-calcul","25":"product_cat-methode-deducation","26":"product_cat-marques","27":"product_cat-nouveautes","28":"product_cat-sensorielles-motrices","29":"product_cat-tranche-dage","30":"product_cat-waldorf-fr","31":"product_tag-arc-en-ciel-a-compter-de-grimms-10-pieces","32":"product_tag-grand-arc-en-ciel-12-pieces-grimms","33":"product_tag-grimm-suisse","34":"product_tag-jeux-libres-en-bois","35":"product_tag-jouet-a-empiler-arc-en-ciel-en-bois-grimms-coucher-de-soleil","36":"product_tag-jouets-en-bois-waldorf","37":"product_tag-le-grand-arc-en-ciel-du-coucher-de-soleil-de-grimms","38":"product_tag-le-jouet-arc-en-ciel-de-grimms","39":"product_tag-le-magasin-de-jouets-en-bois-de-grimms","41":"first","42":"instock","43":"taxable","44":"shipping-taxable","45":"purchasable","46":"product-type-simple"},"yoast_head":"<!-- This site is optimized with the Yoast SEO plugin v27.1.1 - https:\/\/yoast.com\/product\/yoast-seo-wordpress\/ -->\n<title>Arc-en-ciel \u00e0 compter (10 Pieces) - Grimm&#039;s - Teia Education &amp; Play<\/title>\n<meta name=\"description\" content=\"Inspir\u00e9 de la p\u00e9dagogie Waldorf, l&#039;arc-en-ciel \u00e0 compter de 10 pi\u00e8ces de Grimm&#039;s est un jouet en bois durable fabriqu\u00e9 \u00e0 la main.\" \/>\n<meta name=\"robots\" content=\"index, follow, max-snippet:-1, max-image-preview:large, max-video-preview:-1\" \/>\n<link rel=\"canonical\" href=\"https:\/\/teiaeducation.ch\/fr\/produit\/arc-en-ciel-a-compter-10-pieces-grimms\/\" \/>\n<meta property=\"og:locale\" content=\"fr_FR\" \/>\n<meta property=\"og:type\" content=\"article\" \/>\n<meta property=\"og:title\" content=\"Arc-en-ciel \u00e0 compter (10 Pieces) - Grimm&#039;s - Teia Education &amp; Play\" \/>\n<meta property=\"og:description\" content=\"Inspir\u00e9 de la p\u00e9dagogie Waldorf, l&#039;arc-en-ciel \u00e0 compter de 10 pi\u00e8ces de Grimm&#039;s est un jouet en bois durable fabriqu\u00e9 \u00e0 la main.\" \/>\n<meta property=\"og:url\" content=\"https:\/\/teiaeducation.ch\/fr\/produit\/arc-en-ciel-a-compter-10-pieces-grimms\/\" \/>\n<meta property=\"og:site_name\" content=\"Sustainable Educational Products &amp; Ecological Toys\u00a0\" \/>\n<meta property=\"article:publisher\" content=\"https:\/\/www.facebook.com\/teiaeducation\/\" \/>\n<meta property=\"article:modified_time\" content=\"2023-05-09T19:37:03+00:00\" \/>\n<meta property=\"og:image\" content=\"https:\/\/teiaeducation.ch\/wp-content\/uploads\/2020\/08\/Counting-rainbow-10-Pieces-Grimms.jpg\" \/>\n\t<meta property=\"og:image:width\" content=\"1200\" \/>\n\t<meta property=\"og:image:height\" content=\"1200\" \/>\n\t<meta property=\"og:image:type\" content=\"image\/jpeg\" \/>\n<script type=\"application\/ld+json\" class=\"yoast-schema-graph\">{\"@context\":\"https:\/\/schema.org\",\"@graph\":[{\"@type\":\"WebPage\",\"@id\":\"https:\/\/teiaeducation.ch\/fr\/produit\/arc-en-ciel-a-compter-10-pieces-grimms\/\",\"url\":\"https:\/\/teiaeducation.ch\/fr\/produit\/arc-en-ciel-a-compter-10-pieces-grimms\/\",\"name\":\"Arc-en-ciel \u00e0 compter (10 Pieces) - Grimm's - Teia Education & Play\",\"isPartOf\":{\"@id\":\"https:\/\/teiaeducation.ch\/fr\/#website\"},\"primaryImageOfPage\":{\"@id\":\"https:\/\/teiaeducation.ch\/fr\/produit\/arc-en-ciel-a-compter-10-pieces-grimms\/#primaryimage\"},\"image\":{\"@id\":\"https:\/\/teiaeducation.ch\/fr\/produit\/arc-en-ciel-a-compter-10-pieces-grimms\/#primaryimage\"},\"thumbnailUrl\":\"https:\/\/teiaeducation.ch\/wp-content\/uploads\/2020\/08\/Counting-rainbow-10-Pieces-Grimms.jpg\",\"datePublished\":\"2021-09-27T13:00:52+00:00\",\"dateModified\":\"2023-05-09T19:37:03+00:00\",\"description\":\"Inspir\u00e9 de la p\u00e9dagogie Waldorf, l'arc-en-ciel \u00e0 compter de 10 pi\u00e8ces de Grimm's est un jouet en bois durable fabriqu\u00e9 \u00e0 la main.\",\"breadcrumb\":{\"@id\":\"https:\/\/teiaeducation.ch\/fr\/produit\/arc-en-ciel-a-compter-10-pieces-grimms\/#breadcrumb\"},\"inLanguage\":\"fr-FR\",\"potentialAction\":[{\"@type\":\"ReadAction\",\"target\":[\"https:\/\/teiaeducation.ch\/fr\/produit\/arc-en-ciel-a-compter-10-pieces-grimms\/\"]}]},{\"@type\":\"ImageObject\",\"inLanguage\":\"fr-FR\",\"@id\":\"https:\/\/teiaeducation.ch\/fr\/produit\/arc-en-ciel-a-compter-10-pieces-grimms\/#primaryimage\",\"url\":\"https:\/\/teiaeducation.ch\/wp-content\/uploads\/2020\/08\/Counting-rainbow-10-Pieces-Grimms.jpg\",\"contentUrl\":\"https:\/\/teiaeducation.ch\/wp-content\/uploads\/2020\/08\/Counting-rainbow-10-Pieces-Grimms.jpg\",\"width\":1200,\"height\":1200,\"caption\":\"Arc-en-ciel \u00e0 compter (10 pi\u00e8ces) - Jouet en bois durable fabriqu\u00e9 \u00e0 la main par Grimm's\"},{\"@type\":\"BreadcrumbList\",\"@id\":\"https:\/\/teiaeducation.ch\/fr\/produit\/arc-en-ciel-a-compter-10-pieces-grimms\/#breadcrumb\",\"itemListElement\":[{\"@type\":\"ListItem\",\"position\":1,\"name\":\"Home\",\"item\":\"https:\/\/teiaeducation.ch\/fr\/\"},{\"@type\":\"ListItem\",\"position\":2,\"name\":\"Boutique Teia Education &amp; Play\",\"item\":\"https:\/\/teiaeducation.ch\/fr\/boutique\/\"},{\"@type\":\"ListItem\",\"position\":3,\"name\":\"Nos Marques\",\"item\":\"https:\/\/teiaeducation.ch\/fr\/categorie-produit\/marques\/\"},{\"@type\":\"ListItem\",\"position\":4,\"name\":\"Grimm's\",\"item\":\"https:\/\/teiaeducation.ch\/fr\/categorie-produit\/marques\/grimms-fr\/\"},{\"@type\":\"ListItem\",\"position\":5,\"name\":\"Arc-en-ciel \u00e0 compter (10 Pieces) &#8211; Grimm&#8217;s\"}]},{\"@type\":\"WebSite\",\"@id\":\"https:\/\/teiaeducation.ch\/fr\/#website\",\"url\":\"https:\/\/teiaeducation.ch\/fr\/\",\"name\":\"Sustainable Educational Products &amp; Ecological Toys\u00a0\",\"description\":\"Specialised Swiss shop selling sustainable educational toys and games, AMI certified Montessori materials, handmade ecological wooden Waldorf toys and arts &amp; crafts supplies, school supplies, children&#039;s furniture and Montessori reference and parenting books.\",\"publisher\":{\"@id\":\"https:\/\/teiaeducation.ch\/fr\/#organization\"},\"alternateName\":\"Teia Education & Play\",\"potentialAction\":[{\"@type\":\"SearchAction\",\"target\":{\"@type\":\"EntryPoint\",\"urlTemplate\":\"https:\/\/teiaeducation.ch\/fr\/?s={search_term_string}\"},\"query-input\":{\"@type\":\"PropertyValueSpecification\",\"valueRequired\":true,\"valueName\":\"search_term_string\"}}],\"inLanguage\":\"fr-FR\"},{\"@type\":\"Organization\",\"@id\":\"https:\/\/teiaeducation.ch\/fr\/#organization\",\"name\":\"Teia Education & Play\",\"url\":\"https:\/\/teiaeducation.ch\/fr\/\",\"logo\":{\"@type\":\"ImageObject\",\"inLanguage\":\"fr-FR\",\"@id\":\"https:\/\/teiaeducation.ch\/fr\/#\/schema\/logo\/image\/\",\"url\":\"https:\/\/teiaeducation.ch\/wp-content\/uploads\/2020\/11\/Teia-Education-Switzerland-e1620156442216.jpg\",\"contentUrl\":\"https:\/\/teiaeducation.ch\/wp-content\/uploads\/2020\/11\/Teia-Education-Switzerland-e1620156442216.jpg\",\"width\":166,\"height\":145,\"caption\":\"Teia Education & Play\"},\"image\":{\"@id\":\"https:\/\/teiaeducation.ch\/fr\/#\/schema\/logo\/image\/\"},\"sameAs\":[\"https:\/\/www.facebook.com\/teiaeducation\/\",\"https:\/\/x.com\/EducationTeia\",\"https:\/\/www.instagram.com\/teia.education\/\",\"https:\/\/www.linkedin.com\/company\/35501660\",\"https:\/\/www.pinterest.ch\/TeiaEducation\/\"]}]}<\/script>\n<!-- \/ Yoast SEO plugin. -->","yoast_head_json":{"title":"Arc-en-ciel \u00e0 compter (10 Pieces) - Grimm's - Teia Education & Play","description":"Inspir\u00e9 de la p\u00e9dagogie Waldorf, l'arc-en-ciel \u00e0 compter de 10 pi\u00e8ces de Grimm's est un jouet en bois durable fabriqu\u00e9 \u00e0 la main.","robots":{"index":"index","follow":"follow","max-snippet":"max-snippet:-1","max-image-preview":"max-image-preview:large","max-video-preview":"max-video-preview:-1"},"canonical":"https:\/\/teiaeducation.ch\/fr\/produit\/arc-en-ciel-a-compter-10-pieces-grimms\/","og_locale":"fr_FR","og_type":"article","og_title":"Arc-en-ciel \u00e0 compter (10 Pieces) - Grimm's - Teia Education & Play","og_description":"Inspir\u00e9 de la p\u00e9dagogie Waldorf, l'arc-en-ciel \u00e0 compter de 10 pi\u00e8ces de Grimm's est un jouet en bois durable fabriqu\u00e9 \u00e0 la main.","og_url":"https:\/\/teiaeducation.ch\/fr\/produit\/arc-en-ciel-a-compter-10-pieces-grimms\/","og_site_name":"Sustainable Educational Products &amp; Ecological Toys\u00a0","article_publisher":"https:\/\/www.facebook.com\/teiaeducation\/","article_modified_time":"2023-05-09T19:37:03+00:00","og_image":[{"width":1200,"height":1200,"url":"https:\/\/teiaeducation.ch\/wp-content\/uploads\/2020\/08\/Counting-rainbow-10-Pieces-Grimms.jpg","type":"image\/jpeg"}],"schema":{"@context":"https:\/\/schema.org","@graph":[{"@type":"WebPage","@id":"https:\/\/teiaeducation.ch\/fr\/produit\/arc-en-ciel-a-compter-10-pieces-grimms\/","url":"https:\/\/teiaeducation.ch\/fr\/produit\/arc-en-ciel-a-compter-10-pieces-grimms\/","name":"Arc-en-ciel \u00e0 compter (10 Pieces) - Grimm's - Teia Education & Play","isPartOf":{"@id":"https:\/\/teiaeducation.ch\/fr\/#website"},"primaryImageOfPage":{"@id":"https:\/\/teiaeducation.ch\/fr\/produit\/arc-en-ciel-a-compter-10-pieces-grimms\/#primaryimage"},"image":{"@id":"https:\/\/teiaeducation.ch\/fr\/produit\/arc-en-ciel-a-compter-10-pieces-grimms\/#primaryimage"},"thumbnailUrl":"https:\/\/teiaeducation.ch\/wp-content\/uploads\/2020\/08\/Counting-rainbow-10-Pieces-Grimms.jpg","datePublished":"2021-09-27T13:00:52+00:00","dateModified":"2023-05-09T19:37:03+00:00","description":"Inspir\u00e9 de la p\u00e9dagogie Waldorf, l'arc-en-ciel \u00e0 compter de 10 pi\u00e8ces de Grimm's est un jouet en bois durable fabriqu\u00e9 \u00e0 la main.","breadcrumb":{"@id":"https:\/\/teiaeducation.ch\/fr\/produit\/arc-en-ciel-a-compter-10-pieces-grimms\/#breadcrumb"},"inLanguage":"fr-FR","potentialAction":[{"@type":"ReadAction","target":["https:\/\/teiaeducation.ch\/fr\/produit\/arc-en-ciel-a-compter-10-pieces-grimms\/"]}]},{"@type":"ImageObject","inLanguage":"fr-FR","@id":"https:\/\/teiaeducation.ch\/fr\/produit\/arc-en-ciel-a-compter-10-pieces-grimms\/#primaryimage","url":"https:\/\/teiaeducation.ch\/wp-content\/uploads\/2020\/08\/Counting-rainbow-10-Pieces-Grimms.jpg","contentUrl":"https:\/\/teiaeducation.ch\/wp-content\/uploads\/2020\/08\/Counting-rainbow-10-Pieces-Grimms.jpg","width":1200,"height":1200,"caption":"Arc-en-ciel \u00e0 compter (10 pi\u00e8ces) - Jouet en bois durable fabriqu\u00e9 \u00e0 la main par Grimm's"},{"@type":"BreadcrumbList","@id":"https:\/\/teiaeducation.ch\/fr\/produit\/arc-en-ciel-a-compter-10-pieces-grimms\/#breadcrumb","itemListElement":[{"@type":"ListItem","position":1,"name":"Home","item":"https:\/\/teiaeducation.ch\/fr\/"},{"@type":"ListItem","position":2,"name":"Boutique Teia Education &amp; Play","item":"https:\/\/teiaeducation.ch\/fr\/boutique\/"},{"@type":"ListItem","position":3,"name":"Nos Marques","item":"https:\/\/teiaeducation.ch\/fr\/categorie-produit\/marques\/"},{"@type":"ListItem","position":4,"name":"Grimm's","item":"https:\/\/teiaeducation.ch\/fr\/categorie-produit\/marques\/grimms-fr\/"},{"@type":"ListItem","position":5,"name":"Arc-en-ciel \u00e0 compter (10 Pieces) &#8211; Grimm&#8217;s"}]},{"@type":"WebSite","@id":"https:\/\/teiaeducation.ch\/fr\/#website","url":"https:\/\/teiaeducation.ch\/fr\/","name":"Sustainable Educational Products &amp; Ecological Toys\u00a0","description":"Specialised Swiss shop selling sustainable educational toys and games, AMI certified Montessori materials, handmade ecological wooden Waldorf toys and arts &amp; crafts supplies, school supplies, children&#039;s furniture and Montessori reference and parenting books.","publisher":{"@id":"https:\/\/teiaeducation.ch\/fr\/#organization"},"alternateName":"Teia Education & Play","potentialAction":[{"@type":"SearchAction","target":{"@type":"EntryPoint","urlTemplate":"https:\/\/teiaeducation.ch\/fr\/?s={search_term_string}"},"query-input":{"@type":"PropertyValueSpecification","valueRequired":true,"valueName":"search_term_string"}}],"inLanguage":"fr-FR"},{"@type":"Organization","@id":"https:\/\/teiaeducation.ch\/fr\/#organization","name":"Teia Education & Play","url":"https:\/\/teiaeducation.ch\/fr\/","logo":{"@type":"ImageObject","inLanguage":"fr-FR","@id":"https:\/\/teiaeducation.ch\/fr\/#\/schema\/logo\/image\/","url":"https:\/\/teiaeducation.ch\/wp-content\/uploads\/2020\/11\/Teia-Education-Switzerland-e1620156442216.jpg","contentUrl":"https:\/\/teiaeducation.ch\/wp-content\/uploads\/2020\/11\/Teia-Education-Switzerland-e1620156442216.jpg","width":166,"height":145,"caption":"Teia Education & Play"},"image":{"@id":"https:\/\/teiaeducation.ch\/fr\/#\/schema\/logo\/image\/"},"sameAs":["https:\/\/www.facebook.com\/teiaeducation\/","https:\/\/x.com\/EducationTeia","https:\/\/www.instagram.com\/teia.education\/","https:\/\/www.linkedin.com\/company\/35501660","https:\/\/www.pinterest.ch\/TeiaEducation\/"]}]}},"_links":{"self":[{"href":"https:\/\/teiaeducation.ch\/fr\/wp-json\/wp\/v2\/product\/37500","targetHints":{"allow":["GET"]}}],"collection":[{"href":"https:\/\/teiaeducation.ch\/fr\/wp-json\/wp\/v2\/product"}],"about":[{"href":"https:\/\/teiaeducation.ch\/fr\/wp-json\/wp\/v2\/types\/product"}],"replies":[{"embeddable":true,"href":"https:\/\/teiaeducation.ch\/fr\/wp-json\/wp\/v2\/comments?post=37500"}],"wp:featuredmedia":[{"embeddable":true,"href":"https:\/\/teiaeducation.ch\/fr\/wp-json\/wp\/v2\/media\/39244"}],"wp:attachment":[{"href":"https:\/\/teiaeducation.ch\/fr\/wp-json\/wp\/v2\/media?parent=37500"}],"wp:term":[{"taxonomy":"product_brand","embeddable":true,"href":"https:\/\/teiaeducation.ch\/fr\/wp-json\/wp\/v2\/product_brand?post=37500"},{"taxonomy":"product_cat","embeddable":true,"href":"https:\/\/teiaeducation.ch\/fr\/wp-json\/wp\/v2\/product_cat?post=37500"},{"taxonomy":"product_tag","embeddable":true,"href":"https:\/\/teiaeducation.ch\/fr\/wp-json\/wp\/v2\/product_tag?post=37500"}],"curies":[{"name":"wp","href":"https:\/\/api.w.org\/{rel}","templated":true}]}}