{"id":37605,"date":"2021-07-01T10:27:02","date_gmt":"2021-07-01T08:27:03","guid":{"rendered":"https:\/\/teiaeducation.ch\/?post_type=product&#038;p=37605"},"modified":"2022-03-09T21:20:00","modified_gmt":"2022-03-09T20:20:00","slug":"livre-the-montessori-baby-simone-davies-junnifa-uzodike","status":"publish","type":"product","link":"https:\/\/teiaeducation.ch\/fr\/produit\/livre-the-montessori-baby-simone-davies-junnifa-uzodike\/","title":{"rendered":"Livre: the Montessori baby &#8211; Simone Davies &amp; Junnifa Uzodike"},"content":{"rendered":"<p>Livre the Montessori baby de Simone Davies et Junnifa Uzodike \/ Guide des parents de b\u00e9b\u00e9s Montessori<\/p>\n<p>Le livre The Montessori Baby de Simone Davies est un guide complet destin\u00e9 \u00e0 aider les nouveaux parents \u00e0 trouver le soutien et la paix dont ils ont besoin.<\/p>\n<p>Co\u00e9crit par Simone Davies, auteur du livre The Montessori toddler, et Junnifa Uzodike, une autre \u00e9ducatrice Montessori, the Montessori baby s&#8217;appuie sur les principes de la m\u00e9thode \u00e9ducative Montessori, ax\u00e9s sur l&#8217;enfant, pour favoriser une premi\u00e8re ann\u00e9e marqu\u00e9e par l&#8217;amour, le respect, la compr\u00e9hension et un surprenant sentiment de calme.<\/p>\n<p>Ce livre r\u00e9pond aux questions que les deux \u00e9ducateurs se posent souvent sur la m\u00e9thode Montessori pour les b\u00e9b\u00e9s, aidant ainsi davantage de familles \u00e0 introduire les principes <a href=\"https:\/\/teiaeducation.ch\/fr\/categorie-produit\/methode-deducation\/montessori-fr\/\">Montessori<\/a> dans leur vie quotidienne d\u00e8s la naissance. Il est utile d&#8217;\u00e9tablir un espace &#8220;oui&#8221; &#8211; o\u00f9 le b\u00e9b\u00e9 peut explorer absolument tout en toute s\u00e9curit\u00e9, que ce soit avec les mains ou avec la bouche &#8211; et de mettre en place des activit\u00e9s pour favoriser le d\u00e9veloppement du mouvement et du langage du b\u00e9b\u00e9, mais il faut ensuite prendre du recul &#8211; le r\u00f4le du parent est de pr\u00e9parer l&#8217;environnement, pas d&#8217;\u00eatre l&#8217;animateur. The Montessori baby comprend des conseils sur la mani\u00e8re de d\u00e9finir des limites claires et bienveillantes, de cr\u00e9er un sentiment d&#8217;attachement s\u00e9curisant, de parler au mieux au b\u00e9b\u00e9, et m\u00eame sur le type de jouets \u00e0 utiliser (notamment les mobiles) &#8211; tout cela \u00e0 travers la perspective Montessori.<\/p>\n<p>Et comme son pr\u00e9d\u00e9cesseur, the Montessori toddler, the Montessori baby est ce rare livre sur la parentalit\u00e9 avec de belles illustrations en couleur et un design lumineux et a\u00e9r\u00e9 qui renforcent l&#8217;approche directe et sans jargon. Il peut \u00e9galement inciter les parents \u00e0 consid\u00e9rer leur propre maison d&#8217;une mani\u00e8re diff\u00e9rente et \u00e0 utiliser l&#8217;esth\u00e9tique Montessori pour cr\u00e9er un environnement calme et \u00e9pur\u00e9. Toute la famille en profitera.<\/p>\n<p>L&#8217;auteur Simone Davies est une enseignante Montessori AMI (Association Montessori Internationale) et l&#8217;auteur de &#8220;The Montessori Toddler&#8221;. Elle a plus de 15 ans d&#8217;exp\u00e9rience de travail dans des environnements Montessori et dirige un blog populaire et sa communaut\u00e9 instagram appel\u00e9e &#8220;The Montessori Notebook&#8221;. Elle est \u00e9galement m\u00e8re de deux jeunes adultes. Simone conduit actuellement des classes Montessori parents-enfants \u00e0 Amsterdam dans son \u00e9cole Jacaranda Tree Montessori.<\/p>\n<p>Junnifa Uzodike vit au Nigeria et est form\u00e9e comme enseignante Montessori par l&#8217;AMI pour tous les groupes d&#8217;\u00e2ge. Elle a 3 jeunes enfants et a cr\u00e9\u00e9 la Fruitful Orchard Montessori School en 2018 qui accueille des enfants de la petite enfance jusqu&#8217;\u00e0 l&#8217;\u00e9l\u00e9mentaire. Elle est \u00e9galement le plus jeune membre et le premier membre africain du conseil d&#8217;administration de l&#8217;AMI. Son blog et sa communaut\u00e9 instagram &#8220;nduoma&#8221; sont des ressources tr\u00e8s respect\u00e9es pour les familles Montessori.<\/p>\n<p>The Montessori baby est magnifiquement illustr\u00e9 par Sanny van Loon, avec la conception du livre par Hiyoko Imai, et est publi\u00e9 par Workman Publishing, New York, \u00c9tats-Unis.<\/p>\n<p>Contenu :<\/p>\n<p>1 livre de poche, 277 pages.<\/p>\n","protected":false},"excerpt":{"rendered":"<p>Num\u00e9ro d&#8217;article: 34268678<\/p>\n<p>Le livre The Montessori Baby de Simone Davies est un guide complet destin\u00e9 \u00e0 aider les nouveaux parents \u00e0 trouver le soutien et la paix dont ils ont besoin.<\/p>\n","protected":false},"featured_media":53674,"comment_status":"open","ping_status":"closed","template":"","meta":[],"product_brand":[],"product_cat":[25968,208,8526,8572,311,20666,20667,8567,7595,1218,217,5851,292,212],"product_tag":[22580,18950,18956,18955,22579,18957,22583,22581,18952,22582,18948,18947,18953,18951,18949,18954],"class_list":{"0":"post-37605","1":"product","2":"type-product","3":"status-publish","4":"has-post-thumbnail","6":"product_cat-0-12-mois-bebe","7":"product_cat-1-3-ans","8":"product_cat-fournitures-scolaires-a-domicile","9":"product_cat-jeu-et-apprentissage-pour-bebes-et-jeunes-enfants","10":"product_cat-livres-appui-au-curriculum","11":"product_cat-livres-montessori","12":"product_cat-livres-sur-la-parentalite","13":"product_cat-materiel-scolaire-montessori","14":"product_cat-methode-deducation","15":"product_cat-montessori-fr","16":"product_cat-marques","17":"product_cat-nouveautes","18":"product_cat-appui-au-curriculum","19":"product_cat-tranche-dage","20":"product_tag-guide-des-parents-de-bebes-montessori","21":"product_tag-guide-parental-montessori","22":"product_tag-leducation-des-enfants-selon-le-modele-montessori","23":"product_tag-le-calme-dans-la-parentalite","24":"product_tag-livre-the-montessori-baby-par-simone-davies-et-junnifa-uzodike","25":"product_tag-livre-the-montessori-toddler-by-simone-davies","26":"product_tag-livres-parent-bebe-montessori","27":"product_tag-livres-sur-leducation-des-bebes","28":"product_tag-livres-sur-leducation-des-enfants","29":"product_tag-livres-sur-la-parentalite-bebe-montessori","30":"product_tag-livres-sur-la-parentalite-montessori","31":"product_tag-montessori-a-la-maison","32":"product_tag-montessori-pour-les-tout-petits","33":"product_tag-montessori-tout-petits","34":"product_tag-parentalite-montessori","35":"product_tag-une-parentalite-efficace","37":"first","38":"instock","39":"taxable","40":"shipping-taxable","41":"purchasable","42":"product-type-variable"},"yoast_head":"<!-- This site is optimized with the Yoast SEO plugin v27.1.1 - https:\/\/yoast.com\/product\/yoast-seo-wordpress\/ -->\n<title>The Montessori baby - Simone Davies - Teia Education &amp; Play<\/title>\n<meta name=\"description\" content=\"The Montessori Baby livre de Simone Davies est destin\u00e9 \u00e0 aider les nouveaux parents \u00e0 trouver le soutien et la paix dont ils ont besoin.\" \/>\n<meta name=\"robots\" content=\"index, follow, max-snippet:-1, max-image-preview:large, max-video-preview:-1\" \/>\n<link rel=\"canonical\" href=\"https:\/\/teiaeducation.ch\/fr\/produit\/livre-the-montessori-baby-simone-davies-junnifa-uzodike\/\" \/>\n<meta property=\"og:locale\" content=\"fr_FR\" \/>\n<meta property=\"og:type\" content=\"article\" \/>\n<meta property=\"og:title\" content=\"The Montessori baby - Simone Davies - Teia Education &amp; Play\" \/>\n<meta property=\"og:description\" content=\"The Montessori Baby livre de Simone Davies est destin\u00e9 \u00e0 aider les nouveaux parents \u00e0 trouver le soutien et la paix dont ils ont besoin.\" \/>\n<meta property=\"og:url\" content=\"https:\/\/teiaeducation.ch\/fr\/produit\/livre-the-montessori-baby-simone-davies-junnifa-uzodike\/\" \/>\n<meta property=\"og:site_name\" content=\"Sustainable Educational Products &amp; Ecological Toys\u00a0\" \/>\n<meta property=\"article:publisher\" content=\"https:\/\/www.facebook.com\/teiaeducation\/\" \/>\n<meta property=\"article:modified_time\" content=\"2022-03-09T20:20:00+00:00\" \/>\n<meta property=\"og:image\" content=\"https:\/\/teiaeducation.ch\/wp-content\/uploads\/2021\/07\/Book-Buch-the-das-Montessori-baby-Simone-Davies-Junnifa-Uzodike-2-scaled.jpg\" \/>\n\t<meta property=\"og:image:width\" content=\"2048\" \/>\n\t<meta property=\"og:image:height\" content=\"1584\" \/>\n\t<meta property=\"og:image:type\" content=\"image\/jpeg\" \/>\n<script type=\"application\/ld+json\" class=\"yoast-schema-graph\">{\"@context\":\"https:\/\/schema.org\",\"@graph\":[{\"@type\":\"WebPage\",\"@id\":\"https:\/\/teiaeducation.ch\/fr\/produit\/livre-the-montessori-baby-simone-davies-junnifa-uzodike\/\",\"url\":\"https:\/\/teiaeducation.ch\/fr\/produit\/livre-the-montessori-baby-simone-davies-junnifa-uzodike\/\",\"name\":\"The Montessori baby - Simone Davies - Teia Education & Play\",\"isPartOf\":{\"@id\":\"https:\/\/teiaeducation.ch\/fr\/#website\"},\"primaryImageOfPage\":{\"@id\":\"https:\/\/teiaeducation.ch\/fr\/produit\/livre-the-montessori-baby-simone-davies-junnifa-uzodike\/#primaryimage\"},\"image\":{\"@id\":\"https:\/\/teiaeducation.ch\/fr\/produit\/livre-the-montessori-baby-simone-davies-junnifa-uzodike\/#primaryimage\"},\"thumbnailUrl\":\"https:\/\/teiaeducation.ch\/wp-content\/uploads\/2021\/07\/Book-Buch-the-das-Montessori-baby-Simone-Davies-Junnifa-Uzodike-2-scaled.jpg\",\"datePublished\":\"2021-07-01T08:27:03+00:00\",\"dateModified\":\"2022-03-09T20:20:00+00:00\",\"description\":\"The Montessori Baby livre de Simone Davies est destin\u00e9 \u00e0 aider les nouveaux parents \u00e0 trouver le soutien et la paix dont ils ont besoin.\",\"breadcrumb\":{\"@id\":\"https:\/\/teiaeducation.ch\/fr\/produit\/livre-the-montessori-baby-simone-davies-junnifa-uzodike\/#breadcrumb\"},\"inLanguage\":\"fr-FR\",\"potentialAction\":[{\"@type\":\"ReadAction\",\"target\":[\"https:\/\/teiaeducation.ch\/fr\/produit\/livre-the-montessori-baby-simone-davies-junnifa-uzodike\/\"]}]},{\"@type\":\"ImageObject\",\"inLanguage\":\"fr-FR\",\"@id\":\"https:\/\/teiaeducation.ch\/fr\/produit\/livre-the-montessori-baby-simone-davies-junnifa-uzodike\/#primaryimage\",\"url\":\"https:\/\/teiaeducation.ch\/wp-content\/uploads\/2021\/07\/Book-Buch-the-das-Montessori-baby-Simone-Davies-Junnifa-Uzodike-2-scaled.jpg\",\"contentUrl\":\"https:\/\/teiaeducation.ch\/wp-content\/uploads\/2021\/07\/Book-Buch-the-das-Montessori-baby-Simone-Davies-Junnifa-Uzodike-2-scaled.jpg\",\"width\":2048,\"height\":1584,\"caption\":\"Book Buch the das Montessori baby Simone Davies & Junnifa Uzodike\"},{\"@type\":\"BreadcrumbList\",\"@id\":\"https:\/\/teiaeducation.ch\/fr\/produit\/livre-the-montessori-baby-simone-davies-junnifa-uzodike\/#breadcrumb\",\"itemListElement\":[{\"@type\":\"ListItem\",\"position\":1,\"name\":\"Home\",\"item\":\"https:\/\/teiaeducation.ch\/fr\/\"},{\"@type\":\"ListItem\",\"position\":2,\"name\":\"Boutique Teia Education &amp; Play\",\"item\":\"https:\/\/teiaeducation.ch\/fr\/boutique\/\"},{\"@type\":\"ListItem\",\"position\":3,\"name\":\"Supports P\u00e9dagogiques\",\"item\":\"https:\/\/teiaeducation.ch\/fr\/categorie-produit\/appui-au-curriculum\/\"},{\"@type\":\"ListItem\",\"position\":4,\"name\":\"Livres\",\"item\":\"https:\/\/teiaeducation.ch\/fr\/categorie-produit\/appui-au-curriculum\/livres-appui-au-curriculum\/\"},{\"@type\":\"ListItem\",\"position\":5,\"name\":\"Livres Montessori\",\"item\":\"https:\/\/teiaeducation.ch\/fr\/categorie-produit\/appui-au-curriculum\/livres-appui-au-curriculum\/livres-montessori\/\"},{\"@type\":\"ListItem\",\"position\":6,\"name\":\"Livre: the Montessori baby &#8211; Simone Davies &amp; Junnifa Uzodike\"}]},{\"@type\":\"WebSite\",\"@id\":\"https:\/\/teiaeducation.ch\/fr\/#website\",\"url\":\"https:\/\/teiaeducation.ch\/fr\/\",\"name\":\"Sustainable Educational Products &amp; Ecological Toys\u00a0\",\"description\":\"Specialised Swiss shop selling sustainable educational toys and games, AMI certified Montessori materials, handmade ecological wooden Waldorf toys and arts &amp; crafts supplies, school supplies, children&#039;s furniture and Montessori reference and parenting books.\",\"publisher\":{\"@id\":\"https:\/\/teiaeducation.ch\/fr\/#organization\"},\"alternateName\":\"Teia Education & Play\",\"potentialAction\":[{\"@type\":\"SearchAction\",\"target\":{\"@type\":\"EntryPoint\",\"urlTemplate\":\"https:\/\/teiaeducation.ch\/fr\/?s={search_term_string}\"},\"query-input\":{\"@type\":\"PropertyValueSpecification\",\"valueRequired\":true,\"valueName\":\"search_term_string\"}}],\"inLanguage\":\"fr-FR\"},{\"@type\":\"Organization\",\"@id\":\"https:\/\/teiaeducation.ch\/fr\/#organization\",\"name\":\"Teia Education & Play\",\"url\":\"https:\/\/teiaeducation.ch\/fr\/\",\"logo\":{\"@type\":\"ImageObject\",\"inLanguage\":\"fr-FR\",\"@id\":\"https:\/\/teiaeducation.ch\/fr\/#\/schema\/logo\/image\/\",\"url\":\"https:\/\/teiaeducation.ch\/wp-content\/uploads\/2020\/11\/Teia-Education-Switzerland-e1620156442216.jpg\",\"contentUrl\":\"https:\/\/teiaeducation.ch\/wp-content\/uploads\/2020\/11\/Teia-Education-Switzerland-e1620156442216.jpg\",\"width\":166,\"height\":145,\"caption\":\"Teia Education & Play\"},\"image\":{\"@id\":\"https:\/\/teiaeducation.ch\/fr\/#\/schema\/logo\/image\/\"},\"sameAs\":[\"https:\/\/www.facebook.com\/teiaeducation\/\",\"https:\/\/x.com\/EducationTeia\",\"https:\/\/www.instagram.com\/teia.education\/\",\"https:\/\/www.linkedin.com\/company\/35501660\",\"https:\/\/www.pinterest.ch\/TeiaEducation\/\"]}]}<\/script>\n<!-- \/ Yoast SEO plugin. -->","yoast_head_json":{"title":"The Montessori baby - Simone Davies - Teia Education & Play","description":"The Montessori Baby livre de Simone Davies est destin\u00e9 \u00e0 aider les nouveaux parents \u00e0 trouver le soutien et la paix dont ils ont besoin.","robots":{"index":"index","follow":"follow","max-snippet":"max-snippet:-1","max-image-preview":"max-image-preview:large","max-video-preview":"max-video-preview:-1"},"canonical":"https:\/\/teiaeducation.ch\/fr\/produit\/livre-the-montessori-baby-simone-davies-junnifa-uzodike\/","og_locale":"fr_FR","og_type":"article","og_title":"The Montessori baby - Simone Davies - Teia Education & Play","og_description":"The Montessori Baby livre de Simone Davies est destin\u00e9 \u00e0 aider les nouveaux parents \u00e0 trouver le soutien et la paix dont ils ont besoin.","og_url":"https:\/\/teiaeducation.ch\/fr\/produit\/livre-the-montessori-baby-simone-davies-junnifa-uzodike\/","og_site_name":"Sustainable Educational Products &amp; Ecological Toys\u00a0","article_publisher":"https:\/\/www.facebook.com\/teiaeducation\/","article_modified_time":"2022-03-09T20:20:00+00:00","og_image":[{"width":2048,"height":1584,"url":"https:\/\/teiaeducation.ch\/wp-content\/uploads\/2021\/07\/Book-Buch-the-das-Montessori-baby-Simone-Davies-Junnifa-Uzodike-2-scaled.jpg","type":"image\/jpeg"}],"schema":{"@context":"https:\/\/schema.org","@graph":[{"@type":"WebPage","@id":"https:\/\/teiaeducation.ch\/fr\/produit\/livre-the-montessori-baby-simone-davies-junnifa-uzodike\/","url":"https:\/\/teiaeducation.ch\/fr\/produit\/livre-the-montessori-baby-simone-davies-junnifa-uzodike\/","name":"The Montessori baby - Simone Davies - Teia Education & Play","isPartOf":{"@id":"https:\/\/teiaeducation.ch\/fr\/#website"},"primaryImageOfPage":{"@id":"https:\/\/teiaeducation.ch\/fr\/produit\/livre-the-montessori-baby-simone-davies-junnifa-uzodike\/#primaryimage"},"image":{"@id":"https:\/\/teiaeducation.ch\/fr\/produit\/livre-the-montessori-baby-simone-davies-junnifa-uzodike\/#primaryimage"},"thumbnailUrl":"https:\/\/teiaeducation.ch\/wp-content\/uploads\/2021\/07\/Book-Buch-the-das-Montessori-baby-Simone-Davies-Junnifa-Uzodike-2-scaled.jpg","datePublished":"2021-07-01T08:27:03+00:00","dateModified":"2022-03-09T20:20:00+00:00","description":"The Montessori Baby livre de Simone Davies est destin\u00e9 \u00e0 aider les nouveaux parents \u00e0 trouver le soutien et la paix dont ils ont besoin.","breadcrumb":{"@id":"https:\/\/teiaeducation.ch\/fr\/produit\/livre-the-montessori-baby-simone-davies-junnifa-uzodike\/#breadcrumb"},"inLanguage":"fr-FR","potentialAction":[{"@type":"ReadAction","target":["https:\/\/teiaeducation.ch\/fr\/produit\/livre-the-montessori-baby-simone-davies-junnifa-uzodike\/"]}]},{"@type":"ImageObject","inLanguage":"fr-FR","@id":"https:\/\/teiaeducation.ch\/fr\/produit\/livre-the-montessori-baby-simone-davies-junnifa-uzodike\/#primaryimage","url":"https:\/\/teiaeducation.ch\/wp-content\/uploads\/2021\/07\/Book-Buch-the-das-Montessori-baby-Simone-Davies-Junnifa-Uzodike-2-scaled.jpg","contentUrl":"https:\/\/teiaeducation.ch\/wp-content\/uploads\/2021\/07\/Book-Buch-the-das-Montessori-baby-Simone-Davies-Junnifa-Uzodike-2-scaled.jpg","width":2048,"height":1584,"caption":"Book Buch the das Montessori baby Simone Davies & Junnifa Uzodike"},{"@type":"BreadcrumbList","@id":"https:\/\/teiaeducation.ch\/fr\/produit\/livre-the-montessori-baby-simone-davies-junnifa-uzodike\/#breadcrumb","itemListElement":[{"@type":"ListItem","position":1,"name":"Home","item":"https:\/\/teiaeducation.ch\/fr\/"},{"@type":"ListItem","position":2,"name":"Boutique Teia Education &amp; Play","item":"https:\/\/teiaeducation.ch\/fr\/boutique\/"},{"@type":"ListItem","position":3,"name":"Supports P\u00e9dagogiques","item":"https:\/\/teiaeducation.ch\/fr\/categorie-produit\/appui-au-curriculum\/"},{"@type":"ListItem","position":4,"name":"Livres","item":"https:\/\/teiaeducation.ch\/fr\/categorie-produit\/appui-au-curriculum\/livres-appui-au-curriculum\/"},{"@type":"ListItem","position":5,"name":"Livres Montessori","item":"https:\/\/teiaeducation.ch\/fr\/categorie-produit\/appui-au-curriculum\/livres-appui-au-curriculum\/livres-montessori\/"},{"@type":"ListItem","position":6,"name":"Livre: the Montessori baby &#8211; Simone Davies &amp; Junnifa Uzodike"}]},{"@type":"WebSite","@id":"https:\/\/teiaeducation.ch\/fr\/#website","url":"https:\/\/teiaeducation.ch\/fr\/","name":"Sustainable Educational Products &amp; Ecological Toys\u00a0","description":"Specialised Swiss shop selling sustainable educational toys and games, AMI certified Montessori materials, handmade ecological wooden Waldorf toys and arts &amp; crafts supplies, school supplies, children&#039;s furniture and Montessori reference and parenting books.","publisher":{"@id":"https:\/\/teiaeducation.ch\/fr\/#organization"},"alternateName":"Teia Education & Play","potentialAction":[{"@type":"SearchAction","target":{"@type":"EntryPoint","urlTemplate":"https:\/\/teiaeducation.ch\/fr\/?s={search_term_string}"},"query-input":{"@type":"PropertyValueSpecification","valueRequired":true,"valueName":"search_term_string"}}],"inLanguage":"fr-FR"},{"@type":"Organization","@id":"https:\/\/teiaeducation.ch\/fr\/#organization","name":"Teia Education & Play","url":"https:\/\/teiaeducation.ch\/fr\/","logo":{"@type":"ImageObject","inLanguage":"fr-FR","@id":"https:\/\/teiaeducation.ch\/fr\/#\/schema\/logo\/image\/","url":"https:\/\/teiaeducation.ch\/wp-content\/uploads\/2020\/11\/Teia-Education-Switzerland-e1620156442216.jpg","contentUrl":"https:\/\/teiaeducation.ch\/wp-content\/uploads\/2020\/11\/Teia-Education-Switzerland-e1620156442216.jpg","width":166,"height":145,"caption":"Teia Education & Play"},"image":{"@id":"https:\/\/teiaeducation.ch\/fr\/#\/schema\/logo\/image\/"},"sameAs":["https:\/\/www.facebook.com\/teiaeducation\/","https:\/\/x.com\/EducationTeia","https:\/\/www.instagram.com\/teia.education\/","https:\/\/www.linkedin.com\/company\/35501660","https:\/\/www.pinterest.ch\/TeiaEducation\/"]}]}},"_links":{"self":[{"href":"https:\/\/teiaeducation.ch\/fr\/wp-json\/wp\/v2\/product\/37605","targetHints":{"allow":["GET"]}}],"collection":[{"href":"https:\/\/teiaeducation.ch\/fr\/wp-json\/wp\/v2\/product"}],"about":[{"href":"https:\/\/teiaeducation.ch\/fr\/wp-json\/wp\/v2\/types\/product"}],"replies":[{"embeddable":true,"href":"https:\/\/teiaeducation.ch\/fr\/wp-json\/wp\/v2\/comments?post=37605"}],"wp:featuredmedia":[{"embeddable":true,"href":"https:\/\/teiaeducation.ch\/fr\/wp-json\/wp\/v2\/media\/53674"}],"wp:attachment":[{"href":"https:\/\/teiaeducation.ch\/fr\/wp-json\/wp\/v2\/media?parent=37605"}],"wp:term":[{"taxonomy":"product_brand","embeddable":true,"href":"https:\/\/teiaeducation.ch\/fr\/wp-json\/wp\/v2\/product_brand?post=37605"},{"taxonomy":"product_cat","embeddable":true,"href":"https:\/\/teiaeducation.ch\/fr\/wp-json\/wp\/v2\/product_cat?post=37605"},{"taxonomy":"product_tag","embeddable":true,"href":"https:\/\/teiaeducation.ch\/fr\/wp-json\/wp\/v2\/product_tag?post=37605"}],"curies":[{"name":"wp","href":"https:\/\/api.w.org\/{rel}","templated":true}]}}