{"id":37614,"date":"2021-03-31T13:33:43","date_gmt":"2021-03-31T11:33:43","guid":{"rendered":"https:\/\/teiaeducation.ch\/product\/levolution-de-lhomme-safari-ltd\/"},"modified":"2024-12-01T16:58:54","modified_gmt":"2024-12-01T15:58:54","slug":"evolution-de-lhomme-safari-ltd","status":"publish","type":"product","link":"https:\/\/teiaeducation.ch\/fr\/produit\/evolution-de-lhomme-safari-ltd\/","title":{"rendered":"Figurines l&#8217;\u00e9volution de l&#8217;homme &#8211; Safari Ltd"},"content":{"rendered":"<p>Le Safari designer TOOB avec ses figurines r\u00e9alistes sur le th\u00e8me de\u00a0l&#8217;\u00e9volution de l&#8217;homme et l&#8217;histoire de notre terre de Safari Ltd est un jouet \u00e9ducatif\u00a0<a href=\"https:\/\/teiaeducation.ch\/fr\/categorie-produit\/methode-deducation\/montessori-fr\/\">Montessori<\/a>\u00a0pour a la maison ou en\u00a0<a href=\"https:\/\/teiaeducation.ch\/fr\/fournitures-scolaires\/fournitures-pour-les-ecoles-montessori\/\">classe<\/a> !<\/p>\n<p>Les 5 mod\u00e8les magnifiquement d\u00e9taill\u00e9s et r\u00e9alistes aident les enfants \u00e0 comprendre visuellement et concr\u00e8tement les diff\u00e9rentes \u00e9tapes du d\u00e9veloppement humain et l&#8217;histoire de l&#8217;\u00e9volution. La <a href=\"https:\/\/teiaeducation.ch\/fr\/produit\/ligne-du-temps-devolution-anglais-nienhuis-montessori\/\">chronologie de notre \u00e9volution<\/a> devient tangible et peut \u00eatre racont\u00e9e sous une forme visuelle et tactile gr\u00e2ce \u00e0 ces cinq figurines. L&#8217;ensemble suit les \u00e9volutions, en commen\u00e7ant par le singe Australopithecus afarensis et en progressant de 2 millions d&#8217;ann\u00e9es ou plus jusqu&#8217;\u00e0 l&#8217;Homo sapiens sapiens, l&#8217;humain tr\u00e8s sage.<\/p>\n<p>Chacune des cinq figurines de cet ensemble repr\u00e9sente un point sp\u00e9cifique dans les millions d&#8217;ann\u00e9es d&#8217;\u00e9volution de l&#8217;homme, et chaque figurine pr\u00e9sente des objets ou des v\u00eatements illustrant le stade de d\u00e9veloppement. L&#8217;ensemble comprende l&#8217;Australopithecus afarensis, l&#8217;Homo habilis, l&#8217;Homo erectus, l&#8217;Homo neanderthalis et l&#8217;Homo sapiens sapiens.<\/p>\n<p>Cet ensemble Safariology de haute qualit\u00e9 et durable est un excellent outil p\u00e9dagogique et un jouet d&#8217;inspiration <a href=\"https:\/\/teiaeducation.ch\/fr\/categorie-produit\/jouer\/jouets-montessori\/\">Montessori<\/a>. Les figurines d&#8217;apprentissage pratiques sont parfaites pour soutenir les le\u00e7ons sur la culture et la science, la terre, la <a href=\"https:\/\/teiaeducation.ch\/fr\/categorie-produit\/domaines-du-curriculum\/culture-sciences\/prehistoire\/\">pr\u00e9histoire<\/a> et les <a href=\"https:\/\/teiaeducation.ch\/fr\/categorie-produit\/domaines-du-curriculum\/culture-sciences\/lignes-du-temps\/\">lignes du temps<\/a>, ainsi que de merveilleux objets linguistiques pour enrichir le vocabulaire et les r\u00e9cits.<\/p>\n<p>Chaque figurine est tr\u00e8s d\u00e9taill\u00e9e, scientifiquement pr\u00e9cise et r\u00e9aliste en termes d&#8217;\u00e9chelle et de texture, les corps poilus et simiesques laissant place \u00e0 des structures faciales et corporelles plus modernes. D&#8217;une taille de 6,35 cm (Australopithecus afarensis) \u00e0 7,6 cm (Homo sapiens sapiens), ces figurines sont non toxiques, sans BPA et conviennent aux enfants de 3 ans et plus.<\/p>\n<p>La marque familiale am\u00e9ricaine <a href=\"https:\/\/teiaeducation.ch\/fr\/categorie-produit\/marques\/safari-jouets-figurines-animaux-fr\/\">Safari Ltd\u00ae<\/a> cr\u00e9e depuis plus de 30 ans des figurines <a href=\"https:\/\/teiaeducation.ch\/fr\/categorie-produit\/jouer\/animaux-fermes\/\">d\u2019animaux<\/a> merveilleusement r\u00e9alistes et des outils p\u00e9dagogiques. Leurs jouets durables, de haute qualit\u00e9 et fabriqu\u00e9s avec soin, sensibilisent les enfants \u00e0 l\u2019importance de la <a href=\"https:\/\/teiaeducation.ch\/fr\/categorie-produit\/jouer\/jeu-de-la-nature\/\">nature<\/a> et de la conservation par le biais de la joie du <a href=\"https:\/\/teiaeducation.ch\/fr\/categorie-produit\/jouer\/jeu-imaginatif-faire-semblant\/\">jeu imaginatif<\/a> et peuvent \u00eatre utilis\u00e9s de diverses mani\u00e8res.<\/p>\n<p>Tous les produits de Safari Ltd sont non toxiques, sans <a href=\"https:\/\/en.wikipedia.org\/wiki\/Bisphenol_A\">BPA<\/a>, sans plomb et sans phtalates. Ils sont rigoureusement test\u00e9s en termes de s\u00e9curit\u00e9, passant et d\u00e9passant toutes les r\u00e9glementations et normes de test mondiales. La marque utilise des emballages respectueux de l\u2019environnement, notamment du papier recycl\u00e9 et recyclable sans rev\u00eatement UV, et s\u2019efforce d\u2019appliquer des pratiques commerciales \u00e9cologiques tout au long de la production.<\/p>\n<p>Contenu :<\/p>\n<p>5 figurines de l&#8217;\u00e9volution de l&#8217;Homme<\/p>\n","protected":false},"excerpt":{"rendered":"<p>Num\u00e9ro d&#8217;article: S663816<\/p>\n<p>Les figurines de l&#8217;\u00e9volution de l&#8217;homme de Safari Ltd montrent visuellement les diff\u00e9rentes \u00e9tapes du d\u00e9veloppement humain et l&#8217;histoire de l&#8217;\u00e9volution.<\/p>\n","protected":false},"featured_media":34961,"comment_status":"open","ping_status":"closed","template":"","meta":[],"product_brand":[],"product_cat":[8527,215,8580,216,285,22344,284,283,293,8526,596,13130,22181,1220,23650,594,13140,299,7595,1218,217,5851,597,611,18967,292,212,612],"product_tag":[20195,20203,19419,19417,19418,19416,20194,20198,8132,19415,20197],"class_list":{"0":"post-37614","1":"product","2":"type-product","3":"status-publish","4":"has-post-thumbnail","6":"product_cat-3-6-ans-ecole-a-domicile","7":"product_cat-3-6-ans","8":"product_cat-6-12-ans-ecole-a-domicile","9":"product_cat-6-12-ans","10":"product_cat-alphabetisation-langage","11":"product_cat-collections-saisonnieres","12":"product_cat-culture-sciences","13":"product_cat-domaines-du-curriculum","14":"product_cat-ensembles-dactivites","15":"product_cat-fournitures-scolaires-a-domicile","16":"product_cat-geographie-humaine-culture","17":"product_cat-jouer","18":"product_cat-jouets-montessori","19":"product_cat-traditionnelle","20":"product_cat-la-rentree-scolaire","21":"product_cat-terre-et-univers","22":"product_cat-jeu-libre","23":"product_cat-lignes-du-temps","24":"product_cat-methode-deducation","25":"product_cat-montessori-fr","26":"product_cat-marques","27":"product_cat-nouveautes","28":"product_cat-prehistoire","29":"product_cat-raconter-des-histoires","30":"product_cat-safari-jouets-figurines-animaux-fr","31":"product_cat-appui-au-curriculum","32":"product_cat-tranche-dage","33":"product_cat-vocabulaire-fr","34":"product_tag-ensembles-de-safariologie","35":"product_tag-evolution-de-lhomme-safari-ltd","36":"product_tag-figures-danimaux-non-toxiques","37":"product_tag-jouets-dapprentissage","38":"product_tag-jouets-non-toxiques","39":"product_tag-jouets-sans-bisphenol-a","40":"product_tag-les-jouets-du-cycle-de-vie","41":"product_tag-modele-de-la-nymphe","42":"product_tag-montessori-jouets","43":"product_tag-safari-jouets","44":"product_tag-zoologie-montessori","46":"first","47":"instock","48":"taxable","49":"shipping-taxable","50":"purchasable","51":"product-type-simple"},"yoast_head":"<!-- This site is optimized with the Yoast SEO plugin v27.1.1 - https:\/\/yoast.com\/product\/yoast-seo-wordpress\/ -->\n<title>Figurines l&#039;\u00e9volution de l&#039;homme - Safari Ltd<\/title>\n<meta name=\"description\" content=\"Les figurines de l&#039;\u00e9volution de l&#039;homme de Safari Ltd montrent visuellement les diff\u00e9rentes \u00e9tapes du d\u00e9veloppement humain et l&#039;histoire de l&#039;\u00e9volution.\" \/>\n<meta name=\"robots\" content=\"index, follow, max-snippet:-1, max-image-preview:large, max-video-preview:-1\" \/>\n<link rel=\"canonical\" href=\"https:\/\/teiaeducation.ch\/fr\/produit\/evolution-de-lhomme-safari-ltd\/\" \/>\n<meta property=\"og:locale\" content=\"fr_FR\" \/>\n<meta property=\"og:type\" content=\"article\" \/>\n<meta property=\"og:title\" content=\"Figurines l&#039;\u00e9volution de l&#039;homme - Safari Ltd\" \/>\n<meta property=\"og:description\" content=\"Les figurines de l&#039;\u00e9volution de l&#039;homme de Safari Ltd montrent visuellement les diff\u00e9rentes \u00e9tapes du d\u00e9veloppement humain et l&#039;histoire de l&#039;\u00e9volution.\" \/>\n<meta property=\"og:url\" content=\"https:\/\/teiaeducation.ch\/fr\/produit\/evolution-de-lhomme-safari-ltd\/\" \/>\n<meta property=\"og:site_name\" content=\"Sustainable Educational Products &amp; Ecological Toys\u00a0\" \/>\n<meta property=\"article:publisher\" content=\"https:\/\/www.facebook.com\/teiaeducation\/\" \/>\n<meta property=\"article:modified_time\" content=\"2024-12-01T15:58:54+00:00\" \/>\n<meta property=\"og:image\" content=\"https:\/\/teiaeducation.ch\/wp-content\/uploads\/2021\/03\/story-of-evolution-learning-toy-Evolution-of-Man-figurines-set-Safari-Ltd.jpg\" \/>\n\t<meta property=\"og:image:width\" content=\"1000\" \/>\n\t<meta property=\"og:image:height\" content=\"1000\" \/>\n\t<meta property=\"og:image:type\" content=\"image\/jpeg\" \/>\n<script type=\"application\/ld+json\" class=\"yoast-schema-graph\">{\"@context\":\"https:\/\/schema.org\",\"@graph\":[{\"@type\":\"WebPage\",\"@id\":\"https:\/\/teiaeducation.ch\/fr\/produit\/evolution-de-lhomme-safari-ltd\/\",\"url\":\"https:\/\/teiaeducation.ch\/fr\/produit\/evolution-de-lhomme-safari-ltd\/\",\"name\":\"Figurines l'\u00e9volution de l'homme - Safari Ltd\",\"isPartOf\":{\"@id\":\"https:\/\/teiaeducation.ch\/fr\/#website\"},\"primaryImageOfPage\":{\"@id\":\"https:\/\/teiaeducation.ch\/fr\/produit\/evolution-de-lhomme-safari-ltd\/#primaryimage\"},\"image\":{\"@id\":\"https:\/\/teiaeducation.ch\/fr\/produit\/evolution-de-lhomme-safari-ltd\/#primaryimage\"},\"thumbnailUrl\":\"https:\/\/teiaeducation.ch\/wp-content\/uploads\/2021\/03\/story-of-evolution-learning-toy-Evolution-of-Man-figurines-set-Safari-Ltd.jpg\",\"datePublished\":\"2021-03-31T11:33:43+00:00\",\"dateModified\":\"2024-12-01T15:58:54+00:00\",\"description\":\"Les figurines de l'\u00e9volution de l'homme de Safari Ltd montrent visuellement les diff\u00e9rentes \u00e9tapes du d\u00e9veloppement humain et l'histoire de l'\u00e9volution.\",\"breadcrumb\":{\"@id\":\"https:\/\/teiaeducation.ch\/fr\/produit\/evolution-de-lhomme-safari-ltd\/#breadcrumb\"},\"inLanguage\":\"fr-FR\",\"potentialAction\":[{\"@type\":\"ReadAction\",\"target\":[\"https:\/\/teiaeducation.ch\/fr\/produit\/evolution-de-lhomme-safari-ltd\/\"]}]},{\"@type\":\"ImageObject\",\"inLanguage\":\"fr-FR\",\"@id\":\"https:\/\/teiaeducation.ch\/fr\/produit\/evolution-de-lhomme-safari-ltd\/#primaryimage\",\"url\":\"https:\/\/teiaeducation.ch\/wp-content\/uploads\/2021\/03\/story-of-evolution-learning-toy-Evolution-of-Man-figurines-set-Safari-Ltd.jpg\",\"contentUrl\":\"https:\/\/teiaeducation.ch\/wp-content\/uploads\/2021\/03\/story-of-evolution-learning-toy-Evolution-of-Man-figurines-set-Safari-Ltd.jpg\",\"width\":1000,\"height\":1000,\"caption\":\"Histoire de l'\u00e9volution jouet d'apprentissage Ensemble de figurines de l'\u00e9volution de l'homme - Safari Ltd\"},{\"@type\":\"BreadcrumbList\",\"@id\":\"https:\/\/teiaeducation.ch\/fr\/produit\/evolution-de-lhomme-safari-ltd\/#breadcrumb\",\"itemListElement\":[{\"@type\":\"ListItem\",\"position\":1,\"name\":\"Home\",\"item\":\"https:\/\/teiaeducation.ch\/fr\/\"},{\"@type\":\"ListItem\",\"position\":2,\"name\":\"Boutique Teia Education &amp; Play\",\"item\":\"https:\/\/teiaeducation.ch\/fr\/boutique\/\"},{\"@type\":\"ListItem\",\"position\":3,\"name\":\"Nos Marques\",\"item\":\"https:\/\/teiaeducation.ch\/fr\/categorie-produit\/marques\/\"},{\"@type\":\"ListItem\",\"position\":4,\"name\":\"Safari\",\"item\":\"https:\/\/teiaeducation.ch\/fr\/categorie-produit\/marques\/safari-jouets-figurines-animaux-fr\/\"},{\"@type\":\"ListItem\",\"position\":5,\"name\":\"Figurines l&#8217;\u00e9volution de l&#8217;homme &#8211; Safari Ltd\"}]},{\"@type\":\"WebSite\",\"@id\":\"https:\/\/teiaeducation.ch\/fr\/#website\",\"url\":\"https:\/\/teiaeducation.ch\/fr\/\",\"name\":\"Sustainable Educational Products &amp; Ecological Toys\u00a0\",\"description\":\"Specialised Swiss shop selling sustainable educational toys and games, AMI certified Montessori materials, handmade ecological wooden Waldorf toys and arts &amp; crafts supplies, school supplies, children&#039;s furniture and Montessori reference and parenting books.\",\"publisher\":{\"@id\":\"https:\/\/teiaeducation.ch\/fr\/#organization\"},\"alternateName\":\"Teia Education & Play\",\"potentialAction\":[{\"@type\":\"SearchAction\",\"target\":{\"@type\":\"EntryPoint\",\"urlTemplate\":\"https:\/\/teiaeducation.ch\/fr\/?s={search_term_string}\"},\"query-input\":{\"@type\":\"PropertyValueSpecification\",\"valueRequired\":true,\"valueName\":\"search_term_string\"}}],\"inLanguage\":\"fr-FR\"},{\"@type\":\"Organization\",\"@id\":\"https:\/\/teiaeducation.ch\/fr\/#organization\",\"name\":\"Teia Education & Play\",\"url\":\"https:\/\/teiaeducation.ch\/fr\/\",\"logo\":{\"@type\":\"ImageObject\",\"inLanguage\":\"fr-FR\",\"@id\":\"https:\/\/teiaeducation.ch\/fr\/#\/schema\/logo\/image\/\",\"url\":\"https:\/\/teiaeducation.ch\/wp-content\/uploads\/2020\/11\/Teia-Education-Switzerland-e1620156442216.jpg\",\"contentUrl\":\"https:\/\/teiaeducation.ch\/wp-content\/uploads\/2020\/11\/Teia-Education-Switzerland-e1620156442216.jpg\",\"width\":166,\"height\":145,\"caption\":\"Teia Education & Play\"},\"image\":{\"@id\":\"https:\/\/teiaeducation.ch\/fr\/#\/schema\/logo\/image\/\"},\"sameAs\":[\"https:\/\/www.facebook.com\/teiaeducation\/\",\"https:\/\/x.com\/EducationTeia\",\"https:\/\/www.instagram.com\/teia.education\/\",\"https:\/\/www.linkedin.com\/company\/35501660\",\"https:\/\/www.pinterest.ch\/TeiaEducation\/\"]}]}<\/script>\n<!-- \/ Yoast SEO plugin. -->","yoast_head_json":{"title":"Figurines l'\u00e9volution de l'homme - Safari Ltd","description":"Les figurines de l'\u00e9volution de l'homme de Safari Ltd montrent visuellement les diff\u00e9rentes \u00e9tapes du d\u00e9veloppement humain et l'histoire de l'\u00e9volution.","robots":{"index":"index","follow":"follow","max-snippet":"max-snippet:-1","max-image-preview":"max-image-preview:large","max-video-preview":"max-video-preview:-1"},"canonical":"https:\/\/teiaeducation.ch\/fr\/produit\/evolution-de-lhomme-safari-ltd\/","og_locale":"fr_FR","og_type":"article","og_title":"Figurines l'\u00e9volution de l'homme - Safari Ltd","og_description":"Les figurines de l'\u00e9volution de l'homme de Safari Ltd montrent visuellement les diff\u00e9rentes \u00e9tapes du d\u00e9veloppement humain et l'histoire de l'\u00e9volution.","og_url":"https:\/\/teiaeducation.ch\/fr\/produit\/evolution-de-lhomme-safari-ltd\/","og_site_name":"Sustainable Educational Products &amp; Ecological Toys\u00a0","article_publisher":"https:\/\/www.facebook.com\/teiaeducation\/","article_modified_time":"2024-12-01T15:58:54+00:00","og_image":[{"width":1000,"height":1000,"url":"https:\/\/teiaeducation.ch\/wp-content\/uploads\/2021\/03\/story-of-evolution-learning-toy-Evolution-of-Man-figurines-set-Safari-Ltd.jpg","type":"image\/jpeg"}],"schema":{"@context":"https:\/\/schema.org","@graph":[{"@type":"WebPage","@id":"https:\/\/teiaeducation.ch\/fr\/produit\/evolution-de-lhomme-safari-ltd\/","url":"https:\/\/teiaeducation.ch\/fr\/produit\/evolution-de-lhomme-safari-ltd\/","name":"Figurines l'\u00e9volution de l'homme - Safari Ltd","isPartOf":{"@id":"https:\/\/teiaeducation.ch\/fr\/#website"},"primaryImageOfPage":{"@id":"https:\/\/teiaeducation.ch\/fr\/produit\/evolution-de-lhomme-safari-ltd\/#primaryimage"},"image":{"@id":"https:\/\/teiaeducation.ch\/fr\/produit\/evolution-de-lhomme-safari-ltd\/#primaryimage"},"thumbnailUrl":"https:\/\/teiaeducation.ch\/wp-content\/uploads\/2021\/03\/story-of-evolution-learning-toy-Evolution-of-Man-figurines-set-Safari-Ltd.jpg","datePublished":"2021-03-31T11:33:43+00:00","dateModified":"2024-12-01T15:58:54+00:00","description":"Les figurines de l'\u00e9volution de l'homme de Safari Ltd montrent visuellement les diff\u00e9rentes \u00e9tapes du d\u00e9veloppement humain et l'histoire de l'\u00e9volution.","breadcrumb":{"@id":"https:\/\/teiaeducation.ch\/fr\/produit\/evolution-de-lhomme-safari-ltd\/#breadcrumb"},"inLanguage":"fr-FR","potentialAction":[{"@type":"ReadAction","target":["https:\/\/teiaeducation.ch\/fr\/produit\/evolution-de-lhomme-safari-ltd\/"]}]},{"@type":"ImageObject","inLanguage":"fr-FR","@id":"https:\/\/teiaeducation.ch\/fr\/produit\/evolution-de-lhomme-safari-ltd\/#primaryimage","url":"https:\/\/teiaeducation.ch\/wp-content\/uploads\/2021\/03\/story-of-evolution-learning-toy-Evolution-of-Man-figurines-set-Safari-Ltd.jpg","contentUrl":"https:\/\/teiaeducation.ch\/wp-content\/uploads\/2021\/03\/story-of-evolution-learning-toy-Evolution-of-Man-figurines-set-Safari-Ltd.jpg","width":1000,"height":1000,"caption":"Histoire de l'\u00e9volution jouet d'apprentissage Ensemble de figurines de l'\u00e9volution de l'homme - Safari Ltd"},{"@type":"BreadcrumbList","@id":"https:\/\/teiaeducation.ch\/fr\/produit\/evolution-de-lhomme-safari-ltd\/#breadcrumb","itemListElement":[{"@type":"ListItem","position":1,"name":"Home","item":"https:\/\/teiaeducation.ch\/fr\/"},{"@type":"ListItem","position":2,"name":"Boutique Teia Education &amp; Play","item":"https:\/\/teiaeducation.ch\/fr\/boutique\/"},{"@type":"ListItem","position":3,"name":"Nos Marques","item":"https:\/\/teiaeducation.ch\/fr\/categorie-produit\/marques\/"},{"@type":"ListItem","position":4,"name":"Safari","item":"https:\/\/teiaeducation.ch\/fr\/categorie-produit\/marques\/safari-jouets-figurines-animaux-fr\/"},{"@type":"ListItem","position":5,"name":"Figurines l&#8217;\u00e9volution de l&#8217;homme &#8211; Safari Ltd"}]},{"@type":"WebSite","@id":"https:\/\/teiaeducation.ch\/fr\/#website","url":"https:\/\/teiaeducation.ch\/fr\/","name":"Sustainable Educational Products &amp; Ecological Toys\u00a0","description":"Specialised Swiss shop selling sustainable educational toys and games, AMI certified Montessori materials, handmade ecological wooden Waldorf toys and arts &amp; crafts supplies, school supplies, children&#039;s furniture and Montessori reference and parenting books.","publisher":{"@id":"https:\/\/teiaeducation.ch\/fr\/#organization"},"alternateName":"Teia Education & Play","potentialAction":[{"@type":"SearchAction","target":{"@type":"EntryPoint","urlTemplate":"https:\/\/teiaeducation.ch\/fr\/?s={search_term_string}"},"query-input":{"@type":"PropertyValueSpecification","valueRequired":true,"valueName":"search_term_string"}}],"inLanguage":"fr-FR"},{"@type":"Organization","@id":"https:\/\/teiaeducation.ch\/fr\/#organization","name":"Teia Education & Play","url":"https:\/\/teiaeducation.ch\/fr\/","logo":{"@type":"ImageObject","inLanguage":"fr-FR","@id":"https:\/\/teiaeducation.ch\/fr\/#\/schema\/logo\/image\/","url":"https:\/\/teiaeducation.ch\/wp-content\/uploads\/2020\/11\/Teia-Education-Switzerland-e1620156442216.jpg","contentUrl":"https:\/\/teiaeducation.ch\/wp-content\/uploads\/2020\/11\/Teia-Education-Switzerland-e1620156442216.jpg","width":166,"height":145,"caption":"Teia Education & Play"},"image":{"@id":"https:\/\/teiaeducation.ch\/fr\/#\/schema\/logo\/image\/"},"sameAs":["https:\/\/www.facebook.com\/teiaeducation\/","https:\/\/x.com\/EducationTeia","https:\/\/www.instagram.com\/teia.education\/","https:\/\/www.linkedin.com\/company\/35501660","https:\/\/www.pinterest.ch\/TeiaEducation\/"]}]}},"_links":{"self":[{"href":"https:\/\/teiaeducation.ch\/fr\/wp-json\/wp\/v2\/product\/37614","targetHints":{"allow":["GET"]}}],"collection":[{"href":"https:\/\/teiaeducation.ch\/fr\/wp-json\/wp\/v2\/product"}],"about":[{"href":"https:\/\/teiaeducation.ch\/fr\/wp-json\/wp\/v2\/types\/product"}],"replies":[{"embeddable":true,"href":"https:\/\/teiaeducation.ch\/fr\/wp-json\/wp\/v2\/comments?post=37614"}],"wp:featuredmedia":[{"embeddable":true,"href":"https:\/\/teiaeducation.ch\/fr\/wp-json\/wp\/v2\/media\/34961"}],"wp:attachment":[{"href":"https:\/\/teiaeducation.ch\/fr\/wp-json\/wp\/v2\/media?parent=37614"}],"wp:term":[{"taxonomy":"product_brand","embeddable":true,"href":"https:\/\/teiaeducation.ch\/fr\/wp-json\/wp\/v2\/product_brand?post=37614"},{"taxonomy":"product_cat","embeddable":true,"href":"https:\/\/teiaeducation.ch\/fr\/wp-json\/wp\/v2\/product_cat?post=37614"},{"taxonomy":"product_tag","embeddable":true,"href":"https:\/\/teiaeducation.ch\/fr\/wp-json\/wp\/v2\/product_tag?post=37614"}],"curies":[{"name":"wp","href":"https:\/\/api.w.org\/{rel}","templated":true}]}}