{"id":37615,"date":"2021-09-27T16:19:19","date_gmt":"2021-09-27T14:19:19","guid":{"rendered":"https:\/\/teiaeducation.ch\/product\/jeu-de-cartes-de-lalphabet-anglais-grimms\/"},"modified":"2023-01-18T13:57:38","modified_gmt":"2023-01-18T12:57:38","slug":"jeu-cartes-alphabet-anglais-grimms","status":"publish","type":"product","link":"https:\/\/teiaeducation.ch\/fr\/produit\/jeu-cartes-alphabet-anglais-grimms\/","title":{"rendered":"Jeu de cartes de l&#8217;alphabet anglais &#8211; Grimm&#8217;s"},"content":{"rendered":"<p>Jeu de cartes illustr\u00e9es de l&#8217;alphabet anglais &#8211; Grimm&#8217;s<\/p>\n<p>Le jeu de cartes de l&#8217;alphabet anglais de Grimm&#8217;s est un jeu de 48 cartes magnifiquement illustr\u00e9es pour aider les enfants \u00e0 apprendre leur alphabet et \u00e0 \u00e9peler des mots simples.<\/p>\n<p>Chaque carte pr\u00e9sente la forme majuscule et minuscule\u00a0de chaque <a href=\"https:\/\/teiaeducation.ch\/fr\/categorie-produit\/domaines-du-curriculum\/alphabetisation-langage\/des-lettres\/\">lettre<\/a> de l&#8217;alphabet anglais\u00a0et une jolie illustration \u00e0 l&#8217;aquarelle d&#8217;un animal commen\u00e7ant par ou comportant cette lettre.<\/p>\n<p>Pour aider \u00e0 \u00e9peler nos mots, le paquet comprend trois cartes pour les lettres A, E, I, O, deux cartes pour les lettres C, D, F, G, H, L, M, N, P, R, S, T, U, et une carte pour les lettres B, J, K, Q, V, W, X, Y, Z. Les cartes mesurent 7 x 10,5 cm et sont livr\u00e9es dans une bo\u00eete en carton avec une carte d&#8217;instructions en anglais et en allemand contenant des id\u00e9es de jeu et d&#8217;apprentissage.<\/p>\n<p>Ces d\u00e9licieuses cartes color\u00e9es invitent \u00e0 apprendre en jouant, \u00e0 enrichir le vocabulaire avec tous les noms d&#8217;animaux et \u00e0 jouer \u00e0 de nombreux jeux sur l&#8217;alphabet. Elles peuvent \u00e9galement servir \u00e0 illustrer des mots sur un tableau de saison ou de nature Waldorf.<\/p>\n<p>Id\u00e9al pour jouer \u00e0 la maison, \u00e0 la cr\u00e8che, \u00e0 Waldorf ou \u00e0 l\u2019\u00e9cole Steiner, les beaux jouets en bois naturel de Grimm&#8217;s sont fabriqu\u00e9s selon la philosophie Waldorf qui est bien connue pour encourager les enfants \u00e0 d\u00e9couvrir le jeu cr\u00e9atif de mani\u00e8re ind\u00e9pendante, sans limitations et \u00e0 un rythme effr\u00e9n\u00e9. Les jouets en bois de Grimm&#8217;s sont color\u00e9s \u00e0 la main avec des peintures \u00e0 base d\u2019eau non toxiques et ne sont pas finis avec de la laque pour assurer les caract\u00e9ristiques originales du bois et pour qu&#8217;on puisse voir le grain \u00e0 travers. La surface des jouets fabriqu\u00e9s \u00e0 partir de bois europ\u00e9ens certifi\u00e9 FSC est laiss\u00e9e l\u00e9g\u00e8rement rugueuse, ce qui les rend plus facilement empilables et moins glissants.<\/p>\n<p>Les jouets en bois de Grimm&#8217;s sont fabriqu\u00e9s dans les manufacture de Grimm&#8217;s en Allemagne ainsi que dans plusieurs ateliers \u00e0 travers l\u2019Europe \u00e0 partir de diff\u00e9rents types de bois tels que l\u2019aulne, la chaux, le h\u00eatre et l\u2019\u00e9rable. Tout le bois utilis\u00e9 pour fabriquer les jouets de Grimm&#8217;s provient de for\u00eats europ\u00e9ennes g\u00e9r\u00e9es de mani\u00e8re durable.<\/p>\n<p>Veuillez noter que les jouets de Grimm&#8217;s sont toujours uniques, et portent des marques uniques faites par la nature. Le grain du bois a des structures et des couleurs changeantes qui servent de preuve de ses origines naturelles. Les variations uniques, les marques, les noeuds, les motifs, les rayures noires ou les taches sombres qui peuvent \u00eatre visibles dans le bois des jouets de Grimm&#8217;s sont une preuve de qualit\u00e9, et non des d\u00e9fauts.<\/p>\n<p>Contenu :<\/p>\n<p>1 x 48 paquet de cartes alphabet<br \/>\nUne carte d&#8217;instructions en anglais et en allemand avec des id\u00e9es de jeu et d&#8217;apprentissage.<\/p>\n","protected":false},"excerpt":{"rendered":"<p>Num\u00e9ro d&#8217;article : gri40540<\/p>\n<p>Le jeu de cartes l&#8217;alphabet Grimm&#8217;s comprend 48 cartes magnifiquement illustr\u00e9es pour aider les enfants \u00e0 apprendre lettres et \u00e0 \u00e9peler des mots<\/p>\n","protected":false},"featured_media":37587,"comment_status":"open","ping_status":"closed","template":"","meta":[],"product_brand":[],"product_cat":[208,215,285,24876,22032,17225,22344,283,17212,17239,21257,22421,13130,23021,1220,23650,607,7595,217,5851,22348,212,1219],"product_tag":[20210,20208,20205,20207,20206,17332,17334,17335,20209,20204,20211],"class_list":{"0":"post-37615","1":"product","2":"type-product","3":"status-publish","4":"has-post-thumbnail","6":"product_cat-1-3-ans","7":"product_cat-3-6-ans","8":"product_cat-alphabetisation-langage","9":"product_cat-apprendre-decouvrir","10":"product_cat-cadeaux-du-calendrier-de-lavent-et-de-noel","11":"product_cat-celebrations-fr","12":"product_cat-collections-saisonnieres","13":"product_cat-domaines-du-curriculum","14":"product_cat-grimms-fr","15":"product_cat-guide-cadeaux-educatifs","16":"product_cat-guides-cadeaux","17":"product_cat-idees-cadeaux-pour-paques","18":"product_cat-jouer","19":"product_cat-jouets-waldorf","20":"product_cat-traditionnelle","21":"product_cat-la-rentree-scolaire","22":"product_cat-des-lettres","23":"product_cat-methode-deducation","24":"product_cat-marques","25":"product_cat-nouveautes","26":"product_cat-natur-saisonale-tische","27":"product_cat-tranche-dage","28":"product_cat-waldorf-fr","29":"product_tag-cartes-de-lalphabet","30":"product_tag-cartes-de-lalphabet-avec-des-animaux","31":"product_tag-cartes-de-lalphabet-de-grimms","32":"product_tag-cartes-de-lettres-avec-des-animaux","33":"product_tag-cartes-de-lettres-de-grimms","34":"product_tag-grimm-suisse","35":"product_tag-grimm-suisse-fr","36":"product_tag-grimme-suisse","37":"product_tag-jeu-dapprentissage-de-lalphabet","38":"product_tag-jeu-de-cartes-de-lalphabet-anglais-de-grimms","39":"product_tag-jeu-de-cartes-des-lettres-de-lalphabet-anglais-illustrees-grimms","41":"first","42":"instock","43":"taxable","44":"shipping-taxable","45":"purchasable","46":"product-type-simple"},"yoast_head":"<!-- This site is optimized with the Yoast SEO Premium plugin v25.8 (Yoast SEO v27.4) - https:\/\/yoast.com\/product\/yoast-seo-premium-wordpress\/ -->\n<title>Jeu de cartes de l&#039;alphabet anglais - Grimm&#039;s - Teia Education &amp; Play<\/title>\n<meta name=\"description\" content=\"Le jeu de cartes l&#039;alphabet Grimm&#039;s comprend 48 cartes magnifiquement illustr\u00e9es pour aider les enfants \u00e0 apprendre lettres et \u00e0 \u00e9peler des mots\" \/>\n<meta name=\"robots\" content=\"index, follow, max-snippet:-1, max-image-preview:large, max-video-preview:-1\" \/>\n<link rel=\"canonical\" href=\"https:\/\/teiaeducation.ch\/fr\/produit\/jeu-cartes-alphabet-anglais-grimms\/\" \/>\n<meta property=\"og:locale\" content=\"fr_FR\" \/>\n<meta property=\"og:type\" content=\"article\" \/>\n<meta property=\"og:title\" content=\"Jeu de cartes de l&#039;alphabet anglais - Grimm&#039;s\" \/>\n<meta property=\"og:description\" content=\"Le jeu de cartes l&#039;alphabet Grimm&#039;s comprend 48 cartes magnifiquement illustr\u00e9es pour aider les enfants \u00e0 apprendre lettres et \u00e0 \u00e9peler des mots\" \/>\n<meta property=\"og:url\" content=\"https:\/\/teiaeducation.ch\/fr\/produit\/jeu-cartes-alphabet-anglais-grimms\/\" \/>\n<meta property=\"og:site_name\" content=\"Sustainable Educational Products &amp; Ecological Toys\u00a0\" \/>\n<meta property=\"article:publisher\" content=\"https:\/\/www.facebook.com\/teiaeducation\/\" \/>\n<meta property=\"article:modified_time\" content=\"2023-01-18T12:57:38+00:00\" \/>\n<meta property=\"og:image\" content=\"https:\/\/teiaeducation.ch\/wp-content\/uploads\/2021\/06\/English-alphabet-card-game-Grimms.jpg\" \/>\n\t<meta property=\"og:image:width\" content=\"800\" \/>\n\t<meta property=\"og:image:height\" content=\"800\" \/>\n\t<meta property=\"og:image:type\" content=\"image\/jpeg\" \/>\n<script type=\"application\/ld+json\" class=\"yoast-schema-graph\">{\"@context\":\"https:\\\/\\\/schema.org\",\"@graph\":[{\"@type\":\"WebPage\",\"@id\":\"https:\\\/\\\/teiaeducation.ch\\\/fr\\\/produit\\\/jeu-cartes-alphabet-anglais-grimms\\\/\",\"url\":\"https:\\\/\\\/teiaeducation.ch\\\/fr\\\/produit\\\/jeu-cartes-alphabet-anglais-grimms\\\/\",\"name\":\"Jeu de cartes de l'alphabet anglais - Grimm's - Teia Education & Play\",\"isPartOf\":{\"@id\":\"https:\\\/\\\/teiaeducation.ch\\\/fr\\\/#website\"},\"primaryImageOfPage\":{\"@id\":\"https:\\\/\\\/teiaeducation.ch\\\/fr\\\/produit\\\/jeu-cartes-alphabet-anglais-grimms\\\/#primaryimage\"},\"image\":{\"@id\":\"https:\\\/\\\/teiaeducation.ch\\\/fr\\\/produit\\\/jeu-cartes-alphabet-anglais-grimms\\\/#primaryimage\"},\"thumbnailUrl\":\"https:\\\/\\\/teiaeducation.ch\\\/wp-content\\\/uploads\\\/2021\\\/06\\\/English-alphabet-card-game-Grimms.jpg\",\"datePublished\":\"2021-09-27T14:19:19+00:00\",\"dateModified\":\"2023-01-18T12:57:38+00:00\",\"description\":\"Le jeu de cartes l'alphabet Grimm's comprend 48 cartes magnifiquement illustr\u00e9es pour aider les enfants \u00e0 apprendre lettres et \u00e0 \u00e9peler des mots\",\"breadcrumb\":{\"@id\":\"https:\\\/\\\/teiaeducation.ch\\\/fr\\\/produit\\\/jeu-cartes-alphabet-anglais-grimms\\\/#breadcrumb\"},\"inLanguage\":\"fr-FR\",\"potentialAction\":[{\"@type\":\"ReadAction\",\"target\":[\"https:\\\/\\\/teiaeducation.ch\\\/fr\\\/produit\\\/jeu-cartes-alphabet-anglais-grimms\\\/\"]}]},{\"@type\":\"ImageObject\",\"inLanguage\":\"fr-FR\",\"@id\":\"https:\\\/\\\/teiaeducation.ch\\\/fr\\\/produit\\\/jeu-cartes-alphabet-anglais-grimms\\\/#primaryimage\",\"url\":\"https:\\\/\\\/teiaeducation.ch\\\/wp-content\\\/uploads\\\/2021\\\/06\\\/English-alphabet-card-game-Grimms.jpg\",\"contentUrl\":\"https:\\\/\\\/teiaeducation.ch\\\/wp-content\\\/uploads\\\/2021\\\/06\\\/English-alphabet-card-game-Grimms.jpg\",\"width\":800,\"height\":800,\"caption\":\"Jeu de cartes illustr\u00e9es de l'alphabet anglais - Grimm's\"},{\"@type\":\"BreadcrumbList\",\"@id\":\"https:\\\/\\\/teiaeducation.ch\\\/fr\\\/produit\\\/jeu-cartes-alphabet-anglais-grimms\\\/#breadcrumb\",\"itemListElement\":[{\"@type\":\"ListItem\",\"position\":1,\"name\":\"Home\",\"item\":\"https:\\\/\\\/teiaeducation.ch\\\/fr\\\/\"},{\"@type\":\"ListItem\",\"position\":2,\"name\":\"Boutique Teia Education &amp; Play\",\"item\":\"https:\\\/\\\/teiaeducation.ch\\\/fr\\\/boutique\\\/\"},{\"@type\":\"ListItem\",\"position\":3,\"name\":\"Nos Marques\",\"item\":\"https:\\\/\\\/teiaeducation.ch\\\/fr\\\/categorie-produit\\\/marques\\\/\"},{\"@type\":\"ListItem\",\"position\":4,\"name\":\"Grimm's\",\"item\":\"https:\\\/\\\/teiaeducation.ch\\\/fr\\\/categorie-produit\\\/marques\\\/grimms-fr\\\/\"},{\"@type\":\"ListItem\",\"position\":5,\"name\":\"Jeu de cartes de l&#8217;alphabet anglais &#8211; Grimm&#8217;s\"}]},{\"@type\":\"WebSite\",\"@id\":\"https:\\\/\\\/teiaeducation.ch\\\/fr\\\/#website\",\"url\":\"https:\\\/\\\/teiaeducation.ch\\\/fr\\\/\",\"name\":\"Sustainable Educational Products &amp; Ecological Toys\u00a0\",\"description\":\"Specialised Swiss shop selling sustainable educational toys and games, AMI certified Montessori materials, handmade ecological wooden Waldorf toys and arts &amp; crafts supplies, school supplies, children&#039;s furniture and Montessori reference and parenting books.\",\"publisher\":{\"@id\":\"https:\\\/\\\/teiaeducation.ch\\\/fr\\\/#organization\"},\"alternateName\":\"Teia Education & Play\",\"potentialAction\":[{\"@type\":\"SearchAction\",\"target\":{\"@type\":\"EntryPoint\",\"urlTemplate\":\"https:\\\/\\\/teiaeducation.ch\\\/fr\\\/?s={search_term_string}\"},\"query-input\":{\"@type\":\"PropertyValueSpecification\",\"valueRequired\":true,\"valueName\":\"search_term_string\"}}],\"inLanguage\":\"fr-FR\"},{\"@type\":\"Organization\",\"@id\":\"https:\\\/\\\/teiaeducation.ch\\\/fr\\\/#organization\",\"name\":\"Teia Education & Play\",\"url\":\"https:\\\/\\\/teiaeducation.ch\\\/fr\\\/\",\"logo\":{\"@type\":\"ImageObject\",\"inLanguage\":\"fr-FR\",\"@id\":\"https:\\\/\\\/teiaeducation.ch\\\/fr\\\/#\\\/schema\\\/logo\\\/image\\\/\",\"url\":\"https:\\\/\\\/teiaeducation.ch\\\/wp-content\\\/uploads\\\/2020\\\/11\\\/Teia-Education-Switzerland-e1620156442216.jpg\",\"contentUrl\":\"https:\\\/\\\/teiaeducation.ch\\\/wp-content\\\/uploads\\\/2020\\\/11\\\/Teia-Education-Switzerland-e1620156442216.jpg\",\"width\":166,\"height\":145,\"caption\":\"Teia Education & Play\"},\"image\":{\"@id\":\"https:\\\/\\\/teiaeducation.ch\\\/fr\\\/#\\\/schema\\\/logo\\\/image\\\/\"},\"sameAs\":[\"https:\\\/\\\/www.facebook.com\\\/teiaeducation\\\/\",\"https:\\\/\\\/x.com\\\/EducationTeia\",\"https:\\\/\\\/www.instagram.com\\\/teia.education\\\/\",\"https:\\\/\\\/www.linkedin.com\\\/company\\\/35501660\",\"https:\\\/\\\/www.pinterest.ch\\\/TeiaEducation\\\/\"]}]}<\/script>\n<meta property=\"product:price:amount\" content=\"22.90\" \/>\n<meta property=\"product:price:currency\" content=\"CHF\" \/>\n<meta property=\"og:availability\" content=\"instock\" \/>\n<meta property=\"product:availability\" content=\"instock\" \/>\n<meta property=\"product:retailer_item_id\" content=\"00000000000000000000000000000000000000000000037585\" \/>\n<meta property=\"product:condition\" content=\"new\" \/>\n<!-- \/ Yoast SEO Premium plugin. -->","yoast_head_json":{"title":"Jeu de cartes de l'alphabet anglais - Grimm's - Teia Education & Play","description":"Le jeu de cartes l'alphabet Grimm's comprend 48 cartes magnifiquement illustr\u00e9es pour aider les enfants \u00e0 apprendre lettres et \u00e0 \u00e9peler des mots","robots":{"index":"index","follow":"follow","max-snippet":"max-snippet:-1","max-image-preview":"max-image-preview:large","max-video-preview":"max-video-preview:-1"},"canonical":"https:\/\/teiaeducation.ch\/fr\/produit\/jeu-cartes-alphabet-anglais-grimms\/","og_locale":"fr_FR","og_type":"article","og_title":"Jeu de cartes de l'alphabet anglais - Grimm's","og_description":"Le jeu de cartes l'alphabet Grimm's comprend 48 cartes magnifiquement illustr\u00e9es pour aider les enfants \u00e0 apprendre lettres et \u00e0 \u00e9peler des mots","og_url":"https:\/\/teiaeducation.ch\/fr\/produit\/jeu-cartes-alphabet-anglais-grimms\/","og_site_name":"Sustainable Educational Products &amp; Ecological Toys\u00a0","article_publisher":"https:\/\/www.facebook.com\/teiaeducation\/","article_modified_time":"2023-01-18T12:57:38+00:00","og_image":[{"width":800,"height":800,"url":"https:\/\/teiaeducation.ch\/wp-content\/uploads\/2021\/06\/English-alphabet-card-game-Grimms.jpg","type":"image\/jpeg"}],"schema":{"@context":"https:\/\/schema.org","@graph":[{"@type":"WebPage","@id":"https:\/\/teiaeducation.ch\/fr\/produit\/jeu-cartes-alphabet-anglais-grimms\/","url":"https:\/\/teiaeducation.ch\/fr\/produit\/jeu-cartes-alphabet-anglais-grimms\/","name":"Jeu de cartes de l'alphabet anglais - Grimm's - Teia Education & Play","isPartOf":{"@id":"https:\/\/teiaeducation.ch\/fr\/#website"},"primaryImageOfPage":{"@id":"https:\/\/teiaeducation.ch\/fr\/produit\/jeu-cartes-alphabet-anglais-grimms\/#primaryimage"},"image":{"@id":"https:\/\/teiaeducation.ch\/fr\/produit\/jeu-cartes-alphabet-anglais-grimms\/#primaryimage"},"thumbnailUrl":"https:\/\/teiaeducation.ch\/wp-content\/uploads\/2021\/06\/English-alphabet-card-game-Grimms.jpg","datePublished":"2021-09-27T14:19:19+00:00","dateModified":"2023-01-18T12:57:38+00:00","description":"Le jeu de cartes l'alphabet Grimm's comprend 48 cartes magnifiquement illustr\u00e9es pour aider les enfants \u00e0 apprendre lettres et \u00e0 \u00e9peler des mots","breadcrumb":{"@id":"https:\/\/teiaeducation.ch\/fr\/produit\/jeu-cartes-alphabet-anglais-grimms\/#breadcrumb"},"inLanguage":"fr-FR","potentialAction":[{"@type":"ReadAction","target":["https:\/\/teiaeducation.ch\/fr\/produit\/jeu-cartes-alphabet-anglais-grimms\/"]}]},{"@type":"ImageObject","inLanguage":"fr-FR","@id":"https:\/\/teiaeducation.ch\/fr\/produit\/jeu-cartes-alphabet-anglais-grimms\/#primaryimage","url":"https:\/\/teiaeducation.ch\/wp-content\/uploads\/2021\/06\/English-alphabet-card-game-Grimms.jpg","contentUrl":"https:\/\/teiaeducation.ch\/wp-content\/uploads\/2021\/06\/English-alphabet-card-game-Grimms.jpg","width":800,"height":800,"caption":"Jeu de cartes illustr\u00e9es de l'alphabet anglais - Grimm's"},{"@type":"BreadcrumbList","@id":"https:\/\/teiaeducation.ch\/fr\/produit\/jeu-cartes-alphabet-anglais-grimms\/#breadcrumb","itemListElement":[{"@type":"ListItem","position":1,"name":"Home","item":"https:\/\/teiaeducation.ch\/fr\/"},{"@type":"ListItem","position":2,"name":"Boutique Teia Education &amp; Play","item":"https:\/\/teiaeducation.ch\/fr\/boutique\/"},{"@type":"ListItem","position":3,"name":"Nos Marques","item":"https:\/\/teiaeducation.ch\/fr\/categorie-produit\/marques\/"},{"@type":"ListItem","position":4,"name":"Grimm's","item":"https:\/\/teiaeducation.ch\/fr\/categorie-produit\/marques\/grimms-fr\/"},{"@type":"ListItem","position":5,"name":"Jeu de cartes de l&#8217;alphabet anglais &#8211; Grimm&#8217;s"}]},{"@type":"WebSite","@id":"https:\/\/teiaeducation.ch\/fr\/#website","url":"https:\/\/teiaeducation.ch\/fr\/","name":"Sustainable Educational Products &amp; Ecological Toys\u00a0","description":"Specialised Swiss shop selling sustainable educational toys and games, AMI certified Montessori materials, handmade ecological wooden Waldorf toys and arts &amp; crafts supplies, school supplies, children&#039;s furniture and Montessori reference and parenting books.","publisher":{"@id":"https:\/\/teiaeducation.ch\/fr\/#organization"},"alternateName":"Teia Education & Play","potentialAction":[{"@type":"SearchAction","target":{"@type":"EntryPoint","urlTemplate":"https:\/\/teiaeducation.ch\/fr\/?s={search_term_string}"},"query-input":{"@type":"PropertyValueSpecification","valueRequired":true,"valueName":"search_term_string"}}],"inLanguage":"fr-FR"},{"@type":"Organization","@id":"https:\/\/teiaeducation.ch\/fr\/#organization","name":"Teia Education & Play","url":"https:\/\/teiaeducation.ch\/fr\/","logo":{"@type":"ImageObject","inLanguage":"fr-FR","@id":"https:\/\/teiaeducation.ch\/fr\/#\/schema\/logo\/image\/","url":"https:\/\/teiaeducation.ch\/wp-content\/uploads\/2020\/11\/Teia-Education-Switzerland-e1620156442216.jpg","contentUrl":"https:\/\/teiaeducation.ch\/wp-content\/uploads\/2020\/11\/Teia-Education-Switzerland-e1620156442216.jpg","width":166,"height":145,"caption":"Teia Education & Play"},"image":{"@id":"https:\/\/teiaeducation.ch\/fr\/#\/schema\/logo\/image\/"},"sameAs":["https:\/\/www.facebook.com\/teiaeducation\/","https:\/\/x.com\/EducationTeia","https:\/\/www.instagram.com\/teia.education\/","https:\/\/www.linkedin.com\/company\/35501660","https:\/\/www.pinterest.ch\/TeiaEducation\/"]}]},"product_price_amount":"22.90","product_price_currency":"CHF","og_availability":"instock","product_availability":"instock","product_retailer_item_id":"00000000000000000000000000000000000000000000037585","product_condition":"new"},"_links":{"self":[{"href":"https:\/\/teiaeducation.ch\/fr\/wp-json\/wp\/v2\/product\/37615","targetHints":{"allow":["GET"]}}],"collection":[{"href":"https:\/\/teiaeducation.ch\/fr\/wp-json\/wp\/v2\/product"}],"about":[{"href":"https:\/\/teiaeducation.ch\/fr\/wp-json\/wp\/v2\/types\/product"}],"replies":[{"embeddable":true,"href":"https:\/\/teiaeducation.ch\/fr\/wp-json\/wp\/v2\/comments?post=37615"}],"wp:featuredmedia":[{"embeddable":true,"href":"https:\/\/teiaeducation.ch\/fr\/wp-json\/wp\/v2\/media\/37587"}],"wp:attachment":[{"href":"https:\/\/teiaeducation.ch\/fr\/wp-json\/wp\/v2\/media?parent=37615"}],"wp:term":[{"taxonomy":"product_brand","embeddable":true,"href":"https:\/\/teiaeducation.ch\/fr\/wp-json\/wp\/v2\/product_brand?post=37615"},{"taxonomy":"product_cat","embeddable":true,"href":"https:\/\/teiaeducation.ch\/fr\/wp-json\/wp\/v2\/product_cat?post=37615"},{"taxonomy":"product_tag","embeddable":true,"href":"https:\/\/teiaeducation.ch\/fr\/wp-json\/wp\/v2\/product_tag?post=37615"}],"curies":[{"name":"wp","href":"https:\/\/api.w.org\/{rel}","templated":true}]}}