{"id":37633,"date":"2021-07-14T15:25:02","date_gmt":"2021-07-14T13:25:02","guid":{"rendered":"https:\/\/teiaeducation.ch\/?post_type=product&#038;p=37633"},"modified":"2022-03-09T16:56:11","modified_gmt":"2022-03-09T15:56:11","slug":"jeu-de-fractions-magnetiques-pour-enseignants-jegro","status":"publish","type":"product","link":"https:\/\/teiaeducation.ch\/fr\/produit\/jeu-de-fractions-magnetiques-pour-enseignants-jegro\/","title":{"rendered":"Jeu de fractions magn\u00e9tiques pour enseignants &#8211; Jegro"},"content":{"rendered":"<p>Jeu de fractions magn\u00e9tiques pour enseignants &#8211; Jegro<\/p>\n<p>Avec l&#8217;ensemble de fraction magn\u00e9tique Jegro pour enseignants, les enfants peuvent apprendre \u00e0 reconna\u00eetre et \u00e0 nommer les fractions, ainsi qu&#8217;\u00e0 calculer avec des fractions. Un excellent mat\u00e9riel math\u00e9matique pour rendre l&#8217;apprentissage des comp\u00e9tences math\u00e9matiques visuel, pratique et concret pour une meilleure compr\u00e9hension.<\/p>\n<p>Les pi\u00e8ces rectangulaires de cet ensemble montrent aux enfants comment les fractions peuvent d\u00e9crire une partie d&#8217;une longueur. Les diff\u00e9rentes couleurs des jeux de fractions renforcent les relations entre les diff\u00e9rentes fractions, en enseignant comment les fractions peuvent \u00eatre additionn\u00e9es de diff\u00e9rentes mani\u00e8res pour former un tout. Les ensembles de fractions lin\u00e9aires montrent \u00e9galement les relations entre les fractions, les pourcentages et les nombres d\u00e9cimaux. Les pi\u00e8ces rectangulaires de cet ensemble montrent aux enfants comment les fractions peuvent d\u00e9crire une partie d&#8217;une longueur.<\/p>\n<p>Le jeu de fractions magn\u00e9tiques pour l&#8217;enseignant contient un tableau magn\u00e9tique sur lequel fixer les fractions et 14 bandes magn\u00e9tiques de couleur qui se d\u00e9composent en parties fractionnaires.<\/p>\n<p>La marque n\u00e9erlandaise Jegro propose des supports p\u00e9dagogiques adapt\u00e9s aux besoins \u00e9ducatifs des enfants \u00e2g\u00e9s de 6 \u00e0 12 ans. Les produits \u00e9ducatifs Jegro permettent d&#8217;appr\u00e9hender les math\u00e9matiques et le langage \u00e0 travers un apprentissage concret, imag\u00e9 et abstrait. Jegro divise l&#8217;apprentissage des math\u00e9matiques en quatre \u00e9tapes : l&#8217;action informelle, la repr\u00e9sentation concr\u00e8te, la repr\u00e9sentation abstraite et l&#8217;action formelle. Le mat\u00e9riel linguistique Jegro d\u00e9veloppe les capacit\u00e9s de communication et \u00e9largit le vocabulaire des enfants.<\/p>\n<p>La marque Jegro a \u00e9t\u00e9 fond\u00e9e en 1913 et les mat\u00e9riels math\u00e9matiques et linguistiques de la marque sont toujours principalement produits \u00e0 Groningue, aux Pays-Bas, par la Noord Nederlandse Stempel- en Leermiddelenfabriek (NNSL).<\/p>\n<p>Ce mat\u00e9riel convient aux enfants \u00e2g\u00e9s de 8 ans et plus.<\/p>\n<p>Contenu :<\/p>\n<p>rectangle vide<br \/>\n14 bandes de couleur.<\/p>\n","protected":false},"excerpt":{"rendered":"<p>Num\u00e9ro d&#8217;article: 1506000<\/p>\n<p>Avec les fractions magn\u00e9tiques Jegro pour enseignants, les enfants apprennent \u00e0 reconna\u00eetre et nommer et \u00e0 calculer avec des fractions.<\/p>\n","protected":false},"featured_media":37630,"comment_status":"open","ping_status":"closed","template":"","meta":[],"product_brand":[],"product_cat":[8580,216,22344,283,8526,17239,259,1220,23650,619,264,288,7595,217,5851,7603,212],"product_tag":[20242,20244,20246,20243,1261,20239,20240,20245,20241],"class_list":{"0":"post-37633","1":"product","2":"type-product","3":"status-publish","4":"has-post-thumbnail","6":"product_cat-6-12-ans-ecole-a-domicile","7":"product_cat-6-12-ans","8":"product_cat-collections-saisonnieres","9":"product_cat-domaines-du-curriculum","10":"product_cat-fournitures-scolaires-a-domicile","11":"product_cat-guide-cadeaux-educatifs","12":"product_cat-jegro-fr","13":"product_cat-traditionnelle","14":"product_cat-la-rentree-scolaire","15":"product_cat-les-fractions","16":"product_cat-mathematiques","17":"product_cat-mathematiques-calcul","18":"product_cat-methode-deducation","19":"product_cat-marques","20":"product_cat-nouveautes","21":"product_cat-soldes","22":"product_cat-tranche-dage","23":"product_tag-apprentissage-des-fractions","24":"product_tag-constructeur-de-fractions","25":"product_tag-ensemble-de-fractions-lineaires","26":"product_tag-ensemble-de-fractions-magnetiques-pour-enseignants","27":"product_tag-jegro-jegro","28":"product_tag-jegro-suisse","29":"product_tag-jeu-de-fractions-magnetiques","30":"product_tag-jeu-de-fractions-magnetiques-fr","31":"product_tag-ressources-pour-les-fractions","33":"first","34":"instock","35":"sale","36":"taxable","37":"shipping-taxable","38":"purchasable","39":"product-type-simple"},"yoast_head":"<!-- This site is optimized with the Yoast SEO Premium plugin v25.8 (Yoast SEO v27.4) - https:\/\/yoast.com\/product\/yoast-seo-premium-wordpress\/ -->\n<title>Fractions magn\u00e9tiques pour enseignants - Jegro - Teia Education &amp; Play<\/title>\n<meta name=\"description\" content=\"Avec les fractions magn\u00e9tiques Jegro pour enseignants, les enfants apprennent \u00e0 reconna\u00eetre et nommer et \u00e0 calculer avec des fractions.\" \/>\n<meta name=\"robots\" content=\"index, follow, max-snippet:-1, max-image-preview:large, max-video-preview:-1\" \/>\n<link rel=\"canonical\" href=\"https:\/\/teiaeducation.ch\/fr\/produit\/jeu-de-fractions-magnetiques-pour-enseignants-jegro\/\" \/>\n<meta property=\"og:locale\" content=\"fr_FR\" \/>\n<meta property=\"og:type\" content=\"article\" \/>\n<meta property=\"og:title\" content=\"Jeu de fractions magn\u00e9tiques pour enseignants - Jegro\" \/>\n<meta property=\"og:description\" content=\"Avec les fractions magn\u00e9tiques Jegro pour enseignants, les enfants apprennent \u00e0 reconna\u00eetre et nommer et \u00e0 calculer avec des fractions.\" \/>\n<meta property=\"og:url\" content=\"https:\/\/teiaeducation.ch\/fr\/produit\/jeu-de-fractions-magnetiques-pour-enseignants-jegro\/\" \/>\n<meta property=\"og:site_name\" content=\"Sustainable Educational Products &amp; Ecological Toys\u00a0\" \/>\n<meta property=\"article:publisher\" content=\"https:\/\/www.facebook.com\/teiaeducation\/\" \/>\n<meta property=\"article:modified_time\" content=\"2022-03-09T15:56:11+00:00\" \/>\n<meta property=\"og:image\" content=\"https:\/\/teiaeducation.ch\/wp-content\/uploads\/2021\/07\/Magnetic-fraction-set-linear-teacher-\u2013-Jegro.jpeg\" \/>\n\t<meta property=\"og:image:width\" content=\"800\" \/>\n\t<meta property=\"og:image:height\" content=\"800\" \/>\n\t<meta property=\"og:image:type\" content=\"image\/jpeg\" \/>\n<script type=\"application\/ld+json\" class=\"yoast-schema-graph\">{\"@context\":\"https:\\\/\\\/schema.org\",\"@graph\":[{\"@type\":\"WebPage\",\"@id\":\"https:\\\/\\\/teiaeducation.ch\\\/fr\\\/produit\\\/jeu-de-fractions-magnetiques-pour-enseignants-jegro\\\/\",\"url\":\"https:\\\/\\\/teiaeducation.ch\\\/fr\\\/produit\\\/jeu-de-fractions-magnetiques-pour-enseignants-jegro\\\/\",\"name\":\"Fractions magn\u00e9tiques pour enseignants - Jegro - Teia Education & Play\",\"isPartOf\":{\"@id\":\"https:\\\/\\\/teiaeducation.ch\\\/fr\\\/#website\"},\"primaryImageOfPage\":{\"@id\":\"https:\\\/\\\/teiaeducation.ch\\\/fr\\\/produit\\\/jeu-de-fractions-magnetiques-pour-enseignants-jegro\\\/#primaryimage\"},\"image\":{\"@id\":\"https:\\\/\\\/teiaeducation.ch\\\/fr\\\/produit\\\/jeu-de-fractions-magnetiques-pour-enseignants-jegro\\\/#primaryimage\"},\"thumbnailUrl\":\"https:\\\/\\\/teiaeducation.ch\\\/wp-content\\\/uploads\\\/2021\\\/07\\\/Magnetic-fraction-set-linear-teacher-\u2013-Jegro.jpeg\",\"datePublished\":\"2021-07-14T13:25:02+00:00\",\"dateModified\":\"2022-03-09T15:56:11+00:00\",\"description\":\"Avec les fractions magn\u00e9tiques Jegro pour enseignants, les enfants apprennent \u00e0 reconna\u00eetre et nommer et \u00e0 calculer avec des fractions.\",\"breadcrumb\":{\"@id\":\"https:\\\/\\\/teiaeducation.ch\\\/fr\\\/produit\\\/jeu-de-fractions-magnetiques-pour-enseignants-jegro\\\/#breadcrumb\"},\"inLanguage\":\"fr-FR\",\"potentialAction\":[{\"@type\":\"ReadAction\",\"target\":[\"https:\\\/\\\/teiaeducation.ch\\\/fr\\\/produit\\\/jeu-de-fractions-magnetiques-pour-enseignants-jegro\\\/\"]}]},{\"@type\":\"ImageObject\",\"inLanguage\":\"fr-FR\",\"@id\":\"https:\\\/\\\/teiaeducation.ch\\\/fr\\\/produit\\\/jeu-de-fractions-magnetiques-pour-enseignants-jegro\\\/#primaryimage\",\"url\":\"https:\\\/\\\/teiaeducation.ch\\\/wp-content\\\/uploads\\\/2021\\\/07\\\/Magnetic-fraction-set-linear-teacher-\u2013-Jegro.jpeg\",\"contentUrl\":\"https:\\\/\\\/teiaeducation.ch\\\/wp-content\\\/uploads\\\/2021\\\/07\\\/Magnetic-fraction-set-linear-teacher-\u2013-Jegro.jpeg\",\"width\":800,\"height\":800,\"caption\":\"Jeu de fractions magn\u00e9tiques pour enseignants - Jegro\"},{\"@type\":\"BreadcrumbList\",\"@id\":\"https:\\\/\\\/teiaeducation.ch\\\/fr\\\/produit\\\/jeu-de-fractions-magnetiques-pour-enseignants-jegro\\\/#breadcrumb\",\"itemListElement\":[{\"@type\":\"ListItem\",\"position\":1,\"name\":\"Home\",\"item\":\"https:\\\/\\\/teiaeducation.ch\\\/fr\\\/\"},{\"@type\":\"ListItem\",\"position\":2,\"name\":\"Boutique Teia Education &amp; Play\",\"item\":\"https:\\\/\\\/teiaeducation.ch\\\/fr\\\/boutique\\\/\"},{\"@type\":\"ListItem\",\"position\":3,\"name\":\"Nos Marques\",\"item\":\"https:\\\/\\\/teiaeducation.ch\\\/fr\\\/categorie-produit\\\/marques\\\/\"},{\"@type\":\"ListItem\",\"position\":4,\"name\":\"Jegro\",\"item\":\"https:\\\/\\\/teiaeducation.ch\\\/fr\\\/categorie-produit\\\/marques\\\/jegro-fr\\\/\"},{\"@type\":\"ListItem\",\"position\":5,\"name\":\"Math\u00e9matiques\",\"item\":\"https:\\\/\\\/teiaeducation.ch\\\/fr\\\/categorie-produit\\\/marques\\\/jegro-fr\\\/mathematiques\\\/\"},{\"@type\":\"ListItem\",\"position\":6,\"name\":\"Jeu de fractions magn\u00e9tiques pour enseignants &#8211; Jegro\"}]},{\"@type\":\"WebSite\",\"@id\":\"https:\\\/\\\/teiaeducation.ch\\\/fr\\\/#website\",\"url\":\"https:\\\/\\\/teiaeducation.ch\\\/fr\\\/\",\"name\":\"Sustainable Educational Products &amp; Ecological Toys\u00a0\",\"description\":\"Specialised Swiss shop selling sustainable educational toys and games, AMI certified Montessori materials, handmade ecological wooden Waldorf toys and arts &amp; crafts supplies, school supplies, children&#039;s furniture and Montessori reference and parenting books.\",\"publisher\":{\"@id\":\"https:\\\/\\\/teiaeducation.ch\\\/fr\\\/#organization\"},\"alternateName\":\"Teia Education & Play\",\"potentialAction\":[{\"@type\":\"SearchAction\",\"target\":{\"@type\":\"EntryPoint\",\"urlTemplate\":\"https:\\\/\\\/teiaeducation.ch\\\/fr\\\/?s={search_term_string}\"},\"query-input\":{\"@type\":\"PropertyValueSpecification\",\"valueRequired\":true,\"valueName\":\"search_term_string\"}}],\"inLanguage\":\"fr-FR\"},{\"@type\":\"Organization\",\"@id\":\"https:\\\/\\\/teiaeducation.ch\\\/fr\\\/#organization\",\"name\":\"Teia Education & Play\",\"url\":\"https:\\\/\\\/teiaeducation.ch\\\/fr\\\/\",\"logo\":{\"@type\":\"ImageObject\",\"inLanguage\":\"fr-FR\",\"@id\":\"https:\\\/\\\/teiaeducation.ch\\\/fr\\\/#\\\/schema\\\/logo\\\/image\\\/\",\"url\":\"https:\\\/\\\/teiaeducation.ch\\\/wp-content\\\/uploads\\\/2020\\\/11\\\/Teia-Education-Switzerland-e1620156442216.jpg\",\"contentUrl\":\"https:\\\/\\\/teiaeducation.ch\\\/wp-content\\\/uploads\\\/2020\\\/11\\\/Teia-Education-Switzerland-e1620156442216.jpg\",\"width\":166,\"height\":145,\"caption\":\"Teia Education & Play\"},\"image\":{\"@id\":\"https:\\\/\\\/teiaeducation.ch\\\/fr\\\/#\\\/schema\\\/logo\\\/image\\\/\"},\"sameAs\":[\"https:\\\/\\\/www.facebook.com\\\/teiaeducation\\\/\",\"https:\\\/\\\/x.com\\\/EducationTeia\",\"https:\\\/\\\/www.instagram.com\\\/teia.education\\\/\",\"https:\\\/\\\/www.linkedin.com\\\/company\\\/35501660\",\"https:\\\/\\\/www.pinterest.ch\\\/TeiaEducation\\\/\"]}]}<\/script>\n<meta property=\"product:price:amount\" content=\"75.65\" \/>\n<meta property=\"product:price:currency\" content=\"CHF\" \/>\n<meta property=\"og:availability\" content=\"instock\" \/>\n<meta property=\"product:availability\" content=\"instock\" \/>\n<meta property=\"product:retailer_item_id\" content=\"00000000000000000000000000000000000000000000037628\" \/>\n<meta property=\"product:condition\" content=\"new\" \/>\n<!-- \/ Yoast SEO Premium plugin. -->","yoast_head_json":{"title":"Fractions magn\u00e9tiques pour enseignants - Jegro - Teia Education & Play","description":"Avec les fractions magn\u00e9tiques Jegro pour enseignants, les enfants apprennent \u00e0 reconna\u00eetre et nommer et \u00e0 calculer avec des fractions.","robots":{"index":"index","follow":"follow","max-snippet":"max-snippet:-1","max-image-preview":"max-image-preview:large","max-video-preview":"max-video-preview:-1"},"canonical":"https:\/\/teiaeducation.ch\/fr\/produit\/jeu-de-fractions-magnetiques-pour-enseignants-jegro\/","og_locale":"fr_FR","og_type":"article","og_title":"Jeu de fractions magn\u00e9tiques pour enseignants - Jegro","og_description":"Avec les fractions magn\u00e9tiques Jegro pour enseignants, les enfants apprennent \u00e0 reconna\u00eetre et nommer et \u00e0 calculer avec des fractions.","og_url":"https:\/\/teiaeducation.ch\/fr\/produit\/jeu-de-fractions-magnetiques-pour-enseignants-jegro\/","og_site_name":"Sustainable Educational Products &amp; Ecological Toys\u00a0","article_publisher":"https:\/\/www.facebook.com\/teiaeducation\/","article_modified_time":"2022-03-09T15:56:11+00:00","og_image":[{"width":800,"height":800,"url":"https:\/\/teiaeducation.ch\/wp-content\/uploads\/2021\/07\/Magnetic-fraction-set-linear-teacher-\u2013-Jegro.jpeg","type":"image\/jpeg"}],"schema":{"@context":"https:\/\/schema.org","@graph":[{"@type":"WebPage","@id":"https:\/\/teiaeducation.ch\/fr\/produit\/jeu-de-fractions-magnetiques-pour-enseignants-jegro\/","url":"https:\/\/teiaeducation.ch\/fr\/produit\/jeu-de-fractions-magnetiques-pour-enseignants-jegro\/","name":"Fractions magn\u00e9tiques pour enseignants - Jegro - Teia Education & Play","isPartOf":{"@id":"https:\/\/teiaeducation.ch\/fr\/#website"},"primaryImageOfPage":{"@id":"https:\/\/teiaeducation.ch\/fr\/produit\/jeu-de-fractions-magnetiques-pour-enseignants-jegro\/#primaryimage"},"image":{"@id":"https:\/\/teiaeducation.ch\/fr\/produit\/jeu-de-fractions-magnetiques-pour-enseignants-jegro\/#primaryimage"},"thumbnailUrl":"https:\/\/teiaeducation.ch\/wp-content\/uploads\/2021\/07\/Magnetic-fraction-set-linear-teacher-\u2013-Jegro.jpeg","datePublished":"2021-07-14T13:25:02+00:00","dateModified":"2022-03-09T15:56:11+00:00","description":"Avec les fractions magn\u00e9tiques Jegro pour enseignants, les enfants apprennent \u00e0 reconna\u00eetre et nommer et \u00e0 calculer avec des fractions.","breadcrumb":{"@id":"https:\/\/teiaeducation.ch\/fr\/produit\/jeu-de-fractions-magnetiques-pour-enseignants-jegro\/#breadcrumb"},"inLanguage":"fr-FR","potentialAction":[{"@type":"ReadAction","target":["https:\/\/teiaeducation.ch\/fr\/produit\/jeu-de-fractions-magnetiques-pour-enseignants-jegro\/"]}]},{"@type":"ImageObject","inLanguage":"fr-FR","@id":"https:\/\/teiaeducation.ch\/fr\/produit\/jeu-de-fractions-magnetiques-pour-enseignants-jegro\/#primaryimage","url":"https:\/\/teiaeducation.ch\/wp-content\/uploads\/2021\/07\/Magnetic-fraction-set-linear-teacher-\u2013-Jegro.jpeg","contentUrl":"https:\/\/teiaeducation.ch\/wp-content\/uploads\/2021\/07\/Magnetic-fraction-set-linear-teacher-\u2013-Jegro.jpeg","width":800,"height":800,"caption":"Jeu de fractions magn\u00e9tiques pour enseignants - Jegro"},{"@type":"BreadcrumbList","@id":"https:\/\/teiaeducation.ch\/fr\/produit\/jeu-de-fractions-magnetiques-pour-enseignants-jegro\/#breadcrumb","itemListElement":[{"@type":"ListItem","position":1,"name":"Home","item":"https:\/\/teiaeducation.ch\/fr\/"},{"@type":"ListItem","position":2,"name":"Boutique Teia Education &amp; Play","item":"https:\/\/teiaeducation.ch\/fr\/boutique\/"},{"@type":"ListItem","position":3,"name":"Nos Marques","item":"https:\/\/teiaeducation.ch\/fr\/categorie-produit\/marques\/"},{"@type":"ListItem","position":4,"name":"Jegro","item":"https:\/\/teiaeducation.ch\/fr\/categorie-produit\/marques\/jegro-fr\/"},{"@type":"ListItem","position":5,"name":"Math\u00e9matiques","item":"https:\/\/teiaeducation.ch\/fr\/categorie-produit\/marques\/jegro-fr\/mathematiques\/"},{"@type":"ListItem","position":6,"name":"Jeu de fractions magn\u00e9tiques pour enseignants &#8211; Jegro"}]},{"@type":"WebSite","@id":"https:\/\/teiaeducation.ch\/fr\/#website","url":"https:\/\/teiaeducation.ch\/fr\/","name":"Sustainable Educational Products &amp; Ecological Toys\u00a0","description":"Specialised Swiss shop selling sustainable educational toys and games, AMI certified Montessori materials, handmade ecological wooden Waldorf toys and arts &amp; crafts supplies, school supplies, children&#039;s furniture and Montessori reference and parenting books.","publisher":{"@id":"https:\/\/teiaeducation.ch\/fr\/#organization"},"alternateName":"Teia Education & Play","potentialAction":[{"@type":"SearchAction","target":{"@type":"EntryPoint","urlTemplate":"https:\/\/teiaeducation.ch\/fr\/?s={search_term_string}"},"query-input":{"@type":"PropertyValueSpecification","valueRequired":true,"valueName":"search_term_string"}}],"inLanguage":"fr-FR"},{"@type":"Organization","@id":"https:\/\/teiaeducation.ch\/fr\/#organization","name":"Teia Education & Play","url":"https:\/\/teiaeducation.ch\/fr\/","logo":{"@type":"ImageObject","inLanguage":"fr-FR","@id":"https:\/\/teiaeducation.ch\/fr\/#\/schema\/logo\/image\/","url":"https:\/\/teiaeducation.ch\/wp-content\/uploads\/2020\/11\/Teia-Education-Switzerland-e1620156442216.jpg","contentUrl":"https:\/\/teiaeducation.ch\/wp-content\/uploads\/2020\/11\/Teia-Education-Switzerland-e1620156442216.jpg","width":166,"height":145,"caption":"Teia Education & Play"},"image":{"@id":"https:\/\/teiaeducation.ch\/fr\/#\/schema\/logo\/image\/"},"sameAs":["https:\/\/www.facebook.com\/teiaeducation\/","https:\/\/x.com\/EducationTeia","https:\/\/www.instagram.com\/teia.education\/","https:\/\/www.linkedin.com\/company\/35501660","https:\/\/www.pinterest.ch\/TeiaEducation\/"]}]},"product_price_amount":"75.65","product_price_currency":"CHF","og_availability":"instock","product_availability":"instock","product_retailer_item_id":"00000000000000000000000000000000000000000000037628","product_condition":"new"},"_links":{"self":[{"href":"https:\/\/teiaeducation.ch\/fr\/wp-json\/wp\/v2\/product\/37633","targetHints":{"allow":["GET"]}}],"collection":[{"href":"https:\/\/teiaeducation.ch\/fr\/wp-json\/wp\/v2\/product"}],"about":[{"href":"https:\/\/teiaeducation.ch\/fr\/wp-json\/wp\/v2\/types\/product"}],"replies":[{"embeddable":true,"href":"https:\/\/teiaeducation.ch\/fr\/wp-json\/wp\/v2\/comments?post=37633"}],"wp:featuredmedia":[{"embeddable":true,"href":"https:\/\/teiaeducation.ch\/fr\/wp-json\/wp\/v2\/media\/37630"}],"wp:attachment":[{"href":"https:\/\/teiaeducation.ch\/fr\/wp-json\/wp\/v2\/media?parent=37633"}],"wp:term":[{"taxonomy":"product_brand","embeddable":true,"href":"https:\/\/teiaeducation.ch\/fr\/wp-json\/wp\/v2\/product_brand?post=37633"},{"taxonomy":"product_cat","embeddable":true,"href":"https:\/\/teiaeducation.ch\/fr\/wp-json\/wp\/v2\/product_cat?post=37633"},{"taxonomy":"product_tag","embeddable":true,"href":"https:\/\/teiaeducation.ch\/fr\/wp-json\/wp\/v2\/product_tag?post=37633"}],"curies":[{"name":"wp","href":"https:\/\/api.w.org\/{rel}","templated":true}]}}