{"id":37634,"date":"2021-06-28T16:12:22","date_gmt":"2021-06-28T14:12:22","guid":{"rendered":"https:\/\/teiaeducation.ch\/product\/12-crayons-de-couleur-triangulaires-goldline-arts-crafts\/"},"modified":"2021-12-16T14:25:31","modified_gmt":"2021-12-16T13:25:31","slug":"12-crayons-de-couleur-riangulaires-goldline-arts-crafts","status":"publish","type":"product","link":"https:\/\/teiaeducation.ch\/fr\/produit\/12-crayons-de-couleur-riangulaires-goldline-arts-crafts\/","title":{"rendered":"12 crayons de couleur triangulaires Goldline &#8211; Arts &amp; Crafts"},"content":{"rendered":"<p>12 crayons de couleur triangulaires Goldline &#8211; Arts &amp; Crafts\/Heutink<\/p>\n<p>Les\u00a012 crayons de couleur triangulaires Goldline de Arts &amp; Crafts Heutink ont une forme ergonomique parfaite pour apprendre aux enfants la bonne la bonne prise du crayon. Ces crayons de couleur triangulaires sont de haute qualit\u00e9 et fabriqu\u00e9s de mani\u00e8re durable \u00e0 partir de mat\u00e9riaux de premi\u00e8re qualit\u00e9. Ils ont une mine de 3,8 mm et sont livr\u00e9s dans une bo\u00eete de rangement en m\u00e9tal.<\/p>\n<p>En 12 couleurs assorties, les crayons de couleur de haute qualit\u00e9 sont parfaites pour le dessin et le <a href=\"https:\/\/teiaeducation.ch\/fr\/categorie-produit\/creativite-beaux-arts-et-bricolage\/dessin-et-coloriage\/\">coloriage<\/a>.<\/p>\n<p>La forme triangulaire de ces crayons de couleur les rend faciles \u00e0 tenir et \u00e0 utiliser et encourage les enfants \u00e0 utiliser la bonne prise en main du crayon qui pr\u00e9pare la main \u00e0 l&#8217;\u00e9criture. Leurs bords bien d\u00e9finis permettent \u00e0 l&#8217;utilisateur d&#8217;\u00e9tablir une prise ferme sur le crayon. Les crayons triangulaires ne roulent pas non plus aussi facilement sur le bureau que les crayons arrondis !<\/p>\n<p>La vaste gamme de mat\u00e9riaux de bricolage sp\u00e9cialement s\u00e9lectionn\u00e9s par Heutink International permet aux enfants de tous \u00e2ges et de toutes capacit\u00e9s d&#8217;\u00eatre cr\u00e9atifs, d&#8217;utiliser leur imagination et d&#8217;explorer leur potentiel artistique. Ces mat\u00e9riaux cr\u00e9atifs non toxiques permettent aux enfants d&#8217;explorer librement leurs capacit\u00e9s artistiques, ce qui contribue \u00e0 d\u00e9velopper leur motricit\u00e9, leur intelligence sociale et \u00e9motionnelle, leur orientation spatiale, leur concentration, leur communication et leur capacit\u00e9 \u00e0 r\u00e9soudre des probl\u00e8mes. Tous les produits propos\u00e9s sont de la plus haute qualit\u00e9, et sont s\u00fbrs et durables.<\/p>\n<p>Contenu :<\/p>\n<p>12 crayons de couleur triangulaires<br \/>\n1 bo\u00eete m\u00e9tallique<\/p>\n","protected":false},"excerpt":{"rendered":"<p>Num\u00e9ro d&#8217;article: E061266<\/p>\n<p>Les 12 crayons de couleur triangulaires Goldline de Arts &amp; Crafts Heutink sont de haute qualit\u00e9, faciles \u00e0 tenir et fabriqu\u00e9s de mani\u00e8re durable.<\/p>\n","protected":false},"featured_media":37582,"comment_status":"open","ping_status":"closed","template":"","meta":[],"product_brand":[],"product_cat":[215,216,9153,22344,20247,1220,23650,13127,7595,217,5851,7603,212],"product_tag":[20253,20250,20249,20248,20251,20252],"class_list":{"0":"post-37634","1":"product","2":"type-product","3":"status-publish","4":"has-post-thumbnail","6":"product_cat-3-6-ans","7":"product_cat-6-12-ans","8":"product_cat-arts-crafts-fr","9":"product_cat-collections-saisonnieres","10":"product_cat-dessin-et-coloriage","11":"product_cat-traditionnelle","12":"product_cat-la-rentree-scolaire","13":"product_cat-creativite-beaux-arts-et-bricolage","14":"product_cat-methode-deducation","15":"product_cat-marques","16":"product_cat-nouveautes","17":"product_cat-soldes","18":"product_cat-tranche-dage","19":"product_tag-crayons-de-couleur-a-prise-correcte","20":"product_tag-crayons-de-couleur-arts-crafts","21":"product_tag-crayons-de-couleur-de-haute-qualite","22":"product_tag-crayons-de-couleur-goldline","23":"product_tag-crayons-de-couleur-triangulaires","24":"product_tag-crayons-de-couleur-triangulaires-fr","26":"first","27":"instock","28":"sale","29":"taxable","30":"shipping-taxable","31":"purchasable","32":"product-type-simple"},"yoast_head":"<!-- This site is optimized with the Yoast SEO plugin v27.1.1 - https:\/\/yoast.com\/product\/yoast-seo-wordpress\/ -->\n<title>12 crayons triangulaires Goldline - Arts &amp; Crafts - Teia Education &amp; Play<\/title>\n<meta name=\"description\" content=\"Les 12 crayons de couleur triangulaires Goldline de Arts &amp; Crafts Heutink sont de haute qualit\u00e9, faciles \u00e0 tenir et fabriqu\u00e9s de mani\u00e8re durable.\" \/>\n<meta name=\"robots\" content=\"index, follow, max-snippet:-1, max-image-preview:large, max-video-preview:-1\" \/>\n<link rel=\"canonical\" href=\"https:\/\/teiaeducation.ch\/fr\/produit\/12-crayons-de-couleur-riangulaires-goldline-arts-crafts\/\" \/>\n<meta property=\"og:locale\" content=\"fr_FR\" \/>\n<meta property=\"og:type\" content=\"article\" \/>\n<meta property=\"og:title\" content=\"12 crayons triangulaires Goldline - Arts &amp; Crafts - Teia Education &amp; Play\" \/>\n<meta property=\"og:description\" content=\"Les 12 crayons de couleur triangulaires Goldline de Arts &amp; Crafts Heutink sont de haute qualit\u00e9, faciles \u00e0 tenir et fabriqu\u00e9s de mani\u00e8re durable.\" \/>\n<meta property=\"og:url\" content=\"https:\/\/teiaeducation.ch\/fr\/produit\/12-crayons-de-couleur-riangulaires-goldline-arts-crafts\/\" \/>\n<meta property=\"og:site_name\" content=\"Sustainable Educational Products &amp; Ecological Toys\u00a0\" \/>\n<meta property=\"article:publisher\" content=\"https:\/\/www.facebook.com\/teiaeducation\/\" \/>\n<meta property=\"article:modified_time\" content=\"2021-12-16T13:25:31+00:00\" \/>\n<meta property=\"og:image\" content=\"https:\/\/teiaeducation.ch\/wp-content\/uploads\/2021\/06\/12-Goldline-triangular-colouring-pencils-Arts-CraftsHeutink.jpg\" \/>\n\t<meta property=\"og:image:width\" content=\"2048\" \/>\n\t<meta property=\"og:image:height\" content=\"1364\" \/>\n\t<meta property=\"og:image:type\" content=\"image\/jpeg\" \/>\n<script type=\"application\/ld+json\" class=\"yoast-schema-graph\">{\"@context\":\"https:\/\/schema.org\",\"@graph\":[{\"@type\":\"WebPage\",\"@id\":\"https:\/\/teiaeducation.ch\/fr\/produit\/12-crayons-de-couleur-riangulaires-goldline-arts-crafts\/\",\"url\":\"https:\/\/teiaeducation.ch\/fr\/produit\/12-crayons-de-couleur-riangulaires-goldline-arts-crafts\/\",\"name\":\"12 crayons triangulaires Goldline - Arts &amp; Crafts - Teia Education & Play\",\"isPartOf\":{\"@id\":\"https:\/\/teiaeducation.ch\/fr\/#website\"},\"primaryImageOfPage\":{\"@id\":\"https:\/\/teiaeducation.ch\/fr\/produit\/12-crayons-de-couleur-riangulaires-goldline-arts-crafts\/#primaryimage\"},\"image\":{\"@id\":\"https:\/\/teiaeducation.ch\/fr\/produit\/12-crayons-de-couleur-riangulaires-goldline-arts-crafts\/#primaryimage\"},\"thumbnailUrl\":\"https:\/\/teiaeducation.ch\/wp-content\/uploads\/2021\/06\/12-Goldline-triangular-colouring-pencils-Arts-CraftsHeutink.jpg\",\"datePublished\":\"2021-06-28T14:12:22+00:00\",\"dateModified\":\"2021-12-16T13:25:31+00:00\",\"description\":\"Les 12 crayons de couleur triangulaires Goldline de Arts & Crafts Heutink sont de haute qualit\u00e9, faciles \u00e0 tenir et fabriqu\u00e9s de mani\u00e8re durable.\",\"breadcrumb\":{\"@id\":\"https:\/\/teiaeducation.ch\/fr\/produit\/12-crayons-de-couleur-riangulaires-goldline-arts-crafts\/#breadcrumb\"},\"inLanguage\":\"fr-FR\",\"potentialAction\":[{\"@type\":\"ReadAction\",\"target\":[\"https:\/\/teiaeducation.ch\/fr\/produit\/12-crayons-de-couleur-riangulaires-goldline-arts-crafts\/\"]}]},{\"@type\":\"ImageObject\",\"inLanguage\":\"fr-FR\",\"@id\":\"https:\/\/teiaeducation.ch\/fr\/produit\/12-crayons-de-couleur-riangulaires-goldline-arts-crafts\/#primaryimage\",\"url\":\"https:\/\/teiaeducation.ch\/wp-content\/uploads\/2021\/06\/12-Goldline-triangular-colouring-pencils-Arts-CraftsHeutink.jpg\",\"contentUrl\":\"https:\/\/teiaeducation.ch\/wp-content\/uploads\/2021\/06\/12-Goldline-triangular-colouring-pencils-Arts-CraftsHeutink.jpg\",\"width\":2048,\"height\":1364,\"caption\":\"12 crayons de couleur triangulaires Goldline - Arts &amp; Crafts:Heutink\"},{\"@type\":\"BreadcrumbList\",\"@id\":\"https:\/\/teiaeducation.ch\/fr\/produit\/12-crayons-de-couleur-riangulaires-goldline-arts-crafts\/#breadcrumb\",\"itemListElement\":[{\"@type\":\"ListItem\",\"position\":1,\"name\":\"Home\",\"item\":\"https:\/\/teiaeducation.ch\/fr\/\"},{\"@type\":\"ListItem\",\"position\":2,\"name\":\"Boutique Teia Education &amp; Play\",\"item\":\"https:\/\/teiaeducation.ch\/fr\/boutique\/\"},{\"@type\":\"ListItem\",\"position\":3,\"name\":\"Loisirs Cr\u00e9atifs\",\"item\":\"https:\/\/teiaeducation.ch\/fr\/categorie-produit\/creativite-beaux-arts-et-bricolage\/\"},{\"@type\":\"ListItem\",\"position\":4,\"name\":\"Dessin et Coloriage\",\"item\":\"https:\/\/teiaeducation.ch\/fr\/categorie-produit\/creativite-beaux-arts-et-bricolage\/dessin-et-coloriage\/\"},{\"@type\":\"ListItem\",\"position\":5,\"name\":\"12 crayons de couleur triangulaires Goldline &#8211; Arts &amp; Crafts\"}]},{\"@type\":\"WebSite\",\"@id\":\"https:\/\/teiaeducation.ch\/fr\/#website\",\"url\":\"https:\/\/teiaeducation.ch\/fr\/\",\"name\":\"Sustainable Educational Products &amp; Ecological Toys\u00a0\",\"description\":\"Specialised Swiss shop selling sustainable educational toys and games, AMI certified Montessori materials, handmade ecological wooden Waldorf toys and arts &amp; crafts supplies, school supplies, children&#039;s furniture and Montessori reference and parenting books.\",\"publisher\":{\"@id\":\"https:\/\/teiaeducation.ch\/fr\/#organization\"},\"alternateName\":\"Teia Education & Play\",\"potentialAction\":[{\"@type\":\"SearchAction\",\"target\":{\"@type\":\"EntryPoint\",\"urlTemplate\":\"https:\/\/teiaeducation.ch\/fr\/?s={search_term_string}\"},\"query-input\":{\"@type\":\"PropertyValueSpecification\",\"valueRequired\":true,\"valueName\":\"search_term_string\"}}],\"inLanguage\":\"fr-FR\"},{\"@type\":\"Organization\",\"@id\":\"https:\/\/teiaeducation.ch\/fr\/#organization\",\"name\":\"Teia Education & Play\",\"url\":\"https:\/\/teiaeducation.ch\/fr\/\",\"logo\":{\"@type\":\"ImageObject\",\"inLanguage\":\"fr-FR\",\"@id\":\"https:\/\/teiaeducation.ch\/fr\/#\/schema\/logo\/image\/\",\"url\":\"https:\/\/teiaeducation.ch\/wp-content\/uploads\/2020\/11\/Teia-Education-Switzerland-e1620156442216.jpg\",\"contentUrl\":\"https:\/\/teiaeducation.ch\/wp-content\/uploads\/2020\/11\/Teia-Education-Switzerland-e1620156442216.jpg\",\"width\":166,\"height\":145,\"caption\":\"Teia Education & Play\"},\"image\":{\"@id\":\"https:\/\/teiaeducation.ch\/fr\/#\/schema\/logo\/image\/\"},\"sameAs\":[\"https:\/\/www.facebook.com\/teiaeducation\/\",\"https:\/\/x.com\/EducationTeia\",\"https:\/\/www.instagram.com\/teia.education\/\",\"https:\/\/www.linkedin.com\/company\/35501660\",\"https:\/\/www.pinterest.ch\/TeiaEducation\/\"]}]}<\/script>\n<!-- \/ Yoast SEO plugin. -->","yoast_head_json":{"title":"12 crayons triangulaires Goldline - Arts &amp; Crafts - Teia Education & Play","description":"Les 12 crayons de couleur triangulaires Goldline de Arts & Crafts Heutink sont de haute qualit\u00e9, faciles \u00e0 tenir et fabriqu\u00e9s de mani\u00e8re durable.","robots":{"index":"index","follow":"follow","max-snippet":"max-snippet:-1","max-image-preview":"max-image-preview:large","max-video-preview":"max-video-preview:-1"},"canonical":"https:\/\/teiaeducation.ch\/fr\/produit\/12-crayons-de-couleur-riangulaires-goldline-arts-crafts\/","og_locale":"fr_FR","og_type":"article","og_title":"12 crayons triangulaires Goldline - Arts &amp; Crafts - Teia Education & Play","og_description":"Les 12 crayons de couleur triangulaires Goldline de Arts & Crafts Heutink sont de haute qualit\u00e9, faciles \u00e0 tenir et fabriqu\u00e9s de mani\u00e8re durable.","og_url":"https:\/\/teiaeducation.ch\/fr\/produit\/12-crayons-de-couleur-riangulaires-goldline-arts-crafts\/","og_site_name":"Sustainable Educational Products &amp; Ecological Toys\u00a0","article_publisher":"https:\/\/www.facebook.com\/teiaeducation\/","article_modified_time":"2021-12-16T13:25:31+00:00","og_image":[{"width":2048,"height":1364,"url":"https:\/\/teiaeducation.ch\/wp-content\/uploads\/2021\/06\/12-Goldline-triangular-colouring-pencils-Arts-CraftsHeutink.jpg","type":"image\/jpeg"}],"schema":{"@context":"https:\/\/schema.org","@graph":[{"@type":"WebPage","@id":"https:\/\/teiaeducation.ch\/fr\/produit\/12-crayons-de-couleur-riangulaires-goldline-arts-crafts\/","url":"https:\/\/teiaeducation.ch\/fr\/produit\/12-crayons-de-couleur-riangulaires-goldline-arts-crafts\/","name":"12 crayons triangulaires Goldline - Arts &amp; Crafts - Teia Education & Play","isPartOf":{"@id":"https:\/\/teiaeducation.ch\/fr\/#website"},"primaryImageOfPage":{"@id":"https:\/\/teiaeducation.ch\/fr\/produit\/12-crayons-de-couleur-riangulaires-goldline-arts-crafts\/#primaryimage"},"image":{"@id":"https:\/\/teiaeducation.ch\/fr\/produit\/12-crayons-de-couleur-riangulaires-goldline-arts-crafts\/#primaryimage"},"thumbnailUrl":"https:\/\/teiaeducation.ch\/wp-content\/uploads\/2021\/06\/12-Goldline-triangular-colouring-pencils-Arts-CraftsHeutink.jpg","datePublished":"2021-06-28T14:12:22+00:00","dateModified":"2021-12-16T13:25:31+00:00","description":"Les 12 crayons de couleur triangulaires Goldline de Arts & Crafts Heutink sont de haute qualit\u00e9, faciles \u00e0 tenir et fabriqu\u00e9s de mani\u00e8re durable.","breadcrumb":{"@id":"https:\/\/teiaeducation.ch\/fr\/produit\/12-crayons-de-couleur-riangulaires-goldline-arts-crafts\/#breadcrumb"},"inLanguage":"fr-FR","potentialAction":[{"@type":"ReadAction","target":["https:\/\/teiaeducation.ch\/fr\/produit\/12-crayons-de-couleur-riangulaires-goldline-arts-crafts\/"]}]},{"@type":"ImageObject","inLanguage":"fr-FR","@id":"https:\/\/teiaeducation.ch\/fr\/produit\/12-crayons-de-couleur-riangulaires-goldline-arts-crafts\/#primaryimage","url":"https:\/\/teiaeducation.ch\/wp-content\/uploads\/2021\/06\/12-Goldline-triangular-colouring-pencils-Arts-CraftsHeutink.jpg","contentUrl":"https:\/\/teiaeducation.ch\/wp-content\/uploads\/2021\/06\/12-Goldline-triangular-colouring-pencils-Arts-CraftsHeutink.jpg","width":2048,"height":1364,"caption":"12 crayons de couleur triangulaires Goldline - Arts &amp; Crafts:Heutink"},{"@type":"BreadcrumbList","@id":"https:\/\/teiaeducation.ch\/fr\/produit\/12-crayons-de-couleur-riangulaires-goldline-arts-crafts\/#breadcrumb","itemListElement":[{"@type":"ListItem","position":1,"name":"Home","item":"https:\/\/teiaeducation.ch\/fr\/"},{"@type":"ListItem","position":2,"name":"Boutique Teia Education &amp; Play","item":"https:\/\/teiaeducation.ch\/fr\/boutique\/"},{"@type":"ListItem","position":3,"name":"Loisirs Cr\u00e9atifs","item":"https:\/\/teiaeducation.ch\/fr\/categorie-produit\/creativite-beaux-arts-et-bricolage\/"},{"@type":"ListItem","position":4,"name":"Dessin et Coloriage","item":"https:\/\/teiaeducation.ch\/fr\/categorie-produit\/creativite-beaux-arts-et-bricolage\/dessin-et-coloriage\/"},{"@type":"ListItem","position":5,"name":"12 crayons de couleur triangulaires Goldline &#8211; Arts &amp; Crafts"}]},{"@type":"WebSite","@id":"https:\/\/teiaeducation.ch\/fr\/#website","url":"https:\/\/teiaeducation.ch\/fr\/","name":"Sustainable Educational Products &amp; Ecological Toys\u00a0","description":"Specialised Swiss shop selling sustainable educational toys and games, AMI certified Montessori materials, handmade ecological wooden Waldorf toys and arts &amp; crafts supplies, school supplies, children&#039;s furniture and Montessori reference and parenting books.","publisher":{"@id":"https:\/\/teiaeducation.ch\/fr\/#organization"},"alternateName":"Teia Education & Play","potentialAction":[{"@type":"SearchAction","target":{"@type":"EntryPoint","urlTemplate":"https:\/\/teiaeducation.ch\/fr\/?s={search_term_string}"},"query-input":{"@type":"PropertyValueSpecification","valueRequired":true,"valueName":"search_term_string"}}],"inLanguage":"fr-FR"},{"@type":"Organization","@id":"https:\/\/teiaeducation.ch\/fr\/#organization","name":"Teia Education & Play","url":"https:\/\/teiaeducation.ch\/fr\/","logo":{"@type":"ImageObject","inLanguage":"fr-FR","@id":"https:\/\/teiaeducation.ch\/fr\/#\/schema\/logo\/image\/","url":"https:\/\/teiaeducation.ch\/wp-content\/uploads\/2020\/11\/Teia-Education-Switzerland-e1620156442216.jpg","contentUrl":"https:\/\/teiaeducation.ch\/wp-content\/uploads\/2020\/11\/Teia-Education-Switzerland-e1620156442216.jpg","width":166,"height":145,"caption":"Teia Education & Play"},"image":{"@id":"https:\/\/teiaeducation.ch\/fr\/#\/schema\/logo\/image\/"},"sameAs":["https:\/\/www.facebook.com\/teiaeducation\/","https:\/\/x.com\/EducationTeia","https:\/\/www.instagram.com\/teia.education\/","https:\/\/www.linkedin.com\/company\/35501660","https:\/\/www.pinterest.ch\/TeiaEducation\/"]}]}},"_links":{"self":[{"href":"https:\/\/teiaeducation.ch\/fr\/wp-json\/wp\/v2\/product\/37634","targetHints":{"allow":["GET"]}}],"collection":[{"href":"https:\/\/teiaeducation.ch\/fr\/wp-json\/wp\/v2\/product"}],"about":[{"href":"https:\/\/teiaeducation.ch\/fr\/wp-json\/wp\/v2\/types\/product"}],"replies":[{"embeddable":true,"href":"https:\/\/teiaeducation.ch\/fr\/wp-json\/wp\/v2\/comments?post=37634"}],"wp:featuredmedia":[{"embeddable":true,"href":"https:\/\/teiaeducation.ch\/fr\/wp-json\/wp\/v2\/media\/37582"}],"wp:attachment":[{"href":"https:\/\/teiaeducation.ch\/fr\/wp-json\/wp\/v2\/media?parent=37634"}],"wp:term":[{"taxonomy":"product_brand","embeddable":true,"href":"https:\/\/teiaeducation.ch\/fr\/wp-json\/wp\/v2\/product_brand?post=37634"},{"taxonomy":"product_cat","embeddable":true,"href":"https:\/\/teiaeducation.ch\/fr\/wp-json\/wp\/v2\/product_cat?post=37634"},{"taxonomy":"product_tag","embeddable":true,"href":"https:\/\/teiaeducation.ch\/fr\/wp-json\/wp\/v2\/product_tag?post=37634"}],"curies":[{"name":"wp","href":"https:\/\/api.w.org\/{rel}","templated":true}]}}