{"id":37637,"date":"2021-06-28T15:49:48","date_gmt":"2021-06-28T13:49:48","guid":{"rendered":"https:\/\/teiaeducation.ch\/product\/regle-en-bois-de-30cm-arts-crafts\/"},"modified":"2021-12-16T14:35:19","modified_gmt":"2021-12-16T13:35:19","slug":"regle-en-bois-30cm-arts-crafts","status":"publish","type":"product","link":"https:\/\/teiaeducation.ch\/fr\/produit\/regle-en-bois-30cm-arts-crafts\/","title":{"rendered":"R\u00e8gle en bois de 30cm &#8211; Arts &amp; Crafts"},"content":{"rendered":"<p>Cette r\u00e8gle en bois 30cm de Heutink Arts &amp; Crafts est de belle qualit\u00e9 et fabriqu\u00e9e de mani\u00e8re durable \u00e0 partir de bois de h\u00eatre, avec une \u00e9chelle cm\/mm incrust\u00e9e en zinc sur un c\u00f4t\u00e9.<\/p>\n<p>La r\u00e8gle en bois mesure 30 x 3,5 cm et le bois de h\u00eatre est recouvert d&#8217;un vernis s\u00fbr, non toxique, \u00e0 base d&#8217;eau. Un mat\u00e9riel indispensable pour les math\u00e9matiques, les mesures, le dessin et le bricolage !<\/p>\n<p>La vaste gamme de mat\u00e9riaux de bricolage sp\u00e9cialement s\u00e9lectionn\u00e9s par Heutink International permet aux enfants de tous \u00e2ges et de toutes capacit\u00e9s d&#8217;\u00eatre cr\u00e9atifs, d&#8217;utiliser leur imagination et d&#8217;explorer leur potentiel artistique. Ces mat\u00e9riaux cr\u00e9atifs non toxiques permettent aux enfants d&#8217;explorer librement leurs capacit\u00e9s artistiques, ce qui contribue \u00e0 d\u00e9velopper leur motricit\u00e9, leur intelligence sociale et \u00e9motionnelle, leur orientation spatiale, leur concentration, leur communication et leur capacit\u00e9 \u00e0 r\u00e9soudre des probl\u00e8mes. Tous les produits propos\u00e9s sont de la plus haute qualit\u00e9, et sont s\u00fbrs et durables.<\/p>\n<p>Contenu :<\/p>\n<p>1 r\u00e8gle en bois de 30cm<\/p>\n","protected":false},"excerpt":{"rendered":"<p>Num\u00e9ro d&#8217;article: E080111<\/p>\n<p>La r\u00e8gle en bois Arts &amp; Crafts Heutink est un mat\u00e9riel indispensable et d&#8217;une belle qualit\u00e9, fabriqu\u00e9e de mani\u00e8re durable en bois de h\u00eatre.<\/p>\n","protected":false},"featured_media":37566,"comment_status":"open","ping_status":"closed","template":"","meta":[],"product_brand":[],"product_cat":[215,216,9153,22344,20247,283,1220,23650,13127,288,620,7595,217,5851,20263,212],"product_tag":[20267,20264,20265,20266],"class_list":{"0":"post-37637","1":"product","2":"type-product","3":"status-publish","4":"has-post-thumbnail","6":"product_cat-3-6-ans","7":"product_cat-6-12-ans","8":"product_cat-arts-crafts-fr","9":"product_cat-collections-saisonnieres","10":"product_cat-dessin-et-coloriage","11":"product_cat-domaines-du-curriculum","12":"product_cat-traditionnelle","13":"product_cat-la-rentree-scolaire","14":"product_cat-creativite-beaux-arts-et-bricolage","15":"product_cat-mathematiques-calcul","16":"product_cat-mesurer","17":"product_cat-methode-deducation","18":"product_cat-marques","19":"product_cat-nouveautes","20":"product_cat-outils-creatifs-et-rangement","21":"product_cat-tranche-dage","22":"product_tag-regle-arts-and-crafts","23":"product_tag-regle-en-bois","24":"product_tag-regle-en-bois-de-30cm","25":"product_tag-regle-en-bois-durable","27":"first","28":"instock","29":"taxable","30":"shipping-taxable","31":"purchasable","32":"product-type-simple"},"yoast_head":"<!-- This site is optimized with the Yoast SEO plugin v27.1.1 - https:\/\/yoast.com\/product\/yoast-seo-wordpress\/ -->\n<title>R\u00e8gle en bois de 30cm - Arts &amp; Crafts - Teia Education &amp; Play<\/title>\n<meta name=\"description\" content=\"La r\u00e8gle en bois Arts &amp; Crafts Heutink est un mat\u00e9riel indispensable et d&#039;une belle qualit\u00e9, fabriqu\u00e9e de mani\u00e8re durable en bois de h\u00eatre.\" \/>\n<meta name=\"robots\" content=\"index, follow, max-snippet:-1, max-image-preview:large, max-video-preview:-1\" \/>\n<link rel=\"canonical\" href=\"https:\/\/teiaeducation.ch\/fr\/produit\/regle-en-bois-30cm-arts-crafts\/\" \/>\n<meta property=\"og:locale\" content=\"fr_FR\" \/>\n<meta property=\"og:type\" content=\"article\" \/>\n<meta property=\"og:title\" content=\"R\u00e8gle en bois de 30cm - Arts &amp; Crafts - Teia Education &amp; Play\" \/>\n<meta property=\"og:description\" content=\"La r\u00e8gle en bois Arts &amp; Crafts Heutink est un mat\u00e9riel indispensable et d&#039;une belle qualit\u00e9, fabriqu\u00e9e de mani\u00e8re durable en bois de h\u00eatre.\" \/>\n<meta property=\"og:url\" content=\"https:\/\/teiaeducation.ch\/fr\/produit\/regle-en-bois-30cm-arts-crafts\/\" \/>\n<meta property=\"og:site_name\" content=\"Sustainable Educational Products &amp; Ecological Toys\u00a0\" \/>\n<meta property=\"article:publisher\" content=\"https:\/\/www.facebook.com\/teiaeducation\/\" \/>\n<meta property=\"article:modified_time\" content=\"2021-12-16T13:35:19+00:00\" \/>\n<meta property=\"og:image\" content=\"https:\/\/teiaeducation.ch\/wp-content\/uploads\/2021\/06\/Wooden-ruler-30cm-Arts-Crafts.jpg\" \/>\n\t<meta property=\"og:image:width\" content=\"1500\" \/>\n\t<meta property=\"og:image:height\" content=\"1500\" \/>\n\t<meta property=\"og:image:type\" content=\"image\/jpeg\" \/>\n<script type=\"application\/ld+json\" class=\"yoast-schema-graph\">{\"@context\":\"https:\/\/schema.org\",\"@graph\":[{\"@type\":\"WebPage\",\"@id\":\"https:\/\/teiaeducation.ch\/fr\/produit\/regle-en-bois-30cm-arts-crafts\/\",\"url\":\"https:\/\/teiaeducation.ch\/fr\/produit\/regle-en-bois-30cm-arts-crafts\/\",\"name\":\"R\u00e8gle en bois de 30cm - Arts &amp; Crafts - Teia Education & Play\",\"isPartOf\":{\"@id\":\"https:\/\/teiaeducation.ch\/fr\/#website\"},\"primaryImageOfPage\":{\"@id\":\"https:\/\/teiaeducation.ch\/fr\/produit\/regle-en-bois-30cm-arts-crafts\/#primaryimage\"},\"image\":{\"@id\":\"https:\/\/teiaeducation.ch\/fr\/produit\/regle-en-bois-30cm-arts-crafts\/#primaryimage\"},\"thumbnailUrl\":\"https:\/\/teiaeducation.ch\/wp-content\/uploads\/2021\/06\/Wooden-ruler-30cm-Arts-Crafts.jpg\",\"datePublished\":\"2021-06-28T13:49:48+00:00\",\"dateModified\":\"2021-12-16T13:35:19+00:00\",\"description\":\"La r\u00e8gle en bois Arts & Crafts Heutink est un mat\u00e9riel indispensable et d'une belle qualit\u00e9, fabriqu\u00e9e de mani\u00e8re durable en bois de h\u00eatre.\",\"breadcrumb\":{\"@id\":\"https:\/\/teiaeducation.ch\/fr\/produit\/regle-en-bois-30cm-arts-crafts\/#breadcrumb\"},\"inLanguage\":\"fr-FR\",\"potentialAction\":[{\"@type\":\"ReadAction\",\"target\":[\"https:\/\/teiaeducation.ch\/fr\/produit\/regle-en-bois-30cm-arts-crafts\/\"]}]},{\"@type\":\"ImageObject\",\"inLanguage\":\"fr-FR\",\"@id\":\"https:\/\/teiaeducation.ch\/fr\/produit\/regle-en-bois-30cm-arts-crafts\/#primaryimage\",\"url\":\"https:\/\/teiaeducation.ch\/wp-content\/uploads\/2021\/06\/Wooden-ruler-30cm-Arts-Crafts.jpg\",\"contentUrl\":\"https:\/\/teiaeducation.ch\/wp-content\/uploads\/2021\/06\/Wooden-ruler-30cm-Arts-Crafts.jpg\",\"width\":1500,\"height\":1500,\"caption\":\"R\u00e8gle en bois de 30cm - Arts &amp; Crafts\"},{\"@type\":\"BreadcrumbList\",\"@id\":\"https:\/\/teiaeducation.ch\/fr\/produit\/regle-en-bois-30cm-arts-crafts\/#breadcrumb\",\"itemListElement\":[{\"@type\":\"ListItem\",\"position\":1,\"name\":\"Home\",\"item\":\"https:\/\/teiaeducation.ch\/fr\/\"},{\"@type\":\"ListItem\",\"position\":2,\"name\":\"Boutique Teia Education &amp; Play\",\"item\":\"https:\/\/teiaeducation.ch\/fr\/boutique\/\"},{\"@type\":\"ListItem\",\"position\":3,\"name\":\"Domaines du Curriculum\",\"item\":\"https:\/\/teiaeducation.ch\/fr\/categorie-produit\/domaines-du-curriculum\/\"},{\"@type\":\"ListItem\",\"position\":4,\"name\":\"Math\u00e9matiques &amp; Calcul\",\"item\":\"https:\/\/teiaeducation.ch\/fr\/categorie-produit\/domaines-du-curriculum\/mathematiques-calcul\/\"},{\"@type\":\"ListItem\",\"position\":5,\"name\":\"Mesurer\",\"item\":\"https:\/\/teiaeducation.ch\/fr\/categorie-produit\/domaines-du-curriculum\/mathematiques-calcul\/mesurer\/\"},{\"@type\":\"ListItem\",\"position\":6,\"name\":\"R\u00e8gle en bois de 30cm &#8211; Arts &amp; Crafts\"}]},{\"@type\":\"WebSite\",\"@id\":\"https:\/\/teiaeducation.ch\/fr\/#website\",\"url\":\"https:\/\/teiaeducation.ch\/fr\/\",\"name\":\"Sustainable Educational Products &amp; Ecological Toys\u00a0\",\"description\":\"Specialised Swiss shop selling sustainable educational toys and games, AMI certified Montessori materials, handmade ecological wooden Waldorf toys and arts &amp; crafts supplies, school supplies, children&#039;s furniture and Montessori reference and parenting books.\",\"publisher\":{\"@id\":\"https:\/\/teiaeducation.ch\/fr\/#organization\"},\"alternateName\":\"Teia Education & Play\",\"potentialAction\":[{\"@type\":\"SearchAction\",\"target\":{\"@type\":\"EntryPoint\",\"urlTemplate\":\"https:\/\/teiaeducation.ch\/fr\/?s={search_term_string}\"},\"query-input\":{\"@type\":\"PropertyValueSpecification\",\"valueRequired\":true,\"valueName\":\"search_term_string\"}}],\"inLanguage\":\"fr-FR\"},{\"@type\":\"Organization\",\"@id\":\"https:\/\/teiaeducation.ch\/fr\/#organization\",\"name\":\"Teia Education & Play\",\"url\":\"https:\/\/teiaeducation.ch\/fr\/\",\"logo\":{\"@type\":\"ImageObject\",\"inLanguage\":\"fr-FR\",\"@id\":\"https:\/\/teiaeducation.ch\/fr\/#\/schema\/logo\/image\/\",\"url\":\"https:\/\/teiaeducation.ch\/wp-content\/uploads\/2020\/11\/Teia-Education-Switzerland-e1620156442216.jpg\",\"contentUrl\":\"https:\/\/teiaeducation.ch\/wp-content\/uploads\/2020\/11\/Teia-Education-Switzerland-e1620156442216.jpg\",\"width\":166,\"height\":145,\"caption\":\"Teia Education & Play\"},\"image\":{\"@id\":\"https:\/\/teiaeducation.ch\/fr\/#\/schema\/logo\/image\/\"},\"sameAs\":[\"https:\/\/www.facebook.com\/teiaeducation\/\",\"https:\/\/x.com\/EducationTeia\",\"https:\/\/www.instagram.com\/teia.education\/\",\"https:\/\/www.linkedin.com\/company\/35501660\",\"https:\/\/www.pinterest.ch\/TeiaEducation\/\"]}]}<\/script>\n<!-- \/ Yoast SEO plugin. -->","yoast_head_json":{"title":"R\u00e8gle en bois de 30cm - Arts &amp; Crafts - Teia Education & Play","description":"La r\u00e8gle en bois Arts & Crafts Heutink est un mat\u00e9riel indispensable et d'une belle qualit\u00e9, fabriqu\u00e9e de mani\u00e8re durable en bois de h\u00eatre.","robots":{"index":"index","follow":"follow","max-snippet":"max-snippet:-1","max-image-preview":"max-image-preview:large","max-video-preview":"max-video-preview:-1"},"canonical":"https:\/\/teiaeducation.ch\/fr\/produit\/regle-en-bois-30cm-arts-crafts\/","og_locale":"fr_FR","og_type":"article","og_title":"R\u00e8gle en bois de 30cm - Arts &amp; Crafts - Teia Education & Play","og_description":"La r\u00e8gle en bois Arts & Crafts Heutink est un mat\u00e9riel indispensable et d'une belle qualit\u00e9, fabriqu\u00e9e de mani\u00e8re durable en bois de h\u00eatre.","og_url":"https:\/\/teiaeducation.ch\/fr\/produit\/regle-en-bois-30cm-arts-crafts\/","og_site_name":"Sustainable Educational Products &amp; Ecological Toys\u00a0","article_publisher":"https:\/\/www.facebook.com\/teiaeducation\/","article_modified_time":"2021-12-16T13:35:19+00:00","og_image":[{"width":1500,"height":1500,"url":"https:\/\/teiaeducation.ch\/wp-content\/uploads\/2021\/06\/Wooden-ruler-30cm-Arts-Crafts.jpg","type":"image\/jpeg"}],"schema":{"@context":"https:\/\/schema.org","@graph":[{"@type":"WebPage","@id":"https:\/\/teiaeducation.ch\/fr\/produit\/regle-en-bois-30cm-arts-crafts\/","url":"https:\/\/teiaeducation.ch\/fr\/produit\/regle-en-bois-30cm-arts-crafts\/","name":"R\u00e8gle en bois de 30cm - Arts &amp; Crafts - Teia Education & Play","isPartOf":{"@id":"https:\/\/teiaeducation.ch\/fr\/#website"},"primaryImageOfPage":{"@id":"https:\/\/teiaeducation.ch\/fr\/produit\/regle-en-bois-30cm-arts-crafts\/#primaryimage"},"image":{"@id":"https:\/\/teiaeducation.ch\/fr\/produit\/regle-en-bois-30cm-arts-crafts\/#primaryimage"},"thumbnailUrl":"https:\/\/teiaeducation.ch\/wp-content\/uploads\/2021\/06\/Wooden-ruler-30cm-Arts-Crafts.jpg","datePublished":"2021-06-28T13:49:48+00:00","dateModified":"2021-12-16T13:35:19+00:00","description":"La r\u00e8gle en bois Arts & Crafts Heutink est un mat\u00e9riel indispensable et d'une belle qualit\u00e9, fabriqu\u00e9e de mani\u00e8re durable en bois de h\u00eatre.","breadcrumb":{"@id":"https:\/\/teiaeducation.ch\/fr\/produit\/regle-en-bois-30cm-arts-crafts\/#breadcrumb"},"inLanguage":"fr-FR","potentialAction":[{"@type":"ReadAction","target":["https:\/\/teiaeducation.ch\/fr\/produit\/regle-en-bois-30cm-arts-crafts\/"]}]},{"@type":"ImageObject","inLanguage":"fr-FR","@id":"https:\/\/teiaeducation.ch\/fr\/produit\/regle-en-bois-30cm-arts-crafts\/#primaryimage","url":"https:\/\/teiaeducation.ch\/wp-content\/uploads\/2021\/06\/Wooden-ruler-30cm-Arts-Crafts.jpg","contentUrl":"https:\/\/teiaeducation.ch\/wp-content\/uploads\/2021\/06\/Wooden-ruler-30cm-Arts-Crafts.jpg","width":1500,"height":1500,"caption":"R\u00e8gle en bois de 30cm - Arts &amp; Crafts"},{"@type":"BreadcrumbList","@id":"https:\/\/teiaeducation.ch\/fr\/produit\/regle-en-bois-30cm-arts-crafts\/#breadcrumb","itemListElement":[{"@type":"ListItem","position":1,"name":"Home","item":"https:\/\/teiaeducation.ch\/fr\/"},{"@type":"ListItem","position":2,"name":"Boutique Teia Education &amp; Play","item":"https:\/\/teiaeducation.ch\/fr\/boutique\/"},{"@type":"ListItem","position":3,"name":"Domaines du Curriculum","item":"https:\/\/teiaeducation.ch\/fr\/categorie-produit\/domaines-du-curriculum\/"},{"@type":"ListItem","position":4,"name":"Math\u00e9matiques &amp; Calcul","item":"https:\/\/teiaeducation.ch\/fr\/categorie-produit\/domaines-du-curriculum\/mathematiques-calcul\/"},{"@type":"ListItem","position":5,"name":"Mesurer","item":"https:\/\/teiaeducation.ch\/fr\/categorie-produit\/domaines-du-curriculum\/mathematiques-calcul\/mesurer\/"},{"@type":"ListItem","position":6,"name":"R\u00e8gle en bois de 30cm &#8211; Arts &amp; Crafts"}]},{"@type":"WebSite","@id":"https:\/\/teiaeducation.ch\/fr\/#website","url":"https:\/\/teiaeducation.ch\/fr\/","name":"Sustainable Educational Products &amp; Ecological Toys\u00a0","description":"Specialised Swiss shop selling sustainable educational toys and games, AMI certified Montessori materials, handmade ecological wooden Waldorf toys and arts &amp; crafts supplies, school supplies, children&#039;s furniture and Montessori reference and parenting books.","publisher":{"@id":"https:\/\/teiaeducation.ch\/fr\/#organization"},"alternateName":"Teia Education & Play","potentialAction":[{"@type":"SearchAction","target":{"@type":"EntryPoint","urlTemplate":"https:\/\/teiaeducation.ch\/fr\/?s={search_term_string}"},"query-input":{"@type":"PropertyValueSpecification","valueRequired":true,"valueName":"search_term_string"}}],"inLanguage":"fr-FR"},{"@type":"Organization","@id":"https:\/\/teiaeducation.ch\/fr\/#organization","name":"Teia Education & Play","url":"https:\/\/teiaeducation.ch\/fr\/","logo":{"@type":"ImageObject","inLanguage":"fr-FR","@id":"https:\/\/teiaeducation.ch\/fr\/#\/schema\/logo\/image\/","url":"https:\/\/teiaeducation.ch\/wp-content\/uploads\/2020\/11\/Teia-Education-Switzerland-e1620156442216.jpg","contentUrl":"https:\/\/teiaeducation.ch\/wp-content\/uploads\/2020\/11\/Teia-Education-Switzerland-e1620156442216.jpg","width":166,"height":145,"caption":"Teia Education & Play"},"image":{"@id":"https:\/\/teiaeducation.ch\/fr\/#\/schema\/logo\/image\/"},"sameAs":["https:\/\/www.facebook.com\/teiaeducation\/","https:\/\/x.com\/EducationTeia","https:\/\/www.instagram.com\/teia.education\/","https:\/\/www.linkedin.com\/company\/35501660","https:\/\/www.pinterest.ch\/TeiaEducation\/"]}]}},"_links":{"self":[{"href":"https:\/\/teiaeducation.ch\/fr\/wp-json\/wp\/v2\/product\/37637","targetHints":{"allow":["GET"]}}],"collection":[{"href":"https:\/\/teiaeducation.ch\/fr\/wp-json\/wp\/v2\/product"}],"about":[{"href":"https:\/\/teiaeducation.ch\/fr\/wp-json\/wp\/v2\/types\/product"}],"replies":[{"embeddable":true,"href":"https:\/\/teiaeducation.ch\/fr\/wp-json\/wp\/v2\/comments?post=37637"}],"wp:featuredmedia":[{"embeddable":true,"href":"https:\/\/teiaeducation.ch\/fr\/wp-json\/wp\/v2\/media\/37566"}],"wp:attachment":[{"href":"https:\/\/teiaeducation.ch\/fr\/wp-json\/wp\/v2\/media?parent=37637"}],"wp:term":[{"taxonomy":"product_brand","embeddable":true,"href":"https:\/\/teiaeducation.ch\/fr\/wp-json\/wp\/v2\/product_brand?post=37637"},{"taxonomy":"product_cat","embeddable":true,"href":"https:\/\/teiaeducation.ch\/fr\/wp-json\/wp\/v2\/product_cat?post=37637"},{"taxonomy":"product_tag","embeddable":true,"href":"https:\/\/teiaeducation.ch\/fr\/wp-json\/wp\/v2\/product_tag?post=37637"}],"curies":[{"name":"wp","href":"https:\/\/api.w.org\/{rel}","templated":true}]}}