{"id":37638,"date":"2021-06-28T14:55:27","date_gmt":"2021-06-28T12:55:27","guid":{"rendered":"https:\/\/teiaeducation.ch\/product\/tampons-geants-transports-arts-crafts\/"},"modified":"2025-10-01T11:20:40","modified_gmt":"2025-10-01T09:20:40","slug":"tampons-geants-transports-arts-crafts","status":"publish","type":"product","link":"https:\/\/teiaeducation.ch\/fr\/produit\/tampons-geants-transports-arts-crafts\/","title":{"rendered":"Tampons g\u00e9ants : transports \u2013 Arts &amp; Crafts"},"content":{"rendered":"<p>Les tampons g\u00e9ants sur le th\u00e8me de transports et des v\u00e9hicules de la collection Arts &amp; Crafts Heutink peuvent \u00eatre utilis\u00e9s avec de l&#8217;encre ou de la peinture. Avec de nombreuses voitures, camions, bicyclettes et avions, les enfants vont adorer cr\u00e9er des objets d&#8217;art et de bricolage sur le th\u00e8me des v\u00e9hicules !<\/p>\n<p>Les tampons sont mont\u00e9s sur un support transparent pour un placement facile et exact et ont \u00e9t\u00e9 \u00e9quip\u00e9s de grandes poign\u00e9es confortables. Les tampons sont \u00e9galement dot\u00e9s d&#8217;une fl\u00e8che pour un alignement parfait.<\/p>\n<p>Ils sont livr\u00e9s avec un \u00e9tui de rangement r\u00e9utilisable en plastique transparent et laissent une image d&#8217;une taille de 8 cm de diam\u00e8tre.<\/p>\n<p>Le jeu contient 10 tampons diff\u00e9rents qui sont conformes \u00e0 la norme ASTM D-4236 CE et CE ASTM D-4236 de r\u00e9glementation de la s\u00e9curit\u00e9 des jouets.<\/p>\n<p>La vaste gamme de mat\u00e9riaux de bricolage sp\u00e9cialement s\u00e9lectionn\u00e9s par Heutink International permet aux enfants de tous \u00e2ges et de toutes capacit\u00e9s d&#8217;\u00eatre cr\u00e9atifs, d&#8217;utiliser leur imagination et d&#8217;explorer leur potentiel artistique. Ces mat\u00e9riaux cr\u00e9atifs non toxiques permettent aux enfants d&#8217;explorer librement leurs capacit\u00e9s artistiques, ce qui contribue \u00e0 d\u00e9velopper leur motricit\u00e9, leur intelligence sociale et \u00e9motionnelle, leur orientation spatiale, leur concentration, leur communication et leur capacit\u00e9 \u00e0 r\u00e9soudre des probl\u00e8mes. Tous les produits propos\u00e9s sont de la plus haute qualit\u00e9, et sont s\u00fbrs et durables.<\/p>\n<p>Les tampons de transports g\u00e9ants conviennent aux enfants \u00e2g\u00e9s de 2 ans et plus.<\/p>\n<p>Contenu :<\/p>\n<p>10 tampons de diff\u00e9rents objets li\u00e9s aux transports<\/p>\n","protected":false},"excerpt":{"rendered":"<p>Num\u00e9ro d&#8217;article: E530410<\/p>\n<p>Les tampons g\u00e9ants de transport et v\u00e9hicules de Arts &amp; Crafts Heutink peuvent \u00eatre utilis\u00e9s avec de l&#8217;encre ou de la peinture.<\/p>\n","protected":false},"featured_media":37436,"comment_status":"open","ping_status":"closed","template":"","meta":[],"product_brand":[],"product_cat":[208,215,9153,20269,13127,217,5851,7603,212],"product_tag":[20277,20276,20274,20270,20272,20275,20271,20273],"class_list":{"0":"post-37638","1":"product","2":"type-product","3":"status-publish","4":"has-post-thumbnail","6":"product_cat-1-3-ans","7":"product_cat-3-6-ans","8":"product_cat-arts-crafts-fr","9":"product_cat-estampage","10":"product_cat-creativite-beaux-arts-et-bricolage","11":"product_cat-marques","12":"product_cat-nouveautes","13":"product_cat-soldes","14":"product_cat-tranche-dage","15":"product_tag-bricolage-sur-le-theme-des-vehicules","16":"product_tag-materiel-de-bricolage-pour-enfants","17":"product_tag-tampons-de-peinture-pour-enfants","18":"product_tag-tampons-de-transports","19":"product_tag-tampons-de-vehicules","20":"product_tag-tampons-encreurs-pour-enfants-fr","21":"product_tag-timbres-de-transports","22":"product_tag-timbres-de-vehicules-pour-enfants","24":"first","25":"outofstock","26":"sale","27":"taxable","28":"shipping-taxable","29":"purchasable","30":"product-type-simple"},"yoast_head":"<!-- This site is optimized with the Yoast SEO plugin v27.1.1 - https:\/\/yoast.com\/product\/yoast-seo-wordpress\/ -->\n<title>Tampons de transport g\u00e9ants \u2013 Arts &amp; Crafts - Teia Education &amp; Play<\/title>\n<meta name=\"description\" content=\"Les tampons g\u00e9ants de transport et v\u00e9hicules de Arts &amp; Crafts Heutink peuvent \u00eatre utilis\u00e9s avec de l&#039;encre ou de la peinture.\" \/>\n<meta name=\"robots\" content=\"index, follow, max-snippet:-1, max-image-preview:large, max-video-preview:-1\" \/>\n<link rel=\"canonical\" href=\"https:\/\/teiaeducation.ch\/fr\/produit\/tampons-geants-transports-arts-crafts\/\" \/>\n<meta property=\"og:locale\" content=\"fr_FR\" \/>\n<meta property=\"og:type\" content=\"article\" \/>\n<meta property=\"og:title\" content=\"Tampons de transport g\u00e9ants \u2013 Arts &amp; Crafts - Teia Education &amp; Play\" \/>\n<meta property=\"og:description\" content=\"Les tampons g\u00e9ants de transport et v\u00e9hicules de Arts &amp; Crafts Heutink peuvent \u00eatre utilis\u00e9s avec de l&#039;encre ou de la peinture.\" \/>\n<meta property=\"og:url\" content=\"https:\/\/teiaeducation.ch\/fr\/produit\/tampons-geants-transports-arts-crafts\/\" \/>\n<meta property=\"og:site_name\" content=\"Sustainable Educational Products &amp; Ecological Toys\u00a0\" \/>\n<meta property=\"article:publisher\" content=\"https:\/\/www.facebook.com\/teiaeducation\/\" \/>\n<meta property=\"article:modified_time\" content=\"2025-10-01T09:20:40+00:00\" \/>\n<meta property=\"og:image\" content=\"https:\/\/teiaeducation.ch\/wp-content\/uploads\/2021\/06\/Giant-stampers-transport-\u2013-Arts-Crafts.jpeg\" \/>\n\t<meta property=\"og:image:width\" content=\"800\" \/>\n\t<meta property=\"og:image:height\" content=\"800\" \/>\n\t<meta property=\"og:image:type\" content=\"image\/jpeg\" \/>\n<script type=\"application\/ld+json\" class=\"yoast-schema-graph\">{\"@context\":\"https:\/\/schema.org\",\"@graph\":[{\"@type\":\"WebPage\",\"@id\":\"https:\/\/teiaeducation.ch\/fr\/produit\/tampons-geants-transports-arts-crafts\/\",\"url\":\"https:\/\/teiaeducation.ch\/fr\/produit\/tampons-geants-transports-arts-crafts\/\",\"name\":\"Tampons de transport g\u00e9ants \u2013 Arts & Crafts - Teia Education & Play\",\"isPartOf\":{\"@id\":\"https:\/\/teiaeducation.ch\/fr\/#website\"},\"primaryImageOfPage\":{\"@id\":\"https:\/\/teiaeducation.ch\/fr\/produit\/tampons-geants-transports-arts-crafts\/#primaryimage\"},\"image\":{\"@id\":\"https:\/\/teiaeducation.ch\/fr\/produit\/tampons-geants-transports-arts-crafts\/#primaryimage\"},\"thumbnailUrl\":\"https:\/\/teiaeducation.ch\/wp-content\/uploads\/2021\/06\/Giant-stampers-transport-\u2013-Arts-Crafts.jpeg\",\"datePublished\":\"2021-06-28T12:55:27+00:00\",\"dateModified\":\"2025-10-01T09:20:40+00:00\",\"description\":\"Les tampons g\u00e9ants de transport et v\u00e9hicules de Arts & Crafts Heutink peuvent \u00eatre utilis\u00e9s avec de l'encre ou de la peinture.\",\"breadcrumb\":{\"@id\":\"https:\/\/teiaeducation.ch\/fr\/produit\/tampons-geants-transports-arts-crafts\/#breadcrumb\"},\"inLanguage\":\"fr-FR\",\"potentialAction\":[{\"@type\":\"ReadAction\",\"target\":[\"https:\/\/teiaeducation.ch\/fr\/produit\/tampons-geants-transports-arts-crafts\/\"]}]},{\"@type\":\"ImageObject\",\"inLanguage\":\"fr-FR\",\"@id\":\"https:\/\/teiaeducation.ch\/fr\/produit\/tampons-geants-transports-arts-crafts\/#primaryimage\",\"url\":\"https:\/\/teiaeducation.ch\/wp-content\/uploads\/2021\/06\/Giant-stampers-transport-\u2013-Arts-Crafts.jpeg\",\"contentUrl\":\"https:\/\/teiaeducation.ch\/wp-content\/uploads\/2021\/06\/Giant-stampers-transport-\u2013-Arts-Crafts.jpeg\",\"width\":800,\"height\":800,\"caption\":\"Tampons g\u00e9ants sur le th\u00e8me des v\u00e9hicules Arts &amp; Crafts\"},{\"@type\":\"BreadcrumbList\",\"@id\":\"https:\/\/teiaeducation.ch\/fr\/produit\/tampons-geants-transports-arts-crafts\/#breadcrumb\",\"itemListElement\":[{\"@type\":\"ListItem\",\"position\":1,\"name\":\"Home\",\"item\":\"https:\/\/teiaeducation.ch\/fr\/\"},{\"@type\":\"ListItem\",\"position\":2,\"name\":\"Boutique Teia Education &amp; Play\",\"item\":\"https:\/\/teiaeducation.ch\/fr\/boutique\/\"},{\"@type\":\"ListItem\",\"position\":3,\"name\":\"Nos Marques\",\"item\":\"https:\/\/teiaeducation.ch\/fr\/categorie-produit\/marques\/\"},{\"@type\":\"ListItem\",\"position\":4,\"name\":\"Arts &amp; Crafts\",\"item\":\"https:\/\/teiaeducation.ch\/fr\/categorie-produit\/marques\/arts-crafts-fr\/\"},{\"@type\":\"ListItem\",\"position\":5,\"name\":\"Tampons g\u00e9ants : transports \u2013 Arts &amp; Crafts\"}]},{\"@type\":\"WebSite\",\"@id\":\"https:\/\/teiaeducation.ch\/fr\/#website\",\"url\":\"https:\/\/teiaeducation.ch\/fr\/\",\"name\":\"Sustainable Educational Products &amp; Ecological Toys\u00a0\",\"description\":\"Specialised Swiss shop selling sustainable educational toys and games, AMI certified Montessori materials, handmade ecological wooden Waldorf toys and arts &amp; crafts supplies, school supplies, children&#039;s furniture and Montessori reference and parenting books.\",\"publisher\":{\"@id\":\"https:\/\/teiaeducation.ch\/fr\/#organization\"},\"alternateName\":\"Teia Education & Play\",\"potentialAction\":[{\"@type\":\"SearchAction\",\"target\":{\"@type\":\"EntryPoint\",\"urlTemplate\":\"https:\/\/teiaeducation.ch\/fr\/?s={search_term_string}\"},\"query-input\":{\"@type\":\"PropertyValueSpecification\",\"valueRequired\":true,\"valueName\":\"search_term_string\"}}],\"inLanguage\":\"fr-FR\"},{\"@type\":\"Organization\",\"@id\":\"https:\/\/teiaeducation.ch\/fr\/#organization\",\"name\":\"Teia Education & Play\",\"url\":\"https:\/\/teiaeducation.ch\/fr\/\",\"logo\":{\"@type\":\"ImageObject\",\"inLanguage\":\"fr-FR\",\"@id\":\"https:\/\/teiaeducation.ch\/fr\/#\/schema\/logo\/image\/\",\"url\":\"https:\/\/teiaeducation.ch\/wp-content\/uploads\/2020\/11\/Teia-Education-Switzerland-e1620156442216.jpg\",\"contentUrl\":\"https:\/\/teiaeducation.ch\/wp-content\/uploads\/2020\/11\/Teia-Education-Switzerland-e1620156442216.jpg\",\"width\":166,\"height\":145,\"caption\":\"Teia Education & Play\"},\"image\":{\"@id\":\"https:\/\/teiaeducation.ch\/fr\/#\/schema\/logo\/image\/\"},\"sameAs\":[\"https:\/\/www.facebook.com\/teiaeducation\/\",\"https:\/\/x.com\/EducationTeia\",\"https:\/\/www.instagram.com\/teia.education\/\",\"https:\/\/www.linkedin.com\/company\/35501660\",\"https:\/\/www.pinterest.ch\/TeiaEducation\/\"]}]}<\/script>\n<!-- \/ Yoast SEO plugin. -->","yoast_head_json":{"title":"Tampons de transport g\u00e9ants \u2013 Arts & Crafts - Teia Education & Play","description":"Les tampons g\u00e9ants de transport et v\u00e9hicules de Arts & Crafts Heutink peuvent \u00eatre utilis\u00e9s avec de l'encre ou de la peinture.","robots":{"index":"index","follow":"follow","max-snippet":"max-snippet:-1","max-image-preview":"max-image-preview:large","max-video-preview":"max-video-preview:-1"},"canonical":"https:\/\/teiaeducation.ch\/fr\/produit\/tampons-geants-transports-arts-crafts\/","og_locale":"fr_FR","og_type":"article","og_title":"Tampons de transport g\u00e9ants \u2013 Arts & Crafts - Teia Education & Play","og_description":"Les tampons g\u00e9ants de transport et v\u00e9hicules de Arts & Crafts Heutink peuvent \u00eatre utilis\u00e9s avec de l'encre ou de la peinture.","og_url":"https:\/\/teiaeducation.ch\/fr\/produit\/tampons-geants-transports-arts-crafts\/","og_site_name":"Sustainable Educational Products &amp; Ecological Toys\u00a0","article_publisher":"https:\/\/www.facebook.com\/teiaeducation\/","article_modified_time":"2025-10-01T09:20:40+00:00","og_image":[{"width":800,"height":800,"url":"https:\/\/teiaeducation.ch\/wp-content\/uploads\/2021\/06\/Giant-stampers-transport-\u2013-Arts-Crafts.jpeg","type":"image\/jpeg"}],"schema":{"@context":"https:\/\/schema.org","@graph":[{"@type":"WebPage","@id":"https:\/\/teiaeducation.ch\/fr\/produit\/tampons-geants-transports-arts-crafts\/","url":"https:\/\/teiaeducation.ch\/fr\/produit\/tampons-geants-transports-arts-crafts\/","name":"Tampons de transport g\u00e9ants \u2013 Arts & Crafts - Teia Education & Play","isPartOf":{"@id":"https:\/\/teiaeducation.ch\/fr\/#website"},"primaryImageOfPage":{"@id":"https:\/\/teiaeducation.ch\/fr\/produit\/tampons-geants-transports-arts-crafts\/#primaryimage"},"image":{"@id":"https:\/\/teiaeducation.ch\/fr\/produit\/tampons-geants-transports-arts-crafts\/#primaryimage"},"thumbnailUrl":"https:\/\/teiaeducation.ch\/wp-content\/uploads\/2021\/06\/Giant-stampers-transport-\u2013-Arts-Crafts.jpeg","datePublished":"2021-06-28T12:55:27+00:00","dateModified":"2025-10-01T09:20:40+00:00","description":"Les tampons g\u00e9ants de transport et v\u00e9hicules de Arts & Crafts Heutink peuvent \u00eatre utilis\u00e9s avec de l'encre ou de la peinture.","breadcrumb":{"@id":"https:\/\/teiaeducation.ch\/fr\/produit\/tampons-geants-transports-arts-crafts\/#breadcrumb"},"inLanguage":"fr-FR","potentialAction":[{"@type":"ReadAction","target":["https:\/\/teiaeducation.ch\/fr\/produit\/tampons-geants-transports-arts-crafts\/"]}]},{"@type":"ImageObject","inLanguage":"fr-FR","@id":"https:\/\/teiaeducation.ch\/fr\/produit\/tampons-geants-transports-arts-crafts\/#primaryimage","url":"https:\/\/teiaeducation.ch\/wp-content\/uploads\/2021\/06\/Giant-stampers-transport-\u2013-Arts-Crafts.jpeg","contentUrl":"https:\/\/teiaeducation.ch\/wp-content\/uploads\/2021\/06\/Giant-stampers-transport-\u2013-Arts-Crafts.jpeg","width":800,"height":800,"caption":"Tampons g\u00e9ants sur le th\u00e8me des v\u00e9hicules Arts &amp; Crafts"},{"@type":"BreadcrumbList","@id":"https:\/\/teiaeducation.ch\/fr\/produit\/tampons-geants-transports-arts-crafts\/#breadcrumb","itemListElement":[{"@type":"ListItem","position":1,"name":"Home","item":"https:\/\/teiaeducation.ch\/fr\/"},{"@type":"ListItem","position":2,"name":"Boutique Teia Education &amp; Play","item":"https:\/\/teiaeducation.ch\/fr\/boutique\/"},{"@type":"ListItem","position":3,"name":"Nos Marques","item":"https:\/\/teiaeducation.ch\/fr\/categorie-produit\/marques\/"},{"@type":"ListItem","position":4,"name":"Arts &amp; Crafts","item":"https:\/\/teiaeducation.ch\/fr\/categorie-produit\/marques\/arts-crafts-fr\/"},{"@type":"ListItem","position":5,"name":"Tampons g\u00e9ants : transports \u2013 Arts &amp; Crafts"}]},{"@type":"WebSite","@id":"https:\/\/teiaeducation.ch\/fr\/#website","url":"https:\/\/teiaeducation.ch\/fr\/","name":"Sustainable Educational Products &amp; Ecological Toys\u00a0","description":"Specialised Swiss shop selling sustainable educational toys and games, AMI certified Montessori materials, handmade ecological wooden Waldorf toys and arts &amp; crafts supplies, school supplies, children&#039;s furniture and Montessori reference and parenting books.","publisher":{"@id":"https:\/\/teiaeducation.ch\/fr\/#organization"},"alternateName":"Teia Education & Play","potentialAction":[{"@type":"SearchAction","target":{"@type":"EntryPoint","urlTemplate":"https:\/\/teiaeducation.ch\/fr\/?s={search_term_string}"},"query-input":{"@type":"PropertyValueSpecification","valueRequired":true,"valueName":"search_term_string"}}],"inLanguage":"fr-FR"},{"@type":"Organization","@id":"https:\/\/teiaeducation.ch\/fr\/#organization","name":"Teia Education & Play","url":"https:\/\/teiaeducation.ch\/fr\/","logo":{"@type":"ImageObject","inLanguage":"fr-FR","@id":"https:\/\/teiaeducation.ch\/fr\/#\/schema\/logo\/image\/","url":"https:\/\/teiaeducation.ch\/wp-content\/uploads\/2020\/11\/Teia-Education-Switzerland-e1620156442216.jpg","contentUrl":"https:\/\/teiaeducation.ch\/wp-content\/uploads\/2020\/11\/Teia-Education-Switzerland-e1620156442216.jpg","width":166,"height":145,"caption":"Teia Education & Play"},"image":{"@id":"https:\/\/teiaeducation.ch\/fr\/#\/schema\/logo\/image\/"},"sameAs":["https:\/\/www.facebook.com\/teiaeducation\/","https:\/\/x.com\/EducationTeia","https:\/\/www.instagram.com\/teia.education\/","https:\/\/www.linkedin.com\/company\/35501660","https:\/\/www.pinterest.ch\/TeiaEducation\/"]}]}},"_links":{"self":[{"href":"https:\/\/teiaeducation.ch\/fr\/wp-json\/wp\/v2\/product\/37638","targetHints":{"allow":["GET"]}}],"collection":[{"href":"https:\/\/teiaeducation.ch\/fr\/wp-json\/wp\/v2\/product"}],"about":[{"href":"https:\/\/teiaeducation.ch\/fr\/wp-json\/wp\/v2\/types\/product"}],"replies":[{"embeddable":true,"href":"https:\/\/teiaeducation.ch\/fr\/wp-json\/wp\/v2\/comments?post=37638"}],"wp:featuredmedia":[{"embeddable":true,"href":"https:\/\/teiaeducation.ch\/fr\/wp-json\/wp\/v2\/media\/37436"}],"wp:attachment":[{"href":"https:\/\/teiaeducation.ch\/fr\/wp-json\/wp\/v2\/media?parent=37638"}],"wp:term":[{"taxonomy":"product_brand","embeddable":true,"href":"https:\/\/teiaeducation.ch\/fr\/wp-json\/wp\/v2\/product_brand?post=37638"},{"taxonomy":"product_cat","embeddable":true,"href":"https:\/\/teiaeducation.ch\/fr\/wp-json\/wp\/v2\/product_cat?post=37638"},{"taxonomy":"product_tag","embeddable":true,"href":"https:\/\/teiaeducation.ch\/fr\/wp-json\/wp\/v2\/product_tag?post=37638"}],"curies":[{"name":"wp","href":"https:\/\/api.w.org\/{rel}","templated":true}]}}