{"id":37641,"date":"2021-06-25T10:02:21","date_gmt":"2021-06-25T08:02:21","guid":{"rendered":"https:\/\/teiaeducation.ch\/product\/puzzle-de-vocabulaire-hygiene-personnelle-educo\/"},"modified":"2022-11-09T14:18:48","modified_gmt":"2022-11-09T13:18:48","slug":"puzzle-vocabulaire-hygiene-personnelle-educo","status":"publish","type":"product","link":"https:\/\/teiaeducation.ch\/fr\/produit\/puzzle-vocabulaire-hygiene-personnelle-educo\/","title":{"rendered":"Puzzle de vocabulaire : hygi\u00e8ne personnelle &#8211; Educo"},"content":{"rendered":"<p>Le puzzle de vocabulaire Educo sur le th\u00e8me de l&#8217;hygi\u00e8ne personnelle est un grand puzzle enti\u00e8rement r\u00e9alis\u00e9 en bois. Ce puzzle, qui fait partie de la s\u00e9rie &#8220;vocabulaire&#8221;, aide les enfants \u00e0 enrichir leur <a href=\"https:\/\/teiaeducation.ch\/product-category\/learning-themes\/literacy-language\/vocabulary-2\/\">vocabulaire<\/a> et \u00e0 se familiariser avec les diff\u00e9rents aspects de l&#8217;hygi\u00e8ne personnelle.<\/p>\n<p>Discutez et apprenez l&#8217;importance d&#8217;une bonne hygi\u00e8ne personnelle gr\u00e2ce \u00e0 ce puzzle. Les diff\u00e9rents aspects de l&#8217;hygi\u00e8ne personnelle sont illustr\u00e9s autour des diff\u00e9rents \u00e9tages d&#8217;une maison. Toutes les grandes pi\u00e8ces du <a href=\"https:\/\/teiaeducation.ch\/fr\/categorie-produit\/jouer\/puzzles-en-bois\/\">puzzle<\/a> contiennent un sujet sur l&#8217;hygi\u00e8ne personnelle. Par exemple, se moucher et jeter le mouchoir, se laver les mains, se brosser les dents, se laver les cheveux, se couper les ongles, faire la lessive et la vaisselle et passer l&#8217;aspirateur. Vous pouvez m\u00eame trouver le chat qui se lave et l&#8217;oiseau qui prend un bain.<\/p>\n<p>Tous les sujets sont d\u00e9crits dans un manuel. Le manuel contient 6 langues, ce qui offre \u00e9galement la possibilit\u00e9 d&#8217;enrichir votre vocabulaire dans diff\u00e9rentes langues ! En compl\u00e9tant ce puzzle, les enfants apprendront de nouveaux mots, les utiliseront dans le bon contexte et mettront en pratique leurs comp\u00e9tences en mati\u00e8re de communication, de <a href=\"https:\/\/teiaeducation.ch\/fr\/categorie-produit\/domaines-du-curriculum\/alphabetisation-langage\/collaboration-fr\/\">collaboration<\/a> et de narration. Apprenez les bases et l&#8217;importance d&#8217;une bonne hygi\u00e8ne personnelle.<\/p>\n<p>Ce grand puzzle sur le th\u00e8me de l&#8217;hygi\u00e8ne personnelle mesure 40 x 40 centim\u00e8tres et se compose de 49 pi\u00e8ces de puzzle en bois solidement fix\u00e9es sur un plateau en bois de h\u00eatre. Le travail avec ce puzzle encourage les exercices associatifs centr\u00e9s sur des vues et des activit\u00e9s de la vie r\u00e9elle. Il facilite les discussions anim\u00e9es qui d\u00e9passent le cadre de la salle de classe et favorise la prise de conscience et une compr\u00e9hension plus approfondie du monde en g\u00e9n\u00e9ral.<\/p>\n<p>Les puzzles de vocabulaire d&#8217;Educo d\u00e9veloppent les comp\u00e9tences linguistiques et l&#8217;alphab\u00e9tisation. Comme tous les puzzles de la gamme Educo puzzle play, ce puzzle de haute qualit\u00e9 inspire la pens\u00e9e critique et les techniques de r\u00e9solution de probl\u00e8mes par le jeu.<\/p>\n<p>La marque n\u00e9erlandaise <a href=\"https:\/\/teiaeducation.ch\/fr\/categorie-produit\/marques\/educo-fr\/\">Educo<\/a> repr\u00e9sente un monde color\u00e9 d\u2019apprentissage ludique, de jeux \u00e9ducatifs stimulants et de jouets. De haute qualit\u00e9 et durables, les produits Educo tournent autour des situations quotidiennes et aident les enfants \u00e0 associer les jeux \u00e0 des sujets r\u00e9guliers, transformant le processus d\u2019apprentissage en une simulation de leur environnement naturel.<\/p>\n<p>Les produits \u00e9ducatifs actifs et pratiques d\u2019Educo sont principalement faits en bois, avec des mat\u00e9riaux durables tels que les encres et les peintures \u00e0 base d\u2019eau. Les jouets sont fabriqu\u00e9s pour supporter des ann\u00e9es d\u2019utilisation robuste, encourager l\u2019apprentissage bas\u00e9 sur le <a href=\"https:\/\/teiaeducation.ch\/fr\/categorie-produit\/jouer\/\">jeu<\/a> et inspirer la croissance et le succ\u00e8s chez les enfants \u00e2g\u00e9s de 1 \u00e0 6 ans. Ils r\u00e9pondent aux exigences de diverses r\u00e9glementations europ\u00e9ennes et internationales en mati\u00e8re de s\u00e9curit\u00e9 des jouets et se conforment \u00e0 la directive 2009\/48\/CE sur la s\u00e9curit\u00e9 des jouets, y compris EN81 et ASTM.<\/p>\n<p>Le puzzle de vocabulaire Educo sur l&#8217;hygi\u00e8ne personnelle convient aux enfants de 4 ans et plus.<\/p>\n<p>Contenu :<\/p>\n<p>Un cadre en bois (40 x 40 cm)<br \/>\n49 pi\u00e8ces de puzzle en bois de diff\u00e9rentes tailles<\/p>\n","protected":false},"excerpt":{"rendered":"<p>Num\u00e9ro d&#8217;article: 900000076<\/p>\n<p>Le puzzle en bois Educo vocabulaire hygi\u00e8ne personnelle aide les enfants \u00e0 enrichir leur vocabulaire et \u00e0 apprendre une bonne hygi\u00e8ne personnelle !<\/p>\n","protected":false},"featured_media":37350,"comment_status":"open","ping_status":"closed","template":"","meta":[],"product_brand":[],"product_cat":[8527,215,285,22344,284,283,224,8526,17239,225,22355,13130,22181,1220,23650,763,7595,1218,232,217,5851,611,212,612],"product_tag":[784,20294,20297,20296,20291,20292,20299,20298,20293,20295],"class_list":{"0":"post-37641","1":"product","2":"type-product","3":"status-publish","4":"has-post-thumbnail","6":"product_cat-3-6-ans-ecole-a-domicile","7":"product_cat-3-6-ans","8":"product_cat-alphabetisation-langage","9":"product_cat-collections-saisonnieres","10":"product_cat-culture-sciences","11":"product_cat-domaines-du-curriculum","12":"product_cat-educo-fr","13":"product_cat-fournitures-scolaires-a-domicile","14":"product_cat-guide-cadeaux-educatifs","15":"product_cat-jeu-de-langage","16":"product_cat-jeu-de-puzzle","17":"product_cat-jouer","18":"product_cat-jouets-montessori","19":"product_cat-traditionnelle","20":"product_cat-la-rentree-scolaire","21":"product_cat-la-science","22":"product_cat-methode-deducation","23":"product_cat-montessori-fr","24":"product_cat-mots-vocabulaire","25":"product_cat-marques","26":"product_cat-nouveautes","27":"product_cat-raconter-des-histoires","28":"product_cat-tranche-dage","29":"product_cat-vocabulaire-fr","30":"product_tag-educo-puzzle-a-incrustation-en-bois","31":"product_tag-enseignement-de-lhygiene-personnelle","32":"product_tag-le-puzzle-de-lhygiene-personnelle","33":"product_tag-puzzle-dhygiene-personnelle","34":"product_tag-puzzle-educatif-fr","35":"product_tag-puzzle-educatif-deduco","36":"product_tag-puzzle-vocabulaire-hygiene-personnelle-educo","37":"product_tag-puzzles-denrichissement-du-vocabulaire","38":"product_tag-puzzles-educatifs","39":"product_tag-puzzles-educatifs-en-bois","41":"first","42":"instock","43":"taxable","44":"shipping-taxable","45":"purchasable","46":"product-type-simple"},"yoast_head":"<!-- This site is optimized with the Yoast SEO Premium plugin v25.8 (Yoast SEO v27.4) - https:\/\/yoast.com\/product\/yoast-seo-premium-wordpress\/ -->\n<title>Puzzle de vocabulaire : hygi\u00e8ne personnelle - Educo<\/title>\n<meta name=\"description\" content=\"Le puzzle en bois Educo du vocabulaire de l&#039;hygi\u00e8ne personnelle aide les enfants \u00e0 enrichir leur vocabulaire et \u00e0 apprendre une bonne hygi\u00e8ne personnelle.\" \/>\n<meta name=\"robots\" content=\"index, follow, max-snippet:-1, max-image-preview:large, max-video-preview:-1\" \/>\n<link rel=\"canonical\" href=\"https:\/\/teiaeducation.ch\/fr\/produit\/puzzle-vocabulaire-hygiene-personnelle-educo\/\" \/>\n<meta property=\"og:locale\" content=\"fr_FR\" \/>\n<meta property=\"og:type\" content=\"article\" \/>\n<meta property=\"og:title\" content=\"Puzzle de vocabulaire : hygi\u00e8ne personnelle - Educo\" \/>\n<meta property=\"og:description\" content=\"Le puzzle en bois Educo du vocabulaire de l&#039;hygi\u00e8ne personnelle aide les enfants \u00e0 enrichir leur vocabulaire et \u00e0 apprendre une bonne hygi\u00e8ne personnelle.\" \/>\n<meta property=\"og:url\" content=\"https:\/\/teiaeducation.ch\/fr\/produit\/puzzle-vocabulaire-hygiene-personnelle-educo\/\" \/>\n<meta property=\"og:site_name\" content=\"Sustainable Educational Products &amp; Ecological Toys\u00a0\" \/>\n<meta property=\"article:publisher\" content=\"https:\/\/www.facebook.com\/teiaeducation\/\" \/>\n<meta property=\"article:modified_time\" content=\"2022-11-09T13:18:48+00:00\" \/>\n<meta property=\"og:image\" content=\"https:\/\/teiaeducation.ch\/wp-content\/uploads\/2021\/06\/Vocabulary-puzzle-personal-hygiene-Educo.jpeg\" \/>\n\t<meta property=\"og:image:width\" content=\"1500\" \/>\n\t<meta property=\"og:image:height\" content=\"1500\" \/>\n\t<meta property=\"og:image:type\" content=\"image\/jpeg\" \/>\n<script type=\"application\/ld+json\" class=\"yoast-schema-graph\">{\"@context\":\"https:\\\/\\\/schema.org\",\"@graph\":[{\"@type\":\"WebPage\",\"@id\":\"https:\\\/\\\/teiaeducation.ch\\\/fr\\\/produit\\\/puzzle-vocabulaire-hygiene-personnelle-educo\\\/\",\"url\":\"https:\\\/\\\/teiaeducation.ch\\\/fr\\\/produit\\\/puzzle-vocabulaire-hygiene-personnelle-educo\\\/\",\"name\":\"Puzzle de vocabulaire : hygi\u00e8ne personnelle - Educo\",\"isPartOf\":{\"@id\":\"https:\\\/\\\/teiaeducation.ch\\\/fr\\\/#website\"},\"primaryImageOfPage\":{\"@id\":\"https:\\\/\\\/teiaeducation.ch\\\/fr\\\/produit\\\/puzzle-vocabulaire-hygiene-personnelle-educo\\\/#primaryimage\"},\"image\":{\"@id\":\"https:\\\/\\\/teiaeducation.ch\\\/fr\\\/produit\\\/puzzle-vocabulaire-hygiene-personnelle-educo\\\/#primaryimage\"},\"thumbnailUrl\":\"https:\\\/\\\/teiaeducation.ch\\\/wp-content\\\/uploads\\\/2021\\\/06\\\/Vocabulary-puzzle-personal-hygiene-Educo.jpeg\",\"datePublished\":\"2021-06-25T08:02:21+00:00\",\"dateModified\":\"2022-11-09T13:18:48+00:00\",\"description\":\"Le puzzle en bois Educo du vocabulaire de l'hygi\u00e8ne personnelle aide les enfants \u00e0 enrichir leur vocabulaire et \u00e0 apprendre une bonne hygi\u00e8ne personnelle.\",\"breadcrumb\":{\"@id\":\"https:\\\/\\\/teiaeducation.ch\\\/fr\\\/produit\\\/puzzle-vocabulaire-hygiene-personnelle-educo\\\/#breadcrumb\"},\"inLanguage\":\"fr-FR\",\"potentialAction\":[{\"@type\":\"ReadAction\",\"target\":[\"https:\\\/\\\/teiaeducation.ch\\\/fr\\\/produit\\\/puzzle-vocabulaire-hygiene-personnelle-educo\\\/\"]}]},{\"@type\":\"ImageObject\",\"inLanguage\":\"fr-FR\",\"@id\":\"https:\\\/\\\/teiaeducation.ch\\\/fr\\\/produit\\\/puzzle-vocabulaire-hygiene-personnelle-educo\\\/#primaryimage\",\"url\":\"https:\\\/\\\/teiaeducation.ch\\\/wp-content\\\/uploads\\\/2021\\\/06\\\/Vocabulary-puzzle-personal-hygiene-Educo.jpeg\",\"contentUrl\":\"https:\\\/\\\/teiaeducation.ch\\\/wp-content\\\/uploads\\\/2021\\\/06\\\/Vocabulary-puzzle-personal-hygiene-Educo.jpeg\",\"width\":1500,\"height\":1500,\"caption\":\"Puzzle de vocabulaire : hygi\u00e8ne personnelle - Educo\"},{\"@type\":\"BreadcrumbList\",\"@id\":\"https:\\\/\\\/teiaeducation.ch\\\/fr\\\/produit\\\/puzzle-vocabulaire-hygiene-personnelle-educo\\\/#breadcrumb\",\"itemListElement\":[{\"@type\":\"ListItem\",\"position\":1,\"name\":\"Home\",\"item\":\"https:\\\/\\\/teiaeducation.ch\\\/fr\\\/\"},{\"@type\":\"ListItem\",\"position\":2,\"name\":\"Boutique Teia Education &amp; Play\",\"item\":\"https:\\\/\\\/teiaeducation.ch\\\/fr\\\/boutique\\\/\"},{\"@type\":\"ListItem\",\"position\":3,\"name\":\"Nos Marques\",\"item\":\"https:\\\/\\\/teiaeducation.ch\\\/fr\\\/categorie-produit\\\/marques\\\/\"},{\"@type\":\"ListItem\",\"position\":4,\"name\":\"Educo\",\"item\":\"https:\\\/\\\/teiaeducation.ch\\\/fr\\\/categorie-produit\\\/marques\\\/educo-fr\\\/\"},{\"@type\":\"ListItem\",\"position\":5,\"name\":\"Jeu de Langage\",\"item\":\"https:\\\/\\\/teiaeducation.ch\\\/fr\\\/categorie-produit\\\/marques\\\/educo-fr\\\/jeu-de-langage\\\/\"},{\"@type\":\"ListItem\",\"position\":6,\"name\":\"Mots &amp; Vocabulaire\",\"item\":\"https:\\\/\\\/teiaeducation.ch\\\/fr\\\/categorie-produit\\\/marques\\\/educo-fr\\\/jeu-de-langage\\\/mots-vocabulaire\\\/\"},{\"@type\":\"ListItem\",\"position\":7,\"name\":\"Puzzle de vocabulaire : hygi\u00e8ne personnelle &#8211; Educo\"}]},{\"@type\":\"WebSite\",\"@id\":\"https:\\\/\\\/teiaeducation.ch\\\/fr\\\/#website\",\"url\":\"https:\\\/\\\/teiaeducation.ch\\\/fr\\\/\",\"name\":\"Sustainable Educational Products &amp; Ecological Toys\u00a0\",\"description\":\"Specialised Swiss shop selling sustainable educational toys and games, AMI certified Montessori materials, handmade ecological wooden Waldorf toys and arts &amp; crafts supplies, school supplies, children&#039;s furniture and Montessori reference and parenting books.\",\"publisher\":{\"@id\":\"https:\\\/\\\/teiaeducation.ch\\\/fr\\\/#organization\"},\"alternateName\":\"Teia Education & Play\",\"potentialAction\":[{\"@type\":\"SearchAction\",\"target\":{\"@type\":\"EntryPoint\",\"urlTemplate\":\"https:\\\/\\\/teiaeducation.ch\\\/fr\\\/?s={search_term_string}\"},\"query-input\":{\"@type\":\"PropertyValueSpecification\",\"valueRequired\":true,\"valueName\":\"search_term_string\"}}],\"inLanguage\":\"fr-FR\"},{\"@type\":\"Organization\",\"@id\":\"https:\\\/\\\/teiaeducation.ch\\\/fr\\\/#organization\",\"name\":\"Teia Education & Play\",\"url\":\"https:\\\/\\\/teiaeducation.ch\\\/fr\\\/\",\"logo\":{\"@type\":\"ImageObject\",\"inLanguage\":\"fr-FR\",\"@id\":\"https:\\\/\\\/teiaeducation.ch\\\/fr\\\/#\\\/schema\\\/logo\\\/image\\\/\",\"url\":\"https:\\\/\\\/teiaeducation.ch\\\/wp-content\\\/uploads\\\/2020\\\/11\\\/Teia-Education-Switzerland-e1620156442216.jpg\",\"contentUrl\":\"https:\\\/\\\/teiaeducation.ch\\\/wp-content\\\/uploads\\\/2020\\\/11\\\/Teia-Education-Switzerland-e1620156442216.jpg\",\"width\":166,\"height\":145,\"caption\":\"Teia Education & Play\"},\"image\":{\"@id\":\"https:\\\/\\\/teiaeducation.ch\\\/fr\\\/#\\\/schema\\\/logo\\\/image\\\/\"},\"sameAs\":[\"https:\\\/\\\/www.facebook.com\\\/teiaeducation\\\/\",\"https:\\\/\\\/x.com\\\/EducationTeia\",\"https:\\\/\\\/www.instagram.com\\\/teia.education\\\/\",\"https:\\\/\\\/www.linkedin.com\\\/company\\\/35501660\",\"https:\\\/\\\/www.pinterest.ch\\\/TeiaEducation\\\/\"]}]}<\/script>\n<meta property=\"product:price:amount\" content=\"44.90\" \/>\n<meta property=\"product:price:currency\" content=\"CHF\" \/>\n<meta property=\"og:availability\" content=\"instock\" \/>\n<meta property=\"product:availability\" content=\"instock\" \/>\n<meta property=\"product:retailer_item_id\" content=\"00000000000000000000000000000000000000000000037346\" \/>\n<meta property=\"product:condition\" content=\"new\" \/>\n<!-- \/ Yoast SEO Premium plugin. -->","yoast_head_json":{"title":"Puzzle de vocabulaire : hygi\u00e8ne personnelle - Educo","description":"Le puzzle en bois Educo du vocabulaire de l'hygi\u00e8ne personnelle aide les enfants \u00e0 enrichir leur vocabulaire et \u00e0 apprendre une bonne hygi\u00e8ne personnelle.","robots":{"index":"index","follow":"follow","max-snippet":"max-snippet:-1","max-image-preview":"max-image-preview:large","max-video-preview":"max-video-preview:-1"},"canonical":"https:\/\/teiaeducation.ch\/fr\/produit\/puzzle-vocabulaire-hygiene-personnelle-educo\/","og_locale":"fr_FR","og_type":"article","og_title":"Puzzle de vocabulaire : hygi\u00e8ne personnelle - Educo","og_description":"Le puzzle en bois Educo du vocabulaire de l'hygi\u00e8ne personnelle aide les enfants \u00e0 enrichir leur vocabulaire et \u00e0 apprendre une bonne hygi\u00e8ne personnelle.","og_url":"https:\/\/teiaeducation.ch\/fr\/produit\/puzzle-vocabulaire-hygiene-personnelle-educo\/","og_site_name":"Sustainable Educational Products &amp; Ecological Toys\u00a0","article_publisher":"https:\/\/www.facebook.com\/teiaeducation\/","article_modified_time":"2022-11-09T13:18:48+00:00","og_image":[{"width":1500,"height":1500,"url":"https:\/\/teiaeducation.ch\/wp-content\/uploads\/2021\/06\/Vocabulary-puzzle-personal-hygiene-Educo.jpeg","type":"image\/jpeg"}],"schema":{"@context":"https:\/\/schema.org","@graph":[{"@type":"WebPage","@id":"https:\/\/teiaeducation.ch\/fr\/produit\/puzzle-vocabulaire-hygiene-personnelle-educo\/","url":"https:\/\/teiaeducation.ch\/fr\/produit\/puzzle-vocabulaire-hygiene-personnelle-educo\/","name":"Puzzle de vocabulaire : hygi\u00e8ne personnelle - Educo","isPartOf":{"@id":"https:\/\/teiaeducation.ch\/fr\/#website"},"primaryImageOfPage":{"@id":"https:\/\/teiaeducation.ch\/fr\/produit\/puzzle-vocabulaire-hygiene-personnelle-educo\/#primaryimage"},"image":{"@id":"https:\/\/teiaeducation.ch\/fr\/produit\/puzzle-vocabulaire-hygiene-personnelle-educo\/#primaryimage"},"thumbnailUrl":"https:\/\/teiaeducation.ch\/wp-content\/uploads\/2021\/06\/Vocabulary-puzzle-personal-hygiene-Educo.jpeg","datePublished":"2021-06-25T08:02:21+00:00","dateModified":"2022-11-09T13:18:48+00:00","description":"Le puzzle en bois Educo du vocabulaire de l'hygi\u00e8ne personnelle aide les enfants \u00e0 enrichir leur vocabulaire et \u00e0 apprendre une bonne hygi\u00e8ne personnelle.","breadcrumb":{"@id":"https:\/\/teiaeducation.ch\/fr\/produit\/puzzle-vocabulaire-hygiene-personnelle-educo\/#breadcrumb"},"inLanguage":"fr-FR","potentialAction":[{"@type":"ReadAction","target":["https:\/\/teiaeducation.ch\/fr\/produit\/puzzle-vocabulaire-hygiene-personnelle-educo\/"]}]},{"@type":"ImageObject","inLanguage":"fr-FR","@id":"https:\/\/teiaeducation.ch\/fr\/produit\/puzzle-vocabulaire-hygiene-personnelle-educo\/#primaryimage","url":"https:\/\/teiaeducation.ch\/wp-content\/uploads\/2021\/06\/Vocabulary-puzzle-personal-hygiene-Educo.jpeg","contentUrl":"https:\/\/teiaeducation.ch\/wp-content\/uploads\/2021\/06\/Vocabulary-puzzle-personal-hygiene-Educo.jpeg","width":1500,"height":1500,"caption":"Puzzle de vocabulaire : hygi\u00e8ne personnelle - Educo"},{"@type":"BreadcrumbList","@id":"https:\/\/teiaeducation.ch\/fr\/produit\/puzzle-vocabulaire-hygiene-personnelle-educo\/#breadcrumb","itemListElement":[{"@type":"ListItem","position":1,"name":"Home","item":"https:\/\/teiaeducation.ch\/fr\/"},{"@type":"ListItem","position":2,"name":"Boutique Teia Education &amp; Play","item":"https:\/\/teiaeducation.ch\/fr\/boutique\/"},{"@type":"ListItem","position":3,"name":"Nos Marques","item":"https:\/\/teiaeducation.ch\/fr\/categorie-produit\/marques\/"},{"@type":"ListItem","position":4,"name":"Educo","item":"https:\/\/teiaeducation.ch\/fr\/categorie-produit\/marques\/educo-fr\/"},{"@type":"ListItem","position":5,"name":"Jeu de Langage","item":"https:\/\/teiaeducation.ch\/fr\/categorie-produit\/marques\/educo-fr\/jeu-de-langage\/"},{"@type":"ListItem","position":6,"name":"Mots &amp; Vocabulaire","item":"https:\/\/teiaeducation.ch\/fr\/categorie-produit\/marques\/educo-fr\/jeu-de-langage\/mots-vocabulaire\/"},{"@type":"ListItem","position":7,"name":"Puzzle de vocabulaire : hygi\u00e8ne personnelle &#8211; Educo"}]},{"@type":"WebSite","@id":"https:\/\/teiaeducation.ch\/fr\/#website","url":"https:\/\/teiaeducation.ch\/fr\/","name":"Sustainable Educational Products &amp; Ecological Toys\u00a0","description":"Specialised Swiss shop selling sustainable educational toys and games, AMI certified Montessori materials, handmade ecological wooden Waldorf toys and arts &amp; crafts supplies, school supplies, children&#039;s furniture and Montessori reference and parenting books.","publisher":{"@id":"https:\/\/teiaeducation.ch\/fr\/#organization"},"alternateName":"Teia Education & Play","potentialAction":[{"@type":"SearchAction","target":{"@type":"EntryPoint","urlTemplate":"https:\/\/teiaeducation.ch\/fr\/?s={search_term_string}"},"query-input":{"@type":"PropertyValueSpecification","valueRequired":true,"valueName":"search_term_string"}}],"inLanguage":"fr-FR"},{"@type":"Organization","@id":"https:\/\/teiaeducation.ch\/fr\/#organization","name":"Teia Education & Play","url":"https:\/\/teiaeducation.ch\/fr\/","logo":{"@type":"ImageObject","inLanguage":"fr-FR","@id":"https:\/\/teiaeducation.ch\/fr\/#\/schema\/logo\/image\/","url":"https:\/\/teiaeducation.ch\/wp-content\/uploads\/2020\/11\/Teia-Education-Switzerland-e1620156442216.jpg","contentUrl":"https:\/\/teiaeducation.ch\/wp-content\/uploads\/2020\/11\/Teia-Education-Switzerland-e1620156442216.jpg","width":166,"height":145,"caption":"Teia Education & Play"},"image":{"@id":"https:\/\/teiaeducation.ch\/fr\/#\/schema\/logo\/image\/"},"sameAs":["https:\/\/www.facebook.com\/teiaeducation\/","https:\/\/x.com\/EducationTeia","https:\/\/www.instagram.com\/teia.education\/","https:\/\/www.linkedin.com\/company\/35501660","https:\/\/www.pinterest.ch\/TeiaEducation\/"]}]},"product_price_amount":"44.90","product_price_currency":"CHF","og_availability":"instock","product_availability":"instock","product_retailer_item_id":"00000000000000000000000000000000000000000000037346","product_condition":"new"},"_links":{"self":[{"href":"https:\/\/teiaeducation.ch\/fr\/wp-json\/wp\/v2\/product\/37641","targetHints":{"allow":["GET"]}}],"collection":[{"href":"https:\/\/teiaeducation.ch\/fr\/wp-json\/wp\/v2\/product"}],"about":[{"href":"https:\/\/teiaeducation.ch\/fr\/wp-json\/wp\/v2\/types\/product"}],"replies":[{"embeddable":true,"href":"https:\/\/teiaeducation.ch\/fr\/wp-json\/wp\/v2\/comments?post=37641"}],"wp:featuredmedia":[{"embeddable":true,"href":"https:\/\/teiaeducation.ch\/fr\/wp-json\/wp\/v2\/media\/37350"}],"wp:attachment":[{"href":"https:\/\/teiaeducation.ch\/fr\/wp-json\/wp\/v2\/media?parent=37641"}],"wp:term":[{"taxonomy":"product_brand","embeddable":true,"href":"https:\/\/teiaeducation.ch\/fr\/wp-json\/wp\/v2\/product_brand?post=37641"},{"taxonomy":"product_cat","embeddable":true,"href":"https:\/\/teiaeducation.ch\/fr\/wp-json\/wp\/v2\/product_cat?post=37641"},{"taxonomy":"product_tag","embeddable":true,"href":"https:\/\/teiaeducation.ch\/fr\/wp-json\/wp\/v2\/product_tag?post=37641"}],"curies":[{"name":"wp","href":"https:\/\/api.w.org\/{rel}","templated":true}]}}