{"id":3791,"date":"2021-05-26T15:40:38","date_gmt":"2021-05-26T13:40:38","guid":{"rendered":"https:\/\/teiaeducation.ch\/product\/boite-a-encastrement-avec-couvercle-a-bascule-a-differentes-formes-nienhuis-montessori\/"},"modified":"2022-05-29T21:06:34","modified_gmt":"2022-05-29T19:06:34","slug":"boite-a-encastrement-avec-couvercle-a-bascule-a-differentes-formes-nienhuis-montessori","status":"publish","type":"product","link":"https:\/\/teiaeducation.ch\/fr\/produit\/boite-a-encastrement-avec-couvercle-a-bascule-a-differentes-formes-nienhuis-montessori\/","title":{"rendered":"Bo\u00eete \u00e0 encastrement &#8211; Nienhuis Montessori"},"content":{"rendered":"<p><span class=\"tlid-translation translation\"><span class=\"\" title=\"\">La bo\u00eete \u00e0 encastrement (imbucare) en bois avec couvercle \u00e0 bascule et diff\u00e9rentes formes de Nienhuis Montessori d\u00e9veloppe le concept de permanence des objets et stimule la coordination \u0153il-main de <a href=\"https:\/\/teiaeducation.ch\/fr\/categorie-produit\/marques\/nienhuis-montessori-materiel-fr\/nourrisson-enfant-bas-age\/\">jeunes enfants<\/a>.<\/span><\/span><\/p>\n<p>La marque n\u00e9erlandaise <a href=\"https:\/\/teiaeducation.ch\/fr\/categorie-produit\/marques\/nienhuis-montessori-materiel-fr\/\">Nienhuis Montessori<\/a> est la marque leader mondiale Montessori, qui honore et perp\u00e9tue l\u2019h\u00e9ritage de Maria Montessori et fabrique la gamme la plus vaste et la plus innovante du mat\u00e9riel \u00e9ducatif Montessori. Tout les mat\u00e9riaux, le mobilier et le mat\u00e9riel p\u00e9dagogique\u00a0de Nienhuis Montessori sont certifi\u00e9s par le comit\u00e9 des mat\u00e9riaux de l\u2019Association Montessori Internationale (<a href=\"https:\/\/montessori-ami.org\/\">AMI<\/a>) et sont m\u00e9ticuleusement con\u00e7us pour isoler les difficult\u00e9s afin que les enfants puissent se concentrer, se ma\u00eetriser et s\u2019\u00e9panouir.<\/p>\n<p>Nienhuis Montessori est l\u2019une des marques de la soci\u00e9t\u00e9 n\u00e9erlandaise Heutink International, qui propose les meilleures marques \u00e9ducatives mondiales, sp\u00e9cialis\u00e9s\u00a0dans l\u2019apprentissage par le jeu.<\/p>\n<p><span class=\"tlid-translation translation\"><span class=\"\" title=\"\">Ce mat\u00e9riel <a href=\"https:\/\/teiaeducation.ch\/fr\/categorie-produit\/methode-deducation\/montessori-fr\/\">Montessori<\/a> convient aux nourrissons \u00e2g\u00e9s de 12 mois et plus.<\/span><\/span><\/p>\n<p><span title=\"\">Contenu:<\/span><\/p>\n<p><span class=\"\" title=\"\">1 bo\u00eete \u00e0 encastrement\u00a0rectangulaire en bois avec 2 compartiments\u00a0<\/span><br \/>\n<span class=\"\" title=\"\">4 formes g\u00e9om\u00e9triques rouges en bois d\u00e9coup\u00e9es<\/span><\/p>\n","protected":false},"excerpt":{"rendered":"<p><span class=\"tlid-translation translation\"><span class=\"\" title=\"\">Num\u00e9ro d&#8217;article: 042700<br \/>\n<\/span><\/span><\/p>\n<p>La bo\u00eete \u00e0 encastrement avec couvercle de Nienhuis Montessori d\u00e9veloppe le concept de permanence des objets et stimule la coordination \u0153il-main.<\/p>\n","protected":false},"featured_media":3079,"comment_status":"closed","ping_status":"closed","template":"","meta":[],"product_brand":[],"product_cat":[208,635,283,13130,626,624,288,7595,1218,207,217,205,210,209,212],"product_tag":[652,650,768,651,645,769,646,649,767,647,648],"class_list":{"0":"post-3791","1":"product","2":"type-product","3":"status-publish","4":"has-post-thumbnail","6":"product_cat-1-3-ans","7":"product_cat-competences-motrices","8":"product_cat-domaines-du-curriculum","9":"product_cat-jouer","10":"product_cat-jouets-a-trier","11":"product_cat-formes","12":"product_cat-mathematiques-calcul","13":"product_cat-methode-deducation","14":"product_cat-montessori-fr","15":"product_cat-nienhuis-montessori-materiel-fr","16":"product_cat-marques","17":"product_cat-nourrisson-enfant-bas-age","18":"product_cat-permanence-de-lobjet","19":"product_cat-sensorielles-motrices","20":"product_cat-tranche-dage","21":"product_tag-boite-a-encastrement-montessori","22":"product_tag-jouets-educatifs-suisse","23":"product_tag-materiel-montessori-suisse","24":"product_tag-materiel-pedagogique-suisse","25":"product_tag-montessori-fr","26":"product_tag-montessori-bambine","27":"product_tag-montessori-materiels-suisse-fr","28":"product_tag-montessori-premier-age-fr","29":"product_tag-nienhuis-montessori-suisse-fr-2","30":"product_tag-nienhuis-montessori-suisse-fr","31":"product_tag-produits-educatifs","33":"first","34":"instock","35":"taxable","36":"shipping-taxable","37":"purchasable","38":"product-type-simple"},"yoast_head":"<!-- This site is optimized with the Yoast SEO plugin v27.3 - https:\/\/yoast.com\/product\/yoast-seo-wordpress\/ -->\n<title>Bo\u00eete \u00e0 encastrement - Nienhuis Montessori - Teia Education &amp; Play<\/title>\n<meta name=\"description\" content=\"La bo\u00eete \u00e0 encastrement avec couvercle de Nienhuis Montessori d\u00e9veloppe le concept de permanence des objets et la coordination \u0153il-main.\" \/>\n<meta name=\"robots\" content=\"index, follow, max-snippet:-1, max-image-preview:large, max-video-preview:-1\" \/>\n<link rel=\"canonical\" href=\"https:\/\/teiaeducation.ch\/fr\/produit\/boite-a-encastrement-avec-couvercle-a-bascule-a-differentes-formes-nienhuis-montessori\/\" \/>\n<meta property=\"og:locale\" content=\"fr_FR\" \/>\n<meta property=\"og:type\" content=\"article\" \/>\n<meta property=\"og:title\" content=\"Bo\u00eete \u00e0 encastrement - Nienhuis Montessori - Teia Education &amp; Play\" \/>\n<meta property=\"og:description\" content=\"La bo\u00eete \u00e0 encastrement avec couvercle de Nienhuis Montessori d\u00e9veloppe le concept de permanence des objets et la coordination \u0153il-main.\" \/>\n<meta property=\"og:url\" content=\"https:\/\/teiaeducation.ch\/fr\/produit\/boite-a-encastrement-avec-couvercle-a-bascule-a-differentes-formes-nienhuis-montessori\/\" \/>\n<meta property=\"og:site_name\" content=\"Sustainable Educational Products &amp; Ecological Toys\u00a0\" \/>\n<meta property=\"article:publisher\" content=\"https:\/\/www.facebook.com\/teiaeducation\/\" \/>\n<meta property=\"article:modified_time\" content=\"2022-05-29T19:06:34+00:00\" \/>\n<meta property=\"og:image\" content=\"https:\/\/teiaeducation.ch\/wp-content\/uploads\/2018\/10\/042700-1.jpg\" \/>\n\t<meta property=\"og:image:width\" content=\"900\" \/>\n\t<meta property=\"og:image:height\" content=\"900\" \/>\n\t<meta property=\"og:image:type\" content=\"image\/jpeg\" \/>\n<script type=\"application\/ld+json\" class=\"yoast-schema-graph\">{\"@context\":\"https:\\\/\\\/schema.org\",\"@graph\":[{\"@type\":\"WebPage\",\"@id\":\"https:\\\/\\\/teiaeducation.ch\\\/fr\\\/produit\\\/boite-a-encastrement-avec-couvercle-a-bascule-a-differentes-formes-nienhuis-montessori\\\/\",\"url\":\"https:\\\/\\\/teiaeducation.ch\\\/fr\\\/produit\\\/boite-a-encastrement-avec-couvercle-a-bascule-a-differentes-formes-nienhuis-montessori\\\/\",\"name\":\"Bo\u00eete \u00e0 encastrement - Nienhuis Montessori - Teia Education & Play\",\"isPartOf\":{\"@id\":\"https:\\\/\\\/teiaeducation.ch\\\/fr\\\/#website\"},\"primaryImageOfPage\":{\"@id\":\"https:\\\/\\\/teiaeducation.ch\\\/fr\\\/produit\\\/boite-a-encastrement-avec-couvercle-a-bascule-a-differentes-formes-nienhuis-montessori\\\/#primaryimage\"},\"image\":{\"@id\":\"https:\\\/\\\/teiaeducation.ch\\\/fr\\\/produit\\\/boite-a-encastrement-avec-couvercle-a-bascule-a-differentes-formes-nienhuis-montessori\\\/#primaryimage\"},\"thumbnailUrl\":\"https:\\\/\\\/teiaeducation.ch\\\/wp-content\\\/uploads\\\/2018\\\/10\\\/042700-1.jpg\",\"datePublished\":\"2021-05-26T13:40:38+00:00\",\"dateModified\":\"2022-05-29T19:06:34+00:00\",\"description\":\"La bo\u00eete \u00e0 encastrement avec couvercle de Nienhuis Montessori d\u00e9veloppe le concept de permanence des objets et la coordination \u0153il-main.\",\"breadcrumb\":{\"@id\":\"https:\\\/\\\/teiaeducation.ch\\\/fr\\\/produit\\\/boite-a-encastrement-avec-couvercle-a-bascule-a-differentes-formes-nienhuis-montessori\\\/#breadcrumb\"},\"inLanguage\":\"fr-FR\",\"potentialAction\":[{\"@type\":\"ReadAction\",\"target\":[\"https:\\\/\\\/teiaeducation.ch\\\/fr\\\/produit\\\/boite-a-encastrement-avec-couvercle-a-bascule-a-differentes-formes-nienhuis-montessori\\\/\"]}]},{\"@type\":\"ImageObject\",\"inLanguage\":\"fr-FR\",\"@id\":\"https:\\\/\\\/teiaeducation.ch\\\/fr\\\/produit\\\/boite-a-encastrement-avec-couvercle-a-bascule-a-differentes-formes-nienhuis-montessori\\\/#primaryimage\",\"url\":\"https:\\\/\\\/teiaeducation.ch\\\/wp-content\\\/uploads\\\/2018\\\/10\\\/042700-1.jpg\",\"contentUrl\":\"https:\\\/\\\/teiaeducation.ch\\\/wp-content\\\/uploads\\\/2018\\\/10\\\/042700-1.jpg\",\"width\":900,\"height\":900,\"caption\":\"Bo\u00eete \u00e0 encastrement avec couvercle \u00e0 bascule \u00e0 diff\u00e9rentes formes - Nienhuis Montessori\"},{\"@type\":\"BreadcrumbList\",\"@id\":\"https:\\\/\\\/teiaeducation.ch\\\/fr\\\/produit\\\/boite-a-encastrement-avec-couvercle-a-bascule-a-differentes-formes-nienhuis-montessori\\\/#breadcrumb\",\"itemListElement\":[{\"@type\":\"ListItem\",\"position\":1,\"name\":\"Home\",\"item\":\"https:\\\/\\\/teiaeducation.ch\\\/fr\\\/\"},{\"@type\":\"ListItem\",\"position\":2,\"name\":\"Boutique Teia Education &amp; Play\",\"item\":\"https:\\\/\\\/teiaeducation.ch\\\/fr\\\/boutique\\\/\"},{\"@type\":\"ListItem\",\"position\":3,\"name\":\"Domaines du Curriculum\",\"item\":\"https:\\\/\\\/teiaeducation.ch\\\/fr\\\/categorie-produit\\\/domaines-du-curriculum\\\/\"},{\"@type\":\"ListItem\",\"position\":4,\"name\":\"Sensorielles &amp; Motrices\",\"item\":\"https:\\\/\\\/teiaeducation.ch\\\/fr\\\/categorie-produit\\\/domaines-du-curriculum\\\/sensorielles-motrices\\\/\"},{\"@type\":\"ListItem\",\"position\":5,\"name\":\"Comp\u00e9tences Motrices\",\"item\":\"https:\\\/\\\/teiaeducation.ch\\\/fr\\\/categorie-produit\\\/domaines-du-curriculum\\\/sensorielles-motrices\\\/competences-motrices\\\/\"},{\"@type\":\"ListItem\",\"position\":6,\"name\":\"Bo\u00eete \u00e0 encastrement &#8211; Nienhuis Montessori\"}]},{\"@type\":\"WebSite\",\"@id\":\"https:\\\/\\\/teiaeducation.ch\\\/fr\\\/#website\",\"url\":\"https:\\\/\\\/teiaeducation.ch\\\/fr\\\/\",\"name\":\"Sustainable Educational Products &amp; Ecological Toys\u00a0\",\"description\":\"Specialised Swiss shop selling sustainable educational toys and games, AMI certified Montessori materials, handmade ecological wooden Waldorf toys and arts &amp; crafts supplies, school supplies, children&#039;s furniture and Montessori reference and parenting books.\",\"publisher\":{\"@id\":\"https:\\\/\\\/teiaeducation.ch\\\/fr\\\/#organization\"},\"alternateName\":\"Teia Education & Play\",\"potentialAction\":[{\"@type\":\"SearchAction\",\"target\":{\"@type\":\"EntryPoint\",\"urlTemplate\":\"https:\\\/\\\/teiaeducation.ch\\\/fr\\\/?s={search_term_string}\"},\"query-input\":{\"@type\":\"PropertyValueSpecification\",\"valueRequired\":true,\"valueName\":\"search_term_string\"}}],\"inLanguage\":\"fr-FR\"},{\"@type\":\"Organization\",\"@id\":\"https:\\\/\\\/teiaeducation.ch\\\/fr\\\/#organization\",\"name\":\"Teia Education & Play\",\"url\":\"https:\\\/\\\/teiaeducation.ch\\\/fr\\\/\",\"logo\":{\"@type\":\"ImageObject\",\"inLanguage\":\"fr-FR\",\"@id\":\"https:\\\/\\\/teiaeducation.ch\\\/fr\\\/#\\\/schema\\\/logo\\\/image\\\/\",\"url\":\"https:\\\/\\\/teiaeducation.ch\\\/wp-content\\\/uploads\\\/2020\\\/11\\\/Teia-Education-Switzerland-e1620156442216.jpg\",\"contentUrl\":\"https:\\\/\\\/teiaeducation.ch\\\/wp-content\\\/uploads\\\/2020\\\/11\\\/Teia-Education-Switzerland-e1620156442216.jpg\",\"width\":166,\"height\":145,\"caption\":\"Teia Education & Play\"},\"image\":{\"@id\":\"https:\\\/\\\/teiaeducation.ch\\\/fr\\\/#\\\/schema\\\/logo\\\/image\\\/\"},\"sameAs\":[\"https:\\\/\\\/www.facebook.com\\\/teiaeducation\\\/\",\"https:\\\/\\\/x.com\\\/EducationTeia\",\"https:\\\/\\\/www.instagram.com\\\/teia.education\\\/\",\"https:\\\/\\\/www.linkedin.com\\\/company\\\/35501660\",\"https:\\\/\\\/www.pinterest.ch\\\/TeiaEducation\\\/\"]}]}<\/script>\n<!-- \/ Yoast SEO plugin. -->","yoast_head_json":{"title":"Bo\u00eete \u00e0 encastrement - Nienhuis Montessori - Teia Education & Play","description":"La bo\u00eete \u00e0 encastrement avec couvercle de Nienhuis Montessori d\u00e9veloppe le concept de permanence des objets et la coordination \u0153il-main.","robots":{"index":"index","follow":"follow","max-snippet":"max-snippet:-1","max-image-preview":"max-image-preview:large","max-video-preview":"max-video-preview:-1"},"canonical":"https:\/\/teiaeducation.ch\/fr\/produit\/boite-a-encastrement-avec-couvercle-a-bascule-a-differentes-formes-nienhuis-montessori\/","og_locale":"fr_FR","og_type":"article","og_title":"Bo\u00eete \u00e0 encastrement - Nienhuis Montessori - Teia Education & Play","og_description":"La bo\u00eete \u00e0 encastrement avec couvercle de Nienhuis Montessori d\u00e9veloppe le concept de permanence des objets et la coordination \u0153il-main.","og_url":"https:\/\/teiaeducation.ch\/fr\/produit\/boite-a-encastrement-avec-couvercle-a-bascule-a-differentes-formes-nienhuis-montessori\/","og_site_name":"Sustainable Educational Products &amp; Ecological Toys\u00a0","article_publisher":"https:\/\/www.facebook.com\/teiaeducation\/","article_modified_time":"2022-05-29T19:06:34+00:00","og_image":[{"width":900,"height":900,"url":"https:\/\/teiaeducation.ch\/wp-content\/uploads\/2018\/10\/042700-1.jpg","type":"image\/jpeg"}],"schema":{"@context":"https:\/\/schema.org","@graph":[{"@type":"WebPage","@id":"https:\/\/teiaeducation.ch\/fr\/produit\/boite-a-encastrement-avec-couvercle-a-bascule-a-differentes-formes-nienhuis-montessori\/","url":"https:\/\/teiaeducation.ch\/fr\/produit\/boite-a-encastrement-avec-couvercle-a-bascule-a-differentes-formes-nienhuis-montessori\/","name":"Bo\u00eete \u00e0 encastrement - Nienhuis Montessori - Teia Education & Play","isPartOf":{"@id":"https:\/\/teiaeducation.ch\/fr\/#website"},"primaryImageOfPage":{"@id":"https:\/\/teiaeducation.ch\/fr\/produit\/boite-a-encastrement-avec-couvercle-a-bascule-a-differentes-formes-nienhuis-montessori\/#primaryimage"},"image":{"@id":"https:\/\/teiaeducation.ch\/fr\/produit\/boite-a-encastrement-avec-couvercle-a-bascule-a-differentes-formes-nienhuis-montessori\/#primaryimage"},"thumbnailUrl":"https:\/\/teiaeducation.ch\/wp-content\/uploads\/2018\/10\/042700-1.jpg","datePublished":"2021-05-26T13:40:38+00:00","dateModified":"2022-05-29T19:06:34+00:00","description":"La bo\u00eete \u00e0 encastrement avec couvercle de Nienhuis Montessori d\u00e9veloppe le concept de permanence des objets et la coordination \u0153il-main.","breadcrumb":{"@id":"https:\/\/teiaeducation.ch\/fr\/produit\/boite-a-encastrement-avec-couvercle-a-bascule-a-differentes-formes-nienhuis-montessori\/#breadcrumb"},"inLanguage":"fr-FR","potentialAction":[{"@type":"ReadAction","target":["https:\/\/teiaeducation.ch\/fr\/produit\/boite-a-encastrement-avec-couvercle-a-bascule-a-differentes-formes-nienhuis-montessori\/"]}]},{"@type":"ImageObject","inLanguage":"fr-FR","@id":"https:\/\/teiaeducation.ch\/fr\/produit\/boite-a-encastrement-avec-couvercle-a-bascule-a-differentes-formes-nienhuis-montessori\/#primaryimage","url":"https:\/\/teiaeducation.ch\/wp-content\/uploads\/2018\/10\/042700-1.jpg","contentUrl":"https:\/\/teiaeducation.ch\/wp-content\/uploads\/2018\/10\/042700-1.jpg","width":900,"height":900,"caption":"Bo\u00eete \u00e0 encastrement avec couvercle \u00e0 bascule \u00e0 diff\u00e9rentes formes - Nienhuis Montessori"},{"@type":"BreadcrumbList","@id":"https:\/\/teiaeducation.ch\/fr\/produit\/boite-a-encastrement-avec-couvercle-a-bascule-a-differentes-formes-nienhuis-montessori\/#breadcrumb","itemListElement":[{"@type":"ListItem","position":1,"name":"Home","item":"https:\/\/teiaeducation.ch\/fr\/"},{"@type":"ListItem","position":2,"name":"Boutique Teia Education &amp; Play","item":"https:\/\/teiaeducation.ch\/fr\/boutique\/"},{"@type":"ListItem","position":3,"name":"Domaines du Curriculum","item":"https:\/\/teiaeducation.ch\/fr\/categorie-produit\/domaines-du-curriculum\/"},{"@type":"ListItem","position":4,"name":"Sensorielles &amp; Motrices","item":"https:\/\/teiaeducation.ch\/fr\/categorie-produit\/domaines-du-curriculum\/sensorielles-motrices\/"},{"@type":"ListItem","position":5,"name":"Comp\u00e9tences Motrices","item":"https:\/\/teiaeducation.ch\/fr\/categorie-produit\/domaines-du-curriculum\/sensorielles-motrices\/competences-motrices\/"},{"@type":"ListItem","position":6,"name":"Bo\u00eete \u00e0 encastrement &#8211; Nienhuis Montessori"}]},{"@type":"WebSite","@id":"https:\/\/teiaeducation.ch\/fr\/#website","url":"https:\/\/teiaeducation.ch\/fr\/","name":"Sustainable Educational Products &amp; Ecological Toys\u00a0","description":"Specialised Swiss shop selling sustainable educational toys and games, AMI certified Montessori materials, handmade ecological wooden Waldorf toys and arts &amp; crafts supplies, school supplies, children&#039;s furniture and Montessori reference and parenting books.","publisher":{"@id":"https:\/\/teiaeducation.ch\/fr\/#organization"},"alternateName":"Teia Education & Play","potentialAction":[{"@type":"SearchAction","target":{"@type":"EntryPoint","urlTemplate":"https:\/\/teiaeducation.ch\/fr\/?s={search_term_string}"},"query-input":{"@type":"PropertyValueSpecification","valueRequired":true,"valueName":"search_term_string"}}],"inLanguage":"fr-FR"},{"@type":"Organization","@id":"https:\/\/teiaeducation.ch\/fr\/#organization","name":"Teia Education & Play","url":"https:\/\/teiaeducation.ch\/fr\/","logo":{"@type":"ImageObject","inLanguage":"fr-FR","@id":"https:\/\/teiaeducation.ch\/fr\/#\/schema\/logo\/image\/","url":"https:\/\/teiaeducation.ch\/wp-content\/uploads\/2020\/11\/Teia-Education-Switzerland-e1620156442216.jpg","contentUrl":"https:\/\/teiaeducation.ch\/wp-content\/uploads\/2020\/11\/Teia-Education-Switzerland-e1620156442216.jpg","width":166,"height":145,"caption":"Teia Education & Play"},"image":{"@id":"https:\/\/teiaeducation.ch\/fr\/#\/schema\/logo\/image\/"},"sameAs":["https:\/\/www.facebook.com\/teiaeducation\/","https:\/\/x.com\/EducationTeia","https:\/\/www.instagram.com\/teia.education\/","https:\/\/www.linkedin.com\/company\/35501660","https:\/\/www.pinterest.ch\/TeiaEducation\/"]}]}},"_links":{"self":[{"href":"https:\/\/teiaeducation.ch\/fr\/wp-json\/wp\/v2\/product\/3791","targetHints":{"allow":["GET"]}}],"collection":[{"href":"https:\/\/teiaeducation.ch\/fr\/wp-json\/wp\/v2\/product"}],"about":[{"href":"https:\/\/teiaeducation.ch\/fr\/wp-json\/wp\/v2\/types\/product"}],"replies":[{"embeddable":true,"href":"https:\/\/teiaeducation.ch\/fr\/wp-json\/wp\/v2\/comments?post=3791"}],"wp:featuredmedia":[{"embeddable":true,"href":"https:\/\/teiaeducation.ch\/fr\/wp-json\/wp\/v2\/media\/3079"}],"wp:attachment":[{"href":"https:\/\/teiaeducation.ch\/fr\/wp-json\/wp\/v2\/media?parent=3791"}],"wp:term":[{"taxonomy":"product_brand","embeddable":true,"href":"https:\/\/teiaeducation.ch\/fr\/wp-json\/wp\/v2\/product_brand?post=3791"},{"taxonomy":"product_cat","embeddable":true,"href":"https:\/\/teiaeducation.ch\/fr\/wp-json\/wp\/v2\/product_cat?post=3791"},{"taxonomy":"product_tag","embeddable":true,"href":"https:\/\/teiaeducation.ch\/fr\/wp-json\/wp\/v2\/product_tag?post=3791"}],"curies":[{"name":"wp","href":"https:\/\/api.w.org\/{rel}","templated":true}]}}