{"id":37924,"date":"2021-11-08T09:00:36","date_gmt":"2021-11-08T08:00:36","guid":{"rendered":"https:\/\/teiaeducation.ch\/?post_type=product&#038;p=37924"},"modified":"2022-02-01T10:22:16","modified_gmt":"2022-02-01T09:22:16","slug":"mini-arc-en-ciel-6-pieces-grimms","status":"publish","type":"product","link":"https:\/\/teiaeducation.ch\/fr\/produit\/mini-arc-en-ciel-6-pieces-grimms\/","title":{"rendered":"Mini arc-en-ciel (6 pi\u00e8ces) &#8211; Grimm&#8217;s"},"content":{"rendered":"<p>Mini arc-en-ciel (6 pi\u00e8ces) \/ Jouet \u00e0 empiler en bois durable fait main &#8211; Grimm&#8217;s<\/p>\n<p>Inspir\u00e9 de la p\u00e9dagogie Waldorf Steiner, le mini <a href=\"https:\/\/teiaeducation.ch\/fr\/produit\/grand-arc-en-ciel-12-pieces-grimms\/\">arc-en-ciel <\/a>de Grimm&#8217;s est un jouet \u00e0 empiler en bois durable, fait main, qui pr\u00e9sente un attrait intemporel. Il contient 6 pi\u00e8ces d\u00e9coup\u00e9es \u00e0 la main dans un seul bloc de bois. L&#8217;arc-en-ciel est fabriqu\u00e9 en bois de tilleul et peint avec une teinture non toxique \u00e0 base d&#8217;eau, ce qui le rend s\u00fbr pour les (petits) enfants. Cet arc-en-ciel de petite taille mesure environ 10,5 cm de long et offre des possibilit\u00e9s infinies de jeu cr\u00e9atif. L&#8217;arc-en-ciel aux couleurs vives de Grimm&#8217;s est \u00e9galement un bel ajout \u00e0 une salle de jeux, une salle de classe ou une chambre d&#8217;enfant.<\/p>\n<p>Le mini arc-en-ciel de Grimm&#8217;s peut \u00eatre utilis\u00e9 par les petits enfants pour empiler, trier et construire et, en grandissant, les enfants l&#8217;utiliseront comme berceau pour leurs poup\u00e9es ador\u00e9es, comme barri\u00e8re pour les animaux, comme tunnel ou pont pour les v\u00e9hicules, comme maison pour les nains et les poup\u00e9es de maison de poup\u00e9e ou pour construire des sculptures \u00e9tonnantes. Il peut \u00e9galement \u00eatre utilis\u00e9 sur une table Waldorf sur la nature ou les saisons, ou comme compl\u00e9ment aux personnages de la nativit\u00e9 pour une sc\u00e8ne de No\u00ebl.<\/p>\n<p>Id\u00e9al pour jouer \u00e0 la maison, \u00e0 la cr\u00e8che, \u00e0 Waldorf ou \u00e0 l\u2019\u00e9cole Steiner, les beaux jouets en bois naturel de Grimm&#8217;s sont fabriqu\u00e9s selon la philosophie Waldorf qui est bien connue pour encourager les enfants \u00e0 d\u00e9couvrir le jeu cr\u00e9atif de mani\u00e8re ind\u00e9pendante, sans limitations et \u00e0 un rythme effr\u00e9n\u00e9. Les jouets en bois de Grimm&#8217;s sont color\u00e9s \u00e0 la main avec des peintures \u00e0 base d\u2019eau non toxiques et ne sont pas finis avec de la laque pour assurer les caract\u00e9ristiques originales du bois et pour qu&#8217;on puisse voir le grain \u00e0 travers. La surface des morceaux de bois europ\u00e9ens certifi\u00e9s FSC est laiss\u00e9e l\u00e9g\u00e8rement rugueuse, ce qui les rend plus facilement empilables et moins glissants.<\/p>\n<p>Les jouets en bois de Grimm&#8217;s sont fabriqu\u00e9s dans les installations de Grimm en Allemagne ainsi que dans plusieurs ateliers \u00e0 travers l\u2019Europe \u00e0 partir de diff\u00e9rents types de bois tels que l\u2019aulne, la chaux, le h\u00eatre et l\u2019\u00e9rable. Tout le bois utilis\u00e9 pour fabriquer les jouets de Grimm&#8217;s provient de for\u00eats europ\u00e9ennes g\u00e9r\u00e9es de mani\u00e8re durable.<\/p>\n<p>Veuillez noter que les jouets de Grimm&#8217;s sont toujours uniques, et portent des marques uniques faites par la nature. Le grain de bois a des structures et des couleurs changeantes qui servent de preuve de ses origines naturelles. Les variations uniques, les marques, les noeuds, les motifs, les rayures noires ou les taches sombres qui peuvent \u00eatre visibles dans le bois d\u2019un jouet de Grimm&#8217;s sont une preuve de qualit\u00e9, et non des d\u00e9fauts.<\/p>\n<p>Le mini arc-en-ciel 6 pi\u00e8ces de Grimm&#8217;s convient aux enfants \u00e2g\u00e9s de 1 an et plus.<\/p>\n<p>Contenu :<\/p>\n<p>1 mini 6-pi\u00e8ces arc-en-ciel en bois<\/p>\n","protected":false},"excerpt":{"rendered":"<p>Num\u00e9ro d&#8217;article: gri10760<\/p>\n<p>Inspir\u00e9 de la p\u00e9dagogie Waldorf Steiner, le mini arc-en-ciel de Grimm&#8217;s est un jouet \u00e0 empiler en bois durable, fait main.<\/p>\n","protected":false},"featured_media":37928,"comment_status":"open","ping_status":"closed","template":"","meta":[],"product_brand":[],"product_cat":[215,22032,16898,17225,23635,18893,22344,24872,17212,21257,22421,13130,13144,23020,23021,13140,7595,217,5851,22348,212,1219],"product_tag":[19736,17332,17462,20029,17331,19738,19737,21138],"class_list":{"0":"post-37924","1":"product","2":"type-product","3":"status-publish","4":"has-post-thumbnail","6":"product_cat-3-6-ans","7":"product_cat-cadeaux-du-calendrier-de-lavent-et-de-noel","8":"product_cat-collection-automne","9":"product_cat-celebrations-fr","10":"product_cat-collection-dete","11":"product_cat-collection-printemps","12":"product_cat-collections-saisonnieres","13":"product_cat-construction-mondes-arc-en-ciel","14":"product_cat-grimms-fr","15":"product_cat-guides-cadeaux","16":"product_cat-idees-cadeaux-pour-paques","17":"product_cat-jouer","18":"product_cat-jouets-a-empiler","19":"product_cat-jouets-en-bois","20":"product_cat-jouets-waldorf","21":"product_cat-jeu-libre","22":"product_cat-methode-deducation","23":"product_cat-marques","24":"product_cat-nouveautes","25":"product_cat-natur-saisonale-tische","26":"product_cat-tranche-dage","27":"product_cat-waldorf-fr","28":"product_tag-grand-arc-en-ciel-12-pieces-grimms","29":"product_tag-grimm-suisse","30":"product_tag-jeux-libres-en-bois","31":"product_tag-jouet-a-empiler-petit-arc-en-ciel-de-grimms","32":"product_tag-jouets-en-bois-waldorf","33":"product_tag-le-jouet-arc-en-ciel-de-grimms","34":"product_tag-le-magasin-de-jouets-en-bois-de-grimms","35":"product_tag-mini-arc-en-ciel-6-pieces-grimms","37":"first","38":"instock","39":"taxable","40":"shipping-taxable","41":"purchasable","42":"product-type-simple"},"yoast_head":"<!-- This site is optimized with the Yoast SEO plugin v27.1.1 - https:\/\/yoast.com\/product\/yoast-seo-wordpress\/ -->\n<title>Mini arc-en-ciel (6 pi\u00e8ces) - Grimm&#039;s - Teia Education &amp; Play<\/title>\n<meta name=\"description\" content=\"Inspir\u00e9 de la p\u00e9dagogie Waldorf Steiner, le mini arc-en-ciel de Grimm&#039;s est un jouet \u00e0 empiler en bois durable, fait main.\" \/>\n<meta name=\"robots\" content=\"index, follow, max-snippet:-1, max-image-preview:large, max-video-preview:-1\" \/>\n<link rel=\"canonical\" href=\"https:\/\/teiaeducation.ch\/fr\/produit\/mini-arc-en-ciel-6-pieces-grimms\/\" \/>\n<meta property=\"og:locale\" content=\"fr_FR\" \/>\n<meta property=\"og:type\" content=\"article\" \/>\n<meta property=\"og:title\" content=\"Mini arc-en-ciel (6 pi\u00e8ces) - Grimm&#039;s - Teia Education &amp; Play\" \/>\n<meta property=\"og:description\" content=\"Inspir\u00e9 de la p\u00e9dagogie Waldorf Steiner, le mini arc-en-ciel de Grimm&#039;s est un jouet \u00e0 empiler en bois durable, fait main.\" \/>\n<meta property=\"og:url\" content=\"https:\/\/teiaeducation.ch\/fr\/produit\/mini-arc-en-ciel-6-pieces-grimms\/\" \/>\n<meta property=\"og:site_name\" content=\"Sustainable Educational Products &amp; Ecological Toys\u00a0\" \/>\n<meta property=\"article:publisher\" content=\"https:\/\/www.facebook.com\/teiaeducation\/\" \/>\n<meta property=\"article:modified_time\" content=\"2022-02-01T09:22:16+00:00\" \/>\n<meta property=\"og:image\" content=\"https:\/\/teiaeducation.ch\/wp-content\/uploads\/2021\/07\/Mini-rainbow-6-pieces-Handmade-sustainable-wooden-stacking-toy-Grimms-1.jpg\" \/>\n\t<meta property=\"og:image:width\" content=\"1200\" \/>\n\t<meta property=\"og:image:height\" content=\"1200\" \/>\n\t<meta property=\"og:image:type\" content=\"image\/jpeg\" \/>\n<script type=\"application\/ld+json\" class=\"yoast-schema-graph\">{\"@context\":\"https:\/\/schema.org\",\"@graph\":[{\"@type\":\"WebPage\",\"@id\":\"https:\/\/teiaeducation.ch\/fr\/produit\/mini-arc-en-ciel-6-pieces-grimms\/\",\"url\":\"https:\/\/teiaeducation.ch\/fr\/produit\/mini-arc-en-ciel-6-pieces-grimms\/\",\"name\":\"Mini arc-en-ciel (6 pi\u00e8ces) - Grimm's - Teia Education & Play\",\"isPartOf\":{\"@id\":\"https:\/\/teiaeducation.ch\/fr\/#website\"},\"primaryImageOfPage\":{\"@id\":\"https:\/\/teiaeducation.ch\/fr\/produit\/mini-arc-en-ciel-6-pieces-grimms\/#primaryimage\"},\"image\":{\"@id\":\"https:\/\/teiaeducation.ch\/fr\/produit\/mini-arc-en-ciel-6-pieces-grimms\/#primaryimage\"},\"thumbnailUrl\":\"https:\/\/teiaeducation.ch\/wp-content\/uploads\/2021\/07\/Mini-rainbow-6-pieces-Handmade-sustainable-wooden-stacking-toy-Grimms-1.jpg\",\"datePublished\":\"2021-11-08T08:00:36+00:00\",\"dateModified\":\"2022-02-01T09:22:16+00:00\",\"description\":\"Inspir\u00e9 de la p\u00e9dagogie Waldorf Steiner, le mini arc-en-ciel de Grimm's est un jouet \u00e0 empiler en bois durable, fait main.\",\"breadcrumb\":{\"@id\":\"https:\/\/teiaeducation.ch\/fr\/produit\/mini-arc-en-ciel-6-pieces-grimms\/#breadcrumb\"},\"inLanguage\":\"fr-FR\",\"potentialAction\":[{\"@type\":\"ReadAction\",\"target\":[\"https:\/\/teiaeducation.ch\/fr\/produit\/mini-arc-en-ciel-6-pieces-grimms\/\"]}]},{\"@type\":\"ImageObject\",\"inLanguage\":\"fr-FR\",\"@id\":\"https:\/\/teiaeducation.ch\/fr\/produit\/mini-arc-en-ciel-6-pieces-grimms\/#primaryimage\",\"url\":\"https:\/\/teiaeducation.ch\/wp-content\/uploads\/2021\/07\/Mini-rainbow-6-pieces-Handmade-sustainable-wooden-stacking-toy-Grimms-1.jpg\",\"contentUrl\":\"https:\/\/teiaeducation.ch\/wp-content\/uploads\/2021\/07\/Mini-rainbow-6-pieces-Handmade-sustainable-wooden-stacking-toy-Grimms-1.jpg\",\"width\":1200,\"height\":1200,\"caption\":\"Mini arc-en-ciel (6 pi\u00e8ces) \/ Jouet \u00e0 empiler en bois durable fait main - Grimm's\"},{\"@type\":\"BreadcrumbList\",\"@id\":\"https:\/\/teiaeducation.ch\/fr\/produit\/mini-arc-en-ciel-6-pieces-grimms\/#breadcrumb\",\"itemListElement\":[{\"@type\":\"ListItem\",\"position\":1,\"name\":\"Home\",\"item\":\"https:\/\/teiaeducation.ch\/fr\/\"},{\"@type\":\"ListItem\",\"position\":2,\"name\":\"Boutique Teia Education &amp; Play\",\"item\":\"https:\/\/teiaeducation.ch\/fr\/boutique\/\"},{\"@type\":\"ListItem\",\"position\":3,\"name\":\"Nos Marques\",\"item\":\"https:\/\/teiaeducation.ch\/fr\/categorie-produit\/marques\/\"},{\"@type\":\"ListItem\",\"position\":4,\"name\":\"Grimm's\",\"item\":\"https:\/\/teiaeducation.ch\/fr\/categorie-produit\/marques\/grimms-fr\/\"},{\"@type\":\"ListItem\",\"position\":5,\"name\":\"Mini arc-en-ciel (6 pi\u00e8ces) &#8211; Grimm&#8217;s\"}]},{\"@type\":\"WebSite\",\"@id\":\"https:\/\/teiaeducation.ch\/fr\/#website\",\"url\":\"https:\/\/teiaeducation.ch\/fr\/\",\"name\":\"Sustainable Educational Products &amp; Ecological Toys\u00a0\",\"description\":\"Specialised Swiss shop selling sustainable educational toys and games, AMI certified Montessori materials, handmade ecological wooden Waldorf toys and arts &amp; crafts supplies, school supplies, children&#039;s furniture and Montessori reference and parenting books.\",\"publisher\":{\"@id\":\"https:\/\/teiaeducation.ch\/fr\/#organization\"},\"alternateName\":\"Teia Education & Play\",\"potentialAction\":[{\"@type\":\"SearchAction\",\"target\":{\"@type\":\"EntryPoint\",\"urlTemplate\":\"https:\/\/teiaeducation.ch\/fr\/?s={search_term_string}\"},\"query-input\":{\"@type\":\"PropertyValueSpecification\",\"valueRequired\":true,\"valueName\":\"search_term_string\"}}],\"inLanguage\":\"fr-FR\"},{\"@type\":\"Organization\",\"@id\":\"https:\/\/teiaeducation.ch\/fr\/#organization\",\"name\":\"Teia Education & Play\",\"url\":\"https:\/\/teiaeducation.ch\/fr\/\",\"logo\":{\"@type\":\"ImageObject\",\"inLanguage\":\"fr-FR\",\"@id\":\"https:\/\/teiaeducation.ch\/fr\/#\/schema\/logo\/image\/\",\"url\":\"https:\/\/teiaeducation.ch\/wp-content\/uploads\/2020\/11\/Teia-Education-Switzerland-e1620156442216.jpg\",\"contentUrl\":\"https:\/\/teiaeducation.ch\/wp-content\/uploads\/2020\/11\/Teia-Education-Switzerland-e1620156442216.jpg\",\"width\":166,\"height\":145,\"caption\":\"Teia Education & Play\"},\"image\":{\"@id\":\"https:\/\/teiaeducation.ch\/fr\/#\/schema\/logo\/image\/\"},\"sameAs\":[\"https:\/\/www.facebook.com\/teiaeducation\/\",\"https:\/\/x.com\/EducationTeia\",\"https:\/\/www.instagram.com\/teia.education\/\",\"https:\/\/www.linkedin.com\/company\/35501660\",\"https:\/\/www.pinterest.ch\/TeiaEducation\/\"]}]}<\/script>\n<!-- \/ Yoast SEO plugin. -->","yoast_head_json":{"title":"Mini arc-en-ciel (6 pi\u00e8ces) - Grimm's - Teia Education & Play","description":"Inspir\u00e9 de la p\u00e9dagogie Waldorf Steiner, le mini arc-en-ciel de Grimm's est un jouet \u00e0 empiler en bois durable, fait main.","robots":{"index":"index","follow":"follow","max-snippet":"max-snippet:-1","max-image-preview":"max-image-preview:large","max-video-preview":"max-video-preview:-1"},"canonical":"https:\/\/teiaeducation.ch\/fr\/produit\/mini-arc-en-ciel-6-pieces-grimms\/","og_locale":"fr_FR","og_type":"article","og_title":"Mini arc-en-ciel (6 pi\u00e8ces) - Grimm's - Teia Education & Play","og_description":"Inspir\u00e9 de la p\u00e9dagogie Waldorf Steiner, le mini arc-en-ciel de Grimm's est un jouet \u00e0 empiler en bois durable, fait main.","og_url":"https:\/\/teiaeducation.ch\/fr\/produit\/mini-arc-en-ciel-6-pieces-grimms\/","og_site_name":"Sustainable Educational Products &amp; Ecological Toys\u00a0","article_publisher":"https:\/\/www.facebook.com\/teiaeducation\/","article_modified_time":"2022-02-01T09:22:16+00:00","og_image":[{"width":1200,"height":1200,"url":"https:\/\/teiaeducation.ch\/wp-content\/uploads\/2021\/07\/Mini-rainbow-6-pieces-Handmade-sustainable-wooden-stacking-toy-Grimms-1.jpg","type":"image\/jpeg"}],"schema":{"@context":"https:\/\/schema.org","@graph":[{"@type":"WebPage","@id":"https:\/\/teiaeducation.ch\/fr\/produit\/mini-arc-en-ciel-6-pieces-grimms\/","url":"https:\/\/teiaeducation.ch\/fr\/produit\/mini-arc-en-ciel-6-pieces-grimms\/","name":"Mini arc-en-ciel (6 pi\u00e8ces) - Grimm's - Teia Education & Play","isPartOf":{"@id":"https:\/\/teiaeducation.ch\/fr\/#website"},"primaryImageOfPage":{"@id":"https:\/\/teiaeducation.ch\/fr\/produit\/mini-arc-en-ciel-6-pieces-grimms\/#primaryimage"},"image":{"@id":"https:\/\/teiaeducation.ch\/fr\/produit\/mini-arc-en-ciel-6-pieces-grimms\/#primaryimage"},"thumbnailUrl":"https:\/\/teiaeducation.ch\/wp-content\/uploads\/2021\/07\/Mini-rainbow-6-pieces-Handmade-sustainable-wooden-stacking-toy-Grimms-1.jpg","datePublished":"2021-11-08T08:00:36+00:00","dateModified":"2022-02-01T09:22:16+00:00","description":"Inspir\u00e9 de la p\u00e9dagogie Waldorf Steiner, le mini arc-en-ciel de Grimm's est un jouet \u00e0 empiler en bois durable, fait main.","breadcrumb":{"@id":"https:\/\/teiaeducation.ch\/fr\/produit\/mini-arc-en-ciel-6-pieces-grimms\/#breadcrumb"},"inLanguage":"fr-FR","potentialAction":[{"@type":"ReadAction","target":["https:\/\/teiaeducation.ch\/fr\/produit\/mini-arc-en-ciel-6-pieces-grimms\/"]}]},{"@type":"ImageObject","inLanguage":"fr-FR","@id":"https:\/\/teiaeducation.ch\/fr\/produit\/mini-arc-en-ciel-6-pieces-grimms\/#primaryimage","url":"https:\/\/teiaeducation.ch\/wp-content\/uploads\/2021\/07\/Mini-rainbow-6-pieces-Handmade-sustainable-wooden-stacking-toy-Grimms-1.jpg","contentUrl":"https:\/\/teiaeducation.ch\/wp-content\/uploads\/2021\/07\/Mini-rainbow-6-pieces-Handmade-sustainable-wooden-stacking-toy-Grimms-1.jpg","width":1200,"height":1200,"caption":"Mini arc-en-ciel (6 pi\u00e8ces) \/ Jouet \u00e0 empiler en bois durable fait main - Grimm's"},{"@type":"BreadcrumbList","@id":"https:\/\/teiaeducation.ch\/fr\/produit\/mini-arc-en-ciel-6-pieces-grimms\/#breadcrumb","itemListElement":[{"@type":"ListItem","position":1,"name":"Home","item":"https:\/\/teiaeducation.ch\/fr\/"},{"@type":"ListItem","position":2,"name":"Boutique Teia Education &amp; Play","item":"https:\/\/teiaeducation.ch\/fr\/boutique\/"},{"@type":"ListItem","position":3,"name":"Nos Marques","item":"https:\/\/teiaeducation.ch\/fr\/categorie-produit\/marques\/"},{"@type":"ListItem","position":4,"name":"Grimm's","item":"https:\/\/teiaeducation.ch\/fr\/categorie-produit\/marques\/grimms-fr\/"},{"@type":"ListItem","position":5,"name":"Mini arc-en-ciel (6 pi\u00e8ces) &#8211; Grimm&#8217;s"}]},{"@type":"WebSite","@id":"https:\/\/teiaeducation.ch\/fr\/#website","url":"https:\/\/teiaeducation.ch\/fr\/","name":"Sustainable Educational Products &amp; Ecological Toys\u00a0","description":"Specialised Swiss shop selling sustainable educational toys and games, AMI certified Montessori materials, handmade ecological wooden Waldorf toys and arts &amp; crafts supplies, school supplies, children&#039;s furniture and Montessori reference and parenting books.","publisher":{"@id":"https:\/\/teiaeducation.ch\/fr\/#organization"},"alternateName":"Teia Education & Play","potentialAction":[{"@type":"SearchAction","target":{"@type":"EntryPoint","urlTemplate":"https:\/\/teiaeducation.ch\/fr\/?s={search_term_string}"},"query-input":{"@type":"PropertyValueSpecification","valueRequired":true,"valueName":"search_term_string"}}],"inLanguage":"fr-FR"},{"@type":"Organization","@id":"https:\/\/teiaeducation.ch\/fr\/#organization","name":"Teia Education & Play","url":"https:\/\/teiaeducation.ch\/fr\/","logo":{"@type":"ImageObject","inLanguage":"fr-FR","@id":"https:\/\/teiaeducation.ch\/fr\/#\/schema\/logo\/image\/","url":"https:\/\/teiaeducation.ch\/wp-content\/uploads\/2020\/11\/Teia-Education-Switzerland-e1620156442216.jpg","contentUrl":"https:\/\/teiaeducation.ch\/wp-content\/uploads\/2020\/11\/Teia-Education-Switzerland-e1620156442216.jpg","width":166,"height":145,"caption":"Teia Education & Play"},"image":{"@id":"https:\/\/teiaeducation.ch\/fr\/#\/schema\/logo\/image\/"},"sameAs":["https:\/\/www.facebook.com\/teiaeducation\/","https:\/\/x.com\/EducationTeia","https:\/\/www.instagram.com\/teia.education\/","https:\/\/www.linkedin.com\/company\/35501660","https:\/\/www.pinterest.ch\/TeiaEducation\/"]}]}},"_links":{"self":[{"href":"https:\/\/teiaeducation.ch\/fr\/wp-json\/wp\/v2\/product\/37924","targetHints":{"allow":["GET"]}}],"collection":[{"href":"https:\/\/teiaeducation.ch\/fr\/wp-json\/wp\/v2\/product"}],"about":[{"href":"https:\/\/teiaeducation.ch\/fr\/wp-json\/wp\/v2\/types\/product"}],"replies":[{"embeddable":true,"href":"https:\/\/teiaeducation.ch\/fr\/wp-json\/wp\/v2\/comments?post=37924"}],"wp:featuredmedia":[{"embeddable":true,"href":"https:\/\/teiaeducation.ch\/fr\/wp-json\/wp\/v2\/media\/37928"}],"wp:attachment":[{"href":"https:\/\/teiaeducation.ch\/fr\/wp-json\/wp\/v2\/media?parent=37924"}],"wp:term":[{"taxonomy":"product_brand","embeddable":true,"href":"https:\/\/teiaeducation.ch\/fr\/wp-json\/wp\/v2\/product_brand?post=37924"},{"taxonomy":"product_cat","embeddable":true,"href":"https:\/\/teiaeducation.ch\/fr\/wp-json\/wp\/v2\/product_cat?post=37924"},{"taxonomy":"product_tag","embeddable":true,"href":"https:\/\/teiaeducation.ch\/fr\/wp-json\/wp\/v2\/product_tag?post=37924"}],"curies":[{"name":"wp","href":"https:\/\/api.w.org\/{rel}","templated":true}]}}