{"id":37931,"date":"2021-09-27T16:09:54","date_gmt":"2021-09-27T14:09:54","guid":{"rendered":"https:\/\/teiaeducation.ch\/?post_type=product&#038;p=37931"},"modified":"2025-06-02T23:24:56","modified_gmt":"2025-06-02T21:24:56","slug":"cylindres-arc-en-ciel-petit-grimms","status":"publish","type":"product","link":"https:\/\/teiaeducation.ch\/fr\/produit\/cylindres-arc-en-ciel-petit-grimms\/","title":{"rendered":"Cylindres arc-en-ciel (petit) &#8211; Grimm&#8217;s"},"content":{"rendered":"<p>Cylindres arc-en-ciel (petit) \/ jouet en bois fabriqu\u00e9 \u00e0 la main &#8211; Grimm&#8217;s<\/p>\n<p>Le jeu d&#8217;empilage des petits cylindres arc-en-ciel de Grimm&#8217;s comprend 12 magnifiques blocs cylindriques aux couleurs de l&#8217;arc-en-ciel dans un tableau de triage pour s&#8217;amuser \u00e0 <a href=\"https:\/\/teiaeducation.ch\/fr\/categorie-produit\/jouer\/jouets-a-empiler\/\">empiler<\/a>, assortir et trier !<\/p>\n<p>En associant les couleurs et en ins\u00e9rant les cylindres dans les trous du tableau, les enfants d\u00e9veloppent leur motricit\u00e9 fine, leur capacit\u00e9 \u00e0 r\u00e9soudre des probl\u00e8mes et leur concentration. Une grande activit\u00e9 et un jouet en bois polyvalent pour les jeux de triage de style Montessori et les jeux ouverts Waldorf.<\/p>\n<p>Les 12 cylindres de l&#8217;arc-en-ciel de Grimm&#8217;s mesurent 3 cm de diam\u00e8tre et 3 cm, 6 cm ou 9 cm de hauteur. Le plateau de tri mesure 18 x 14 cm.<\/p>\n<p>Chaque cylindre\u00a0est d&#8217;une jolie couleur arc-en-ciel diff\u00e9rente et leur forme les rend parfaits pour \u00eatre empil\u00e9s et construits, ajoutant ainsi une dimension suppl\u00e9mentaire de mouvement de roulement au jeu. Placez-les dans leur base en bois ou alignez-les en une rang\u00e9e pour une belle addition d\u00e9corative \u00e0 toute \u00e9tag\u00e8re \u00e0 jouets de chambre d&#8217;enfant ou de salle de jeux.<\/p>\n<p>Le petit jeu d&#8217;empilage de cylindres arc-en-ciel de Grimm&#8217;s est fabriqu\u00e9 en bois d&#8217;aulne durable et peint \u00e0 la main dans les jolis tons de l&#8217;arc-en-ciel avec une teinture non toxique \u00e0 base d&#8217;eau, ce qui le rend s\u00fbr pour les jeunes enfants. Cet ensemble offre des possibilit\u00e9s infinies pour le jeu cr\u00e9atif, la r\u00e9alisation de sculptures et l&#8217;affinement de la motricit\u00e9 fine. Le plateau de tri a une finition non toxique \u00e0 base d&#8217;huile v\u00e9g\u00e9tale.<\/p>\n<p>Id\u00e9al pour jouer \u00e0 la maison, \u00e0 la cr\u00e8che, \u00e0 Waldorf ou \u00e0 l\u2019\u00e9cole Steiner, les beaux jouets en bois naturel de Grimm&#8217;s sont fabriqu\u00e9s selon la philosophie Waldorf qui est bien connue pour encourager les enfants \u00e0 d\u00e9couvrir le jeu cr\u00e9atif de mani\u00e8re ind\u00e9pendante, sans limitations et \u00e0 un rythme effr\u00e9n\u00e9. Les jouets en bois de Grimm&#8217;s sont color\u00e9s \u00e0 la main avec des peintures \u00e0 base d\u2019eau non toxiques et ne sont pas finis avec de la laque pour assurer les caract\u00e9ristiques originales du bois et pour qu&#8217;on puisse voir le grain \u00e0 travers. La surface des jouets fabriqu\u00e9s \u00e0 partir de bois europ\u00e9ens certifi\u00e9 FSC est laiss\u00e9e l\u00e9g\u00e8rement rugueuse, ce qui les rend plus facilement empilables et moins glissants.<\/p>\n<p>Les jouets en bois de Grimm&#8217;s sont fabriqu\u00e9s dans les manufacture de Grimm&#8217;s en Allemagne ainsi que dans plusieurs ateliers \u00e0 travers l\u2019Europe \u00e0 partir de diff\u00e9rents types de bois tels que l\u2019aulne, la chaux, le h\u00eatre et l\u2019\u00e9rable. Tout le bois utilis\u00e9 pour fabriquer les jouets de Grimm&#8217;s provient de for\u00eats europ\u00e9ennes g\u00e9r\u00e9es de mani\u00e8re durable.<\/p>\n<p>Veuillez noter que les jouets de Grimm&#8217;s sont toujours uniques, et portent des marques uniques faites par la nature. Le grain du bois a des structures et des couleurs changeantes qui servent de preuve de ses origines naturelles. Les variations uniques, les marques, les noeuds, les motifs, les rayures noires ou les taches sombres qui peuvent \u00eatre visibles dans le bois des jouets de Grimm&#8217;s sont une preuve de qualit\u00e9, et non des d\u00e9fauts.<\/p>\n<p>Le jeu d&#8217;empilage des petits cylindres arc-en-ciel de Grimm&#8217;s est recommand\u00e9 pour les enfants \u00e2g\u00e9s de 3 ans et plus.<\/p>\n<p>Avertissement : Risque d&#8217;\u00e9touffement. Ne convient pas aux enfants de moins de 3 ans<\/p>\n<p>Contenu :<\/p>\n<p>12 cylindres en bois<br \/>\n1 plateau de tri en bois<\/p>\n","protected":false},"excerpt":{"rendered":"<p>Num\u00e9ro d&#8217;article : gri10575<\/p>\n<p>Les petits cylindres arc-en-ciel de Grimm&#8217;s pr\u00e9sente des blocs cylindriques dans un tableau de tri pour s&#8217;amuser \u00e0 empiler, assortir et trier !<\/p>\n","protected":false},"featured_media":37937,"comment_status":"open","ping_status":"closed","template":"","meta":[],"product_brand":[],"product_cat":[215,13150,24865,17212,17241,21257,13130,13144,626,23020,23021,13140,7595,217,5851,13148,212,1219],"product_tag":[20230,17334,17332,17335,20229,21126,20228,17563,1241,20231,8132],"class_list":{"0":"post-37931","1":"product","2":"type-product","3":"status-publish","4":"has-post-thumbnail","6":"product_cat-3-6-ans","7":"product_cat-blocs-de-construction-en-bois","8":"product_cat-empilage-tri","9":"product_cat-grimms-fr","10":"product_cat-guide-cadeaux-3-6-ans","11":"product_cat-guides-cadeaux","12":"product_cat-jouer","13":"product_cat-jouets-a-empiler","14":"product_cat-jouets-a-trier","15":"product_cat-jouets-en-bois","16":"product_cat-jouets-waldorf","17":"product_cat-jeu-libre","18":"product_cat-methode-deducation","19":"product_cat-marques","20":"product_cat-nouveautes","21":"product_cat-puzzles-en-bois","22":"product_cat-tranche-dage","23":"product_cat-waldorf-fr","24":"product_tag-cylindres-grimms","25":"product_tag-grimm-suisse-fr","26":"product_tag-grimm-suisse","27":"product_tag-grimme-suisse","28":"product_tag-jeu-dassociation-de-grimms","29":"product_tag-jeu-dempilage-de-petits-rouleaux-arc-en-ciel-de-grimms","30":"product_tag-jeu-dempilage-de-petits-rouleaux-pastels-de-grimms","31":"product_tag-jouets-en-bois-durables","32":"product_tag-jouets-waldorf","33":"product_tag-les-rouleaux-de-grimms","34":"product_tag-montessori-jouets","36":"first","37":"outofstock","38":"taxable","39":"shipping-taxable","40":"purchasable","41":"product-type-simple"},"yoast_head":"<!-- This site is optimized with the Yoast SEO plugin v27.1.1 - https:\/\/yoast.com\/product\/yoast-seo-wordpress\/ -->\n<title>Cylindres arc-en-ciel (petit) - Grimm&#039;s - Teia Education &amp; Play<\/title>\n<meta name=\"description\" content=\"Les petits cylindres arc-en-ciel de Grimm&#039;s pr\u00e9sente des blocs cylindriques dans un tableau de tri pour s&#039;amuser \u00e0 empiler, assortir et trier\" \/>\n<meta name=\"robots\" content=\"index, follow, max-snippet:-1, max-image-preview:large, max-video-preview:-1\" \/>\n<link rel=\"canonical\" href=\"https:\/\/teiaeducation.ch\/fr\/produit\/cylindres-arc-en-ciel-petit-grimms\/\" \/>\n<meta property=\"og:locale\" content=\"fr_FR\" \/>\n<meta property=\"og:type\" content=\"article\" \/>\n<meta property=\"og:title\" content=\"Cylindres arc-en-ciel (petit) - Grimm&#039;s - Teia Education &amp; Play\" \/>\n<meta property=\"og:description\" content=\"Les petits cylindres arc-en-ciel de Grimm&#039;s pr\u00e9sente des blocs cylindriques dans un tableau de tri pour s&#039;amuser \u00e0 empiler, assortir et trier\" \/>\n<meta property=\"og:url\" content=\"https:\/\/teiaeducation.ch\/fr\/produit\/cylindres-arc-en-ciel-petit-grimms\/\" \/>\n<meta property=\"og:site_name\" content=\"Sustainable Educational Products &amp; Ecological Toys\u00a0\" \/>\n<meta property=\"article:publisher\" content=\"https:\/\/www.facebook.com\/teiaeducation\/\" \/>\n<meta property=\"article:modified_time\" content=\"2025-06-02T21:24:56+00:00\" \/>\n<meta property=\"og:image\" content=\"https:\/\/teiaeducation.ch\/wp-content\/uploads\/2021\/07\/Small-rainbow-rollers-stacking-game-handmade-wooden-toy-Grimms-2.jpg\" \/>\n\t<meta property=\"og:image:width\" content=\"1200\" \/>\n\t<meta property=\"og:image:height\" content=\"1200\" \/>\n\t<meta property=\"og:image:type\" content=\"image\/jpeg\" \/>\n<script type=\"application\/ld+json\" class=\"yoast-schema-graph\">{\"@context\":\"https:\/\/schema.org\",\"@graph\":[{\"@type\":\"WebPage\",\"@id\":\"https:\/\/teiaeducation.ch\/fr\/produit\/cylindres-arc-en-ciel-petit-grimms\/\",\"url\":\"https:\/\/teiaeducation.ch\/fr\/produit\/cylindres-arc-en-ciel-petit-grimms\/\",\"name\":\"Cylindres arc-en-ciel (petit) - Grimm's - Teia Education & Play\",\"isPartOf\":{\"@id\":\"https:\/\/teiaeducation.ch\/fr\/#website\"},\"primaryImageOfPage\":{\"@id\":\"https:\/\/teiaeducation.ch\/fr\/produit\/cylindres-arc-en-ciel-petit-grimms\/#primaryimage\"},\"image\":{\"@id\":\"https:\/\/teiaeducation.ch\/fr\/produit\/cylindres-arc-en-ciel-petit-grimms\/#primaryimage\"},\"thumbnailUrl\":\"https:\/\/teiaeducation.ch\/wp-content\/uploads\/2021\/07\/Small-rainbow-rollers-stacking-game-handmade-wooden-toy-Grimms-2.jpg\",\"datePublished\":\"2021-09-27T14:09:54+00:00\",\"dateModified\":\"2025-06-02T21:24:56+00:00\",\"description\":\"Les petits cylindres arc-en-ciel de Grimm's pr\u00e9sente des blocs cylindriques dans un tableau de tri pour s'amuser \u00e0 empiler, assortir et trier\",\"breadcrumb\":{\"@id\":\"https:\/\/teiaeducation.ch\/fr\/produit\/cylindres-arc-en-ciel-petit-grimms\/#breadcrumb\"},\"inLanguage\":\"fr-FR\",\"potentialAction\":[{\"@type\":\"ReadAction\",\"target\":[\"https:\/\/teiaeducation.ch\/fr\/produit\/cylindres-arc-en-ciel-petit-grimms\/\"]}]},{\"@type\":\"ImageObject\",\"inLanguage\":\"fr-FR\",\"@id\":\"https:\/\/teiaeducation.ch\/fr\/produit\/cylindres-arc-en-ciel-petit-grimms\/#primaryimage\",\"url\":\"https:\/\/teiaeducation.ch\/wp-content\/uploads\/2021\/07\/Small-rainbow-rollers-stacking-game-handmade-wooden-toy-Grimms-2.jpg\",\"contentUrl\":\"https:\/\/teiaeducation.ch\/wp-content\/uploads\/2021\/07\/Small-rainbow-rollers-stacking-game-handmade-wooden-toy-Grimms-2.jpg\",\"width\":1200,\"height\":1200,\"caption\":\"Petit jeu d'empilage de cylindres arc-en-ciel \/ jouet en bois fait main - Grimm's\"},{\"@type\":\"BreadcrumbList\",\"@id\":\"https:\/\/teiaeducation.ch\/fr\/produit\/cylindres-arc-en-ciel-petit-grimms\/#breadcrumb\",\"itemListElement\":[{\"@type\":\"ListItem\",\"position\":1,\"name\":\"Home\",\"item\":\"https:\/\/teiaeducation.ch\/fr\/\"},{\"@type\":\"ListItem\",\"position\":2,\"name\":\"Boutique Teia Education &amp; Play\",\"item\":\"https:\/\/teiaeducation.ch\/fr\/boutique\/\"},{\"@type\":\"ListItem\",\"position\":3,\"name\":\"Nos Marques\",\"item\":\"https:\/\/teiaeducation.ch\/fr\/categorie-produit\/marques\/\"},{\"@type\":\"ListItem\",\"position\":4,\"name\":\"Grimm's\",\"item\":\"https:\/\/teiaeducation.ch\/fr\/categorie-produit\/marques\/grimms-fr\/\"},{\"@type\":\"ListItem\",\"position\":5,\"name\":\"Cylindres arc-en-ciel (petit) &#8211; Grimm&#8217;s\"}]},{\"@type\":\"WebSite\",\"@id\":\"https:\/\/teiaeducation.ch\/fr\/#website\",\"url\":\"https:\/\/teiaeducation.ch\/fr\/\",\"name\":\"Sustainable Educational Products &amp; Ecological Toys\u00a0\",\"description\":\"Specialised Swiss shop selling sustainable educational toys and games, AMI certified Montessori materials, handmade ecological wooden Waldorf toys and arts &amp; crafts supplies, school supplies, children&#039;s furniture and Montessori reference and parenting books.\",\"publisher\":{\"@id\":\"https:\/\/teiaeducation.ch\/fr\/#organization\"},\"alternateName\":\"Teia Education & Play\",\"potentialAction\":[{\"@type\":\"SearchAction\",\"target\":{\"@type\":\"EntryPoint\",\"urlTemplate\":\"https:\/\/teiaeducation.ch\/fr\/?s={search_term_string}\"},\"query-input\":{\"@type\":\"PropertyValueSpecification\",\"valueRequired\":true,\"valueName\":\"search_term_string\"}}],\"inLanguage\":\"fr-FR\"},{\"@type\":\"Organization\",\"@id\":\"https:\/\/teiaeducation.ch\/fr\/#organization\",\"name\":\"Teia Education & Play\",\"url\":\"https:\/\/teiaeducation.ch\/fr\/\",\"logo\":{\"@type\":\"ImageObject\",\"inLanguage\":\"fr-FR\",\"@id\":\"https:\/\/teiaeducation.ch\/fr\/#\/schema\/logo\/image\/\",\"url\":\"https:\/\/teiaeducation.ch\/wp-content\/uploads\/2020\/11\/Teia-Education-Switzerland-e1620156442216.jpg\",\"contentUrl\":\"https:\/\/teiaeducation.ch\/wp-content\/uploads\/2020\/11\/Teia-Education-Switzerland-e1620156442216.jpg\",\"width\":166,\"height\":145,\"caption\":\"Teia Education & Play\"},\"image\":{\"@id\":\"https:\/\/teiaeducation.ch\/fr\/#\/schema\/logo\/image\/\"},\"sameAs\":[\"https:\/\/www.facebook.com\/teiaeducation\/\",\"https:\/\/x.com\/EducationTeia\",\"https:\/\/www.instagram.com\/teia.education\/\",\"https:\/\/www.linkedin.com\/company\/35501660\",\"https:\/\/www.pinterest.ch\/TeiaEducation\/\"]}]}<\/script>\n<!-- \/ Yoast SEO plugin. -->","yoast_head_json":{"title":"Cylindres arc-en-ciel (petit) - Grimm's - Teia Education & Play","description":"Les petits cylindres arc-en-ciel de Grimm's pr\u00e9sente des blocs cylindriques dans un tableau de tri pour s'amuser \u00e0 empiler, assortir et trier","robots":{"index":"index","follow":"follow","max-snippet":"max-snippet:-1","max-image-preview":"max-image-preview:large","max-video-preview":"max-video-preview:-1"},"canonical":"https:\/\/teiaeducation.ch\/fr\/produit\/cylindres-arc-en-ciel-petit-grimms\/","og_locale":"fr_FR","og_type":"article","og_title":"Cylindres arc-en-ciel (petit) - Grimm's - Teia Education & Play","og_description":"Les petits cylindres arc-en-ciel de Grimm's pr\u00e9sente des blocs cylindriques dans un tableau de tri pour s'amuser \u00e0 empiler, assortir et trier","og_url":"https:\/\/teiaeducation.ch\/fr\/produit\/cylindres-arc-en-ciel-petit-grimms\/","og_site_name":"Sustainable Educational Products &amp; Ecological Toys\u00a0","article_publisher":"https:\/\/www.facebook.com\/teiaeducation\/","article_modified_time":"2025-06-02T21:24:56+00:00","og_image":[{"width":1200,"height":1200,"url":"https:\/\/teiaeducation.ch\/wp-content\/uploads\/2021\/07\/Small-rainbow-rollers-stacking-game-handmade-wooden-toy-Grimms-2.jpg","type":"image\/jpeg"}],"schema":{"@context":"https:\/\/schema.org","@graph":[{"@type":"WebPage","@id":"https:\/\/teiaeducation.ch\/fr\/produit\/cylindres-arc-en-ciel-petit-grimms\/","url":"https:\/\/teiaeducation.ch\/fr\/produit\/cylindres-arc-en-ciel-petit-grimms\/","name":"Cylindres arc-en-ciel (petit) - Grimm's - Teia Education & Play","isPartOf":{"@id":"https:\/\/teiaeducation.ch\/fr\/#website"},"primaryImageOfPage":{"@id":"https:\/\/teiaeducation.ch\/fr\/produit\/cylindres-arc-en-ciel-petit-grimms\/#primaryimage"},"image":{"@id":"https:\/\/teiaeducation.ch\/fr\/produit\/cylindres-arc-en-ciel-petit-grimms\/#primaryimage"},"thumbnailUrl":"https:\/\/teiaeducation.ch\/wp-content\/uploads\/2021\/07\/Small-rainbow-rollers-stacking-game-handmade-wooden-toy-Grimms-2.jpg","datePublished":"2021-09-27T14:09:54+00:00","dateModified":"2025-06-02T21:24:56+00:00","description":"Les petits cylindres arc-en-ciel de Grimm's pr\u00e9sente des blocs cylindriques dans un tableau de tri pour s'amuser \u00e0 empiler, assortir et trier","breadcrumb":{"@id":"https:\/\/teiaeducation.ch\/fr\/produit\/cylindres-arc-en-ciel-petit-grimms\/#breadcrumb"},"inLanguage":"fr-FR","potentialAction":[{"@type":"ReadAction","target":["https:\/\/teiaeducation.ch\/fr\/produit\/cylindres-arc-en-ciel-petit-grimms\/"]}]},{"@type":"ImageObject","inLanguage":"fr-FR","@id":"https:\/\/teiaeducation.ch\/fr\/produit\/cylindres-arc-en-ciel-petit-grimms\/#primaryimage","url":"https:\/\/teiaeducation.ch\/wp-content\/uploads\/2021\/07\/Small-rainbow-rollers-stacking-game-handmade-wooden-toy-Grimms-2.jpg","contentUrl":"https:\/\/teiaeducation.ch\/wp-content\/uploads\/2021\/07\/Small-rainbow-rollers-stacking-game-handmade-wooden-toy-Grimms-2.jpg","width":1200,"height":1200,"caption":"Petit jeu d'empilage de cylindres arc-en-ciel \/ jouet en bois fait main - Grimm's"},{"@type":"BreadcrumbList","@id":"https:\/\/teiaeducation.ch\/fr\/produit\/cylindres-arc-en-ciel-petit-grimms\/#breadcrumb","itemListElement":[{"@type":"ListItem","position":1,"name":"Home","item":"https:\/\/teiaeducation.ch\/fr\/"},{"@type":"ListItem","position":2,"name":"Boutique Teia Education &amp; Play","item":"https:\/\/teiaeducation.ch\/fr\/boutique\/"},{"@type":"ListItem","position":3,"name":"Nos Marques","item":"https:\/\/teiaeducation.ch\/fr\/categorie-produit\/marques\/"},{"@type":"ListItem","position":4,"name":"Grimm's","item":"https:\/\/teiaeducation.ch\/fr\/categorie-produit\/marques\/grimms-fr\/"},{"@type":"ListItem","position":5,"name":"Cylindres arc-en-ciel (petit) &#8211; Grimm&#8217;s"}]},{"@type":"WebSite","@id":"https:\/\/teiaeducation.ch\/fr\/#website","url":"https:\/\/teiaeducation.ch\/fr\/","name":"Sustainable Educational Products &amp; Ecological Toys\u00a0","description":"Specialised Swiss shop selling sustainable educational toys and games, AMI certified Montessori materials, handmade ecological wooden Waldorf toys and arts &amp; crafts supplies, school supplies, children&#039;s furniture and Montessori reference and parenting books.","publisher":{"@id":"https:\/\/teiaeducation.ch\/fr\/#organization"},"alternateName":"Teia Education & Play","potentialAction":[{"@type":"SearchAction","target":{"@type":"EntryPoint","urlTemplate":"https:\/\/teiaeducation.ch\/fr\/?s={search_term_string}"},"query-input":{"@type":"PropertyValueSpecification","valueRequired":true,"valueName":"search_term_string"}}],"inLanguage":"fr-FR"},{"@type":"Organization","@id":"https:\/\/teiaeducation.ch\/fr\/#organization","name":"Teia Education & Play","url":"https:\/\/teiaeducation.ch\/fr\/","logo":{"@type":"ImageObject","inLanguage":"fr-FR","@id":"https:\/\/teiaeducation.ch\/fr\/#\/schema\/logo\/image\/","url":"https:\/\/teiaeducation.ch\/wp-content\/uploads\/2020\/11\/Teia-Education-Switzerland-e1620156442216.jpg","contentUrl":"https:\/\/teiaeducation.ch\/wp-content\/uploads\/2020\/11\/Teia-Education-Switzerland-e1620156442216.jpg","width":166,"height":145,"caption":"Teia Education & Play"},"image":{"@id":"https:\/\/teiaeducation.ch\/fr\/#\/schema\/logo\/image\/"},"sameAs":["https:\/\/www.facebook.com\/teiaeducation\/","https:\/\/x.com\/EducationTeia","https:\/\/www.instagram.com\/teia.education\/","https:\/\/www.linkedin.com\/company\/35501660","https:\/\/www.pinterest.ch\/TeiaEducation\/"]}]}},"_links":{"self":[{"href":"https:\/\/teiaeducation.ch\/fr\/wp-json\/wp\/v2\/product\/37931","targetHints":{"allow":["GET"]}}],"collection":[{"href":"https:\/\/teiaeducation.ch\/fr\/wp-json\/wp\/v2\/product"}],"about":[{"href":"https:\/\/teiaeducation.ch\/fr\/wp-json\/wp\/v2\/types\/product"}],"replies":[{"embeddable":true,"href":"https:\/\/teiaeducation.ch\/fr\/wp-json\/wp\/v2\/comments?post=37931"}],"wp:featuredmedia":[{"embeddable":true,"href":"https:\/\/teiaeducation.ch\/fr\/wp-json\/wp\/v2\/media\/37937"}],"wp:attachment":[{"href":"https:\/\/teiaeducation.ch\/fr\/wp-json\/wp\/v2\/media?parent=37931"}],"wp:term":[{"taxonomy":"product_brand","embeddable":true,"href":"https:\/\/teiaeducation.ch\/fr\/wp-json\/wp\/v2\/product_brand?post=37931"},{"taxonomy":"product_cat","embeddable":true,"href":"https:\/\/teiaeducation.ch\/fr\/wp-json\/wp\/v2\/product_cat?post=37931"},{"taxonomy":"product_tag","embeddable":true,"href":"https:\/\/teiaeducation.ch\/fr\/wp-json\/wp\/v2\/product_tag?post=37931"}],"curies":[{"name":"wp","href":"https:\/\/api.w.org\/{rel}","templated":true}]}}