{"id":38074,"date":"2021-07-14T16:22:53","date_gmt":"2021-07-14T14:22:53","guid":{"rendered":"https:\/\/teiaeducation.ch\/product\/dessiner-et-nettoyer-educo\/"},"modified":"2021-12-15T16:44:38","modified_gmt":"2021-12-15T15:44:38","slug":"dessiner-et-effacer-educo","status":"publish","type":"product","link":"https:\/\/teiaeducation.ch\/fr\/produit\/dessiner-et-effacer-educo\/","title":{"rendered":"Dessiner &#038; effacer &#8211; Educo"},"content":{"rendered":"<p>Jeu \u00e9ducatif dessiner et effacer \u2013 Educo<\/p>\n<p>Avec le jeu \u00e9ducatif\u00a0dessiner et effacer\u00a0d&#8217;Educo, les enfants ajoutent avec un stylo pour tableau blanc (non inclus) des d\u00e9tails suppl\u00e9mentaires sur les cartes de mission pour compl\u00e9ter les images, comme les lacets d&#8217;une chaussure et les ailes d&#8217;une fus\u00e9e. Les cartes de mission sont fabriqu\u00e9es en plastique \u00e9pais durable et peuvent \u00eatre nettoy\u00e9es avec un chiffon humide avant de recommencer. Ce jeu \u00e9ducatif\u00a0peut \u00eatre r\u00e9utilis\u00e9 \u00e0 l&#8217;infini et am\u00e9liore les capacit\u00e9s de <a href=\"https:\/\/teiaeducation.ch\/fr\/categorie-produit\/creativite-beaux-arts-et-bricolage\/dessin-et-coloriage\/\">dessin<\/a>, la coordination \u0153il-main et la motricit\u00e9 fine, ainsi que les capacit\u00e9s de r\u00e9solution de probl\u00e8mes et la concentration.<\/p>\n<p>Le jeu \u00e9ducatif\u00a0dessiner et effacer Educo comprend 12 cartes plastifi\u00e9es comportant 24 missions et une bo\u00eete de rangement en bois. Ce mat\u00e9riel p\u00e9dagogique de haute qualit\u00e9 est fabriqu\u00e9 de mani\u00e8re durable.<\/p>\n<p>La marque n\u00e9erlandaise Educo repr\u00e9sente un monde color\u00e9 d\u2019apprentissage ludique, de jeux \u00e9ducatifs stimulants et de jouets. De haute qualit\u00e9 et durables, les produits Educo tournent autour des situations quotidiennes et aident les enfants \u00e0 associer les jeux \u00e0 des sujets r\u00e9guliers, transformant le processus d\u2019apprentissage en une simulation de leur environnement naturel.<\/p>\n<p>Les produits \u00e9ducatifs actifs et pratiques d\u2019Educo sont principalement faits en bois, avec des mat\u00e9riaux durables tels que les encres et les peintures \u00e0 base d\u2019eau. Les jouets sont fabriqu\u00e9s pour supporter des ann\u00e9es d\u2019utilisation robuste, encourager l\u2019apprentissage bas\u00e9 sur le jeu et inspirer la croissance et le succ\u00e8s chez les enfants \u00e2g\u00e9s de 1 \u00e0 6 ans. Ils r\u00e9pondent aux exigences de diverses r\u00e9glementations europ\u00e9ennes et internationales en mati\u00e8re de s\u00e9curit\u00e9 des jouets et se conforment \u00e0 la directive 2009\/48\/CE sur la s\u00e9curit\u00e9 des jouets, y compris EN81 et ASTM.<\/p>\n<p>Educo dessiner et effacer convient aux enfants \u00e2g\u00e9s de 4 ans et plus.<\/p>\n<p>Contenu :<\/p>\n<p>12 cartes plastifi\u00e9es avec 24 missions<br \/>\nUne bo\u00eete en bois pour le rangement (27 x 19 x 3 cm)<\/p>\n","protected":false},"excerpt":{"rendered":"<p>Num\u00e9ro d&#8217;article: 3023000<\/p>\n<p>Le jeu \u00e9ducatif\u00a0dessiner et effacer\u00a0d&#8217;Educo propose 24 missions que les enfants peuvent compl\u00e9ter ou ajouter des d\u00e9tails suppl\u00e9mentaires aux images.<\/p>\n","protected":false},"featured_media":37603,"comment_status":"open","ping_status":"closed","template":"","meta":[],"product_brand":[],"product_cat":[8527,215,216,22344,635,20247,283,224,293,8526,17239,206,13130,22181,1220,23650,13127,7595,1218,217,5851,209,7603,292,212],"product_tag":[20441,1363,20442,775,20443],"class_list":{"0":"post-38074","1":"product","2":"type-product","3":"status-publish","4":"has-post-thumbnail","6":"product_cat-3-6-ans-ecole-a-domicile","7":"product_cat-3-6-ans","8":"product_cat-6-12-ans","9":"product_cat-collections-saisonnieres","10":"product_cat-competences-motrices","11":"product_cat-dessin-et-coloriage","12":"product_cat-domaines-du-curriculum","13":"product_cat-educo-fr","14":"product_cat-ensembles-dactivites","15":"product_cat-fournitures-scolaires-a-domicile","16":"product_cat-guide-cadeaux-educatifs","17":"product_cat-jeu-motricite","18":"product_cat-jouer","19":"product_cat-jouets-montessori","20":"product_cat-traditionnelle","21":"product_cat-la-rentree-scolaire","22":"product_cat-creativite-beaux-arts-et-bricolage","23":"product_cat-methode-deducation","24":"product_cat-montessori-fr","25":"product_cat-marques","26":"product_cat-nouveautes","27":"product_cat-sensorielles-motrices","28":"product_cat-soldes","29":"product_cat-appui-au-curriculum","30":"product_cat-tranche-dage","31":"product_tag-developper-les-capacites-motrices","32":"product_tag-educo-fr","33":"product_tag-educo-dessiner-et-effacer","34":"product_tag-educo-suisse","35":"product_tag-jeux-dactivites-motrices","37":"first","38":"instock","39":"sale","40":"taxable","41":"shipping-taxable","42":"purchasable","43":"product-type-simple"},"yoast_head":"<!-- This site is optimized with the Yoast SEO Premium plugin v25.8 (Yoast SEO v27.4) - https:\/\/yoast.com\/product\/yoast-seo-premium-wordpress\/ -->\n<title>Dessiner &amp; effacer - Educo - Teia Education &amp; Play<\/title>\n<meta name=\"description\" content=\"Le jeu \u00e9ducatif\u00a0dessiner et effacer\u00a0d&#039;Educo propose 24 missions que les enfants peuvent compl\u00e9ter ou ajouter des d\u00e9tails suppl\u00e9mentaires aux images.\" \/>\n<meta name=\"robots\" content=\"index, follow, max-snippet:-1, max-image-preview:large, max-video-preview:-1\" \/>\n<link rel=\"canonical\" href=\"https:\/\/teiaeducation.ch\/fr\/produit\/dessiner-et-effacer-educo\/\" \/>\n<meta property=\"og:locale\" content=\"fr_FR\" \/>\n<meta property=\"og:type\" content=\"article\" \/>\n<meta property=\"og:title\" content=\"Dessiner &amp; effacer - Educo\" \/>\n<meta property=\"og:description\" content=\"Le jeu \u00e9ducatif\u00a0dessiner et effacer\u00a0d&#039;Educo propose 24 missions que les enfants peuvent compl\u00e9ter ou ajouter des d\u00e9tails suppl\u00e9mentaires aux images.\" \/>\n<meta property=\"og:url\" content=\"https:\/\/teiaeducation.ch\/fr\/produit\/dessiner-et-effacer-educo\/\" \/>\n<meta property=\"og:site_name\" content=\"Sustainable Educational Products &amp; Ecological Toys\u00a0\" \/>\n<meta property=\"article:publisher\" content=\"https:\/\/www.facebook.com\/teiaeducation\/\" \/>\n<meta property=\"article:modified_time\" content=\"2021-12-15T15:44:38+00:00\" \/>\n<meta property=\"og:image\" content=\"https:\/\/teiaeducation.ch\/wp-content\/uploads\/2021\/06\/Draw-and-wipe-\u2013-Educo.jpeg\" \/>\n\t<meta property=\"og:image:width\" content=\"1500\" \/>\n\t<meta property=\"og:image:height\" content=\"1500\" \/>\n\t<meta property=\"og:image:type\" content=\"image\/jpeg\" \/>\n<script type=\"application\/ld+json\" class=\"yoast-schema-graph\">{\"@context\":\"https:\\\/\\\/schema.org\",\"@graph\":[{\"@type\":\"WebPage\",\"@id\":\"https:\\\/\\\/teiaeducation.ch\\\/fr\\\/produit\\\/dessiner-et-effacer-educo\\\/\",\"url\":\"https:\\\/\\\/teiaeducation.ch\\\/fr\\\/produit\\\/dessiner-et-effacer-educo\\\/\",\"name\":\"Dessiner & effacer - Educo - Teia Education & Play\",\"isPartOf\":{\"@id\":\"https:\\\/\\\/teiaeducation.ch\\\/fr\\\/#website\"},\"primaryImageOfPage\":{\"@id\":\"https:\\\/\\\/teiaeducation.ch\\\/fr\\\/produit\\\/dessiner-et-effacer-educo\\\/#primaryimage\"},\"image\":{\"@id\":\"https:\\\/\\\/teiaeducation.ch\\\/fr\\\/produit\\\/dessiner-et-effacer-educo\\\/#primaryimage\"},\"thumbnailUrl\":\"https:\\\/\\\/teiaeducation.ch\\\/wp-content\\\/uploads\\\/2021\\\/06\\\/Draw-and-wipe-\u2013-Educo.jpeg\",\"datePublished\":\"2021-07-14T14:22:53+00:00\",\"dateModified\":\"2021-12-15T15:44:38+00:00\",\"description\":\"Le jeu \u00e9ducatif\u00a0dessiner et effacer\u00a0d'Educo propose 24 missions que les enfants peuvent compl\u00e9ter ou ajouter des d\u00e9tails suppl\u00e9mentaires aux images.\",\"breadcrumb\":{\"@id\":\"https:\\\/\\\/teiaeducation.ch\\\/fr\\\/produit\\\/dessiner-et-effacer-educo\\\/#breadcrumb\"},\"inLanguage\":\"fr-FR\",\"potentialAction\":[{\"@type\":\"ReadAction\",\"target\":[\"https:\\\/\\\/teiaeducation.ch\\\/fr\\\/produit\\\/dessiner-et-effacer-educo\\\/\"]}]},{\"@type\":\"ImageObject\",\"inLanguage\":\"fr-FR\",\"@id\":\"https:\\\/\\\/teiaeducation.ch\\\/fr\\\/produit\\\/dessiner-et-effacer-educo\\\/#primaryimage\",\"url\":\"https:\\\/\\\/teiaeducation.ch\\\/wp-content\\\/uploads\\\/2021\\\/06\\\/Draw-and-wipe-\u2013-Educo.jpeg\",\"contentUrl\":\"https:\\\/\\\/teiaeducation.ch\\\/wp-content\\\/uploads\\\/2021\\\/06\\\/Draw-and-wipe-\u2013-Educo.jpeg\",\"width\":1500,\"height\":1500,\"caption\":\"dessiner et effacer \u2013 Educo\"},{\"@type\":\"BreadcrumbList\",\"@id\":\"https:\\\/\\\/teiaeducation.ch\\\/fr\\\/produit\\\/dessiner-et-effacer-educo\\\/#breadcrumb\",\"itemListElement\":[{\"@type\":\"ListItem\",\"position\":1,\"name\":\"Home\",\"item\":\"https:\\\/\\\/teiaeducation.ch\\\/fr\\\/\"},{\"@type\":\"ListItem\",\"position\":2,\"name\":\"Boutique Teia Education &amp; Play\",\"item\":\"https:\\\/\\\/teiaeducation.ch\\\/fr\\\/boutique\\\/\"},{\"@type\":\"ListItem\",\"position\":3,\"name\":\"Domaines du Curriculum\",\"item\":\"https:\\\/\\\/teiaeducation.ch\\\/fr\\\/categorie-produit\\\/domaines-du-curriculum\\\/\"},{\"@type\":\"ListItem\",\"position\":4,\"name\":\"Sensorielles &amp; Motrices\",\"item\":\"https:\\\/\\\/teiaeducation.ch\\\/fr\\\/categorie-produit\\\/domaines-du-curriculum\\\/sensorielles-motrices\\\/\"},{\"@type\":\"ListItem\",\"position\":5,\"name\":\"Comp\u00e9tences Motrices\",\"item\":\"https:\\\/\\\/teiaeducation.ch\\\/fr\\\/categorie-produit\\\/domaines-du-curriculum\\\/sensorielles-motrices\\\/competences-motrices\\\/\"},{\"@type\":\"ListItem\",\"position\":6,\"name\":\"Dessiner &#038; effacer &#8211; Educo\"}]},{\"@type\":\"WebSite\",\"@id\":\"https:\\\/\\\/teiaeducation.ch\\\/fr\\\/#website\",\"url\":\"https:\\\/\\\/teiaeducation.ch\\\/fr\\\/\",\"name\":\"Sustainable Educational Products &amp; Ecological Toys\u00a0\",\"description\":\"Specialised Swiss shop selling sustainable educational toys and games, AMI certified Montessori materials, handmade ecological wooden Waldorf toys and arts &amp; crafts supplies, school supplies, children&#039;s furniture and Montessori reference and parenting books.\",\"publisher\":{\"@id\":\"https:\\\/\\\/teiaeducation.ch\\\/fr\\\/#organization\"},\"alternateName\":\"Teia Education & Play\",\"potentialAction\":[{\"@type\":\"SearchAction\",\"target\":{\"@type\":\"EntryPoint\",\"urlTemplate\":\"https:\\\/\\\/teiaeducation.ch\\\/fr\\\/?s={search_term_string}\"},\"query-input\":{\"@type\":\"PropertyValueSpecification\",\"valueRequired\":true,\"valueName\":\"search_term_string\"}}],\"inLanguage\":\"fr-FR\"},{\"@type\":\"Organization\",\"@id\":\"https:\\\/\\\/teiaeducation.ch\\\/fr\\\/#organization\",\"name\":\"Teia Education & Play\",\"url\":\"https:\\\/\\\/teiaeducation.ch\\\/fr\\\/\",\"logo\":{\"@type\":\"ImageObject\",\"inLanguage\":\"fr-FR\",\"@id\":\"https:\\\/\\\/teiaeducation.ch\\\/fr\\\/#\\\/schema\\\/logo\\\/image\\\/\",\"url\":\"https:\\\/\\\/teiaeducation.ch\\\/wp-content\\\/uploads\\\/2020\\\/11\\\/Teia-Education-Switzerland-e1620156442216.jpg\",\"contentUrl\":\"https:\\\/\\\/teiaeducation.ch\\\/wp-content\\\/uploads\\\/2020\\\/11\\\/Teia-Education-Switzerland-e1620156442216.jpg\",\"width\":166,\"height\":145,\"caption\":\"Teia Education & Play\"},\"image\":{\"@id\":\"https:\\\/\\\/teiaeducation.ch\\\/fr\\\/#\\\/schema\\\/logo\\\/image\\\/\"},\"sameAs\":[\"https:\\\/\\\/www.facebook.com\\\/teiaeducation\\\/\",\"https:\\\/\\\/x.com\\\/EducationTeia\",\"https:\\\/\\\/www.instagram.com\\\/teia.education\\\/\",\"https:\\\/\\\/www.linkedin.com\\\/company\\\/35501660\",\"https:\\\/\\\/www.pinterest.ch\\\/TeiaEducation\\\/\"]}]}<\/script>\n<meta property=\"product:price:amount\" content=\"43.90\" \/>\n<meta property=\"product:price:currency\" content=\"CHF\" \/>\n<meta property=\"og:availability\" content=\"instock\" \/>\n<meta property=\"product:availability\" content=\"instock\" \/>\n<meta property=\"product:retailer_item_id\" content=\"00000000000000000000000000000000000000000000037601\" \/>\n<meta property=\"product:condition\" content=\"new\" \/>\n<!-- \/ Yoast SEO Premium plugin. -->","yoast_head_json":{"title":"Dessiner & effacer - Educo - Teia Education & Play","description":"Le jeu \u00e9ducatif\u00a0dessiner et effacer\u00a0d'Educo propose 24 missions que les enfants peuvent compl\u00e9ter ou ajouter des d\u00e9tails suppl\u00e9mentaires aux images.","robots":{"index":"index","follow":"follow","max-snippet":"max-snippet:-1","max-image-preview":"max-image-preview:large","max-video-preview":"max-video-preview:-1"},"canonical":"https:\/\/teiaeducation.ch\/fr\/produit\/dessiner-et-effacer-educo\/","og_locale":"fr_FR","og_type":"article","og_title":"Dessiner & effacer - Educo","og_description":"Le jeu \u00e9ducatif\u00a0dessiner et effacer\u00a0d'Educo propose 24 missions que les enfants peuvent compl\u00e9ter ou ajouter des d\u00e9tails suppl\u00e9mentaires aux images.","og_url":"https:\/\/teiaeducation.ch\/fr\/produit\/dessiner-et-effacer-educo\/","og_site_name":"Sustainable Educational Products &amp; Ecological Toys\u00a0","article_publisher":"https:\/\/www.facebook.com\/teiaeducation\/","article_modified_time":"2021-12-15T15:44:38+00:00","og_image":[{"width":1500,"height":1500,"url":"https:\/\/teiaeducation.ch\/wp-content\/uploads\/2021\/06\/Draw-and-wipe-\u2013-Educo.jpeg","type":"image\/jpeg"}],"schema":{"@context":"https:\/\/schema.org","@graph":[{"@type":"WebPage","@id":"https:\/\/teiaeducation.ch\/fr\/produit\/dessiner-et-effacer-educo\/","url":"https:\/\/teiaeducation.ch\/fr\/produit\/dessiner-et-effacer-educo\/","name":"Dessiner & effacer - Educo - Teia Education & Play","isPartOf":{"@id":"https:\/\/teiaeducation.ch\/fr\/#website"},"primaryImageOfPage":{"@id":"https:\/\/teiaeducation.ch\/fr\/produit\/dessiner-et-effacer-educo\/#primaryimage"},"image":{"@id":"https:\/\/teiaeducation.ch\/fr\/produit\/dessiner-et-effacer-educo\/#primaryimage"},"thumbnailUrl":"https:\/\/teiaeducation.ch\/wp-content\/uploads\/2021\/06\/Draw-and-wipe-\u2013-Educo.jpeg","datePublished":"2021-07-14T14:22:53+00:00","dateModified":"2021-12-15T15:44:38+00:00","description":"Le jeu \u00e9ducatif\u00a0dessiner et effacer\u00a0d'Educo propose 24 missions que les enfants peuvent compl\u00e9ter ou ajouter des d\u00e9tails suppl\u00e9mentaires aux images.","breadcrumb":{"@id":"https:\/\/teiaeducation.ch\/fr\/produit\/dessiner-et-effacer-educo\/#breadcrumb"},"inLanguage":"fr-FR","potentialAction":[{"@type":"ReadAction","target":["https:\/\/teiaeducation.ch\/fr\/produit\/dessiner-et-effacer-educo\/"]}]},{"@type":"ImageObject","inLanguage":"fr-FR","@id":"https:\/\/teiaeducation.ch\/fr\/produit\/dessiner-et-effacer-educo\/#primaryimage","url":"https:\/\/teiaeducation.ch\/wp-content\/uploads\/2021\/06\/Draw-and-wipe-\u2013-Educo.jpeg","contentUrl":"https:\/\/teiaeducation.ch\/wp-content\/uploads\/2021\/06\/Draw-and-wipe-\u2013-Educo.jpeg","width":1500,"height":1500,"caption":"dessiner et effacer \u2013 Educo"},{"@type":"BreadcrumbList","@id":"https:\/\/teiaeducation.ch\/fr\/produit\/dessiner-et-effacer-educo\/#breadcrumb","itemListElement":[{"@type":"ListItem","position":1,"name":"Home","item":"https:\/\/teiaeducation.ch\/fr\/"},{"@type":"ListItem","position":2,"name":"Boutique Teia Education &amp; Play","item":"https:\/\/teiaeducation.ch\/fr\/boutique\/"},{"@type":"ListItem","position":3,"name":"Domaines du Curriculum","item":"https:\/\/teiaeducation.ch\/fr\/categorie-produit\/domaines-du-curriculum\/"},{"@type":"ListItem","position":4,"name":"Sensorielles &amp; Motrices","item":"https:\/\/teiaeducation.ch\/fr\/categorie-produit\/domaines-du-curriculum\/sensorielles-motrices\/"},{"@type":"ListItem","position":5,"name":"Comp\u00e9tences Motrices","item":"https:\/\/teiaeducation.ch\/fr\/categorie-produit\/domaines-du-curriculum\/sensorielles-motrices\/competences-motrices\/"},{"@type":"ListItem","position":6,"name":"Dessiner &#038; effacer &#8211; Educo"}]},{"@type":"WebSite","@id":"https:\/\/teiaeducation.ch\/fr\/#website","url":"https:\/\/teiaeducation.ch\/fr\/","name":"Sustainable Educational Products &amp; Ecological Toys\u00a0","description":"Specialised Swiss shop selling sustainable educational toys and games, AMI certified Montessori materials, handmade ecological wooden Waldorf toys and arts &amp; crafts supplies, school supplies, children&#039;s furniture and Montessori reference and parenting books.","publisher":{"@id":"https:\/\/teiaeducation.ch\/fr\/#organization"},"alternateName":"Teia Education & Play","potentialAction":[{"@type":"SearchAction","target":{"@type":"EntryPoint","urlTemplate":"https:\/\/teiaeducation.ch\/fr\/?s={search_term_string}"},"query-input":{"@type":"PropertyValueSpecification","valueRequired":true,"valueName":"search_term_string"}}],"inLanguage":"fr-FR"},{"@type":"Organization","@id":"https:\/\/teiaeducation.ch\/fr\/#organization","name":"Teia Education & Play","url":"https:\/\/teiaeducation.ch\/fr\/","logo":{"@type":"ImageObject","inLanguage":"fr-FR","@id":"https:\/\/teiaeducation.ch\/fr\/#\/schema\/logo\/image\/","url":"https:\/\/teiaeducation.ch\/wp-content\/uploads\/2020\/11\/Teia-Education-Switzerland-e1620156442216.jpg","contentUrl":"https:\/\/teiaeducation.ch\/wp-content\/uploads\/2020\/11\/Teia-Education-Switzerland-e1620156442216.jpg","width":166,"height":145,"caption":"Teia Education & Play"},"image":{"@id":"https:\/\/teiaeducation.ch\/fr\/#\/schema\/logo\/image\/"},"sameAs":["https:\/\/www.facebook.com\/teiaeducation\/","https:\/\/x.com\/EducationTeia","https:\/\/www.instagram.com\/teia.education\/","https:\/\/www.linkedin.com\/company\/35501660","https:\/\/www.pinterest.ch\/TeiaEducation\/"]}]},"product_price_amount":"43.90","product_price_currency":"CHF","og_availability":"instock","product_availability":"instock","product_retailer_item_id":"00000000000000000000000000000000000000000000037601","product_condition":"new"},"_links":{"self":[{"href":"https:\/\/teiaeducation.ch\/fr\/wp-json\/wp\/v2\/product\/38074","targetHints":{"allow":["GET"]}}],"collection":[{"href":"https:\/\/teiaeducation.ch\/fr\/wp-json\/wp\/v2\/product"}],"about":[{"href":"https:\/\/teiaeducation.ch\/fr\/wp-json\/wp\/v2\/types\/product"}],"replies":[{"embeddable":true,"href":"https:\/\/teiaeducation.ch\/fr\/wp-json\/wp\/v2\/comments?post=38074"}],"wp:featuredmedia":[{"embeddable":true,"href":"https:\/\/teiaeducation.ch\/fr\/wp-json\/wp\/v2\/media\/37603"}],"wp:attachment":[{"href":"https:\/\/teiaeducation.ch\/fr\/wp-json\/wp\/v2\/media?parent=38074"}],"wp:term":[{"taxonomy":"product_brand","embeddable":true,"href":"https:\/\/teiaeducation.ch\/fr\/wp-json\/wp\/v2\/product_brand?post=38074"},{"taxonomy":"product_cat","embeddable":true,"href":"https:\/\/teiaeducation.ch\/fr\/wp-json\/wp\/v2\/product_cat?post=38074"},{"taxonomy":"product_tag","embeddable":true,"href":"https:\/\/teiaeducation.ch\/fr\/wp-json\/wp\/v2\/product_tag?post=38074"}],"curies":[{"name":"wp","href":"https:\/\/api.w.org\/{rel}","templated":true}]}}