{"id":38076,"date":"2021-07-14T15:20:05","date_gmt":"2021-07-14T13:20:05","guid":{"rendered":"https:\/\/teiaeducation.ch\/product\/10-miroirs-17-x-12cm-jegro\/"},"modified":"2023-03-27T09:33:22","modified_gmt":"2023-03-27T07:33:22","slug":"10-miroirs-17-x-12cm-jegro","status":"publish","type":"product","link":"https:\/\/teiaeducation.ch\/fr\/produit\/10-miroirs-17-x-12cm-jegro\/","title":{"rendered":"10 miroirs 17 x 12cm &#8211; Jegro"},"content":{"rendered":"<p>Miroirs \u00e9ducatifs 17 x 12cm \u2013 Jegro<\/p>\n<p>Avec ces miroirs astucieux et pratiques de Jegro, la sym\u00e9trie peut \u00eatre explor\u00e9e\u00a0dans le cadre de l&#8217;apprentissage de la g\u00e9om\u00e9trie et des math\u00e9matiques. Les comp\u00e9tences math\u00e9matiques, y compris l&#8217;<a href=\"https:\/\/teiaeducation.ch\/fr\/categorie-produit\/domaines-du-curriculum\/mathematiques-calcul\/orientation-spatiale-fr\/\">orientation spatiale<\/a>, sont am\u00e9lior\u00e9es gr\u00e2ce au travail en miroir. Les miroirs constituent \u00e9galement un mat\u00e9riel utile pour les cours de dessin d&#8217;autoportraits, les le\u00e7ons sur les soins dentaires et l&#8217;orthophonie.<\/p>\n<p>Le jeu de miroirs Jegro contient 10 miroirs en plastique s\u00fbrs pour les enfants et id\u00e9aux pour les environnements \u00e9ducatifs et scolaires. Ils mesurent 17 x 12 cm chacun.<\/p>\n<p>La marque n\u00e9erlandaise Jegro propose des supports p\u00e9dagogiques adapt\u00e9s aux besoins \u00e9ducatifs des enfants \u00e2g\u00e9s de 6 \u00e0 12 ans. Les produits \u00e9ducatifs Jegro permettent d&#8217;appr\u00e9hender les math\u00e9matiques et le langage \u00e0 travers un apprentissage concret, imag\u00e9 et abstrait. Jegro divise l&#8217;apprentissage des math\u00e9matiques en quatre \u00e9tapes : l&#8217;action informelle, la repr\u00e9sentation concr\u00e8te, la repr\u00e9sentation abstraite et l&#8217;action formelle. Le mat\u00e9riel linguistique Jegro d\u00e9veloppe les capacit\u00e9s de communication et \u00e9largit le vocabulaire des enfants.<\/p>\n<p>La marque Jegro a \u00e9t\u00e9 fond\u00e9e en 1913 et les mat\u00e9riels math\u00e9matiques et linguistiques de la marque sont toujours principalement produits \u00e0 Groningue, aux Pays-Bas, par la Noord Nederlandse Stempel- en Leermiddelenfabriek (NNSL).<\/p>\n<p>Les miroirs Jegro conviennent aux enfants \u00e2g\u00e9s de 4 ans et plus.<\/p>\n<p>Contenu :<\/p>\n<p>10 miroirs en plastique (17 x 12cm)<br \/>\n* le support en bois sur l&#8217;image n&#8217;est pas inclus<\/p>\n","protected":false},"excerpt":{"rendered":"<p>Num\u00e9ro d&#8217;article: 1119012<\/p>\n<p>Le jeu de 10 miroirs Jegro en plastique mesurant 17 x 12 cm est s\u00fbr pour les enfants et id\u00e9al pour les environnements \u00e9ducatifs et scolaires.<\/p>\n","protected":false},"featured_media":37617,"comment_status":"open","ping_status":"closed","template":"","meta":[],"product_brand":[],"product_cat":[215,216,20247,283,259,1220,627,289,13127,277,264,288,7595,217,5851,13153,13154,7603,212],"product_tag":[20453,1261,20455,20456,20239,20457,20458,20449,20450,20452,20451,20454],"class_list":{"0":"post-38076","1":"product","2":"type-product","3":"status-publish","4":"has-post-thumbnail","6":"product_cat-3-6-ans","7":"product_cat-6-12-ans","8":"product_cat-dessin-et-coloriage","9":"product_cat-domaines-du-curriculum","10":"product_cat-jegro-fr","11":"product_cat-traditionnelle","12":"product_cat-orientation-spatiale-fr","13":"product_cat-geometrie","14":"product_cat-creativite-beaux-arts-et-bricolage","15":"product_cat-materiel-indispensable","16":"product_cat-mathematiques","17":"product_cat-mathematiques-calcul","18":"product_cat-methode-deducation","19":"product_cat-marques","20":"product_cat-nouveautes","21":"product_cat-pack-classe-3-6-ans","22":"product_cat-pack-classe-6-12-ans","23":"product_cat-soldes","24":"product_cat-tranche-dage","25":"product_tag-des-miroirs-pour-la-symetrie","26":"product_tag-jegro-jegro","27":"product_tag-jegro-miroirs","28":"product_tag-jegro-miroirs-17-x-12cm","29":"product_tag-jegro-suisse","30":"product_tag-jeux-de-miroirs-decole","31":"product_tag-materiaux-de-symetrie","32":"product_tag-math-miroirs","33":"product_tag-miroirs-decole","34":"product_tag-miroirs-de-fournitures-scolaires","35":"product_tag-miroirs-pour-enfants","36":"product_tag-miroirs-pour-les-maths","38":"first","39":"instock","40":"sale","41":"taxable","42":"shipping-taxable","43":"purchasable","44":"product-type-simple"},"yoast_head":"<!-- This site is optimized with the Yoast SEO plugin v27.3 - https:\/\/yoast.com\/product\/yoast-seo-wordpress\/ -->\n<title>10 miroirs 17 x 12cm - Jegro - Teia Education &amp; Play<\/title>\n<meta name=\"description\" content=\"Le jeu de 10 miroirs Jegro en plastique mesurant 17 x 12 cm est s\u00fbr pour les enfants et id\u00e9al pour les environnements \u00e9ducatifs et scolaires.\" \/>\n<meta name=\"robots\" content=\"index, follow, max-snippet:-1, max-image-preview:large, max-video-preview:-1\" \/>\n<link rel=\"canonical\" href=\"https:\/\/teiaeducation.ch\/fr\/produit\/10-miroirs-17-x-12cm-jegro\/\" \/>\n<meta property=\"og:locale\" content=\"fr_FR\" \/>\n<meta property=\"og:type\" content=\"article\" \/>\n<meta property=\"og:title\" content=\"10 miroirs 17 x 12cm - Jegro - Teia Education &amp; Play\" \/>\n<meta property=\"og:description\" content=\"Le jeu de 10 miroirs Jegro en plastique mesurant 17 x 12 cm est s\u00fbr pour les enfants et id\u00e9al pour les environnements \u00e9ducatifs et scolaires.\" \/>\n<meta property=\"og:url\" content=\"https:\/\/teiaeducation.ch\/fr\/produit\/10-miroirs-17-x-12cm-jegro\/\" \/>\n<meta property=\"og:site_name\" content=\"Sustainable Educational Products &amp; Ecological Toys\u00a0\" \/>\n<meta property=\"article:publisher\" content=\"https:\/\/www.facebook.com\/teiaeducation\/\" \/>\n<meta property=\"article:modified_time\" content=\"2023-03-27T07:33:22+00:00\" \/>\n<meta property=\"og:image\" content=\"https:\/\/teiaeducation.ch\/wp-content\/uploads\/2021\/07\/Mirrors-17-x-12cm-\u2013-Jegro.jpeg\" \/>\n\t<meta property=\"og:image:width\" content=\"1500\" \/>\n\t<meta property=\"og:image:height\" content=\"1500\" \/>\n\t<meta property=\"og:image:type\" content=\"image\/jpeg\" \/>\n<script type=\"application\/ld+json\" class=\"yoast-schema-graph\">{\"@context\":\"https:\\\/\\\/schema.org\",\"@graph\":[{\"@type\":\"WebPage\",\"@id\":\"https:\\\/\\\/teiaeducation.ch\\\/fr\\\/produit\\\/10-miroirs-17-x-12cm-jegro\\\/\",\"url\":\"https:\\\/\\\/teiaeducation.ch\\\/fr\\\/produit\\\/10-miroirs-17-x-12cm-jegro\\\/\",\"name\":\"10 miroirs 17 x 12cm - Jegro - Teia Education & Play\",\"isPartOf\":{\"@id\":\"https:\\\/\\\/teiaeducation.ch\\\/fr\\\/#website\"},\"primaryImageOfPage\":{\"@id\":\"https:\\\/\\\/teiaeducation.ch\\\/fr\\\/produit\\\/10-miroirs-17-x-12cm-jegro\\\/#primaryimage\"},\"image\":{\"@id\":\"https:\\\/\\\/teiaeducation.ch\\\/fr\\\/produit\\\/10-miroirs-17-x-12cm-jegro\\\/#primaryimage\"},\"thumbnailUrl\":\"https:\\\/\\\/teiaeducation.ch\\\/wp-content\\\/uploads\\\/2021\\\/07\\\/Mirrors-17-x-12cm-\u2013-Jegro.jpeg\",\"datePublished\":\"2021-07-14T13:20:05+00:00\",\"dateModified\":\"2023-03-27T07:33:22+00:00\",\"description\":\"Le jeu de 10 miroirs Jegro en plastique mesurant 17 x 12 cm est s\u00fbr pour les enfants et id\u00e9al pour les environnements \u00e9ducatifs et scolaires.\",\"breadcrumb\":{\"@id\":\"https:\\\/\\\/teiaeducation.ch\\\/fr\\\/produit\\\/10-miroirs-17-x-12cm-jegro\\\/#breadcrumb\"},\"inLanguage\":\"fr-FR\",\"potentialAction\":[{\"@type\":\"ReadAction\",\"target\":[\"https:\\\/\\\/teiaeducation.ch\\\/fr\\\/produit\\\/10-miroirs-17-x-12cm-jegro\\\/\"]}]},{\"@type\":\"ImageObject\",\"inLanguage\":\"fr-FR\",\"@id\":\"https:\\\/\\\/teiaeducation.ch\\\/fr\\\/produit\\\/10-miroirs-17-x-12cm-jegro\\\/#primaryimage\",\"url\":\"https:\\\/\\\/teiaeducation.ch\\\/wp-content\\\/uploads\\\/2021\\\/07\\\/Mirrors-17-x-12cm-\u2013-Jegro.jpeg\",\"contentUrl\":\"https:\\\/\\\/teiaeducation.ch\\\/wp-content\\\/uploads\\\/2021\\\/07\\\/Mirrors-17-x-12cm-\u2013-Jegro.jpeg\",\"width\":1500,\"height\":1500,\"caption\":\"Miroirs 17 x 12cm \u2013 Jegro\"},{\"@type\":\"BreadcrumbList\",\"@id\":\"https:\\\/\\\/teiaeducation.ch\\\/fr\\\/produit\\\/10-miroirs-17-x-12cm-jegro\\\/#breadcrumb\",\"itemListElement\":[{\"@type\":\"ListItem\",\"position\":1,\"name\":\"Home\",\"item\":\"https:\\\/\\\/teiaeducation.ch\\\/fr\\\/\"},{\"@type\":\"ListItem\",\"position\":2,\"name\":\"Boutique Teia Education &amp; Play\",\"item\":\"https:\\\/\\\/teiaeducation.ch\\\/fr\\\/boutique\\\/\"},{\"@type\":\"ListItem\",\"position\":3,\"name\":\"Domaines du Curriculum\",\"item\":\"https:\\\/\\\/teiaeducation.ch\\\/fr\\\/categorie-produit\\\/domaines-du-curriculum\\\/\"},{\"@type\":\"ListItem\",\"position\":4,\"name\":\"Math\u00e9matiques &amp; Calcul\",\"item\":\"https:\\\/\\\/teiaeducation.ch\\\/fr\\\/categorie-produit\\\/domaines-du-curriculum\\\/mathematiques-calcul\\\/\"},{\"@type\":\"ListItem\",\"position\":5,\"name\":\"L'orientation Spatiale\",\"item\":\"https:\\\/\\\/teiaeducation.ch\\\/fr\\\/categorie-produit\\\/domaines-du-curriculum\\\/mathematiques-calcul\\\/orientation-spatiale-fr\\\/\"},{\"@type\":\"ListItem\",\"position\":6,\"name\":\"10 miroirs 17 x 12cm &#8211; Jegro\"}]},{\"@type\":\"WebSite\",\"@id\":\"https:\\\/\\\/teiaeducation.ch\\\/fr\\\/#website\",\"url\":\"https:\\\/\\\/teiaeducation.ch\\\/fr\\\/\",\"name\":\"Sustainable Educational Products &amp; Ecological Toys\u00a0\",\"description\":\"Specialised Swiss shop selling sustainable educational toys and games, AMI certified Montessori materials, handmade ecological wooden Waldorf toys and arts &amp; crafts supplies, school supplies, children&#039;s furniture and Montessori reference and parenting books.\",\"publisher\":{\"@id\":\"https:\\\/\\\/teiaeducation.ch\\\/fr\\\/#organization\"},\"alternateName\":\"Teia Education & Play\",\"potentialAction\":[{\"@type\":\"SearchAction\",\"target\":{\"@type\":\"EntryPoint\",\"urlTemplate\":\"https:\\\/\\\/teiaeducation.ch\\\/fr\\\/?s={search_term_string}\"},\"query-input\":{\"@type\":\"PropertyValueSpecification\",\"valueRequired\":true,\"valueName\":\"search_term_string\"}}],\"inLanguage\":\"fr-FR\"},{\"@type\":\"Organization\",\"@id\":\"https:\\\/\\\/teiaeducation.ch\\\/fr\\\/#organization\",\"name\":\"Teia Education & Play\",\"url\":\"https:\\\/\\\/teiaeducation.ch\\\/fr\\\/\",\"logo\":{\"@type\":\"ImageObject\",\"inLanguage\":\"fr-FR\",\"@id\":\"https:\\\/\\\/teiaeducation.ch\\\/fr\\\/#\\\/schema\\\/logo\\\/image\\\/\",\"url\":\"https:\\\/\\\/teiaeducation.ch\\\/wp-content\\\/uploads\\\/2020\\\/11\\\/Teia-Education-Switzerland-e1620156442216.jpg\",\"contentUrl\":\"https:\\\/\\\/teiaeducation.ch\\\/wp-content\\\/uploads\\\/2020\\\/11\\\/Teia-Education-Switzerland-e1620156442216.jpg\",\"width\":166,\"height\":145,\"caption\":\"Teia Education & Play\"},\"image\":{\"@id\":\"https:\\\/\\\/teiaeducation.ch\\\/fr\\\/#\\\/schema\\\/logo\\\/image\\\/\"},\"sameAs\":[\"https:\\\/\\\/www.facebook.com\\\/teiaeducation\\\/\",\"https:\\\/\\\/x.com\\\/EducationTeia\",\"https:\\\/\\\/www.instagram.com\\\/teia.education\\\/\",\"https:\\\/\\\/www.linkedin.com\\\/company\\\/35501660\",\"https:\\\/\\\/www.pinterest.ch\\\/TeiaEducation\\\/\"]}]}<\/script>\n<!-- \/ Yoast SEO plugin. -->","yoast_head_json":{"title":"10 miroirs 17 x 12cm - Jegro - Teia Education & Play","description":"Le jeu de 10 miroirs Jegro en plastique mesurant 17 x 12 cm est s\u00fbr pour les enfants et id\u00e9al pour les environnements \u00e9ducatifs et scolaires.","robots":{"index":"index","follow":"follow","max-snippet":"max-snippet:-1","max-image-preview":"max-image-preview:large","max-video-preview":"max-video-preview:-1"},"canonical":"https:\/\/teiaeducation.ch\/fr\/produit\/10-miroirs-17-x-12cm-jegro\/","og_locale":"fr_FR","og_type":"article","og_title":"10 miroirs 17 x 12cm - Jegro - Teia Education & Play","og_description":"Le jeu de 10 miroirs Jegro en plastique mesurant 17 x 12 cm est s\u00fbr pour les enfants et id\u00e9al pour les environnements \u00e9ducatifs et scolaires.","og_url":"https:\/\/teiaeducation.ch\/fr\/produit\/10-miroirs-17-x-12cm-jegro\/","og_site_name":"Sustainable Educational Products &amp; Ecological Toys\u00a0","article_publisher":"https:\/\/www.facebook.com\/teiaeducation\/","article_modified_time":"2023-03-27T07:33:22+00:00","og_image":[{"width":1500,"height":1500,"url":"https:\/\/teiaeducation.ch\/wp-content\/uploads\/2021\/07\/Mirrors-17-x-12cm-\u2013-Jegro.jpeg","type":"image\/jpeg"}],"schema":{"@context":"https:\/\/schema.org","@graph":[{"@type":"WebPage","@id":"https:\/\/teiaeducation.ch\/fr\/produit\/10-miroirs-17-x-12cm-jegro\/","url":"https:\/\/teiaeducation.ch\/fr\/produit\/10-miroirs-17-x-12cm-jegro\/","name":"10 miroirs 17 x 12cm - Jegro - Teia Education & Play","isPartOf":{"@id":"https:\/\/teiaeducation.ch\/fr\/#website"},"primaryImageOfPage":{"@id":"https:\/\/teiaeducation.ch\/fr\/produit\/10-miroirs-17-x-12cm-jegro\/#primaryimage"},"image":{"@id":"https:\/\/teiaeducation.ch\/fr\/produit\/10-miroirs-17-x-12cm-jegro\/#primaryimage"},"thumbnailUrl":"https:\/\/teiaeducation.ch\/wp-content\/uploads\/2021\/07\/Mirrors-17-x-12cm-\u2013-Jegro.jpeg","datePublished":"2021-07-14T13:20:05+00:00","dateModified":"2023-03-27T07:33:22+00:00","description":"Le jeu de 10 miroirs Jegro en plastique mesurant 17 x 12 cm est s\u00fbr pour les enfants et id\u00e9al pour les environnements \u00e9ducatifs et scolaires.","breadcrumb":{"@id":"https:\/\/teiaeducation.ch\/fr\/produit\/10-miroirs-17-x-12cm-jegro\/#breadcrumb"},"inLanguage":"fr-FR","potentialAction":[{"@type":"ReadAction","target":["https:\/\/teiaeducation.ch\/fr\/produit\/10-miroirs-17-x-12cm-jegro\/"]}]},{"@type":"ImageObject","inLanguage":"fr-FR","@id":"https:\/\/teiaeducation.ch\/fr\/produit\/10-miroirs-17-x-12cm-jegro\/#primaryimage","url":"https:\/\/teiaeducation.ch\/wp-content\/uploads\/2021\/07\/Mirrors-17-x-12cm-\u2013-Jegro.jpeg","contentUrl":"https:\/\/teiaeducation.ch\/wp-content\/uploads\/2021\/07\/Mirrors-17-x-12cm-\u2013-Jegro.jpeg","width":1500,"height":1500,"caption":"Miroirs 17 x 12cm \u2013 Jegro"},{"@type":"BreadcrumbList","@id":"https:\/\/teiaeducation.ch\/fr\/produit\/10-miroirs-17-x-12cm-jegro\/#breadcrumb","itemListElement":[{"@type":"ListItem","position":1,"name":"Home","item":"https:\/\/teiaeducation.ch\/fr\/"},{"@type":"ListItem","position":2,"name":"Boutique Teia Education &amp; Play","item":"https:\/\/teiaeducation.ch\/fr\/boutique\/"},{"@type":"ListItem","position":3,"name":"Domaines du Curriculum","item":"https:\/\/teiaeducation.ch\/fr\/categorie-produit\/domaines-du-curriculum\/"},{"@type":"ListItem","position":4,"name":"Math\u00e9matiques &amp; Calcul","item":"https:\/\/teiaeducation.ch\/fr\/categorie-produit\/domaines-du-curriculum\/mathematiques-calcul\/"},{"@type":"ListItem","position":5,"name":"L'orientation Spatiale","item":"https:\/\/teiaeducation.ch\/fr\/categorie-produit\/domaines-du-curriculum\/mathematiques-calcul\/orientation-spatiale-fr\/"},{"@type":"ListItem","position":6,"name":"10 miroirs 17 x 12cm &#8211; Jegro"}]},{"@type":"WebSite","@id":"https:\/\/teiaeducation.ch\/fr\/#website","url":"https:\/\/teiaeducation.ch\/fr\/","name":"Sustainable Educational Products &amp; Ecological Toys\u00a0","description":"Specialised Swiss shop selling sustainable educational toys and games, AMI certified Montessori materials, handmade ecological wooden Waldorf toys and arts &amp; crafts supplies, school supplies, children&#039;s furniture and Montessori reference and parenting books.","publisher":{"@id":"https:\/\/teiaeducation.ch\/fr\/#organization"},"alternateName":"Teia Education & Play","potentialAction":[{"@type":"SearchAction","target":{"@type":"EntryPoint","urlTemplate":"https:\/\/teiaeducation.ch\/fr\/?s={search_term_string}"},"query-input":{"@type":"PropertyValueSpecification","valueRequired":true,"valueName":"search_term_string"}}],"inLanguage":"fr-FR"},{"@type":"Organization","@id":"https:\/\/teiaeducation.ch\/fr\/#organization","name":"Teia Education & Play","url":"https:\/\/teiaeducation.ch\/fr\/","logo":{"@type":"ImageObject","inLanguage":"fr-FR","@id":"https:\/\/teiaeducation.ch\/fr\/#\/schema\/logo\/image\/","url":"https:\/\/teiaeducation.ch\/wp-content\/uploads\/2020\/11\/Teia-Education-Switzerland-e1620156442216.jpg","contentUrl":"https:\/\/teiaeducation.ch\/wp-content\/uploads\/2020\/11\/Teia-Education-Switzerland-e1620156442216.jpg","width":166,"height":145,"caption":"Teia Education & Play"},"image":{"@id":"https:\/\/teiaeducation.ch\/fr\/#\/schema\/logo\/image\/"},"sameAs":["https:\/\/www.facebook.com\/teiaeducation\/","https:\/\/x.com\/EducationTeia","https:\/\/www.instagram.com\/teia.education\/","https:\/\/www.linkedin.com\/company\/35501660","https:\/\/www.pinterest.ch\/TeiaEducation\/"]}]}},"_links":{"self":[{"href":"https:\/\/teiaeducation.ch\/fr\/wp-json\/wp\/v2\/product\/38076","targetHints":{"allow":["GET"]}}],"collection":[{"href":"https:\/\/teiaeducation.ch\/fr\/wp-json\/wp\/v2\/product"}],"about":[{"href":"https:\/\/teiaeducation.ch\/fr\/wp-json\/wp\/v2\/types\/product"}],"replies":[{"embeddable":true,"href":"https:\/\/teiaeducation.ch\/fr\/wp-json\/wp\/v2\/comments?post=38076"}],"wp:featuredmedia":[{"embeddable":true,"href":"https:\/\/teiaeducation.ch\/fr\/wp-json\/wp\/v2\/media\/37617"}],"wp:attachment":[{"href":"https:\/\/teiaeducation.ch\/fr\/wp-json\/wp\/v2\/media?parent=38076"}],"wp:term":[{"taxonomy":"product_brand","embeddable":true,"href":"https:\/\/teiaeducation.ch\/fr\/wp-json\/wp\/v2\/product_brand?post=38076"},{"taxonomy":"product_cat","embeddable":true,"href":"https:\/\/teiaeducation.ch\/fr\/wp-json\/wp\/v2\/product_cat?post=38076"},{"taxonomy":"product_tag","embeddable":true,"href":"https:\/\/teiaeducation.ch\/fr\/wp-json\/wp\/v2\/product_tag?post=38076"}],"curies":[{"name":"wp","href":"https:\/\/api.w.org\/{rel}","templated":true}]}}