{"id":38077,"date":"2021-07-14T14:32:42","date_gmt":"2021-07-14T12:32:42","guid":{"rendered":"https:\/\/teiaeducation.ch\/product\/bloc-en-apercu-jegro\/"},"modified":"2021-12-15T17:06:20","modified_gmt":"2021-12-15T16:06:20","slug":"blocs-en-apercu-jegro","status":"publish","type":"product","link":"https:\/\/teiaeducation.ch\/fr\/produit\/blocs-en-apercu-jegro\/","title":{"rendered":"Blocs en aper\u00e7u &#8211; Jegro"},"content":{"rendered":"<p>Jeu \u00e9ducatif blocs en aper\u00e7u (en bois) &#8211; Jegro<\/p>\n<p>Avec le jeu \u00e9ducatif blocs en aper\u00e7u en bois de Jegro, les enfants peuvent apprendre la perspective, les points de vue, les relations et d\u00e9velopper des comp\u00e9tences de raisonnement spatial d&#8217;une mani\u00e8re pratique, visuelle et concr\u00e8te. Suivez les cartes de mission pour construire des structures dans la bonne perspective et v\u00e9rifiez-les de 3 points de vue diff\u00e9rents.<\/p>\n<p>Ce mat\u00e9riel peut \u00eatre utilis\u00e9 individuellement ou en bin\u00f4me et est id\u00e9al pour d\u00e9velopper les comp\u00e9tences <a href=\"https:\/\/teiaeducation.ch\/fr\/categorie-produit\/domaines-du-curriculum\/mathematiques-calcul\/\">math\u00e9matiques<\/a> et la compr\u00e9hension de la g\u00e9om\u00e9trie et de la perspective.<\/p>\n<p>Le jeu de blocs en aper\u00e7u Jegro contient 12 blocs en bois de 2 tailles diff\u00e9rentes et 12 cartes d&#8217;exercices en plastique avec 23 exercices dans une bo\u00eete en bois avec couvercle transparent de 11,5 x 10,5 cm.<\/p>\n<p>La marque n\u00e9erlandaise Jegro propose des supports p\u00e9dagogiques adapt\u00e9s aux besoins \u00e9ducatifs des enfants \u00e2g\u00e9s de 6 \u00e0 12 ans. Les produits \u00e9ducatifs Jegro permettent d&#8217;appr\u00e9hender les math\u00e9matiques et le langage \u00e0 travers un apprentissage concret, imag\u00e9 et abstrait. Jegro divise l&#8217;apprentissage des math\u00e9matiques en quatre \u00e9tapes : l&#8217;action informelle, la repr\u00e9sentation concr\u00e8te, la repr\u00e9sentation abstraite et l&#8217;action formelle. Le mat\u00e9riel linguistique Jegro d\u00e9veloppe les capacit\u00e9s de communication et \u00e9largit le vocabulaire des enfants.<\/p>\n<p>La marque Jegro a \u00e9t\u00e9 fond\u00e9e en 1913 et les mat\u00e9riels math\u00e9matiques et linguistiques de la marque sont toujours principalement produits \u00e0 Groningue, aux Pays-Bas, par la Noord Nederlandse Stempel- en Leermiddelenfabriek (NNSL).<\/p>\n<p>Jegro blocs en aper\u00e7u convient aux enfants \u00e2g\u00e9s de 7 ans et plus.<\/p>\n<p>Contenu :<\/p>\n<p>12 blocs en bois de 2 tailles diff\u00e9rentes<br \/>\n12 fiches de travail en plastique avec 23 devoirs cartes d&#8217;exercices<br \/>\nUne bo\u00eete en bois avec couvercle transparent (11,5 x 10,5 x 7 cm)<\/p>\n<p><em><span class=\"tlid-translation translation\" lang=\"fr\"><span title=\"\">Nous n'avons actuellement pas cet article en stock, mais il est disponible en pr\u00e9-commande.<\/span> <span class=\"\" title=\"\">Nous commanderons cet article pour vous aupr\u00e8s de notre fournisseur.<\/span> <span class=\"\" title=\"\">Veuillez allouer de 2 \u00e0 3 semaines maximum pour la livraison.<\/span><\/span><\/em><\/p>\n\t<div id=\"gap-3471417\" class=\"gap-element clearfix\" style=\"display:block; height:auto;\">\n\t\t\n<style>\n#gap-3471417 {\n  padding-top: 20px;\n}\n<\/style>\n\t<\/div>\n\t\n","protected":false},"excerpt":{"rendered":"<p>Num\u00e9ro d&#8217;article: 3003145<\/p>\n<p>Le jeu \u00e9ducatif blocs en aper\u00e7u de Jegro est id\u00e9al pour d\u00e9velopper les comp\u00e9tences math\u00e9matiques, la compr\u00e9hension de la g\u00e9om\u00e9trie et de la perspective.<\/p>\n","protected":false},"featured_media":37672,"comment_status":"open","ping_status":"closed","template":"","meta":[],"product_brand":[],"product_cat":[216,283,259,1220,627,289,264,288,7595,217,5851,212],"product_tag":[20461,20463,20460,20464,20462,20459,17259],"class_list":{"0":"post-38077","1":"product","2":"type-product","3":"status-publish","4":"has-post-thumbnail","6":"product_cat-6-12-ans","7":"product_cat-domaines-du-curriculum","8":"product_cat-jegro-fr","9":"product_cat-traditionnelle","10":"product_cat-orientation-spatiale-fr","11":"product_cat-geometrie","12":"product_cat-mathematiques","13":"product_cat-mathematiques-calcul","14":"product_cat-methode-deducation","15":"product_cat-marques","16":"product_cat-nouveautes","17":"product_cat-tranche-dage","18":"product_tag-bloc-jegro-en-apercu","19":"product_tag-geometrie-et-perspective","20":"product_tag-jeux-de-mathematiques","21":"product_tag-jeux-de-raisonnement-spatial","22":"product_tag-materiaux-de-geometrie","23":"product_tag-materiaux-mathematiques-de-jegro","24":"product_tag-materiel-dapprentissage-de-la-geometrie","26":"first","27":"instock","28":"taxable","29":"shipping-taxable","30":"purchasable","31":"product-type-simple"},"yoast_head":"<!-- This site is optimized with the Yoast SEO Premium plugin v25.8 (Yoast SEO v27.4) - https:\/\/yoast.com\/product\/yoast-seo-premium-wordpress\/ -->\n<title>Blocs en aper\u00e7u - Jegro - Teia Education &amp; Play<\/title>\n<meta name=\"description\" content=\"Le jeu \u00e9ducatif blocs en aper\u00e7u en bois de Jegro d\u00e9veloppe les comp\u00e9tences math\u00e9matiques, de la g\u00e9om\u00e9trie et de la perspective.\" \/>\n<meta name=\"robots\" content=\"index, follow, max-snippet:-1, max-image-preview:large, max-video-preview:-1\" \/>\n<link rel=\"canonical\" href=\"https:\/\/teiaeducation.ch\/fr\/produit\/blocs-en-apercu-jegro\/\" \/>\n<meta property=\"og:locale\" content=\"fr_FR\" \/>\n<meta property=\"og:type\" content=\"article\" \/>\n<meta property=\"og:title\" content=\"Blocs en aper\u00e7u - Jegro\" \/>\n<meta property=\"og:description\" content=\"Le jeu \u00e9ducatif blocs en aper\u00e7u en bois de Jegro d\u00e9veloppe les comp\u00e9tences math\u00e9matiques, de la g\u00e9om\u00e9trie et de la perspective.\" \/>\n<meta property=\"og:url\" content=\"https:\/\/teiaeducation.ch\/fr\/produit\/blocs-en-apercu-jegro\/\" \/>\n<meta property=\"og:site_name\" content=\"Sustainable Educational Products &amp; Ecological Toys\u00a0\" \/>\n<meta property=\"article:publisher\" content=\"https:\/\/www.facebook.com\/teiaeducation\/\" \/>\n<meta property=\"article:modified_time\" content=\"2021-12-15T16:06:20+00:00\" \/>\n<meta property=\"og:image\" content=\"https:\/\/teiaeducation.ch\/wp-content\/uploads\/2021\/07\/Block-in-sight-\u2013-Jegro.jpeg\" \/>\n\t<meta property=\"og:image:width\" content=\"1500\" \/>\n\t<meta property=\"og:image:height\" content=\"1500\" \/>\n\t<meta property=\"og:image:type\" content=\"image\/jpeg\" \/>\n<script type=\"application\/ld+json\" class=\"yoast-schema-graph\">{\"@context\":\"https:\\\/\\\/schema.org\",\"@graph\":[{\"@type\":\"WebPage\",\"@id\":\"https:\\\/\\\/teiaeducation.ch\\\/fr\\\/produit\\\/blocs-en-apercu-jegro\\\/\",\"url\":\"https:\\\/\\\/teiaeducation.ch\\\/fr\\\/produit\\\/blocs-en-apercu-jegro\\\/\",\"name\":\"Blocs en aper\u00e7u - Jegro - Teia Education & Play\",\"isPartOf\":{\"@id\":\"https:\\\/\\\/teiaeducation.ch\\\/fr\\\/#website\"},\"primaryImageOfPage\":{\"@id\":\"https:\\\/\\\/teiaeducation.ch\\\/fr\\\/produit\\\/blocs-en-apercu-jegro\\\/#primaryimage\"},\"image\":{\"@id\":\"https:\\\/\\\/teiaeducation.ch\\\/fr\\\/produit\\\/blocs-en-apercu-jegro\\\/#primaryimage\"},\"thumbnailUrl\":\"https:\\\/\\\/teiaeducation.ch\\\/wp-content\\\/uploads\\\/2021\\\/07\\\/Block-in-sight-\u2013-Jegro.jpeg\",\"datePublished\":\"2021-07-14T12:32:42+00:00\",\"dateModified\":\"2021-12-15T16:06:20+00:00\",\"description\":\"Le jeu \u00e9ducatif blocs en aper\u00e7u en bois de Jegro d\u00e9veloppe les comp\u00e9tences math\u00e9matiques, de la g\u00e9om\u00e9trie et de la perspective.\",\"breadcrumb\":{\"@id\":\"https:\\\/\\\/teiaeducation.ch\\\/fr\\\/produit\\\/blocs-en-apercu-jegro\\\/#breadcrumb\"},\"inLanguage\":\"fr-FR\",\"potentialAction\":[{\"@type\":\"ReadAction\",\"target\":[\"https:\\\/\\\/teiaeducation.ch\\\/fr\\\/produit\\\/blocs-en-apercu-jegro\\\/\"]}]},{\"@type\":\"ImageObject\",\"inLanguage\":\"fr-FR\",\"@id\":\"https:\\\/\\\/teiaeducation.ch\\\/fr\\\/produit\\\/blocs-en-apercu-jegro\\\/#primaryimage\",\"url\":\"https:\\\/\\\/teiaeducation.ch\\\/wp-content\\\/uploads\\\/2021\\\/07\\\/Block-in-sight-\u2013-Jegro.jpeg\",\"contentUrl\":\"https:\\\/\\\/teiaeducation.ch\\\/wp-content\\\/uploads\\\/2021\\\/07\\\/Block-in-sight-\u2013-Jegro.jpeg\",\"width\":1500,\"height\":1500,\"caption\":\"Jeu \u00e9ducatif blocs en aper\u00e7u (en bois) - Jegro\"},{\"@type\":\"BreadcrumbList\",\"@id\":\"https:\\\/\\\/teiaeducation.ch\\\/fr\\\/produit\\\/blocs-en-apercu-jegro\\\/#breadcrumb\",\"itemListElement\":[{\"@type\":\"ListItem\",\"position\":1,\"name\":\"Home\",\"item\":\"https:\\\/\\\/teiaeducation.ch\\\/fr\\\/\"},{\"@type\":\"ListItem\",\"position\":2,\"name\":\"Boutique Teia Education &amp; Play\",\"item\":\"https:\\\/\\\/teiaeducation.ch\\\/fr\\\/boutique\\\/\"},{\"@type\":\"ListItem\",\"position\":3,\"name\":\"Nos Marques\",\"item\":\"https:\\\/\\\/teiaeducation.ch\\\/fr\\\/categorie-produit\\\/marques\\\/\"},{\"@type\":\"ListItem\",\"position\":4,\"name\":\"Jegro\",\"item\":\"https:\\\/\\\/teiaeducation.ch\\\/fr\\\/categorie-produit\\\/marques\\\/jegro-fr\\\/\"},{\"@type\":\"ListItem\",\"position\":5,\"name\":\"Math\u00e9matiques\",\"item\":\"https:\\\/\\\/teiaeducation.ch\\\/fr\\\/categorie-produit\\\/marques\\\/jegro-fr\\\/mathematiques\\\/\"},{\"@type\":\"ListItem\",\"position\":6,\"name\":\"Blocs en aper\u00e7u &#8211; Jegro\"}]},{\"@type\":\"WebSite\",\"@id\":\"https:\\\/\\\/teiaeducation.ch\\\/fr\\\/#website\",\"url\":\"https:\\\/\\\/teiaeducation.ch\\\/fr\\\/\",\"name\":\"Sustainable Educational Products &amp; Ecological Toys\u00a0\",\"description\":\"Specialised Swiss shop selling sustainable educational toys and games, AMI certified Montessori materials, handmade ecological wooden Waldorf toys and arts &amp; crafts supplies, school supplies, children&#039;s furniture and Montessori reference and parenting books.\",\"publisher\":{\"@id\":\"https:\\\/\\\/teiaeducation.ch\\\/fr\\\/#organization\"},\"alternateName\":\"Teia Education & Play\",\"potentialAction\":[{\"@type\":\"SearchAction\",\"target\":{\"@type\":\"EntryPoint\",\"urlTemplate\":\"https:\\\/\\\/teiaeducation.ch\\\/fr\\\/?s={search_term_string}\"},\"query-input\":{\"@type\":\"PropertyValueSpecification\",\"valueRequired\":true,\"valueName\":\"search_term_string\"}}],\"inLanguage\":\"fr-FR\"},{\"@type\":\"Organization\",\"@id\":\"https:\\\/\\\/teiaeducation.ch\\\/fr\\\/#organization\",\"name\":\"Teia Education & Play\",\"url\":\"https:\\\/\\\/teiaeducation.ch\\\/fr\\\/\",\"logo\":{\"@type\":\"ImageObject\",\"inLanguage\":\"fr-FR\",\"@id\":\"https:\\\/\\\/teiaeducation.ch\\\/fr\\\/#\\\/schema\\\/logo\\\/image\\\/\",\"url\":\"https:\\\/\\\/teiaeducation.ch\\\/wp-content\\\/uploads\\\/2020\\\/11\\\/Teia-Education-Switzerland-e1620156442216.jpg\",\"contentUrl\":\"https:\\\/\\\/teiaeducation.ch\\\/wp-content\\\/uploads\\\/2020\\\/11\\\/Teia-Education-Switzerland-e1620156442216.jpg\",\"width\":166,\"height\":145,\"caption\":\"Teia Education & Play\"},\"image\":{\"@id\":\"https:\\\/\\\/teiaeducation.ch\\\/fr\\\/#\\\/schema\\\/logo\\\/image\\\/\"},\"sameAs\":[\"https:\\\/\\\/www.facebook.com\\\/teiaeducation\\\/\",\"https:\\\/\\\/x.com\\\/EducationTeia\",\"https:\\\/\\\/www.instagram.com\\\/teia.education\\\/\",\"https:\\\/\\\/www.linkedin.com\\\/company\\\/35501660\",\"https:\\\/\\\/www.pinterest.ch\\\/TeiaEducation\\\/\"]}]}<\/script>\n<meta property=\"product:price:amount\" content=\"58.00\" \/>\n<meta property=\"product:price:currency\" content=\"CHF\" \/>\n<meta property=\"og:availability\" content=\"instock\" \/>\n<meta property=\"product:availability\" content=\"instock\" \/>\n<meta property=\"product:retailer_item_id\" content=\"00000000000000000000000000000000000000000000037670\" \/>\n<meta property=\"product:condition\" content=\"new\" \/>\n<!-- \/ Yoast SEO Premium plugin. -->","yoast_head_json":{"title":"Blocs en aper\u00e7u - Jegro - Teia Education & Play","description":"Le jeu \u00e9ducatif blocs en aper\u00e7u en bois de Jegro d\u00e9veloppe les comp\u00e9tences math\u00e9matiques, de la g\u00e9om\u00e9trie et de la perspective.","robots":{"index":"index","follow":"follow","max-snippet":"max-snippet:-1","max-image-preview":"max-image-preview:large","max-video-preview":"max-video-preview:-1"},"canonical":"https:\/\/teiaeducation.ch\/fr\/produit\/blocs-en-apercu-jegro\/","og_locale":"fr_FR","og_type":"article","og_title":"Blocs en aper\u00e7u - Jegro","og_description":"Le jeu \u00e9ducatif blocs en aper\u00e7u en bois de Jegro d\u00e9veloppe les comp\u00e9tences math\u00e9matiques, de la g\u00e9om\u00e9trie et de la perspective.","og_url":"https:\/\/teiaeducation.ch\/fr\/produit\/blocs-en-apercu-jegro\/","og_site_name":"Sustainable Educational Products &amp; Ecological Toys\u00a0","article_publisher":"https:\/\/www.facebook.com\/teiaeducation\/","article_modified_time":"2021-12-15T16:06:20+00:00","og_image":[{"width":1500,"height":1500,"url":"https:\/\/teiaeducation.ch\/wp-content\/uploads\/2021\/07\/Block-in-sight-\u2013-Jegro.jpeg","type":"image\/jpeg"}],"schema":{"@context":"https:\/\/schema.org","@graph":[{"@type":"WebPage","@id":"https:\/\/teiaeducation.ch\/fr\/produit\/blocs-en-apercu-jegro\/","url":"https:\/\/teiaeducation.ch\/fr\/produit\/blocs-en-apercu-jegro\/","name":"Blocs en aper\u00e7u - Jegro - Teia Education & Play","isPartOf":{"@id":"https:\/\/teiaeducation.ch\/fr\/#website"},"primaryImageOfPage":{"@id":"https:\/\/teiaeducation.ch\/fr\/produit\/blocs-en-apercu-jegro\/#primaryimage"},"image":{"@id":"https:\/\/teiaeducation.ch\/fr\/produit\/blocs-en-apercu-jegro\/#primaryimage"},"thumbnailUrl":"https:\/\/teiaeducation.ch\/wp-content\/uploads\/2021\/07\/Block-in-sight-\u2013-Jegro.jpeg","datePublished":"2021-07-14T12:32:42+00:00","dateModified":"2021-12-15T16:06:20+00:00","description":"Le jeu \u00e9ducatif blocs en aper\u00e7u en bois de Jegro d\u00e9veloppe les comp\u00e9tences math\u00e9matiques, de la g\u00e9om\u00e9trie et de la perspective.","breadcrumb":{"@id":"https:\/\/teiaeducation.ch\/fr\/produit\/blocs-en-apercu-jegro\/#breadcrumb"},"inLanguage":"fr-FR","potentialAction":[{"@type":"ReadAction","target":["https:\/\/teiaeducation.ch\/fr\/produit\/blocs-en-apercu-jegro\/"]}]},{"@type":"ImageObject","inLanguage":"fr-FR","@id":"https:\/\/teiaeducation.ch\/fr\/produit\/blocs-en-apercu-jegro\/#primaryimage","url":"https:\/\/teiaeducation.ch\/wp-content\/uploads\/2021\/07\/Block-in-sight-\u2013-Jegro.jpeg","contentUrl":"https:\/\/teiaeducation.ch\/wp-content\/uploads\/2021\/07\/Block-in-sight-\u2013-Jegro.jpeg","width":1500,"height":1500,"caption":"Jeu \u00e9ducatif blocs en aper\u00e7u (en bois) - Jegro"},{"@type":"BreadcrumbList","@id":"https:\/\/teiaeducation.ch\/fr\/produit\/blocs-en-apercu-jegro\/#breadcrumb","itemListElement":[{"@type":"ListItem","position":1,"name":"Home","item":"https:\/\/teiaeducation.ch\/fr\/"},{"@type":"ListItem","position":2,"name":"Boutique Teia Education &amp; Play","item":"https:\/\/teiaeducation.ch\/fr\/boutique\/"},{"@type":"ListItem","position":3,"name":"Nos Marques","item":"https:\/\/teiaeducation.ch\/fr\/categorie-produit\/marques\/"},{"@type":"ListItem","position":4,"name":"Jegro","item":"https:\/\/teiaeducation.ch\/fr\/categorie-produit\/marques\/jegro-fr\/"},{"@type":"ListItem","position":5,"name":"Math\u00e9matiques","item":"https:\/\/teiaeducation.ch\/fr\/categorie-produit\/marques\/jegro-fr\/mathematiques\/"},{"@type":"ListItem","position":6,"name":"Blocs en aper\u00e7u &#8211; Jegro"}]},{"@type":"WebSite","@id":"https:\/\/teiaeducation.ch\/fr\/#website","url":"https:\/\/teiaeducation.ch\/fr\/","name":"Sustainable Educational Products &amp; Ecological Toys\u00a0","description":"Specialised Swiss shop selling sustainable educational toys and games, AMI certified Montessori materials, handmade ecological wooden Waldorf toys and arts &amp; crafts supplies, school supplies, children&#039;s furniture and Montessori reference and parenting books.","publisher":{"@id":"https:\/\/teiaeducation.ch\/fr\/#organization"},"alternateName":"Teia Education & Play","potentialAction":[{"@type":"SearchAction","target":{"@type":"EntryPoint","urlTemplate":"https:\/\/teiaeducation.ch\/fr\/?s={search_term_string}"},"query-input":{"@type":"PropertyValueSpecification","valueRequired":true,"valueName":"search_term_string"}}],"inLanguage":"fr-FR"},{"@type":"Organization","@id":"https:\/\/teiaeducation.ch\/fr\/#organization","name":"Teia Education & Play","url":"https:\/\/teiaeducation.ch\/fr\/","logo":{"@type":"ImageObject","inLanguage":"fr-FR","@id":"https:\/\/teiaeducation.ch\/fr\/#\/schema\/logo\/image\/","url":"https:\/\/teiaeducation.ch\/wp-content\/uploads\/2020\/11\/Teia-Education-Switzerland-e1620156442216.jpg","contentUrl":"https:\/\/teiaeducation.ch\/wp-content\/uploads\/2020\/11\/Teia-Education-Switzerland-e1620156442216.jpg","width":166,"height":145,"caption":"Teia Education & Play"},"image":{"@id":"https:\/\/teiaeducation.ch\/fr\/#\/schema\/logo\/image\/"},"sameAs":["https:\/\/www.facebook.com\/teiaeducation\/","https:\/\/x.com\/EducationTeia","https:\/\/www.instagram.com\/teia.education\/","https:\/\/www.linkedin.com\/company\/35501660","https:\/\/www.pinterest.ch\/TeiaEducation\/"]}]},"product_price_amount":"58.00","product_price_currency":"CHF","og_availability":"instock","product_availability":"instock","product_retailer_item_id":"00000000000000000000000000000000000000000000037670","product_condition":"new"},"_links":{"self":[{"href":"https:\/\/teiaeducation.ch\/fr\/wp-json\/wp\/v2\/product\/38077","targetHints":{"allow":["GET"]}}],"collection":[{"href":"https:\/\/teiaeducation.ch\/fr\/wp-json\/wp\/v2\/product"}],"about":[{"href":"https:\/\/teiaeducation.ch\/fr\/wp-json\/wp\/v2\/types\/product"}],"replies":[{"embeddable":true,"href":"https:\/\/teiaeducation.ch\/fr\/wp-json\/wp\/v2\/comments?post=38077"}],"wp:featuredmedia":[{"embeddable":true,"href":"https:\/\/teiaeducation.ch\/fr\/wp-json\/wp\/v2\/media\/37672"}],"wp:attachment":[{"href":"https:\/\/teiaeducation.ch\/fr\/wp-json\/wp\/v2\/media?parent=38077"}],"wp:term":[{"taxonomy":"product_brand","embeddable":true,"href":"https:\/\/teiaeducation.ch\/fr\/wp-json\/wp\/v2\/product_brand?post=38077"},{"taxonomy":"product_cat","embeddable":true,"href":"https:\/\/teiaeducation.ch\/fr\/wp-json\/wp\/v2\/product_cat?post=38077"},{"taxonomy":"product_tag","embeddable":true,"href":"https:\/\/teiaeducation.ch\/fr\/wp-json\/wp\/v2\/product_tag?post=38077"}],"curies":[{"name":"wp","href":"https:\/\/api.w.org\/{rel}","templated":true}]}}