{"id":38080,"date":"2021-07-14T14:27:20","date_gmt":"2021-07-14T12:27:20","guid":{"rendered":"https:\/\/teiaeducation.ch\/product\/copain-longueur-jegro\/"},"modified":"2022-06-03T14:24:19","modified_gmt":"2022-06-03T12:24:19","slug":"longueur-copain-jegro","status":"publish","type":"product","link":"https:\/\/teiaeducation.ch\/fr\/produit\/longueur-copain-jegro\/","title":{"rendered":"Copain longueur \u2013 Jegro"},"content":{"rendered":"<p>Jeu \u00e9ducatif copain longueur \u2013 Jegro<\/p>\n<p>Le jeu \u00e9ducatif copain longueur de Jegro aide les enfants \u00e0 s&#8217;entra\u00eener \u00e0 convertir des <a href=\"https:\/\/teiaeducation.ch\/fr\/categorie-produit\/domaines-du-curriculum\/mathematiques-calcul\/mesurer\/\">longueurs<\/a> d&#8217;une mani\u00e8re amusante qui leur permet de se tester et de v\u00e9rifier leurs propres r\u00e9ponses.<\/p>\n<p>Il suffit de placer la carte rouge sur la carte des sommes pour cacher les r\u00e9ponses, puis de retirer la carte rouge pour r\u00e9v\u00e9ler la r\u00e9ponse et voir\u00a0si l&#8217;enfant a trouv\u00e9 la bonne r\u00e9ponse\u00a0!<\/p>\n<p>Ce jeu \u00e9ducatif autocontr\u00f4l\u00e9 de\u00a0Jegro est un excellent moyen d&#8217;exercer les comp\u00e9tences math\u00e9matiques. La gamme &#8220;copains&#8221; comprend l&#8217;addition, la soustraction, la multiplication, la division et la conversion de poids, de volume, de surface et de longueur. Les enfants s&#8217;engagent activement dans l&#8217;apprentissage avec ces mat\u00e9riels d&#8217;apprentissage pratiques, visuels et interactifs.<\/p>\n<p>Le jeu Jegro copain longueur contient 10 cartes en plastique et 4 cartes rouges en plastique transparent dans une bo\u00eete en plastique portable pratique mesurant 8 x 4,5 cm, afin que votre enfant peut travailler partout et en d\u00e9placement !<\/p>\n<p>La marque n\u00e9erlandaise Jegro propose des supports p\u00e9dagogiques adapt\u00e9s aux besoins \u00e9ducatifs des enfants \u00e2g\u00e9s de 6 \u00e0 12 ans. Les produits \u00e9ducatifs Jegro permettent d&#8217;appr\u00e9hender les math\u00e9matiques et le langage \u00e0 travers un apprentissage concret, imag\u00e9 et abstrait. Jegro divise l&#8217;apprentissage des math\u00e9matiques en quatre \u00e9tapes : l&#8217;action informelle, la repr\u00e9sentation concr\u00e8te, la repr\u00e9sentation abstraite et l&#8217;action formelle. Le mat\u00e9riel linguistique Jegro d\u00e9veloppe les capacit\u00e9s de communication et \u00e9largit le vocabulaire des enfants.<\/p>\n<p>La marque Jegro a \u00e9t\u00e9 fond\u00e9e en 1913 et les mat\u00e9riels math\u00e9matiques et linguistiques de la marque sont toujours principalement produits \u00e0 Groningue, aux Pays-Bas, par la Noord Nederlandse Stempel- en Leermiddelenfabriek (NNSL).<\/p>\n<p>Copain longueur Jegros convient aux enfants \u00e2g\u00e9s de 8 ans et plus.<\/p>\n<p>Contenu :<\/p>\n<p>10 cartes en plastique<br \/>\n4 cartes en plastique rouge transparent<br \/>\n1 bo\u00eete en plastique (8 x 4,5 x 2 cm).<\/p>\n","protected":false},"excerpt":{"rendered":"<p>Num\u00e9ro d&#8217;article: 1257003<\/p>\n<p>Le jeu \u00e9ducatif copain longueur de Jegro aide les enfants \u00e0 pratiquer les comp\u00e9tences math\u00e9matiques de conversion de longueurs et de mesures.<\/p>\n","protected":false},"featured_media":37650,"comment_status":"open","ping_status":"closed","template":"","meta":[],"product_brand":[],"product_cat":[216,283,259,1220,264,288,620,7595,217,5851,300,212],"product_tag":[20474,20473,20459,20466,20467],"class_list":{"0":"post-38080","1":"product","2":"type-product","3":"status-publish","4":"has-post-thumbnail","6":"product_cat-6-12-ans","7":"product_cat-domaines-du-curriculum","8":"product_cat-jegro-fr","9":"product_cat-traditionnelle","10":"product_cat-mathematiques","11":"product_cat-mathematiques-calcul","12":"product_cat-mesurer","13":"product_cat-methode-deducation","14":"product_cat-marques","15":"product_cat-nouveautes","16":"product_cat-poids-mesure","17":"product_cat-tranche-dage","18":"product_tag-conversion-de-la-longueur","19":"product_tag-copain-longueur-jegro","20":"product_tag-materiaux-mathematiques-de-jegro","21":"product_tag-materiel-de-mathematiques-jegro","22":"product_tag-poids-et-mesures","24":"first","25":"outofstock","26":"taxable","27":"shipping-taxable","28":"purchasable","29":"product-type-simple"},"yoast_head":"<!-- This site is optimized with the Yoast SEO plugin v27.1.1 - https:\/\/yoast.com\/product\/yoast-seo-wordpress\/ -->\n<title>Copain longueur \u2013 Jegro - Teia Education &amp; Play<\/title>\n<meta name=\"description\" content=\"Le jeu \u00e9ducatif copain longueur de Jegro aide les enfants \u00e0 pratiquer les comp\u00e9tences math\u00e9matiques de conversion de longueurs et de mesures.\" \/>\n<meta name=\"robots\" content=\"index, follow, max-snippet:-1, max-image-preview:large, max-video-preview:-1\" \/>\n<link rel=\"canonical\" href=\"https:\/\/teiaeducation.ch\/fr\/produit\/longueur-copain-jegro\/\" \/>\n<meta property=\"og:locale\" content=\"fr_FR\" \/>\n<meta property=\"og:type\" content=\"article\" \/>\n<meta property=\"og:title\" content=\"Copain longueur \u2013 Jegro - Teia Education &amp; Play\" \/>\n<meta property=\"og:description\" content=\"Le jeu \u00e9ducatif copain longueur de Jegro aide les enfants \u00e0 pratiquer les comp\u00e9tences math\u00e9matiques de conversion de longueurs et de mesures.\" \/>\n<meta property=\"og:url\" content=\"https:\/\/teiaeducation.ch\/fr\/produit\/longueur-copain-jegro\/\" \/>\n<meta property=\"og:site_name\" content=\"Sustainable Educational Products &amp; Ecological Toys\u00a0\" \/>\n<meta property=\"article:publisher\" content=\"https:\/\/www.facebook.com\/teiaeducation\/\" \/>\n<meta property=\"article:modified_time\" content=\"2022-06-03T12:24:19+00:00\" \/>\n<meta property=\"og:image\" content=\"https:\/\/teiaeducation.ch\/wp-content\/uploads\/2021\/07\/Length-buddy-\u2013-Jegro.jpeg\" \/>\n\t<meta property=\"og:image:width\" content=\"1500\" \/>\n\t<meta property=\"og:image:height\" content=\"1500\" \/>\n\t<meta property=\"og:image:type\" content=\"image\/jpeg\" \/>\n<script type=\"application\/ld+json\" class=\"yoast-schema-graph\">{\"@context\":\"https:\/\/schema.org\",\"@graph\":[{\"@type\":\"WebPage\",\"@id\":\"https:\/\/teiaeducation.ch\/fr\/produit\/longueur-copain-jegro\/\",\"url\":\"https:\/\/teiaeducation.ch\/fr\/produit\/longueur-copain-jegro\/\",\"name\":\"Copain longueur \u2013 Jegro - Teia Education & Play\",\"isPartOf\":{\"@id\":\"https:\/\/teiaeducation.ch\/fr\/#website\"},\"primaryImageOfPage\":{\"@id\":\"https:\/\/teiaeducation.ch\/fr\/produit\/longueur-copain-jegro\/#primaryimage\"},\"image\":{\"@id\":\"https:\/\/teiaeducation.ch\/fr\/produit\/longueur-copain-jegro\/#primaryimage\"},\"thumbnailUrl\":\"https:\/\/teiaeducation.ch\/wp-content\/uploads\/2021\/07\/Length-buddy-\u2013-Jegro.jpeg\",\"datePublished\":\"2021-07-14T12:27:20+00:00\",\"dateModified\":\"2022-06-03T12:24:19+00:00\",\"description\":\"Le jeu \u00e9ducatif copain longueur de Jegro aide les enfants \u00e0 pratiquer les comp\u00e9tences math\u00e9matiques de conversion de longueurs et de mesures.\",\"breadcrumb\":{\"@id\":\"https:\/\/teiaeducation.ch\/fr\/produit\/longueur-copain-jegro\/#breadcrumb\"},\"inLanguage\":\"fr-FR\",\"potentialAction\":[{\"@type\":\"ReadAction\",\"target\":[\"https:\/\/teiaeducation.ch\/fr\/produit\/longueur-copain-jegro\/\"]}]},{\"@type\":\"ImageObject\",\"inLanguage\":\"fr-FR\",\"@id\":\"https:\/\/teiaeducation.ch\/fr\/produit\/longueur-copain-jegro\/#primaryimage\",\"url\":\"https:\/\/teiaeducation.ch\/wp-content\/uploads\/2021\/07\/Length-buddy-\u2013-Jegro.jpeg\",\"contentUrl\":\"https:\/\/teiaeducation.ch\/wp-content\/uploads\/2021\/07\/Length-buddy-\u2013-Jegro.jpeg\",\"width\":1500,\"height\":1500,\"caption\":\"Copain longueur \u2013 Jegro\"},{\"@type\":\"BreadcrumbList\",\"@id\":\"https:\/\/teiaeducation.ch\/fr\/produit\/longueur-copain-jegro\/#breadcrumb\",\"itemListElement\":[{\"@type\":\"ListItem\",\"position\":1,\"name\":\"Home\",\"item\":\"https:\/\/teiaeducation.ch\/fr\/\"},{\"@type\":\"ListItem\",\"position\":2,\"name\":\"Boutique Teia Education &amp; Play\",\"item\":\"https:\/\/teiaeducation.ch\/fr\/boutique\/\"},{\"@type\":\"ListItem\",\"position\":3,\"name\":\"Nos Marques\",\"item\":\"https:\/\/teiaeducation.ch\/fr\/categorie-produit\/marques\/\"},{\"@type\":\"ListItem\",\"position\":4,\"name\":\"Jegro\",\"item\":\"https:\/\/teiaeducation.ch\/fr\/categorie-produit\/marques\/jegro-fr\/\"},{\"@type\":\"ListItem\",\"position\":5,\"name\":\"Math\u00e9matiques\",\"item\":\"https:\/\/teiaeducation.ch\/fr\/categorie-produit\/marques\/jegro-fr\/mathematiques\/\"},{\"@type\":\"ListItem\",\"position\":6,\"name\":\"Copain longueur \u2013 Jegro\"}]},{\"@type\":\"WebSite\",\"@id\":\"https:\/\/teiaeducation.ch\/fr\/#website\",\"url\":\"https:\/\/teiaeducation.ch\/fr\/\",\"name\":\"Sustainable Educational Products &amp; Ecological Toys\u00a0\",\"description\":\"Specialised Swiss shop selling sustainable educational toys and games, AMI certified Montessori materials, handmade ecological wooden Waldorf toys and arts &amp; crafts supplies, school supplies, children&#039;s furniture and Montessori reference and parenting books.\",\"publisher\":{\"@id\":\"https:\/\/teiaeducation.ch\/fr\/#organization\"},\"alternateName\":\"Teia Education & Play\",\"potentialAction\":[{\"@type\":\"SearchAction\",\"target\":{\"@type\":\"EntryPoint\",\"urlTemplate\":\"https:\/\/teiaeducation.ch\/fr\/?s={search_term_string}\"},\"query-input\":{\"@type\":\"PropertyValueSpecification\",\"valueRequired\":true,\"valueName\":\"search_term_string\"}}],\"inLanguage\":\"fr-FR\"},{\"@type\":\"Organization\",\"@id\":\"https:\/\/teiaeducation.ch\/fr\/#organization\",\"name\":\"Teia Education & Play\",\"url\":\"https:\/\/teiaeducation.ch\/fr\/\",\"logo\":{\"@type\":\"ImageObject\",\"inLanguage\":\"fr-FR\",\"@id\":\"https:\/\/teiaeducation.ch\/fr\/#\/schema\/logo\/image\/\",\"url\":\"https:\/\/teiaeducation.ch\/wp-content\/uploads\/2020\/11\/Teia-Education-Switzerland-e1620156442216.jpg\",\"contentUrl\":\"https:\/\/teiaeducation.ch\/wp-content\/uploads\/2020\/11\/Teia-Education-Switzerland-e1620156442216.jpg\",\"width\":166,\"height\":145,\"caption\":\"Teia Education & Play\"},\"image\":{\"@id\":\"https:\/\/teiaeducation.ch\/fr\/#\/schema\/logo\/image\/\"},\"sameAs\":[\"https:\/\/www.facebook.com\/teiaeducation\/\",\"https:\/\/x.com\/EducationTeia\",\"https:\/\/www.instagram.com\/teia.education\/\",\"https:\/\/www.linkedin.com\/company\/35501660\",\"https:\/\/www.pinterest.ch\/TeiaEducation\/\"]}]}<\/script>\n<!-- \/ Yoast SEO plugin. -->","yoast_head_json":{"title":"Copain longueur \u2013 Jegro - Teia Education & Play","description":"Le jeu \u00e9ducatif copain longueur de Jegro aide les enfants \u00e0 pratiquer les comp\u00e9tences math\u00e9matiques de conversion de longueurs et de mesures.","robots":{"index":"index","follow":"follow","max-snippet":"max-snippet:-1","max-image-preview":"max-image-preview:large","max-video-preview":"max-video-preview:-1"},"canonical":"https:\/\/teiaeducation.ch\/fr\/produit\/longueur-copain-jegro\/","og_locale":"fr_FR","og_type":"article","og_title":"Copain longueur \u2013 Jegro - Teia Education & Play","og_description":"Le jeu \u00e9ducatif copain longueur de Jegro aide les enfants \u00e0 pratiquer les comp\u00e9tences math\u00e9matiques de conversion de longueurs et de mesures.","og_url":"https:\/\/teiaeducation.ch\/fr\/produit\/longueur-copain-jegro\/","og_site_name":"Sustainable Educational Products &amp; Ecological Toys\u00a0","article_publisher":"https:\/\/www.facebook.com\/teiaeducation\/","article_modified_time":"2022-06-03T12:24:19+00:00","og_image":[{"width":1500,"height":1500,"url":"https:\/\/teiaeducation.ch\/wp-content\/uploads\/2021\/07\/Length-buddy-\u2013-Jegro.jpeg","type":"image\/jpeg"}],"schema":{"@context":"https:\/\/schema.org","@graph":[{"@type":"WebPage","@id":"https:\/\/teiaeducation.ch\/fr\/produit\/longueur-copain-jegro\/","url":"https:\/\/teiaeducation.ch\/fr\/produit\/longueur-copain-jegro\/","name":"Copain longueur \u2013 Jegro - Teia Education & Play","isPartOf":{"@id":"https:\/\/teiaeducation.ch\/fr\/#website"},"primaryImageOfPage":{"@id":"https:\/\/teiaeducation.ch\/fr\/produit\/longueur-copain-jegro\/#primaryimage"},"image":{"@id":"https:\/\/teiaeducation.ch\/fr\/produit\/longueur-copain-jegro\/#primaryimage"},"thumbnailUrl":"https:\/\/teiaeducation.ch\/wp-content\/uploads\/2021\/07\/Length-buddy-\u2013-Jegro.jpeg","datePublished":"2021-07-14T12:27:20+00:00","dateModified":"2022-06-03T12:24:19+00:00","description":"Le jeu \u00e9ducatif copain longueur de Jegro aide les enfants \u00e0 pratiquer les comp\u00e9tences math\u00e9matiques de conversion de longueurs et de mesures.","breadcrumb":{"@id":"https:\/\/teiaeducation.ch\/fr\/produit\/longueur-copain-jegro\/#breadcrumb"},"inLanguage":"fr-FR","potentialAction":[{"@type":"ReadAction","target":["https:\/\/teiaeducation.ch\/fr\/produit\/longueur-copain-jegro\/"]}]},{"@type":"ImageObject","inLanguage":"fr-FR","@id":"https:\/\/teiaeducation.ch\/fr\/produit\/longueur-copain-jegro\/#primaryimage","url":"https:\/\/teiaeducation.ch\/wp-content\/uploads\/2021\/07\/Length-buddy-\u2013-Jegro.jpeg","contentUrl":"https:\/\/teiaeducation.ch\/wp-content\/uploads\/2021\/07\/Length-buddy-\u2013-Jegro.jpeg","width":1500,"height":1500,"caption":"Copain longueur \u2013 Jegro"},{"@type":"BreadcrumbList","@id":"https:\/\/teiaeducation.ch\/fr\/produit\/longueur-copain-jegro\/#breadcrumb","itemListElement":[{"@type":"ListItem","position":1,"name":"Home","item":"https:\/\/teiaeducation.ch\/fr\/"},{"@type":"ListItem","position":2,"name":"Boutique Teia Education &amp; Play","item":"https:\/\/teiaeducation.ch\/fr\/boutique\/"},{"@type":"ListItem","position":3,"name":"Nos Marques","item":"https:\/\/teiaeducation.ch\/fr\/categorie-produit\/marques\/"},{"@type":"ListItem","position":4,"name":"Jegro","item":"https:\/\/teiaeducation.ch\/fr\/categorie-produit\/marques\/jegro-fr\/"},{"@type":"ListItem","position":5,"name":"Math\u00e9matiques","item":"https:\/\/teiaeducation.ch\/fr\/categorie-produit\/marques\/jegro-fr\/mathematiques\/"},{"@type":"ListItem","position":6,"name":"Copain longueur \u2013 Jegro"}]},{"@type":"WebSite","@id":"https:\/\/teiaeducation.ch\/fr\/#website","url":"https:\/\/teiaeducation.ch\/fr\/","name":"Sustainable Educational Products &amp; Ecological Toys\u00a0","description":"Specialised Swiss shop selling sustainable educational toys and games, AMI certified Montessori materials, handmade ecological wooden Waldorf toys and arts &amp; crafts supplies, school supplies, children&#039;s furniture and Montessori reference and parenting books.","publisher":{"@id":"https:\/\/teiaeducation.ch\/fr\/#organization"},"alternateName":"Teia Education & Play","potentialAction":[{"@type":"SearchAction","target":{"@type":"EntryPoint","urlTemplate":"https:\/\/teiaeducation.ch\/fr\/?s={search_term_string}"},"query-input":{"@type":"PropertyValueSpecification","valueRequired":true,"valueName":"search_term_string"}}],"inLanguage":"fr-FR"},{"@type":"Organization","@id":"https:\/\/teiaeducation.ch\/fr\/#organization","name":"Teia Education & Play","url":"https:\/\/teiaeducation.ch\/fr\/","logo":{"@type":"ImageObject","inLanguage":"fr-FR","@id":"https:\/\/teiaeducation.ch\/fr\/#\/schema\/logo\/image\/","url":"https:\/\/teiaeducation.ch\/wp-content\/uploads\/2020\/11\/Teia-Education-Switzerland-e1620156442216.jpg","contentUrl":"https:\/\/teiaeducation.ch\/wp-content\/uploads\/2020\/11\/Teia-Education-Switzerland-e1620156442216.jpg","width":166,"height":145,"caption":"Teia Education & Play"},"image":{"@id":"https:\/\/teiaeducation.ch\/fr\/#\/schema\/logo\/image\/"},"sameAs":["https:\/\/www.facebook.com\/teiaeducation\/","https:\/\/x.com\/EducationTeia","https:\/\/www.instagram.com\/teia.education\/","https:\/\/www.linkedin.com\/company\/35501660","https:\/\/www.pinterest.ch\/TeiaEducation\/"]}]}},"_links":{"self":[{"href":"https:\/\/teiaeducation.ch\/fr\/wp-json\/wp\/v2\/product\/38080","targetHints":{"allow":["GET"]}}],"collection":[{"href":"https:\/\/teiaeducation.ch\/fr\/wp-json\/wp\/v2\/product"}],"about":[{"href":"https:\/\/teiaeducation.ch\/fr\/wp-json\/wp\/v2\/types\/product"}],"replies":[{"embeddable":true,"href":"https:\/\/teiaeducation.ch\/fr\/wp-json\/wp\/v2\/comments?post=38080"}],"wp:featuredmedia":[{"embeddable":true,"href":"https:\/\/teiaeducation.ch\/fr\/wp-json\/wp\/v2\/media\/37650"}],"wp:attachment":[{"href":"https:\/\/teiaeducation.ch\/fr\/wp-json\/wp\/v2\/media?parent=38080"}],"wp:term":[{"taxonomy":"product_brand","embeddable":true,"href":"https:\/\/teiaeducation.ch\/fr\/wp-json\/wp\/v2\/product_brand?post=38080"},{"taxonomy":"product_cat","embeddable":true,"href":"https:\/\/teiaeducation.ch\/fr\/wp-json\/wp\/v2\/product_cat?post=38080"},{"taxonomy":"product_tag","embeddable":true,"href":"https:\/\/teiaeducation.ch\/fr\/wp-json\/wp\/v2\/product_tag?post=38080"}],"curies":[{"name":"wp","href":"https:\/\/api.w.org\/{rel}","templated":true}]}}