{"id":38248,"date":"2020-06-30T20:30:51","date_gmt":"2020-06-30T18:30:51","guid":{"rendered":"https:\/\/teiaeducation.ch\/product\/couverture-en-soie-bebe-verre-de-mer-sarahs-silks\/"},"modified":"2023-08-21T15:08:54","modified_gmt":"2023-08-21T13:08:54","slug":"soie-bebe-couverture-mer-verre-sarahs-silks","status":"publish","type":"product","link":"https:\/\/teiaeducation.ch\/fr\/produit\/soie-bebe-couverture-mer-verre-sarahs-silks\/","title":{"rendered":"Couverture en soie b\u00e9b\u00e9 verre de mer &#8211; Sarah&#8217;s Silks"},"content":{"rendered":"<p>La couverture en soie pour b\u00e9b\u00e9 en verre de mer de Sarah&#8217;s Silks est vraiment magnifique ! Cette luxueuse couverture pour <a href=\"https:\/\/teiaeducation.ch\/fr\/categorie-produit\/guides-cadeaux\/guide-cadeaux-0-12-mois\/\">b\u00e9b\u00e9<\/a> en soie et flanelle peinte \u00e0 la main est un <a href=\"https:\/\/teiaeducation.ch\/fr\/categorie-produit\/guides-cadeaux\/\">cadeau<\/a> tr\u00e8s sp\u00e9cial pour les nouveau-n\u00e9s. Il deviendra certainement leur doudou pr\u00e9f\u00e9r\u00e9 lorsqu&#8217;ils grandiront !<\/p>\n<p>Avec ses 101 x 76 cm, cette couverture pour b\u00e9b\u00e9 en soie et flanelle est la taille parfaite pour les nouveau-n\u00e9s jusqu&#8217;aux tout-petits. La soie est \u00e9galement le tissu id\u00e9al pour les b\u00e9b\u00e9s car elle est l\u00e9g\u00e8re, respirante et merveilleusement chaude. La couverture en soie pour b\u00e9b\u00e9 en variation verre de mer est peinte \u00e0 la main dans les couleurs apaisantes de la mer. Elle fera un beau cadeau qui ravira les nouveaux parents et les b\u00e9b\u00e9s !<\/p>\n<p>Cette couverture en soie pour b\u00e9b\u00e9 est tr\u00e8s tactile et r\u00e9confortante pour les b\u00e9b\u00e9s et les jeunes enfants, car elle nourrit les sens. D&#8217;un c\u00f4t\u00e9, elle est doux comme de la soie et de l&#8217;autre, elle est en flanelle douce et douillette.<\/p>\n<p>La couverture en soie est fabriqu\u00e9e de mani\u00e8re durable \u00e0 partir de soie et de coton naturels et peinte \u00e0 la main \u00e0 l&#8217;aide de teintures non toxiques et \u00e9cologiques. Elle a pass\u00e9 des tests de s\u00e9curit\u00e9 am\u00e9ricains et europ\u00e9ens stricts et peut \u00eatre utilis\u00e9 en toute s\u00e9curit\u00e9 par les b\u00e9b\u00e9s et les enfants de tous \u00e2ges d\u00e8s la naissance.<\/p>\n<p>Contenu :<\/p>\n<p>1 couverture pour b\u00e9b\u00e9 en soie et flanelle (101 x 76 cm)<\/p>\n<h2>Instructions de soins<\/h2>\n<p>Lavez \u00e0 la main avec du savon \u00e0 vaisselle ou un shampooing doux, s\u00e9chez sur la corde et utilisez un fer \u00e0 repasser moyen pour redonner de l&#8217;\u00e9clat &#8211; veuillez vous r\u00e9f\u00e9rer aux <a href=\"https:\/\/www.sarahssilks.com\/blogs\/journal\/how-to-wash-playsilks\">instructions<\/a> \u00e9tape par \u00e9tape de Sarah&#8217;s Silks pour laver votre soie.<\/p>\n<h2>Politique de retour<\/h2>\n<p>Tous les articles retourn\u00e9s doivent \u00eatre dans leur \u00e9tat d&#8217;origine, avec l&#8217;emballage original et les \u00e9tiquettes attach\u00e9es et intactes. Les articles utilis\u00e9s ou lav\u00e9s ne peuvent \u00eatre retourn\u00e9s.<\/p>\n<h2>\u00c0 propos de Sarah&#8217;s Silks<\/h2>\n<p><a href=\"https:\/\/teiaeducation.ch\/fr\/categorie-produit\/marques\/sarahs-silks-fr\/\">Sarah\u2019s Silks<\/a> est une entreprise familiale bas\u00e9e aux \u00c9tats-Unis sp\u00e9cialis\u00e9e dans les jouets d\u2019inspiration <a href=\"https:\/\/teiaeducation.ch\/fr\/categorie-produit\/jouer\/jouets-waldorf\/\">Waldorf<\/a>, <a href=\"https:\/\/teiaeducation.ch\/fr\/categorie-produit\/jouer\/jeu-de-la-nature\/\">naturels<\/a> et durables pour stimuler <a href=\"https:\/\/teiaeducation.ch\/fr\/categorie-produit\/jouer\/jeu-imaginatif-faire-semblant\/\">l\u2019imagination<\/a> des enfants. Leur mission est de fabriquer des <a href=\"https:\/\/teiaeducation.ch\/fr\/categorie-produit\/jouer\/\">jouets durables<\/a> et <a href=\"https:\/\/teiaeducation.ch\/fr\/categorie-produit\/jouer\/jeu-libre\/\">libres<\/a> qui enseignent \u00e0 nos enfants \u00e0 aimer et \u00e0 prendre soin de la Terre M\u00e8re. Les magnifiques soies de jeu, les cotons de jeu, les capes, les robes de f\u00e9es et les banderoles de Sarah&#8217;s Silks sont parfaits pour les jeux libres, les d\u00e9guisements et les jeux dramatiques dans les maisons Waldorf, les garderies et les <a href=\"https:\/\/teiaeducation.ch\/fr\/fournitures-pour-les-ecoles-waldorf-steiner\/\">\u00e9coles Steiner<\/a>.<\/p>\n<p>Tous les v\u00eatements et jouets en soie de Sarah&#8217;s Silks sont fabriqu\u00e9s \u00e0 partir de soie chinoise durable de haute qualit\u00e9. Chaque produit en soie est tiss\u00e9, color\u00e9 et ourl\u00e9 \u00e0 la main par des couturi\u00e8res travaillant de leur maison dans un petit village pr\u00e8s de Suzhou, en Chine. Ils sont ensuite peints et finis \u00e0 la main dans le Sonoma County, en Californie, aux \u00c9tats-Unis.<\/p>\n<p>Les enfants adorent les couleurs vibrantes et magnifiquement m\u00e9lang\u00e9es et la sensation douce et tactile des jouets, des <a href=\"https:\/\/teiaeducation.ch\/fr\/categorie-produit\/jouer\/jouets-en-tissu\/\">tissus<\/a> de jeu en coton et des capes. Ils sont r\u00e9alis\u00e9s \u00e0 l&#8217;aide de teintures non toxiques et \u00e9cologiques et de fibres naturelles allant de la soie v\u00e9ritable \u00e0 100 % ou coton. Ils ont pass\u00e9 des tests de s\u00e9curit\u00e9 am\u00e9ricains et europ\u00e9ens stricts et peuvent \u00eatre utilis\u00e9s par des enfants de tous \u00e2ges.<\/p>\n","protected":false},"excerpt":{"rendered":"<p>Num\u00e9ro d&#8217;article: 35397005<\/p>\n<p>Une magnifique couverture pour b\u00e9b\u00e9 en soie et flanelle de Sarah&#8217;s Silks, peinte \u00e0 la main dans de magnifiques tons de verre de mer !<\/p>\n<p>&nbsp;<\/p>\n","protected":false},"featured_media":33415,"comment_status":"open","ping_status":"closed","template":"","meta":[],"product_brand":[],"product_cat":[25968,208,16898,18893,22344,17243,21257,13130,13137,23021,13139,13140,13142,7595,217,5851,13124,7603,212,1219],"product_tag":[20538,20539,20537,20533,20532,20534,20540,20535,20542,20536,1241,20543,20511,20512,20541,18425,20514,20515],"class_list":{"0":"post-38248","1":"product","2":"type-product","3":"status-publish","4":"has-post-thumbnail","6":"product_cat-0-12-mois-bebe","7":"product_cat-1-3-ans","8":"product_cat-collection-automne","9":"product_cat-collection-printemps","10":"product_cat-collections-saisonnieres","11":"product_cat-guide-cadeaux-0-12-mois","12":"product_cat-guides-cadeaux","13":"product_cat-jouer","14":"product_cat-jouets-en-tissu","15":"product_cat-jouets-waldorf","16":"product_cat-jeu-imaginatif-faire-semblant","17":"product_cat-jeu-libre","18":"product_cat-jeu-sensoriel","19":"product_cat-methode-deducation","20":"product_cat-marques","21":"product_cat-nouveautes","22":"product_cat-sarahs-silks-fr","23":"product_cat-soldes","24":"product_cat-tranche-dage","25":"product_cat-waldorf-fr","26":"product_tag-cadeaux-de-luxe-pour-bebes","27":"product_tag-cadeaux-de-luxe-pour-nouveau-ne","28":"product_tag-cadeaux-pour-bebe-waldorf","29":"product_tag-couverture-bebe-en-soie","30":"product_tag-couverture-bebe-waldorf","31":"product_tag-couverture-de-luxe-pour-bebe","32":"product_tag-couverture-pour-bebe-couleur-verre-de-mer","33":"product_tag-couverture-pour-bebe-en-soie-peinte-a-la-main","34":"product_tag-couverture-pour-bebe-sarahs-silks","35":"product_tag-doublure-waldorf","36":"product_tag-jouets-waldorf","37":"product_tag-sarahs-silks-nouveau-ne","38":"product_tag-sarahs-silks-suisse-fr-2","39":"product_tag-sarahs-silks-suisse-fr-3","40":"product_tag-sarahs-silks-verre-de-mer","41":"product_tag-sarahs-silks-suisse-fr","42":"product_tag-soies-waldorf","43":"product_tag-tissus-de-jeu-waldorf","45":"first","46":"instock","47":"sale","48":"taxable","49":"shipping-taxable","50":"purchasable","51":"product-type-simple"},"yoast_head":"<!-- This site is optimized with the Yoast SEO Premium plugin v25.8 (Yoast SEO v27.4) - https:\/\/yoast.com\/product\/yoast-seo-premium-wordpress\/ -->\n<title>Couverture b\u00e9b\u00e9 en soie verre de mer - Sarah&#039;s Silks<\/title>\n<meta name=\"description\" content=\"Une magnifique couverture pour b\u00e9b\u00e9 en soie et flanelle de Sarah&#039;s Silks, peinte \u00e0 la main dans de magnifiques tons de verre de mer.\" \/>\n<meta name=\"robots\" content=\"index, follow, max-snippet:-1, max-image-preview:large, max-video-preview:-1\" \/>\n<link rel=\"canonical\" href=\"https:\/\/teiaeducation.ch\/fr\/produit\/soie-bebe-couverture-mer-verre-sarahs-silks\/\" \/>\n<meta property=\"og:locale\" content=\"fr_FR\" \/>\n<meta property=\"og:type\" content=\"article\" \/>\n<meta property=\"og:title\" content=\"Couverture en soie b\u00e9b\u00e9 verre de mer - Sarah&#039;s Silks\" \/>\n<meta property=\"og:description\" content=\"Une magnifique couverture pour b\u00e9b\u00e9 en soie et flanelle de Sarah&#039;s Silks, peinte \u00e0 la main dans de magnifiques tons de verre de mer.\" \/>\n<meta property=\"og:url\" content=\"https:\/\/teiaeducation.ch\/fr\/produit\/soie-bebe-couverture-mer-verre-sarahs-silks\/\" \/>\n<meta property=\"og:site_name\" content=\"Sustainable Educational Products &amp; Ecological Toys\u00a0\" \/>\n<meta property=\"article:publisher\" content=\"https:\/\/www.facebook.com\/teiaeducation\/\" \/>\n<meta property=\"article:modified_time\" content=\"2023-08-21T13:08:54+00:00\" \/>\n<meta property=\"og:image\" content=\"https:\/\/teiaeducation.ch\/wp-content\/uploads\/2020\/12\/Silk-baby-blanket-sea-glass-Sarahs-Silks.jpg\" \/>\n\t<meta property=\"og:image:width\" content=\"1080\" \/>\n\t<meta property=\"og:image:height\" content=\"1350\" \/>\n\t<meta property=\"og:image:type\" content=\"image\/jpeg\" \/>\n<script type=\"application\/ld+json\" class=\"yoast-schema-graph\">{\"@context\":\"https:\\\/\\\/schema.org\",\"@graph\":[{\"@type\":\"WebPage\",\"@id\":\"https:\\\/\\\/teiaeducation.ch\\\/fr\\\/produit\\\/soie-bebe-couverture-mer-verre-sarahs-silks\\\/\",\"url\":\"https:\\\/\\\/teiaeducation.ch\\\/fr\\\/produit\\\/soie-bebe-couverture-mer-verre-sarahs-silks\\\/\",\"name\":\"Couverture b\u00e9b\u00e9 en soie verre de mer - Sarah's Silks\",\"isPartOf\":{\"@id\":\"https:\\\/\\\/teiaeducation.ch\\\/fr\\\/#website\"},\"primaryImageOfPage\":{\"@id\":\"https:\\\/\\\/teiaeducation.ch\\\/fr\\\/produit\\\/soie-bebe-couverture-mer-verre-sarahs-silks\\\/#primaryimage\"},\"image\":{\"@id\":\"https:\\\/\\\/teiaeducation.ch\\\/fr\\\/produit\\\/soie-bebe-couverture-mer-verre-sarahs-silks\\\/#primaryimage\"},\"thumbnailUrl\":\"https:\\\/\\\/teiaeducation.ch\\\/wp-content\\\/uploads\\\/2020\\\/12\\\/Silk-baby-blanket-sea-glass-Sarahs-Silks.jpg\",\"datePublished\":\"2020-06-30T18:30:51+00:00\",\"dateModified\":\"2023-08-21T13:08:54+00:00\",\"description\":\"Une magnifique couverture pour b\u00e9b\u00e9 en soie et flanelle de Sarah's Silks, peinte \u00e0 la main dans de magnifiques tons de verre de mer.\",\"breadcrumb\":{\"@id\":\"https:\\\/\\\/teiaeducation.ch\\\/fr\\\/produit\\\/soie-bebe-couverture-mer-verre-sarahs-silks\\\/#breadcrumb\"},\"inLanguage\":\"fr-FR\",\"potentialAction\":[{\"@type\":\"ReadAction\",\"target\":[\"https:\\\/\\\/teiaeducation.ch\\\/fr\\\/produit\\\/soie-bebe-couverture-mer-verre-sarahs-silks\\\/\"]}]},{\"@type\":\"ImageObject\",\"inLanguage\":\"fr-FR\",\"@id\":\"https:\\\/\\\/teiaeducation.ch\\\/fr\\\/produit\\\/soie-bebe-couverture-mer-verre-sarahs-silks\\\/#primaryimage\",\"url\":\"https:\\\/\\\/teiaeducation.ch\\\/wp-content\\\/uploads\\\/2020\\\/12\\\/Silk-baby-blanket-sea-glass-Sarahs-Silks.jpg\",\"contentUrl\":\"https:\\\/\\\/teiaeducation.ch\\\/wp-content\\\/uploads\\\/2020\\\/12\\\/Silk-baby-blanket-sea-glass-Sarahs-Silks.jpg\",\"width\":1080,\"height\":1350,\"caption\":\"Couverture en soie pour b\u00e9b\u00e9, couleur verre de mer - Sarah's Silks\"},{\"@type\":\"BreadcrumbList\",\"@id\":\"https:\\\/\\\/teiaeducation.ch\\\/fr\\\/produit\\\/soie-bebe-couverture-mer-verre-sarahs-silks\\\/#breadcrumb\",\"itemListElement\":[{\"@type\":\"ListItem\",\"position\":1,\"name\":\"Home\",\"item\":\"https:\\\/\\\/teiaeducation.ch\\\/fr\\\/\"},{\"@type\":\"ListItem\",\"position\":2,\"name\":\"Boutique Teia Education &amp; Play\",\"item\":\"https:\\\/\\\/teiaeducation.ch\\\/fr\\\/boutique\\\/\"},{\"@type\":\"ListItem\",\"position\":3,\"name\":\"Tranche d'\u00c2ge\",\"item\":\"https:\\\/\\\/teiaeducation.ch\\\/fr\\\/categorie-produit\\\/tranche-dage\\\/\"},{\"@type\":\"ListItem\",\"position\":4,\"name\":\"0-12 mois B\u00e9b\u00e9\",\"item\":\"https:\\\/\\\/teiaeducation.ch\\\/fr\\\/categorie-produit\\\/tranche-dage\\\/0-12-mois-bebe\\\/\"},{\"@type\":\"ListItem\",\"position\":5,\"name\":\"Couverture en soie b\u00e9b\u00e9 verre de mer &#8211; Sarah&#8217;s Silks\"}]},{\"@type\":\"WebSite\",\"@id\":\"https:\\\/\\\/teiaeducation.ch\\\/fr\\\/#website\",\"url\":\"https:\\\/\\\/teiaeducation.ch\\\/fr\\\/\",\"name\":\"Sustainable Educational Products &amp; Ecological Toys\u00a0\",\"description\":\"Specialised Swiss shop selling sustainable educational toys and games, AMI certified Montessori materials, handmade ecological wooden Waldorf toys and arts &amp; crafts supplies, school supplies, children&#039;s furniture and Montessori reference and parenting books.\",\"publisher\":{\"@id\":\"https:\\\/\\\/teiaeducation.ch\\\/fr\\\/#organization\"},\"alternateName\":\"Teia Education & Play\",\"potentialAction\":[{\"@type\":\"SearchAction\",\"target\":{\"@type\":\"EntryPoint\",\"urlTemplate\":\"https:\\\/\\\/teiaeducation.ch\\\/fr\\\/?s={search_term_string}\"},\"query-input\":{\"@type\":\"PropertyValueSpecification\",\"valueRequired\":true,\"valueName\":\"search_term_string\"}}],\"inLanguage\":\"fr-FR\"},{\"@type\":\"Organization\",\"@id\":\"https:\\\/\\\/teiaeducation.ch\\\/fr\\\/#organization\",\"name\":\"Teia Education & Play\",\"url\":\"https:\\\/\\\/teiaeducation.ch\\\/fr\\\/\",\"logo\":{\"@type\":\"ImageObject\",\"inLanguage\":\"fr-FR\",\"@id\":\"https:\\\/\\\/teiaeducation.ch\\\/fr\\\/#\\\/schema\\\/logo\\\/image\\\/\",\"url\":\"https:\\\/\\\/teiaeducation.ch\\\/wp-content\\\/uploads\\\/2020\\\/11\\\/Teia-Education-Switzerland-e1620156442216.jpg\",\"contentUrl\":\"https:\\\/\\\/teiaeducation.ch\\\/wp-content\\\/uploads\\\/2020\\\/11\\\/Teia-Education-Switzerland-e1620156442216.jpg\",\"width\":166,\"height\":145,\"caption\":\"Teia Education & Play\"},\"image\":{\"@id\":\"https:\\\/\\\/teiaeducation.ch\\\/fr\\\/#\\\/schema\\\/logo\\\/image\\\/\"},\"sameAs\":[\"https:\\\/\\\/www.facebook.com\\\/teiaeducation\\\/\",\"https:\\\/\\\/x.com\\\/EducationTeia\",\"https:\\\/\\\/www.instagram.com\\\/teia.education\\\/\",\"https:\\\/\\\/www.linkedin.com\\\/company\\\/35501660\",\"https:\\\/\\\/www.pinterest.ch\\\/TeiaEducation\\\/\"]}]}<\/script>\n<meta property=\"product:price:amount\" content=\"90.00\" \/>\n<meta property=\"product:price:currency\" content=\"CHF\" \/>\n<meta property=\"og:availability\" content=\"instock\" \/>\n<meta property=\"product:availability\" content=\"instock\" \/>\n<meta property=\"product:retailer_item_id\" content=\"0000000000000000000000000000000000000000000002876817-1\" \/>\n<meta property=\"product:condition\" content=\"new\" \/>\n<!-- \/ Yoast SEO Premium plugin. -->","yoast_head_json":{"title":"Couverture b\u00e9b\u00e9 en soie verre de mer - Sarah's Silks","description":"Une magnifique couverture pour b\u00e9b\u00e9 en soie et flanelle de Sarah's Silks, peinte \u00e0 la main dans de magnifiques tons de verre de mer.","robots":{"index":"index","follow":"follow","max-snippet":"max-snippet:-1","max-image-preview":"max-image-preview:large","max-video-preview":"max-video-preview:-1"},"canonical":"https:\/\/teiaeducation.ch\/fr\/produit\/soie-bebe-couverture-mer-verre-sarahs-silks\/","og_locale":"fr_FR","og_type":"article","og_title":"Couverture en soie b\u00e9b\u00e9 verre de mer - Sarah's Silks","og_description":"Une magnifique couverture pour b\u00e9b\u00e9 en soie et flanelle de Sarah's Silks, peinte \u00e0 la main dans de magnifiques tons de verre de mer.","og_url":"https:\/\/teiaeducation.ch\/fr\/produit\/soie-bebe-couverture-mer-verre-sarahs-silks\/","og_site_name":"Sustainable Educational Products &amp; Ecological Toys\u00a0","article_publisher":"https:\/\/www.facebook.com\/teiaeducation\/","article_modified_time":"2023-08-21T13:08:54+00:00","og_image":[{"width":1080,"height":1350,"url":"https:\/\/teiaeducation.ch\/wp-content\/uploads\/2020\/12\/Silk-baby-blanket-sea-glass-Sarahs-Silks.jpg","type":"image\/jpeg"}],"schema":{"@context":"https:\/\/schema.org","@graph":[{"@type":"WebPage","@id":"https:\/\/teiaeducation.ch\/fr\/produit\/soie-bebe-couverture-mer-verre-sarahs-silks\/","url":"https:\/\/teiaeducation.ch\/fr\/produit\/soie-bebe-couverture-mer-verre-sarahs-silks\/","name":"Couverture b\u00e9b\u00e9 en soie verre de mer - Sarah's Silks","isPartOf":{"@id":"https:\/\/teiaeducation.ch\/fr\/#website"},"primaryImageOfPage":{"@id":"https:\/\/teiaeducation.ch\/fr\/produit\/soie-bebe-couverture-mer-verre-sarahs-silks\/#primaryimage"},"image":{"@id":"https:\/\/teiaeducation.ch\/fr\/produit\/soie-bebe-couverture-mer-verre-sarahs-silks\/#primaryimage"},"thumbnailUrl":"https:\/\/teiaeducation.ch\/wp-content\/uploads\/2020\/12\/Silk-baby-blanket-sea-glass-Sarahs-Silks.jpg","datePublished":"2020-06-30T18:30:51+00:00","dateModified":"2023-08-21T13:08:54+00:00","description":"Une magnifique couverture pour b\u00e9b\u00e9 en soie et flanelle de Sarah's Silks, peinte \u00e0 la main dans de magnifiques tons de verre de mer.","breadcrumb":{"@id":"https:\/\/teiaeducation.ch\/fr\/produit\/soie-bebe-couverture-mer-verre-sarahs-silks\/#breadcrumb"},"inLanguage":"fr-FR","potentialAction":[{"@type":"ReadAction","target":["https:\/\/teiaeducation.ch\/fr\/produit\/soie-bebe-couverture-mer-verre-sarahs-silks\/"]}]},{"@type":"ImageObject","inLanguage":"fr-FR","@id":"https:\/\/teiaeducation.ch\/fr\/produit\/soie-bebe-couverture-mer-verre-sarahs-silks\/#primaryimage","url":"https:\/\/teiaeducation.ch\/wp-content\/uploads\/2020\/12\/Silk-baby-blanket-sea-glass-Sarahs-Silks.jpg","contentUrl":"https:\/\/teiaeducation.ch\/wp-content\/uploads\/2020\/12\/Silk-baby-blanket-sea-glass-Sarahs-Silks.jpg","width":1080,"height":1350,"caption":"Couverture en soie pour b\u00e9b\u00e9, couleur verre de mer - Sarah's Silks"},{"@type":"BreadcrumbList","@id":"https:\/\/teiaeducation.ch\/fr\/produit\/soie-bebe-couverture-mer-verre-sarahs-silks\/#breadcrumb","itemListElement":[{"@type":"ListItem","position":1,"name":"Home","item":"https:\/\/teiaeducation.ch\/fr\/"},{"@type":"ListItem","position":2,"name":"Boutique Teia Education &amp; Play","item":"https:\/\/teiaeducation.ch\/fr\/boutique\/"},{"@type":"ListItem","position":3,"name":"Tranche d'\u00c2ge","item":"https:\/\/teiaeducation.ch\/fr\/categorie-produit\/tranche-dage\/"},{"@type":"ListItem","position":4,"name":"0-12 mois B\u00e9b\u00e9","item":"https:\/\/teiaeducation.ch\/fr\/categorie-produit\/tranche-dage\/0-12-mois-bebe\/"},{"@type":"ListItem","position":5,"name":"Couverture en soie b\u00e9b\u00e9 verre de mer &#8211; Sarah&#8217;s Silks"}]},{"@type":"WebSite","@id":"https:\/\/teiaeducation.ch\/fr\/#website","url":"https:\/\/teiaeducation.ch\/fr\/","name":"Sustainable Educational Products &amp; Ecological Toys\u00a0","description":"Specialised Swiss shop selling sustainable educational toys and games, AMI certified Montessori materials, handmade ecological wooden Waldorf toys and arts &amp; crafts supplies, school supplies, children&#039;s furniture and Montessori reference and parenting books.","publisher":{"@id":"https:\/\/teiaeducation.ch\/fr\/#organization"},"alternateName":"Teia Education & Play","potentialAction":[{"@type":"SearchAction","target":{"@type":"EntryPoint","urlTemplate":"https:\/\/teiaeducation.ch\/fr\/?s={search_term_string}"},"query-input":{"@type":"PropertyValueSpecification","valueRequired":true,"valueName":"search_term_string"}}],"inLanguage":"fr-FR"},{"@type":"Organization","@id":"https:\/\/teiaeducation.ch\/fr\/#organization","name":"Teia Education & Play","url":"https:\/\/teiaeducation.ch\/fr\/","logo":{"@type":"ImageObject","inLanguage":"fr-FR","@id":"https:\/\/teiaeducation.ch\/fr\/#\/schema\/logo\/image\/","url":"https:\/\/teiaeducation.ch\/wp-content\/uploads\/2020\/11\/Teia-Education-Switzerland-e1620156442216.jpg","contentUrl":"https:\/\/teiaeducation.ch\/wp-content\/uploads\/2020\/11\/Teia-Education-Switzerland-e1620156442216.jpg","width":166,"height":145,"caption":"Teia Education & Play"},"image":{"@id":"https:\/\/teiaeducation.ch\/fr\/#\/schema\/logo\/image\/"},"sameAs":["https:\/\/www.facebook.com\/teiaeducation\/","https:\/\/x.com\/EducationTeia","https:\/\/www.instagram.com\/teia.education\/","https:\/\/www.linkedin.com\/company\/35501660","https:\/\/www.pinterest.ch\/TeiaEducation\/"]}]},"product_price_amount":"90.00","product_price_currency":"CHF","og_availability":"instock","product_availability":"instock","product_retailer_item_id":"0000000000000000000000000000000000000000000002876817-1","product_condition":"new"},"_links":{"self":[{"href":"https:\/\/teiaeducation.ch\/fr\/wp-json\/wp\/v2\/product\/38248","targetHints":{"allow":["GET"]}}],"collection":[{"href":"https:\/\/teiaeducation.ch\/fr\/wp-json\/wp\/v2\/product"}],"about":[{"href":"https:\/\/teiaeducation.ch\/fr\/wp-json\/wp\/v2\/types\/product"}],"replies":[{"embeddable":true,"href":"https:\/\/teiaeducation.ch\/fr\/wp-json\/wp\/v2\/comments?post=38248"}],"wp:featuredmedia":[{"embeddable":true,"href":"https:\/\/teiaeducation.ch\/fr\/wp-json\/wp\/v2\/media\/33415"}],"wp:attachment":[{"href":"https:\/\/teiaeducation.ch\/fr\/wp-json\/wp\/v2\/media?parent=38248"}],"wp:term":[{"taxonomy":"product_brand","embeddable":true,"href":"https:\/\/teiaeducation.ch\/fr\/wp-json\/wp\/v2\/product_brand?post=38248"},{"taxonomy":"product_cat","embeddable":true,"href":"https:\/\/teiaeducation.ch\/fr\/wp-json\/wp\/v2\/product_cat?post=38248"},{"taxonomy":"product_tag","embeddable":true,"href":"https:\/\/teiaeducation.ch\/fr\/wp-json\/wp\/v2\/product_tag?post=38248"}],"curies":[{"name":"wp","href":"https:\/\/api.w.org\/{rel}","templated":true}]}}