{"id":38292,"date":"2021-08-08T20:01:23","date_gmt":"2021-08-08T18:01:23","guid":{"rendered":"https:\/\/teiaeducation.ch\/product\/mini-soie-de-jeu-bleu-royal-53-x-53-cm-sarahs-silks\/"},"modified":"2025-11-19T16:24:59","modified_gmt":"2025-11-19T15:24:59","slug":"mini-soie-de-jeu-royal-bleu-53-x-53-cm-sarahs-silks","status":"publish","type":"product","link":"https:\/\/teiaeducation.ch\/fr\/produit\/mini-soie-de-jeu-royal-bleu-53-x-53-cm-sarahs-silks\/","title":{"rendered":"Mini soie de jeu couleur bleu royal 53 x 53 cm &#8211; Sarah&#8217;s Silks"},"content":{"rendered":"<p>Un magnifique mini soie de jeu naturelle d&#8217;inspiration Waldorf dans la colour vibrante bleu royal de Sarah&#8217;s Silks. Mesurant 53 x 53 centim\u00e8tres, cette mini soie de jeu est fabriqu\u00e9e \u00e0 partir de 100 % de soie \u00e9quitable, ourl\u00e9 \u00e0 la main et teint avec une teinture non toxique et \u00e9cologique.<\/p>\n<p>La quintessence du jouet en tissu\u00a0pour le monde de la fantaisie et de l&#8217;imagination <a href=\"https:\/\/teiaeducation.ch\/fr\/categorie-produit\/methode-deducation\/waldorf-fr\/\">Waldorf<\/a>, une mini soie de jeu peut \u00eatre utilis\u00e9e pour se d\u00e9guiser en cape, jupe ou ailes, \u00eatre pli\u00e9e pour former une \u00e9charpe de <a href=\"https:\/\/teiaeducation.ch\/fr\/categorie-produit\/jouer\/poupees-waldorf\/\">poup\u00e9e<\/a>, \u00eatre attach\u00e9e \u00e0 un poteau de fortune pour \u00eatre brandie comme un drapeau, \u00eatre drap\u00e9e sur des chaises pour construire une tente ou un fort, orner une maison de poup\u00e9e comme un tapis ou une couverture ou pour jouer \u00e0 faire coucou.<\/p>\n<p>Les mini soies de jeu Sarah&#8217;s Silks sont disponibles dans une grande vari\u00e9t\u00e9 de couleurs vives et pastel.\u00a0Ils sont polyvalents et, outre le jeu cr\u00e9atif, ils peuvent \u00e9galement \u00eatre utilis\u00e9s pour les <a href=\"https:\/\/teiaeducation.ch\/fr\/categorie-produit\/celebrations-fr\/natur-saisonale-tische\/\">tables de la nature<\/a> Waldorf, pour ajouter de la couleur \u00e0 une table de saison, pour servir de d\u00e9coration aux f\u00eates <a href=\"https:\/\/teiaeducation.ch\/fr\/categorie-produit\/celebrations-fr\/anniversaires\/\">d&#8217;anniversaire<\/a> arc-en-ciel ou pour emballer un <a href=\"https:\/\/teiaeducation.ch\/fr\/categorie-produit\/guides-cadeaux\/\">cadeau<\/a>.<\/p>\n<p>Contenu :<\/p>\n<p>1 mini soie de jeu bleu royal 100% soie (53 x 53 cm)<\/p>\n<h2>Instructions de soins<\/h2>\n<p>Lavez \u00e0 la main avec du savon \u00e0 vaisselle ou un shampooing doux, s\u00e9chez sur la corde et utilisez un fer \u00e0 repasser moyen pour redonner de l&#8217;\u00e9clat &#8211; veuillez vous r\u00e9f\u00e9rer aux <a href=\"https:\/\/www.sarahssilks.com\/blogs\/journal\/how-to-wash-playsilks\">instructions<\/a> \u00e9tape par \u00e9tape de Sarah&#8217;s Silks pour laver votre soie.<\/p>\n<h2>Politique de retour<\/h2>\n<p>Tous les articles retourn\u00e9s doivent \u00eatre dans leur \u00e9tat d&#8217;origine, avec l&#8217;emballage original et les \u00e9tiquettes attach\u00e9es et intactes. Les articles utilis\u00e9s ou lav\u00e9s ne peuvent \u00eatre retourn\u00e9s.<\/p>\n<h2>\u00c0 propos de Sarah&#8217;s Silks<\/h2>\n<p><a href=\"https:\/\/teiaeducation.ch\/fr\/categorie-produit\/marques\/sarahs-silks-fr\/\">Sarah\u2019s Silks<\/a> est une entreprise familiale bas\u00e9e aux \u00c9tats-Unis sp\u00e9cialis\u00e9e dans les jouets d\u2019inspiration <a href=\"https:\/\/teiaeducation.ch\/fr\/categorie-produit\/jouer\/jouets-waldorf\/\">Waldorf<\/a>, <a href=\"https:\/\/teiaeducation.ch\/fr\/categorie-produit\/jouer\/jeu-de-la-nature\/\">naturels<\/a> et durables pour stimuler <a href=\"https:\/\/teiaeducation.ch\/fr\/categorie-produit\/jouer\/jeu-imaginatif-faire-semblant\/\">l\u2019imagination<\/a> des enfants. Leur mission est de fabriquer des <a href=\"https:\/\/teiaeducation.ch\/fr\/categorie-produit\/jouer\/\">jouets durables<\/a> et <a href=\"https:\/\/teiaeducation.ch\/fr\/categorie-produit\/jouer\/jeu-libre\/\">libres<\/a> qui enseignent \u00e0 nos enfants \u00e0 aimer et \u00e0 prendre soin de la Terre M\u00e8re. Les magnifiques soies de jeu, les cotons de jeu, les capes, les robes de f\u00e9es et les banderoles de Sarah&#8217;s Silks sont parfaits pour les jeux libres, les d\u00e9guisements et les jeux dramatiques dans les maisons Waldorf, les garderies et les <a href=\"https:\/\/teiaeducation.ch\/fr\/fournitures-pour-les-ecoles-waldorf-steiner\/\">\u00e9coles Steiner<\/a>.<\/p>\n<p>Tous les v\u00eatements et jouets en soie de Sarah&#8217;s Silks sont fabriqu\u00e9s \u00e0 partir de soie chinoise durable de haute qualit\u00e9. Chaque produit en soie est tiss\u00e9, color\u00e9 et ourl\u00e9 \u00e0 la main par des couturi\u00e8res travaillant de leur maison dans un petit village pr\u00e8s de Suzhou, en Chine. Ils sont ensuite peints et finis \u00e0 la main dans le Sonoma County, en Californie, aux \u00c9tats-Unis.<\/p>\n<p>Les enfants adorent les couleurs vibrantes et magnifiquement m\u00e9lang\u00e9es et la sensation douce et tactile des jouets, des <a href=\"https:\/\/teiaeducation.ch\/fr\/categorie-produit\/jouer\/jouets-en-tissu\/\">tissus<\/a> de jeu en coton et des capes. Ils sont r\u00e9alis\u00e9s \u00e0 l&#8217;aide de teintures non toxiques et \u00e9cologiques et de fibres naturelles allant de la soie v\u00e9ritable \u00e0 100 % ou coton. Ils ont pass\u00e9 des tests de s\u00e9curit\u00e9 am\u00e9ricains et europ\u00e9ens stricts et peuvent \u00eatre utilis\u00e9s par des enfants de tous \u00e2ges.<\/p>\n","protected":false},"excerpt":{"rendered":"<p>Num\u00e9ro d&#8217;article : 35395416<\/p>\n<p>Cette magnifique mini soie de jeu naturelle de couleur bleu royal de Sarah&#8217;s Silks est le jouet par excellence du monde de la fantaisie et du jeu imaginatif Waldorf !<\/p>\n","protected":false},"featured_media":48656,"comment_status":"open","ping_status":"closed","template":"","meta":[],"product_brand":[],"product_cat":[25968,208,215,216,17225,23635,22344,13130,13137,23021,13139,13140,13142,7595,217,5851,13124,29601,212,1219],"product_tag":[7639,1241,20581,20593,20511,20512,18425,20514,20515],"class_list":{"0":"post-38292","1":"product","2":"type-product","3":"status-publish","4":"has-post-thumbnail","6":"product_cat-0-12-mois-bebe","7":"product_cat-1-3-ans","8":"product_cat-3-6-ans","9":"product_cat-6-12-ans","10":"product_cat-celebrations-fr","11":"product_cat-collection-dete","12":"product_cat-collections-saisonnieres","13":"product_cat-jouer","14":"product_cat-jouets-en-tissu","15":"product_cat-jouets-waldorf","16":"product_cat-jeu-imaginatif-faire-semblant","17":"product_cat-jeu-libre","18":"product_cat-jeu-sensoriel","19":"product_cat-methode-deducation","20":"product_cat-marques","21":"product_cat-nouveautes","22":"product_cat-sarahs-silks-fr","23":"product_cat-soies-de-jeu-couleur-unie","24":"product_cat-tranche-dage","25":"product_cat-waldorf-fr","26":"product_tag-heuristique-jouant-du-waldorf","27":"product_tag-jouets-waldorf","28":"product_tag-sarahs-silks-mini-soie-de-jeu","29":"product_tag-sarahs-silks-mini-soie-de-jeu-bleu-royal","30":"product_tag-sarahs-silks-suisse-fr-2","31":"product_tag-sarahs-silks-suisse-fr-3","32":"product_tag-sarahs-silks-suisse-fr","33":"product_tag-soies-waldorf","34":"product_tag-tissus-de-jeu-waldorf","36":"first","37":"instock","38":"taxable","39":"shipping-taxable","40":"purchasable","41":"product-type-simple"},"yoast_head":"<!-- This site is optimized with the Yoast SEO plugin v27.1.1 - https:\/\/yoast.com\/product\/yoast-seo-wordpress\/ -->\n<title>Mini soie de jeu couleur bleu royal 53 x 53 cm - Sarah&#039;s Silks<\/title>\n<meta name=\"description\" content=\"Une magnifique mini soie naturelle d&#039;inspiration Waldorf dans la couleur bleu royal vibrante de Sarah&#039;s Silks - \u00e9quitable et mesurant 53 x 53 cm.\" \/>\n<meta name=\"robots\" content=\"index, follow, max-snippet:-1, max-image-preview:large, max-video-preview:-1\" \/>\n<link rel=\"canonical\" href=\"https:\/\/teiaeducation.ch\/fr\/produit\/mini-soie-de-jeu-royal-bleu-53-x-53-cm-sarahs-silks\/\" \/>\n<meta property=\"og:locale\" content=\"fr_FR\" \/>\n<meta property=\"og:type\" content=\"article\" \/>\n<meta property=\"og:title\" content=\"Mini soie de jeu couleur bleu royal 53 x 53 cm - Sarah&#039;s Silks\" \/>\n<meta property=\"og:description\" content=\"Une magnifique mini soie naturelle d&#039;inspiration Waldorf dans la couleur bleu royal vibrante de Sarah&#039;s Silks - \u00e9quitable et mesurant 53 x 53 cm.\" \/>\n<meta property=\"og:url\" content=\"https:\/\/teiaeducation.ch\/fr\/produit\/mini-soie-de-jeu-royal-bleu-53-x-53-cm-sarahs-silks\/\" \/>\n<meta property=\"og:site_name\" content=\"Sustainable Educational Products &amp; Ecological Toys\u00a0\" \/>\n<meta property=\"article:publisher\" content=\"https:\/\/www.facebook.com\/teiaeducation\/\" \/>\n<meta property=\"article:modified_time\" content=\"2025-11-19T15:24:59+00:00\" \/>\n<meta property=\"og:image\" content=\"https:\/\/teiaeducation.ch\/wp-content\/uploads\/2021\/08\/Sarahs-Silks-Mini-Playsilk-royal-blue-.jpg\" \/>\n\t<meta property=\"og:image:width\" content=\"800\" \/>\n\t<meta property=\"og:image:height\" content=\"1000\" \/>\n\t<meta property=\"og:image:type\" content=\"image\/jpeg\" \/>\n<script type=\"application\/ld+json\" class=\"yoast-schema-graph\">{\"@context\":\"https:\/\/schema.org\",\"@graph\":[{\"@type\":\"WebPage\",\"@id\":\"https:\/\/teiaeducation.ch\/fr\/produit\/mini-soie-de-jeu-royal-bleu-53-x-53-cm-sarahs-silks\/\",\"url\":\"https:\/\/teiaeducation.ch\/fr\/produit\/mini-soie-de-jeu-royal-bleu-53-x-53-cm-sarahs-silks\/\",\"name\":\"Mini soie de jeu couleur bleu royal 53 x 53 cm - Sarah's Silks\",\"isPartOf\":{\"@id\":\"https:\/\/teiaeducation.ch\/fr\/#website\"},\"primaryImageOfPage\":{\"@id\":\"https:\/\/teiaeducation.ch\/fr\/produit\/mini-soie-de-jeu-royal-bleu-53-x-53-cm-sarahs-silks\/#primaryimage\"},\"image\":{\"@id\":\"https:\/\/teiaeducation.ch\/fr\/produit\/mini-soie-de-jeu-royal-bleu-53-x-53-cm-sarahs-silks\/#primaryimage\"},\"thumbnailUrl\":\"https:\/\/teiaeducation.ch\/wp-content\/uploads\/2021\/08\/Sarahs-Silks-Mini-Playsilk-royal-blue-.jpg\",\"datePublished\":\"2021-08-08T18:01:23+00:00\",\"dateModified\":\"2025-11-19T15:24:59+00:00\",\"description\":\"Une magnifique mini soie naturelle d'inspiration Waldorf dans la couleur bleu royal vibrante de Sarah's Silks - \u00e9quitable et mesurant 53 x 53 cm.\",\"breadcrumb\":{\"@id\":\"https:\/\/teiaeducation.ch\/fr\/produit\/mini-soie-de-jeu-royal-bleu-53-x-53-cm-sarahs-silks\/#breadcrumb\"},\"inLanguage\":\"fr-FR\",\"potentialAction\":[{\"@type\":\"ReadAction\",\"target\":[\"https:\/\/teiaeducation.ch\/fr\/produit\/mini-soie-de-jeu-royal-bleu-53-x-53-cm-sarahs-silks\/\"]}]},{\"@type\":\"ImageObject\",\"inLanguage\":\"fr-FR\",\"@id\":\"https:\/\/teiaeducation.ch\/fr\/produit\/mini-soie-de-jeu-royal-bleu-53-x-53-cm-sarahs-silks\/#primaryimage\",\"url\":\"https:\/\/teiaeducation.ch\/wp-content\/uploads\/2021\/08\/Sarahs-Silks-Mini-Playsilk-royal-blue-.jpg\",\"contentUrl\":\"https:\/\/teiaeducation.ch\/wp-content\/uploads\/2021\/08\/Sarahs-Silks-Mini-Playsilk-royal-blue-.jpg\",\"width\":800,\"height\":1000,\"caption\":\"waldorf Mini Playsilk royal blue 53 x 53 cm - Sarah's Silks\"},{\"@type\":\"BreadcrumbList\",\"@id\":\"https:\/\/teiaeducation.ch\/fr\/produit\/mini-soie-de-jeu-royal-bleu-53-x-53-cm-sarahs-silks\/#breadcrumb\",\"itemListElement\":[{\"@type\":\"ListItem\",\"position\":1,\"name\":\"Home\",\"item\":\"https:\/\/teiaeducation.ch\/fr\/\"},{\"@type\":\"ListItem\",\"position\":2,\"name\":\"Boutique Teia Education &amp; Play\",\"item\":\"https:\/\/teiaeducation.ch\/fr\/boutique\/\"},{\"@type\":\"ListItem\",\"position\":3,\"name\":\"Nos Marques\",\"item\":\"https:\/\/teiaeducation.ch\/fr\/categorie-produit\/marques\/\"},{\"@type\":\"ListItem\",\"position\":4,\"name\":\"Sarah's Silks\",\"item\":\"https:\/\/teiaeducation.ch\/fr\/categorie-produit\/marques\/sarahs-silks-fr\/\"},{\"@type\":\"ListItem\",\"position\":5,\"name\":\"Mini soie de jeu couleur bleu royal 53 x 53 cm &#8211; Sarah&#8217;s Silks\"}]},{\"@type\":\"WebSite\",\"@id\":\"https:\/\/teiaeducation.ch\/fr\/#website\",\"url\":\"https:\/\/teiaeducation.ch\/fr\/\",\"name\":\"Sustainable Educational Products &amp; Ecological Toys\u00a0\",\"description\":\"Specialised Swiss shop selling sustainable educational toys and games, AMI certified Montessori materials, handmade ecological wooden Waldorf toys and arts &amp; crafts supplies, school supplies, children&#039;s furniture and Montessori reference and parenting books.\",\"publisher\":{\"@id\":\"https:\/\/teiaeducation.ch\/fr\/#organization\"},\"alternateName\":\"Teia Education & Play\",\"potentialAction\":[{\"@type\":\"SearchAction\",\"target\":{\"@type\":\"EntryPoint\",\"urlTemplate\":\"https:\/\/teiaeducation.ch\/fr\/?s={search_term_string}\"},\"query-input\":{\"@type\":\"PropertyValueSpecification\",\"valueRequired\":true,\"valueName\":\"search_term_string\"}}],\"inLanguage\":\"fr-FR\"},{\"@type\":\"Organization\",\"@id\":\"https:\/\/teiaeducation.ch\/fr\/#organization\",\"name\":\"Teia Education & Play\",\"url\":\"https:\/\/teiaeducation.ch\/fr\/\",\"logo\":{\"@type\":\"ImageObject\",\"inLanguage\":\"fr-FR\",\"@id\":\"https:\/\/teiaeducation.ch\/fr\/#\/schema\/logo\/image\/\",\"url\":\"https:\/\/teiaeducation.ch\/wp-content\/uploads\/2020\/11\/Teia-Education-Switzerland-e1620156442216.jpg\",\"contentUrl\":\"https:\/\/teiaeducation.ch\/wp-content\/uploads\/2020\/11\/Teia-Education-Switzerland-e1620156442216.jpg\",\"width\":166,\"height\":145,\"caption\":\"Teia Education & Play\"},\"image\":{\"@id\":\"https:\/\/teiaeducation.ch\/fr\/#\/schema\/logo\/image\/\"},\"sameAs\":[\"https:\/\/www.facebook.com\/teiaeducation\/\",\"https:\/\/x.com\/EducationTeia\",\"https:\/\/www.instagram.com\/teia.education\/\",\"https:\/\/www.linkedin.com\/company\/35501660\",\"https:\/\/www.pinterest.ch\/TeiaEducation\/\"]}]}<\/script>\n<!-- \/ Yoast SEO plugin. -->","yoast_head_json":{"title":"Mini soie de jeu couleur bleu royal 53 x 53 cm - Sarah's Silks","description":"Une magnifique mini soie naturelle d'inspiration Waldorf dans la couleur bleu royal vibrante de Sarah's Silks - \u00e9quitable et mesurant 53 x 53 cm.","robots":{"index":"index","follow":"follow","max-snippet":"max-snippet:-1","max-image-preview":"max-image-preview:large","max-video-preview":"max-video-preview:-1"},"canonical":"https:\/\/teiaeducation.ch\/fr\/produit\/mini-soie-de-jeu-royal-bleu-53-x-53-cm-sarahs-silks\/","og_locale":"fr_FR","og_type":"article","og_title":"Mini soie de jeu couleur bleu royal 53 x 53 cm - Sarah's Silks","og_description":"Une magnifique mini soie naturelle d'inspiration Waldorf dans la couleur bleu royal vibrante de Sarah's Silks - \u00e9quitable et mesurant 53 x 53 cm.","og_url":"https:\/\/teiaeducation.ch\/fr\/produit\/mini-soie-de-jeu-royal-bleu-53-x-53-cm-sarahs-silks\/","og_site_name":"Sustainable Educational Products &amp; Ecological Toys\u00a0","article_publisher":"https:\/\/www.facebook.com\/teiaeducation\/","article_modified_time":"2025-11-19T15:24:59+00:00","og_image":[{"width":800,"height":1000,"url":"https:\/\/teiaeducation.ch\/wp-content\/uploads\/2021\/08\/Sarahs-Silks-Mini-Playsilk-royal-blue-.jpg","type":"image\/jpeg"}],"schema":{"@context":"https:\/\/schema.org","@graph":[{"@type":"WebPage","@id":"https:\/\/teiaeducation.ch\/fr\/produit\/mini-soie-de-jeu-royal-bleu-53-x-53-cm-sarahs-silks\/","url":"https:\/\/teiaeducation.ch\/fr\/produit\/mini-soie-de-jeu-royal-bleu-53-x-53-cm-sarahs-silks\/","name":"Mini soie de jeu couleur bleu royal 53 x 53 cm - Sarah's Silks","isPartOf":{"@id":"https:\/\/teiaeducation.ch\/fr\/#website"},"primaryImageOfPage":{"@id":"https:\/\/teiaeducation.ch\/fr\/produit\/mini-soie-de-jeu-royal-bleu-53-x-53-cm-sarahs-silks\/#primaryimage"},"image":{"@id":"https:\/\/teiaeducation.ch\/fr\/produit\/mini-soie-de-jeu-royal-bleu-53-x-53-cm-sarahs-silks\/#primaryimage"},"thumbnailUrl":"https:\/\/teiaeducation.ch\/wp-content\/uploads\/2021\/08\/Sarahs-Silks-Mini-Playsilk-royal-blue-.jpg","datePublished":"2021-08-08T18:01:23+00:00","dateModified":"2025-11-19T15:24:59+00:00","description":"Une magnifique mini soie naturelle d'inspiration Waldorf dans la couleur bleu royal vibrante de Sarah's Silks - \u00e9quitable et mesurant 53 x 53 cm.","breadcrumb":{"@id":"https:\/\/teiaeducation.ch\/fr\/produit\/mini-soie-de-jeu-royal-bleu-53-x-53-cm-sarahs-silks\/#breadcrumb"},"inLanguage":"fr-FR","potentialAction":[{"@type":"ReadAction","target":["https:\/\/teiaeducation.ch\/fr\/produit\/mini-soie-de-jeu-royal-bleu-53-x-53-cm-sarahs-silks\/"]}]},{"@type":"ImageObject","inLanguage":"fr-FR","@id":"https:\/\/teiaeducation.ch\/fr\/produit\/mini-soie-de-jeu-royal-bleu-53-x-53-cm-sarahs-silks\/#primaryimage","url":"https:\/\/teiaeducation.ch\/wp-content\/uploads\/2021\/08\/Sarahs-Silks-Mini-Playsilk-royal-blue-.jpg","contentUrl":"https:\/\/teiaeducation.ch\/wp-content\/uploads\/2021\/08\/Sarahs-Silks-Mini-Playsilk-royal-blue-.jpg","width":800,"height":1000,"caption":"waldorf Mini Playsilk royal blue 53 x 53 cm - Sarah's Silks"},{"@type":"BreadcrumbList","@id":"https:\/\/teiaeducation.ch\/fr\/produit\/mini-soie-de-jeu-royal-bleu-53-x-53-cm-sarahs-silks\/#breadcrumb","itemListElement":[{"@type":"ListItem","position":1,"name":"Home","item":"https:\/\/teiaeducation.ch\/fr\/"},{"@type":"ListItem","position":2,"name":"Boutique Teia Education &amp; Play","item":"https:\/\/teiaeducation.ch\/fr\/boutique\/"},{"@type":"ListItem","position":3,"name":"Nos Marques","item":"https:\/\/teiaeducation.ch\/fr\/categorie-produit\/marques\/"},{"@type":"ListItem","position":4,"name":"Sarah's Silks","item":"https:\/\/teiaeducation.ch\/fr\/categorie-produit\/marques\/sarahs-silks-fr\/"},{"@type":"ListItem","position":5,"name":"Mini soie de jeu couleur bleu royal 53 x 53 cm &#8211; Sarah&#8217;s Silks"}]},{"@type":"WebSite","@id":"https:\/\/teiaeducation.ch\/fr\/#website","url":"https:\/\/teiaeducation.ch\/fr\/","name":"Sustainable Educational Products &amp; Ecological Toys\u00a0","description":"Specialised Swiss shop selling sustainable educational toys and games, AMI certified Montessori materials, handmade ecological wooden Waldorf toys and arts &amp; crafts supplies, school supplies, children&#039;s furniture and Montessori reference and parenting books.","publisher":{"@id":"https:\/\/teiaeducation.ch\/fr\/#organization"},"alternateName":"Teia Education & Play","potentialAction":[{"@type":"SearchAction","target":{"@type":"EntryPoint","urlTemplate":"https:\/\/teiaeducation.ch\/fr\/?s={search_term_string}"},"query-input":{"@type":"PropertyValueSpecification","valueRequired":true,"valueName":"search_term_string"}}],"inLanguage":"fr-FR"},{"@type":"Organization","@id":"https:\/\/teiaeducation.ch\/fr\/#organization","name":"Teia Education & Play","url":"https:\/\/teiaeducation.ch\/fr\/","logo":{"@type":"ImageObject","inLanguage":"fr-FR","@id":"https:\/\/teiaeducation.ch\/fr\/#\/schema\/logo\/image\/","url":"https:\/\/teiaeducation.ch\/wp-content\/uploads\/2020\/11\/Teia-Education-Switzerland-e1620156442216.jpg","contentUrl":"https:\/\/teiaeducation.ch\/wp-content\/uploads\/2020\/11\/Teia-Education-Switzerland-e1620156442216.jpg","width":166,"height":145,"caption":"Teia Education & Play"},"image":{"@id":"https:\/\/teiaeducation.ch\/fr\/#\/schema\/logo\/image\/"},"sameAs":["https:\/\/www.facebook.com\/teiaeducation\/","https:\/\/x.com\/EducationTeia","https:\/\/www.instagram.com\/teia.education\/","https:\/\/www.linkedin.com\/company\/35501660","https:\/\/www.pinterest.ch\/TeiaEducation\/"]}]}},"_links":{"self":[{"href":"https:\/\/teiaeducation.ch\/fr\/wp-json\/wp\/v2\/product\/38292","targetHints":{"allow":["GET"]}}],"collection":[{"href":"https:\/\/teiaeducation.ch\/fr\/wp-json\/wp\/v2\/product"}],"about":[{"href":"https:\/\/teiaeducation.ch\/fr\/wp-json\/wp\/v2\/types\/product"}],"replies":[{"embeddable":true,"href":"https:\/\/teiaeducation.ch\/fr\/wp-json\/wp\/v2\/comments?post=38292"}],"wp:featuredmedia":[{"embeddable":true,"href":"https:\/\/teiaeducation.ch\/fr\/wp-json\/wp\/v2\/media\/48656"}],"wp:attachment":[{"href":"https:\/\/teiaeducation.ch\/fr\/wp-json\/wp\/v2\/media?parent=38292"}],"wp:term":[{"taxonomy":"product_brand","embeddable":true,"href":"https:\/\/teiaeducation.ch\/fr\/wp-json\/wp\/v2\/product_brand?post=38292"},{"taxonomy":"product_cat","embeddable":true,"href":"https:\/\/teiaeducation.ch\/fr\/wp-json\/wp\/v2\/product_cat?post=38292"},{"taxonomy":"product_tag","embeddable":true,"href":"https:\/\/teiaeducation.ch\/fr\/wp-json\/wp\/v2\/product_tag?post=38292"}],"curies":[{"name":"wp","href":"https:\/\/api.w.org\/{rel}","templated":true}]}}