{"id":38293,"date":"2021-07-08T14:31:41","date_gmt":"2021-07-08T12:31:41","guid":{"rendered":"https:\/\/teiaeducation.ch\/product\/mandalay-arc-en-ciel-erzi\/"},"modified":"2021-12-16T09:31:36","modified_gmt":"2021-12-16T08:31:36","slug":"mandalay-arc-en-ciel-erzi","status":"publish","type":"product","link":"https:\/\/teiaeducation.ch\/fr\/produit\/mandalay-arc-en-ciel-erzi\/","title":{"rendered":"MandaLay arc-en-ciel &#8211; Erzi"},"content":{"rendered":"<p>MandaLay arc-en-ciel mandalas en bois &#8211; Erzi<\/p>\n<p>MandaLay arc-en-ciel d&#8217;Erzi est un ensemble d&#8217;activit\u00e9s amusante, \u00e9ducative et tr\u00e8s cr\u00e9ative !<\/p>\n<p>Les enfants peuvent cr\u00e9er un nombre infini de magnifiques mandalas avec 102 pi\u00e8ces de diff\u00e9rentes couleurs et <a href=\"https:\/\/teiaeducation.ch\/fr\/categorie-produit\/domaines-du-curriculum\/mathematiques-calcul\/formes\/\">formes<\/a> attrayantes. Encourageant la cr\u00e9ativit\u00e9 et le jeu libre, ainsi que la pose, l&#8217;empilage, le rangement, la combinaison, le comptage, le tri et la motricit\u00e9 fine, les mandalays d&#8217;Erzi sont vraiment de merveilleux outils \u00e9ducatifs polyvalents !<\/p>\n<p>L&#8217;ensemble Erzi MandaLay arc-en-ciel comprend \u00e9galement un beau tapis de jeu color\u00e9 avec un r\u00e9seau de lignes fines pour aider \u00e0 placer uniform\u00e9ment les dessins.<\/p>\n<p>Les pi\u00e8ces du mandala en bois Erzi MandaLay arc-en-ciel sont fabriqu\u00e9es en h\u00eatre massif et finies avec une peinture non toxique \u00e0 base d&#8217;eau. Le tapis de jeu est imprim\u00e9 en couleur et mesure 40 x 40 cm. Ce mat\u00e9riel p\u00e9dagogique en bois de haute qualit\u00e9 est fabriqu\u00e9 de mani\u00e8re durable en Allemagne.<\/p>\n<p>Avertissement : Ne convient pas aux enfants de moins de 36 mois. Risque d&#8217;\u00e9touffement. Petites pi\u00e8ces.<\/p>\n<p>La gamme compl\u00e8te de produits Erzi porte le sceau distinctif de qualit\u00e9 \u00ab made in Germany \u00bb, provenant, comme il le dit, des montagnes de minerai de l\u2019Allemagne.<\/p>\n<p>Erzi utilise du bois d\u2019origine locale certifi\u00e9 et am\u00e9lior\u00e9 par le label Forest Stewardship Council (FSC) pour la cr\u00e9ation de leurs jouets. Toutes les finitions, telles que les peintures \u00e0 base d\u2019eau et les vernis, ne sont pas toxiques et chaque produit Erzi est conforme au plus haut niveau de s\u00e9curit\u00e9 des jouets. Les produits de jeu et d\u2019apprentissage Erzi de haute qualit\u00e9 se distinguent par une grande diversit\u00e9 de formes et de couleurs naturelles et sont durables et \u00e9cologiques.<\/p>\n<p>Erzi MandaLay arc-en-ciel convient aux enfants \u00e2g\u00e9s de 3 ans et plus.<\/p>\n<p>Contenu :<\/p>\n<p>102 pi\u00e8ces pour poser et jouer<br \/>\n1 tapis de jeu imprim\u00e9 en couleur (40 x 40 cm)<br \/>\n1 s\u00e9rie d&#8217;instructions<\/p>\n","protected":false},"excerpt":{"rendered":"<p>Num\u00e9ro d&#8217;article: 42280<\/p>\n<p>MandaLay arc-en-ciel en bois d&#8217;Erzi permet aux enfants de cr\u00e9er de magnifiques mandalas, exprimer la cr\u00e9ativit\u00e9 et am\u00e9liorer la motricit\u00e9 fine.<\/p>\n","protected":false},"featured_media":37749,"comment_status":"open","ping_status":"closed","template":"","meta":[],"product_brand":[],"product_cat":[215,216,635,283,17209,13130,13144,626,23020,1220,289,13140,13142,624,13127,13147,17211,288,7595,217,5851,209,212],"product_tag":[20483,20482,20594,20484,20486,20485,19825,20487],"class_list":{"0":"post-38293","1":"product","2":"type-product","3":"status-publish","4":"has-post-thumbnail","6":"product_cat-3-6-ans","7":"product_cat-6-12-ans","8":"product_cat-competences-motrices","9":"product_cat-domaines-du-curriculum","10":"product_cat-erzi-fr","11":"product_cat-jouer","12":"product_cat-jouets-a-empiler","13":"product_cat-jouets-a-trier","14":"product_cat-jouets-en-bois","15":"product_cat-traditionnelle","16":"product_cat-geometrie","17":"product_cat-jeu-libre","18":"product_cat-jeu-sensoriel","19":"product_cat-formes","20":"product_cat-creativite-beaux-arts-et-bricolage","21":"product_cat-mandalas-en-bois","22":"product_cat-materiel-didactique","23":"product_cat-mathematiques-calcul","24":"product_cat-methode-deducation","25":"product_cat-marques","26":"product_cat-nouveautes","27":"product_cat-sensorielles-motrices","28":"product_cat-tranche-dage","29":"product_tag-erzi-mandalas-fr","30":"product_tag-erzi-mandalay-fr","31":"product_tag-erzi-mandalay-arc-en-ciel","32":"product_tag-jeux-de-mandala","33":"product_tag-jouets-creatifs","34":"product_tag-jouets-creatifs-en-bois","35":"product_tag-mandalas-en-bois","36":"product_tag-set-de-mandala-pour-enfants","38":"first","39":"instock","40":"taxable","41":"shipping-taxable","42":"purchasable","43":"product-type-simple"},"yoast_head":"<!-- This site is optimized with the Yoast SEO Premium plugin v25.8 (Yoast SEO v27.4) - https:\/\/yoast.com\/product\/yoast-seo-premium-wordpress\/ -->\n<title>MandaLay arc-en-ciel - Erzi - Teia Education &amp; Play<\/title>\n<meta name=\"description\" content=\"MandaLay arc-en-ciel en bois d&#039;Erzi permet aux enfants de cr\u00e9er de magnifiques mandalas, exprimer la cr\u00e9ativit\u00e9 et am\u00e9liorer la motricit\u00e9 fine\" \/>\n<meta name=\"robots\" content=\"index, follow, max-snippet:-1, max-image-preview:large, max-video-preview:-1\" \/>\n<link rel=\"canonical\" href=\"https:\/\/teiaeducation.ch\/fr\/produit\/mandalay-arc-en-ciel-erzi\/\" \/>\n<meta property=\"og:locale\" content=\"fr_FR\" \/>\n<meta property=\"og:type\" content=\"article\" \/>\n<meta property=\"og:title\" content=\"MandaLay arc-en-ciel - Erzi\" \/>\n<meta property=\"og:description\" content=\"MandaLay arc-en-ciel en bois d&#039;Erzi permet aux enfants de cr\u00e9er de magnifiques mandalas, exprimer la cr\u00e9ativit\u00e9 et am\u00e9liorer la motricit\u00e9 fine\" \/>\n<meta property=\"og:url\" content=\"https:\/\/teiaeducation.ch\/fr\/produit\/mandalay-arc-en-ciel-erzi\/\" \/>\n<meta property=\"og:site_name\" content=\"Sustainable Educational Products &amp; Ecological Toys\u00a0\" \/>\n<meta property=\"article:publisher\" content=\"https:\/\/www.facebook.com\/teiaeducation\/\" \/>\n<meta property=\"article:modified_time\" content=\"2021-12-16T08:31:36+00:00\" \/>\n<meta property=\"og:image\" content=\"https:\/\/teiaeducation.ch\/wp-content\/uploads\/2021\/07\/MandaLay-rainbow-Erzi-scaled.jpg\" \/>\n\t<meta property=\"og:image:width\" content=\"900\" \/>\n\t<meta property=\"og:image:height\" content=\"900\" \/>\n\t<meta property=\"og:image:type\" content=\"image\/jpeg\" \/>\n<script type=\"application\/ld+json\" class=\"yoast-schema-graph\">{\"@context\":\"https:\\\/\\\/schema.org\",\"@graph\":[{\"@type\":\"WebPage\",\"@id\":\"https:\\\/\\\/teiaeducation.ch\\\/fr\\\/produit\\\/mandalay-arc-en-ciel-erzi\\\/\",\"url\":\"https:\\\/\\\/teiaeducation.ch\\\/fr\\\/produit\\\/mandalay-arc-en-ciel-erzi\\\/\",\"name\":\"MandaLay arc-en-ciel - Erzi - Teia Education & Play\",\"isPartOf\":{\"@id\":\"https:\\\/\\\/teiaeducation.ch\\\/fr\\\/#website\"},\"primaryImageOfPage\":{\"@id\":\"https:\\\/\\\/teiaeducation.ch\\\/fr\\\/produit\\\/mandalay-arc-en-ciel-erzi\\\/#primaryimage\"},\"image\":{\"@id\":\"https:\\\/\\\/teiaeducation.ch\\\/fr\\\/produit\\\/mandalay-arc-en-ciel-erzi\\\/#primaryimage\"},\"thumbnailUrl\":\"https:\\\/\\\/teiaeducation.ch\\\/wp-content\\\/uploads\\\/2021\\\/07\\\/MandaLay-rainbow-Erzi-scaled.jpg\",\"datePublished\":\"2021-07-08T12:31:41+00:00\",\"dateModified\":\"2021-12-16T08:31:36+00:00\",\"description\":\"MandaLay arc-en-ciel en bois d'Erzi permet aux enfants de cr\u00e9er de magnifiques mandalas, exprimer la cr\u00e9ativit\u00e9 et am\u00e9liorer la motricit\u00e9 fine\",\"breadcrumb\":{\"@id\":\"https:\\\/\\\/teiaeducation.ch\\\/fr\\\/produit\\\/mandalay-arc-en-ciel-erzi\\\/#breadcrumb\"},\"inLanguage\":\"fr-FR\",\"potentialAction\":[{\"@type\":\"ReadAction\",\"target\":[\"https:\\\/\\\/teiaeducation.ch\\\/fr\\\/produit\\\/mandalay-arc-en-ciel-erzi\\\/\"]}]},{\"@type\":\"ImageObject\",\"inLanguage\":\"fr-FR\",\"@id\":\"https:\\\/\\\/teiaeducation.ch\\\/fr\\\/produit\\\/mandalay-arc-en-ciel-erzi\\\/#primaryimage\",\"url\":\"https:\\\/\\\/teiaeducation.ch\\\/wp-content\\\/uploads\\\/2021\\\/07\\\/MandaLay-rainbow-Erzi-scaled.jpg\",\"contentUrl\":\"https:\\\/\\\/teiaeducation.ch\\\/wp-content\\\/uploads\\\/2021\\\/07\\\/MandaLay-rainbow-Erzi-scaled.jpg\",\"width\":900,\"height\":900,\"caption\":\"MandaLay arc-en-ciel - Erzi\"},{\"@type\":\"BreadcrumbList\",\"@id\":\"https:\\\/\\\/teiaeducation.ch\\\/fr\\\/produit\\\/mandalay-arc-en-ciel-erzi\\\/#breadcrumb\",\"itemListElement\":[{\"@type\":\"ListItem\",\"position\":1,\"name\":\"Home\",\"item\":\"https:\\\/\\\/teiaeducation.ch\\\/fr\\\/\"},{\"@type\":\"ListItem\",\"position\":2,\"name\":\"Boutique Teia Education &amp; Play\",\"item\":\"https:\\\/\\\/teiaeducation.ch\\\/fr\\\/boutique\\\/\"},{\"@type\":\"ListItem\",\"position\":3,\"name\":\"Nos Marques\",\"item\":\"https:\\\/\\\/teiaeducation.ch\\\/fr\\\/categorie-produit\\\/marques\\\/\"},{\"@type\":\"ListItem\",\"position\":4,\"name\":\"Erzi\",\"item\":\"https:\\\/\\\/teiaeducation.ch\\\/fr\\\/categorie-produit\\\/marques\\\/erzi-fr\\\/\"},{\"@type\":\"ListItem\",\"position\":5,\"name\":\"Mat\u00e9riel Didactique\",\"item\":\"https:\\\/\\\/teiaeducation.ch\\\/fr\\\/categorie-produit\\\/marques\\\/erzi-fr\\\/materiel-didactique\\\/\"},{\"@type\":\"ListItem\",\"position\":6,\"name\":\"MandaLay arc-en-ciel &#8211; Erzi\"}]},{\"@type\":\"WebSite\",\"@id\":\"https:\\\/\\\/teiaeducation.ch\\\/fr\\\/#website\",\"url\":\"https:\\\/\\\/teiaeducation.ch\\\/fr\\\/\",\"name\":\"Sustainable Educational Products &amp; Ecological Toys\u00a0\",\"description\":\"Specialised Swiss shop selling sustainable educational toys and games, AMI certified Montessori materials, handmade ecological wooden Waldorf toys and arts &amp; crafts supplies, school supplies, children&#039;s furniture and Montessori reference and parenting books.\",\"publisher\":{\"@id\":\"https:\\\/\\\/teiaeducation.ch\\\/fr\\\/#organization\"},\"alternateName\":\"Teia Education & Play\",\"potentialAction\":[{\"@type\":\"SearchAction\",\"target\":{\"@type\":\"EntryPoint\",\"urlTemplate\":\"https:\\\/\\\/teiaeducation.ch\\\/fr\\\/?s={search_term_string}\"},\"query-input\":{\"@type\":\"PropertyValueSpecification\",\"valueRequired\":true,\"valueName\":\"search_term_string\"}}],\"inLanguage\":\"fr-FR\"},{\"@type\":\"Organization\",\"@id\":\"https:\\\/\\\/teiaeducation.ch\\\/fr\\\/#organization\",\"name\":\"Teia Education & Play\",\"url\":\"https:\\\/\\\/teiaeducation.ch\\\/fr\\\/\",\"logo\":{\"@type\":\"ImageObject\",\"inLanguage\":\"fr-FR\",\"@id\":\"https:\\\/\\\/teiaeducation.ch\\\/fr\\\/#\\\/schema\\\/logo\\\/image\\\/\",\"url\":\"https:\\\/\\\/teiaeducation.ch\\\/wp-content\\\/uploads\\\/2020\\\/11\\\/Teia-Education-Switzerland-e1620156442216.jpg\",\"contentUrl\":\"https:\\\/\\\/teiaeducation.ch\\\/wp-content\\\/uploads\\\/2020\\\/11\\\/Teia-Education-Switzerland-e1620156442216.jpg\",\"width\":166,\"height\":145,\"caption\":\"Teia Education & Play\"},\"image\":{\"@id\":\"https:\\\/\\\/teiaeducation.ch\\\/fr\\\/#\\\/schema\\\/logo\\\/image\\\/\"},\"sameAs\":[\"https:\\\/\\\/www.facebook.com\\\/teiaeducation\\\/\",\"https:\\\/\\\/x.com\\\/EducationTeia\",\"https:\\\/\\\/www.instagram.com\\\/teia.education\\\/\",\"https:\\\/\\\/www.linkedin.com\\\/company\\\/35501660\",\"https:\\\/\\\/www.pinterest.ch\\\/TeiaEducation\\\/\"]}]}<\/script>\n<meta property=\"product:price:amount\" content=\"48.50\" \/>\n<meta property=\"product:price:currency\" content=\"CHF\" \/>\n<meta property=\"og:availability\" content=\"instock\" \/>\n<meta property=\"product:availability\" content=\"instock\" \/>\n<meta property=\"product:retailer_item_id\" content=\"00000000000000000000000000000000000000000000037743\" \/>\n<meta property=\"product:condition\" content=\"new\" \/>\n<!-- \/ Yoast SEO Premium plugin. -->","yoast_head_json":{"title":"MandaLay arc-en-ciel - Erzi - Teia Education & Play","description":"MandaLay arc-en-ciel en bois d'Erzi permet aux enfants de cr\u00e9er de magnifiques mandalas, exprimer la cr\u00e9ativit\u00e9 et am\u00e9liorer la motricit\u00e9 fine","robots":{"index":"index","follow":"follow","max-snippet":"max-snippet:-1","max-image-preview":"max-image-preview:large","max-video-preview":"max-video-preview:-1"},"canonical":"https:\/\/teiaeducation.ch\/fr\/produit\/mandalay-arc-en-ciel-erzi\/","og_locale":"fr_FR","og_type":"article","og_title":"MandaLay arc-en-ciel - Erzi","og_description":"MandaLay arc-en-ciel en bois d'Erzi permet aux enfants de cr\u00e9er de magnifiques mandalas, exprimer la cr\u00e9ativit\u00e9 et am\u00e9liorer la motricit\u00e9 fine","og_url":"https:\/\/teiaeducation.ch\/fr\/produit\/mandalay-arc-en-ciel-erzi\/","og_site_name":"Sustainable Educational Products &amp; Ecological Toys\u00a0","article_publisher":"https:\/\/www.facebook.com\/teiaeducation\/","article_modified_time":"2021-12-16T08:31:36+00:00","og_image":[{"width":900,"height":900,"url":"https:\/\/teiaeducation.ch\/wp-content\/uploads\/2021\/07\/MandaLay-rainbow-Erzi-scaled.jpg","type":"image\/jpeg"}],"schema":{"@context":"https:\/\/schema.org","@graph":[{"@type":"WebPage","@id":"https:\/\/teiaeducation.ch\/fr\/produit\/mandalay-arc-en-ciel-erzi\/","url":"https:\/\/teiaeducation.ch\/fr\/produit\/mandalay-arc-en-ciel-erzi\/","name":"MandaLay arc-en-ciel - Erzi - Teia Education & Play","isPartOf":{"@id":"https:\/\/teiaeducation.ch\/fr\/#website"},"primaryImageOfPage":{"@id":"https:\/\/teiaeducation.ch\/fr\/produit\/mandalay-arc-en-ciel-erzi\/#primaryimage"},"image":{"@id":"https:\/\/teiaeducation.ch\/fr\/produit\/mandalay-arc-en-ciel-erzi\/#primaryimage"},"thumbnailUrl":"https:\/\/teiaeducation.ch\/wp-content\/uploads\/2021\/07\/MandaLay-rainbow-Erzi-scaled.jpg","datePublished":"2021-07-08T12:31:41+00:00","dateModified":"2021-12-16T08:31:36+00:00","description":"MandaLay arc-en-ciel en bois d'Erzi permet aux enfants de cr\u00e9er de magnifiques mandalas, exprimer la cr\u00e9ativit\u00e9 et am\u00e9liorer la motricit\u00e9 fine","breadcrumb":{"@id":"https:\/\/teiaeducation.ch\/fr\/produit\/mandalay-arc-en-ciel-erzi\/#breadcrumb"},"inLanguage":"fr-FR","potentialAction":[{"@type":"ReadAction","target":["https:\/\/teiaeducation.ch\/fr\/produit\/mandalay-arc-en-ciel-erzi\/"]}]},{"@type":"ImageObject","inLanguage":"fr-FR","@id":"https:\/\/teiaeducation.ch\/fr\/produit\/mandalay-arc-en-ciel-erzi\/#primaryimage","url":"https:\/\/teiaeducation.ch\/wp-content\/uploads\/2021\/07\/MandaLay-rainbow-Erzi-scaled.jpg","contentUrl":"https:\/\/teiaeducation.ch\/wp-content\/uploads\/2021\/07\/MandaLay-rainbow-Erzi-scaled.jpg","width":900,"height":900,"caption":"MandaLay arc-en-ciel - Erzi"},{"@type":"BreadcrumbList","@id":"https:\/\/teiaeducation.ch\/fr\/produit\/mandalay-arc-en-ciel-erzi\/#breadcrumb","itemListElement":[{"@type":"ListItem","position":1,"name":"Home","item":"https:\/\/teiaeducation.ch\/fr\/"},{"@type":"ListItem","position":2,"name":"Boutique Teia Education &amp; Play","item":"https:\/\/teiaeducation.ch\/fr\/boutique\/"},{"@type":"ListItem","position":3,"name":"Nos Marques","item":"https:\/\/teiaeducation.ch\/fr\/categorie-produit\/marques\/"},{"@type":"ListItem","position":4,"name":"Erzi","item":"https:\/\/teiaeducation.ch\/fr\/categorie-produit\/marques\/erzi-fr\/"},{"@type":"ListItem","position":5,"name":"Mat\u00e9riel Didactique","item":"https:\/\/teiaeducation.ch\/fr\/categorie-produit\/marques\/erzi-fr\/materiel-didactique\/"},{"@type":"ListItem","position":6,"name":"MandaLay arc-en-ciel &#8211; Erzi"}]},{"@type":"WebSite","@id":"https:\/\/teiaeducation.ch\/fr\/#website","url":"https:\/\/teiaeducation.ch\/fr\/","name":"Sustainable Educational Products &amp; Ecological Toys\u00a0","description":"Specialised Swiss shop selling sustainable educational toys and games, AMI certified Montessori materials, handmade ecological wooden Waldorf toys and arts &amp; crafts supplies, school supplies, children&#039;s furniture and Montessori reference and parenting books.","publisher":{"@id":"https:\/\/teiaeducation.ch\/fr\/#organization"},"alternateName":"Teia Education & Play","potentialAction":[{"@type":"SearchAction","target":{"@type":"EntryPoint","urlTemplate":"https:\/\/teiaeducation.ch\/fr\/?s={search_term_string}"},"query-input":{"@type":"PropertyValueSpecification","valueRequired":true,"valueName":"search_term_string"}}],"inLanguage":"fr-FR"},{"@type":"Organization","@id":"https:\/\/teiaeducation.ch\/fr\/#organization","name":"Teia Education & Play","url":"https:\/\/teiaeducation.ch\/fr\/","logo":{"@type":"ImageObject","inLanguage":"fr-FR","@id":"https:\/\/teiaeducation.ch\/fr\/#\/schema\/logo\/image\/","url":"https:\/\/teiaeducation.ch\/wp-content\/uploads\/2020\/11\/Teia-Education-Switzerland-e1620156442216.jpg","contentUrl":"https:\/\/teiaeducation.ch\/wp-content\/uploads\/2020\/11\/Teia-Education-Switzerland-e1620156442216.jpg","width":166,"height":145,"caption":"Teia Education & Play"},"image":{"@id":"https:\/\/teiaeducation.ch\/fr\/#\/schema\/logo\/image\/"},"sameAs":["https:\/\/www.facebook.com\/teiaeducation\/","https:\/\/x.com\/EducationTeia","https:\/\/www.instagram.com\/teia.education\/","https:\/\/www.linkedin.com\/company\/35501660","https:\/\/www.pinterest.ch\/TeiaEducation\/"]}]},"product_price_amount":"48.50","product_price_currency":"CHF","og_availability":"instock","product_availability":"instock","product_retailer_item_id":"00000000000000000000000000000000000000000000037743","product_condition":"new"},"_links":{"self":[{"href":"https:\/\/teiaeducation.ch\/fr\/wp-json\/wp\/v2\/product\/38293","targetHints":{"allow":["GET"]}}],"collection":[{"href":"https:\/\/teiaeducation.ch\/fr\/wp-json\/wp\/v2\/product"}],"about":[{"href":"https:\/\/teiaeducation.ch\/fr\/wp-json\/wp\/v2\/types\/product"}],"replies":[{"embeddable":true,"href":"https:\/\/teiaeducation.ch\/fr\/wp-json\/wp\/v2\/comments?post=38293"}],"wp:featuredmedia":[{"embeddable":true,"href":"https:\/\/teiaeducation.ch\/fr\/wp-json\/wp\/v2\/media\/37749"}],"wp:attachment":[{"href":"https:\/\/teiaeducation.ch\/fr\/wp-json\/wp\/v2\/media?parent=38293"}],"wp:term":[{"taxonomy":"product_brand","embeddable":true,"href":"https:\/\/teiaeducation.ch\/fr\/wp-json\/wp\/v2\/product_brand?post=38293"},{"taxonomy":"product_cat","embeddable":true,"href":"https:\/\/teiaeducation.ch\/fr\/wp-json\/wp\/v2\/product_cat?post=38293"},{"taxonomy":"product_tag","embeddable":true,"href":"https:\/\/teiaeducation.ch\/fr\/wp-json\/wp\/v2\/product_tag?post=38293"}],"curies":[{"name":"wp","href":"https:\/\/api.w.org\/{rel}","templated":true}]}}