{"id":38327,"date":"2020-10-09T17:13:50","date_gmt":"2020-10-09T15:13:50","guid":{"rendered":"https:\/\/teiaeducation.ch\/product\/anneau-de-dentition-naturel-trefle-lanco\/"},"modified":"2021-09-07T17:33:36","modified_gmt":"2021-09-07T15:33:36","slug":"anneau-dentition-naturel-trefle-lanco","status":"publish","type":"product","link":"https:\/\/teiaeducation.ch\/fr\/produit\/anneau-dentition-naturel-trefle-lanco\/","title":{"rendered":"Anneau de dentition naturel tr\u00e8fle &#8211; Lanco"},"content":{"rendered":"<p>Anneau de dentition naturel tr\u00e8fle \/ Jouet b\u00e9b\u00e9 organique &#8211; Lanco<\/p>\n<p>Ce bel anneau de dentition naturel en forme d&#8217;un tr\u00e8fle de Lanco est fabriqu\u00e9e \u00e0 la main en Espagne \u00e0 partir de caoutchouc naturel de s\u00e8ve blanche de l\u2019arbre Hevea Brasiliensis 100% organique. Parfait pour apaiser les gencives, ce jouet organique pour b\u00e9b\u00e9, sans toxines, est s\u00fbr pour la bouche, la mastication et la morsure d\u00e8s la naissance, apportant le soulagement aux dents des b\u00e9b\u00e9s et la tranquillit\u00e9 d\u2019esprit aux parents.<\/p>\n<p>Inspir\u00e9 par la nature avec de belles lignes textur\u00e9es, des d\u00e9tails de tige et de feuilles dans une nuance attrayante de vert, le <a href=\"https:\/\/teiaeducation.ch\/product-category\/play\/teething-toys\/\">jouet de dentition<\/a> en forme de tr\u00e8fle a \u00e9t\u00e9 moul\u00e9 et peint \u00e0 la main avec des colorants non-toxiques de qualit\u00e9 alimentaire.<span class=\"Apple-converted-space\"> <\/span><\/p>\n<p>Doux et tactile, ce jouet est facile \u00e0 manipuler m\u00eame pour les plus petites mains et mesure 10 x 9.5cm. Ce jouet de dentition est con\u00e7u pour favoriser le d\u00e9veloppement sensoriel de votre b\u00e9b\u00e9 en stimulant les sens de la vue, du toucher, de l\u2019odorat et du go\u00fbt.<\/p>\n<p>Enti\u00e8rement moul\u00e9, cet anneau de dentition peut simplement \u00eatre nettoy\u00e9 avec de l\u2019eau savonneuse et un chiffon humide. Il est herm\u00e9tiquement scell\u00e9 pour emp\u00eacher la formation de moisissure \u00e0 l\u2019int\u00e9rieur du jouet. Comme il est fabriqu\u00e9 \u00e0 partir de caoutchouc naturel, il ne doit pas \u00eatre st\u00e9rilis\u00e9 ou laiss\u00e9 en plein soleil pendant de longues p\u00e9riodes.<span class=\"Apple-converted-space\"> <\/span><\/p>\n<p>Comme pour tous les jouets de dentition pour b\u00e9b\u00e9s, la surveillance des adultes est recommand\u00e9e en tout temps.<\/p>\n<p>Naturellement sans PVC, BPA, Nitrosamines et phtalates, l&#8217;anneau de dentition Lanco en forme d&#8217;un tr\u00e8fle est conforme aux exigences de s\u00e9curit\u00e9 de l\u2019UE en 71\/1\/2\/3.<\/p>\n<p>La marque espagnole Lanco fabrique \u00e0 la main des jouets en caoutchouc naturel depuis 1952. Entreprise durable, respectueuse de l\u2019environnement et socialement consciente depuis le d\u00e9but, cette entreprise familiale bas\u00e9e \u00e0 Barcelone a \u00e9t\u00e9 le premier fabricant europ\u00e9en de jouets en caoutchouc naturel.<\/p>\n<p>Contenu :<\/p>\n<p>1 anneau de dentition fabriqu\u00e9 en caoutchouc naturel 100% organique<\/p>\n","protected":false},"excerpt":{"rendered":"<p>Num\u00e9ro d&#8217;article: 5690444<\/p>\n<p>Ce bel anneau de dentition Lanco en forme de tr\u00e8fle verte est faite \u00e0 la main en Espagne \u00e0 partir de mati\u00e8res 100% organique sans toxines.<\/p>\n","protected":false},"featured_media":30313,"comment_status":"open","ping_status":"closed","template":"","meta":[],"product_brand":[],"product_cat":[25968,18893,22344,13130,13149,17213,13142,217,5851,212],"product_tag":[17445,17442,17438,20610,17436,17444,17441,17440,17437,17439,17443,17435],"class_list":{"0":"post-38327","1":"product","2":"type-product","3":"status-publish","4":"has-post-thumbnail","6":"product_cat-0-12-mois-bebe","7":"product_cat-collection-printemps","8":"product_cat-collections-saisonnieres","9":"product_cat-jouer","10":"product_cat-jouets-de-dentition","11":"product_cat-lanco-fr","12":"product_cat-jeu-sensoriel","13":"product_cat-marques","14":"product_cat-nouveautes","15":"product_cat-tranche-dage","16":"product_tag-developpement-sensoriel-du-bebe","17":"product_tag-jouet-de-dentition-appaisant-pour-les-gencives","18":"product_tag-jouet-de-dentition-naturel","19":"product_tag-jouet-de-dentition-trefle-lanco","20":"product_tag-jouet-dentition-naturel-pour-bebe","21":"product_tag-jouet-en-caoutchouc-100-naturel-et-organique","22":"product_tag-jouet-pour-bebe-entierement-naturel","23":"product_tag-jouet-pour-bebe-fait-main","24":"product_tag-jouet-pour-bebe-naturel-et-sans-toxines","25":"product_tag-jouets-de-dentition-organique","26":"product_tag-jouets-pour-bebe-naturel-et-sans-toxines","27":"product_tag-lanco-barcelone","29":"first","30":"instock","31":"taxable","32":"shipping-taxable","33":"purchasable","34":"product-type-simple"},"yoast_head":"<!-- This site is optimized with the Yoast SEO Premium plugin v25.8 (Yoast SEO v27.4) - https:\/\/yoast.com\/product\/yoast-seo-premium-wordpress\/ -->\n<title>Anneau de dentition naturel tr\u00e8fle - Lanco - Teia Education &amp; Play<\/title>\n<meta name=\"description\" content=\"Ce bel anneau de dentition Lanco en forme de tr\u00e8fle est faite \u00e0 la main en Espagne \u00e0 partir de mati\u00e8res 100% organique sans toxines.\" \/>\n<meta name=\"robots\" content=\"index, follow, max-snippet:-1, max-image-preview:large, max-video-preview:-1\" \/>\n<link rel=\"canonical\" href=\"https:\/\/teiaeducation.ch\/fr\/produit\/anneau-dentition-naturel-trefle-lanco\/\" \/>\n<meta property=\"og:locale\" content=\"fr_FR\" \/>\n<meta property=\"og:type\" content=\"article\" \/>\n<meta property=\"og:title\" content=\"Anneau de dentition naturel tr\u00e8fle - Lanco\" \/>\n<meta property=\"og:description\" content=\"Ce bel anneau de dentition Lanco en forme de tr\u00e8fle est faite \u00e0 la main en Espagne \u00e0 partir de mati\u00e8res 100% organique sans toxines.\" \/>\n<meta property=\"og:url\" content=\"https:\/\/teiaeducation.ch\/fr\/produit\/anneau-dentition-naturel-trefle-lanco\/\" \/>\n<meta property=\"og:site_name\" content=\"Sustainable Educational Products &amp; Ecological Toys\u00a0\" \/>\n<meta property=\"article:publisher\" content=\"https:\/\/www.facebook.com\/teiaeducation\/\" \/>\n<meta property=\"article:modified_time\" content=\"2021-09-07T15:33:36+00:00\" \/>\n<meta property=\"og:image\" content=\"https:\/\/teiaeducation.ch\/wp-content\/uploads\/2020\/10\/Clover-Natural-Teether-Lanco-.jpg\" \/>\n\t<meta property=\"og:image:width\" content=\"800\" \/>\n\t<meta property=\"og:image:height\" content=\"800\" \/>\n\t<meta property=\"og:image:type\" content=\"image\/jpeg\" \/>\n<script type=\"application\/ld+json\" class=\"yoast-schema-graph\">{\"@context\":\"https:\\\/\\\/schema.org\",\"@graph\":[{\"@type\":\"WebPage\",\"@id\":\"https:\\\/\\\/teiaeducation.ch\\\/fr\\\/produit\\\/anneau-dentition-naturel-trefle-lanco\\\/\",\"url\":\"https:\\\/\\\/teiaeducation.ch\\\/fr\\\/produit\\\/anneau-dentition-naturel-trefle-lanco\\\/\",\"name\":\"Anneau de dentition naturel tr\u00e8fle - Lanco - Teia Education & Play\",\"isPartOf\":{\"@id\":\"https:\\\/\\\/teiaeducation.ch\\\/fr\\\/#website\"},\"primaryImageOfPage\":{\"@id\":\"https:\\\/\\\/teiaeducation.ch\\\/fr\\\/produit\\\/anneau-dentition-naturel-trefle-lanco\\\/#primaryimage\"},\"image\":{\"@id\":\"https:\\\/\\\/teiaeducation.ch\\\/fr\\\/produit\\\/anneau-dentition-naturel-trefle-lanco\\\/#primaryimage\"},\"thumbnailUrl\":\"https:\\\/\\\/teiaeducation.ch\\\/wp-content\\\/uploads\\\/2020\\\/10\\\/Clover-Natural-Teether-Lanco-.jpg\",\"datePublished\":\"2020-10-09T15:13:50+00:00\",\"dateModified\":\"2021-09-07T15:33:36+00:00\",\"description\":\"Ce bel anneau de dentition Lanco en forme de tr\u00e8fle est faite \u00e0 la main en Espagne \u00e0 partir de mati\u00e8res 100% organique sans toxines.\",\"breadcrumb\":{\"@id\":\"https:\\\/\\\/teiaeducation.ch\\\/fr\\\/produit\\\/anneau-dentition-naturel-trefle-lanco\\\/#breadcrumb\"},\"inLanguage\":\"fr-FR\",\"potentialAction\":[{\"@type\":\"ReadAction\",\"target\":[\"https:\\\/\\\/teiaeducation.ch\\\/fr\\\/produit\\\/anneau-dentition-naturel-trefle-lanco\\\/\"]}]},{\"@type\":\"ImageObject\",\"inLanguage\":\"fr-FR\",\"@id\":\"https:\\\/\\\/teiaeducation.ch\\\/fr\\\/produit\\\/anneau-dentition-naturel-trefle-lanco\\\/#primaryimage\",\"url\":\"https:\\\/\\\/teiaeducation.ch\\\/wp-content\\\/uploads\\\/2020\\\/10\\\/Clover-Natural-Teether-Lanco-.jpg\",\"contentUrl\":\"https:\\\/\\\/teiaeducation.ch\\\/wp-content\\\/uploads\\\/2020\\\/10\\\/Clover-Natural-Teether-Lanco-.jpg\",\"width\":800,\"height\":800,\"caption\":\"Jouet biologique pour b\u00e9b\u00e9 - Tr\u00e8fle jouet dentition naturel - fait \u00e0 la main - Lanco Barcelona\"},{\"@type\":\"BreadcrumbList\",\"@id\":\"https:\\\/\\\/teiaeducation.ch\\\/fr\\\/produit\\\/anneau-dentition-naturel-trefle-lanco\\\/#breadcrumb\",\"itemListElement\":[{\"@type\":\"ListItem\",\"position\":1,\"name\":\"Home\",\"item\":\"https:\\\/\\\/teiaeducation.ch\\\/fr\\\/\"},{\"@type\":\"ListItem\",\"position\":2,\"name\":\"Boutique Teia Education &amp; Play\",\"item\":\"https:\\\/\\\/teiaeducation.ch\\\/fr\\\/boutique\\\/\"},{\"@type\":\"ListItem\",\"position\":3,\"name\":\"Nos Marques\",\"item\":\"https:\\\/\\\/teiaeducation.ch\\\/fr\\\/categorie-produit\\\/marques\\\/\"},{\"@type\":\"ListItem\",\"position\":4,\"name\":\"Lanco\",\"item\":\"https:\\\/\\\/teiaeducation.ch\\\/fr\\\/categorie-produit\\\/marques\\\/lanco-fr\\\/\"},{\"@type\":\"ListItem\",\"position\":5,\"name\":\"Anneau de dentition naturel tr\u00e8fle &#8211; Lanco\"}]},{\"@type\":\"WebSite\",\"@id\":\"https:\\\/\\\/teiaeducation.ch\\\/fr\\\/#website\",\"url\":\"https:\\\/\\\/teiaeducation.ch\\\/fr\\\/\",\"name\":\"Sustainable Educational Products &amp; Ecological Toys\u00a0\",\"description\":\"Specialised Swiss shop selling sustainable educational toys and games, AMI certified Montessori materials, handmade ecological wooden Waldorf toys and arts &amp; crafts supplies, school supplies, children&#039;s furniture and Montessori reference and parenting books.\",\"publisher\":{\"@id\":\"https:\\\/\\\/teiaeducation.ch\\\/fr\\\/#organization\"},\"alternateName\":\"Teia Education & Play\",\"potentialAction\":[{\"@type\":\"SearchAction\",\"target\":{\"@type\":\"EntryPoint\",\"urlTemplate\":\"https:\\\/\\\/teiaeducation.ch\\\/fr\\\/?s={search_term_string}\"},\"query-input\":{\"@type\":\"PropertyValueSpecification\",\"valueRequired\":true,\"valueName\":\"search_term_string\"}}],\"inLanguage\":\"fr-FR\"},{\"@type\":\"Organization\",\"@id\":\"https:\\\/\\\/teiaeducation.ch\\\/fr\\\/#organization\",\"name\":\"Teia Education & Play\",\"url\":\"https:\\\/\\\/teiaeducation.ch\\\/fr\\\/\",\"logo\":{\"@type\":\"ImageObject\",\"inLanguage\":\"fr-FR\",\"@id\":\"https:\\\/\\\/teiaeducation.ch\\\/fr\\\/#\\\/schema\\\/logo\\\/image\\\/\",\"url\":\"https:\\\/\\\/teiaeducation.ch\\\/wp-content\\\/uploads\\\/2020\\\/11\\\/Teia-Education-Switzerland-e1620156442216.jpg\",\"contentUrl\":\"https:\\\/\\\/teiaeducation.ch\\\/wp-content\\\/uploads\\\/2020\\\/11\\\/Teia-Education-Switzerland-e1620156442216.jpg\",\"width\":166,\"height\":145,\"caption\":\"Teia Education & Play\"},\"image\":{\"@id\":\"https:\\\/\\\/teiaeducation.ch\\\/fr\\\/#\\\/schema\\\/logo\\\/image\\\/\"},\"sameAs\":[\"https:\\\/\\\/www.facebook.com\\\/teiaeducation\\\/\",\"https:\\\/\\\/x.com\\\/EducationTeia\",\"https:\\\/\\\/www.instagram.com\\\/teia.education\\\/\",\"https:\\\/\\\/www.linkedin.com\\\/company\\\/35501660\",\"https:\\\/\\\/www.pinterest.ch\\\/TeiaEducation\\\/\"]}]}<\/script>\n<meta property=\"product:price:amount\" content=\"14.90\" \/>\n<meta property=\"product:price:currency\" content=\"CHF\" \/>\n<meta property=\"og:availability\" content=\"instock\" \/>\n<meta property=\"product:availability\" content=\"instock\" \/>\n<meta property=\"product:retailer_item_id\" content=\"00000000000000000000000000000000000000000000029798\" \/>\n<meta property=\"product:condition\" content=\"new\" \/>\n<!-- \/ Yoast SEO Premium plugin. -->","yoast_head_json":{"title":"Anneau de dentition naturel tr\u00e8fle - Lanco - Teia Education & Play","description":"Ce bel anneau de dentition Lanco en forme de tr\u00e8fle est faite \u00e0 la main en Espagne \u00e0 partir de mati\u00e8res 100% organique sans toxines.","robots":{"index":"index","follow":"follow","max-snippet":"max-snippet:-1","max-image-preview":"max-image-preview:large","max-video-preview":"max-video-preview:-1"},"canonical":"https:\/\/teiaeducation.ch\/fr\/produit\/anneau-dentition-naturel-trefle-lanco\/","og_locale":"fr_FR","og_type":"article","og_title":"Anneau de dentition naturel tr\u00e8fle - Lanco","og_description":"Ce bel anneau de dentition Lanco en forme de tr\u00e8fle est faite \u00e0 la main en Espagne \u00e0 partir de mati\u00e8res 100% organique sans toxines.","og_url":"https:\/\/teiaeducation.ch\/fr\/produit\/anneau-dentition-naturel-trefle-lanco\/","og_site_name":"Sustainable Educational Products &amp; Ecological Toys\u00a0","article_publisher":"https:\/\/www.facebook.com\/teiaeducation\/","article_modified_time":"2021-09-07T15:33:36+00:00","og_image":[{"width":800,"height":800,"url":"https:\/\/teiaeducation.ch\/wp-content\/uploads\/2020\/10\/Clover-Natural-Teether-Lanco-.jpg","type":"image\/jpeg"}],"schema":{"@context":"https:\/\/schema.org","@graph":[{"@type":"WebPage","@id":"https:\/\/teiaeducation.ch\/fr\/produit\/anneau-dentition-naturel-trefle-lanco\/","url":"https:\/\/teiaeducation.ch\/fr\/produit\/anneau-dentition-naturel-trefle-lanco\/","name":"Anneau de dentition naturel tr\u00e8fle - Lanco - Teia Education & Play","isPartOf":{"@id":"https:\/\/teiaeducation.ch\/fr\/#website"},"primaryImageOfPage":{"@id":"https:\/\/teiaeducation.ch\/fr\/produit\/anneau-dentition-naturel-trefle-lanco\/#primaryimage"},"image":{"@id":"https:\/\/teiaeducation.ch\/fr\/produit\/anneau-dentition-naturel-trefle-lanco\/#primaryimage"},"thumbnailUrl":"https:\/\/teiaeducation.ch\/wp-content\/uploads\/2020\/10\/Clover-Natural-Teether-Lanco-.jpg","datePublished":"2020-10-09T15:13:50+00:00","dateModified":"2021-09-07T15:33:36+00:00","description":"Ce bel anneau de dentition Lanco en forme de tr\u00e8fle est faite \u00e0 la main en Espagne \u00e0 partir de mati\u00e8res 100% organique sans toxines.","breadcrumb":{"@id":"https:\/\/teiaeducation.ch\/fr\/produit\/anneau-dentition-naturel-trefle-lanco\/#breadcrumb"},"inLanguage":"fr-FR","potentialAction":[{"@type":"ReadAction","target":["https:\/\/teiaeducation.ch\/fr\/produit\/anneau-dentition-naturel-trefle-lanco\/"]}]},{"@type":"ImageObject","inLanguage":"fr-FR","@id":"https:\/\/teiaeducation.ch\/fr\/produit\/anneau-dentition-naturel-trefle-lanco\/#primaryimage","url":"https:\/\/teiaeducation.ch\/wp-content\/uploads\/2020\/10\/Clover-Natural-Teether-Lanco-.jpg","contentUrl":"https:\/\/teiaeducation.ch\/wp-content\/uploads\/2020\/10\/Clover-Natural-Teether-Lanco-.jpg","width":800,"height":800,"caption":"Jouet biologique pour b\u00e9b\u00e9 - Tr\u00e8fle jouet dentition naturel - fait \u00e0 la main - Lanco Barcelona"},{"@type":"BreadcrumbList","@id":"https:\/\/teiaeducation.ch\/fr\/produit\/anneau-dentition-naturel-trefle-lanco\/#breadcrumb","itemListElement":[{"@type":"ListItem","position":1,"name":"Home","item":"https:\/\/teiaeducation.ch\/fr\/"},{"@type":"ListItem","position":2,"name":"Boutique Teia Education &amp; Play","item":"https:\/\/teiaeducation.ch\/fr\/boutique\/"},{"@type":"ListItem","position":3,"name":"Nos Marques","item":"https:\/\/teiaeducation.ch\/fr\/categorie-produit\/marques\/"},{"@type":"ListItem","position":4,"name":"Lanco","item":"https:\/\/teiaeducation.ch\/fr\/categorie-produit\/marques\/lanco-fr\/"},{"@type":"ListItem","position":5,"name":"Anneau de dentition naturel tr\u00e8fle &#8211; Lanco"}]},{"@type":"WebSite","@id":"https:\/\/teiaeducation.ch\/fr\/#website","url":"https:\/\/teiaeducation.ch\/fr\/","name":"Sustainable Educational Products &amp; Ecological Toys\u00a0","description":"Specialised Swiss shop selling sustainable educational toys and games, AMI certified Montessori materials, handmade ecological wooden Waldorf toys and arts &amp; crafts supplies, school supplies, children&#039;s furniture and Montessori reference and parenting books.","publisher":{"@id":"https:\/\/teiaeducation.ch\/fr\/#organization"},"alternateName":"Teia Education & Play","potentialAction":[{"@type":"SearchAction","target":{"@type":"EntryPoint","urlTemplate":"https:\/\/teiaeducation.ch\/fr\/?s={search_term_string}"},"query-input":{"@type":"PropertyValueSpecification","valueRequired":true,"valueName":"search_term_string"}}],"inLanguage":"fr-FR"},{"@type":"Organization","@id":"https:\/\/teiaeducation.ch\/fr\/#organization","name":"Teia Education & Play","url":"https:\/\/teiaeducation.ch\/fr\/","logo":{"@type":"ImageObject","inLanguage":"fr-FR","@id":"https:\/\/teiaeducation.ch\/fr\/#\/schema\/logo\/image\/","url":"https:\/\/teiaeducation.ch\/wp-content\/uploads\/2020\/11\/Teia-Education-Switzerland-e1620156442216.jpg","contentUrl":"https:\/\/teiaeducation.ch\/wp-content\/uploads\/2020\/11\/Teia-Education-Switzerland-e1620156442216.jpg","width":166,"height":145,"caption":"Teia Education & Play"},"image":{"@id":"https:\/\/teiaeducation.ch\/fr\/#\/schema\/logo\/image\/"},"sameAs":["https:\/\/www.facebook.com\/teiaeducation\/","https:\/\/x.com\/EducationTeia","https:\/\/www.instagram.com\/teia.education\/","https:\/\/www.linkedin.com\/company\/35501660","https:\/\/www.pinterest.ch\/TeiaEducation\/"]}]},"product_price_amount":"14.90","product_price_currency":"CHF","og_availability":"instock","product_availability":"instock","product_retailer_item_id":"00000000000000000000000000000000000000000000029798","product_condition":"new"},"_links":{"self":[{"href":"https:\/\/teiaeducation.ch\/fr\/wp-json\/wp\/v2\/product\/38327","targetHints":{"allow":["GET"]}}],"collection":[{"href":"https:\/\/teiaeducation.ch\/fr\/wp-json\/wp\/v2\/product"}],"about":[{"href":"https:\/\/teiaeducation.ch\/fr\/wp-json\/wp\/v2\/types\/product"}],"replies":[{"embeddable":true,"href":"https:\/\/teiaeducation.ch\/fr\/wp-json\/wp\/v2\/comments?post=38327"}],"wp:featuredmedia":[{"embeddable":true,"href":"https:\/\/teiaeducation.ch\/fr\/wp-json\/wp\/v2\/media\/30313"}],"wp:attachment":[{"href":"https:\/\/teiaeducation.ch\/fr\/wp-json\/wp\/v2\/media?parent=38327"}],"wp:term":[{"taxonomy":"product_brand","embeddable":true,"href":"https:\/\/teiaeducation.ch\/fr\/wp-json\/wp\/v2\/product_brand?post=38327"},{"taxonomy":"product_cat","embeddable":true,"href":"https:\/\/teiaeducation.ch\/fr\/wp-json\/wp\/v2\/product_cat?post=38327"},{"taxonomy":"product_tag","embeddable":true,"href":"https:\/\/teiaeducation.ch\/fr\/wp-json\/wp\/v2\/product_tag?post=38327"}],"curies":[{"name":"wp","href":"https:\/\/api.w.org\/{rel}","templated":true}]}}