{"id":38402,"date":"2021-07-06T16:19:35","date_gmt":"2021-07-06T14:19:35","guid":{"rendered":"https:\/\/teiaeducation.ch\/product\/jeu-educatif-pour-compter-jusqua-10-erzi\/"},"modified":"2021-12-16T13:46:29","modified_gmt":"2021-12-16T12:46:29","slug":"jeu-educatif-compter-jusqua-10-erzi","status":"publish","type":"product","link":"https:\/\/teiaeducation.ch\/fr\/produit\/jeu-educatif-compter-jusqua-10-erzi\/","title":{"rendered":"Jeu \u00e9ducatif compter jusqu&#8217;\u00e0 10 &#8211; Erzi"},"content":{"rendered":"<p>Jeu \u00e9ducatif pour compter jusqu&#8217;\u00e0 10 &#8211; Erzi<\/p>\n<p>Le jeu \u00e9ducatif d&#8217;Erzi pour <a href=\"https:\/\/teiaeducation.ch\/fr\/categorie-produit\/domaines-du-curriculum\/mathematiques-calcul\/apprendre-a-compter\/\">compter<\/a>\u00a0jusqu&#8217;\u00e0 10 est une merveilleuse fa\u00e7on de rendre le comptage, les additions et l&#8217;apprentissage des fractions simples visuels et pratiques !<\/p>\n<p>Les enfants peuvent s&#8217;amuser \u00e0 utiliser diff\u00e9rentes combinaisons de cylindres color\u00e9s pour additionner jusqu&#8217;\u00e0 10, en comparant des fractions simples telles que 2 moiti\u00e9s, 3 tiers et 5 cinqui\u00e8mes. En comparant les cylindres au les num\u00e9ros grav\u00e9s sur la base en bois, l&#8217;enfant peut voir la longueur de chaque pi\u00e8ce, et que les chiffres sont de la m\u00eame couleur que les cylindres correspondants.<\/p>\n<p>Ce jeu \u00e9ducatif polyvalent est id\u00e9al pour enseigner les comp\u00e9tences en math\u00e9matiques dans le cadre de l&#8217;enseignement \u00e0 domicile et de l&#8217;apprentissage inspir\u00e9 de la m\u00e9thode Montessori \u00e0 la maison. Il d\u00e9veloppe \u00e9galement la conscience spatiale, la capacit\u00e9 \u00e0 r\u00e9soudre des probl\u00e8mes et la motricit\u00e9 fine.<\/p>\n<p>Le jeu \u00e9ducatif Erzi qui compte jusqu&#8217;\u00e0 10 comprend un tableau de chiffres en bois avec des chiffres color\u00e9s et 27 cylindres de couleurs correspondantes (10 x 1, 5 x 2, 3 x 3, 2 x 4 et 2 x 5, 1x 6, 1 x 7, 1 x 8, 1 x 9 et 1 x 10). Des instructions sont \u00e9galement incluses.<\/p>\n<p>Ce jouet \u00e9ducatif en bois de haute qualit\u00e9 est fabriqu\u00e9 de mani\u00e8re durable en Allemagne \u00e0 partir de bois de h\u00eatre massif. Les cylindres sont recouvertes d&#8217;une laque \u00e0 base d&#8217;eau, s\u00fbre et non toxique, d\u00e9clin\u00e9e dans un arc-en-ciel de couleurs, et la base au chiffres a une finition naturelle qui laisse transpara\u00eetre la beaut\u00e9 du grain du bois. L&#8217;ensemble mesure 11,8 x 17,8 x 17,8cm.<\/p>\n<p>La gamme compl\u00e8te de produits Erzi porte le sceau distinctif de qualit\u00e9 \u00ab made in Germany \u00bb, provenant, comme il le dit, des montagnes de minerai de l\u2019Allemagne.<\/p>\n<p>Erzi utilise du bois d\u2019origine locale certifi\u00e9 et am\u00e9lior\u00e9 par le label Forest Stewardship Council (FSC) pour la cr\u00e9ation de leurs jouets. Toutes les finitions, telles que les peintures \u00e0 base d\u2019eau et les vernis, ne sont pas toxiques et chaque produit Erzi est conforme au plus haut niveau de s\u00e9curit\u00e9 des jouets. Les produits de jeu et d\u2019apprentissage Erzi de haute qualit\u00e9 se distinguent par une grande diversit\u00e9 de formes et de couleurs naturelles et sont durables et \u00e9cologiques.<\/p>\n<p>Le jeu \u00e9ducatif Erzi qui consiste \u00e0 compter jusqu&#8217;\u00e0 10 convient aux enfants \u00e2g\u00e9s de 5 ans et plus.<\/p>\n<p>Contenu :<\/p>\n<p>1 base en bois<br \/>\n27 cylindres (10&#215;1, 5&#215;2, 3&#215;3, 2&#215;4 et 2&#215;5, 1&#215;6, 1&#215;7, 1&#215;8, 1&#215;9, 1&#215;10 )<br \/>\nManuel d&#8217;instructions<\/p>\n","protected":false},"excerpt":{"rendered":"<p>Num\u00e9ro d&#8217;article: 42485<\/p>\n<p>Le jeu \u00e9ducatif d&#8217;Erzi compter\u00a0jusqu&#8217;\u00e0 10 rend le comptage, les additions et l&#8217;apprentissage des fractions simples visuels et pratiques !<\/p>\n","protected":false},"featured_media":37713,"comment_status":"open","ping_status":"closed","template":"","meta":[],"product_brand":[],"product_cat":[8527,215,8580,216,13128,22344,635,283,17209,8526,17239,613,1220,23650,619,630,17211,288,7595,217,5851,209,212],"product_tag":[17248,20611,20614,20615,20612,19444,20613],"class_list":{"0":"post-38402","1":"product","2":"type-product","3":"status-publish","4":"has-post-thumbnail","6":"product_cat-3-6-ans-ecole-a-domicile","7":"product_cat-3-6-ans","8":"product_cat-6-12-ans-ecole-a-domicile","9":"product_cat-6-12-ans","10":"product_cat-apprendre-a-compter","11":"product_cat-collections-saisonnieres","12":"product_cat-competences-motrices","13":"product_cat-domaines-du-curriculum","14":"product_cat-erzi-fr","15":"product_cat-fournitures-scolaires-a-domicile","16":"product_cat-guide-cadeaux-educatifs","17":"product_cat-laddition","18":"product_cat-traditionnelle","19":"product_cat-la-rentree-scolaire","20":"product_cat-les-fractions","21":"product_cat-nombres","22":"product_cat-materiel-didactique","23":"product_cat-mathematiques-calcul","24":"product_cat-methode-deducation","25":"product_cat-marques","26":"product_cat-nouveautes","27":"product_cat-sensorielles-motrices","28":"product_cat-tranche-dage","29":"product_tag-erzi-jeux-educatifs","30":"product_tag-erzi-un-jeu-educatif-qui-compte-jusqua-10","31":"product_tag-jeux-de-comptage","32":"product_tag-jeux-de-fractions","33":"product_tag-jeux-educatifs-en-bois-fr","34":"product_tag-jouets-mathematiques-en-bois","35":"product_tag-materiel-educatif-en-bois","37":"first","38":"instock","39":"taxable","40":"shipping-taxable","41":"purchasable","42":"product-type-simple"},"yoast_head":"<!-- This site is optimized with the Yoast SEO plugin v27.1.1 - https:\/\/yoast.com\/product\/yoast-seo-wordpress\/ -->\n<title>Jeu \u00e9ducatif compter jusqu&#039;\u00e0 10 - Erzi - Teia Education &amp; Play<\/title>\n<meta name=\"description\" content=\"Le jeu \u00e9ducatif d&#039;Erzi compter\u00a0jusqu&#039;\u00e0 10 rend le comptage, les additions et l&#039;apprentissage des fractions simples visuels et pratiques !\" \/>\n<meta name=\"robots\" content=\"index, follow, max-snippet:-1, max-image-preview:large, max-video-preview:-1\" \/>\n<link rel=\"canonical\" href=\"https:\/\/teiaeducation.ch\/fr\/produit\/jeu-educatif-compter-jusqua-10-erzi\/\" \/>\n<meta property=\"og:locale\" content=\"fr_FR\" \/>\n<meta property=\"og:type\" content=\"article\" \/>\n<meta property=\"og:title\" content=\"Jeu \u00e9ducatif compter jusqu&#039;\u00e0 10 - Erzi - Teia Education &amp; Play\" \/>\n<meta property=\"og:description\" content=\"Le jeu \u00e9ducatif d&#039;Erzi compter\u00a0jusqu&#039;\u00e0 10 rend le comptage, les additions et l&#039;apprentissage des fractions simples visuels et pratiques !\" \/>\n<meta property=\"og:url\" content=\"https:\/\/teiaeducation.ch\/fr\/produit\/jeu-educatif-compter-jusqua-10-erzi\/\" \/>\n<meta property=\"og:site_name\" content=\"Sustainable Educational Products &amp; Ecological Toys\u00a0\" \/>\n<meta property=\"article:publisher\" content=\"https:\/\/www.facebook.com\/teiaeducation\/\" \/>\n<meta property=\"article:modified_time\" content=\"2021-12-16T12:46:29+00:00\" \/>\n<meta property=\"og:image\" content=\"https:\/\/teiaeducation.ch\/wp-content\/uploads\/2021\/07\/Educational-game-counting-up-to-10-Erzi-scaled.jpg\" \/>\n\t<meta property=\"og:image:width\" content=\"900\" \/>\n\t<meta property=\"og:image:height\" content=\"900\" \/>\n\t<meta property=\"og:image:type\" content=\"image\/jpeg\" \/>\n<script type=\"application\/ld+json\" class=\"yoast-schema-graph\">{\"@context\":\"https:\/\/schema.org\",\"@graph\":[{\"@type\":\"WebPage\",\"@id\":\"https:\/\/teiaeducation.ch\/fr\/produit\/jeu-educatif-compter-jusqua-10-erzi\/\",\"url\":\"https:\/\/teiaeducation.ch\/fr\/produit\/jeu-educatif-compter-jusqua-10-erzi\/\",\"name\":\"Jeu \u00e9ducatif compter jusqu'\u00e0 10 - Erzi - Teia Education & Play\",\"isPartOf\":{\"@id\":\"https:\/\/teiaeducation.ch\/fr\/#website\"},\"primaryImageOfPage\":{\"@id\":\"https:\/\/teiaeducation.ch\/fr\/produit\/jeu-educatif-compter-jusqua-10-erzi\/#primaryimage\"},\"image\":{\"@id\":\"https:\/\/teiaeducation.ch\/fr\/produit\/jeu-educatif-compter-jusqua-10-erzi\/#primaryimage\"},\"thumbnailUrl\":\"https:\/\/teiaeducation.ch\/wp-content\/uploads\/2021\/07\/Educational-game-counting-up-to-10-Erzi-scaled.jpg\",\"datePublished\":\"2021-07-06T14:19:35+00:00\",\"dateModified\":\"2021-12-16T12:46:29+00:00\",\"description\":\"Le jeu \u00e9ducatif d'Erzi compter\u00a0jusqu'\u00e0 10 rend le comptage, les additions et l'apprentissage des fractions simples visuels et pratiques !\",\"breadcrumb\":{\"@id\":\"https:\/\/teiaeducation.ch\/fr\/produit\/jeu-educatif-compter-jusqua-10-erzi\/#breadcrumb\"},\"inLanguage\":\"fr-FR\",\"potentialAction\":[{\"@type\":\"ReadAction\",\"target\":[\"https:\/\/teiaeducation.ch\/fr\/produit\/jeu-educatif-compter-jusqua-10-erzi\/\"]}]},{\"@type\":\"ImageObject\",\"inLanguage\":\"fr-FR\",\"@id\":\"https:\/\/teiaeducation.ch\/fr\/produit\/jeu-educatif-compter-jusqua-10-erzi\/#primaryimage\",\"url\":\"https:\/\/teiaeducation.ch\/wp-content\/uploads\/2021\/07\/Educational-game-counting-up-to-10-Erzi-scaled.jpg\",\"contentUrl\":\"https:\/\/teiaeducation.ch\/wp-content\/uploads\/2021\/07\/Educational-game-counting-up-to-10-Erzi-scaled.jpg\",\"width\":900,\"height\":900,\"caption\":\"Jeu \u00e9ducatif pour compter jusqu'\u00e0 10 - Erzi\"},{\"@type\":\"BreadcrumbList\",\"@id\":\"https:\/\/teiaeducation.ch\/fr\/produit\/jeu-educatif-compter-jusqua-10-erzi\/#breadcrumb\",\"itemListElement\":[{\"@type\":\"ListItem\",\"position\":1,\"name\":\"Home\",\"item\":\"https:\/\/teiaeducation.ch\/fr\/\"},{\"@type\":\"ListItem\",\"position\":2,\"name\":\"Boutique Teia Education &amp; Play\",\"item\":\"https:\/\/teiaeducation.ch\/fr\/boutique\/\"},{\"@type\":\"ListItem\",\"position\":3,\"name\":\"Nos Marques\",\"item\":\"https:\/\/teiaeducation.ch\/fr\/categorie-produit\/marques\/\"},{\"@type\":\"ListItem\",\"position\":4,\"name\":\"Erzi\",\"item\":\"https:\/\/teiaeducation.ch\/fr\/categorie-produit\/marques\/erzi-fr\/\"},{\"@type\":\"ListItem\",\"position\":5,\"name\":\"Mat\u00e9riel Didactique\",\"item\":\"https:\/\/teiaeducation.ch\/fr\/categorie-produit\/marques\/erzi-fr\/materiel-didactique\/\"},{\"@type\":\"ListItem\",\"position\":6,\"name\":\"Jeu \u00e9ducatif compter jusqu&#8217;\u00e0 10 &#8211; Erzi\"}]},{\"@type\":\"WebSite\",\"@id\":\"https:\/\/teiaeducation.ch\/fr\/#website\",\"url\":\"https:\/\/teiaeducation.ch\/fr\/\",\"name\":\"Sustainable Educational Products &amp; Ecological Toys\u00a0\",\"description\":\"Specialised Swiss shop selling sustainable educational toys and games, AMI certified Montessori materials, handmade ecological wooden Waldorf toys and arts &amp; crafts supplies, school supplies, children&#039;s furniture and Montessori reference and parenting books.\",\"publisher\":{\"@id\":\"https:\/\/teiaeducation.ch\/fr\/#organization\"},\"alternateName\":\"Teia Education & Play\",\"potentialAction\":[{\"@type\":\"SearchAction\",\"target\":{\"@type\":\"EntryPoint\",\"urlTemplate\":\"https:\/\/teiaeducation.ch\/fr\/?s={search_term_string}\"},\"query-input\":{\"@type\":\"PropertyValueSpecification\",\"valueRequired\":true,\"valueName\":\"search_term_string\"}}],\"inLanguage\":\"fr-FR\"},{\"@type\":\"Organization\",\"@id\":\"https:\/\/teiaeducation.ch\/fr\/#organization\",\"name\":\"Teia Education & Play\",\"url\":\"https:\/\/teiaeducation.ch\/fr\/\",\"logo\":{\"@type\":\"ImageObject\",\"inLanguage\":\"fr-FR\",\"@id\":\"https:\/\/teiaeducation.ch\/fr\/#\/schema\/logo\/image\/\",\"url\":\"https:\/\/teiaeducation.ch\/wp-content\/uploads\/2020\/11\/Teia-Education-Switzerland-e1620156442216.jpg\",\"contentUrl\":\"https:\/\/teiaeducation.ch\/wp-content\/uploads\/2020\/11\/Teia-Education-Switzerland-e1620156442216.jpg\",\"width\":166,\"height\":145,\"caption\":\"Teia Education & Play\"},\"image\":{\"@id\":\"https:\/\/teiaeducation.ch\/fr\/#\/schema\/logo\/image\/\"},\"sameAs\":[\"https:\/\/www.facebook.com\/teiaeducation\/\",\"https:\/\/x.com\/EducationTeia\",\"https:\/\/www.instagram.com\/teia.education\/\",\"https:\/\/www.linkedin.com\/company\/35501660\",\"https:\/\/www.pinterest.ch\/TeiaEducation\/\"]}]}<\/script>\n<!-- \/ Yoast SEO plugin. -->","yoast_head_json":{"title":"Jeu \u00e9ducatif compter jusqu'\u00e0 10 - Erzi - Teia Education & Play","description":"Le jeu \u00e9ducatif d'Erzi compter\u00a0jusqu'\u00e0 10 rend le comptage, les additions et l'apprentissage des fractions simples visuels et pratiques !","robots":{"index":"index","follow":"follow","max-snippet":"max-snippet:-1","max-image-preview":"max-image-preview:large","max-video-preview":"max-video-preview:-1"},"canonical":"https:\/\/teiaeducation.ch\/fr\/produit\/jeu-educatif-compter-jusqua-10-erzi\/","og_locale":"fr_FR","og_type":"article","og_title":"Jeu \u00e9ducatif compter jusqu'\u00e0 10 - Erzi - Teia Education & Play","og_description":"Le jeu \u00e9ducatif d'Erzi compter\u00a0jusqu'\u00e0 10 rend le comptage, les additions et l'apprentissage des fractions simples visuels et pratiques !","og_url":"https:\/\/teiaeducation.ch\/fr\/produit\/jeu-educatif-compter-jusqua-10-erzi\/","og_site_name":"Sustainable Educational Products &amp; Ecological Toys\u00a0","article_publisher":"https:\/\/www.facebook.com\/teiaeducation\/","article_modified_time":"2021-12-16T12:46:29+00:00","og_image":[{"width":900,"height":900,"url":"https:\/\/teiaeducation.ch\/wp-content\/uploads\/2021\/07\/Educational-game-counting-up-to-10-Erzi-scaled.jpg","type":"image\/jpeg"}],"schema":{"@context":"https:\/\/schema.org","@graph":[{"@type":"WebPage","@id":"https:\/\/teiaeducation.ch\/fr\/produit\/jeu-educatif-compter-jusqua-10-erzi\/","url":"https:\/\/teiaeducation.ch\/fr\/produit\/jeu-educatif-compter-jusqua-10-erzi\/","name":"Jeu \u00e9ducatif compter jusqu'\u00e0 10 - Erzi - Teia Education & Play","isPartOf":{"@id":"https:\/\/teiaeducation.ch\/fr\/#website"},"primaryImageOfPage":{"@id":"https:\/\/teiaeducation.ch\/fr\/produit\/jeu-educatif-compter-jusqua-10-erzi\/#primaryimage"},"image":{"@id":"https:\/\/teiaeducation.ch\/fr\/produit\/jeu-educatif-compter-jusqua-10-erzi\/#primaryimage"},"thumbnailUrl":"https:\/\/teiaeducation.ch\/wp-content\/uploads\/2021\/07\/Educational-game-counting-up-to-10-Erzi-scaled.jpg","datePublished":"2021-07-06T14:19:35+00:00","dateModified":"2021-12-16T12:46:29+00:00","description":"Le jeu \u00e9ducatif d'Erzi compter\u00a0jusqu'\u00e0 10 rend le comptage, les additions et l'apprentissage des fractions simples visuels et pratiques !","breadcrumb":{"@id":"https:\/\/teiaeducation.ch\/fr\/produit\/jeu-educatif-compter-jusqua-10-erzi\/#breadcrumb"},"inLanguage":"fr-FR","potentialAction":[{"@type":"ReadAction","target":["https:\/\/teiaeducation.ch\/fr\/produit\/jeu-educatif-compter-jusqua-10-erzi\/"]}]},{"@type":"ImageObject","inLanguage":"fr-FR","@id":"https:\/\/teiaeducation.ch\/fr\/produit\/jeu-educatif-compter-jusqua-10-erzi\/#primaryimage","url":"https:\/\/teiaeducation.ch\/wp-content\/uploads\/2021\/07\/Educational-game-counting-up-to-10-Erzi-scaled.jpg","contentUrl":"https:\/\/teiaeducation.ch\/wp-content\/uploads\/2021\/07\/Educational-game-counting-up-to-10-Erzi-scaled.jpg","width":900,"height":900,"caption":"Jeu \u00e9ducatif pour compter jusqu'\u00e0 10 - Erzi"},{"@type":"BreadcrumbList","@id":"https:\/\/teiaeducation.ch\/fr\/produit\/jeu-educatif-compter-jusqua-10-erzi\/#breadcrumb","itemListElement":[{"@type":"ListItem","position":1,"name":"Home","item":"https:\/\/teiaeducation.ch\/fr\/"},{"@type":"ListItem","position":2,"name":"Boutique Teia Education &amp; Play","item":"https:\/\/teiaeducation.ch\/fr\/boutique\/"},{"@type":"ListItem","position":3,"name":"Nos Marques","item":"https:\/\/teiaeducation.ch\/fr\/categorie-produit\/marques\/"},{"@type":"ListItem","position":4,"name":"Erzi","item":"https:\/\/teiaeducation.ch\/fr\/categorie-produit\/marques\/erzi-fr\/"},{"@type":"ListItem","position":5,"name":"Mat\u00e9riel Didactique","item":"https:\/\/teiaeducation.ch\/fr\/categorie-produit\/marques\/erzi-fr\/materiel-didactique\/"},{"@type":"ListItem","position":6,"name":"Jeu \u00e9ducatif compter jusqu&#8217;\u00e0 10 &#8211; Erzi"}]},{"@type":"WebSite","@id":"https:\/\/teiaeducation.ch\/fr\/#website","url":"https:\/\/teiaeducation.ch\/fr\/","name":"Sustainable Educational Products &amp; Ecological Toys\u00a0","description":"Specialised Swiss shop selling sustainable educational toys and games, AMI certified Montessori materials, handmade ecological wooden Waldorf toys and arts &amp; crafts supplies, school supplies, children&#039;s furniture and Montessori reference and parenting books.","publisher":{"@id":"https:\/\/teiaeducation.ch\/fr\/#organization"},"alternateName":"Teia Education & Play","potentialAction":[{"@type":"SearchAction","target":{"@type":"EntryPoint","urlTemplate":"https:\/\/teiaeducation.ch\/fr\/?s={search_term_string}"},"query-input":{"@type":"PropertyValueSpecification","valueRequired":true,"valueName":"search_term_string"}}],"inLanguage":"fr-FR"},{"@type":"Organization","@id":"https:\/\/teiaeducation.ch\/fr\/#organization","name":"Teia Education & Play","url":"https:\/\/teiaeducation.ch\/fr\/","logo":{"@type":"ImageObject","inLanguage":"fr-FR","@id":"https:\/\/teiaeducation.ch\/fr\/#\/schema\/logo\/image\/","url":"https:\/\/teiaeducation.ch\/wp-content\/uploads\/2020\/11\/Teia-Education-Switzerland-e1620156442216.jpg","contentUrl":"https:\/\/teiaeducation.ch\/wp-content\/uploads\/2020\/11\/Teia-Education-Switzerland-e1620156442216.jpg","width":166,"height":145,"caption":"Teia Education & Play"},"image":{"@id":"https:\/\/teiaeducation.ch\/fr\/#\/schema\/logo\/image\/"},"sameAs":["https:\/\/www.facebook.com\/teiaeducation\/","https:\/\/x.com\/EducationTeia","https:\/\/www.instagram.com\/teia.education\/","https:\/\/www.linkedin.com\/company\/35501660","https:\/\/www.pinterest.ch\/TeiaEducation\/"]}]}},"_links":{"self":[{"href":"https:\/\/teiaeducation.ch\/fr\/wp-json\/wp\/v2\/product\/38402","targetHints":{"allow":["GET"]}}],"collection":[{"href":"https:\/\/teiaeducation.ch\/fr\/wp-json\/wp\/v2\/product"}],"about":[{"href":"https:\/\/teiaeducation.ch\/fr\/wp-json\/wp\/v2\/types\/product"}],"replies":[{"embeddable":true,"href":"https:\/\/teiaeducation.ch\/fr\/wp-json\/wp\/v2\/comments?post=38402"}],"wp:featuredmedia":[{"embeddable":true,"href":"https:\/\/teiaeducation.ch\/fr\/wp-json\/wp\/v2\/media\/37713"}],"wp:attachment":[{"href":"https:\/\/teiaeducation.ch\/fr\/wp-json\/wp\/v2\/media?parent=38402"}],"wp:term":[{"taxonomy":"product_brand","embeddable":true,"href":"https:\/\/teiaeducation.ch\/fr\/wp-json\/wp\/v2\/product_brand?post=38402"},{"taxonomy":"product_cat","embeddable":true,"href":"https:\/\/teiaeducation.ch\/fr\/wp-json\/wp\/v2\/product_cat?post=38402"},{"taxonomy":"product_tag","embeddable":true,"href":"https:\/\/teiaeducation.ch\/fr\/wp-json\/wp\/v2\/product_tag?post=38402"}],"curies":[{"name":"wp","href":"https:\/\/api.w.org\/{rel}","templated":true}]}}