{"id":38403,"date":"2021-07-06T15:15:43","date_gmt":"2021-07-06T13:15:43","guid":{"rendered":"https:\/\/teiaeducation.ch\/product\/pyramide-nutritionnelle-erzi\/"},"modified":"2021-12-16T13:56:50","modified_gmt":"2021-12-16T12:56:50","slug":"nutrition-pyramide-erzi","status":"publish","type":"product","link":"https:\/\/teiaeducation.ch\/fr\/produit\/nutrition-pyramide-erzi\/","title":{"rendered":"Pyramide nutritionnelle &#8211; Erzi"},"content":{"rendered":"<p>Pyramide nutritionnelle et aliments en bois pour enfants &#8211; Erzi<\/p>\n<p>Le jeu \u00e9ducatif de pyramide nutritionnelle d&#8217;Erzi enseigne aux enfants l&#8217;importance d&#8217;une alimentation saine d&#8217;une mani\u00e8re ludique et visuelle, rendant l&#8217;\u00e9ducation \u00e0 la sant\u00e9 facile \u00e0 appr\u00e9hender. Cet ensemble d&#8217;aliments en bois de haute qualit\u00e9 et le tableau illustr\u00e9 de la pyramide nutritionnelle en bois sont parfaits pour enseigner aux enfants de la petite enfance, de la maternelle et de l&#8217;\u00e9cole primaire une alimentation saine et une bonne nutrition.<\/p>\n<p>La pyramide nutritionnelle contient un plateau de jeu en bois imprim\u00e9 avec un cadre pr\u00e9sentant des images de tous les groupes d&#8217;aliments, illustrant la part de notre alimentation qu&#8217;ils doivent repr\u00e9senter.<\/p>\n<p>La pyramide alimentaire prend vie gr\u00e2ce \u00e0 l&#8217;ensemble d&#8217;aliments en bois r\u00e9alistes Erzi, dont 1 sucette, 1 beignet, 1 bouteille d&#8217;huile d&#8217;olive, 1 beurre, 1 saucisse, 2 tranches de salami, 1 tranche de fromage, 1 yaourt \u00e0 la fraise, 1 \u0153uf avec fermeture \u00e0 crochet et boucle, 1 hareng, 1 bouteille de lait, 10 spaghettis, 3 pommes de terre dans un sac en filet, 1 riz, 1 pain complet, 1 tranche de pain, 6 p\u00e2tes farfalle jaunes, 1 fraise, 1 poire verte, 1 pomme verte, 1 mini-banane, 1 champignon, 1 concombre, 1 carotte, 1 poivron, 1 laitue, 2 sachets de th\u00e9, 1 bouteille de jus de pomme et 5 bouteilles d&#8217;eau. Un\u00a0manuel d&#8217;utilisation est \u00e9galement inclus.<\/p>\n<p>L&#8217;ensemble de pyramide nutritionnelle Erzi est fabriqu\u00e9 en h\u00eatre massif et en contreplaqu\u00e9 de bouleau. Les pi\u00e8ces alimentaires en bois sont finies avec une laque non toxique \u00e0 base d&#8217;eau. Le plateau\u00a0est imprim\u00e9e en couleur et finie avec une laque non toxique \u00e0 base d&#8217;eau, avec une finition naturelle. Il mesure 59,5 x 59,5 x 8,5 cm. Ce mat\u00e9riel p\u00e9dagogique en bois de haute qualit\u00e9 est fabriqu\u00e9 de mani\u00e8re durable en Allemagne.<\/p>\n<p>Avertissement : Ne convient pas aux enfants de moins de 36 mois.\u00a0Risque d&#8217;\u00e9touffement.\u00a0Petites pi\u00e8ces et petites balles.<\/p>\n<p>La gamme compl\u00e8te de produits Erzi porte le sceau distinctif de qualit\u00e9 \u00ab made in Germany \u00bb, provenant, comme il le dit, des montagnes de minerai de l\u2019Allemagne.<\/p>\n<p>Erzi utilise du bois d\u2019origine locale certifi\u00e9 et am\u00e9lior\u00e9 par le label Forest Stewardship Council (FSC) pour la cr\u00e9ation de leurs jouets. Toutes les finitions, telles que les peintures \u00e0 base d\u2019eau et les vernis, ne sont pas toxiques et chaque produit Erzi est conforme au plus haut niveau de s\u00e9curit\u00e9 des jouets. Les produits de jeu et d\u2019apprentissage Erzi de haute qualit\u00e9 se distinguent par une grande diversit\u00e9 de formes et de couleurs naturelles et sont durables et \u00e9cologiques.<\/p>\n<p>La pyramide nutritionnelle Erzi convient aux enfants \u00e2g\u00e9s de 3 ans et plus.<\/p>\n<p>Contenu :<\/p>\n<p>1 plateau de jeu imprim\u00e9<br \/>\n51 pi\u00e8ces d&#8217;aliments en bois r\u00e9alistes<br \/>\n1 jeu d&#8217;instructions<\/p>\n","protected":false},"excerpt":{"rendered":"<p>Num\u00e9ro d&#8217;article: 42489<\/p>\n<p>L&#8217;ensemble d&#8217;aliments en bois et un tableau illustr\u00e9 de la pyramide nutritionnelle sont parfaits pour enseigner aux enfants d&#8217; une bonne nutrition.<\/p>\n","protected":false},"featured_media":37700,"comment_status":"open","ping_status":"closed","template":"","meta":[],"product_brand":[],"product_cat":[8527,215,216,22344,284,283,293,17210,17209,8526,13130,1220,23650,763,17211,277,7595,217,17235,5851,13153,292,212],"product_tag":[20620,20621,20618,20622,20619,20616,20617],"class_list":{"0":"post-38403","1":"product","2":"type-product","3":"status-publish","4":"has-post-thumbnail","6":"product_cat-3-6-ans-ecole-a-domicile","7":"product_cat-3-6-ans","8":"product_cat-6-12-ans","9":"product_cat-collections-saisonnieres","10":"product_cat-culture-sciences","11":"product_cat-domaines-du-curriculum","12":"product_cat-ensembles-dactivites","13":"product_cat-epiceries-cuisines-accessoires","14":"product_cat-erzi-fr","15":"product_cat-fournitures-scolaires-a-domicile","16":"product_cat-jouer","17":"product_cat-traditionnelle","18":"product_cat-la-rentree-scolaire","19":"product_cat-la-science","20":"product_cat-materiel-didactique","21":"product_cat-materiel-indispensable","22":"product_cat-methode-deducation","23":"product_cat-marques","24":"product_cat-nourriture-de-jeu-realiste-en-bois","25":"product_cat-nouveautes","26":"product_cat-pack-classe-3-6-ans","27":"product_cat-appui-au-curriculum","28":"product_cat-tranche-dage","29":"product_tag-enseigner-la-nutrition","30":"product_tag-enseigner-une-alimentation-saine","31":"product_tag-ensemble-de-nutrition-erzi","32":"product_tag-erzi-kit-decole-alimentaire-en-bois","33":"product_tag-materiel-sur-la-pyramide-alimentaire","34":"product_tag-plaque-nutritionnelle-erzi","35":"product_tag-pyramide-nutritionnelle-erzi","37":"first","38":"instock","39":"taxable","40":"shipping-taxable","41":"purchasable","42":"product-type-simple"},"yoast_head":"<!-- This site is optimized with the Yoast SEO plugin v27.1.1 - https:\/\/yoast.com\/product\/yoast-seo-wordpress\/ -->\n<title>Pyramide nutritionnelle - Erzi - Teia Education &amp; Play<\/title>\n<meta name=\"description\" content=\"Les aliments en bois et un tableau illustr\u00e9 de la pyramide nutritionnelle Erzi sont parfaits pour enseigner aux enfants d&#039;une bonne nutrition.\" \/>\n<meta name=\"robots\" content=\"index, follow, max-snippet:-1, max-image-preview:large, max-video-preview:-1\" \/>\n<link rel=\"canonical\" href=\"https:\/\/teiaeducation.ch\/fr\/produit\/nutrition-pyramide-erzi\/\" \/>\n<meta property=\"og:locale\" content=\"fr_FR\" \/>\n<meta property=\"og:type\" content=\"article\" \/>\n<meta property=\"og:title\" content=\"Pyramide nutritionnelle - Erzi - Teia Education &amp; Play\" \/>\n<meta property=\"og:description\" content=\"Les aliments en bois et un tableau illustr\u00e9 de la pyramide nutritionnelle Erzi sont parfaits pour enseigner aux enfants d&#039;une bonne nutrition.\" \/>\n<meta property=\"og:url\" content=\"https:\/\/teiaeducation.ch\/fr\/produit\/nutrition-pyramide-erzi\/\" \/>\n<meta property=\"og:site_name\" content=\"Sustainable Educational Products &amp; Ecological Toys\u00a0\" \/>\n<meta property=\"article:publisher\" content=\"https:\/\/www.facebook.com\/teiaeducation\/\" \/>\n<meta property=\"article:modified_time\" content=\"2021-12-16T12:56:50+00:00\" \/>\n<meta property=\"og:image\" content=\"https:\/\/teiaeducation.ch\/wp-content\/uploads\/2021\/07\/Nutrition-pyramid-Erzi01-scaled.jpg\" \/>\n\t<meta property=\"og:image:width\" content=\"900\" \/>\n\t<meta property=\"og:image:height\" content=\"900\" \/>\n\t<meta property=\"og:image:type\" content=\"image\/jpeg\" \/>\n<script type=\"application\/ld+json\" class=\"yoast-schema-graph\">{\"@context\":\"https:\/\/schema.org\",\"@graph\":[{\"@type\":\"WebPage\",\"@id\":\"https:\/\/teiaeducation.ch\/fr\/produit\/nutrition-pyramide-erzi\/\",\"url\":\"https:\/\/teiaeducation.ch\/fr\/produit\/nutrition-pyramide-erzi\/\",\"name\":\"Pyramide nutritionnelle - Erzi - Teia Education & Play\",\"isPartOf\":{\"@id\":\"https:\/\/teiaeducation.ch\/fr\/#website\"},\"primaryImageOfPage\":{\"@id\":\"https:\/\/teiaeducation.ch\/fr\/produit\/nutrition-pyramide-erzi\/#primaryimage\"},\"image\":{\"@id\":\"https:\/\/teiaeducation.ch\/fr\/produit\/nutrition-pyramide-erzi\/#primaryimage\"},\"thumbnailUrl\":\"https:\/\/teiaeducation.ch\/wp-content\/uploads\/2021\/07\/Nutrition-pyramid-Erzi01-scaled.jpg\",\"datePublished\":\"2021-07-06T13:15:43+00:00\",\"dateModified\":\"2021-12-16T12:56:50+00:00\",\"description\":\"Les aliments en bois et un tableau illustr\u00e9 de la pyramide nutritionnelle Erzi sont parfaits pour enseigner aux enfants d'une bonne nutrition.\",\"breadcrumb\":{\"@id\":\"https:\/\/teiaeducation.ch\/fr\/produit\/nutrition-pyramide-erzi\/#breadcrumb\"},\"inLanguage\":\"fr-FR\",\"potentialAction\":[{\"@type\":\"ReadAction\",\"target\":[\"https:\/\/teiaeducation.ch\/fr\/produit\/nutrition-pyramide-erzi\/\"]}]},{\"@type\":\"ImageObject\",\"inLanguage\":\"fr-FR\",\"@id\":\"https:\/\/teiaeducation.ch\/fr\/produit\/nutrition-pyramide-erzi\/#primaryimage\",\"url\":\"https:\/\/teiaeducation.ch\/wp-content\/uploads\/2021\/07\/Nutrition-pyramid-Erzi01-scaled.jpg\",\"contentUrl\":\"https:\/\/teiaeducation.ch\/wp-content\/uploads\/2021\/07\/Nutrition-pyramid-Erzi01-scaled.jpg\",\"width\":900,\"height\":900,\"caption\":\"Pyramide nutritionnelle et aliments en bois pour enfants - Erzi\"},{\"@type\":\"BreadcrumbList\",\"@id\":\"https:\/\/teiaeducation.ch\/fr\/produit\/nutrition-pyramide-erzi\/#breadcrumb\",\"itemListElement\":[{\"@type\":\"ListItem\",\"position\":1,\"name\":\"Home\",\"item\":\"https:\/\/teiaeducation.ch\/fr\/\"},{\"@type\":\"ListItem\",\"position\":2,\"name\":\"Boutique Teia Education &amp; Play\",\"item\":\"https:\/\/teiaeducation.ch\/fr\/boutique\/\"},{\"@type\":\"ListItem\",\"position\":3,\"name\":\"Nos Marques\",\"item\":\"https:\/\/teiaeducation.ch\/fr\/categorie-produit\/marques\/\"},{\"@type\":\"ListItem\",\"position\":4,\"name\":\"Erzi\",\"item\":\"https:\/\/teiaeducation.ch\/fr\/categorie-produit\/marques\/erzi-fr\/\"},{\"@type\":\"ListItem\",\"position\":5,\"name\":\"\u00c9piceries, Cuisines &amp; Accessoires\",\"item\":\"https:\/\/teiaeducation.ch\/fr\/categorie-produit\/marques\/erzi-fr\/epiceries-cuisines-accessoires\/\"},{\"@type\":\"ListItem\",\"position\":6,\"name\":\"Pyramide nutritionnelle &#8211; Erzi\"}]},{\"@type\":\"WebSite\",\"@id\":\"https:\/\/teiaeducation.ch\/fr\/#website\",\"url\":\"https:\/\/teiaeducation.ch\/fr\/\",\"name\":\"Sustainable Educational Products &amp; Ecological Toys\u00a0\",\"description\":\"Specialised Swiss shop selling sustainable educational toys and games, AMI certified Montessori materials, handmade ecological wooden Waldorf toys and arts &amp; crafts supplies, school supplies, children&#039;s furniture and Montessori reference and parenting books.\",\"publisher\":{\"@id\":\"https:\/\/teiaeducation.ch\/fr\/#organization\"},\"alternateName\":\"Teia Education & Play\",\"potentialAction\":[{\"@type\":\"SearchAction\",\"target\":{\"@type\":\"EntryPoint\",\"urlTemplate\":\"https:\/\/teiaeducation.ch\/fr\/?s={search_term_string}\"},\"query-input\":{\"@type\":\"PropertyValueSpecification\",\"valueRequired\":true,\"valueName\":\"search_term_string\"}}],\"inLanguage\":\"fr-FR\"},{\"@type\":\"Organization\",\"@id\":\"https:\/\/teiaeducation.ch\/fr\/#organization\",\"name\":\"Teia Education & Play\",\"url\":\"https:\/\/teiaeducation.ch\/fr\/\",\"logo\":{\"@type\":\"ImageObject\",\"inLanguage\":\"fr-FR\",\"@id\":\"https:\/\/teiaeducation.ch\/fr\/#\/schema\/logo\/image\/\",\"url\":\"https:\/\/teiaeducation.ch\/wp-content\/uploads\/2020\/11\/Teia-Education-Switzerland-e1620156442216.jpg\",\"contentUrl\":\"https:\/\/teiaeducation.ch\/wp-content\/uploads\/2020\/11\/Teia-Education-Switzerland-e1620156442216.jpg\",\"width\":166,\"height\":145,\"caption\":\"Teia Education & Play\"},\"image\":{\"@id\":\"https:\/\/teiaeducation.ch\/fr\/#\/schema\/logo\/image\/\"},\"sameAs\":[\"https:\/\/www.facebook.com\/teiaeducation\/\",\"https:\/\/x.com\/EducationTeia\",\"https:\/\/www.instagram.com\/teia.education\/\",\"https:\/\/www.linkedin.com\/company\/35501660\",\"https:\/\/www.pinterest.ch\/TeiaEducation\/\"]}]}<\/script>\n<!-- \/ Yoast SEO plugin. -->","yoast_head_json":{"title":"Pyramide nutritionnelle - Erzi - Teia Education & Play","description":"Les aliments en bois et un tableau illustr\u00e9 de la pyramide nutritionnelle Erzi sont parfaits pour enseigner aux enfants d'une bonne nutrition.","robots":{"index":"index","follow":"follow","max-snippet":"max-snippet:-1","max-image-preview":"max-image-preview:large","max-video-preview":"max-video-preview:-1"},"canonical":"https:\/\/teiaeducation.ch\/fr\/produit\/nutrition-pyramide-erzi\/","og_locale":"fr_FR","og_type":"article","og_title":"Pyramide nutritionnelle - Erzi - Teia Education & Play","og_description":"Les aliments en bois et un tableau illustr\u00e9 de la pyramide nutritionnelle Erzi sont parfaits pour enseigner aux enfants d'une bonne nutrition.","og_url":"https:\/\/teiaeducation.ch\/fr\/produit\/nutrition-pyramide-erzi\/","og_site_name":"Sustainable Educational Products &amp; Ecological Toys\u00a0","article_publisher":"https:\/\/www.facebook.com\/teiaeducation\/","article_modified_time":"2021-12-16T12:56:50+00:00","og_image":[{"width":900,"height":900,"url":"https:\/\/teiaeducation.ch\/wp-content\/uploads\/2021\/07\/Nutrition-pyramid-Erzi01-scaled.jpg","type":"image\/jpeg"}],"schema":{"@context":"https:\/\/schema.org","@graph":[{"@type":"WebPage","@id":"https:\/\/teiaeducation.ch\/fr\/produit\/nutrition-pyramide-erzi\/","url":"https:\/\/teiaeducation.ch\/fr\/produit\/nutrition-pyramide-erzi\/","name":"Pyramide nutritionnelle - Erzi - Teia Education & Play","isPartOf":{"@id":"https:\/\/teiaeducation.ch\/fr\/#website"},"primaryImageOfPage":{"@id":"https:\/\/teiaeducation.ch\/fr\/produit\/nutrition-pyramide-erzi\/#primaryimage"},"image":{"@id":"https:\/\/teiaeducation.ch\/fr\/produit\/nutrition-pyramide-erzi\/#primaryimage"},"thumbnailUrl":"https:\/\/teiaeducation.ch\/wp-content\/uploads\/2021\/07\/Nutrition-pyramid-Erzi01-scaled.jpg","datePublished":"2021-07-06T13:15:43+00:00","dateModified":"2021-12-16T12:56:50+00:00","description":"Les aliments en bois et un tableau illustr\u00e9 de la pyramide nutritionnelle Erzi sont parfaits pour enseigner aux enfants d'une bonne nutrition.","breadcrumb":{"@id":"https:\/\/teiaeducation.ch\/fr\/produit\/nutrition-pyramide-erzi\/#breadcrumb"},"inLanguage":"fr-FR","potentialAction":[{"@type":"ReadAction","target":["https:\/\/teiaeducation.ch\/fr\/produit\/nutrition-pyramide-erzi\/"]}]},{"@type":"ImageObject","inLanguage":"fr-FR","@id":"https:\/\/teiaeducation.ch\/fr\/produit\/nutrition-pyramide-erzi\/#primaryimage","url":"https:\/\/teiaeducation.ch\/wp-content\/uploads\/2021\/07\/Nutrition-pyramid-Erzi01-scaled.jpg","contentUrl":"https:\/\/teiaeducation.ch\/wp-content\/uploads\/2021\/07\/Nutrition-pyramid-Erzi01-scaled.jpg","width":900,"height":900,"caption":"Pyramide nutritionnelle et aliments en bois pour enfants - Erzi"},{"@type":"BreadcrumbList","@id":"https:\/\/teiaeducation.ch\/fr\/produit\/nutrition-pyramide-erzi\/#breadcrumb","itemListElement":[{"@type":"ListItem","position":1,"name":"Home","item":"https:\/\/teiaeducation.ch\/fr\/"},{"@type":"ListItem","position":2,"name":"Boutique Teia Education &amp; Play","item":"https:\/\/teiaeducation.ch\/fr\/boutique\/"},{"@type":"ListItem","position":3,"name":"Nos Marques","item":"https:\/\/teiaeducation.ch\/fr\/categorie-produit\/marques\/"},{"@type":"ListItem","position":4,"name":"Erzi","item":"https:\/\/teiaeducation.ch\/fr\/categorie-produit\/marques\/erzi-fr\/"},{"@type":"ListItem","position":5,"name":"\u00c9piceries, Cuisines &amp; Accessoires","item":"https:\/\/teiaeducation.ch\/fr\/categorie-produit\/marques\/erzi-fr\/epiceries-cuisines-accessoires\/"},{"@type":"ListItem","position":6,"name":"Pyramide nutritionnelle &#8211; Erzi"}]},{"@type":"WebSite","@id":"https:\/\/teiaeducation.ch\/fr\/#website","url":"https:\/\/teiaeducation.ch\/fr\/","name":"Sustainable Educational Products &amp; Ecological Toys\u00a0","description":"Specialised Swiss shop selling sustainable educational toys and games, AMI certified Montessori materials, handmade ecological wooden Waldorf toys and arts &amp; crafts supplies, school supplies, children&#039;s furniture and Montessori reference and parenting books.","publisher":{"@id":"https:\/\/teiaeducation.ch\/fr\/#organization"},"alternateName":"Teia Education & Play","potentialAction":[{"@type":"SearchAction","target":{"@type":"EntryPoint","urlTemplate":"https:\/\/teiaeducation.ch\/fr\/?s={search_term_string}"},"query-input":{"@type":"PropertyValueSpecification","valueRequired":true,"valueName":"search_term_string"}}],"inLanguage":"fr-FR"},{"@type":"Organization","@id":"https:\/\/teiaeducation.ch\/fr\/#organization","name":"Teia Education & Play","url":"https:\/\/teiaeducation.ch\/fr\/","logo":{"@type":"ImageObject","inLanguage":"fr-FR","@id":"https:\/\/teiaeducation.ch\/fr\/#\/schema\/logo\/image\/","url":"https:\/\/teiaeducation.ch\/wp-content\/uploads\/2020\/11\/Teia-Education-Switzerland-e1620156442216.jpg","contentUrl":"https:\/\/teiaeducation.ch\/wp-content\/uploads\/2020\/11\/Teia-Education-Switzerland-e1620156442216.jpg","width":166,"height":145,"caption":"Teia Education & Play"},"image":{"@id":"https:\/\/teiaeducation.ch\/fr\/#\/schema\/logo\/image\/"},"sameAs":["https:\/\/www.facebook.com\/teiaeducation\/","https:\/\/x.com\/EducationTeia","https:\/\/www.instagram.com\/teia.education\/","https:\/\/www.linkedin.com\/company\/35501660","https:\/\/www.pinterest.ch\/TeiaEducation\/"]}]}},"_links":{"self":[{"href":"https:\/\/teiaeducation.ch\/fr\/wp-json\/wp\/v2\/product\/38403","targetHints":{"allow":["GET"]}}],"collection":[{"href":"https:\/\/teiaeducation.ch\/fr\/wp-json\/wp\/v2\/product"}],"about":[{"href":"https:\/\/teiaeducation.ch\/fr\/wp-json\/wp\/v2\/types\/product"}],"replies":[{"embeddable":true,"href":"https:\/\/teiaeducation.ch\/fr\/wp-json\/wp\/v2\/comments?post=38403"}],"wp:featuredmedia":[{"embeddable":true,"href":"https:\/\/teiaeducation.ch\/fr\/wp-json\/wp\/v2\/media\/37700"}],"wp:attachment":[{"href":"https:\/\/teiaeducation.ch\/fr\/wp-json\/wp\/v2\/media?parent=38403"}],"wp:term":[{"taxonomy":"product_brand","embeddable":true,"href":"https:\/\/teiaeducation.ch\/fr\/wp-json\/wp\/v2\/product_brand?post=38403"},{"taxonomy":"product_cat","embeddable":true,"href":"https:\/\/teiaeducation.ch\/fr\/wp-json\/wp\/v2\/product_cat?post=38403"},{"taxonomy":"product_tag","embeddable":true,"href":"https:\/\/teiaeducation.ch\/fr\/wp-json\/wp\/v2\/product_tag?post=38403"}],"curies":[{"name":"wp","href":"https:\/\/api.w.org\/{rel}","templated":true}]}}