{"id":38404,"date":"2021-07-05T16:29:08","date_gmt":"2021-07-05T14:29:08","guid":{"rendered":"https:\/\/teiaeducation.ch\/product\/boite-de-tri-de-formes-en-bois-erzi\/"},"modified":"2024-08-05T06:54:23","modified_gmt":"2024-08-05T04:54:23","slug":"tri-formes-boite-erzi","status":"publish","type":"product","link":"https:\/\/teiaeducation.ch\/fr\/produit\/tri-formes-boite-erzi\/","title":{"rendered":"Bo\u00eete de tri de formes en bois &#8211; Erzi"},"content":{"rendered":"<p>Bo\u00eete de tri de formes en bois &#8211; Erzi<\/p>\n<p>La bo\u00eete de tri de formes d&#8217;Erzi est un jouet en bois \u00e9ducatif classique pour l&#8217;apprentissage des jeunes enfants par le jeu.<\/p>\n<p>Les enfants peuvent s&#8217;amuser \u00e0 d\u00e9couvrir et \u00e0 apprendre les diff\u00e9rentes formes et couleurs avec ce jouet soigneusement con\u00e7u. Guidant et soutenant l&#8217;enfant dans son apprentissage, les grandes formes g\u00e9om\u00e9triques color\u00e9es sont faciles \u00e0 comprendre et \u00e0 trier dans l&#8217;ouverture correspondante de la bo\u00eete ; chaque forme ne peut \u00eatre ins\u00e9r\u00e9e que par sa propre ouverture.<\/p>\n<p>Mat\u00e9riau classique pour favoriser le d\u00e9veloppement du jeune enfant, la bo\u00eete de tri de formes d&#8217;Erzi favorise la concentration et la <a href=\"https:\/\/teiaeducation.ch\/fr\/categorie-produit\/domaines-du-curriculum\/sensorielles-motrices\/competences-motrices\/\">motricit\u00e9 fine<\/a>, ainsi que les capacit\u00e9s cognitives et la dext\u00e9rit\u00e9. Lorsque le jeu est termin\u00e9, les formes peuvent \u00eatre plac\u00e9es dans la bo\u00eete pour un rangement facile.<\/p>\n<p>La bo\u00eete de tri Erzi est fabriqu\u00e9e en h\u00eatre massif et en contreplaqu\u00e9 de bouleau et elle mesure 15 x 15 x 8cm. Les formes sont finies dans une laque non toxique \u00e0 base d&#8217;eau et la bo\u00eete a une finition naturelle. Ce jouet \u00e9ducatif en bois de haute qualit\u00e9 est fabriqu\u00e9 de mani\u00e8re durable en Allemagne.<\/p>\n<p>La gamme compl\u00e8te de produits Erzi porte le sceau distinctif de qualit\u00e9 \u00ab made in Germany \u00bb, provenant, comme il le dit, des montagnes de minerai de l\u2019Allemagne.<\/p>\n<p>Erzi utilise du bois d\u2019origine locale certifi\u00e9 et am\u00e9lior\u00e9 par le label Forest Stewardship Council (FSC) pour la cr\u00e9ation de leurs jouets. Toutes les finitions, telles que les peintures \u00e0 base d\u2019eau et les vernis, ne sont pas toxiques et chaque produit Erzi est conforme au plus haut niveau de s\u00e9curit\u00e9 des jouets. Les produits de jeu et d\u2019apprentissage Erzi de haute qualit\u00e9 se distinguent par une grande diversit\u00e9 de formes et de couleurs naturelles et sont durables et \u00e9cologiques.<\/p>\n<p>La bo\u00eete de tri de formes Erzi convient aux enfants \u00e2g\u00e9s de 1 an et plus.<\/p>\n<p>Contenu :<\/p>\n<p>1 bo\u00eete de tri en bois avec un couvercle amovible<br \/>\n5 formes en bois<\/p>\n","protected":false},"excerpt":{"rendered":"<p>Num\u00e9ro d&#8217;article: 42510<\/p>\n<p>La bo\u00eete de tri de formes d&#8217;Erzi est un jouet en bois \u00e9ducatif classique pour l&#8217;apprentissage de l&#8217;enfance par le jeu, et est fabriqu\u00e9 en Allemagne.<\/p>\n","protected":false},"featured_media":37702,"comment_status":"open","ping_status":"closed","template":"","meta":[],"product_brand":[],"product_cat":[208,633,635,283,17209,8526,8572,13130,626,23020,1220,624,17211,288,7595,217,5851,13148,209,212],"product_tag":[20623,23602,20628,17563,20629,20627,20626,20625,20624,23609],"class_list":{"0":"post-38404","1":"product","2":"type-product","3":"status-publish","4":"has-post-thumbnail","6":"product_cat-1-3-ans","7":"product_cat-apprendre-les-couleurs","8":"product_cat-competences-motrices","9":"product_cat-domaines-du-curriculum","10":"product_cat-erzi-fr","11":"product_cat-fournitures-scolaires-a-domicile","12":"product_cat-jeu-et-apprentissage-pour-bebes-et-jeunes-enfants","13":"product_cat-jouer","14":"product_cat-jouets-a-trier","15":"product_cat-jouets-en-bois","16":"product_cat-traditionnelle","17":"product_cat-formes","18":"product_cat-materiel-didactique","19":"product_cat-mathematiques-calcul","20":"product_cat-methode-deducation","21":"product_cat-marques","22":"product_cat-nouveautes","23":"product_cat-puzzles-en-bois","24":"product_cat-sensorielles-motrices","25":"product_cat-tranche-dage","26":"product_tag-boite-de-tri-de-formes-erzi","27":"product_tag-educational-toys-fr","28":"product_tag-jouets-en-bois-classiques","29":"product_tag-jouets-en-bois-durables","30":"product_tag-jouets-en-bois-pour-un-enfant-dun-an","31":"product_tag-jouets-traditionnels-deveil","32":"product_tag-jouets-traditionnels-en-bois","33":"product_tag-trieur-de-formes-en-bois-fr","34":"product_tag-trieur-de-formes-erzi","35":"product_tag-wooden-toys-made-in-germany-fr","37":"first","38":"instock","39":"taxable","40":"shipping-taxable","41":"purchasable","42":"product-type-simple"},"yoast_head":"<!-- This site is optimized with the Yoast SEO Premium plugin v25.8 (Yoast SEO v27.4) - https:\/\/yoast.com\/product\/yoast-seo-premium-wordpress\/ -->\n<title>Bo\u00eete de tri de formes en bois - Erzi - Teia Education &amp; Play<\/title>\n<meta name=\"description\" content=\"La bo\u00eete de tri de formes d&#039;Erzi est un jouet en bois \u00e9ducatif classique pour l&#039;apprentissage de l&#039;enfance par le jeu, et est fabriqu\u00e9 en Allemagne.\" \/>\n<meta name=\"robots\" content=\"index, follow, max-snippet:-1, max-image-preview:large, max-video-preview:-1\" \/>\n<link rel=\"canonical\" href=\"https:\/\/teiaeducation.ch\/fr\/produit\/tri-formes-boite-erzi\/\" \/>\n<meta property=\"og:locale\" content=\"fr_FR\" \/>\n<meta property=\"og:type\" content=\"article\" \/>\n<meta property=\"og:title\" content=\"Bo\u00eete de tri de formes en bois - Erzi\" \/>\n<meta property=\"og:description\" content=\"La bo\u00eete de tri de formes d&#039;Erzi est un jouet en bois \u00e9ducatif classique pour l&#039;apprentissage de l&#039;enfance par le jeu, et est fabriqu\u00e9 en Allemagne.\" \/>\n<meta property=\"og:url\" content=\"https:\/\/teiaeducation.ch\/fr\/produit\/tri-formes-boite-erzi\/\" \/>\n<meta property=\"og:site_name\" content=\"Sustainable Educational Products &amp; Ecological Toys\u00a0\" \/>\n<meta property=\"article:publisher\" content=\"https:\/\/www.facebook.com\/teiaeducation\/\" \/>\n<meta property=\"article:modified_time\" content=\"2024-08-05T04:54:23+00:00\" \/>\n<meta property=\"og:image\" content=\"https:\/\/teiaeducation.ch\/wp-content\/uploads\/2021\/07\/Shape-sorting-box-Erzi01-scaled.jpg\" \/>\n\t<meta property=\"og:image:width\" content=\"900\" \/>\n\t<meta property=\"og:image:height\" content=\"900\" \/>\n\t<meta property=\"og:image:type\" content=\"image\/jpeg\" \/>\n<script type=\"application\/ld+json\" class=\"yoast-schema-graph\">{\"@context\":\"https:\\\/\\\/schema.org\",\"@graph\":[{\"@type\":\"WebPage\",\"@id\":\"https:\\\/\\\/teiaeducation.ch\\\/fr\\\/produit\\\/tri-formes-boite-erzi\\\/\",\"url\":\"https:\\\/\\\/teiaeducation.ch\\\/fr\\\/produit\\\/tri-formes-boite-erzi\\\/\",\"name\":\"Bo\u00eete de tri de formes en bois - Erzi - Teia Education & Play\",\"isPartOf\":{\"@id\":\"https:\\\/\\\/teiaeducation.ch\\\/fr\\\/#website\"},\"primaryImageOfPage\":{\"@id\":\"https:\\\/\\\/teiaeducation.ch\\\/fr\\\/produit\\\/tri-formes-boite-erzi\\\/#primaryimage\"},\"image\":{\"@id\":\"https:\\\/\\\/teiaeducation.ch\\\/fr\\\/produit\\\/tri-formes-boite-erzi\\\/#primaryimage\"},\"thumbnailUrl\":\"https:\\\/\\\/teiaeducation.ch\\\/wp-content\\\/uploads\\\/2021\\\/07\\\/Shape-sorting-box-Erzi01-scaled.jpg\",\"datePublished\":\"2021-07-05T14:29:08+00:00\",\"dateModified\":\"2024-08-05T04:54:23+00:00\",\"description\":\"La bo\u00eete de tri de formes d'Erzi est un jouet en bois \u00e9ducatif classique pour l'apprentissage de l'enfance par le jeu, et est fabriqu\u00e9 en Allemagne.\",\"breadcrumb\":{\"@id\":\"https:\\\/\\\/teiaeducation.ch\\\/fr\\\/produit\\\/tri-formes-boite-erzi\\\/#breadcrumb\"},\"inLanguage\":\"fr-FR\",\"potentialAction\":[{\"@type\":\"ReadAction\",\"target\":[\"https:\\\/\\\/teiaeducation.ch\\\/fr\\\/produit\\\/tri-formes-boite-erzi\\\/\"]}]},{\"@type\":\"ImageObject\",\"inLanguage\":\"fr-FR\",\"@id\":\"https:\\\/\\\/teiaeducation.ch\\\/fr\\\/produit\\\/tri-formes-boite-erzi\\\/#primaryimage\",\"url\":\"https:\\\/\\\/teiaeducation.ch\\\/wp-content\\\/uploads\\\/2021\\\/07\\\/Shape-sorting-box-Erzi01-scaled.jpg\",\"contentUrl\":\"https:\\\/\\\/teiaeducation.ch\\\/wp-content\\\/uploads\\\/2021\\\/07\\\/Shape-sorting-box-Erzi01-scaled.jpg\",\"width\":900,\"height\":900,\"caption\":\"Bo\u00eete de tri de formes - Erzi\"},{\"@type\":\"BreadcrumbList\",\"@id\":\"https:\\\/\\\/teiaeducation.ch\\\/fr\\\/produit\\\/tri-formes-boite-erzi\\\/#breadcrumb\",\"itemListElement\":[{\"@type\":\"ListItem\",\"position\":1,\"name\":\"Home\",\"item\":\"https:\\\/\\\/teiaeducation.ch\\\/fr\\\/\"},{\"@type\":\"ListItem\",\"position\":2,\"name\":\"Boutique Teia Education &amp; Play\",\"item\":\"https:\\\/\\\/teiaeducation.ch\\\/fr\\\/boutique\\\/\"},{\"@type\":\"ListItem\",\"position\":3,\"name\":\"Nos Marques\",\"item\":\"https:\\\/\\\/teiaeducation.ch\\\/fr\\\/categorie-produit\\\/marques\\\/\"},{\"@type\":\"ListItem\",\"position\":4,\"name\":\"Erzi\",\"item\":\"https:\\\/\\\/teiaeducation.ch\\\/fr\\\/categorie-produit\\\/marques\\\/erzi-fr\\\/\"},{\"@type\":\"ListItem\",\"position\":5,\"name\":\"Mat\u00e9riel Didactique\",\"item\":\"https:\\\/\\\/teiaeducation.ch\\\/fr\\\/categorie-produit\\\/marques\\\/erzi-fr\\\/materiel-didactique\\\/\"},{\"@type\":\"ListItem\",\"position\":6,\"name\":\"Bo\u00eete de tri de formes en bois &#8211; Erzi\"}]},{\"@type\":\"WebSite\",\"@id\":\"https:\\\/\\\/teiaeducation.ch\\\/fr\\\/#website\",\"url\":\"https:\\\/\\\/teiaeducation.ch\\\/fr\\\/\",\"name\":\"Sustainable Educational Products &amp; Ecological Toys\u00a0\",\"description\":\"Specialised Swiss shop selling sustainable educational toys and games, AMI certified Montessori materials, handmade ecological wooden Waldorf toys and arts &amp; crafts supplies, school supplies, children&#039;s furniture and Montessori reference and parenting books.\",\"publisher\":{\"@id\":\"https:\\\/\\\/teiaeducation.ch\\\/fr\\\/#organization\"},\"alternateName\":\"Teia Education & Play\",\"potentialAction\":[{\"@type\":\"SearchAction\",\"target\":{\"@type\":\"EntryPoint\",\"urlTemplate\":\"https:\\\/\\\/teiaeducation.ch\\\/fr\\\/?s={search_term_string}\"},\"query-input\":{\"@type\":\"PropertyValueSpecification\",\"valueRequired\":true,\"valueName\":\"search_term_string\"}}],\"inLanguage\":\"fr-FR\"},{\"@type\":\"Organization\",\"@id\":\"https:\\\/\\\/teiaeducation.ch\\\/fr\\\/#organization\",\"name\":\"Teia Education & Play\",\"url\":\"https:\\\/\\\/teiaeducation.ch\\\/fr\\\/\",\"logo\":{\"@type\":\"ImageObject\",\"inLanguage\":\"fr-FR\",\"@id\":\"https:\\\/\\\/teiaeducation.ch\\\/fr\\\/#\\\/schema\\\/logo\\\/image\\\/\",\"url\":\"https:\\\/\\\/teiaeducation.ch\\\/wp-content\\\/uploads\\\/2020\\\/11\\\/Teia-Education-Switzerland-e1620156442216.jpg\",\"contentUrl\":\"https:\\\/\\\/teiaeducation.ch\\\/wp-content\\\/uploads\\\/2020\\\/11\\\/Teia-Education-Switzerland-e1620156442216.jpg\",\"width\":166,\"height\":145,\"caption\":\"Teia Education & Play\"},\"image\":{\"@id\":\"https:\\\/\\\/teiaeducation.ch\\\/fr\\\/#\\\/schema\\\/logo\\\/image\\\/\"},\"sameAs\":[\"https:\\\/\\\/www.facebook.com\\\/teiaeducation\\\/\",\"https:\\\/\\\/x.com\\\/EducationTeia\",\"https:\\\/\\\/www.instagram.com\\\/teia.education\\\/\",\"https:\\\/\\\/www.linkedin.com\\\/company\\\/35501660\",\"https:\\\/\\\/www.pinterest.ch\\\/TeiaEducation\\\/\"]}]}<\/script>\n<meta property=\"product:price:amount\" content=\"38.00\" \/>\n<meta property=\"product:price:currency\" content=\"CHF\" \/>\n<meta property=\"og:availability\" content=\"instock\" \/>\n<meta property=\"product:availability\" content=\"instock\" \/>\n<meta property=\"product:retailer_item_id\" content=\"00000000000000000000000000000000000000000000037683\" \/>\n<meta property=\"product:condition\" content=\"new\" \/>\n<!-- \/ Yoast SEO Premium plugin. -->","yoast_head_json":{"title":"Bo\u00eete de tri de formes en bois - Erzi - Teia Education & Play","description":"La bo\u00eete de tri de formes d'Erzi est un jouet en bois \u00e9ducatif classique pour l'apprentissage de l'enfance par le jeu, et est fabriqu\u00e9 en Allemagne.","robots":{"index":"index","follow":"follow","max-snippet":"max-snippet:-1","max-image-preview":"max-image-preview:large","max-video-preview":"max-video-preview:-1"},"canonical":"https:\/\/teiaeducation.ch\/fr\/produit\/tri-formes-boite-erzi\/","og_locale":"fr_FR","og_type":"article","og_title":"Bo\u00eete de tri de formes en bois - Erzi","og_description":"La bo\u00eete de tri de formes d'Erzi est un jouet en bois \u00e9ducatif classique pour l'apprentissage de l'enfance par le jeu, et est fabriqu\u00e9 en Allemagne.","og_url":"https:\/\/teiaeducation.ch\/fr\/produit\/tri-formes-boite-erzi\/","og_site_name":"Sustainable Educational Products &amp; Ecological Toys\u00a0","article_publisher":"https:\/\/www.facebook.com\/teiaeducation\/","article_modified_time":"2024-08-05T04:54:23+00:00","og_image":[{"width":900,"height":900,"url":"https:\/\/teiaeducation.ch\/wp-content\/uploads\/2021\/07\/Shape-sorting-box-Erzi01-scaled.jpg","type":"image\/jpeg"}],"schema":{"@context":"https:\/\/schema.org","@graph":[{"@type":"WebPage","@id":"https:\/\/teiaeducation.ch\/fr\/produit\/tri-formes-boite-erzi\/","url":"https:\/\/teiaeducation.ch\/fr\/produit\/tri-formes-boite-erzi\/","name":"Bo\u00eete de tri de formes en bois - Erzi - Teia Education & Play","isPartOf":{"@id":"https:\/\/teiaeducation.ch\/fr\/#website"},"primaryImageOfPage":{"@id":"https:\/\/teiaeducation.ch\/fr\/produit\/tri-formes-boite-erzi\/#primaryimage"},"image":{"@id":"https:\/\/teiaeducation.ch\/fr\/produit\/tri-formes-boite-erzi\/#primaryimage"},"thumbnailUrl":"https:\/\/teiaeducation.ch\/wp-content\/uploads\/2021\/07\/Shape-sorting-box-Erzi01-scaled.jpg","datePublished":"2021-07-05T14:29:08+00:00","dateModified":"2024-08-05T04:54:23+00:00","description":"La bo\u00eete de tri de formes d'Erzi est un jouet en bois \u00e9ducatif classique pour l'apprentissage de l'enfance par le jeu, et est fabriqu\u00e9 en Allemagne.","breadcrumb":{"@id":"https:\/\/teiaeducation.ch\/fr\/produit\/tri-formes-boite-erzi\/#breadcrumb"},"inLanguage":"fr-FR","potentialAction":[{"@type":"ReadAction","target":["https:\/\/teiaeducation.ch\/fr\/produit\/tri-formes-boite-erzi\/"]}]},{"@type":"ImageObject","inLanguage":"fr-FR","@id":"https:\/\/teiaeducation.ch\/fr\/produit\/tri-formes-boite-erzi\/#primaryimage","url":"https:\/\/teiaeducation.ch\/wp-content\/uploads\/2021\/07\/Shape-sorting-box-Erzi01-scaled.jpg","contentUrl":"https:\/\/teiaeducation.ch\/wp-content\/uploads\/2021\/07\/Shape-sorting-box-Erzi01-scaled.jpg","width":900,"height":900,"caption":"Bo\u00eete de tri de formes - Erzi"},{"@type":"BreadcrumbList","@id":"https:\/\/teiaeducation.ch\/fr\/produit\/tri-formes-boite-erzi\/#breadcrumb","itemListElement":[{"@type":"ListItem","position":1,"name":"Home","item":"https:\/\/teiaeducation.ch\/fr\/"},{"@type":"ListItem","position":2,"name":"Boutique Teia Education &amp; Play","item":"https:\/\/teiaeducation.ch\/fr\/boutique\/"},{"@type":"ListItem","position":3,"name":"Nos Marques","item":"https:\/\/teiaeducation.ch\/fr\/categorie-produit\/marques\/"},{"@type":"ListItem","position":4,"name":"Erzi","item":"https:\/\/teiaeducation.ch\/fr\/categorie-produit\/marques\/erzi-fr\/"},{"@type":"ListItem","position":5,"name":"Mat\u00e9riel Didactique","item":"https:\/\/teiaeducation.ch\/fr\/categorie-produit\/marques\/erzi-fr\/materiel-didactique\/"},{"@type":"ListItem","position":6,"name":"Bo\u00eete de tri de formes en bois &#8211; Erzi"}]},{"@type":"WebSite","@id":"https:\/\/teiaeducation.ch\/fr\/#website","url":"https:\/\/teiaeducation.ch\/fr\/","name":"Sustainable Educational Products &amp; Ecological Toys\u00a0","description":"Specialised Swiss shop selling sustainable educational toys and games, AMI certified Montessori materials, handmade ecological wooden Waldorf toys and arts &amp; crafts supplies, school supplies, children&#039;s furniture and Montessori reference and parenting books.","publisher":{"@id":"https:\/\/teiaeducation.ch\/fr\/#organization"},"alternateName":"Teia Education & Play","potentialAction":[{"@type":"SearchAction","target":{"@type":"EntryPoint","urlTemplate":"https:\/\/teiaeducation.ch\/fr\/?s={search_term_string}"},"query-input":{"@type":"PropertyValueSpecification","valueRequired":true,"valueName":"search_term_string"}}],"inLanguage":"fr-FR"},{"@type":"Organization","@id":"https:\/\/teiaeducation.ch\/fr\/#organization","name":"Teia Education & Play","url":"https:\/\/teiaeducation.ch\/fr\/","logo":{"@type":"ImageObject","inLanguage":"fr-FR","@id":"https:\/\/teiaeducation.ch\/fr\/#\/schema\/logo\/image\/","url":"https:\/\/teiaeducation.ch\/wp-content\/uploads\/2020\/11\/Teia-Education-Switzerland-e1620156442216.jpg","contentUrl":"https:\/\/teiaeducation.ch\/wp-content\/uploads\/2020\/11\/Teia-Education-Switzerland-e1620156442216.jpg","width":166,"height":145,"caption":"Teia Education & Play"},"image":{"@id":"https:\/\/teiaeducation.ch\/fr\/#\/schema\/logo\/image\/"},"sameAs":["https:\/\/www.facebook.com\/teiaeducation\/","https:\/\/x.com\/EducationTeia","https:\/\/www.instagram.com\/teia.education\/","https:\/\/www.linkedin.com\/company\/35501660","https:\/\/www.pinterest.ch\/TeiaEducation\/"]}]},"product_price_amount":"38.00","product_price_currency":"CHF","og_availability":"instock","product_availability":"instock","product_retailer_item_id":"00000000000000000000000000000000000000000000037683","product_condition":"new"},"_links":{"self":[{"href":"https:\/\/teiaeducation.ch\/fr\/wp-json\/wp\/v2\/product\/38404","targetHints":{"allow":["GET"]}}],"collection":[{"href":"https:\/\/teiaeducation.ch\/fr\/wp-json\/wp\/v2\/product"}],"about":[{"href":"https:\/\/teiaeducation.ch\/fr\/wp-json\/wp\/v2\/types\/product"}],"replies":[{"embeddable":true,"href":"https:\/\/teiaeducation.ch\/fr\/wp-json\/wp\/v2\/comments?post=38404"}],"wp:featuredmedia":[{"embeddable":true,"href":"https:\/\/teiaeducation.ch\/fr\/wp-json\/wp\/v2\/media\/37702"}],"wp:attachment":[{"href":"https:\/\/teiaeducation.ch\/fr\/wp-json\/wp\/v2\/media?parent=38404"}],"wp:term":[{"taxonomy":"product_brand","embeddable":true,"href":"https:\/\/teiaeducation.ch\/fr\/wp-json\/wp\/v2\/product_brand?post=38404"},{"taxonomy":"product_cat","embeddable":true,"href":"https:\/\/teiaeducation.ch\/fr\/wp-json\/wp\/v2\/product_cat?post=38404"},{"taxonomy":"product_tag","embeddable":true,"href":"https:\/\/teiaeducation.ch\/fr\/wp-json\/wp\/v2\/product_tag?post=38404"}],"curies":[{"name":"wp","href":"https:\/\/api.w.org\/{rel}","templated":true}]}}