{"id":38406,"date":"2020-10-10T22:44:00","date_gmt":"2020-10-10T20:44:00","guid":{"rendered":"https:\/\/teiaeducation.ch\/product\/set-de-fete-wok-en-bois-erzi\/"},"modified":"2021-10-25T17:30:45","modified_gmt":"2021-10-25T15:30:45","slug":"bois-wok-party-assortiment-erzi","status":"publish","type":"product","link":"https:\/\/teiaeducation.ch\/fr\/produit\/bois-wok-party-assortiment-erzi\/","title":{"rendered":"Assortiment de f\u00eate wok en bois &#8211; Erzi"},"content":{"rendered":"<p>Assortiment de f\u00eate wok en bois \/ nourriture r\u00e9aliste en bois &#8211; Erzi<\/p>\n<p>Ce magnifique assortiment de jeu avec des aliments en bois r\u00e9alistes d&#8217;Erzi comprend tout ce dont votre enfant a besoin pour organiser sa propre f\u00eate au wok ! Comprenant 1 wok, 2 petits bols, 4 baguettes, 1 jeu de pinces \u00e0 griller, 1 bouteille de sauce soja, 2 crevettes, 4 morceaux de paprika jaune, 4 morceaux de paprika rouge, 4 morceaux de poivron vert, 2 tranches de champignons et 6 petits pois, ce set amusant est parfait pour le <a href=\"https:\/\/teiaeducation.ch\/product-category\/play\/imaginative-role-play\/\">jeu de r\u00f4le<\/a> dans le caf\u00e9 ou la cuisine de votre enfant.<\/p>\n<p>L&#8217;utilisation des baguettes et des pinces permet \u00e9galement de d\u00e9velopper la motricit\u00e9 fine de votre enfant lorsqu&#8217;il ramasse et sert les morceaux de nourriture.<\/p>\n<p>Fabriqu\u00e9 en Allemagne \u00e0 partir de bois de h\u00eatre et fini avec une peinture \u00e0 base d&#8217;eau s\u00fbre et non toxique, le set de f\u00eate wok en bois Erzi convient aux enfants \u00e2g\u00e9s de 3 ans et plus.<\/p>\n<p>La gamme compl\u00e8te de produits Erzi porte le sceau distinctif de qualit\u00e9 \u00ab made in Germany \u00bb, provenant, comme il le dit, des montagnes de minerai de l\u2019Allemagne.<\/p>\n<p>Erzi utilise du bois d\u2019origine locale certifi\u00e9 et am\u00e9lior\u00e9 par le label Forest Stewardship Council (FSC) pour la cr\u00e9ation de leurs jouets. Toutes les finitions, telles que les peintures \u00e0 base d\u2019eau et les vernis, ne sont pas toxiques et chaque produit Erzi est conforme au plus haut niveau de s\u00e9curit\u00e9 des jouets. Les produits de jeu et d\u2019apprentissage Erzi de haute qualit\u00e9 se distinguent par une grande diversit\u00e9 de formes et de couleurs naturelles et sont durables et \u00e9cologiques.<\/p>\n<p>Contenu :<\/p>\n<p>31 pi\u00e8ces en bois &#8211; 1 wok, 2 petits bols, 4 baguettes, 1 jeu de pinces \u00e0 griller, 1 bouteille de sauce soja, 2 crevettes, 4 morceaux de paprika jaune, 4 morceaux de paprika rouge, 4 morceaux de poivron vert, 2 tranches de champignons, 6 petits pois<\/p>\n","protected":false},"excerpt":{"rendered":"<p>Num\u00e9ro d&#8217;article : 28181<\/p>\n<p>Ce magnifique assortiment de jeu avec des aliments en bois r\u00e9alistes d&#8217;Erzi comprend tout ce dont votre enfant a besoin pour organiser sa propre f\u00eate au wok et aide \u00e0 d\u00e9velopper la motricit\u00e9 fine de votre enfant !<\/p>\n","protected":false},"featured_media":29272,"comment_status":"open","ping_status":"closed","template":"","meta":[],"product_brand":[],"product_cat":[215,635,284,283,17210,17209,596,17241,13130,23020,291,13139,217,17235,5851,209,212],"product_tag":[23602,20641,20637,23586,23588,23614,23585,23583,23587,23589,17245,23584,23590,23617,23605,23608,23606,20639,20642,20638,23610,20640,23607,23615,23613,23612,23611,23603,23609],"class_list":{"0":"post-38406","1":"product","2":"type-product","3":"status-publish","4":"has-post-thumbnail","6":"product_cat-3-6-ans","7":"product_cat-competences-motrices","8":"product_cat-culture-sciences","9":"product_cat-domaines-du-curriculum","10":"product_cat-epiceries-cuisines-accessoires","11":"product_cat-erzi-fr","12":"product_cat-geographie-humaine-culture","13":"product_cat-guide-cadeaux-3-6-ans","14":"product_cat-jouer","15":"product_cat-jouets-en-bois","16":"product_cat-la-vie-pratique","17":"product_cat-jeu-imaginatif-faire-semblant","18":"product_cat-marques","19":"product_cat-nourriture-de-jeu-realiste-en-bois","20":"product_cat-nouveautes","21":"product_cat-sensorielles-motrices","22":"product_cat-tranche-dage","23":"product_tag-educational-toys-fr","24":"product_tag-ensemble-de-cuisine-asiatique-erzi","25":"product_tag-ensemble-de-cuisson-erzi","26":"product_tag-erzi-jouets-fr","27":"product_tag-erzi-jouets-suisse-fr","28":"product_tag-erzi-play-food-fr","29":"product_tag-erzi-schweiz-fr","30":"product_tag-erzi-shop-fr","31":"product_tag-erzi-spielzeug-fr","32":"product_tag-erzi-spielzeug-schweiz-fr","33":"product_tag-erzi-suisse-fr-2","34":"product_tag-erzi-switzerland-fr","35":"product_tag-erzi-toys-fr","36":"product_tag-erzi-wooden-play-food-fr","37":"product_tag-erzi-wooden-toys-fr","38":"product_tag-german-toys-fr","39":"product_tag-german-wooden-toys-fr","40":"product_tag-jeu-de-nourriture-en-bois","41":"product_tag-jeu-de-wok-en-bois","42":"product_tag-jeu-erzi-fr","43":"product_tag-pretend-play-toys-fr","44":"product_tag-set-de-fete-wok-erzi","45":"product_tag-toys-made-in-germany-fr","46":"product_tag-wooden-food-fr","47":"product_tag-wooden-play-cafe-fr","48":"product_tag-wooden-play-food-fr","49":"product_tag-wooden-play-kitchen-fr","50":"product_tag-wooden-toys-fr","51":"product_tag-wooden-toys-made-in-germany-fr","53":"first","54":"outofstock","55":"taxable","56":"shipping-taxable","57":"purchasable","58":"product-type-simple"},"yoast_head":"<!-- This site is optimized with the Yoast SEO plugin v27.1.1 - https:\/\/yoast.com\/product\/yoast-seo-wordpress\/ -->\n<title>Assortiment de f\u00eate wok en bois - Erzi - Teia Education &amp; Play<\/title>\n<meta name=\"description\" content=\"Le wok en bois d&#039;Erzi est un ensemble de cuisine en bois r\u00e9aliste de haute qualit\u00e9 pour le caf\u00e9 ou la cuisine de votre enfant.\" \/>\n<meta name=\"robots\" content=\"index, follow, max-snippet:-1, max-image-preview:large, max-video-preview:-1\" \/>\n<link rel=\"canonical\" href=\"https:\/\/teiaeducation.ch\/fr\/produit\/bois-wok-party-assortiment-erzi\/\" \/>\n<meta property=\"og:locale\" content=\"fr_FR\" \/>\n<meta property=\"og:type\" content=\"article\" \/>\n<meta property=\"og:title\" content=\"Assortiment de f\u00eate wok en bois - Erzi - Teia Education &amp; Play\" \/>\n<meta property=\"og:description\" content=\"Le wok en bois d&#039;Erzi est un ensemble de cuisine en bois r\u00e9aliste de haute qualit\u00e9 pour le caf\u00e9 ou la cuisine de votre enfant.\" \/>\n<meta property=\"og:url\" content=\"https:\/\/teiaeducation.ch\/fr\/produit\/bois-wok-party-assortiment-erzi\/\" \/>\n<meta property=\"og:site_name\" content=\"Sustainable Educational Products &amp; Ecological Toys\u00a0\" \/>\n<meta property=\"article:publisher\" content=\"https:\/\/www.facebook.com\/teiaeducation\/\" \/>\n<meta property=\"article:modified_time\" content=\"2021-10-25T15:30:45+00:00\" \/>\n<meta property=\"og:image\" content=\"https:\/\/teiaeducation.ch\/wp-content\/uploads\/2020\/09\/Wooden-wok-party-set-Erzi-scaled.jpg\" \/>\n\t<meta property=\"og:image:width\" content=\"900\" \/>\n\t<meta property=\"og:image:height\" content=\"900\" \/>\n\t<meta property=\"og:image:type\" content=\"image\/jpeg\" \/>\n<script type=\"application\/ld+json\" class=\"yoast-schema-graph\">{\"@context\":\"https:\/\/schema.org\",\"@graph\":[{\"@type\":\"WebPage\",\"@id\":\"https:\/\/teiaeducation.ch\/fr\/produit\/bois-wok-party-assortiment-erzi\/\",\"url\":\"https:\/\/teiaeducation.ch\/fr\/produit\/bois-wok-party-assortiment-erzi\/\",\"name\":\"Assortiment de f\u00eate wok en bois - Erzi - Teia Education & Play\",\"isPartOf\":{\"@id\":\"https:\/\/teiaeducation.ch\/fr\/#website\"},\"primaryImageOfPage\":{\"@id\":\"https:\/\/teiaeducation.ch\/fr\/produit\/bois-wok-party-assortiment-erzi\/#primaryimage\"},\"image\":{\"@id\":\"https:\/\/teiaeducation.ch\/fr\/produit\/bois-wok-party-assortiment-erzi\/#primaryimage\"},\"thumbnailUrl\":\"https:\/\/teiaeducation.ch\/wp-content\/uploads\/2020\/09\/Wooden-wok-party-set-Erzi-scaled.jpg\",\"datePublished\":\"2020-10-10T20:44:00+00:00\",\"dateModified\":\"2021-10-25T15:30:45+00:00\",\"description\":\"Le wok en bois d'Erzi est un ensemble de cuisine en bois r\u00e9aliste de haute qualit\u00e9 pour le caf\u00e9 ou la cuisine de votre enfant.\",\"breadcrumb\":{\"@id\":\"https:\/\/teiaeducation.ch\/fr\/produit\/bois-wok-party-assortiment-erzi\/#breadcrumb\"},\"inLanguage\":\"fr-FR\",\"potentialAction\":[{\"@type\":\"ReadAction\",\"target\":[\"https:\/\/teiaeducation.ch\/fr\/produit\/bois-wok-party-assortiment-erzi\/\"]}]},{\"@type\":\"ImageObject\",\"inLanguage\":\"fr-FR\",\"@id\":\"https:\/\/teiaeducation.ch\/fr\/produit\/bois-wok-party-assortiment-erzi\/#primaryimage\",\"url\":\"https:\/\/teiaeducation.ch\/wp-content\/uploads\/2020\/09\/Wooden-wok-party-set-Erzi-scaled.jpg\",\"contentUrl\":\"https:\/\/teiaeducation.ch\/wp-content\/uploads\/2020\/09\/Wooden-wok-party-set-Erzi-scaled.jpg\",\"width\":900,\"height\":900,\"caption\":\"Set de f\u00eate r\u00e9aliste en bois avec wok - Erzi\"},{\"@type\":\"BreadcrumbList\",\"@id\":\"https:\/\/teiaeducation.ch\/fr\/produit\/bois-wok-party-assortiment-erzi\/#breadcrumb\",\"itemListElement\":[{\"@type\":\"ListItem\",\"position\":1,\"name\":\"Home\",\"item\":\"https:\/\/teiaeducation.ch\/fr\/\"},{\"@type\":\"ListItem\",\"position\":2,\"name\":\"Boutique Teia Education &amp; Play\",\"item\":\"https:\/\/teiaeducation.ch\/fr\/boutique\/\"},{\"@type\":\"ListItem\",\"position\":3,\"name\":\"Nos Marques\",\"item\":\"https:\/\/teiaeducation.ch\/fr\/categorie-produit\/marques\/\"},{\"@type\":\"ListItem\",\"position\":4,\"name\":\"Erzi\",\"item\":\"https:\/\/teiaeducation.ch\/fr\/categorie-produit\/marques\/erzi-fr\/\"},{\"@type\":\"ListItem\",\"position\":5,\"name\":\"\u00c9piceries, Cuisines &amp; Accessoires\",\"item\":\"https:\/\/teiaeducation.ch\/fr\/categorie-produit\/marques\/erzi-fr\/epiceries-cuisines-accessoires\/\"},{\"@type\":\"ListItem\",\"position\":6,\"name\":\"Assortiment de f\u00eate wok en bois &#8211; Erzi\"}]},{\"@type\":\"WebSite\",\"@id\":\"https:\/\/teiaeducation.ch\/fr\/#website\",\"url\":\"https:\/\/teiaeducation.ch\/fr\/\",\"name\":\"Sustainable Educational Products &amp; Ecological Toys\u00a0\",\"description\":\"Specialised Swiss shop selling sustainable educational toys and games, AMI certified Montessori materials, handmade ecological wooden Waldorf toys and arts &amp; crafts supplies, school supplies, children&#039;s furniture and Montessori reference and parenting books.\",\"publisher\":{\"@id\":\"https:\/\/teiaeducation.ch\/fr\/#organization\"},\"alternateName\":\"Teia Education & Play\",\"potentialAction\":[{\"@type\":\"SearchAction\",\"target\":{\"@type\":\"EntryPoint\",\"urlTemplate\":\"https:\/\/teiaeducation.ch\/fr\/?s={search_term_string}\"},\"query-input\":{\"@type\":\"PropertyValueSpecification\",\"valueRequired\":true,\"valueName\":\"search_term_string\"}}],\"inLanguage\":\"fr-FR\"},{\"@type\":\"Organization\",\"@id\":\"https:\/\/teiaeducation.ch\/fr\/#organization\",\"name\":\"Teia Education & Play\",\"url\":\"https:\/\/teiaeducation.ch\/fr\/\",\"logo\":{\"@type\":\"ImageObject\",\"inLanguage\":\"fr-FR\",\"@id\":\"https:\/\/teiaeducation.ch\/fr\/#\/schema\/logo\/image\/\",\"url\":\"https:\/\/teiaeducation.ch\/wp-content\/uploads\/2020\/11\/Teia-Education-Switzerland-e1620156442216.jpg\",\"contentUrl\":\"https:\/\/teiaeducation.ch\/wp-content\/uploads\/2020\/11\/Teia-Education-Switzerland-e1620156442216.jpg\",\"width\":166,\"height\":145,\"caption\":\"Teia Education & Play\"},\"image\":{\"@id\":\"https:\/\/teiaeducation.ch\/fr\/#\/schema\/logo\/image\/\"},\"sameAs\":[\"https:\/\/www.facebook.com\/teiaeducation\/\",\"https:\/\/x.com\/EducationTeia\",\"https:\/\/www.instagram.com\/teia.education\/\",\"https:\/\/www.linkedin.com\/company\/35501660\",\"https:\/\/www.pinterest.ch\/TeiaEducation\/\"]}]}<\/script>\n<!-- \/ Yoast SEO plugin. -->","yoast_head_json":{"title":"Assortiment de f\u00eate wok en bois - Erzi - Teia Education & Play","description":"Le wok en bois d'Erzi est un ensemble de cuisine en bois r\u00e9aliste de haute qualit\u00e9 pour le caf\u00e9 ou la cuisine de votre enfant.","robots":{"index":"index","follow":"follow","max-snippet":"max-snippet:-1","max-image-preview":"max-image-preview:large","max-video-preview":"max-video-preview:-1"},"canonical":"https:\/\/teiaeducation.ch\/fr\/produit\/bois-wok-party-assortiment-erzi\/","og_locale":"fr_FR","og_type":"article","og_title":"Assortiment de f\u00eate wok en bois - Erzi - Teia Education & Play","og_description":"Le wok en bois d'Erzi est un ensemble de cuisine en bois r\u00e9aliste de haute qualit\u00e9 pour le caf\u00e9 ou la cuisine de votre enfant.","og_url":"https:\/\/teiaeducation.ch\/fr\/produit\/bois-wok-party-assortiment-erzi\/","og_site_name":"Sustainable Educational Products &amp; Ecological Toys\u00a0","article_publisher":"https:\/\/www.facebook.com\/teiaeducation\/","article_modified_time":"2021-10-25T15:30:45+00:00","og_image":[{"width":900,"height":900,"url":"https:\/\/teiaeducation.ch\/wp-content\/uploads\/2020\/09\/Wooden-wok-party-set-Erzi-scaled.jpg","type":"image\/jpeg"}],"schema":{"@context":"https:\/\/schema.org","@graph":[{"@type":"WebPage","@id":"https:\/\/teiaeducation.ch\/fr\/produit\/bois-wok-party-assortiment-erzi\/","url":"https:\/\/teiaeducation.ch\/fr\/produit\/bois-wok-party-assortiment-erzi\/","name":"Assortiment de f\u00eate wok en bois - Erzi - Teia Education & Play","isPartOf":{"@id":"https:\/\/teiaeducation.ch\/fr\/#website"},"primaryImageOfPage":{"@id":"https:\/\/teiaeducation.ch\/fr\/produit\/bois-wok-party-assortiment-erzi\/#primaryimage"},"image":{"@id":"https:\/\/teiaeducation.ch\/fr\/produit\/bois-wok-party-assortiment-erzi\/#primaryimage"},"thumbnailUrl":"https:\/\/teiaeducation.ch\/wp-content\/uploads\/2020\/09\/Wooden-wok-party-set-Erzi-scaled.jpg","datePublished":"2020-10-10T20:44:00+00:00","dateModified":"2021-10-25T15:30:45+00:00","description":"Le wok en bois d'Erzi est un ensemble de cuisine en bois r\u00e9aliste de haute qualit\u00e9 pour le caf\u00e9 ou la cuisine de votre enfant.","breadcrumb":{"@id":"https:\/\/teiaeducation.ch\/fr\/produit\/bois-wok-party-assortiment-erzi\/#breadcrumb"},"inLanguage":"fr-FR","potentialAction":[{"@type":"ReadAction","target":["https:\/\/teiaeducation.ch\/fr\/produit\/bois-wok-party-assortiment-erzi\/"]}]},{"@type":"ImageObject","inLanguage":"fr-FR","@id":"https:\/\/teiaeducation.ch\/fr\/produit\/bois-wok-party-assortiment-erzi\/#primaryimage","url":"https:\/\/teiaeducation.ch\/wp-content\/uploads\/2020\/09\/Wooden-wok-party-set-Erzi-scaled.jpg","contentUrl":"https:\/\/teiaeducation.ch\/wp-content\/uploads\/2020\/09\/Wooden-wok-party-set-Erzi-scaled.jpg","width":900,"height":900,"caption":"Set de f\u00eate r\u00e9aliste en bois avec wok - Erzi"},{"@type":"BreadcrumbList","@id":"https:\/\/teiaeducation.ch\/fr\/produit\/bois-wok-party-assortiment-erzi\/#breadcrumb","itemListElement":[{"@type":"ListItem","position":1,"name":"Home","item":"https:\/\/teiaeducation.ch\/fr\/"},{"@type":"ListItem","position":2,"name":"Boutique Teia Education &amp; Play","item":"https:\/\/teiaeducation.ch\/fr\/boutique\/"},{"@type":"ListItem","position":3,"name":"Nos Marques","item":"https:\/\/teiaeducation.ch\/fr\/categorie-produit\/marques\/"},{"@type":"ListItem","position":4,"name":"Erzi","item":"https:\/\/teiaeducation.ch\/fr\/categorie-produit\/marques\/erzi-fr\/"},{"@type":"ListItem","position":5,"name":"\u00c9piceries, Cuisines &amp; Accessoires","item":"https:\/\/teiaeducation.ch\/fr\/categorie-produit\/marques\/erzi-fr\/epiceries-cuisines-accessoires\/"},{"@type":"ListItem","position":6,"name":"Assortiment de f\u00eate wok en bois &#8211; Erzi"}]},{"@type":"WebSite","@id":"https:\/\/teiaeducation.ch\/fr\/#website","url":"https:\/\/teiaeducation.ch\/fr\/","name":"Sustainable Educational Products &amp; Ecological Toys\u00a0","description":"Specialised Swiss shop selling sustainable educational toys and games, AMI certified Montessori materials, handmade ecological wooden Waldorf toys and arts &amp; crafts supplies, school supplies, children&#039;s furniture and Montessori reference and parenting books.","publisher":{"@id":"https:\/\/teiaeducation.ch\/fr\/#organization"},"alternateName":"Teia Education & Play","potentialAction":[{"@type":"SearchAction","target":{"@type":"EntryPoint","urlTemplate":"https:\/\/teiaeducation.ch\/fr\/?s={search_term_string}"},"query-input":{"@type":"PropertyValueSpecification","valueRequired":true,"valueName":"search_term_string"}}],"inLanguage":"fr-FR"},{"@type":"Organization","@id":"https:\/\/teiaeducation.ch\/fr\/#organization","name":"Teia Education & Play","url":"https:\/\/teiaeducation.ch\/fr\/","logo":{"@type":"ImageObject","inLanguage":"fr-FR","@id":"https:\/\/teiaeducation.ch\/fr\/#\/schema\/logo\/image\/","url":"https:\/\/teiaeducation.ch\/wp-content\/uploads\/2020\/11\/Teia-Education-Switzerland-e1620156442216.jpg","contentUrl":"https:\/\/teiaeducation.ch\/wp-content\/uploads\/2020\/11\/Teia-Education-Switzerland-e1620156442216.jpg","width":166,"height":145,"caption":"Teia Education & Play"},"image":{"@id":"https:\/\/teiaeducation.ch\/fr\/#\/schema\/logo\/image\/"},"sameAs":["https:\/\/www.facebook.com\/teiaeducation\/","https:\/\/x.com\/EducationTeia","https:\/\/www.instagram.com\/teia.education\/","https:\/\/www.linkedin.com\/company\/35501660","https:\/\/www.pinterest.ch\/TeiaEducation\/"]}]}},"_links":{"self":[{"href":"https:\/\/teiaeducation.ch\/fr\/wp-json\/wp\/v2\/product\/38406","targetHints":{"allow":["GET"]}}],"collection":[{"href":"https:\/\/teiaeducation.ch\/fr\/wp-json\/wp\/v2\/product"}],"about":[{"href":"https:\/\/teiaeducation.ch\/fr\/wp-json\/wp\/v2\/types\/product"}],"replies":[{"embeddable":true,"href":"https:\/\/teiaeducation.ch\/fr\/wp-json\/wp\/v2\/comments?post=38406"}],"wp:featuredmedia":[{"embeddable":true,"href":"https:\/\/teiaeducation.ch\/fr\/wp-json\/wp\/v2\/media\/29272"}],"wp:attachment":[{"href":"https:\/\/teiaeducation.ch\/fr\/wp-json\/wp\/v2\/media?parent=38406"}],"wp:term":[{"taxonomy":"product_brand","embeddable":true,"href":"https:\/\/teiaeducation.ch\/fr\/wp-json\/wp\/v2\/product_brand?post=38406"},{"taxonomy":"product_cat","embeddable":true,"href":"https:\/\/teiaeducation.ch\/fr\/wp-json\/wp\/v2\/product_cat?post=38406"},{"taxonomy":"product_tag","embeddable":true,"href":"https:\/\/teiaeducation.ch\/fr\/wp-json\/wp\/v2\/product_tag?post=38406"}],"curies":[{"name":"wp","href":"https:\/\/api.w.org\/{rel}","templated":true}]}}