{"id":39020,"date":"2023-12-23T14:01:28","date_gmt":"2023-12-23T13:01:28","guid":{"rendered":"https:\/\/teiaeducation.ch\/?post_type=product&#038;p=39020"},"modified":"2023-08-21T14:19:51","modified_gmt":"2023-08-21T12:19:51","slug":"soie-reversible-couronne-fleurie-sarahs-silks","status":"publish","type":"product","link":"https:\/\/teiaeducation.ch\/fr\/produit\/soie-reversible-couronne-fleurie-sarahs-silks\/","title":{"rendered":"Couronne d&#8217;anniversaire r\u00e9versible blossom &#8211; Sarah&#8217;s Silks"},"content":{"rendered":"<p>La couronne d&#8217;anniversaire r\u00e9versible en soie en couleur variation blossom de Sarah&#8217;s Silks est un accessoire magnifique, de haute qualit\u00e9 et confortable pour les d\u00e9guisements, les <a href=\"https:\/\/teiaeducation.ch\/fr\/categorie-produit\/celebrations-fr\/anniversaires\/\">anniversaires<\/a>, les <a href=\"https:\/\/teiaeducation.ch\/fr\/categorie-produit\/celebrations-fr\/\">c\u00e9l\u00e9brations<\/a>, f\u00eates et les jeux d&#8217;imagination quotidiens !<\/p>\n<p>Peinte \u00e0 la main sur de la soie jacquard \u00e0 la texture lumineuse, dans l&#8217;un des coloris les plus populaires de Sarah&#8217;s Silks, cette couronne d&#8217;anniversaire est tout simplement stup\u00e9fiante avec ses tons chatoyants de rose et lila.<\/p>\n<p>Cette couronne douce et confortable mesure 53 cm de circonf\u00e9rence &#8211; une taille unique car le dos \u00e9lastique s&#8217;\u00e9tire pour s&#8217;adapter \u00e0 la plupart des tailles de t\u00eate des enfants \u00e2g\u00e9s de 3 \u00e0 12 ans.<\/p>\n<p>Contenu :<\/p>\n<p>1 couronne d&#8217;anniversaire r\u00e9versible en 100% soie<\/p>\n<h2>Instructions de soins<\/h2>\n<p>Lavez \u00e0 la main avec du savon \u00e0 vaisselle ou un shampooing doux, s\u00e9chez sur la corde et utilisez un fer \u00e0 repasser moyen pour redonner de l&#8217;\u00e9clat &#8211; veuillez vous r\u00e9f\u00e9rer aux <a href=\"https:\/\/www.sarahssilks.com\/blogs\/journal\/how-to-wash-playsilks\">instructions<\/a> \u00e9tape par \u00e9tape de Sarah&#8217;s Silks pour laver votre soie.<\/p>\n<h2>Politique de retour<\/h2>\n<p>Tous les articles retourn\u00e9s doivent \u00eatre dans leur \u00e9tat d&#8217;origine, avec l&#8217;emballage original et les \u00e9tiquettes attach\u00e9es et intactes. Les articles utilis\u00e9s ou lav\u00e9s ne peuvent \u00eatre retourn\u00e9s.<\/p>\n<h2>\u00c0 propos de Sarah&#8217;s Silks<\/h2>\n<p><a href=\"https:\/\/teiaeducation.ch\/fr\/categorie-produit\/marques\/sarahs-silks-fr\/\">Sarah\u2019s Silks<\/a> est une entreprise familiale bas\u00e9e aux \u00c9tats-Unis sp\u00e9cialis\u00e9e dans les jouets d\u2019inspiration <a href=\"https:\/\/teiaeducation.ch\/fr\/categorie-produit\/jouer\/jouets-waldorf\/\">Waldorf<\/a>, <a href=\"https:\/\/teiaeducation.ch\/fr\/categorie-produit\/jouer\/jeu-de-la-nature\/\">naturels<\/a> et durables pour stimuler <a href=\"https:\/\/teiaeducation.ch\/fr\/categorie-produit\/jouer\/jeu-imaginatif-faire-semblant\/\">l\u2019imagination<\/a> des enfants. Leur mission est de fabriquer des <a href=\"https:\/\/teiaeducation.ch\/fr\/categorie-produit\/jouer\/\">jouets durables<\/a> et <a href=\"https:\/\/teiaeducation.ch\/fr\/categorie-produit\/jouer\/jeu-libre\/\">libres<\/a> qui enseignent \u00e0 nos enfants \u00e0 aimer et \u00e0 prendre soin de la Terre M\u00e8re. Les magnifiques soies de jeu, les cotons de jeu, les capes, les robes de f\u00e9es et les banderoles de Sarah&#8217;s Silks sont parfaits pour les jeux libres, les d\u00e9guisements et les jeux dramatiques dans les maisons Waldorf, les garderies et les <a href=\"https:\/\/teiaeducation.ch\/fr\/fournitures-pour-les-ecoles-waldorf-steiner\/\">\u00e9coles Steiner<\/a>.<\/p>\n<p>Tous les v\u00eatements et jouets en soie de Sarah&#8217;s Silks sont fabriqu\u00e9s \u00e0 partir de soie chinoise durable de haute qualit\u00e9. Chaque produit en soie est tiss\u00e9, color\u00e9 et ourl\u00e9 \u00e0 la main par des couturi\u00e8res travaillant de leur maison dans un petit village pr\u00e8s de Suzhou, en Chine. Ils sont ensuite peints et finis \u00e0 la main dans le Sonoma County, en Californie, aux \u00c9tats-Unis.<\/p>\n<p>Les enfants adorent les couleurs vibrantes et magnifiquement m\u00e9lang\u00e9es et la sensation douce et tactile des jouets, des <a href=\"https:\/\/teiaeducation.ch\/fr\/categorie-produit\/jouer\/jouets-en-tissu\/\">tissus<\/a> de jeu en coton et des capes. Ils sont r\u00e9alis\u00e9s \u00e0 l&#8217;aide de teintures non toxiques et \u00e9cologiques et de fibres naturelles allant de la soie v\u00e9ritable \u00e0 100 % ou coton. Ils ont pass\u00e9 des tests de s\u00e9curit\u00e9 am\u00e9ricains et europ\u00e9ens stricts et peuvent \u00eatre utilis\u00e9s par des enfants de tous \u00e2ges.<\/p>\n","protected":false},"excerpt":{"rendered":"<p>Num\u00e9ro d&#8217;article: 35393058<\/p>\n<p>La couronne d&#8217;anniversaire r\u00e9versible en soie blossom de Sarah&#8217;s Silks est un accessoire haute qualit\u00e9 pour les c\u00e9l\u00e9brations et d\u00e9guisements !<\/p>\n","protected":false},"featured_media":39024,"comment_status":"open","ping_status":"closed","template":"","meta":[],"product_brand":[],"product_cat":[208,215,216,22346,17225,25820,16897,17241,17238,21257,13130,13137,23021,13139,13140,13142,7595,217,5851,24313,13124,212,1219],"product_tag":[20523,20520,20526,20522,20528,20527,20529,20525,20521,20524,18426,20518,20519,21184,18425],"class_list":{"0":"post-39020","1":"product","2":"type-product","3":"status-publish","4":"has-post-thumbnail","6":"product_cat-1-3-ans","7":"product_cat-3-6-ans","8":"product_cat-6-12-ans","9":"product_cat-anniversaires","10":"product_cat-celebrations-fr","11":"product_cat-deguisements","12":"product_cat-guide-cadeau-6-12-ans","13":"product_cat-guide-cadeaux-3-6-ans","14":"product_cat-guide-cadeaux-jouets-mous","15":"product_cat-guides-cadeaux","16":"product_cat-jouer","17":"product_cat-jouets-en-tissu","18":"product_cat-jouets-waldorf","19":"product_cat-jeu-imaginatif-faire-semblant","20":"product_cat-jeu-libre","21":"product_cat-jeu-sensoriel","22":"product_cat-methode-deducation","23":"product_cat-marques","24":"product_cat-nouveautes","25":"product_cat-saint-valentin","26":"product_cat-sarahs-silks-fr","27":"product_cat-tranche-dage","28":"product_cat-waldorf-fr","29":"product_tag-accessoires-dhabillage-de-haute-qualite","30":"product_tag-couronne-arc-en-ciel","31":"product_tag-couronne-danniversaire","32":"product_tag-couronne-dhabillage-de-haute-qualite","33":"product_tag-couronne-de-jeu-waldorf","34":"product_tag-couronne-de-jeux-imaginatifs","35":"product_tag-couronne-en-tissu","36":"product_tag-couronne-reversible-sarahs-silks","37":"product_tag-couronne-soie","38":"product_tag-couronne-waldorf","39":"product_tag-sarahs-silks-fr","40":"product_tag-sarahs-silks-couronne","41":"product_tag-sarahs-silks-couronne-arc-en-ciel-rose","42":"product_tag-sarahs-silks-couronne-reversible-fleur","43":"product_tag-sarahs-silks-suisse-fr","45":"first","46":"instock","47":"taxable","48":"shipping-taxable","49":"purchasable","50":"product-type-simple"},"yoast_head":"<!-- This site is optimized with the Yoast SEO plugin v27.1.1 - https:\/\/yoast.com\/product\/yoast-seo-wordpress\/ -->\n<title>Couronne d&#039;anniversaire r\u00e9versible blossom - Sarah&#039;s Silks<\/title>\n<meta name=\"description\" content=\"La couronne d&#039;anniversaire r\u00e9versible en soie blossom de Sarah&#039;s Silks est un accessoire haute qualit\u00e9 pour les c\u00e9l\u00e9brations et d\u00e9guisements.\" \/>\n<meta name=\"robots\" content=\"index, follow, max-snippet:-1, max-image-preview:large, max-video-preview:-1\" \/>\n<link rel=\"canonical\" href=\"https:\/\/teiaeducation.ch\/fr\/produit\/soie-reversible-couronne-fleurie-sarahs-silks\/\" \/>\n<meta property=\"og:locale\" content=\"fr_FR\" \/>\n<meta property=\"og:type\" content=\"article\" \/>\n<meta property=\"og:title\" content=\"Couronne d&#039;anniversaire r\u00e9versible blossom - Sarah&#039;s Silks\" \/>\n<meta property=\"og:description\" content=\"La couronne d&#039;anniversaire r\u00e9versible en soie blossom de Sarah&#039;s Silks est un accessoire haute qualit\u00e9 pour les c\u00e9l\u00e9brations et d\u00e9guisements.\" \/>\n<meta property=\"og:url\" content=\"https:\/\/teiaeducation.ch\/fr\/produit\/soie-reversible-couronne-fleurie-sarahs-silks\/\" \/>\n<meta property=\"og:site_name\" content=\"Sustainable Educational Products &amp; Ecological Toys\u00a0\" \/>\n<meta property=\"article:publisher\" content=\"https:\/\/www.facebook.com\/teiaeducation\/\" \/>\n<meta property=\"og:image\" content=\"https:\/\/teiaeducation.ch\/wp-content\/uploads\/2021\/09\/Reversible-silk-crown-blossom-Sarahs-Silks1.jpg\" \/>\n\t<meta property=\"og:image:width\" content=\"1080\" \/>\n\t<meta property=\"og:image:height\" content=\"1350\" \/>\n\t<meta property=\"og:image:type\" content=\"image\/jpeg\" \/>\n<script type=\"application\/ld+json\" class=\"yoast-schema-graph\">{\"@context\":\"https:\/\/schema.org\",\"@graph\":[{\"@type\":\"WebPage\",\"@id\":\"https:\/\/teiaeducation.ch\/fr\/produit\/soie-reversible-couronne-fleurie-sarahs-silks\/\",\"url\":\"https:\/\/teiaeducation.ch\/fr\/produit\/soie-reversible-couronne-fleurie-sarahs-silks\/\",\"name\":\"Couronne d'anniversaire r\u00e9versible blossom - Sarah's Silks\",\"isPartOf\":{\"@id\":\"https:\/\/teiaeducation.ch\/fr\/#website\"},\"primaryImageOfPage\":{\"@id\":\"https:\/\/teiaeducation.ch\/fr\/produit\/soie-reversible-couronne-fleurie-sarahs-silks\/#primaryimage\"},\"image\":{\"@id\":\"https:\/\/teiaeducation.ch\/fr\/produit\/soie-reversible-couronne-fleurie-sarahs-silks\/#primaryimage\"},\"thumbnailUrl\":\"https:\/\/teiaeducation.ch\/wp-content\/uploads\/2021\/09\/Reversible-silk-crown-blossom-Sarahs-Silks1.jpg\",\"datePublished\":\"2023-12-23T13:01:28+00:00\",\"description\":\"La couronne d'anniversaire r\u00e9versible en soie blossom de Sarah's Silks est un accessoire haute qualit\u00e9 pour les c\u00e9l\u00e9brations et d\u00e9guisements.\",\"breadcrumb\":{\"@id\":\"https:\/\/teiaeducation.ch\/fr\/produit\/soie-reversible-couronne-fleurie-sarahs-silks\/#breadcrumb\"},\"inLanguage\":\"fr-FR\",\"potentialAction\":[{\"@type\":\"ReadAction\",\"target\":[\"https:\/\/teiaeducation.ch\/fr\/produit\/soie-reversible-couronne-fleurie-sarahs-silks\/\"]}]},{\"@type\":\"ImageObject\",\"inLanguage\":\"fr-FR\",\"@id\":\"https:\/\/teiaeducation.ch\/fr\/produit\/soie-reversible-couronne-fleurie-sarahs-silks\/#primaryimage\",\"url\":\"https:\/\/teiaeducation.ch\/wp-content\/uploads\/2021\/09\/Reversible-silk-crown-blossom-Sarahs-Silks1.jpg\",\"contentUrl\":\"https:\/\/teiaeducation.ch\/wp-content\/uploads\/2021\/09\/Reversible-silk-crown-blossom-Sarahs-Silks1.jpg\",\"width\":1080,\"height\":1350,\"caption\":\"Couronne r\u00e9versible fleur en soie - Sarah's Silks\"},{\"@type\":\"BreadcrumbList\",\"@id\":\"https:\/\/teiaeducation.ch\/fr\/produit\/soie-reversible-couronne-fleurie-sarahs-silks\/#breadcrumb\",\"itemListElement\":[{\"@type\":\"ListItem\",\"position\":1,\"name\":\"Home\",\"item\":\"https:\/\/teiaeducation.ch\/fr\/\"},{\"@type\":\"ListItem\",\"position\":2,\"name\":\"Boutique Teia Education &amp; Play\",\"item\":\"https:\/\/teiaeducation.ch\/fr\/boutique\/\"},{\"@type\":\"ListItem\",\"position\":3,\"name\":\"Nos Marques\",\"item\":\"https:\/\/teiaeducation.ch\/fr\/categorie-produit\/marques\/\"},{\"@type\":\"ListItem\",\"position\":4,\"name\":\"Sarah's Silks\",\"item\":\"https:\/\/teiaeducation.ch\/fr\/categorie-produit\/marques\/sarahs-silks-fr\/\"},{\"@type\":\"ListItem\",\"position\":5,\"name\":\"D\u00e9guisements\",\"item\":\"https:\/\/teiaeducation.ch\/fr\/categorie-produit\/marques\/sarahs-silks-fr\/deguisements\/\"},{\"@type\":\"ListItem\",\"position\":6,\"name\":\"Couronne d&#8217;anniversaire r\u00e9versible blossom &#8211; Sarah&#8217;s Silks\"}]},{\"@type\":\"WebSite\",\"@id\":\"https:\/\/teiaeducation.ch\/fr\/#website\",\"url\":\"https:\/\/teiaeducation.ch\/fr\/\",\"name\":\"Sustainable Educational Products &amp; Ecological Toys\u00a0\",\"description\":\"Specialised Swiss shop selling sustainable educational toys and games, AMI certified Montessori materials, handmade ecological wooden Waldorf toys and arts &amp; crafts supplies, school supplies, children&#039;s furniture and Montessori reference and parenting books.\",\"publisher\":{\"@id\":\"https:\/\/teiaeducation.ch\/fr\/#organization\"},\"alternateName\":\"Teia Education & Play\",\"potentialAction\":[{\"@type\":\"SearchAction\",\"target\":{\"@type\":\"EntryPoint\",\"urlTemplate\":\"https:\/\/teiaeducation.ch\/fr\/?s={search_term_string}\"},\"query-input\":{\"@type\":\"PropertyValueSpecification\",\"valueRequired\":true,\"valueName\":\"search_term_string\"}}],\"inLanguage\":\"fr-FR\"},{\"@type\":\"Organization\",\"@id\":\"https:\/\/teiaeducation.ch\/fr\/#organization\",\"name\":\"Teia Education & Play\",\"url\":\"https:\/\/teiaeducation.ch\/fr\/\",\"logo\":{\"@type\":\"ImageObject\",\"inLanguage\":\"fr-FR\",\"@id\":\"https:\/\/teiaeducation.ch\/fr\/#\/schema\/logo\/image\/\",\"url\":\"https:\/\/teiaeducation.ch\/wp-content\/uploads\/2020\/11\/Teia-Education-Switzerland-e1620156442216.jpg\",\"contentUrl\":\"https:\/\/teiaeducation.ch\/wp-content\/uploads\/2020\/11\/Teia-Education-Switzerland-e1620156442216.jpg\",\"width\":166,\"height\":145,\"caption\":\"Teia Education & Play\"},\"image\":{\"@id\":\"https:\/\/teiaeducation.ch\/fr\/#\/schema\/logo\/image\/\"},\"sameAs\":[\"https:\/\/www.facebook.com\/teiaeducation\/\",\"https:\/\/x.com\/EducationTeia\",\"https:\/\/www.instagram.com\/teia.education\/\",\"https:\/\/www.linkedin.com\/company\/35501660\",\"https:\/\/www.pinterest.ch\/TeiaEducation\/\"]}]}<\/script>\n<!-- \/ Yoast SEO plugin. -->","yoast_head_json":{"title":"Couronne d'anniversaire r\u00e9versible blossom - Sarah's Silks","description":"La couronne d'anniversaire r\u00e9versible en soie blossom de Sarah's Silks est un accessoire haute qualit\u00e9 pour les c\u00e9l\u00e9brations et d\u00e9guisements.","robots":{"index":"index","follow":"follow","max-snippet":"max-snippet:-1","max-image-preview":"max-image-preview:large","max-video-preview":"max-video-preview:-1"},"canonical":"https:\/\/teiaeducation.ch\/fr\/produit\/soie-reversible-couronne-fleurie-sarahs-silks\/","og_locale":"fr_FR","og_type":"article","og_title":"Couronne d'anniversaire r\u00e9versible blossom - Sarah's Silks","og_description":"La couronne d'anniversaire r\u00e9versible en soie blossom de Sarah's Silks est un accessoire haute qualit\u00e9 pour les c\u00e9l\u00e9brations et d\u00e9guisements.","og_url":"https:\/\/teiaeducation.ch\/fr\/produit\/soie-reversible-couronne-fleurie-sarahs-silks\/","og_site_name":"Sustainable Educational Products &amp; Ecological Toys\u00a0","article_publisher":"https:\/\/www.facebook.com\/teiaeducation\/","og_image":[{"width":1080,"height":1350,"url":"https:\/\/teiaeducation.ch\/wp-content\/uploads\/2021\/09\/Reversible-silk-crown-blossom-Sarahs-Silks1.jpg","type":"image\/jpeg"}],"schema":{"@context":"https:\/\/schema.org","@graph":[{"@type":"WebPage","@id":"https:\/\/teiaeducation.ch\/fr\/produit\/soie-reversible-couronne-fleurie-sarahs-silks\/","url":"https:\/\/teiaeducation.ch\/fr\/produit\/soie-reversible-couronne-fleurie-sarahs-silks\/","name":"Couronne d'anniversaire r\u00e9versible blossom - Sarah's Silks","isPartOf":{"@id":"https:\/\/teiaeducation.ch\/fr\/#website"},"primaryImageOfPage":{"@id":"https:\/\/teiaeducation.ch\/fr\/produit\/soie-reversible-couronne-fleurie-sarahs-silks\/#primaryimage"},"image":{"@id":"https:\/\/teiaeducation.ch\/fr\/produit\/soie-reversible-couronne-fleurie-sarahs-silks\/#primaryimage"},"thumbnailUrl":"https:\/\/teiaeducation.ch\/wp-content\/uploads\/2021\/09\/Reversible-silk-crown-blossom-Sarahs-Silks1.jpg","datePublished":"2023-12-23T13:01:28+00:00","description":"La couronne d'anniversaire r\u00e9versible en soie blossom de Sarah's Silks est un accessoire haute qualit\u00e9 pour les c\u00e9l\u00e9brations et d\u00e9guisements.","breadcrumb":{"@id":"https:\/\/teiaeducation.ch\/fr\/produit\/soie-reversible-couronne-fleurie-sarahs-silks\/#breadcrumb"},"inLanguage":"fr-FR","potentialAction":[{"@type":"ReadAction","target":["https:\/\/teiaeducation.ch\/fr\/produit\/soie-reversible-couronne-fleurie-sarahs-silks\/"]}]},{"@type":"ImageObject","inLanguage":"fr-FR","@id":"https:\/\/teiaeducation.ch\/fr\/produit\/soie-reversible-couronne-fleurie-sarahs-silks\/#primaryimage","url":"https:\/\/teiaeducation.ch\/wp-content\/uploads\/2021\/09\/Reversible-silk-crown-blossom-Sarahs-Silks1.jpg","contentUrl":"https:\/\/teiaeducation.ch\/wp-content\/uploads\/2021\/09\/Reversible-silk-crown-blossom-Sarahs-Silks1.jpg","width":1080,"height":1350,"caption":"Couronne r\u00e9versible fleur en soie - Sarah's Silks"},{"@type":"BreadcrumbList","@id":"https:\/\/teiaeducation.ch\/fr\/produit\/soie-reversible-couronne-fleurie-sarahs-silks\/#breadcrumb","itemListElement":[{"@type":"ListItem","position":1,"name":"Home","item":"https:\/\/teiaeducation.ch\/fr\/"},{"@type":"ListItem","position":2,"name":"Boutique Teia Education &amp; Play","item":"https:\/\/teiaeducation.ch\/fr\/boutique\/"},{"@type":"ListItem","position":3,"name":"Nos Marques","item":"https:\/\/teiaeducation.ch\/fr\/categorie-produit\/marques\/"},{"@type":"ListItem","position":4,"name":"Sarah's Silks","item":"https:\/\/teiaeducation.ch\/fr\/categorie-produit\/marques\/sarahs-silks-fr\/"},{"@type":"ListItem","position":5,"name":"D\u00e9guisements","item":"https:\/\/teiaeducation.ch\/fr\/categorie-produit\/marques\/sarahs-silks-fr\/deguisements\/"},{"@type":"ListItem","position":6,"name":"Couronne d&#8217;anniversaire r\u00e9versible blossom &#8211; Sarah&#8217;s Silks"}]},{"@type":"WebSite","@id":"https:\/\/teiaeducation.ch\/fr\/#website","url":"https:\/\/teiaeducation.ch\/fr\/","name":"Sustainable Educational Products &amp; Ecological Toys\u00a0","description":"Specialised Swiss shop selling sustainable educational toys and games, AMI certified Montessori materials, handmade ecological wooden Waldorf toys and arts &amp; crafts supplies, school supplies, children&#039;s furniture and Montessori reference and parenting books.","publisher":{"@id":"https:\/\/teiaeducation.ch\/fr\/#organization"},"alternateName":"Teia Education & Play","potentialAction":[{"@type":"SearchAction","target":{"@type":"EntryPoint","urlTemplate":"https:\/\/teiaeducation.ch\/fr\/?s={search_term_string}"},"query-input":{"@type":"PropertyValueSpecification","valueRequired":true,"valueName":"search_term_string"}}],"inLanguage":"fr-FR"},{"@type":"Organization","@id":"https:\/\/teiaeducation.ch\/fr\/#organization","name":"Teia Education & Play","url":"https:\/\/teiaeducation.ch\/fr\/","logo":{"@type":"ImageObject","inLanguage":"fr-FR","@id":"https:\/\/teiaeducation.ch\/fr\/#\/schema\/logo\/image\/","url":"https:\/\/teiaeducation.ch\/wp-content\/uploads\/2020\/11\/Teia-Education-Switzerland-e1620156442216.jpg","contentUrl":"https:\/\/teiaeducation.ch\/wp-content\/uploads\/2020\/11\/Teia-Education-Switzerland-e1620156442216.jpg","width":166,"height":145,"caption":"Teia Education & Play"},"image":{"@id":"https:\/\/teiaeducation.ch\/fr\/#\/schema\/logo\/image\/"},"sameAs":["https:\/\/www.facebook.com\/teiaeducation\/","https:\/\/x.com\/EducationTeia","https:\/\/www.instagram.com\/teia.education\/","https:\/\/www.linkedin.com\/company\/35501660","https:\/\/www.pinterest.ch\/TeiaEducation\/"]}]}},"_links":{"self":[{"href":"https:\/\/teiaeducation.ch\/fr\/wp-json\/wp\/v2\/product\/39020","targetHints":{"allow":["GET"]}}],"collection":[{"href":"https:\/\/teiaeducation.ch\/fr\/wp-json\/wp\/v2\/product"}],"about":[{"href":"https:\/\/teiaeducation.ch\/fr\/wp-json\/wp\/v2\/types\/product"}],"replies":[{"embeddable":true,"href":"https:\/\/teiaeducation.ch\/fr\/wp-json\/wp\/v2\/comments?post=39020"}],"wp:featuredmedia":[{"embeddable":true,"href":"https:\/\/teiaeducation.ch\/fr\/wp-json\/wp\/v2\/media\/39024"}],"wp:attachment":[{"href":"https:\/\/teiaeducation.ch\/fr\/wp-json\/wp\/v2\/media?parent=39020"}],"wp:term":[{"taxonomy":"product_brand","embeddable":true,"href":"https:\/\/teiaeducation.ch\/fr\/wp-json\/wp\/v2\/product_brand?post=39020"},{"taxonomy":"product_cat","embeddable":true,"href":"https:\/\/teiaeducation.ch\/fr\/wp-json\/wp\/v2\/product_cat?post=39020"},{"taxonomy":"product_tag","embeddable":true,"href":"https:\/\/teiaeducation.ch\/fr\/wp-json\/wp\/v2\/product_tag?post=39020"}],"curies":[{"name":"wp","href":"https:\/\/api.w.org\/{rel}","templated":true}]}}