{"id":39045,"date":"2021-09-24T14:42:20","date_gmt":"2021-09-24T12:42:20","guid":{"rendered":"https:\/\/teiaeducation.ch\/?post_type=product&#038;p=39045"},"modified":"2023-08-21T14:14:07","modified_gmt":"2023-08-21T12:14:07","slug":"soie-bois-anneau-dentition-fleur-sarahs-silks","status":"publish","type":"product","link":"https:\/\/teiaeducation.ch\/fr\/produit\/soie-bois-anneau-dentition-fleur-sarahs-silks\/","title":{"rendered":"Anneau de dentition blossom &#8211; Sarah&#8217;s Silks"},"content":{"rendered":"<p>L&#8217;anneau de dentition pour b\u00e9b\u00e9 en soie et bois de Sarah&#8217;s Silks en version blossom\u00a0est magnifiquement fabriqu\u00e9 et polyvalent. Il aide \u00e0 soulager les gencives douloureuses lors de la pouss\u00e9e dentaire et offre un jeu sensoriel d\u00e9licat. Lorsque b\u00e9b\u00e9 vieillit, l\u2019ensemble peut \u00eatre s\u00e9par\u00e9 et l\u2019anneau et la mini soie peuvent \u00eatre utilis\u00e9s individuellement.<\/p>\n<p>Ce <a href=\"https:\/\/teiaeducation.ch\/fr\/categorie-produit\/jouer\/jouets-de-dentition\/\">jouet de dentition<\/a> est constitu\u00e9 d&#8217;un anneau en bois d&#8217;\u00e9rable sur lequel est nou\u00e9 un mini soie de jeu version blossom de 53 x 53 cm. Les b\u00e9b\u00e9s sont capables de saisir facilement l\u2019anneau en bois et de profiter des diff\u00e9rentes textures de la soie et du bois !<\/p>\n<p>Le magnifique <a href=\"https:\/\/teiaeducation.ch\/fr\/produit\/mini-soie-de-jeu-fleur-enchantee-sarahs-silks\/\">mini soie blossom<\/a> est peint \u00e0 la main et s\u00e9rigraphie sur de la soie v\u00e9ritable \u00e0 100 % dans de magnifiques couleurs vibrantes rose et lavande, \u00e0 l&#8217;aide de teintures \u00e9cologiques et non toxiques. C&#8217;est le jouet parfait pour beaucoup de jeu libre, magique, fantastique et d&#8217;inspiration <a href=\"https:\/\/teiaeducation.ch\/fr\/categorie-produit\/methode-deducation\/waldorf-fr\/\">Waldorf<\/a>.<\/p>\n<p>Ce jouet de dentition Sarah\u2019s Silks est enti\u00e8rement test\u00e9 pour la s\u00e9curit\u00e9 des b\u00e9b\u00e9s et r\u00e9pondant aux directives des fabricants de jouets CPSIA.<\/p>\n<p>Contenu :<\/p>\n<p>Un jouet de dentition pour b\u00e9b\u00e9 en bois et en soie.<\/p>\n<h2>Instructions de soins<\/h2>\n<p>Lavez \u00e0 la main avec du savon \u00e0 vaisselle ou un shampooing doux, s\u00e9chez sur la corde et utilisez un fer \u00e0 repasser moyen pour redonner de l&#8217;\u00e9clat &#8211; veuillez vous r\u00e9f\u00e9rer aux <a href=\"https:\/\/www.sarahssilks.com\/blogs\/journal\/how-to-wash-playsilks\">instructions<\/a> \u00e9tape par \u00e9tape de Sarah&#8217;s Silks pour laver votre soie.<\/p>\n<h2>Politique de retour<\/h2>\n<p>Tous les articles retourn\u00e9s doivent \u00eatre dans leur \u00e9tat d&#8217;origine, avec l&#8217;emballage original et les \u00e9tiquettes attach\u00e9es et intactes. Les articles utilis\u00e9s ou lav\u00e9s ne peuvent \u00eatre retourn\u00e9s.<\/p>\n<h2>\u00c0 propos de Sarah&#8217;s Silks<\/h2>\n<p><a href=\"https:\/\/teiaeducation.ch\/fr\/categorie-produit\/marques\/sarahs-silks-fr\/\">Sarah\u2019s Silks<\/a> est une entreprise familiale bas\u00e9e aux \u00c9tats-Unis sp\u00e9cialis\u00e9e dans les jouets d\u2019inspiration <a href=\"https:\/\/teiaeducation.ch\/fr\/categorie-produit\/jouer\/jouets-waldorf\/\">Waldorf<\/a>, <a href=\"https:\/\/teiaeducation.ch\/fr\/categorie-produit\/jouer\/jeu-de-la-nature\/\">naturels<\/a> et durables pour stimuler <a href=\"https:\/\/teiaeducation.ch\/fr\/categorie-produit\/jouer\/jeu-imaginatif-faire-semblant\/\">l\u2019imagination<\/a> des enfants. Leur mission est de fabriquer des <a href=\"https:\/\/teiaeducation.ch\/fr\/categorie-produit\/jouer\/\">jouets durables<\/a> et <a href=\"https:\/\/teiaeducation.ch\/fr\/categorie-produit\/jouer\/jeu-libre\/\">libres<\/a> qui enseignent \u00e0 nos enfants \u00e0 aimer et \u00e0 prendre soin de la Terre M\u00e8re. Les magnifiques soies de jeu, les cotons de jeu, les capes, les robes de f\u00e9es et les banderoles de Sarah&#8217;s Silks sont parfaits pour les jeux libres, les d\u00e9guisements et les jeux dramatiques dans les maisons Waldorf, les garderies et les <a href=\"https:\/\/teiaeducation.ch\/fr\/fournitures-pour-les-ecoles-waldorf-steiner\/\">\u00e9coles Steiner<\/a>.<\/p>\n<p>Tous les v\u00eatements et jouets en soie de Sarah&#8217;s Silks sont fabriqu\u00e9s \u00e0 partir de soie chinoise durable de haute qualit\u00e9. Chaque produit en soie est tiss\u00e9, color\u00e9 et ourl\u00e9 \u00e0 la main par des couturi\u00e8res travaillant de leur maison dans un petit village pr\u00e8s de Suzhou, en Chine. Ils sont ensuite peints et finis \u00e0 la main dans le Sonoma County, en Californie, aux \u00c9tats-Unis.<\/p>\n<p>Les enfants adorent les couleurs vibrantes et magnifiquement m\u00e9lang\u00e9es et la sensation douce et tactile des jouets, des <a href=\"https:\/\/teiaeducation.ch\/fr\/categorie-produit\/jouer\/jouets-en-tissu\/\">tissus<\/a> de jeu en coton et des capes. Ils sont r\u00e9alis\u00e9s \u00e0 l&#8217;aide de teintures non toxiques et \u00e9cologiques et de fibres naturelles allant de la soie v\u00e9ritable \u00e0 100 % ou coton. Ils ont pass\u00e9 des tests de s\u00e9curit\u00e9 am\u00e9ricains et europ\u00e9ens stricts et peuvent \u00eatre utilis\u00e9s par des enfants de tous \u00e2ges.<\/p>\n","protected":false},"excerpt":{"rendered":"<p>Num\u00e9ro d&#8217;article: 35391007<\/p>\n<p>L&#8217;anneau de dentition en soie et bois de Sarah&#8217;s Silks en blossom aide \u00e0 soulager les gencives douloureuses des b\u00e9b\u00e9s et offre un jeu sensoriel d\u00e9licat !<\/p>\n","protected":false},"featured_media":48333,"comment_status":"open","ping_status":"closed","template":"","meta":[],"product_brand":[],"product_cat":[25968,208,17243,17238,21257,13130,13149,25822,13137,23021,13139,13140,13142,7595,217,5851,24313,13124,212,1219],"product_tag":[18430,21183,21182,18427,18432,1227,1241,18431,18426,18425],"class_list":{"0":"post-39045","1":"product","2":"type-product","3":"status-publish","4":"has-post-thumbnail","6":"product_cat-0-12-mois-bebe","7":"product_cat-1-3-ans","8":"product_cat-guide-cadeaux-0-12-mois","9":"product_cat-guide-cadeaux-jouets-mous","10":"product_cat-guides-cadeaux","11":"product_cat-jouer","12":"product_cat-jouets-de-dentition","13":"product_cat-jouets-en-soie","14":"product_cat-jouets-en-tissu","15":"product_cat-jouets-waldorf","16":"product_cat-jeu-imaginatif-faire-semblant","17":"product_cat-jeu-libre","18":"product_cat-jeu-sensoriel","19":"product_cat-methode-deducation","20":"product_cat-marques","21":"product_cat-nouveautes","22":"product_cat-saint-valentin","23":"product_cat-sarahs-silks-fr","24":"product_cat-tranche-dage","25":"product_cat-waldorf-fr","26":"product_tag-ailes-de-fee-en-soie","27":"product_tag-anneau-de-dentition-en-soie-et-bois-pour-bebe-fleur-sarahs-silks","28":"product_tag-anneau-de-dentition-en-soie-et-bois-pour-bebe-mer-sarahs-silks","29":"product_tag-costumes-waldorf","30":"product_tag-jeu-imaginatif-fr","31":"product_tag-jouets-ouverts","32":"product_tag-jouets-waldorf","33":"product_tag-shabiller-pour-enfants-de-haute-qualite","34":"product_tag-sarahs-silks-fr","35":"product_tag-sarahs-silks-suisse-fr","37":"first","38":"instock","39":"taxable","40":"shipping-taxable","41":"purchasable","42":"product-type-simple"},"yoast_head":"<!-- This site is optimized with the Yoast SEO plugin v27.1.1 - https:\/\/yoast.com\/product\/yoast-seo-wordpress\/ -->\n<title>Anneau de dentition blossom - Sarah&#039;s Silks<\/title>\n<meta name=\"description\" content=\"L&#039;anneau de dentition en soie et bois de Sarah&#039;s Silks en blossom aide \u00e0 soulager les gencives douloureuses des b\u00e9b\u00e9s et offre un jeu sensoriel d\u00e9licat.\" \/>\n<meta name=\"robots\" content=\"index, follow, max-snippet:-1, max-image-preview:large, max-video-preview:-1\" \/>\n<link rel=\"canonical\" href=\"https:\/\/teiaeducation.ch\/fr\/produit\/soie-bois-anneau-dentition-fleur-sarahs-silks\/\" \/>\n<meta property=\"og:locale\" content=\"fr_FR\" \/>\n<meta property=\"og:type\" content=\"article\" \/>\n<meta property=\"og:title\" content=\"Anneau de dentition blossom - Sarah&#039;s Silks\" \/>\n<meta property=\"og:description\" content=\"L&#039;anneau de dentition en soie et bois de Sarah&#039;s Silks en blossom aide \u00e0 soulager les gencives douloureuses des b\u00e9b\u00e9s et offre un jeu sensoriel d\u00e9licat.\" \/>\n<meta property=\"og:url\" content=\"https:\/\/teiaeducation.ch\/fr\/produit\/soie-bois-anneau-dentition-fleur-sarahs-silks\/\" \/>\n<meta property=\"og:site_name\" content=\"Sustainable Educational Products &amp; Ecological Toys\u00a0\" \/>\n<meta property=\"article:publisher\" content=\"https:\/\/www.facebook.com\/teiaeducation\/\" \/>\n<meta property=\"article:modified_time\" content=\"2023-08-21T12:14:07+00:00\" \/>\n<meta property=\"og:image\" content=\"https:\/\/teiaeducation.ch\/wp-content\/uploads\/2021\/09\/Sarahs-Silks-Silk-wood-baby-teether-in-blossom-colours-1.jpg\" \/>\n\t<meta property=\"og:image:width\" content=\"800\" \/>\n\t<meta property=\"og:image:height\" content=\"1000\" \/>\n\t<meta property=\"og:image:type\" content=\"image\/jpeg\" \/>\n<script type=\"application\/ld+json\" class=\"yoast-schema-graph\">{\"@context\":\"https:\/\/schema.org\",\"@graph\":[{\"@type\":\"WebPage\",\"@id\":\"https:\/\/teiaeducation.ch\/fr\/produit\/soie-bois-anneau-dentition-fleur-sarahs-silks\/\",\"url\":\"https:\/\/teiaeducation.ch\/fr\/produit\/soie-bois-anneau-dentition-fleur-sarahs-silks\/\",\"name\":\"Anneau de dentition blossom - Sarah's Silks\",\"isPartOf\":{\"@id\":\"https:\/\/teiaeducation.ch\/fr\/#website\"},\"primaryImageOfPage\":{\"@id\":\"https:\/\/teiaeducation.ch\/fr\/produit\/soie-bois-anneau-dentition-fleur-sarahs-silks\/#primaryimage\"},\"image\":{\"@id\":\"https:\/\/teiaeducation.ch\/fr\/produit\/soie-bois-anneau-dentition-fleur-sarahs-silks\/#primaryimage\"},\"thumbnailUrl\":\"https:\/\/teiaeducation.ch\/wp-content\/uploads\/2021\/09\/Sarahs-Silks-Silk-wood-baby-teether-in-blossom-colours-1.jpg\",\"datePublished\":\"2021-09-24T12:42:20+00:00\",\"dateModified\":\"2023-08-21T12:14:07+00:00\",\"description\":\"L'anneau de dentition en soie et bois de Sarah's Silks en blossom aide \u00e0 soulager les gencives douloureuses des b\u00e9b\u00e9s et offre un jeu sensoriel d\u00e9licat.\",\"breadcrumb\":{\"@id\":\"https:\/\/teiaeducation.ch\/fr\/produit\/soie-bois-anneau-dentition-fleur-sarahs-silks\/#breadcrumb\"},\"inLanguage\":\"fr-FR\",\"potentialAction\":[{\"@type\":\"ReadAction\",\"target\":[\"https:\/\/teiaeducation.ch\/fr\/produit\/soie-bois-anneau-dentition-fleur-sarahs-silks\/\"]}]},{\"@type\":\"ImageObject\",\"inLanguage\":\"fr-FR\",\"@id\":\"https:\/\/teiaeducation.ch\/fr\/produit\/soie-bois-anneau-dentition-fleur-sarahs-silks\/#primaryimage\",\"url\":\"https:\/\/teiaeducation.ch\/wp-content\/uploads\/2021\/09\/Sarahs-Silks-Silk-wood-baby-teether-in-blossom-colours-1.jpg\",\"contentUrl\":\"https:\/\/teiaeducation.ch\/wp-content\/uploads\/2021\/09\/Sarahs-Silks-Silk-wood-baby-teether-in-blossom-colours-1.jpg\",\"width\":800,\"height\":1000,\"caption\":\"Sarah's Silks Silk & wood baby teether in blossom colours\"},{\"@type\":\"BreadcrumbList\",\"@id\":\"https:\/\/teiaeducation.ch\/fr\/produit\/soie-bois-anneau-dentition-fleur-sarahs-silks\/#breadcrumb\",\"itemListElement\":[{\"@type\":\"ListItem\",\"position\":1,\"name\":\"Home\",\"item\":\"https:\/\/teiaeducation.ch\/fr\/\"},{\"@type\":\"ListItem\",\"position\":2,\"name\":\"Boutique Teia Education &amp; Play\",\"item\":\"https:\/\/teiaeducation.ch\/fr\/boutique\/\"},{\"@type\":\"ListItem\",\"position\":3,\"name\":\"Nos Marques\",\"item\":\"https:\/\/teiaeducation.ch\/fr\/categorie-produit\/marques\/\"},{\"@type\":\"ListItem\",\"position\":4,\"name\":\"Sarah's Silks\",\"item\":\"https:\/\/teiaeducation.ch\/fr\/categorie-produit\/marques\/sarahs-silks-fr\/\"},{\"@type\":\"ListItem\",\"position\":5,\"name\":\"Jouets en soie\",\"item\":\"https:\/\/teiaeducation.ch\/fr\/categorie-produit\/marques\/sarahs-silks-fr\/jouets-en-soie\/\"},{\"@type\":\"ListItem\",\"position\":6,\"name\":\"Anneau de dentition blossom &#8211; Sarah&#8217;s Silks\"}]},{\"@type\":\"WebSite\",\"@id\":\"https:\/\/teiaeducation.ch\/fr\/#website\",\"url\":\"https:\/\/teiaeducation.ch\/fr\/\",\"name\":\"Sustainable Educational Products &amp; Ecological Toys\u00a0\",\"description\":\"Specialised Swiss shop selling sustainable educational toys and games, AMI certified Montessori materials, handmade ecological wooden Waldorf toys and arts &amp; crafts supplies, school supplies, children&#039;s furniture and Montessori reference and parenting books.\",\"publisher\":{\"@id\":\"https:\/\/teiaeducation.ch\/fr\/#organization\"},\"alternateName\":\"Teia Education & Play\",\"potentialAction\":[{\"@type\":\"SearchAction\",\"target\":{\"@type\":\"EntryPoint\",\"urlTemplate\":\"https:\/\/teiaeducation.ch\/fr\/?s={search_term_string}\"},\"query-input\":{\"@type\":\"PropertyValueSpecification\",\"valueRequired\":true,\"valueName\":\"search_term_string\"}}],\"inLanguage\":\"fr-FR\"},{\"@type\":\"Organization\",\"@id\":\"https:\/\/teiaeducation.ch\/fr\/#organization\",\"name\":\"Teia Education & Play\",\"url\":\"https:\/\/teiaeducation.ch\/fr\/\",\"logo\":{\"@type\":\"ImageObject\",\"inLanguage\":\"fr-FR\",\"@id\":\"https:\/\/teiaeducation.ch\/fr\/#\/schema\/logo\/image\/\",\"url\":\"https:\/\/teiaeducation.ch\/wp-content\/uploads\/2020\/11\/Teia-Education-Switzerland-e1620156442216.jpg\",\"contentUrl\":\"https:\/\/teiaeducation.ch\/wp-content\/uploads\/2020\/11\/Teia-Education-Switzerland-e1620156442216.jpg\",\"width\":166,\"height\":145,\"caption\":\"Teia Education & Play\"},\"image\":{\"@id\":\"https:\/\/teiaeducation.ch\/fr\/#\/schema\/logo\/image\/\"},\"sameAs\":[\"https:\/\/www.facebook.com\/teiaeducation\/\",\"https:\/\/x.com\/EducationTeia\",\"https:\/\/www.instagram.com\/teia.education\/\",\"https:\/\/www.linkedin.com\/company\/35501660\",\"https:\/\/www.pinterest.ch\/TeiaEducation\/\"]}]}<\/script>\n<!-- \/ Yoast SEO plugin. -->","yoast_head_json":{"title":"Anneau de dentition blossom - Sarah's Silks","description":"L'anneau de dentition en soie et bois de Sarah's Silks en blossom aide \u00e0 soulager les gencives douloureuses des b\u00e9b\u00e9s et offre un jeu sensoriel d\u00e9licat.","robots":{"index":"index","follow":"follow","max-snippet":"max-snippet:-1","max-image-preview":"max-image-preview:large","max-video-preview":"max-video-preview:-1"},"canonical":"https:\/\/teiaeducation.ch\/fr\/produit\/soie-bois-anneau-dentition-fleur-sarahs-silks\/","og_locale":"fr_FR","og_type":"article","og_title":"Anneau de dentition blossom - Sarah's Silks","og_description":"L'anneau de dentition en soie et bois de Sarah's Silks en blossom aide \u00e0 soulager les gencives douloureuses des b\u00e9b\u00e9s et offre un jeu sensoriel d\u00e9licat.","og_url":"https:\/\/teiaeducation.ch\/fr\/produit\/soie-bois-anneau-dentition-fleur-sarahs-silks\/","og_site_name":"Sustainable Educational Products &amp; Ecological Toys\u00a0","article_publisher":"https:\/\/www.facebook.com\/teiaeducation\/","article_modified_time":"2023-08-21T12:14:07+00:00","og_image":[{"width":800,"height":1000,"url":"https:\/\/teiaeducation.ch\/wp-content\/uploads\/2021\/09\/Sarahs-Silks-Silk-wood-baby-teether-in-blossom-colours-1.jpg","type":"image\/jpeg"}],"schema":{"@context":"https:\/\/schema.org","@graph":[{"@type":"WebPage","@id":"https:\/\/teiaeducation.ch\/fr\/produit\/soie-bois-anneau-dentition-fleur-sarahs-silks\/","url":"https:\/\/teiaeducation.ch\/fr\/produit\/soie-bois-anneau-dentition-fleur-sarahs-silks\/","name":"Anneau de dentition blossom - Sarah's Silks","isPartOf":{"@id":"https:\/\/teiaeducation.ch\/fr\/#website"},"primaryImageOfPage":{"@id":"https:\/\/teiaeducation.ch\/fr\/produit\/soie-bois-anneau-dentition-fleur-sarahs-silks\/#primaryimage"},"image":{"@id":"https:\/\/teiaeducation.ch\/fr\/produit\/soie-bois-anneau-dentition-fleur-sarahs-silks\/#primaryimage"},"thumbnailUrl":"https:\/\/teiaeducation.ch\/wp-content\/uploads\/2021\/09\/Sarahs-Silks-Silk-wood-baby-teether-in-blossom-colours-1.jpg","datePublished":"2021-09-24T12:42:20+00:00","dateModified":"2023-08-21T12:14:07+00:00","description":"L'anneau de dentition en soie et bois de Sarah's Silks en blossom aide \u00e0 soulager les gencives douloureuses des b\u00e9b\u00e9s et offre un jeu sensoriel d\u00e9licat.","breadcrumb":{"@id":"https:\/\/teiaeducation.ch\/fr\/produit\/soie-bois-anneau-dentition-fleur-sarahs-silks\/#breadcrumb"},"inLanguage":"fr-FR","potentialAction":[{"@type":"ReadAction","target":["https:\/\/teiaeducation.ch\/fr\/produit\/soie-bois-anneau-dentition-fleur-sarahs-silks\/"]}]},{"@type":"ImageObject","inLanguage":"fr-FR","@id":"https:\/\/teiaeducation.ch\/fr\/produit\/soie-bois-anneau-dentition-fleur-sarahs-silks\/#primaryimage","url":"https:\/\/teiaeducation.ch\/wp-content\/uploads\/2021\/09\/Sarahs-Silks-Silk-wood-baby-teether-in-blossom-colours-1.jpg","contentUrl":"https:\/\/teiaeducation.ch\/wp-content\/uploads\/2021\/09\/Sarahs-Silks-Silk-wood-baby-teether-in-blossom-colours-1.jpg","width":800,"height":1000,"caption":"Sarah's Silks Silk & wood baby teether in blossom colours"},{"@type":"BreadcrumbList","@id":"https:\/\/teiaeducation.ch\/fr\/produit\/soie-bois-anneau-dentition-fleur-sarahs-silks\/#breadcrumb","itemListElement":[{"@type":"ListItem","position":1,"name":"Home","item":"https:\/\/teiaeducation.ch\/fr\/"},{"@type":"ListItem","position":2,"name":"Boutique Teia Education &amp; Play","item":"https:\/\/teiaeducation.ch\/fr\/boutique\/"},{"@type":"ListItem","position":3,"name":"Nos Marques","item":"https:\/\/teiaeducation.ch\/fr\/categorie-produit\/marques\/"},{"@type":"ListItem","position":4,"name":"Sarah's Silks","item":"https:\/\/teiaeducation.ch\/fr\/categorie-produit\/marques\/sarahs-silks-fr\/"},{"@type":"ListItem","position":5,"name":"Jouets en soie","item":"https:\/\/teiaeducation.ch\/fr\/categorie-produit\/marques\/sarahs-silks-fr\/jouets-en-soie\/"},{"@type":"ListItem","position":6,"name":"Anneau de dentition blossom &#8211; Sarah&#8217;s Silks"}]},{"@type":"WebSite","@id":"https:\/\/teiaeducation.ch\/fr\/#website","url":"https:\/\/teiaeducation.ch\/fr\/","name":"Sustainable Educational Products &amp; Ecological Toys\u00a0","description":"Specialised Swiss shop selling sustainable educational toys and games, AMI certified Montessori materials, handmade ecological wooden Waldorf toys and arts &amp; crafts supplies, school supplies, children&#039;s furniture and Montessori reference and parenting books.","publisher":{"@id":"https:\/\/teiaeducation.ch\/fr\/#organization"},"alternateName":"Teia Education & Play","potentialAction":[{"@type":"SearchAction","target":{"@type":"EntryPoint","urlTemplate":"https:\/\/teiaeducation.ch\/fr\/?s={search_term_string}"},"query-input":{"@type":"PropertyValueSpecification","valueRequired":true,"valueName":"search_term_string"}}],"inLanguage":"fr-FR"},{"@type":"Organization","@id":"https:\/\/teiaeducation.ch\/fr\/#organization","name":"Teia Education & Play","url":"https:\/\/teiaeducation.ch\/fr\/","logo":{"@type":"ImageObject","inLanguage":"fr-FR","@id":"https:\/\/teiaeducation.ch\/fr\/#\/schema\/logo\/image\/","url":"https:\/\/teiaeducation.ch\/wp-content\/uploads\/2020\/11\/Teia-Education-Switzerland-e1620156442216.jpg","contentUrl":"https:\/\/teiaeducation.ch\/wp-content\/uploads\/2020\/11\/Teia-Education-Switzerland-e1620156442216.jpg","width":166,"height":145,"caption":"Teia Education & Play"},"image":{"@id":"https:\/\/teiaeducation.ch\/fr\/#\/schema\/logo\/image\/"},"sameAs":["https:\/\/www.facebook.com\/teiaeducation\/","https:\/\/x.com\/EducationTeia","https:\/\/www.instagram.com\/teia.education\/","https:\/\/www.linkedin.com\/company\/35501660","https:\/\/www.pinterest.ch\/TeiaEducation\/"]}]}},"_links":{"self":[{"href":"https:\/\/teiaeducation.ch\/fr\/wp-json\/wp\/v2\/product\/39045","targetHints":{"allow":["GET"]}}],"collection":[{"href":"https:\/\/teiaeducation.ch\/fr\/wp-json\/wp\/v2\/product"}],"about":[{"href":"https:\/\/teiaeducation.ch\/fr\/wp-json\/wp\/v2\/types\/product"}],"replies":[{"embeddable":true,"href":"https:\/\/teiaeducation.ch\/fr\/wp-json\/wp\/v2\/comments?post=39045"}],"wp:featuredmedia":[{"embeddable":true,"href":"https:\/\/teiaeducation.ch\/fr\/wp-json\/wp\/v2\/media\/48333"}],"wp:attachment":[{"href":"https:\/\/teiaeducation.ch\/fr\/wp-json\/wp\/v2\/media?parent=39045"}],"wp:term":[{"taxonomy":"product_brand","embeddable":true,"href":"https:\/\/teiaeducation.ch\/fr\/wp-json\/wp\/v2\/product_brand?post=39045"},{"taxonomy":"product_cat","embeddable":true,"href":"https:\/\/teiaeducation.ch\/fr\/wp-json\/wp\/v2\/product_cat?post=39045"},{"taxonomy":"product_tag","embeddable":true,"href":"https:\/\/teiaeducation.ch\/fr\/wp-json\/wp\/v2\/product_tag?post=39045"}],"curies":[{"name":"wp","href":"https:\/\/api.w.org\/{rel}","templated":true}]}}