{"id":39101,"date":"2023-08-16T15:13:57","date_gmt":"2023-08-16T13:13:57","guid":{"rendered":"https:\/\/teiaeducation.ch\/?post_type=product&#038;p=39101"},"modified":"2023-08-21T14:03:08","modified_gmt":"2023-08-21T12:03:08","slug":"epee-souple-rouge-sarahs-silks","status":"publish","type":"product","link":"https:\/\/teiaeducation.ch\/fr\/produit\/epee-souple-rouge-sarahs-silks\/","title":{"rendered":"Ep\u00e9e souple rouge &#8211; Sarah&#8217;s Silks"},"content":{"rendered":"<p>Une magnifique \u00e9p\u00e9e souple d&#8217;inspiration Waldorf, dans la variation de couleur vibrante rouge avec une lame dor\u00e9e de Sarah&#8217;s Silks. L&#8217;\u00e9p\u00e9e souple est fabriqu\u00e9e en mousse souple mais rigide, recouverte d&#8217;une poign\u00e9e en soie \u00e0 motif jacquard et d&#8217;une &#8220;lame&#8221; en soie dor\u00e9e. Elle mesure environ 43 cm et va bien avec les costumes de chevalier, les <a href=\"https:\/\/teiaeducation.ch\/fr\/produit\/soie-reversible-couronne-ocean-sarahs-silks\/\">couronnes<\/a> et les <a href=\"https:\/\/teiaeducation.ch\/fr\/produit\/soie-cape-ocean-sarahs-silks\/\">capes<\/a> de Sarah&#8217;s Silks.<\/p>\n<p>L&#8217;\u00e9p\u00e9e est inspir\u00e9e par le jeu du troisi\u00e8me fils du fondateur de Sarah&#8217;s Silks, Morgan, qui \u00e9tait un enfant tr\u00e8s actif et aimait jouer avec ses deux fr\u00e8res a\u00een\u00e9s. Parfois, les fr\u00e8res jouaient avec de fausses \u00e9p\u00e9es, s&#8217;affrontant et courant dans toute la maison. Elle a remarqu\u00e9 que leurs meilleurs jeux de combat \u00e0 l&#8217;\u00e9p\u00e9e se faisaient avec des oreillers longs et moelleux, ce qui lui a donn\u00e9 l&#8217;id\u00e9e de fabriquer une \u00e9p\u00e9e super douce recouverte de soie !<\/p>\n<p>Offrant des escapades dans le monde de la jeux de r\u00f4les\u00a0et du jeu imaginatif <a href=\"https:\/\/teiaeducation.ch\/fr\/categorie-produit\/methode-deducation\/waldorf-fr\/\">Waldorf<\/a>, l&#8217;\u00e9p\u00e9e souple transforme l&#8217;enfant en chevalier, en prince, en princesse ou en toute autre chose selon son imagination. L&#8217;\u00e9p\u00e9e <span class=\"a-list-item\">est souple et robuste et restera dans la commode de votre enfant pendant des ann\u00e9es.<\/span><\/p>\n<p>Contenu :<\/p>\n<p>1 \u00e9p\u00e9e souple rouge en 100% soie<\/p>\n<h2>Instructions de soins<\/h2>\n<p>Lavez \u00e0 la main avec du savon \u00e0 vaisselle ou un shampooing doux, s\u00e9chez sur la corde et utilisez un fer \u00e0 repasser moyen pour redonner de l&#8217;\u00e9clat &#8211; veuillez vous r\u00e9f\u00e9rer aux <a href=\"https:\/\/www.sarahssilks.com\/blogs\/journal\/how-to-wash-playsilks\">instructions<\/a> \u00e9tape par \u00e9tape de Sarah&#8217;s Silks pour laver votre soie.<\/p>\n<h2>Politique de retour<\/h2>\n<p>Tous les articles retourn\u00e9s doivent \u00eatre dans leur \u00e9tat d&#8217;origine, avec l&#8217;emballage original et les \u00e9tiquettes attach\u00e9es et intactes. Les articles utilis\u00e9s ou lav\u00e9s ne peuvent \u00eatre retourn\u00e9s.<\/p>\n<h2>\u00c0 propos de Sarah&#8217;s Silks<\/h2>\n<p><a href=\"https:\/\/teiaeducation.ch\/fr\/categorie-produit\/marques\/sarahs-silks-fr\/\">Sarah\u2019s Silks<\/a> est une entreprise familiale bas\u00e9e aux \u00c9tats-Unis sp\u00e9cialis\u00e9e dans les jouets d\u2019inspiration <a href=\"https:\/\/teiaeducation.ch\/fr\/categorie-produit\/jouer\/jouets-waldorf\/\">Waldorf<\/a>, <a href=\"https:\/\/teiaeducation.ch\/fr\/categorie-produit\/jouer\/jeu-de-la-nature\/\">naturels<\/a> et durables pour stimuler <a href=\"https:\/\/teiaeducation.ch\/fr\/categorie-produit\/jouer\/jeu-imaginatif-faire-semblant\/\">l\u2019imagination<\/a> des enfants. Leur mission est de fabriquer des <a href=\"https:\/\/teiaeducation.ch\/fr\/categorie-produit\/jouer\/\">jouets durables<\/a> et <a href=\"https:\/\/teiaeducation.ch\/fr\/categorie-produit\/jouer\/jeu-libre\/\">libres<\/a> qui enseignent \u00e0 nos enfants \u00e0 aimer et \u00e0 prendre soin de la Terre M\u00e8re. Les magnifiques soies de jeu, les cotons de jeu, les capes, les robes de f\u00e9es et les banderoles de Sarah&#8217;s Silks sont parfaits pour les jeux libres, les d\u00e9guisements et les jeux dramatiques dans les maisons Waldorf, les garderies et les <a href=\"https:\/\/teiaeducation.ch\/fr\/fournitures-pour-les-ecoles-waldorf-steiner\/\">\u00e9coles Steiner<\/a>.<\/p>\n<p>Tous les v\u00eatements et jouets en soie de Sarah&#8217;s Silks sont fabriqu\u00e9s \u00e0 partir de soie chinoise durable de haute qualit\u00e9. Chaque produit en soie est tiss\u00e9, color\u00e9 et ourl\u00e9 \u00e0 la main par des couturi\u00e8res travaillant de leur maison dans un petit village pr\u00e8s de Suzhou, en Chine. Ils sont ensuite peints et finis \u00e0 la main dans le Sonoma County, en Californie, aux \u00c9tats-Unis.<\/p>\n<p>Les enfants adorent les couleurs vibrantes et magnifiquement m\u00e9lang\u00e9es et la sensation douce et tactile des jouets, des <a href=\"https:\/\/teiaeducation.ch\/fr\/categorie-produit\/jouer\/jouets-en-tissu\/\">tissus<\/a> de jeu en coton et des capes. Ils sont r\u00e9alis\u00e9s \u00e0 l&#8217;aide de teintures non toxiques et \u00e9cologiques et de fibres naturelles allant de la soie v\u00e9ritable \u00e0 100 % ou coton. Ils ont pass\u00e9 des tests de s\u00e9curit\u00e9 am\u00e9ricains et europ\u00e9ens stricts et peuvent \u00eatre utilis\u00e9s par des enfants de tous \u00e2ges.<\/p>\n","protected":false},"excerpt":{"rendered":"<p>Num\u00e9ro d&#8217;article: 35395315<\/p>\n<p>Une magnifique \u00e9p\u00e9e souple d&#8217;inspiration Waldorf, dans la variation de couleur vibrante rouge avec une lame dor\u00e9e de Sarah&#8217;s Silks !<\/p>\n","protected":false},"featured_media":39107,"comment_status":"open","ping_status":"closed","template":"","meta":[],"product_brand":[],"product_cat":[215,216,23635,22344,17241,17238,21257,22421,13130,18969,23132,25822,13137,23021,13139,13140,13142,7595,217,5851,13124,212,1219],"product_tag":[20517,21170,21171,7639,21169,1241,20513,20511,20512,18425,20514,20515],"class_list":{"0":"post-39101","1":"product","2":"type-product","3":"status-publish","4":"has-post-thumbnail","6":"product_cat-3-6-ans","7":"product_cat-6-12-ans","8":"product_cat-collection-dete","9":"product_cat-collections-saisonnieres","10":"product_cat-guide-cadeaux-3-6-ans","11":"product_cat-guide-cadeaux-jouets-mous","12":"product_cat-guides-cadeaux","13":"product_cat-idees-cadeaux-pour-paques","14":"product_cat-jouer","15":"product_cat-jouets-actifs","16":"product_cat-jouets-de-plein-air","17":"product_cat-jouets-en-soie","18":"product_cat-jouets-en-tissu","19":"product_cat-jouets-waldorf","20":"product_cat-jeu-imaginatif-faire-semblant","21":"product_cat-jeu-libre","22":"product_cat-jeu-sensoriel","23":"product_cat-methode-deducation","24":"product_cat-marques","25":"product_cat-nouveautes","26":"product_cat-sarahs-silks-fr","27":"product_cat-tranche-dage","28":"product_cat-waldorf-fr","29":"product_tag-cape-dhabillage-waldorf","30":"product_tag-epee-souple-en-bleu-avec-lame-doree-sarahs-silks","31":"product_tag-epee-souple-en-rouge-avec-lame-doree-sarahs-silks","32":"product_tag-heuristique-jouant-du-waldorf","33":"product_tag-jouets-mous-sarahs-silks","34":"product_tag-jouets-waldorf","35":"product_tag-sarahs-silks-playsilks-fr","36":"product_tag-sarahs-silks-suisse-fr-2","37":"product_tag-sarahs-silks-suisse-fr-3","38":"product_tag-sarahs-silks-suisse-fr","39":"product_tag-soies-waldorf","40":"product_tag-tissus-de-jeu-waldorf","42":"first","43":"instock","44":"taxable","45":"shipping-taxable","46":"purchasable","47":"product-type-simple"},"yoast_head":"<!-- This site is optimized with the Yoast SEO plugin v27.1.1 - https:\/\/yoast.com\/product\/yoast-seo-wordpress\/ -->\n<title>Ep\u00e9e souple rouge - Sarah&#039;s Silks - Teia Education &amp; Play<\/title>\n<meta name=\"description\" content=\"Une magnifique \u00e9p\u00e9e souple d&#039;inspiration Waldorf, dans la variation de couleur vibrante rouge avec une lame dor\u00e9e de Sarah&#039;s Silks.\" \/>\n<meta name=\"robots\" content=\"index, follow, max-snippet:-1, max-image-preview:large, max-video-preview:-1\" \/>\n<link rel=\"canonical\" href=\"https:\/\/teiaeducation.ch\/fr\/produit\/epee-souple-rouge-sarahs-silks\/\" \/>\n<meta property=\"og:locale\" content=\"fr_FR\" \/>\n<meta property=\"og:type\" content=\"article\" \/>\n<meta property=\"og:title\" content=\"Ep\u00e9e souple rouge - Sarah&#039;s Silks - Teia Education &amp; Play\" \/>\n<meta property=\"og:description\" content=\"Une magnifique \u00e9p\u00e9e souple d&#039;inspiration Waldorf, dans la variation de couleur vibrante rouge avec une lame dor\u00e9e de Sarah&#039;s Silks.\" \/>\n<meta property=\"og:url\" content=\"https:\/\/teiaeducation.ch\/fr\/produit\/epee-souple-rouge-sarahs-silks\/\" \/>\n<meta property=\"og:site_name\" content=\"Sustainable Educational Products &amp; Ecological Toys\u00a0\" \/>\n<meta property=\"article:publisher\" content=\"https:\/\/www.facebook.com\/teiaeducation\/\" \/>\n<meta property=\"article:modified_time\" content=\"2023-08-21T12:03:08+00:00\" \/>\n<meta property=\"og:image\" content=\"https:\/\/teiaeducation.ch\/wp-content\/uploads\/2021\/09\/Soft-sword-in-red-with-golden-blade-Sarahs-Silks2.jpg\" \/>\n\t<meta property=\"og:image:width\" content=\"1080\" \/>\n\t<meta property=\"og:image:height\" content=\"1350\" \/>\n\t<meta property=\"og:image:type\" content=\"image\/jpeg\" \/>\n<script type=\"application\/ld+json\" class=\"yoast-schema-graph\">{\"@context\":\"https:\/\/schema.org\",\"@graph\":[{\"@type\":\"WebPage\",\"@id\":\"https:\/\/teiaeducation.ch\/fr\/produit\/epee-souple-rouge-sarahs-silks\/\",\"url\":\"https:\/\/teiaeducation.ch\/fr\/produit\/epee-souple-rouge-sarahs-silks\/\",\"name\":\"Ep\u00e9e souple rouge - Sarah's Silks - Teia Education & Play\",\"isPartOf\":{\"@id\":\"https:\/\/teiaeducation.ch\/fr\/#website\"},\"primaryImageOfPage\":{\"@id\":\"https:\/\/teiaeducation.ch\/fr\/produit\/epee-souple-rouge-sarahs-silks\/#primaryimage\"},\"image\":{\"@id\":\"https:\/\/teiaeducation.ch\/fr\/produit\/epee-souple-rouge-sarahs-silks\/#primaryimage\"},\"thumbnailUrl\":\"https:\/\/teiaeducation.ch\/wp-content\/uploads\/2021\/09\/Soft-sword-in-red-with-golden-blade-Sarahs-Silks2.jpg\",\"datePublished\":\"2023-08-16T13:13:57+00:00\",\"dateModified\":\"2023-08-21T12:03:08+00:00\",\"description\":\"Une magnifique \u00e9p\u00e9e souple d'inspiration Waldorf, dans la variation de couleur vibrante rouge avec une lame dor\u00e9e de Sarah's Silks.\",\"breadcrumb\":{\"@id\":\"https:\/\/teiaeducation.ch\/fr\/produit\/epee-souple-rouge-sarahs-silks\/#breadcrumb\"},\"inLanguage\":\"fr-FR\",\"potentialAction\":[{\"@type\":\"ReadAction\",\"target\":[\"https:\/\/teiaeducation.ch\/fr\/produit\/epee-souple-rouge-sarahs-silks\/\"]}]},{\"@type\":\"ImageObject\",\"inLanguage\":\"fr-FR\",\"@id\":\"https:\/\/teiaeducation.ch\/fr\/produit\/epee-souple-rouge-sarahs-silks\/#primaryimage\",\"url\":\"https:\/\/teiaeducation.ch\/wp-content\/uploads\/2021\/09\/Soft-sword-in-red-with-golden-blade-Sarahs-Silks2.jpg\",\"contentUrl\":\"https:\/\/teiaeducation.ch\/wp-content\/uploads\/2021\/09\/Soft-sword-in-red-with-golden-blade-Sarahs-Silks2.jpg\",\"width\":1080,\"height\":1350,\"caption\":\"\u00c9p\u00e9e souple en rouge avec lame dor\u00e9e - Sarah's Silks\"},{\"@type\":\"BreadcrumbList\",\"@id\":\"https:\/\/teiaeducation.ch\/fr\/produit\/epee-souple-rouge-sarahs-silks\/#breadcrumb\",\"itemListElement\":[{\"@type\":\"ListItem\",\"position\":1,\"name\":\"Home\",\"item\":\"https:\/\/teiaeducation.ch\/fr\/\"},{\"@type\":\"ListItem\",\"position\":2,\"name\":\"Boutique Teia Education &amp; Play\",\"item\":\"https:\/\/teiaeducation.ch\/fr\/boutique\/\"},{\"@type\":\"ListItem\",\"position\":3,\"name\":\"Nos Marques\",\"item\":\"https:\/\/teiaeducation.ch\/fr\/categorie-produit\/marques\/\"},{\"@type\":\"ListItem\",\"position\":4,\"name\":\"Sarah's Silks\",\"item\":\"https:\/\/teiaeducation.ch\/fr\/categorie-produit\/marques\/sarahs-silks-fr\/\"},{\"@type\":\"ListItem\",\"position\":5,\"name\":\"Jouets en soie\",\"item\":\"https:\/\/teiaeducation.ch\/fr\/categorie-produit\/marques\/sarahs-silks-fr\/jouets-en-soie\/\"},{\"@type\":\"ListItem\",\"position\":6,\"name\":\"Ep\u00e9e souple rouge &#8211; Sarah&#8217;s Silks\"}]},{\"@type\":\"WebSite\",\"@id\":\"https:\/\/teiaeducation.ch\/fr\/#website\",\"url\":\"https:\/\/teiaeducation.ch\/fr\/\",\"name\":\"Sustainable Educational Products &amp; Ecological Toys\u00a0\",\"description\":\"Specialised Swiss shop selling sustainable educational toys and games, AMI certified Montessori materials, handmade ecological wooden Waldorf toys and arts &amp; crafts supplies, school supplies, children&#039;s furniture and Montessori reference and parenting books.\",\"publisher\":{\"@id\":\"https:\/\/teiaeducation.ch\/fr\/#organization\"},\"alternateName\":\"Teia Education & Play\",\"potentialAction\":[{\"@type\":\"SearchAction\",\"target\":{\"@type\":\"EntryPoint\",\"urlTemplate\":\"https:\/\/teiaeducation.ch\/fr\/?s={search_term_string}\"},\"query-input\":{\"@type\":\"PropertyValueSpecification\",\"valueRequired\":true,\"valueName\":\"search_term_string\"}}],\"inLanguage\":\"fr-FR\"},{\"@type\":\"Organization\",\"@id\":\"https:\/\/teiaeducation.ch\/fr\/#organization\",\"name\":\"Teia Education & Play\",\"url\":\"https:\/\/teiaeducation.ch\/fr\/\",\"logo\":{\"@type\":\"ImageObject\",\"inLanguage\":\"fr-FR\",\"@id\":\"https:\/\/teiaeducation.ch\/fr\/#\/schema\/logo\/image\/\",\"url\":\"https:\/\/teiaeducation.ch\/wp-content\/uploads\/2020\/11\/Teia-Education-Switzerland-e1620156442216.jpg\",\"contentUrl\":\"https:\/\/teiaeducation.ch\/wp-content\/uploads\/2020\/11\/Teia-Education-Switzerland-e1620156442216.jpg\",\"width\":166,\"height\":145,\"caption\":\"Teia Education & Play\"},\"image\":{\"@id\":\"https:\/\/teiaeducation.ch\/fr\/#\/schema\/logo\/image\/\"},\"sameAs\":[\"https:\/\/www.facebook.com\/teiaeducation\/\",\"https:\/\/x.com\/EducationTeia\",\"https:\/\/www.instagram.com\/teia.education\/\",\"https:\/\/www.linkedin.com\/company\/35501660\",\"https:\/\/www.pinterest.ch\/TeiaEducation\/\"]}]}<\/script>\n<!-- \/ Yoast SEO plugin. -->","yoast_head_json":{"title":"Ep\u00e9e souple rouge - Sarah's Silks - Teia Education & Play","description":"Une magnifique \u00e9p\u00e9e souple d'inspiration Waldorf, dans la variation de couleur vibrante rouge avec une lame dor\u00e9e de Sarah's Silks.","robots":{"index":"index","follow":"follow","max-snippet":"max-snippet:-1","max-image-preview":"max-image-preview:large","max-video-preview":"max-video-preview:-1"},"canonical":"https:\/\/teiaeducation.ch\/fr\/produit\/epee-souple-rouge-sarahs-silks\/","og_locale":"fr_FR","og_type":"article","og_title":"Ep\u00e9e souple rouge - Sarah's Silks - Teia Education & Play","og_description":"Une magnifique \u00e9p\u00e9e souple d'inspiration Waldorf, dans la variation de couleur vibrante rouge avec une lame dor\u00e9e de Sarah's Silks.","og_url":"https:\/\/teiaeducation.ch\/fr\/produit\/epee-souple-rouge-sarahs-silks\/","og_site_name":"Sustainable Educational Products &amp; Ecological Toys\u00a0","article_publisher":"https:\/\/www.facebook.com\/teiaeducation\/","article_modified_time":"2023-08-21T12:03:08+00:00","og_image":[{"width":1080,"height":1350,"url":"https:\/\/teiaeducation.ch\/wp-content\/uploads\/2021\/09\/Soft-sword-in-red-with-golden-blade-Sarahs-Silks2.jpg","type":"image\/jpeg"}],"schema":{"@context":"https:\/\/schema.org","@graph":[{"@type":"WebPage","@id":"https:\/\/teiaeducation.ch\/fr\/produit\/epee-souple-rouge-sarahs-silks\/","url":"https:\/\/teiaeducation.ch\/fr\/produit\/epee-souple-rouge-sarahs-silks\/","name":"Ep\u00e9e souple rouge - Sarah's Silks - Teia Education & Play","isPartOf":{"@id":"https:\/\/teiaeducation.ch\/fr\/#website"},"primaryImageOfPage":{"@id":"https:\/\/teiaeducation.ch\/fr\/produit\/epee-souple-rouge-sarahs-silks\/#primaryimage"},"image":{"@id":"https:\/\/teiaeducation.ch\/fr\/produit\/epee-souple-rouge-sarahs-silks\/#primaryimage"},"thumbnailUrl":"https:\/\/teiaeducation.ch\/wp-content\/uploads\/2021\/09\/Soft-sword-in-red-with-golden-blade-Sarahs-Silks2.jpg","datePublished":"2023-08-16T13:13:57+00:00","dateModified":"2023-08-21T12:03:08+00:00","description":"Une magnifique \u00e9p\u00e9e souple d'inspiration Waldorf, dans la variation de couleur vibrante rouge avec une lame dor\u00e9e de Sarah's Silks.","breadcrumb":{"@id":"https:\/\/teiaeducation.ch\/fr\/produit\/epee-souple-rouge-sarahs-silks\/#breadcrumb"},"inLanguage":"fr-FR","potentialAction":[{"@type":"ReadAction","target":["https:\/\/teiaeducation.ch\/fr\/produit\/epee-souple-rouge-sarahs-silks\/"]}]},{"@type":"ImageObject","inLanguage":"fr-FR","@id":"https:\/\/teiaeducation.ch\/fr\/produit\/epee-souple-rouge-sarahs-silks\/#primaryimage","url":"https:\/\/teiaeducation.ch\/wp-content\/uploads\/2021\/09\/Soft-sword-in-red-with-golden-blade-Sarahs-Silks2.jpg","contentUrl":"https:\/\/teiaeducation.ch\/wp-content\/uploads\/2021\/09\/Soft-sword-in-red-with-golden-blade-Sarahs-Silks2.jpg","width":1080,"height":1350,"caption":"\u00c9p\u00e9e souple en rouge avec lame dor\u00e9e - Sarah's Silks"},{"@type":"BreadcrumbList","@id":"https:\/\/teiaeducation.ch\/fr\/produit\/epee-souple-rouge-sarahs-silks\/#breadcrumb","itemListElement":[{"@type":"ListItem","position":1,"name":"Home","item":"https:\/\/teiaeducation.ch\/fr\/"},{"@type":"ListItem","position":2,"name":"Boutique Teia Education &amp; Play","item":"https:\/\/teiaeducation.ch\/fr\/boutique\/"},{"@type":"ListItem","position":3,"name":"Nos Marques","item":"https:\/\/teiaeducation.ch\/fr\/categorie-produit\/marques\/"},{"@type":"ListItem","position":4,"name":"Sarah's Silks","item":"https:\/\/teiaeducation.ch\/fr\/categorie-produit\/marques\/sarahs-silks-fr\/"},{"@type":"ListItem","position":5,"name":"Jouets en soie","item":"https:\/\/teiaeducation.ch\/fr\/categorie-produit\/marques\/sarahs-silks-fr\/jouets-en-soie\/"},{"@type":"ListItem","position":6,"name":"Ep\u00e9e souple rouge &#8211; Sarah&#8217;s Silks"}]},{"@type":"WebSite","@id":"https:\/\/teiaeducation.ch\/fr\/#website","url":"https:\/\/teiaeducation.ch\/fr\/","name":"Sustainable Educational Products &amp; Ecological Toys\u00a0","description":"Specialised Swiss shop selling sustainable educational toys and games, AMI certified Montessori materials, handmade ecological wooden Waldorf toys and arts &amp; crafts supplies, school supplies, children&#039;s furniture and Montessori reference and parenting books.","publisher":{"@id":"https:\/\/teiaeducation.ch\/fr\/#organization"},"alternateName":"Teia Education & Play","potentialAction":[{"@type":"SearchAction","target":{"@type":"EntryPoint","urlTemplate":"https:\/\/teiaeducation.ch\/fr\/?s={search_term_string}"},"query-input":{"@type":"PropertyValueSpecification","valueRequired":true,"valueName":"search_term_string"}}],"inLanguage":"fr-FR"},{"@type":"Organization","@id":"https:\/\/teiaeducation.ch\/fr\/#organization","name":"Teia Education & Play","url":"https:\/\/teiaeducation.ch\/fr\/","logo":{"@type":"ImageObject","inLanguage":"fr-FR","@id":"https:\/\/teiaeducation.ch\/fr\/#\/schema\/logo\/image\/","url":"https:\/\/teiaeducation.ch\/wp-content\/uploads\/2020\/11\/Teia-Education-Switzerland-e1620156442216.jpg","contentUrl":"https:\/\/teiaeducation.ch\/wp-content\/uploads\/2020\/11\/Teia-Education-Switzerland-e1620156442216.jpg","width":166,"height":145,"caption":"Teia Education & Play"},"image":{"@id":"https:\/\/teiaeducation.ch\/fr\/#\/schema\/logo\/image\/"},"sameAs":["https:\/\/www.facebook.com\/teiaeducation\/","https:\/\/x.com\/EducationTeia","https:\/\/www.instagram.com\/teia.education\/","https:\/\/www.linkedin.com\/company\/35501660","https:\/\/www.pinterest.ch\/TeiaEducation\/"]}]}},"_links":{"self":[{"href":"https:\/\/teiaeducation.ch\/fr\/wp-json\/wp\/v2\/product\/39101","targetHints":{"allow":["GET"]}}],"collection":[{"href":"https:\/\/teiaeducation.ch\/fr\/wp-json\/wp\/v2\/product"}],"about":[{"href":"https:\/\/teiaeducation.ch\/fr\/wp-json\/wp\/v2\/types\/product"}],"replies":[{"embeddable":true,"href":"https:\/\/teiaeducation.ch\/fr\/wp-json\/wp\/v2\/comments?post=39101"}],"wp:featuredmedia":[{"embeddable":true,"href":"https:\/\/teiaeducation.ch\/fr\/wp-json\/wp\/v2\/media\/39107"}],"wp:attachment":[{"href":"https:\/\/teiaeducation.ch\/fr\/wp-json\/wp\/v2\/media?parent=39101"}],"wp:term":[{"taxonomy":"product_brand","embeddable":true,"href":"https:\/\/teiaeducation.ch\/fr\/wp-json\/wp\/v2\/product_brand?post=39101"},{"taxonomy":"product_cat","embeddable":true,"href":"https:\/\/teiaeducation.ch\/fr\/wp-json\/wp\/v2\/product_cat?post=39101"},{"taxonomy":"product_tag","embeddable":true,"href":"https:\/\/teiaeducation.ch\/fr\/wp-json\/wp\/v2\/product_tag?post=39101"}],"curies":[{"name":"wp","href":"https:\/\/api.w.org\/{rel}","templated":true}]}}