{"id":39153,"date":"2023-01-17T13:16:49","date_gmt":"2023-01-17T12:16:49","guid":{"rendered":"https:\/\/teiaeducation.ch\/?post_type=product&#038;p=39153"},"modified":"2025-12-09T22:12:05","modified_gmt":"2025-12-09T21:12:05","slug":"jeux-de-ficelle-arc-en-ciel-sarahs-silks","status":"publish","type":"product","link":"https:\/\/teiaeducation.ch\/fr\/produit\/jeux-de-ficelle-arc-en-ciel-sarahs-silks\/","title":{"rendered":"Jeu de ficelle arc-en-ciel &#8211; Sarah&#8217;s Silks"},"content":{"rendered":"<p>Un jeu classique qui a r\u00e9sist\u00e9 \u00e0 l&#8217;\u00e9preuve du temps, le jeu de ficelle en couleurs arc-en-ciel de Sarah&#8217;s Silks est le favori de nombreux parents qui l&#8217;emportent en voyage, au restaurant ou lors de visites \u00e0 la famille ou aux amis pour passer le temps et partager des tours avec leurs enfants !<\/p>\n<p>Il a \u00e9t\u00e9 prouv\u00e9 que la cr\u00e9ation de figures de ficelle favorise le d\u00e9veloppement du cerveau et de la <a href=\"https:\/\/teiaeducation.ch\/fr\/categorie-produit\/domaines-du-curriculum\/sensorielles-motrices\/competences-motrices\/\">motricit\u00e9<\/a> fine.<\/p>\n<p>Le jeu de ficelle de Sarah&#8217;s Silks convient aux enfants \u00e2g\u00e9s de 5 ans et plus et font \u00e9galement d&#8217;un excellent cadeau pour les bas de <a href=\"https:\/\/teiaeducation.ch\/fr\/categorie-produit\/guides-cadeaux\/cadeaux-du-calendrier-de-lavent-et-de-noel\/\">No\u00ebl<\/a> ou les f\u00eates. Le jeu est fabriqu\u00e9 et teint en Californie dans toutes les couleurs de l&#8217;arc-en-ciel.<\/p>\n<p>Si vous cherchez un peu d&#8217;inspiration, retrouvez les instructions du jeu Sarah&#8217;s Silks <a href=\"https:\/\/www.sarahssilks.com\/blogs\/journal\/witchs-broom\">ici<\/a>. Un conseil de Sarah : si le jeu de ficelle se cassent (\u00e0 cause d&#8217;une traction brutale), allumez une bougie et br\u00fblez les extr\u00e9mit\u00e9s pour les recoller. (adultes seulement !)<\/p>\n<p>Contenu :<\/p>\n<p>1 jeu de ficelle en couleurs arc-en-ciel<\/p>\n<h2>Politique de retour<\/h2>\n<p>Tous les articles retourn\u00e9s doivent \u00eatre dans leur \u00e9tat d&#8217;origine, avec l&#8217;emballage original et les \u00e9tiquettes attach\u00e9es et intactes. Les articles utilis\u00e9s ou lav\u00e9s ne peuvent \u00eatre retourn\u00e9s.<\/p>\n<h2>\u00c0 propos de Sarah&#8217;s Silks<\/h2>\n<p><a href=\"https:\/\/teiaeducation.ch\/fr\/categorie-produit\/marques\/sarahs-silks-fr\/\">Sarah\u2019s Silks<\/a> est une entreprise familiale bas\u00e9e aux \u00c9tats-Unis sp\u00e9cialis\u00e9e dans les jouets d\u2019inspiration <a href=\"https:\/\/teiaeducation.ch\/fr\/categorie-produit\/jouer\/jouets-waldorf\/\">Waldorf<\/a>, <a href=\"https:\/\/teiaeducation.ch\/fr\/categorie-produit\/jouer\/jeu-de-la-nature\/\">naturels<\/a> et durables pour stimuler <a href=\"https:\/\/teiaeducation.ch\/fr\/categorie-produit\/jouer\/jeu-imaginatif-faire-semblant\/\">l\u2019imagination<\/a> des enfants. Leur mission est de fabriquer des <a href=\"https:\/\/teiaeducation.ch\/fr\/categorie-produit\/jouer\/\">jouets durables<\/a> et <a href=\"https:\/\/teiaeducation.ch\/fr\/categorie-produit\/jouer\/jeu-libre\/\">libres<\/a> qui enseignent \u00e0 nos enfants \u00e0 aimer et \u00e0 prendre soin de la Terre M\u00e8re. Les magnifiques soies de jeu, les cotons de jeu, les capes, les robes de f\u00e9es et les banderoles de Sarah&#8217;s Silks sont parfaits pour les jeux libres, les d\u00e9guisements et les jeux dramatiques dans les maisons Waldorf, les garderies et les <a href=\"https:\/\/teiaeducation.ch\/fr\/fournitures-pour-les-ecoles-waldorf-steiner\/\">\u00e9coles Steiner<\/a>.<\/p>\n<p>Tous les v\u00eatements et jouets en soie de Sarah&#8217;s Silks sont fabriqu\u00e9s \u00e0 partir de soie chinoise durable de haute qualit\u00e9. Chaque produit en soie est tiss\u00e9, color\u00e9 et ourl\u00e9 \u00e0 la main par des couturi\u00e8res travaillant de leur maison dans un petit village pr\u00e8s de Suzhou, en Chine. Ils sont ensuite peints et finis \u00e0 la main dans le Sonoma County, en Californie, aux \u00c9tats-Unis.<\/p>\n<p>Les enfants adorent les couleurs vibrantes et magnifiquement m\u00e9lang\u00e9es et la sensation douce et tactile des jouets, des <a href=\"https:\/\/teiaeducation.ch\/fr\/categorie-produit\/jouer\/jouets-en-tissu\/\">tissus<\/a> de jeu en coton et des capes. Ils sont r\u00e9alis\u00e9s \u00e0 l&#8217;aide de teintures non toxiques et \u00e9cologiques et de fibres naturelles allant de la soie v\u00e9ritable \u00e0 100 % ou coton. Ils ont pass\u00e9 des tests de s\u00e9curit\u00e9 am\u00e9ricains et europ\u00e9ens stricts et peuvent \u00eatre utilis\u00e9s par des enfants de tous \u00e2ges.<\/p>\n","protected":false},"excerpt":{"rendered":"<p>Num\u00e9ro d&#8217;article: 35395402<\/p>\n<p>Le jeu classique de ficelle en couleurs arc-en-ciel de Sarah&#8217;s Silks favorise le d\u00e9veloppement du cerveau et de la motricit\u00e9 fine !<\/p>\n","protected":false},"featured_media":39157,"comment_status":"open","ping_status":"closed","template":"","meta":[],"product_brand":[],"product_cat":[215,216,22032,16898,23635,22343,18893,22344,635,283,17241,17238,21257,22421,13130,18969,25822,13137,23021,13139,13140,13142,7595,217,5851,24313,13124,209,212,1219],"product_tag":[20517,21172,21170,21171,7639,21174,21173,21169,1241,20513,20511,20512,18425,20514,20515],"class_list":{"0":"post-39153","1":"product","2":"type-product","3":"status-publish","4":"has-post-thumbnail","6":"product_cat-3-6-ans","7":"product_cat-6-12-ans","8":"product_cat-cadeaux-du-calendrier-de-lavent-et-de-noel","9":"product_cat-collection-automne","10":"product_cat-collection-dete","11":"product_cat-collection-hiver","12":"product_cat-collection-printemps","13":"product_cat-collections-saisonnieres","14":"product_cat-competences-motrices","15":"product_cat-domaines-du-curriculum","16":"product_cat-guide-cadeaux-3-6-ans","17":"product_cat-guide-cadeaux-jouets-mous","18":"product_cat-guides-cadeaux","19":"product_cat-idees-cadeaux-pour-paques","20":"product_cat-jouer","21":"product_cat-jouets-actifs","22":"product_cat-jouets-en-soie","23":"product_cat-jouets-en-tissu","24":"product_cat-jouets-waldorf","25":"product_cat-jeu-imaginatif-faire-semblant","26":"product_cat-jeu-libre","27":"product_cat-jeu-sensoriel","28":"product_cat-methode-deducation","29":"product_cat-marques","30":"product_cat-nouveautes","31":"product_cat-saint-valentin","32":"product_cat-sarahs-silks-fr","33":"product_cat-sensorielles-motrices","34":"product_cat-tranche-dage","35":"product_cat-waldorf-fr","36":"product_tag-cape-dhabillage-waldorf","37":"product_tag-clip-de-jeu-en-bois-sarahs-silks","38":"product_tag-epee-souple-en-bleu-avec-lame-doree-sarahs-silks","39":"product_tag-epee-souple-en-rouge-avec-lame-doree-sarahs-silks","40":"product_tag-heuristique-jouant-du-waldorf","41":"product_tag-jeux-de-ficelle-arc-en-ciel-sarahs-silks","42":"product_tag-jeux-de-ficelle-sarahs-silks","43":"product_tag-jouets-mous-sarahs-silks","44":"product_tag-jouets-waldorf","45":"product_tag-sarahs-silks-playsilks-fr","46":"product_tag-sarahs-silks-suisse-fr-2","47":"product_tag-sarahs-silks-suisse-fr-3","48":"product_tag-sarahs-silks-suisse-fr","49":"product_tag-soies-waldorf","50":"product_tag-tissus-de-jeu-waldorf","52":"first","53":"instock","54":"taxable","55":"shipping-taxable","56":"purchasable","57":"product-type-simple"},"yoast_head":"<!-- This site is optimized with the Yoast SEO plugin v27.1.1 - https:\/\/yoast.com\/product\/yoast-seo-wordpress\/ -->\n<title>Jeu de ficelle arc-en-ciel - Sarah&#039;s Silks - Teia Education &amp; Play<\/title>\n<meta name=\"description\" content=\"Le jeu classique de ficelle en couleurs arc-en-ciel de Sarah&#039;s Silks favorise le d\u00e9veloppement du cerveau et de la motricit\u00e9 fine.\" \/>\n<meta name=\"robots\" content=\"index, follow, max-snippet:-1, max-image-preview:large, max-video-preview:-1\" \/>\n<link rel=\"canonical\" href=\"https:\/\/teiaeducation.ch\/fr\/produit\/jeux-de-ficelle-arc-en-ciel-sarahs-silks\/\" \/>\n<meta property=\"og:locale\" content=\"fr_FR\" \/>\n<meta property=\"og:type\" content=\"article\" \/>\n<meta property=\"og:title\" content=\"Jeu de ficelle arc-en-ciel - Sarah&#039;s Silks - Teia Education &amp; Play\" \/>\n<meta property=\"og:description\" content=\"Le jeu classique de ficelle en couleurs arc-en-ciel de Sarah&#039;s Silks favorise le d\u00e9veloppement du cerveau et de la motricit\u00e9 fine.\" \/>\n<meta property=\"og:url\" content=\"https:\/\/teiaeducation.ch\/fr\/produit\/jeux-de-ficelle-arc-en-ciel-sarahs-silks\/\" \/>\n<meta property=\"og:site_name\" content=\"Sustainable Educational Products &amp; Ecological Toys\u00a0\" \/>\n<meta property=\"article:publisher\" content=\"https:\/\/www.facebook.com\/teiaeducation\/\" \/>\n<meta property=\"article:modified_time\" content=\"2025-12-09T21:12:05+00:00\" \/>\n<meta property=\"og:image\" content=\"https:\/\/teiaeducation.ch\/wp-content\/uploads\/2021\/09\/String-Games-Sarahs-Silks1.jpg\" \/>\n\t<meta property=\"og:image:width\" content=\"1080\" \/>\n\t<meta property=\"og:image:height\" content=\"1350\" \/>\n\t<meta property=\"og:image:type\" content=\"image\/jpeg\" \/>\n<script type=\"application\/ld+json\" class=\"yoast-schema-graph\">{\"@context\":\"https:\/\/schema.org\",\"@graph\":[{\"@type\":\"WebPage\",\"@id\":\"https:\/\/teiaeducation.ch\/fr\/produit\/jeux-de-ficelle-arc-en-ciel-sarahs-silks\/\",\"url\":\"https:\/\/teiaeducation.ch\/fr\/produit\/jeux-de-ficelle-arc-en-ciel-sarahs-silks\/\",\"name\":\"Jeu de ficelle arc-en-ciel - Sarah's Silks - Teia Education & Play\",\"isPartOf\":{\"@id\":\"https:\/\/teiaeducation.ch\/fr\/#website\"},\"primaryImageOfPage\":{\"@id\":\"https:\/\/teiaeducation.ch\/fr\/produit\/jeux-de-ficelle-arc-en-ciel-sarahs-silks\/#primaryimage\"},\"image\":{\"@id\":\"https:\/\/teiaeducation.ch\/fr\/produit\/jeux-de-ficelle-arc-en-ciel-sarahs-silks\/#primaryimage\"},\"thumbnailUrl\":\"https:\/\/teiaeducation.ch\/wp-content\/uploads\/2021\/09\/String-Games-Sarahs-Silks1.jpg\",\"datePublished\":\"2023-01-17T12:16:49+00:00\",\"dateModified\":\"2025-12-09T21:12:05+00:00\",\"description\":\"Le jeu classique de ficelle en couleurs arc-en-ciel de Sarah's Silks favorise le d\u00e9veloppement du cerveau et de la motricit\u00e9 fine.\",\"breadcrumb\":{\"@id\":\"https:\/\/teiaeducation.ch\/fr\/produit\/jeux-de-ficelle-arc-en-ciel-sarahs-silks\/#breadcrumb\"},\"inLanguage\":\"fr-FR\",\"potentialAction\":[{\"@type\":\"ReadAction\",\"target\":[\"https:\/\/teiaeducation.ch\/fr\/produit\/jeux-de-ficelle-arc-en-ciel-sarahs-silks\/\"]}]},{\"@type\":\"ImageObject\",\"inLanguage\":\"fr-FR\",\"@id\":\"https:\/\/teiaeducation.ch\/fr\/produit\/jeux-de-ficelle-arc-en-ciel-sarahs-silks\/#primaryimage\",\"url\":\"https:\/\/teiaeducation.ch\/wp-content\/uploads\/2021\/09\/String-Games-Sarahs-Silks1.jpg\",\"contentUrl\":\"https:\/\/teiaeducation.ch\/wp-content\/uploads\/2021\/09\/String-Games-Sarahs-Silks1.jpg\",\"width\":1080,\"height\":1350,\"caption\":\"Jeux de ficelle arc-en-ciel - Sarah's Silks\"},{\"@type\":\"BreadcrumbList\",\"@id\":\"https:\/\/teiaeducation.ch\/fr\/produit\/jeux-de-ficelle-arc-en-ciel-sarahs-silks\/#breadcrumb\",\"itemListElement\":[{\"@type\":\"ListItem\",\"position\":1,\"name\":\"Home\",\"item\":\"https:\/\/teiaeducation.ch\/fr\/\"},{\"@type\":\"ListItem\",\"position\":2,\"name\":\"Boutique Teia Education &amp; Play\",\"item\":\"https:\/\/teiaeducation.ch\/fr\/boutique\/\"},{\"@type\":\"ListItem\",\"position\":3,\"name\":\"Domaines du Curriculum\",\"item\":\"https:\/\/teiaeducation.ch\/fr\/categorie-produit\/domaines-du-curriculum\/\"},{\"@type\":\"ListItem\",\"position\":4,\"name\":\"Sensorielles &amp; Motrices\",\"item\":\"https:\/\/teiaeducation.ch\/fr\/categorie-produit\/domaines-du-curriculum\/sensorielles-motrices\/\"},{\"@type\":\"ListItem\",\"position\":5,\"name\":\"Comp\u00e9tences Motrices\",\"item\":\"https:\/\/teiaeducation.ch\/fr\/categorie-produit\/domaines-du-curriculum\/sensorielles-motrices\/competences-motrices\/\"},{\"@type\":\"ListItem\",\"position\":6,\"name\":\"Jeu de ficelle arc-en-ciel &#8211; Sarah&#8217;s Silks\"}]},{\"@type\":\"WebSite\",\"@id\":\"https:\/\/teiaeducation.ch\/fr\/#website\",\"url\":\"https:\/\/teiaeducation.ch\/fr\/\",\"name\":\"Sustainable Educational Products &amp; Ecological Toys\u00a0\",\"description\":\"Specialised Swiss shop selling sustainable educational toys and games, AMI certified Montessori materials, handmade ecological wooden Waldorf toys and arts &amp; crafts supplies, school supplies, children&#039;s furniture and Montessori reference and parenting books.\",\"publisher\":{\"@id\":\"https:\/\/teiaeducation.ch\/fr\/#organization\"},\"alternateName\":\"Teia Education & Play\",\"potentialAction\":[{\"@type\":\"SearchAction\",\"target\":{\"@type\":\"EntryPoint\",\"urlTemplate\":\"https:\/\/teiaeducation.ch\/fr\/?s={search_term_string}\"},\"query-input\":{\"@type\":\"PropertyValueSpecification\",\"valueRequired\":true,\"valueName\":\"search_term_string\"}}],\"inLanguage\":\"fr-FR\"},{\"@type\":\"Organization\",\"@id\":\"https:\/\/teiaeducation.ch\/fr\/#organization\",\"name\":\"Teia Education & Play\",\"url\":\"https:\/\/teiaeducation.ch\/fr\/\",\"logo\":{\"@type\":\"ImageObject\",\"inLanguage\":\"fr-FR\",\"@id\":\"https:\/\/teiaeducation.ch\/fr\/#\/schema\/logo\/image\/\",\"url\":\"https:\/\/teiaeducation.ch\/wp-content\/uploads\/2020\/11\/Teia-Education-Switzerland-e1620156442216.jpg\",\"contentUrl\":\"https:\/\/teiaeducation.ch\/wp-content\/uploads\/2020\/11\/Teia-Education-Switzerland-e1620156442216.jpg\",\"width\":166,\"height\":145,\"caption\":\"Teia Education & Play\"},\"image\":{\"@id\":\"https:\/\/teiaeducation.ch\/fr\/#\/schema\/logo\/image\/\"},\"sameAs\":[\"https:\/\/www.facebook.com\/teiaeducation\/\",\"https:\/\/x.com\/EducationTeia\",\"https:\/\/www.instagram.com\/teia.education\/\",\"https:\/\/www.linkedin.com\/company\/35501660\",\"https:\/\/www.pinterest.ch\/TeiaEducation\/\"]}]}<\/script>\n<!-- \/ Yoast SEO plugin. -->","yoast_head_json":{"title":"Jeu de ficelle arc-en-ciel - Sarah's Silks - Teia Education & Play","description":"Le jeu classique de ficelle en couleurs arc-en-ciel de Sarah's Silks favorise le d\u00e9veloppement du cerveau et de la motricit\u00e9 fine.","robots":{"index":"index","follow":"follow","max-snippet":"max-snippet:-1","max-image-preview":"max-image-preview:large","max-video-preview":"max-video-preview:-1"},"canonical":"https:\/\/teiaeducation.ch\/fr\/produit\/jeux-de-ficelle-arc-en-ciel-sarahs-silks\/","og_locale":"fr_FR","og_type":"article","og_title":"Jeu de ficelle arc-en-ciel - Sarah's Silks - Teia Education & Play","og_description":"Le jeu classique de ficelle en couleurs arc-en-ciel de Sarah's Silks favorise le d\u00e9veloppement du cerveau et de la motricit\u00e9 fine.","og_url":"https:\/\/teiaeducation.ch\/fr\/produit\/jeux-de-ficelle-arc-en-ciel-sarahs-silks\/","og_site_name":"Sustainable Educational Products &amp; Ecological Toys\u00a0","article_publisher":"https:\/\/www.facebook.com\/teiaeducation\/","article_modified_time":"2025-12-09T21:12:05+00:00","og_image":[{"width":1080,"height":1350,"url":"https:\/\/teiaeducation.ch\/wp-content\/uploads\/2021\/09\/String-Games-Sarahs-Silks1.jpg","type":"image\/jpeg"}],"schema":{"@context":"https:\/\/schema.org","@graph":[{"@type":"WebPage","@id":"https:\/\/teiaeducation.ch\/fr\/produit\/jeux-de-ficelle-arc-en-ciel-sarahs-silks\/","url":"https:\/\/teiaeducation.ch\/fr\/produit\/jeux-de-ficelle-arc-en-ciel-sarahs-silks\/","name":"Jeu de ficelle arc-en-ciel - Sarah's Silks - Teia Education & Play","isPartOf":{"@id":"https:\/\/teiaeducation.ch\/fr\/#website"},"primaryImageOfPage":{"@id":"https:\/\/teiaeducation.ch\/fr\/produit\/jeux-de-ficelle-arc-en-ciel-sarahs-silks\/#primaryimage"},"image":{"@id":"https:\/\/teiaeducation.ch\/fr\/produit\/jeux-de-ficelle-arc-en-ciel-sarahs-silks\/#primaryimage"},"thumbnailUrl":"https:\/\/teiaeducation.ch\/wp-content\/uploads\/2021\/09\/String-Games-Sarahs-Silks1.jpg","datePublished":"2023-01-17T12:16:49+00:00","dateModified":"2025-12-09T21:12:05+00:00","description":"Le jeu classique de ficelle en couleurs arc-en-ciel de Sarah's Silks favorise le d\u00e9veloppement du cerveau et de la motricit\u00e9 fine.","breadcrumb":{"@id":"https:\/\/teiaeducation.ch\/fr\/produit\/jeux-de-ficelle-arc-en-ciel-sarahs-silks\/#breadcrumb"},"inLanguage":"fr-FR","potentialAction":[{"@type":"ReadAction","target":["https:\/\/teiaeducation.ch\/fr\/produit\/jeux-de-ficelle-arc-en-ciel-sarahs-silks\/"]}]},{"@type":"ImageObject","inLanguage":"fr-FR","@id":"https:\/\/teiaeducation.ch\/fr\/produit\/jeux-de-ficelle-arc-en-ciel-sarahs-silks\/#primaryimage","url":"https:\/\/teiaeducation.ch\/wp-content\/uploads\/2021\/09\/String-Games-Sarahs-Silks1.jpg","contentUrl":"https:\/\/teiaeducation.ch\/wp-content\/uploads\/2021\/09\/String-Games-Sarahs-Silks1.jpg","width":1080,"height":1350,"caption":"Jeux de ficelle arc-en-ciel - Sarah's Silks"},{"@type":"BreadcrumbList","@id":"https:\/\/teiaeducation.ch\/fr\/produit\/jeux-de-ficelle-arc-en-ciel-sarahs-silks\/#breadcrumb","itemListElement":[{"@type":"ListItem","position":1,"name":"Home","item":"https:\/\/teiaeducation.ch\/fr\/"},{"@type":"ListItem","position":2,"name":"Boutique Teia Education &amp; Play","item":"https:\/\/teiaeducation.ch\/fr\/boutique\/"},{"@type":"ListItem","position":3,"name":"Domaines du Curriculum","item":"https:\/\/teiaeducation.ch\/fr\/categorie-produit\/domaines-du-curriculum\/"},{"@type":"ListItem","position":4,"name":"Sensorielles &amp; Motrices","item":"https:\/\/teiaeducation.ch\/fr\/categorie-produit\/domaines-du-curriculum\/sensorielles-motrices\/"},{"@type":"ListItem","position":5,"name":"Comp\u00e9tences Motrices","item":"https:\/\/teiaeducation.ch\/fr\/categorie-produit\/domaines-du-curriculum\/sensorielles-motrices\/competences-motrices\/"},{"@type":"ListItem","position":6,"name":"Jeu de ficelle arc-en-ciel &#8211; Sarah&#8217;s Silks"}]},{"@type":"WebSite","@id":"https:\/\/teiaeducation.ch\/fr\/#website","url":"https:\/\/teiaeducation.ch\/fr\/","name":"Sustainable Educational Products &amp; Ecological Toys\u00a0","description":"Specialised Swiss shop selling sustainable educational toys and games, AMI certified Montessori materials, handmade ecological wooden Waldorf toys and arts &amp; crafts supplies, school supplies, children&#039;s furniture and Montessori reference and parenting books.","publisher":{"@id":"https:\/\/teiaeducation.ch\/fr\/#organization"},"alternateName":"Teia Education & Play","potentialAction":[{"@type":"SearchAction","target":{"@type":"EntryPoint","urlTemplate":"https:\/\/teiaeducation.ch\/fr\/?s={search_term_string}"},"query-input":{"@type":"PropertyValueSpecification","valueRequired":true,"valueName":"search_term_string"}}],"inLanguage":"fr-FR"},{"@type":"Organization","@id":"https:\/\/teiaeducation.ch\/fr\/#organization","name":"Teia Education & Play","url":"https:\/\/teiaeducation.ch\/fr\/","logo":{"@type":"ImageObject","inLanguage":"fr-FR","@id":"https:\/\/teiaeducation.ch\/fr\/#\/schema\/logo\/image\/","url":"https:\/\/teiaeducation.ch\/wp-content\/uploads\/2020\/11\/Teia-Education-Switzerland-e1620156442216.jpg","contentUrl":"https:\/\/teiaeducation.ch\/wp-content\/uploads\/2020\/11\/Teia-Education-Switzerland-e1620156442216.jpg","width":166,"height":145,"caption":"Teia Education & Play"},"image":{"@id":"https:\/\/teiaeducation.ch\/fr\/#\/schema\/logo\/image\/"},"sameAs":["https:\/\/www.facebook.com\/teiaeducation\/","https:\/\/x.com\/EducationTeia","https:\/\/www.instagram.com\/teia.education\/","https:\/\/www.linkedin.com\/company\/35501660","https:\/\/www.pinterest.ch\/TeiaEducation\/"]}]}},"_links":{"self":[{"href":"https:\/\/teiaeducation.ch\/fr\/wp-json\/wp\/v2\/product\/39153","targetHints":{"allow":["GET"]}}],"collection":[{"href":"https:\/\/teiaeducation.ch\/fr\/wp-json\/wp\/v2\/product"}],"about":[{"href":"https:\/\/teiaeducation.ch\/fr\/wp-json\/wp\/v2\/types\/product"}],"replies":[{"embeddable":true,"href":"https:\/\/teiaeducation.ch\/fr\/wp-json\/wp\/v2\/comments?post=39153"}],"wp:featuredmedia":[{"embeddable":true,"href":"https:\/\/teiaeducation.ch\/fr\/wp-json\/wp\/v2\/media\/39157"}],"wp:attachment":[{"href":"https:\/\/teiaeducation.ch\/fr\/wp-json\/wp\/v2\/media?parent=39153"}],"wp:term":[{"taxonomy":"product_brand","embeddable":true,"href":"https:\/\/teiaeducation.ch\/fr\/wp-json\/wp\/v2\/product_brand?post=39153"},{"taxonomy":"product_cat","embeddable":true,"href":"https:\/\/teiaeducation.ch\/fr\/wp-json\/wp\/v2\/product_cat?post=39153"},{"taxonomy":"product_tag","embeddable":true,"href":"https:\/\/teiaeducation.ch\/fr\/wp-json\/wp\/v2\/product_tag?post=39153"}],"curies":[{"name":"wp","href":"https:\/\/api.w.org\/{rel}","templated":true}]}}